{"id":2216,"date":"2023-01-08T19:04:14","date_gmt":"2023-01-08T19:04:14","guid":{"rendered":"https:\/\/gooddealersmeds.com\/fi\/?post_type=product&#038;p=2216"},"modified":"2023-03-12T23:58:37","modified_gmt":"2023-03-12T23:58:37","slug":"osta-pmk-piperonyylimetyyliketoni-oljya","status":"publish","type":"product","link":"https:\/\/gooddealersmeds.com\/fi\/product\/osta-pmk-piperonyylimetyyliketoni-oljya\/","title":{"rendered":"Osta PMK (piperonyylimetyyliketoni) \u00f6ljy\u00e4"},"content":{"rendered":"<h2>Osta PMK (piperonyylimetyyliketoni) -\u00f6ljy\u00e4 verkosta<\/h2>\n<p>Osta PMK-\u00f6ljy\u00e4 verkosta (<a href=\"https:\/\/gooddealersmeds.com\/fi\/product\/osta-pmk-piperonyylimetyyliketoni-oljya\/\">piperonyylimetyyliketoni<\/a>). 3,4-metyleenidioksifenyylipropan-2-oni tai piperonyylimetyyliketoni (MDP2P tai PMK) on kemiallinen yhdiste, joka koostuu fenyyliasetoniosasta, joka on substituoitu metyleenidioksifunktionaalisella ryhm\u00e4ll\u00e4. Se syntetisoidaan yleens\u00e4 joko safrolista (toisin kuin 3-[3,4-(metyleenidioksi)fenyyli]-2-propeenista) tai isosafroli-isomeerist\u00e4 hapettamalla Wacker-hapetusmenetelm\u00e4ll\u00e4 tai peroksihappohapetuksella. MDP2P on ep\u00e4vakaa huoneenl\u00e4mm\u00f6ss\u00e4, ja se tulee laittaa pakastimeen oikeaa s\u00e4ilytyst\u00e4 varten, Osta PMK-\u00f6ljy\u00e4 verkosta<\/p>\n<p>MDP2P on prekursori metyleenidioksifenetyyliamiinin (MDxx) luokan yhdisteiden kemiallisessa synteesiss\u00e4, josta klassinen esimerkki on 3,4-metyleenidioksi-N-metyyliamfetamiini (MDMA), ja se on my\u00f6s v\u00e4lituote MDxx-perheen ja kaukaisemman v\u00e4lill\u00e4. esiaste, safroli tai isosafroli. Koska se on luokiteltu kemikaaliluokkiin <a href=\"https:\/\/en.wikipedia.org\/wiki\/3,4-Methylenedioxyphenylpropan-2-one\">MDxx<\/a>, MDP2P sek\u00e4 safroliin ja isosafroliin, se on listattu I kemikaalien luetteloon Yhdysvaltain l\u00e4\u00e4keviraston (USA) valvottujen aineiden lain (USAA) mukaisesti, joka ohjaa kemikaaleja ja Chemicals Act -lakia. Ihmiskauppa (CDTA). Sit\u00e4 pidet\u00e4\u00e4n my\u00f6s luokan 1 l\u00e4ht\u00f6aineena Euroopan unionissa, Osta PMK-\u00f6ljy\u00e4 verkosta<\/p>\n<p>&nbsp;<\/p>\n<p>3,4-metyleenidioksifenyylipropan-2-oni<br \/>\nPMK<br \/>\nMDP2P<br \/>\nNSC 16688<br \/>\nPVI-2<\/p>\n<h3>Mist\u00e4 voit tilata PMK:ta?<\/h3>\n<p>Osta PMK-\u00f6ljy\u00e4 &#8211; Oletko juuri her\u00e4nnyt ehk\u00e4 y\u00f6ll\u00e4 ja mielesi on kiehtonut yksi hyv\u00e4 ajatus: &#8220;Voinko tehd\u00e4 oman mollyn\/ecstasyn? No, voit, mutta se on vaikeaa kuin luulet. Tarvitset tiettyj\u00e4 esiasteita, kuten PMK, tehd\u00e4ksesi sen Tai ehk\u00e4 et halua, ett\u00e4 PMK tekee MDMA:ta? Haluat sen tutkimustarkoituksiin tai vastaaviin. Mist\u00e4 sen voi ostaa? Tai mist\u00e4 saat PMK:n?<\/p>\n<p>Tarjoamme Piperonyl Methyl Ketone (PMK) -\u00f6ljy\u00e4 ja -jauhetta, joka on erinomainen laatu ja 98 % puhtaus. Koska yrityksemme on k\u00e4ynyt kauppaa t\u00e4ll\u00e4 \u00f6ljyll\u00e4 viimeiset kymmenen vuotta ja meill\u00e4 on paljon tietoa, takaamme kaikille asiakkaillemme korkealaatuisimmat tuotteet, nopean toimituksen, turvallisuuden ja harkinnan, Osta PMK-\u00f6ljy\u00e4 verkosta<\/p>\n<p>Ota meihin yhteytt\u00e4 saadaksesi lis\u00e4tietoja tuotteen teknisist\u00e4 tiedoista, pakkauksesta ja toimitusvaihtoehdoista. Hintamme ovat yht\u00e4 kohtuulliset.<\/p>\n","protected":false},"excerpt":{"rendered":"<p>Osta PMK-\u00f6ljy\u00e4 verkosta, olemme luotettava ja luotettava PMK (piperonyylimetyyliketoni) -\u00f6ljyn toimittaja, nopealla toimituksella 100 % taattu &amp; amp; luotettu.<\/p>\n","protected":false},"featured_media":2246,"comment_status":"open","ping_status":"closed","template":"","meta":{"inline_featured_image":false},"product_brand":[],"product_cat":[344],"product_tag":[],"class_list":{"0":"post-2216","1":"product","2":"type-product","3":"status-publish","4":"has-post-thumbnail","6":"product_cat-tutkimuskemikaalit","8":"first","9":"instock","10":"shipping-taxable","11":"purchasable","12":"product-type-variable","13":"has-default-attributes"},"yoast_head":"<!-- This site is optimized with the Yoast SEO Premium plugin v20.6 (Yoast SEO v27.3) - https:\/\/yoast.com\/product\/yoast-seo-premium-wordpress\/ -->\n<title>Osta PMK-\u00f6ljy\u00e4 verkosta | Tilaa PMK (Piperonyl Methyl Ketone) \u00d6ljy<\/title>\n<meta name=\"description\" content=\"Osta PMK-\u00f6ljy\u00e4 verkosta, olemme luotettava ja luotettava PMK (piperonyylimetyyliketoni) -\u00f6ljyn toimittaja, nopealla toimituksella 100 % taattu ja luotettava.\" \/>\n<meta name=\"robots\" content=\"index, follow, max-snippet:-1, max-image-preview:large, max-video-preview:-1\" \/>\n<link rel=\"canonical\" href=\"https:\/\/gooddealersmeds.com\/fi\/product\/osta-pmk-piperonyylimetyyliketoni-oljya\/\" \/>\n<meta property=\"og:locale\" content=\"en_US\" \/>\n<meta property=\"og:type\" content=\"article\" \/>\n<meta property=\"og:title\" content=\"Osta PMK (piperonyylimetyyliketoni) \u00f6ljy\u00e4\" \/>\n<meta property=\"og:description\" content=\"Osta PMK-\u00f6ljy\u00e4 verkosta, olemme luotettava ja luotettava PMK (piperonyylimetyyliketoni) -\u00f6ljyn toimittaja, nopealla toimituksella 100 % taattu ja luotettava.\" \/>\n<meta property=\"og:url\" content=\"https:\/\/gooddealersmeds.com\/fi\/product\/osta-pmk-piperonyylimetyyliketoni-oljya\/\" \/>\n<meta property=\"og:site_name\" content=\"Good Dealers Meds\" \/>\n<meta property=\"article:modified_time\" content=\"2023-03-12T23:58:37+00:00\" \/>\n<meta property=\"og:image\" content=\"https:\/\/gooddealersmeds.com\/fi\/wp-content\/uploads\/sites\/6\/2023\/01\/PMK-Piperonyl-Methyl-Ketone-Oil-1.jpg\" \/>\n\t<meta property=\"og:image:width\" content=\"600\" \/>\n\t<meta property=\"og:image:height\" content=\"600\" \/>\n\t<meta property=\"og:image:type\" content=\"image\/jpeg\" \/>\n<meta name=\"twitter:card\" content=\"summary_large_image\" \/>\n<meta name=\"twitter:label1\" content=\"Est. reading time\" \/>\n\t<meta name=\"twitter:data1\" content=\"1 minute\" \/>\n<script type=\"application\/ld+json\" class=\"yoast-schema-graph\">{\"@context\":\"https:\\\/\\\/schema.org\",\"@graph\":[{\"@type\":\"WebPage\",\"@id\":\"https:\\\/\\\/gooddealersmeds.com\\\/fi\\\/product\\\/osta-pmk-piperonyylimetyyliketoni-oljya\\\/\",\"url\":\"https:\\\/\\\/gooddealersmeds.com\\\/fi\\\/product\\\/osta-pmk-piperonyylimetyyliketoni-oljya\\\/\",\"name\":\"Osta PMK-\u00f6ljy\u00e4 verkosta | Tilaa PMK (Piperonyl Methyl Ketone) \u00d6ljy\",\"isPartOf\":{\"@id\":\"https:\\\/\\\/gooddealersmeds.com\\\/fi\\\/#website\"},\"primaryImageOfPage\":{\"@id\":\"https:\\\/\\\/gooddealersmeds.com\\\/fi\\\/product\\\/osta-pmk-piperonyylimetyyliketoni-oljya\\\/#primaryimage\"},\"image\":{\"@id\":\"https:\\\/\\\/gooddealersmeds.com\\\/fi\\\/product\\\/osta-pmk-piperonyylimetyyliketoni-oljya\\\/#primaryimage\"},\"thumbnailUrl\":\"https:\\\/\\\/gooddealersmeds.com\\\/fi\\\/wp-content\\\/uploads\\\/sites\\\/6\\\/2023\\\/01\\\/PMK-Piperonyl-Methyl-Ketone-Oil-1.jpg\",\"datePublished\":\"2023-01-08T19:04:14+00:00\",\"dateModified\":\"2023-03-12T23:58:37+00:00\",\"description\":\"Osta PMK-\u00f6ljy\u00e4 verkosta, olemme luotettava ja luotettava PMK (piperonyylimetyyliketoni) -\u00f6ljyn toimittaja, nopealla toimituksella 100 % taattu ja luotettava.\",\"breadcrumb\":{\"@id\":\"https:\\\/\\\/gooddealersmeds.com\\\/fi\\\/product\\\/osta-pmk-piperonyylimetyyliketoni-oljya\\\/#breadcrumb\"},\"inLanguage\":\"en-US\",\"potentialAction\":[{\"@type\":\"ReadAction\",\"target\":[\"https:\\\/\\\/gooddealersmeds.com\\\/fi\\\/product\\\/osta-pmk-piperonyylimetyyliketoni-oljya\\\/\"]}]},{\"@type\":\"ImageObject\",\"inLanguage\":\"en-US\",\"@id\":\"https:\\\/\\\/gooddealersmeds.com\\\/fi\\\/product\\\/osta-pmk-piperonyylimetyyliketoni-oljya\\\/#primaryimage\",\"url\":\"https:\\\/\\\/gooddealersmeds.com\\\/fi\\\/wp-content\\\/uploads\\\/sites\\\/6\\\/2023\\\/01\\\/PMK-Piperonyl-Methyl-Ketone-Oil-1.jpg\",\"contentUrl\":\"https:\\\/\\\/gooddealersmeds.com\\\/fi\\\/wp-content\\\/uploads\\\/sites\\\/6\\\/2023\\\/01\\\/PMK-Piperonyl-Methyl-Ketone-Oil-1.jpg\",\"width\":600,\"height\":600},{\"@type\":\"BreadcrumbList\",\"@id\":\"https:\\\/\\\/gooddealersmeds.com\\\/fi\\\/product\\\/osta-pmk-piperonyylimetyyliketoni-oljya\\\/#breadcrumb\",\"itemListElement\":[{\"@type\":\"ListItem\",\"position\":1,\"name\":\"Home\",\"item\":\"https:\\\/\\\/gooddealersmeds.com\\\/fi\\\/\"},{\"@type\":\"ListItem\",\"position\":2,\"name\":\"Tuotteet\",\"item\":\"https:\\\/\\\/gooddealersmeds.com\\\/fi\\\/tuotteet\\\/\"},{\"@type\":\"ListItem\",\"position\":3,\"name\":\"Osta PMK (piperonyylimetyyliketoni) \u00f6ljy\u00e4\"}]},{\"@type\":\"WebSite\",\"@id\":\"https:\\\/\\\/gooddealersmeds.com\\\/fi\\\/#website\",\"url\":\"https:\\\/\\\/gooddealersmeds.com\\\/fi\\\/\",\"name\":\"Good Dealers Meds\",\"description\":\"All our best\",\"publisher\":{\"@id\":\"https:\\\/\\\/gooddealersmeds.com\\\/fi\\\/#organization\"},\"potentialAction\":[{\"@type\":\"SearchAction\",\"target\":{\"@type\":\"EntryPoint\",\"urlTemplate\":\"https:\\\/\\\/gooddealersmeds.com\\\/fi\\\/?s={search_term_string}\"},\"query-input\":{\"@type\":\"PropertyValueSpecification\",\"valueRequired\":true,\"valueName\":\"search_term_string\"}}],\"inLanguage\":\"en-US\"},{\"@type\":\"Organization\",\"@id\":\"https:\\\/\\\/gooddealersmeds.com\\\/fi\\\/#organization\",\"name\":\"Good Dealers Meds\",\"url\":\"https:\\\/\\\/gooddealersmeds.com\\\/fi\\\/\",\"logo\":{\"@type\":\"ImageObject\",\"inLanguage\":\"en-US\",\"@id\":\"https:\\\/\\\/gooddealersmeds.com\\\/fi\\\/#\\\/schema\\\/logo\\\/image\\\/\",\"url\":\"https:\\\/\\\/gooddealersmeds.com\\\/fi\\\/wp-content\\\/uploads\\\/sites\\\/6\\\/2022\\\/03\\\/gooddealersmeds__logo__20220317T222800Z.00.png\",\"contentUrl\":\"https:\\\/\\\/gooddealersmeds.com\\\/fi\\\/wp-content\\\/uploads\\\/sites\\\/6\\\/2022\\\/03\\\/gooddealersmeds__logo__20220317T222800Z.00.png\",\"width\":500,\"height\":325,\"caption\":\"Good Dealers Meds\"},\"image\":{\"@id\":\"https:\\\/\\\/gooddealersmeds.com\\\/fi\\\/#\\\/schema\\\/logo\\\/image\\\/\"}}]}<\/script>\n<!-- \/ Yoast SEO Premium plugin. -->","yoast_head_json":{"title":"Osta PMK-\u00f6ljy\u00e4 verkosta | Tilaa PMK (Piperonyl Methyl Ketone) \u00d6ljy","description":"Osta PMK-\u00f6ljy\u00e4 verkosta, olemme luotettava ja luotettava PMK (piperonyylimetyyliketoni) -\u00f6ljyn toimittaja, nopealla toimituksella 100 % taattu ja luotettava.","robots":{"index":"index","follow":"follow","max-snippet":"max-snippet:-1","max-image-preview":"max-image-preview:large","max-video-preview":"max-video-preview:-1"},"canonical":"https:\/\/gooddealersmeds.com\/fi\/product\/osta-pmk-piperonyylimetyyliketoni-oljya\/","og_locale":"en_US","og_type":"article","og_title":"Osta PMK (piperonyylimetyyliketoni) \u00f6ljy\u00e4","og_description":"Osta PMK-\u00f6ljy\u00e4 verkosta, olemme luotettava ja luotettava PMK (piperonyylimetyyliketoni) -\u00f6ljyn toimittaja, nopealla toimituksella 100 % taattu ja luotettava.","og_url":"https:\/\/gooddealersmeds.com\/fi\/product\/osta-pmk-piperonyylimetyyliketoni-oljya\/","og_site_name":"Good Dealers Meds","article_modified_time":"2023-03-12T23:58:37+00:00","og_image":[{"width":600,"height":600,"url":"https:\/\/gooddealersmeds.com\/fi\/wp-content\/uploads\/sites\/6\/2023\/01\/PMK-Piperonyl-Methyl-Ketone-Oil-1.jpg","type":"image\/jpeg"}],"twitter_card":"summary_large_image","twitter_misc":{"Est. reading time":"1 minute"},"schema":{"@context":"https:\/\/schema.org","@graph":[{"@type":"WebPage","@id":"https:\/\/gooddealersmeds.com\/fi\/product\/osta-pmk-piperonyylimetyyliketoni-oljya\/","url":"https:\/\/gooddealersmeds.com\/fi\/product\/osta-pmk-piperonyylimetyyliketoni-oljya\/","name":"Osta PMK-\u00f6ljy\u00e4 verkosta | Tilaa PMK (Piperonyl Methyl Ketone) \u00d6ljy","isPartOf":{"@id":"https:\/\/gooddealersmeds.com\/fi\/#website"},"primaryImageOfPage":{"@id":"https:\/\/gooddealersmeds.com\/fi\/product\/osta-pmk-piperonyylimetyyliketoni-oljya\/#primaryimage"},"image":{"@id":"https:\/\/gooddealersmeds.com\/fi\/product\/osta-pmk-piperonyylimetyyliketoni-oljya\/#primaryimage"},"thumbnailUrl":"https:\/\/gooddealersmeds.com\/fi\/wp-content\/uploads\/sites\/6\/2023\/01\/PMK-Piperonyl-Methyl-Ketone-Oil-1.jpg","datePublished":"2023-01-08T19:04:14+00:00","dateModified":"2023-03-12T23:58:37+00:00","description":"Osta PMK-\u00f6ljy\u00e4 verkosta, olemme luotettava ja luotettava PMK (piperonyylimetyyliketoni) -\u00f6ljyn toimittaja, nopealla toimituksella 100 % taattu ja luotettava.","breadcrumb":{"@id":"https:\/\/gooddealersmeds.com\/fi\/product\/osta-pmk-piperonyylimetyyliketoni-oljya\/#breadcrumb"},"inLanguage":"en-US","potentialAction":[{"@type":"ReadAction","target":["https:\/\/gooddealersmeds.com\/fi\/product\/osta-pmk-piperonyylimetyyliketoni-oljya\/"]}]},{"@type":"ImageObject","inLanguage":"en-US","@id":"https:\/\/gooddealersmeds.com\/fi\/product\/osta-pmk-piperonyylimetyyliketoni-oljya\/#primaryimage","url":"https:\/\/gooddealersmeds.com\/fi\/wp-content\/uploads\/sites\/6\/2023\/01\/PMK-Piperonyl-Methyl-Ketone-Oil-1.jpg","contentUrl":"https:\/\/gooddealersmeds.com\/fi\/wp-content\/uploads\/sites\/6\/2023\/01\/PMK-Piperonyl-Methyl-Ketone-Oil-1.jpg","width":600,"height":600},{"@type":"BreadcrumbList","@id":"https:\/\/gooddealersmeds.com\/fi\/product\/osta-pmk-piperonyylimetyyliketoni-oljya\/#breadcrumb","itemListElement":[{"@type":"ListItem","position":1,"name":"Home","item":"https:\/\/gooddealersmeds.com\/fi\/"},{"@type":"ListItem","position":2,"name":"Tuotteet","item":"https:\/\/gooddealersmeds.com\/fi\/tuotteet\/"},{"@type":"ListItem","position":3,"name":"Osta PMK (piperonyylimetyyliketoni) \u00f6ljy\u00e4"}]},{"@type":"WebSite","@id":"https:\/\/gooddealersmeds.com\/fi\/#website","url":"https:\/\/gooddealersmeds.com\/fi\/","name":"Good Dealers Meds","description":"All our best","publisher":{"@id":"https:\/\/gooddealersmeds.com\/fi\/#organization"},"potentialAction":[{"@type":"SearchAction","target":{"@type":"EntryPoint","urlTemplate":"https:\/\/gooddealersmeds.com\/fi\/?s={search_term_string}"},"query-input":{"@type":"PropertyValueSpecification","valueRequired":true,"valueName":"search_term_string"}}],"inLanguage":"en-US"},{"@type":"Organization","@id":"https:\/\/gooddealersmeds.com\/fi\/#organization","name":"Good Dealers Meds","url":"https:\/\/gooddealersmeds.com\/fi\/","logo":{"@type":"ImageObject","inLanguage":"en-US","@id":"https:\/\/gooddealersmeds.com\/fi\/#\/schema\/logo\/image\/","url":"https:\/\/gooddealersmeds.com\/fi\/wp-content\/uploads\/sites\/6\/2022\/03\/gooddealersmeds__logo__20220317T222800Z.00.png","contentUrl":"https:\/\/gooddealersmeds.com\/fi\/wp-content\/uploads\/sites\/6\/2022\/03\/gooddealersmeds__logo__20220317T222800Z.00.png","width":500,"height":325,"caption":"Good Dealers Meds"},"image":{"@id":"https:\/\/gooddealersmeds.com\/fi\/#\/schema\/logo\/image\/"}}]}},"_links":{"self":[{"href":"https:\/\/gooddealersmeds.com\/fi\/wp-json\/wp\/v2\/product\/2216","targetHints":{"allow":["GET"]}}],"collection":[{"href":"https:\/\/gooddealersmeds.com\/fi\/wp-json\/wp\/v2\/product"}],"about":[{"href":"https:\/\/gooddealersmeds.com\/fi\/wp-json\/wp\/v2\/types\/product"}],"replies":[{"embeddable":true,"href":"https:\/\/gooddealersmeds.com\/fi\/wp-json\/wp\/v2\/comments?post=2216"}],"wp:featuredmedia":[{"embeddable":true,"href":"https:\/\/gooddealersmeds.com\/fi\/wp-json\/wp\/v2\/media\/2246"}],"wp:attachment":[{"href":"https:\/\/gooddealersmeds.com\/fi\/wp-json\/wp\/v2\/media?parent=2216"}],"wp:term":[{"taxonomy":"product_brand","embeddable":true,"href":"https:\/\/gooddealersmeds.com\/fi\/wp-json\/wp\/v2\/product_brand?post=2216"},{"taxonomy":"product_cat","embeddable":true,"href":"https:\/\/gooddealersmeds.com\/fi\/wp-json\/wp\/v2\/product_cat?post=2216"},{"taxonomy":"product_tag","embeddable":true,"href":"https:\/\/gooddealersmeds.com\/fi\/wp-json\/wp\/v2\/product_tag?post=2216"}],"curies":[{"name":"wp","href":"https:\/\/api.w.org\/{rel}","templated":true}]}}