{"id":2215,"date":"2023-01-08T19:04:14","date_gmt":"2023-01-08T19:04:14","guid":{"rendered":"https:\/\/gooddealersmeds.com\/fi\/?post_type=product&#038;p=2215"},"modified":"2023-03-12T23:52:26","modified_gmt":"2023-03-12T23:52:26","slug":"osta-jwh-250-verkosta","status":"publish","type":"product","link":"https:\/\/gooddealersmeds.com\/fi\/product\/osta-jwh-250-verkosta\/","title":{"rendered":"Osta JWH-250 verkosta"},"content":{"rendered":"<h2>Osta JWH-250 verkosta<\/h2>\n<p><a href=\"https:\/\/gooddealersmeds.com\/fi\/product\/osta-jwh-250-verkosta\/\">JWH-250<\/a> on indolikannabimimeetti, jolla on korkea affiniteetti keskus- ja perifeerisiin kannabinoidireseptoreihin. Osta JWH-250 verkosta on tunnistettu useiden eri &#8220;yrtti-suitsukkeiden&#8221; komponentiksi, joita myyd\u00e4\u00e4n usein &#8220;ei-inhimillisin\u00e4&#8221;. JWH-250 kuuluu synteettisten kannabinoidireseptoriagonistien (SCRA) l\u00e4\u00e4kkeiden luokkaan ja sill\u00e4 on samanlaisia vaikutuksia kuin THC:ll\u00e4. JWH-250:n m\u00e4\u00e4r\u00e4 pakkauksessa voi vaihdella merkitt\u00e4v\u00e4sti, mik\u00e4 lis\u00e4\u00e4 yliannostuksen mahdollisuutta, koska kuluttajat eiv\u00e4t ole t\u00e4ysin tietoisia t\u00e4m\u00e4n yrttituotteen sis\u00e4ll\u00f6st\u00e4. Raportoituja yliannostusvaikutuksia ovat takykardia, kohonnut verenpaine, kiihtyneisyys, hallusinaatiot, liev\u00e4 verensokerin nousu, hypokalemia ja oksentelu. JWH-250.<\/p>\n<p>&nbsp;<\/p>\n<p>Osta JWH-250 verkosta. JWH-250\u00a0on synteettinen kannabinoidireseptoriagonisti, jota on havaittu tuotteissa 2000-luvun lopulta l\u00e4htien. Sen loi tohtori John W. Huffman, ja Huffman et al. julkaisivat raportin siit\u00e4 vuonna 2005. Osta JWH-250 verkosta<\/p>\n<p>&nbsp;<\/p>\n<p>L\u00e4\u00e4ke on fenyyliasetyyli-indoli ja se toimii agonistina CB1- ja CB2-reseptoreissa. Sen affiniteetti on ~11 nM CB1:ss\u00e4 ja ~33 nM CB2:ssa.<\/p>\n<p>Muutama vuosi sen j\u00e4lkeen, kun se mainittiin ensimm\u00e4isen kerran kirjallisuudessa, JWH-250 ilmestyi markkinoille.<\/p>\n<p>Sit\u00e4 on havaittu my\u00f6s jauheista ja sekoituksista, joita myyd\u00e4\u00e4n Internetin kautta Japanin tutkijoille. N\u00e4m\u00e4 n\u00e4ytteet sis\u00e4lsiv\u00e4t 77-165 mg tuotetta kohden.<\/p>\n<p>Sen myyntitavasta johtuen ihmiset ovat todenn\u00e4k\u00f6isesti kohdanneet JWH-250:n tiet\u00e4m\u00e4tt\u00e4\u00e4n.<\/p>\n<p>Moolimassa:\u00a0335,439\u00a0g\/mol<\/p>\n<p>ChEMBL-tunnus:\u00a0188031<\/p>\n<p>ChemSpider ID:\u00a023256117<\/p>\n<p>PubChem CID: 44397540<\/p>\n<p>Kaava:\u00a0C22H25NO2<\/p>\n<p>&nbsp;<\/p>\n<p>osta legit JWH-250 myyt\u00e4v\u00e4n\u00e4 verkkosivu, kuinka ostaa halvalla JWH-250 maailmanlaajuisesti toimitettuna, JWH-250 l\u00e4\u00e4kkeit\u00e4 myyt\u00e4v\u00e4n\u00e4, JWH-250 kylpysuoloja myyt\u00e4v\u00e4n\u00e4, JWH-250 myyt\u00e4v\u00e4n\u00e4, JWH-250 kasviruokaa myyt\u00e4v\u00e4n\u00e4, laadukasta JWH -250 myyt\u00e4v\u00e4n\u00e4, JWH-250 ostaa verkkosivustoja, mist\u00e4 ostaa JWH-250, tilata JWH-250, JWH-250 ale, mist\u00e4 voin ostaa JWH-250, JWH-250 mist\u00e4 ostaa, paras paikka ostaa JWH-250 ,mJWH-250 toimittajat<\/p>\n","protected":false},"excerpt":{"rendered":"<p>JWH-250 on indolikannabimimeetti, jolla on korkea affiniteetti keskus- ja perifeerisiin kannabinoidireseptoreihin. Osta JWH-250 verkosta on tunnistettu useiden eri &#8220;yrtti-suitsukkeiden&#8221; komponentiksi, joita myyd\u00e4\u00e4n usein &#8220;ei-inhimillisin\u00e4&#8221;.<\/p>\n","protected":false},"featured_media":2245,"comment_status":"open","ping_status":"closed","template":"","meta":{"inline_featured_image":false},"product_brand":[],"product_cat":[344],"product_tag":[],"class_list":{"0":"post-2215","1":"product","2":"type-product","3":"status-publish","4":"has-post-thumbnail","6":"product_cat-tutkimuskemikaalit","8":"first","9":"instock","10":"shipping-taxable","11":"purchasable","12":"product-type-variable","13":"has-default-attributes"},"yoast_head":"<!-- This site is optimized with the Yoast SEO Premium plugin v20.6 (Yoast SEO v27.4) - https:\/\/yoast.com\/product\/yoast-seo-premium-wordpress\/ -->\n<title>Osta JWH-250 verkosta | Tilaa JWH-250 | Myyd\u00e4\u00e4n JWH-250<\/title>\n<meta name=\"description\" content=\"Osta JWH-250 verkosta edulliseen hintaan, olemme luotettava JWH-250:n toimittaja, nopealla toimituksella 100 % taattu ja luotettava.\" \/>\n<meta name=\"robots\" content=\"index, follow, max-snippet:-1, max-image-preview:large, max-video-preview:-1\" \/>\n<link rel=\"canonical\" href=\"https:\/\/gooddealersmeds.com\/fi\/product\/osta-jwh-250-verkosta\/\" \/>\n<meta property=\"og:locale\" content=\"en_US\" \/>\n<meta property=\"og:type\" content=\"article\" \/>\n<meta property=\"og:title\" content=\"Osta JWH-250 verkosta\" \/>\n<meta property=\"og:description\" content=\"Osta JWH-250 verkosta edulliseen hintaan, olemme luotettava JWH-250:n toimittaja, nopealla toimituksella 100 % taattu ja luotettava.\" \/>\n<meta property=\"og:url\" content=\"https:\/\/gooddealersmeds.com\/fi\/product\/osta-jwh-250-verkosta\/\" \/>\n<meta property=\"og:site_name\" content=\"Good Dealers Meds\" \/>\n<meta property=\"article:modified_time\" content=\"2023-03-12T23:52:26+00:00\" \/>\n<meta property=\"og:image\" content=\"https:\/\/gooddealersmeds.com\/fi\/wp-content\/uploads\/sites\/6\/2023\/01\/jhw.png\" \/>\n\t<meta property=\"og:image:width\" content=\"267\" \/>\n\t<meta property=\"og:image:height\" content=\"189\" \/>\n\t<meta property=\"og:image:type\" content=\"image\/png\" \/>\n<meta name=\"twitter:card\" content=\"summary_large_image\" \/>\n<meta name=\"twitter:label1\" content=\"Est. reading time\" \/>\n\t<meta name=\"twitter:data1\" content=\"1 minute\" \/>\n<script type=\"application\/ld+json\" class=\"yoast-schema-graph\">{\"@context\":\"https:\\\/\\\/schema.org\",\"@graph\":[{\"@type\":\"WebPage\",\"@id\":\"https:\\\/\\\/gooddealersmeds.com\\\/fi\\\/product\\\/osta-jwh-250-verkosta\\\/\",\"url\":\"https:\\\/\\\/gooddealersmeds.com\\\/fi\\\/product\\\/osta-jwh-250-verkosta\\\/\",\"name\":\"Osta JWH-250 verkosta | Tilaa JWH-250 | Myyd\u00e4\u00e4n JWH-250\",\"isPartOf\":{\"@id\":\"https:\\\/\\\/gooddealersmeds.com\\\/fi\\\/#website\"},\"primaryImageOfPage\":{\"@id\":\"https:\\\/\\\/gooddealersmeds.com\\\/fi\\\/product\\\/osta-jwh-250-verkosta\\\/#primaryimage\"},\"image\":{\"@id\":\"https:\\\/\\\/gooddealersmeds.com\\\/fi\\\/product\\\/osta-jwh-250-verkosta\\\/#primaryimage\"},\"thumbnailUrl\":\"https:\\\/\\\/gooddealersmeds.com\\\/fi\\\/wp-content\\\/uploads\\\/sites\\\/6\\\/2023\\\/01\\\/jhw.png\",\"datePublished\":\"2023-01-08T19:04:14+00:00\",\"dateModified\":\"2023-03-12T23:52:26+00:00\",\"description\":\"Osta JWH-250 verkosta edulliseen hintaan, olemme luotettava JWH-250:n toimittaja, nopealla toimituksella 100 % taattu ja luotettava.\",\"breadcrumb\":{\"@id\":\"https:\\\/\\\/gooddealersmeds.com\\\/fi\\\/product\\\/osta-jwh-250-verkosta\\\/#breadcrumb\"},\"inLanguage\":\"en-US\",\"potentialAction\":[{\"@type\":\"ReadAction\",\"target\":[\"https:\\\/\\\/gooddealersmeds.com\\\/fi\\\/product\\\/osta-jwh-250-verkosta\\\/\"]}]},{\"@type\":\"ImageObject\",\"inLanguage\":\"en-US\",\"@id\":\"https:\\\/\\\/gooddealersmeds.com\\\/fi\\\/product\\\/osta-jwh-250-verkosta\\\/#primaryimage\",\"url\":\"https:\\\/\\\/gooddealersmeds.com\\\/fi\\\/wp-content\\\/uploads\\\/sites\\\/6\\\/2023\\\/01\\\/jhw.png\",\"contentUrl\":\"https:\\\/\\\/gooddealersmeds.com\\\/fi\\\/wp-content\\\/uploads\\\/sites\\\/6\\\/2023\\\/01\\\/jhw.png\",\"width\":267,\"height\":189},{\"@type\":\"BreadcrumbList\",\"@id\":\"https:\\\/\\\/gooddealersmeds.com\\\/fi\\\/product\\\/osta-jwh-250-verkosta\\\/#breadcrumb\",\"itemListElement\":[{\"@type\":\"ListItem\",\"position\":1,\"name\":\"Home\",\"item\":\"https:\\\/\\\/gooddealersmeds.com\\\/fi\\\/\"},{\"@type\":\"ListItem\",\"position\":2,\"name\":\"Tuotteet\",\"item\":\"https:\\\/\\\/gooddealersmeds.com\\\/fi\\\/tuotteet\\\/\"},{\"@type\":\"ListItem\",\"position\":3,\"name\":\"Osta JWH-250 verkosta\"}]},{\"@type\":\"WebSite\",\"@id\":\"https:\\\/\\\/gooddealersmeds.com\\\/fi\\\/#website\",\"url\":\"https:\\\/\\\/gooddealersmeds.com\\\/fi\\\/\",\"name\":\"Good Dealers Meds\",\"description\":\"All our best\",\"publisher\":{\"@id\":\"https:\\\/\\\/gooddealersmeds.com\\\/fi\\\/#organization\"},\"potentialAction\":[{\"@type\":\"SearchAction\",\"target\":{\"@type\":\"EntryPoint\",\"urlTemplate\":\"https:\\\/\\\/gooddealersmeds.com\\\/fi\\\/?s={search_term_string}\"},\"query-input\":{\"@type\":\"PropertyValueSpecification\",\"valueRequired\":true,\"valueName\":\"search_term_string\"}}],\"inLanguage\":\"en-US\"},{\"@type\":\"Organization\",\"@id\":\"https:\\\/\\\/gooddealersmeds.com\\\/fi\\\/#organization\",\"name\":\"Good Dealers Meds\",\"url\":\"https:\\\/\\\/gooddealersmeds.com\\\/fi\\\/\",\"logo\":{\"@type\":\"ImageObject\",\"inLanguage\":\"en-US\",\"@id\":\"https:\\\/\\\/gooddealersmeds.com\\\/fi\\\/#\\\/schema\\\/logo\\\/image\\\/\",\"url\":\"https:\\\/\\\/gooddealersmeds.com\\\/fi\\\/wp-content\\\/uploads\\\/sites\\\/6\\\/2022\\\/03\\\/gooddealersmeds__logo__20220317T222800Z.00.png\",\"contentUrl\":\"https:\\\/\\\/gooddealersmeds.com\\\/fi\\\/wp-content\\\/uploads\\\/sites\\\/6\\\/2022\\\/03\\\/gooddealersmeds__logo__20220317T222800Z.00.png\",\"width\":500,\"height\":325,\"caption\":\"Good Dealers Meds\"},\"image\":{\"@id\":\"https:\\\/\\\/gooddealersmeds.com\\\/fi\\\/#\\\/schema\\\/logo\\\/image\\\/\"}}]}<\/script>\n<!-- \/ Yoast SEO Premium plugin. -->","yoast_head_json":{"title":"Osta JWH-250 verkosta | Tilaa JWH-250 | Myyd\u00e4\u00e4n JWH-250","description":"Osta JWH-250 verkosta edulliseen hintaan, olemme luotettava JWH-250:n toimittaja, nopealla toimituksella 100 % taattu ja luotettava.","robots":{"index":"index","follow":"follow","max-snippet":"max-snippet:-1","max-image-preview":"max-image-preview:large","max-video-preview":"max-video-preview:-1"},"canonical":"https:\/\/gooddealersmeds.com\/fi\/product\/osta-jwh-250-verkosta\/","og_locale":"en_US","og_type":"article","og_title":"Osta JWH-250 verkosta","og_description":"Osta JWH-250 verkosta edulliseen hintaan, olemme luotettava JWH-250:n toimittaja, nopealla toimituksella 100 % taattu ja luotettava.","og_url":"https:\/\/gooddealersmeds.com\/fi\/product\/osta-jwh-250-verkosta\/","og_site_name":"Good Dealers Meds","article_modified_time":"2023-03-12T23:52:26+00:00","og_image":[{"width":267,"height":189,"url":"https:\/\/gooddealersmeds.com\/fi\/wp-content\/uploads\/sites\/6\/2023\/01\/jhw.png","type":"image\/png"}],"twitter_card":"summary_large_image","twitter_misc":{"Est. reading time":"1 minute"},"schema":{"@context":"https:\/\/schema.org","@graph":[{"@type":"WebPage","@id":"https:\/\/gooddealersmeds.com\/fi\/product\/osta-jwh-250-verkosta\/","url":"https:\/\/gooddealersmeds.com\/fi\/product\/osta-jwh-250-verkosta\/","name":"Osta JWH-250 verkosta | Tilaa JWH-250 | Myyd\u00e4\u00e4n JWH-250","isPartOf":{"@id":"https:\/\/gooddealersmeds.com\/fi\/#website"},"primaryImageOfPage":{"@id":"https:\/\/gooddealersmeds.com\/fi\/product\/osta-jwh-250-verkosta\/#primaryimage"},"image":{"@id":"https:\/\/gooddealersmeds.com\/fi\/product\/osta-jwh-250-verkosta\/#primaryimage"},"thumbnailUrl":"https:\/\/gooddealersmeds.com\/fi\/wp-content\/uploads\/sites\/6\/2023\/01\/jhw.png","datePublished":"2023-01-08T19:04:14+00:00","dateModified":"2023-03-12T23:52:26+00:00","description":"Osta JWH-250 verkosta edulliseen hintaan, olemme luotettava JWH-250:n toimittaja, nopealla toimituksella 100 % taattu ja luotettava.","breadcrumb":{"@id":"https:\/\/gooddealersmeds.com\/fi\/product\/osta-jwh-250-verkosta\/#breadcrumb"},"inLanguage":"en-US","potentialAction":[{"@type":"ReadAction","target":["https:\/\/gooddealersmeds.com\/fi\/product\/osta-jwh-250-verkosta\/"]}]},{"@type":"ImageObject","inLanguage":"en-US","@id":"https:\/\/gooddealersmeds.com\/fi\/product\/osta-jwh-250-verkosta\/#primaryimage","url":"https:\/\/gooddealersmeds.com\/fi\/wp-content\/uploads\/sites\/6\/2023\/01\/jhw.png","contentUrl":"https:\/\/gooddealersmeds.com\/fi\/wp-content\/uploads\/sites\/6\/2023\/01\/jhw.png","width":267,"height":189},{"@type":"BreadcrumbList","@id":"https:\/\/gooddealersmeds.com\/fi\/product\/osta-jwh-250-verkosta\/#breadcrumb","itemListElement":[{"@type":"ListItem","position":1,"name":"Home","item":"https:\/\/gooddealersmeds.com\/fi\/"},{"@type":"ListItem","position":2,"name":"Tuotteet","item":"https:\/\/gooddealersmeds.com\/fi\/tuotteet\/"},{"@type":"ListItem","position":3,"name":"Osta JWH-250 verkosta"}]},{"@type":"WebSite","@id":"https:\/\/gooddealersmeds.com\/fi\/#website","url":"https:\/\/gooddealersmeds.com\/fi\/","name":"Good Dealers Meds","description":"All our best","publisher":{"@id":"https:\/\/gooddealersmeds.com\/fi\/#organization"},"potentialAction":[{"@type":"SearchAction","target":{"@type":"EntryPoint","urlTemplate":"https:\/\/gooddealersmeds.com\/fi\/?s={search_term_string}"},"query-input":{"@type":"PropertyValueSpecification","valueRequired":true,"valueName":"search_term_string"}}],"inLanguage":"en-US"},{"@type":"Organization","@id":"https:\/\/gooddealersmeds.com\/fi\/#organization","name":"Good Dealers Meds","url":"https:\/\/gooddealersmeds.com\/fi\/","logo":{"@type":"ImageObject","inLanguage":"en-US","@id":"https:\/\/gooddealersmeds.com\/fi\/#\/schema\/logo\/image\/","url":"https:\/\/gooddealersmeds.com\/fi\/wp-content\/uploads\/sites\/6\/2022\/03\/gooddealersmeds__logo__20220317T222800Z.00.png","contentUrl":"https:\/\/gooddealersmeds.com\/fi\/wp-content\/uploads\/sites\/6\/2022\/03\/gooddealersmeds__logo__20220317T222800Z.00.png","width":500,"height":325,"caption":"Good Dealers Meds"},"image":{"@id":"https:\/\/gooddealersmeds.com\/fi\/#\/schema\/logo\/image\/"}}]}},"_links":{"self":[{"href":"https:\/\/gooddealersmeds.com\/fi\/wp-json\/wp\/v2\/product\/2215","targetHints":{"allow":["GET"]}}],"collection":[{"href":"https:\/\/gooddealersmeds.com\/fi\/wp-json\/wp\/v2\/product"}],"about":[{"href":"https:\/\/gooddealersmeds.com\/fi\/wp-json\/wp\/v2\/types\/product"}],"replies":[{"embeddable":true,"href":"https:\/\/gooddealersmeds.com\/fi\/wp-json\/wp\/v2\/comments?post=2215"}],"wp:featuredmedia":[{"embeddable":true,"href":"https:\/\/gooddealersmeds.com\/fi\/wp-json\/wp\/v2\/media\/2245"}],"wp:attachment":[{"href":"https:\/\/gooddealersmeds.com\/fi\/wp-json\/wp\/v2\/media?parent=2215"}],"wp:term":[{"taxonomy":"product_brand","embeddable":true,"href":"https:\/\/gooddealersmeds.com\/fi\/wp-json\/wp\/v2\/product_brand?post=2215"},{"taxonomy":"product_cat","embeddable":true,"href":"https:\/\/gooddealersmeds.com\/fi\/wp-json\/wp\/v2\/product_cat?post=2215"},{"taxonomy":"product_tag","embeddable":true,"href":"https:\/\/gooddealersmeds.com\/fi\/wp-json\/wp\/v2\/product_tag?post=2215"}],"curies":[{"name":"wp","href":"https:\/\/api.w.org\/{rel}","templated":true}]}}