{"id":2214,"date":"2023-01-08T19:04:14","date_gmt":"2023-01-08T19:04:14","guid":{"rendered":"https:\/\/gooddealersmeds.com\/fi\/?post_type=product&#038;p=2214"},"modified":"2023-03-12T23:51:25","modified_gmt":"2023-03-12T23:51:25","slug":"osta-jwh-018-verkosta","status":"publish","type":"product","link":"https:\/\/gooddealersmeds.com\/fi\/product\/osta-jwh-018-verkosta\/","title":{"rendered":"Osta JWH-018 verkosta"},"content":{"rendered":"<h2><strong>JWH 018 -jauhe: JWH-018 verkosta<\/strong><\/h2>\n<p>Osta JWH-018 verkosta on analyyttinen viitemateriaali, joka on luokiteltu <a href=\"https:\/\/www.frontiersin.org\/articles\/10.3389\/fpsyt.2018.00055\/full\">synteettisiksi kannabinoidiksi<\/a>. 1. L\u00f6ytyy Spice\/K2-tyyppisist\u00e4 yrttisekoituksista, ja sill\u00e4 voi olla neurotoksisia ominaisuuksia. JWH-018 saatiin my\u00f6s kolmesta erilaisesta ei-perinteisest\u00e4 verkkol\u00e4hteest\u00e4: jwh018\u00a0gooddealchem.com.<\/p>\n<p>Katso ja osta JWH 018 eritt\u00e4in puhtaana. <a href=\"https:\/\/gooddealersmeds.com\/fi\/product\/osta-jwh-018-verkosta\/\">JWH-018<\/a> on synteettinen kannabinoidiagonisti ilman klassista kannabinoidikemiallista rakennetta. Sit\u00e4 on k\u00e4ytetty tutkimuksessa tutkimusv\u00e4lineen\u00e4.<\/p>\n<p>JWH-018 tilaus<br \/>\nmist\u00e4 voin ostaa JWH-018:n<br \/>\nJWH-018 myyt\u00e4v\u00e4n\u00e4<br \/>\nJWH-018<br \/>\nosta JWH-018 verkosta<br \/>\nJWH-018 osta t\u00e4\u00e4lt\u00e4<\/p>\n<p>Olemme luotettavin tutkimuskemikaalien toimittaja Yhdysvalloista, joka tarjoaa toimitusvarmuuden kaikkiin osoitteisiin maailmassa sek\u00e4 seurantanumeron.<br \/>\nTee tilauksesi verkkosivustollamme saadaksesi p\u00e4\u00e4syn varastossamme oleviin bentsoihin, synteettisiin kannabinoideihimme, blottereihin, K2-maustenesteisiin, niveltulehdusl\u00e4\u00e4kkeisiin, stimulantteihin ja psykedeeleihin. Lis\u00e4ksi kaikki tuotteemme ovat korkealuokkaisia, 98\u2013100 % puhtaita ja tuottavat positiivisia tuloksia jokaisen tutkimusprojektin p\u00e4\u00e4tteeksi, joten osta tutkimuskemikaalit yritykselt\u00e4\u00e4n Denverist\u00e4, Coloradosta, USA:sta, ja toimitus on taattu kaikille. osoitteet sek\u00e4 kotimaassa ett\u00e4 kansainv\u00e4lisesti ja seurantanumerot, jotka annetaan, kun maksat tilauksesi. Kun olet tehnyt tilauksesi, yrit\u00e4 l\u00e4hett\u00e4\u00e4 meille s\u00e4hk\u00f6posti vahvistusta ja nopeaa palvelua varten. Muista, ett\u00e4 arvostamme asiakkaidemme iloa, kun ostat sgt-151 Powderin verkosta.<\/p>\n<p><strong>JWH-018 myyt\u00e4v\u00e4n\u00e4<\/strong><\/p>\n<p>Olemme sitoutuneet auttamaan asiakkaita ymp\u00e4ri maailmaa heid\u00e4n erilaisissa tarpeissaan tarjoamalla kattavia ja ammattitaitoisia palveluita. Nauti hyv\u00e4st\u00e4 maineesta liikekumppaneidemme ja asiakkaidemme keskuudessa korkealaatuisista tuotteista, yll\u00e4pit\u00e4\u00e4 korkeimpia standardeja tuotteidemme valmistuksessa ja kaikkien valikoimaamme kuuluvien tuotteiden valikoimassa vuosien kokemuksella.<\/p>\n<p>T\u00e4ll\u00e4 alalla olemme rakentaneet mainetta yhten\u00e4 luotettavimmista toimittajista Isossa-Britanniassa, Euroopassa ja maailmassa.<\/p>\n<p>Tied\u00e4mme, ett\u00e4 tutkimuskemikaalien toimittamiseen on monia erilaisia vaihtoehtoja,<\/p>\n<p>Joten ota hetki lukeaksesi, mik\u00e4 tekee meist\u00e4 erilaisia kuin muut.<\/p>\n<p>tilaa JWH-018 verkosta<br \/>\nEdullinen JWH-018 myyt\u00e4v\u00e4n\u00e4<br \/>\nJWH-018 t\u00e4\u00e4ll\u00e4<br \/>\nJWH-018 l\u00e4hell\u00e4 minua<br \/>\nJWH-018 mist\u00e4 tilata<br \/>\nJWH-018 jakelija<\/p>\n","protected":false},"excerpt":{"rendered":"<p><strong>Osta JWH 018 verkosta:<\/strong><\/p>\n<p>Monet JWH 018 -asiakkaat tilaavat meilt\u00e4. Myymme parasta laatua JWH-018 verkossa ja parasta maksutapaamme. Voit tilata JWH-018:n ja toimittaa sen y\u00f6n aikana, toimitus tapahtuu huolella, allekirjoitusta ei tarvita. Gooddealchem.com on ratkaisusi ostaa JWH-018 verkosta.<\/p>\n","protected":false},"featured_media":2244,"comment_status":"open","ping_status":"closed","template":"","meta":{"inline_featured_image":false},"product_brand":[],"product_cat":[344],"product_tag":[668,669],"class_list":{"0":"post-2214","1":"product","2":"type-product","3":"status-publish","4":"has-post-thumbnail","6":"product_cat-tutkimuskemikaalit","7":"product_tag-jwh-018n-ostaminen-verkosta-on-jwh-018-laillista","8":"product_tag-laillinen-jwh-018-toimittaja","10":"first","11":"instock","12":"shipping-taxable","13":"purchasable","14":"product-type-variable","15":"has-default-attributes"},"yoast_head":"<!-- This site is optimized with the Yoast SEO Premium plugin v20.6 (Yoast SEO v27.5) - https:\/\/yoast.com\/product\/yoast-seo-premium-wordpress\/ -->\n<title>Osta JWH-018 verkosta | Tilaa JWH-018 t\u00e4\u00e4lt\u00e4 | JWH-018 myyt\u00e4v\u00e4n\u00e4.<\/title>\n<meta name=\"description\" content=\"Osta JWH-018 verkosta, olemme JWH-018:n parhaat toimittajat edulliseen hintaan ja takaamme toimituksen. Tilaa laadukkain tuote.\" \/>\n<meta name=\"robots\" content=\"index, follow, max-snippet:-1, max-image-preview:large, max-video-preview:-1\" \/>\n<link rel=\"canonical\" href=\"https:\/\/gooddealersmeds.com\/fi\/product\/osta-jwh-018-verkosta\/\" \/>\n<meta property=\"og:locale\" content=\"en_US\" \/>\n<meta property=\"og:type\" content=\"article\" \/>\n<meta property=\"og:title\" content=\"Osta JWH-018 verkosta\" \/>\n<meta property=\"og:description\" content=\"Osta JWH-018 verkosta, olemme JWH-018:n parhaat toimittajat edulliseen hintaan ja takaamme toimituksen. Tilaa laadukkain tuote.\" \/>\n<meta property=\"og:url\" content=\"https:\/\/gooddealersmeds.com\/fi\/product\/osta-jwh-018-verkosta\/\" \/>\n<meta property=\"og:site_name\" content=\"Good Dealers Meds\" \/>\n<meta property=\"article:modified_time\" content=\"2023-03-12T23:51:25+00:00\" \/>\n<meta property=\"og:image\" content=\"https:\/\/gooddealersmeds.com\/fi\/wp-content\/uploads\/sites\/6\/2023\/01\/JHW-018-1.jpg\" \/>\n\t<meta property=\"og:image:width\" content=\"600\" \/>\n\t<meta property=\"og:image:height\" content=\"600\" \/>\n\t<meta property=\"og:image:type\" content=\"image\/jpeg\" \/>\n<meta name=\"twitter:card\" content=\"summary_large_image\" \/>\n<meta name=\"twitter:label1\" content=\"Est. reading time\" \/>\n\t<meta name=\"twitter:data1\" content=\"1 minute\" \/>\n<script type=\"application\/ld+json\" class=\"yoast-schema-graph\">{\"@context\":\"https:\\\/\\\/schema.org\",\"@graph\":[{\"@type\":\"WebPage\",\"@id\":\"https:\\\/\\\/gooddealersmeds.com\\\/fi\\\/product\\\/osta-jwh-018-verkosta\\\/\",\"url\":\"https:\\\/\\\/gooddealersmeds.com\\\/fi\\\/product\\\/osta-jwh-018-verkosta\\\/\",\"name\":\"Osta JWH-018 verkosta | Tilaa JWH-018 t\u00e4\u00e4lt\u00e4 | JWH-018 myyt\u00e4v\u00e4n\u00e4.\",\"isPartOf\":{\"@id\":\"https:\\\/\\\/gooddealersmeds.com\\\/fi\\\/#website\"},\"primaryImageOfPage\":{\"@id\":\"https:\\\/\\\/gooddealersmeds.com\\\/fi\\\/product\\\/osta-jwh-018-verkosta\\\/#primaryimage\"},\"image\":{\"@id\":\"https:\\\/\\\/gooddealersmeds.com\\\/fi\\\/product\\\/osta-jwh-018-verkosta\\\/#primaryimage\"},\"thumbnailUrl\":\"https:\\\/\\\/gooddealersmeds.com\\\/fi\\\/wp-content\\\/uploads\\\/sites\\\/6\\\/2023\\\/01\\\/JHW-018-1.jpg\",\"datePublished\":\"2023-01-08T19:04:14+00:00\",\"dateModified\":\"2023-03-12T23:51:25+00:00\",\"description\":\"Osta JWH-018 verkosta, olemme JWH-018:n parhaat toimittajat edulliseen hintaan ja takaamme toimituksen. Tilaa laadukkain tuote.\",\"breadcrumb\":{\"@id\":\"https:\\\/\\\/gooddealersmeds.com\\\/fi\\\/product\\\/osta-jwh-018-verkosta\\\/#breadcrumb\"},\"inLanguage\":\"en-US\",\"potentialAction\":[{\"@type\":\"ReadAction\",\"target\":[\"https:\\\/\\\/gooddealersmeds.com\\\/fi\\\/product\\\/osta-jwh-018-verkosta\\\/\"]}]},{\"@type\":\"ImageObject\",\"inLanguage\":\"en-US\",\"@id\":\"https:\\\/\\\/gooddealersmeds.com\\\/fi\\\/product\\\/osta-jwh-018-verkosta\\\/#primaryimage\",\"url\":\"https:\\\/\\\/gooddealersmeds.com\\\/fi\\\/wp-content\\\/uploads\\\/sites\\\/6\\\/2023\\\/01\\\/JHW-018-1.jpg\",\"contentUrl\":\"https:\\\/\\\/gooddealersmeds.com\\\/fi\\\/wp-content\\\/uploads\\\/sites\\\/6\\\/2023\\\/01\\\/JHW-018-1.jpg\",\"width\":600,\"height\":600},{\"@type\":\"BreadcrumbList\",\"@id\":\"https:\\\/\\\/gooddealersmeds.com\\\/fi\\\/product\\\/osta-jwh-018-verkosta\\\/#breadcrumb\",\"itemListElement\":[{\"@type\":\"ListItem\",\"position\":1,\"name\":\"Home\",\"item\":\"https:\\\/\\\/gooddealersmeds.com\\\/fi\\\/\"},{\"@type\":\"ListItem\",\"position\":2,\"name\":\"Tuotteet\",\"item\":\"https:\\\/\\\/gooddealersmeds.com\\\/fi\\\/tuotteet\\\/\"},{\"@type\":\"ListItem\",\"position\":3,\"name\":\"Osta JWH-018 verkosta\"}]},{\"@type\":\"WebSite\",\"@id\":\"https:\\\/\\\/gooddealersmeds.com\\\/fi\\\/#website\",\"url\":\"https:\\\/\\\/gooddealersmeds.com\\\/fi\\\/\",\"name\":\"Good Dealers Meds\",\"description\":\"All our best\",\"publisher\":{\"@id\":\"https:\\\/\\\/gooddealersmeds.com\\\/fi\\\/#organization\"},\"potentialAction\":[{\"@type\":\"SearchAction\",\"target\":{\"@type\":\"EntryPoint\",\"urlTemplate\":\"https:\\\/\\\/gooddealersmeds.com\\\/fi\\\/?s={search_term_string}\"},\"query-input\":{\"@type\":\"PropertyValueSpecification\",\"valueRequired\":true,\"valueName\":\"search_term_string\"}}],\"inLanguage\":\"en-US\"},{\"@type\":\"Organization\",\"@id\":\"https:\\\/\\\/gooddealersmeds.com\\\/fi\\\/#organization\",\"name\":\"Good Dealers Meds\",\"url\":\"https:\\\/\\\/gooddealersmeds.com\\\/fi\\\/\",\"logo\":{\"@type\":\"ImageObject\",\"inLanguage\":\"en-US\",\"@id\":\"https:\\\/\\\/gooddealersmeds.com\\\/fi\\\/#\\\/schema\\\/logo\\\/image\\\/\",\"url\":\"https:\\\/\\\/gooddealersmeds.com\\\/fi\\\/wp-content\\\/uploads\\\/sites\\\/6\\\/2022\\\/03\\\/gooddealersmeds__logo__20220317T222800Z.00.png\",\"contentUrl\":\"https:\\\/\\\/gooddealersmeds.com\\\/fi\\\/wp-content\\\/uploads\\\/sites\\\/6\\\/2022\\\/03\\\/gooddealersmeds__logo__20220317T222800Z.00.png\",\"width\":500,\"height\":325,\"caption\":\"Good Dealers Meds\"},\"image\":{\"@id\":\"https:\\\/\\\/gooddealersmeds.com\\\/fi\\\/#\\\/schema\\\/logo\\\/image\\\/\"}}]}<\/script>\n<!-- \/ Yoast SEO Premium plugin. -->","yoast_head_json":{"title":"Osta JWH-018 verkosta | Tilaa JWH-018 t\u00e4\u00e4lt\u00e4 | JWH-018 myyt\u00e4v\u00e4n\u00e4.","description":"Osta JWH-018 verkosta, olemme JWH-018:n parhaat toimittajat edulliseen hintaan ja takaamme toimituksen. Tilaa laadukkain tuote.","robots":{"index":"index","follow":"follow","max-snippet":"max-snippet:-1","max-image-preview":"max-image-preview:large","max-video-preview":"max-video-preview:-1"},"canonical":"https:\/\/gooddealersmeds.com\/fi\/product\/osta-jwh-018-verkosta\/","og_locale":"en_US","og_type":"article","og_title":"Osta JWH-018 verkosta","og_description":"Osta JWH-018 verkosta, olemme JWH-018:n parhaat toimittajat edulliseen hintaan ja takaamme toimituksen. Tilaa laadukkain tuote.","og_url":"https:\/\/gooddealersmeds.com\/fi\/product\/osta-jwh-018-verkosta\/","og_site_name":"Good Dealers Meds","article_modified_time":"2023-03-12T23:51:25+00:00","og_image":[{"width":600,"height":600,"url":"https:\/\/gooddealersmeds.com\/fi\/wp-content\/uploads\/sites\/6\/2023\/01\/JHW-018-1.jpg","type":"image\/jpeg"}],"twitter_card":"summary_large_image","twitter_misc":{"Est. reading time":"1 minute"},"schema":{"@context":"https:\/\/schema.org","@graph":[{"@type":"WebPage","@id":"https:\/\/gooddealersmeds.com\/fi\/product\/osta-jwh-018-verkosta\/","url":"https:\/\/gooddealersmeds.com\/fi\/product\/osta-jwh-018-verkosta\/","name":"Osta JWH-018 verkosta | Tilaa JWH-018 t\u00e4\u00e4lt\u00e4 | JWH-018 myyt\u00e4v\u00e4n\u00e4.","isPartOf":{"@id":"https:\/\/gooddealersmeds.com\/fi\/#website"},"primaryImageOfPage":{"@id":"https:\/\/gooddealersmeds.com\/fi\/product\/osta-jwh-018-verkosta\/#primaryimage"},"image":{"@id":"https:\/\/gooddealersmeds.com\/fi\/product\/osta-jwh-018-verkosta\/#primaryimage"},"thumbnailUrl":"https:\/\/gooddealersmeds.com\/fi\/wp-content\/uploads\/sites\/6\/2023\/01\/JHW-018-1.jpg","datePublished":"2023-01-08T19:04:14+00:00","dateModified":"2023-03-12T23:51:25+00:00","description":"Osta JWH-018 verkosta, olemme JWH-018:n parhaat toimittajat edulliseen hintaan ja takaamme toimituksen. Tilaa laadukkain tuote.","breadcrumb":{"@id":"https:\/\/gooddealersmeds.com\/fi\/product\/osta-jwh-018-verkosta\/#breadcrumb"},"inLanguage":"en-US","potentialAction":[{"@type":"ReadAction","target":["https:\/\/gooddealersmeds.com\/fi\/product\/osta-jwh-018-verkosta\/"]}]},{"@type":"ImageObject","inLanguage":"en-US","@id":"https:\/\/gooddealersmeds.com\/fi\/product\/osta-jwh-018-verkosta\/#primaryimage","url":"https:\/\/gooddealersmeds.com\/fi\/wp-content\/uploads\/sites\/6\/2023\/01\/JHW-018-1.jpg","contentUrl":"https:\/\/gooddealersmeds.com\/fi\/wp-content\/uploads\/sites\/6\/2023\/01\/JHW-018-1.jpg","width":600,"height":600},{"@type":"BreadcrumbList","@id":"https:\/\/gooddealersmeds.com\/fi\/product\/osta-jwh-018-verkosta\/#breadcrumb","itemListElement":[{"@type":"ListItem","position":1,"name":"Home","item":"https:\/\/gooddealersmeds.com\/fi\/"},{"@type":"ListItem","position":2,"name":"Tuotteet","item":"https:\/\/gooddealersmeds.com\/fi\/tuotteet\/"},{"@type":"ListItem","position":3,"name":"Osta JWH-018 verkosta"}]},{"@type":"WebSite","@id":"https:\/\/gooddealersmeds.com\/fi\/#website","url":"https:\/\/gooddealersmeds.com\/fi\/","name":"Good Dealers Meds","description":"All our best","publisher":{"@id":"https:\/\/gooddealersmeds.com\/fi\/#organization"},"potentialAction":[{"@type":"SearchAction","target":{"@type":"EntryPoint","urlTemplate":"https:\/\/gooddealersmeds.com\/fi\/?s={search_term_string}"},"query-input":{"@type":"PropertyValueSpecification","valueRequired":true,"valueName":"search_term_string"}}],"inLanguage":"en-US"},{"@type":"Organization","@id":"https:\/\/gooddealersmeds.com\/fi\/#organization","name":"Good Dealers Meds","url":"https:\/\/gooddealersmeds.com\/fi\/","logo":{"@type":"ImageObject","inLanguage":"en-US","@id":"https:\/\/gooddealersmeds.com\/fi\/#\/schema\/logo\/image\/","url":"https:\/\/gooddealersmeds.com\/fi\/wp-content\/uploads\/sites\/6\/2022\/03\/gooddealersmeds__logo__20220317T222800Z.00.png","contentUrl":"https:\/\/gooddealersmeds.com\/fi\/wp-content\/uploads\/sites\/6\/2022\/03\/gooddealersmeds__logo__20220317T222800Z.00.png","width":500,"height":325,"caption":"Good Dealers Meds"},"image":{"@id":"https:\/\/gooddealersmeds.com\/fi\/#\/schema\/logo\/image\/"}}]}},"_links":{"self":[{"href":"https:\/\/gooddealersmeds.com\/fi\/wp-json\/wp\/v2\/product\/2214","targetHints":{"allow":["GET"]}}],"collection":[{"href":"https:\/\/gooddealersmeds.com\/fi\/wp-json\/wp\/v2\/product"}],"about":[{"href":"https:\/\/gooddealersmeds.com\/fi\/wp-json\/wp\/v2\/types\/product"}],"replies":[{"embeddable":true,"href":"https:\/\/gooddealersmeds.com\/fi\/wp-json\/wp\/v2\/comments?post=2214"}],"wp:featuredmedia":[{"embeddable":true,"href":"https:\/\/gooddealersmeds.com\/fi\/wp-json\/wp\/v2\/media\/2244"}],"wp:attachment":[{"href":"https:\/\/gooddealersmeds.com\/fi\/wp-json\/wp\/v2\/media?parent=2214"}],"wp:term":[{"taxonomy":"product_brand","embeddable":true,"href":"https:\/\/gooddealersmeds.com\/fi\/wp-json\/wp\/v2\/product_brand?post=2214"},{"taxonomy":"product_cat","embeddable":true,"href":"https:\/\/gooddealersmeds.com\/fi\/wp-json\/wp\/v2\/product_cat?post=2214"},{"taxonomy":"product_tag","embeddable":true,"href":"https:\/\/gooddealersmeds.com\/fi\/wp-json\/wp\/v2\/product_tag?post=2214"}],"curies":[{"name":"wp","href":"https:\/\/api.w.org\/{rel}","templated":true}]}}