{"id":2213,"date":"2023-01-08T19:04:14","date_gmt":"2023-01-08T19:04:14","guid":{"rendered":"https:\/\/gooddealersmeds.com\/fi\/?post_type=product&#038;p=2213"},"modified":"2023-03-12T23:41:25","modified_gmt":"2023-03-12T23:41:25","slug":"osta-caluanie-muelear-oxidize","status":"publish","type":"product","link":"https:\/\/gooddealersmeds.com\/fi\/product\/osta-caluanie-muelear-oxidize\/","title":{"rendered":"Osta Caluanie Muelear Oxidize"},"content":{"rendered":"<h2>Osta Caluanie Muelear Oxidize<\/h2>\n<p>Osta Caluanie Muelear Oxidiz, Caluanien <a href=\"https:\/\/en.wikipedia.org\/wiki\/Research_chemical\">kemiallinen<\/a> tuote on vaaleanruskea viskoosi neste, joka on saatu Caluaniea k\u00e4ytet\u00e4\u00e4n kemian- ja maaliteollisuudessa hygroskooppisena aineena, ja sit\u00e4 k\u00e4ytet\u00e4\u00e4n laajalti pinnoitteiden, maalien, muovien ja painomusteiden teollisuudessa.<\/p>\n<p>&nbsp;<\/p>\n<p><strong>Tarjoamme myyntiin Caluanie Muelear Oxidizea &#8211; <\/strong><strong>Caluanie Muelear Oxidize myyt\u00e4v\u00e4n\u00e4 verkossa\u00a0<\/strong><\/p>\n<p>Tuotteet:\u00a0<a href=\"https:\/\/gooddealersmeds.com\/fi\/product\/osta-caluanie-muelear-oxidize\/\">Caluanie Muelear Oxidize<\/a>\u00a0(Caluanie-raaka, 99 % Muelearoxidin tuottama), Caluanie (hapetusjakautumatermostaatti, raskas vesi):<\/p>\n<p>T\u00e4t\u00e4 tuotetta k\u00e4ytet\u00e4\u00e4n jalometallien ja puolijalokivien murskaamiseen ja k\u00e4sittelyyn. Sit\u00e4 k\u00e4ytet\u00e4\u00e4n jalo- ja puolijalokivien k\u00e4sittelyss\u00e4 sek\u00e4 metallien murskaamiseen kemianteollisuudessa. Caluanie Mulear Oxid verkossa Yhdysvalloissa<\/p>\n<p>Saatavilla olevat pakkaukset: 5L ja 20L, 50L, 100L bulkkipakkaus tai ostajan pyynn\u00f6st\u00e4.,<\/p>\n<p>Osta Caluanie Mulear Oxide verkosta Euroopassa<br \/>\nMist\u00e4 ostaa Caluanie Mulear Oxidea verkossa Euroopassa<br \/>\nCaluanie Mulear Oxide tukkumyynti verkossa Euroopassa<\/p>\n<p>Olemme luotettava toimittajayritys ja menestymme 100 % kaikissa maissa.<br \/>\nRaskas vesi muuttaa metallien ominaisuuksia ja tekee niist\u00e4 hauraita. Mutta raskaan veden haihtumisen aikana metalli palaa alkuper\u00e4iseen tilaansa<\/p>\n<p>Caluanie Muelear Oxidize tilaus<br \/>\nmist\u00e4 voin ostaa Caluanie Muelear Oxidizea<br \/>\nMyyd\u00e4\u00e4n Caluanie Muelear Oxidize<br \/>\nCaluanie Muelear Oxidize<br \/>\nosta Caluanie Muelear Oxidize verkosta<br \/>\nCaluanie Muelear Oxidize osta t\u00e4\u00e4lt\u00e4<br \/>\nCaluanie Muelear Oxidize<br \/>\ntilaa Caluanie Muelear Oxidize verkosta<br \/>\nEdullinen Caluanie Muelear Oxidize myyt\u00e4v\u00e4n\u00e4<br \/>\nCaluanie Muelear Oxidize t\u00e4\u00e4ll\u00e4<br \/>\nCaluanie Muelear Oxidize l\u00e4hell\u00e4ni<br \/>\nCaluanie Muelear Oxidize mist\u00e4 tilata<br \/>\nCaluanie Muelear Oxidize -jakelija<\/p>\n<p>Tilaa Caluanie Mulear Oxide verkossa Euroopassa<br \/>\nMist\u00e4 tilata Caluanie Mulear Oxide verkossa Euroopassa<br \/>\nCaluanie Mulear Oxide tukkumyynti verkossa<\/p>\n<p>Tarjoamme Caluanie Muelear Oxidizea myyntiin<\/p>\n","protected":false},"excerpt":{"rendered":"<p><strong>Osta Yhdysvalloissa valmistama Caluanie Muelear Oxidize metallinmurskaamiseen<\/strong><\/p>\n<p>Tarjoamme Caluanie Muelear Oxidizea myyntiin. Tuote: Caluanie Muelear Oxidize (Raw Caluanie 99% valmistettu Muelearoxidizesta) Caluanie (termostaatti oksidatiiviseen partisanointiin, raskas vesi): Hinta per laatikko (1 kpl) -5 L.<\/p>\n","protected":false},"featured_media":2243,"comment_status":"open","ping_status":"closed","template":"","meta":{"inline_featured_image":false},"product_brand":[],"product_cat":[344],"product_tag":[675,599,671,674,672,670,673,679,678,676,677],"class_list":{"0":"post-2213","1":"product","2":"type-product","3":"status-publish","4":"has-post-thumbnail","6":"product_cat-tutkimuskemikaalit","7":"product_tag-caluanie-muelear-cheelear-oxidize-caluanie-muelear-oxidize-myy-caluanie-tilauksesta","8":"product_tag-caluanie-muelear-oxidize","9":"product_tag-caluanie-muelear-oxidize-jakelija","10":"product_tag-caluanie-muelear-oxidize-lahella-minua","11":"product_tag-caluanie-muelear-oxidize-myytavana","12":"product_tag-caluanie-muelear-oxidize-osta-taalta","13":"product_tag-caluanie-muelear-oxidize-taalla","14":"product_tag-mista-voin-ostaa-caluanie-muelear-oxidize","15":"product_tag-osta-caluanie-muelear-oxidize-verkosta","16":"product_tag-ox","17":"product_tag-tilaa-caluanie-muelear-oxidize-verkosta","19":"first","20":"instock","21":"shipping-taxable","22":"purchasable","23":"product-type-variable","24":"has-default-attributes"},"yoast_head":"<!-- This site is optimized with the Yoast SEO Premium plugin v20.6 (Yoast SEO v27.4) - https:\/\/yoast.com\/product\/yoast-seo-premium-wordpress\/ -->\n<title>Osta Caluanie Muelear Oxidize | Caluanie Muelear Oxidize myyt\u00e4v\u00e4n\u00e4.<\/title>\n<meta name=\"description\" content=\"Olemme Caluanie Muelear Oxidize:n parhaat toimittajat edulliseen hintaan ja takaamme toimituksen. Osta Caluanie Muelear Oxidize.\" \/>\n<meta name=\"robots\" content=\"index, follow, max-snippet:-1, max-image-preview:large, max-video-preview:-1\" \/>\n<link rel=\"canonical\" href=\"https:\/\/gooddealersmeds.com\/fi\/product\/osta-caluanie-muelear-oxidize\/\" \/>\n<meta property=\"og:locale\" content=\"en_US\" \/>\n<meta property=\"og:type\" content=\"article\" \/>\n<meta property=\"og:title\" content=\"Osta Caluanie Muelear Oxidize\" \/>\n<meta property=\"og:description\" content=\"Olemme Caluanie Muelear Oxidize:n parhaat toimittajat edulliseen hintaan ja takaamme toimituksen. Osta Caluanie Muelear Oxidize.\" \/>\n<meta property=\"og:url\" content=\"https:\/\/gooddealersmeds.com\/fi\/product\/osta-caluanie-muelear-oxidize\/\" \/>\n<meta property=\"og:site_name\" content=\"Good Dealers Meds\" \/>\n<meta property=\"article:modified_time\" content=\"2023-03-12T23:41:25+00:00\" \/>\n<meta property=\"og:image\" content=\"https:\/\/gooddealersmeds.com\/fi\/wp-content\/uploads\/sites\/6\/2023\/01\/Caluanie-Muelear-Oxidize-for-sal.jpg\" \/>\n\t<meta property=\"og:image:width\" content=\"600\" \/>\n\t<meta property=\"og:image:height\" content=\"600\" \/>\n\t<meta property=\"og:image:type\" content=\"image\/jpeg\" \/>\n<meta name=\"twitter:card\" content=\"summary_large_image\" \/>\n<meta name=\"twitter:label1\" content=\"Est. reading time\" \/>\n\t<meta name=\"twitter:data1\" content=\"1 minute\" \/>\n<script type=\"application\/ld+json\" class=\"yoast-schema-graph\">{\"@context\":\"https:\\\/\\\/schema.org\",\"@graph\":[{\"@type\":\"WebPage\",\"@id\":\"https:\\\/\\\/gooddealersmeds.com\\\/fi\\\/product\\\/osta-caluanie-muelear-oxidize\\\/\",\"url\":\"https:\\\/\\\/gooddealersmeds.com\\\/fi\\\/product\\\/osta-caluanie-muelear-oxidize\\\/\",\"name\":\"Osta Caluanie Muelear Oxidize | Caluanie Muelear Oxidize myyt\u00e4v\u00e4n\u00e4.\",\"isPartOf\":{\"@id\":\"https:\\\/\\\/gooddealersmeds.com\\\/fi\\\/#website\"},\"primaryImageOfPage\":{\"@id\":\"https:\\\/\\\/gooddealersmeds.com\\\/fi\\\/product\\\/osta-caluanie-muelear-oxidize\\\/#primaryimage\"},\"image\":{\"@id\":\"https:\\\/\\\/gooddealersmeds.com\\\/fi\\\/product\\\/osta-caluanie-muelear-oxidize\\\/#primaryimage\"},\"thumbnailUrl\":\"https:\\\/\\\/gooddealersmeds.com\\\/fi\\\/wp-content\\\/uploads\\\/sites\\\/6\\\/2023\\\/01\\\/Caluanie-Muelear-Oxidize-for-sal.jpg\",\"datePublished\":\"2023-01-08T19:04:14+00:00\",\"dateModified\":\"2023-03-12T23:41:25+00:00\",\"description\":\"Olemme Caluanie Muelear Oxidize:n parhaat toimittajat edulliseen hintaan ja takaamme toimituksen. Osta Caluanie Muelear Oxidize.\",\"breadcrumb\":{\"@id\":\"https:\\\/\\\/gooddealersmeds.com\\\/fi\\\/product\\\/osta-caluanie-muelear-oxidize\\\/#breadcrumb\"},\"inLanguage\":\"en-US\",\"potentialAction\":[{\"@type\":\"ReadAction\",\"target\":[\"https:\\\/\\\/gooddealersmeds.com\\\/fi\\\/product\\\/osta-caluanie-muelear-oxidize\\\/\"]}]},{\"@type\":\"ImageObject\",\"inLanguage\":\"en-US\",\"@id\":\"https:\\\/\\\/gooddealersmeds.com\\\/fi\\\/product\\\/osta-caluanie-muelear-oxidize\\\/#primaryimage\",\"url\":\"https:\\\/\\\/gooddealersmeds.com\\\/fi\\\/wp-content\\\/uploads\\\/sites\\\/6\\\/2023\\\/01\\\/Caluanie-Muelear-Oxidize-for-sal.jpg\",\"contentUrl\":\"https:\\\/\\\/gooddealersmeds.com\\\/fi\\\/wp-content\\\/uploads\\\/sites\\\/6\\\/2023\\\/01\\\/Caluanie-Muelear-Oxidize-for-sal.jpg\",\"width\":600,\"height\":600},{\"@type\":\"BreadcrumbList\",\"@id\":\"https:\\\/\\\/gooddealersmeds.com\\\/fi\\\/product\\\/osta-caluanie-muelear-oxidize\\\/#breadcrumb\",\"itemListElement\":[{\"@type\":\"ListItem\",\"position\":1,\"name\":\"Home\",\"item\":\"https:\\\/\\\/gooddealersmeds.com\\\/fi\\\/\"},{\"@type\":\"ListItem\",\"position\":2,\"name\":\"Tuotteet\",\"item\":\"https:\\\/\\\/gooddealersmeds.com\\\/fi\\\/tuotteet\\\/\"},{\"@type\":\"ListItem\",\"position\":3,\"name\":\"Osta Caluanie Muelear Oxidize\"}]},{\"@type\":\"WebSite\",\"@id\":\"https:\\\/\\\/gooddealersmeds.com\\\/fi\\\/#website\",\"url\":\"https:\\\/\\\/gooddealersmeds.com\\\/fi\\\/\",\"name\":\"Good Dealers Meds\",\"description\":\"All our best\",\"publisher\":{\"@id\":\"https:\\\/\\\/gooddealersmeds.com\\\/fi\\\/#organization\"},\"potentialAction\":[{\"@type\":\"SearchAction\",\"target\":{\"@type\":\"EntryPoint\",\"urlTemplate\":\"https:\\\/\\\/gooddealersmeds.com\\\/fi\\\/?s={search_term_string}\"},\"query-input\":{\"@type\":\"PropertyValueSpecification\",\"valueRequired\":true,\"valueName\":\"search_term_string\"}}],\"inLanguage\":\"en-US\"},{\"@type\":\"Organization\",\"@id\":\"https:\\\/\\\/gooddealersmeds.com\\\/fi\\\/#organization\",\"name\":\"Good Dealers Meds\",\"url\":\"https:\\\/\\\/gooddealersmeds.com\\\/fi\\\/\",\"logo\":{\"@type\":\"ImageObject\",\"inLanguage\":\"en-US\",\"@id\":\"https:\\\/\\\/gooddealersmeds.com\\\/fi\\\/#\\\/schema\\\/logo\\\/image\\\/\",\"url\":\"https:\\\/\\\/gooddealersmeds.com\\\/fi\\\/wp-content\\\/uploads\\\/sites\\\/6\\\/2022\\\/03\\\/gooddealersmeds__logo__20220317T222800Z.00.png\",\"contentUrl\":\"https:\\\/\\\/gooddealersmeds.com\\\/fi\\\/wp-content\\\/uploads\\\/sites\\\/6\\\/2022\\\/03\\\/gooddealersmeds__logo__20220317T222800Z.00.png\",\"width\":500,\"height\":325,\"caption\":\"Good Dealers Meds\"},\"image\":{\"@id\":\"https:\\\/\\\/gooddealersmeds.com\\\/fi\\\/#\\\/schema\\\/logo\\\/image\\\/\"}}]}<\/script>\n<!-- \/ Yoast SEO Premium plugin. -->","yoast_head_json":{"title":"Osta Caluanie Muelear Oxidize | Caluanie Muelear Oxidize myyt\u00e4v\u00e4n\u00e4.","description":"Olemme Caluanie Muelear Oxidize:n parhaat toimittajat edulliseen hintaan ja takaamme toimituksen. Osta Caluanie Muelear Oxidize.","robots":{"index":"index","follow":"follow","max-snippet":"max-snippet:-1","max-image-preview":"max-image-preview:large","max-video-preview":"max-video-preview:-1"},"canonical":"https:\/\/gooddealersmeds.com\/fi\/product\/osta-caluanie-muelear-oxidize\/","og_locale":"en_US","og_type":"article","og_title":"Osta Caluanie Muelear Oxidize","og_description":"Olemme Caluanie Muelear Oxidize:n parhaat toimittajat edulliseen hintaan ja takaamme toimituksen. Osta Caluanie Muelear Oxidize.","og_url":"https:\/\/gooddealersmeds.com\/fi\/product\/osta-caluanie-muelear-oxidize\/","og_site_name":"Good Dealers Meds","article_modified_time":"2023-03-12T23:41:25+00:00","og_image":[{"width":600,"height":600,"url":"https:\/\/gooddealersmeds.com\/fi\/wp-content\/uploads\/sites\/6\/2023\/01\/Caluanie-Muelear-Oxidize-for-sal.jpg","type":"image\/jpeg"}],"twitter_card":"summary_large_image","twitter_misc":{"Est. reading time":"1 minute"},"schema":{"@context":"https:\/\/schema.org","@graph":[{"@type":"WebPage","@id":"https:\/\/gooddealersmeds.com\/fi\/product\/osta-caluanie-muelear-oxidize\/","url":"https:\/\/gooddealersmeds.com\/fi\/product\/osta-caluanie-muelear-oxidize\/","name":"Osta Caluanie Muelear Oxidize | Caluanie Muelear Oxidize myyt\u00e4v\u00e4n\u00e4.","isPartOf":{"@id":"https:\/\/gooddealersmeds.com\/fi\/#website"},"primaryImageOfPage":{"@id":"https:\/\/gooddealersmeds.com\/fi\/product\/osta-caluanie-muelear-oxidize\/#primaryimage"},"image":{"@id":"https:\/\/gooddealersmeds.com\/fi\/product\/osta-caluanie-muelear-oxidize\/#primaryimage"},"thumbnailUrl":"https:\/\/gooddealersmeds.com\/fi\/wp-content\/uploads\/sites\/6\/2023\/01\/Caluanie-Muelear-Oxidize-for-sal.jpg","datePublished":"2023-01-08T19:04:14+00:00","dateModified":"2023-03-12T23:41:25+00:00","description":"Olemme Caluanie Muelear Oxidize:n parhaat toimittajat edulliseen hintaan ja takaamme toimituksen. Osta Caluanie Muelear Oxidize.","breadcrumb":{"@id":"https:\/\/gooddealersmeds.com\/fi\/product\/osta-caluanie-muelear-oxidize\/#breadcrumb"},"inLanguage":"en-US","potentialAction":[{"@type":"ReadAction","target":["https:\/\/gooddealersmeds.com\/fi\/product\/osta-caluanie-muelear-oxidize\/"]}]},{"@type":"ImageObject","inLanguage":"en-US","@id":"https:\/\/gooddealersmeds.com\/fi\/product\/osta-caluanie-muelear-oxidize\/#primaryimage","url":"https:\/\/gooddealersmeds.com\/fi\/wp-content\/uploads\/sites\/6\/2023\/01\/Caluanie-Muelear-Oxidize-for-sal.jpg","contentUrl":"https:\/\/gooddealersmeds.com\/fi\/wp-content\/uploads\/sites\/6\/2023\/01\/Caluanie-Muelear-Oxidize-for-sal.jpg","width":600,"height":600},{"@type":"BreadcrumbList","@id":"https:\/\/gooddealersmeds.com\/fi\/product\/osta-caluanie-muelear-oxidize\/#breadcrumb","itemListElement":[{"@type":"ListItem","position":1,"name":"Home","item":"https:\/\/gooddealersmeds.com\/fi\/"},{"@type":"ListItem","position":2,"name":"Tuotteet","item":"https:\/\/gooddealersmeds.com\/fi\/tuotteet\/"},{"@type":"ListItem","position":3,"name":"Osta Caluanie Muelear Oxidize"}]},{"@type":"WebSite","@id":"https:\/\/gooddealersmeds.com\/fi\/#website","url":"https:\/\/gooddealersmeds.com\/fi\/","name":"Good Dealers Meds","description":"All our best","publisher":{"@id":"https:\/\/gooddealersmeds.com\/fi\/#organization"},"potentialAction":[{"@type":"SearchAction","target":{"@type":"EntryPoint","urlTemplate":"https:\/\/gooddealersmeds.com\/fi\/?s={search_term_string}"},"query-input":{"@type":"PropertyValueSpecification","valueRequired":true,"valueName":"search_term_string"}}],"inLanguage":"en-US"},{"@type":"Organization","@id":"https:\/\/gooddealersmeds.com\/fi\/#organization","name":"Good Dealers Meds","url":"https:\/\/gooddealersmeds.com\/fi\/","logo":{"@type":"ImageObject","inLanguage":"en-US","@id":"https:\/\/gooddealersmeds.com\/fi\/#\/schema\/logo\/image\/","url":"https:\/\/gooddealersmeds.com\/fi\/wp-content\/uploads\/sites\/6\/2022\/03\/gooddealersmeds__logo__20220317T222800Z.00.png","contentUrl":"https:\/\/gooddealersmeds.com\/fi\/wp-content\/uploads\/sites\/6\/2022\/03\/gooddealersmeds__logo__20220317T222800Z.00.png","width":500,"height":325,"caption":"Good Dealers Meds"},"image":{"@id":"https:\/\/gooddealersmeds.com\/fi\/#\/schema\/logo\/image\/"}}]}},"_links":{"self":[{"href":"https:\/\/gooddealersmeds.com\/fi\/wp-json\/wp\/v2\/product\/2213","targetHints":{"allow":["GET"]}}],"collection":[{"href":"https:\/\/gooddealersmeds.com\/fi\/wp-json\/wp\/v2\/product"}],"about":[{"href":"https:\/\/gooddealersmeds.com\/fi\/wp-json\/wp\/v2\/types\/product"}],"replies":[{"embeddable":true,"href":"https:\/\/gooddealersmeds.com\/fi\/wp-json\/wp\/v2\/comments?post=2213"}],"wp:featuredmedia":[{"embeddable":true,"href":"https:\/\/gooddealersmeds.com\/fi\/wp-json\/wp\/v2\/media\/2243"}],"wp:attachment":[{"href":"https:\/\/gooddealersmeds.com\/fi\/wp-json\/wp\/v2\/media?parent=2213"}],"wp:term":[{"taxonomy":"product_brand","embeddable":true,"href":"https:\/\/gooddealersmeds.com\/fi\/wp-json\/wp\/v2\/product_brand?post=2213"},{"taxonomy":"product_cat","embeddable":true,"href":"https:\/\/gooddealersmeds.com\/fi\/wp-json\/wp\/v2\/product_cat?post=2213"},{"taxonomy":"product_tag","embeddable":true,"href":"https:\/\/gooddealersmeds.com\/fi\/wp-json\/wp\/v2\/product_tag?post=2213"}],"curies":[{"name":"wp","href":"https:\/\/api.w.org\/{rel}","templated":true}]}}