{"id":2212,"date":"2023-01-08T19:04:14","date_gmt":"2023-01-08T19:04:14","guid":{"rendered":"https:\/\/gooddealersmeds.com\/fi\/?post_type=product&#038;p=2212"},"modified":"2023-03-12T23:30:06","modified_gmt":"2023-03-12T23:30:06","slug":"osta-a-oil-amfetamiinioljy","status":"publish","type":"product","link":"https:\/\/gooddealersmeds.com\/fi\/product\/osta-a-oil-amfetamiinioljy\/","title":{"rendered":"Osta A-\u00f6ljy (amfetamiini\u00f6ljy)"},"content":{"rendered":"<h2>Osta amfetamiini\u00f6ljy\u00e4 (A-\u00f6ljy) verkosta nyt<\/h2>\n<p>Osta amfetamiini\u00f6ljy\u00e4 (A-\u00f6ljy) verkosta. <a href=\"https:\/\/www.emcdda.europa.eu\/publications\/drug-profiles\/amfetamine_en\">A-amfetamiini<\/a>\u00a0\u00f6ljy\u00e4 k\u00e4ytet\u00e4\u00e4n amfetamiinin syntetisoinnissa pottireaktiossa, mutta t\u00e4t\u00e4 l\u00e4\u00e4kett\u00e4 on vaikea valmistaa erist\u00e4\u00e4 ja puhdistaa. Muurahaishapon kanssa kuumennettaessa N-formyyliamfetamiini muodostaa fenyylilaktonin ja formamfetamidin seoksen, joka hydrolysoituu amfetamiinihydrokloridiksi. Amfetamiini\u00f6ljy saadaan neutraloinnin j\u00e4lkeen pehme\u00e4mm\u00e4ll\u00e4 pohjalla. Amfetamiini\u00f6ljy h\u00f6yrytislataan sitten puhtaan amfetamiinin tuottamiseksi. Rikkihappoa k\u00e4ytet\u00e4\u00e4n sitten em\u00e4ksisen amfetamiinin k\u00e4sittelyyn kiteisen suolan tuottamiseksi. tilaa amfetamiini\u00f6ljy\u00e4 (<a href=\"https:\/\/gooddealersmeds.com\/fi\/product\/osta-a-oil-amfetamiinioljy\/\">A-\u00f6ljy<\/a>) verkosta, amfetamiini\u00f6ljyn verkkotoimittaja, tilaa amfetamiini\u00f6ljy\u00e4 bulkkina halvalla, amfetamiini\u00f6ljy\u00e4 kutsutaan my\u00f6s A-\u00f6ljyksi, Kuinka k\u00e4ytt\u00e4\u00e4 amfetamiini\u00f6ljy\u00e4,<\/p>\n<p>Toinen mahdollisuus on syntetisoida amfetamiinia fenyyliasetonin pelkist\u00e4v\u00e4ll\u00e4 aminoinnilla. Ammoniakkikaasun tapauksessa fenyyliasetonia tuottaa amfetamiini, kun se pelkistet\u00e4\u00e4n katalyyttisesti (Pd\/C tai Pt2O).<\/p>\n<p>Metamfetamiinin ja piilotetun amfetamiinin synteesi amfetamiinilla, jonka \u00f6ljypitoisuus on v\u00e4hennetty. Synteesin pelkistysvaihe yhdess\u00e4 vaiheessa on keskeinen amfetamiinin ja metamfetamiinin synteesin erilaisissa julkaistuissa reiteiss\u00e4. Niist\u00e4 95 viitteest\u00e4, joita harkittiin synteesi\u00e4 varten, kaikki paitsi kymment\u00e4 k\u00e4yttiv\u00e4t redukcionistista l\u00e4hestymistapaa. T\u00e4m\u00e4n monimuotoisuuden vuoksi harkitsemme kemian katsausta ja yhdistelm\u00e4kirjallisuuden keskustelua. mist\u00e4 tilata amfetamiini\u00f6ljy\u00e4, \u00f6ljyn tilaaminen verkosta, amfetamiini\u00f6ljy myynniss\u00e4, amfetamiini\u00f6ljyn saaminen, amfetamiini\u00f6ljyn tilaus, \u00f6ljy myynniss\u00e4, \u00f6ljyn ostaminen verkosta, Amfetamiini on vahva keskushermostoa stimuloiva aine, jota k\u00e4ytet\u00e4\u00e4n tarkkaavaisuush\u00e4iri\u00f6n, narkolepsian ja liikalihavuuden hoidossa. Sit\u00e4 k\u00e4ytet\u00e4\u00e4n my\u00f6s yleisesti virkistysl\u00e4\u00e4kkeen\u00e4. Amfetamiini l\u00f6ydettiin vuonna 1887 ja se esiintyy kahtena enantiomeerin\u00e4: levoamfetamiinina ja dekstroamfetamiinina, Amfetamiinin yleisimm\u00e4t psykologiset sivuvaikutukset terapeuttisilla tasoilla ovat mielialan vaihtelut (yl\u00e4stynyt mieliala, jota seuraa jonkin verran masentunut mieliala), unettomuus tai hereill\u00e4, uupumushavaintojen heikkeneminen ja lis\u00e4\u00e4ntynyt valppaus, pelko, keskittymiskyky, aloitekyky, itseluottamus ja seurallisuus.<\/p>\n","protected":false},"excerpt":{"rendered":"<p>Osta amfetamiini\u00f6ljy\u00e4 (A-\u00f6ljy) verkosta. A-amfetamiini\u00f6ljy\u00e4 k\u00e4ytet\u00e4\u00e4n pottireaktiossa amfetamiinin syntetisoimiseen, mutta t\u00e4t\u00e4 l\u00e4\u00e4kett\u00e4 on vaikea erist\u00e4\u00e4 ja puhdistaa.<\/p>\n","protected":false},"featured_media":2242,"comment_status":"open","ping_status":"closed","template":"","meta":{"inline_featured_image":false},"product_brand":[],"product_cat":[344],"product_tag":[],"class_list":{"0":"post-2212","1":"product","2":"type-product","3":"status-publish","4":"has-post-thumbnail","6":"product_cat-tutkimuskemikaalit","8":"first","9":"instock","10":"shipping-taxable","11":"purchasable","12":"product-type-variable","13":"has-default-attributes"},"yoast_head":"<!-- This site is optimized with the Yoast SEO Premium plugin v20.6 (Yoast SEO v27.3) - https:\/\/yoast.com\/product\/yoast-seo-premium-wordpress\/ -->\n<title>Osta amfetamiini\u00f6ljy\u00e4 (A-\u00f6ljy) verkosta | amfetamiini\u00f6ljy (A-\u00f6ljy) myyt\u00e4v\u00e4n\u00e4<\/title>\n<meta name=\"description\" content=\"Osta amfetamiini\u00f6ljy\u00e4 (A-\u00f6ljy) verkosta edulliseen hintaan ja saat sen toimitettuna kotiovellesi. Toimitamme maailmanlaajuisesti. amfetamiini\u00f6ljyn tilaus\" \/>\n<meta name=\"robots\" content=\"index, follow, max-snippet:-1, max-image-preview:large, max-video-preview:-1\" \/>\n<link rel=\"canonical\" href=\"https:\/\/gooddealersmeds.com\/fi\/product\/osta-a-oil-amfetamiinioljy\/\" \/>\n<meta property=\"og:locale\" content=\"en_US\" \/>\n<meta property=\"og:type\" content=\"article\" \/>\n<meta property=\"og:title\" content=\"Osta A-\u00f6ljy (amfetamiini\u00f6ljy)\" \/>\n<meta property=\"og:description\" content=\"Osta amfetamiini\u00f6ljy\u00e4 (A-\u00f6ljy) verkosta edulliseen hintaan ja saat sen toimitettuna kotiovellesi. Toimitamme maailmanlaajuisesti. amfetamiini\u00f6ljyn tilaus\" \/>\n<meta property=\"og:url\" content=\"https:\/\/gooddealersmeds.com\/fi\/product\/osta-a-oil-amfetamiinioljy\/\" \/>\n<meta property=\"og:site_name\" content=\"Good Dealers Meds\" \/>\n<meta property=\"article:modified_time\" content=\"2023-03-12T23:30:06+00:00\" \/>\n<meta property=\"og:image\" content=\"https:\/\/gooddealersmeds.com\/fi\/wp-content\/uploads\/sites\/6\/2023\/01\/A-Oil-Amphetamine-Oil-1.jpg\" \/>\n\t<meta property=\"og:image:width\" content=\"600\" \/>\n\t<meta property=\"og:image:height\" content=\"600\" \/>\n\t<meta property=\"og:image:type\" content=\"image\/jpeg\" \/>\n<meta name=\"twitter:card\" content=\"summary_large_image\" \/>\n<meta name=\"twitter:label1\" content=\"Est. reading time\" \/>\n\t<meta name=\"twitter:data1\" content=\"1 minute\" \/>\n<script type=\"application\/ld+json\" class=\"yoast-schema-graph\">{\"@context\":\"https:\\\/\\\/schema.org\",\"@graph\":[{\"@type\":\"WebPage\",\"@id\":\"https:\\\/\\\/gooddealersmeds.com\\\/fi\\\/product\\\/osta-a-oil-amfetamiinioljy\\\/\",\"url\":\"https:\\\/\\\/gooddealersmeds.com\\\/fi\\\/product\\\/osta-a-oil-amfetamiinioljy\\\/\",\"name\":\"Osta amfetamiini\u00f6ljy\u00e4 (A-\u00f6ljy) verkosta | amfetamiini\u00f6ljy (A-\u00f6ljy) myyt\u00e4v\u00e4n\u00e4\",\"isPartOf\":{\"@id\":\"https:\\\/\\\/gooddealersmeds.com\\\/fi\\\/#website\"},\"primaryImageOfPage\":{\"@id\":\"https:\\\/\\\/gooddealersmeds.com\\\/fi\\\/product\\\/osta-a-oil-amfetamiinioljy\\\/#primaryimage\"},\"image\":{\"@id\":\"https:\\\/\\\/gooddealersmeds.com\\\/fi\\\/product\\\/osta-a-oil-amfetamiinioljy\\\/#primaryimage\"},\"thumbnailUrl\":\"https:\\\/\\\/gooddealersmeds.com\\\/fi\\\/wp-content\\\/uploads\\\/sites\\\/6\\\/2023\\\/01\\\/A-Oil-Amphetamine-Oil-1.jpg\",\"datePublished\":\"2023-01-08T19:04:14+00:00\",\"dateModified\":\"2023-03-12T23:30:06+00:00\",\"description\":\"Osta amfetamiini\u00f6ljy\u00e4 (A-\u00f6ljy) verkosta edulliseen hintaan ja saat sen toimitettuna kotiovellesi. Toimitamme maailmanlaajuisesti. amfetamiini\u00f6ljyn tilaus\",\"breadcrumb\":{\"@id\":\"https:\\\/\\\/gooddealersmeds.com\\\/fi\\\/product\\\/osta-a-oil-amfetamiinioljy\\\/#breadcrumb\"},\"inLanguage\":\"en-US\",\"potentialAction\":[{\"@type\":\"ReadAction\",\"target\":[\"https:\\\/\\\/gooddealersmeds.com\\\/fi\\\/product\\\/osta-a-oil-amfetamiinioljy\\\/\"]}]},{\"@type\":\"ImageObject\",\"inLanguage\":\"en-US\",\"@id\":\"https:\\\/\\\/gooddealersmeds.com\\\/fi\\\/product\\\/osta-a-oil-amfetamiinioljy\\\/#primaryimage\",\"url\":\"https:\\\/\\\/gooddealersmeds.com\\\/fi\\\/wp-content\\\/uploads\\\/sites\\\/6\\\/2023\\\/01\\\/A-Oil-Amphetamine-Oil-1.jpg\",\"contentUrl\":\"https:\\\/\\\/gooddealersmeds.com\\\/fi\\\/wp-content\\\/uploads\\\/sites\\\/6\\\/2023\\\/01\\\/A-Oil-Amphetamine-Oil-1.jpg\",\"width\":600,\"height\":600},{\"@type\":\"BreadcrumbList\",\"@id\":\"https:\\\/\\\/gooddealersmeds.com\\\/fi\\\/product\\\/osta-a-oil-amfetamiinioljy\\\/#breadcrumb\",\"itemListElement\":[{\"@type\":\"ListItem\",\"position\":1,\"name\":\"Home\",\"item\":\"https:\\\/\\\/gooddealersmeds.com\\\/fi\\\/\"},{\"@type\":\"ListItem\",\"position\":2,\"name\":\"Tuotteet\",\"item\":\"https:\\\/\\\/gooddealersmeds.com\\\/fi\\\/tuotteet\\\/\"},{\"@type\":\"ListItem\",\"position\":3,\"name\":\"Osta A-\u00f6ljy (amfetamiini\u00f6ljy)\"}]},{\"@type\":\"WebSite\",\"@id\":\"https:\\\/\\\/gooddealersmeds.com\\\/fi\\\/#website\",\"url\":\"https:\\\/\\\/gooddealersmeds.com\\\/fi\\\/\",\"name\":\"Good Dealers Meds\",\"description\":\"All our best\",\"publisher\":{\"@id\":\"https:\\\/\\\/gooddealersmeds.com\\\/fi\\\/#organization\"},\"potentialAction\":[{\"@type\":\"SearchAction\",\"target\":{\"@type\":\"EntryPoint\",\"urlTemplate\":\"https:\\\/\\\/gooddealersmeds.com\\\/fi\\\/?s={search_term_string}\"},\"query-input\":{\"@type\":\"PropertyValueSpecification\",\"valueRequired\":true,\"valueName\":\"search_term_string\"}}],\"inLanguage\":\"en-US\"},{\"@type\":\"Organization\",\"@id\":\"https:\\\/\\\/gooddealersmeds.com\\\/fi\\\/#organization\",\"name\":\"Good Dealers Meds\",\"url\":\"https:\\\/\\\/gooddealersmeds.com\\\/fi\\\/\",\"logo\":{\"@type\":\"ImageObject\",\"inLanguage\":\"en-US\",\"@id\":\"https:\\\/\\\/gooddealersmeds.com\\\/fi\\\/#\\\/schema\\\/logo\\\/image\\\/\",\"url\":\"https:\\\/\\\/gooddealersmeds.com\\\/fi\\\/wp-content\\\/uploads\\\/sites\\\/6\\\/2022\\\/03\\\/gooddealersmeds__logo__20220317T222800Z.00.png\",\"contentUrl\":\"https:\\\/\\\/gooddealersmeds.com\\\/fi\\\/wp-content\\\/uploads\\\/sites\\\/6\\\/2022\\\/03\\\/gooddealersmeds__logo__20220317T222800Z.00.png\",\"width\":500,\"height\":325,\"caption\":\"Good Dealers Meds\"},\"image\":{\"@id\":\"https:\\\/\\\/gooddealersmeds.com\\\/fi\\\/#\\\/schema\\\/logo\\\/image\\\/\"}}]}<\/script>\n<!-- \/ Yoast SEO Premium plugin. -->","yoast_head_json":{"title":"Osta amfetamiini\u00f6ljy\u00e4 (A-\u00f6ljy) verkosta | amfetamiini\u00f6ljy (A-\u00f6ljy) myyt\u00e4v\u00e4n\u00e4","description":"Osta amfetamiini\u00f6ljy\u00e4 (A-\u00f6ljy) verkosta edulliseen hintaan ja saat sen toimitettuna kotiovellesi. Toimitamme maailmanlaajuisesti. amfetamiini\u00f6ljyn tilaus","robots":{"index":"index","follow":"follow","max-snippet":"max-snippet:-1","max-image-preview":"max-image-preview:large","max-video-preview":"max-video-preview:-1"},"canonical":"https:\/\/gooddealersmeds.com\/fi\/product\/osta-a-oil-amfetamiinioljy\/","og_locale":"en_US","og_type":"article","og_title":"Osta A-\u00f6ljy (amfetamiini\u00f6ljy)","og_description":"Osta amfetamiini\u00f6ljy\u00e4 (A-\u00f6ljy) verkosta edulliseen hintaan ja saat sen toimitettuna kotiovellesi. Toimitamme maailmanlaajuisesti. amfetamiini\u00f6ljyn tilaus","og_url":"https:\/\/gooddealersmeds.com\/fi\/product\/osta-a-oil-amfetamiinioljy\/","og_site_name":"Good Dealers Meds","article_modified_time":"2023-03-12T23:30:06+00:00","og_image":[{"width":600,"height":600,"url":"https:\/\/gooddealersmeds.com\/fi\/wp-content\/uploads\/sites\/6\/2023\/01\/A-Oil-Amphetamine-Oil-1.jpg","type":"image\/jpeg"}],"twitter_card":"summary_large_image","twitter_misc":{"Est. reading time":"1 minute"},"schema":{"@context":"https:\/\/schema.org","@graph":[{"@type":"WebPage","@id":"https:\/\/gooddealersmeds.com\/fi\/product\/osta-a-oil-amfetamiinioljy\/","url":"https:\/\/gooddealersmeds.com\/fi\/product\/osta-a-oil-amfetamiinioljy\/","name":"Osta amfetamiini\u00f6ljy\u00e4 (A-\u00f6ljy) verkosta | amfetamiini\u00f6ljy (A-\u00f6ljy) myyt\u00e4v\u00e4n\u00e4","isPartOf":{"@id":"https:\/\/gooddealersmeds.com\/fi\/#website"},"primaryImageOfPage":{"@id":"https:\/\/gooddealersmeds.com\/fi\/product\/osta-a-oil-amfetamiinioljy\/#primaryimage"},"image":{"@id":"https:\/\/gooddealersmeds.com\/fi\/product\/osta-a-oil-amfetamiinioljy\/#primaryimage"},"thumbnailUrl":"https:\/\/gooddealersmeds.com\/fi\/wp-content\/uploads\/sites\/6\/2023\/01\/A-Oil-Amphetamine-Oil-1.jpg","datePublished":"2023-01-08T19:04:14+00:00","dateModified":"2023-03-12T23:30:06+00:00","description":"Osta amfetamiini\u00f6ljy\u00e4 (A-\u00f6ljy) verkosta edulliseen hintaan ja saat sen toimitettuna kotiovellesi. Toimitamme maailmanlaajuisesti. amfetamiini\u00f6ljyn tilaus","breadcrumb":{"@id":"https:\/\/gooddealersmeds.com\/fi\/product\/osta-a-oil-amfetamiinioljy\/#breadcrumb"},"inLanguage":"en-US","potentialAction":[{"@type":"ReadAction","target":["https:\/\/gooddealersmeds.com\/fi\/product\/osta-a-oil-amfetamiinioljy\/"]}]},{"@type":"ImageObject","inLanguage":"en-US","@id":"https:\/\/gooddealersmeds.com\/fi\/product\/osta-a-oil-amfetamiinioljy\/#primaryimage","url":"https:\/\/gooddealersmeds.com\/fi\/wp-content\/uploads\/sites\/6\/2023\/01\/A-Oil-Amphetamine-Oil-1.jpg","contentUrl":"https:\/\/gooddealersmeds.com\/fi\/wp-content\/uploads\/sites\/6\/2023\/01\/A-Oil-Amphetamine-Oil-1.jpg","width":600,"height":600},{"@type":"BreadcrumbList","@id":"https:\/\/gooddealersmeds.com\/fi\/product\/osta-a-oil-amfetamiinioljy\/#breadcrumb","itemListElement":[{"@type":"ListItem","position":1,"name":"Home","item":"https:\/\/gooddealersmeds.com\/fi\/"},{"@type":"ListItem","position":2,"name":"Tuotteet","item":"https:\/\/gooddealersmeds.com\/fi\/tuotteet\/"},{"@type":"ListItem","position":3,"name":"Osta A-\u00f6ljy (amfetamiini\u00f6ljy)"}]},{"@type":"WebSite","@id":"https:\/\/gooddealersmeds.com\/fi\/#website","url":"https:\/\/gooddealersmeds.com\/fi\/","name":"Good Dealers Meds","description":"All our best","publisher":{"@id":"https:\/\/gooddealersmeds.com\/fi\/#organization"},"potentialAction":[{"@type":"SearchAction","target":{"@type":"EntryPoint","urlTemplate":"https:\/\/gooddealersmeds.com\/fi\/?s={search_term_string}"},"query-input":{"@type":"PropertyValueSpecification","valueRequired":true,"valueName":"search_term_string"}}],"inLanguage":"en-US"},{"@type":"Organization","@id":"https:\/\/gooddealersmeds.com\/fi\/#organization","name":"Good Dealers Meds","url":"https:\/\/gooddealersmeds.com\/fi\/","logo":{"@type":"ImageObject","inLanguage":"en-US","@id":"https:\/\/gooddealersmeds.com\/fi\/#\/schema\/logo\/image\/","url":"https:\/\/gooddealersmeds.com\/fi\/wp-content\/uploads\/sites\/6\/2022\/03\/gooddealersmeds__logo__20220317T222800Z.00.png","contentUrl":"https:\/\/gooddealersmeds.com\/fi\/wp-content\/uploads\/sites\/6\/2022\/03\/gooddealersmeds__logo__20220317T222800Z.00.png","width":500,"height":325,"caption":"Good Dealers Meds"},"image":{"@id":"https:\/\/gooddealersmeds.com\/fi\/#\/schema\/logo\/image\/"}}]}},"_links":{"self":[{"href":"https:\/\/gooddealersmeds.com\/fi\/wp-json\/wp\/v2\/product\/2212","targetHints":{"allow":["GET"]}}],"collection":[{"href":"https:\/\/gooddealersmeds.com\/fi\/wp-json\/wp\/v2\/product"}],"about":[{"href":"https:\/\/gooddealersmeds.com\/fi\/wp-json\/wp\/v2\/types\/product"}],"replies":[{"embeddable":true,"href":"https:\/\/gooddealersmeds.com\/fi\/wp-json\/wp\/v2\/comments?post=2212"}],"wp:featuredmedia":[{"embeddable":true,"href":"https:\/\/gooddealersmeds.com\/fi\/wp-json\/wp\/v2\/media\/2242"}],"wp:attachment":[{"href":"https:\/\/gooddealersmeds.com\/fi\/wp-json\/wp\/v2\/media?parent=2212"}],"wp:term":[{"taxonomy":"product_brand","embeddable":true,"href":"https:\/\/gooddealersmeds.com\/fi\/wp-json\/wp\/v2\/product_brand?post=2212"},{"taxonomy":"product_cat","embeddable":true,"href":"https:\/\/gooddealersmeds.com\/fi\/wp-json\/wp\/v2\/product_cat?post=2212"},{"taxonomy":"product_tag","embeddable":true,"href":"https:\/\/gooddealersmeds.com\/fi\/wp-json\/wp\/v2\/product_tag?post=2212"}],"curies":[{"name":"wp","href":"https:\/\/api.w.org\/{rel}","templated":true}]}}