{"id":2211,"date":"2023-01-08T19:04:14","date_gmt":"2023-01-08T19:04:14","guid":{"rendered":"https:\/\/gooddealersmeds.com\/fi\/?post_type=product&#038;p=2211"},"modified":"2023-03-12T23:43:14","modified_gmt":"2023-03-12T23:43:14","slug":"bentsyylimetyyliketoni-bmk-oljy","status":"publish","type":"product","link":"https:\/\/gooddealersmeds.com\/fi\/product\/bentsyylimetyyliketoni-bmk-oljy\/","title":{"rendered":"Bentsyylimetyyliketoni (BMK) \u00f6ljy"},"content":{"rendered":"<h2><strong>Mist\u00e4 tilata BMK-\u00f6ljy\u00e4<\/strong><\/h2>\n<p>Toimitamme suuressa ja pieness\u00e4 mittakaavassa. Mist\u00e4 tilata BMK-\u00f6ljy\u00e4\u00a0Olemme tekemisiss\u00e4 vain vakavien ostajien kanssa. \u00c4l\u00e4 ota meihin yhteytt\u00e4, jos et aio ostaa. Toimitamme Euroopassa ja muualla maailmassa, ostamme maantie-, ilma- ja pudotuksia ja toimitus on 100% taattu. Lis\u00e4tietoja tuotteistamme sek\u00e4 tilaamisesta ja tilaamisesta saat alla olevista yhteystiedoista: CAS 4676-39-5; A-\u00f6ljy; BMK \u00f6ljy; fenyyliasetoni; <a href=\"https:\/\/gooddealersmeds.com\/fi\/product\/bentsyylimetyyliketoni-bmk-oljy\/\">PMK \u00f6ljy<\/a>; MDP2P \u00f6ljy; CAS 103-79-7<\/p>\n<p>OSTA BENTSYYLIMETYLIKETONI (BMK) \u00d6LJY\u00c4<\/p>\n<p>Bentsyylimetyyliketoni (BMK) -jauhe<\/p>\n<p>Bentsyylimetyyliketoni (BMK) \u00f6ljy<\/p>\n<p>Fenyyliasetoni: jauhe<\/p>\n<p>Osta 99,34 % puhtaus fenyyliasetonia<\/p>\n<p>Fenyyliasetoni (tunnetaan my\u00f6s nimell\u00e4 2-fenyyli-2oni,\u00a0<a href=\"https:\/\/pubs.rsc.org\/\">bentsyylimentyylimetyyliketoni<\/a> tai bentsyyliketonibromidi) on orgaaninen yhdiste. Se on kirkasta \u00f6ljy\u00e4, jonka taitekerroin on 1,5168. T\u00e4m\u00e4 Sunstance metafetamiinin ja amfetamiinin valmistuksessa raaka-aineena tai v\u00e4lituotteena, jossa sit\u00e4 kutsutaan yleisesti my\u00f6s P2P:ksi. Osta fenyyliasetoni\u00f6ljy\u00e4 myyt\u00e4v\u00e4ksi verkosta.<\/p>\n<p>Fenyyliasetoni on orgaaninen yhdiste, joka on kirkas \u00f6ljy, jonka taitekerroin on 1,5168. T\u00e4t\u00e4 tavaraa k\u00e4ytet\u00e4\u00e4n metamfetamiinin ja amfetamiinin valmistuksessa, jossa se tunnetaan yleisesti nimell\u00e4 P2P. Fenyyliasetoni on amfetamiinin poistotuote ihmiskehossa. Fenyyliasetonilla on my\u00f6s joitain muita nimi\u00e4, kuten fenyylipropan-2-oni, bentsyylimetyyliketoni tai metyylibentsyyliketoni.<\/p>\n<h3>BMK-\u00d6LJYN K\u00c4YTT\u00d6<\/h3>\n<p>Erilaisia l\u00e4\u00e4kkeit\u00e4 valmistetaan k\u00e4ytt\u00e4m\u00e4ll\u00e4 t\u00e4t\u00e4 fenyyli-2-propanonia<\/p>\n<p>Sit\u00e4 k\u00e4ytet\u00e4\u00e4n aromiaineena elintarvikkeissa.<\/p>\n<p>Sit\u00e4 k\u00e4ytet\u00e4\u00e4n kemikaalien, kuten metamfetamiinin ja amfetamiinin valmistuksessa l\u00e4ht\u00f6aineena.<\/p>\n<h3>MIST\u00c4 OSTAA BMK-\u00d6LJY\u00c4 TAI FENYLASETONI\u00d6LJY\u00c4 VERKKOMYYNNISS\u00c4?<\/h3>\n<p>Osta bmk \u00f6ljy\u00e4, tilaa bmk \u00f6ljy\u00e4, halpa bmk \u00f6ljytilaus, bmk myyt\u00e4v\u00e4n\u00e4, osta bmk \u00f6ljy Kiina, BMK Kiina,<\/p>\n","protected":false},"excerpt":{"rendered":"<p>Toimitamme suuressa ja pieness\u00e4 mittakaavassa BMK-\u00f6ljy\u00e4, Mist\u00e4 tilata BMK-\u00f6ljy\u00e4, Toimimme vain vakavien ostajien kanssa. Ota yhteytt\u00e4 ostaaksesi BMK-\u00f6ljy\u00e4<\/p>\n","protected":false},"featured_media":2241,"comment_status":"open","ping_status":"closed","template":"","meta":{"inline_featured_image":false},"product_brand":[],"product_cat":[344],"product_tag":[680,681,683,682],"class_list":{"0":"post-2211","1":"product","2":"type-product","3":"status-publish","4":"has-post-thumbnail","6":"product_cat-tutkimuskemikaalit","7":"product_tag-bmk-oljy","8":"product_tag-bmk-oljy-myynnissa","9":"product_tag-mista-tilaa-bmk-oil","10":"product_tag-osta-bmk-oljy","12":"first","13":"instock","14":"shipping-taxable","15":"purchasable","16":"product-type-variable","17":"has-default-attributes"},"yoast_head":"<!-- This site is optimized with the Yoast SEO Premium plugin v20.6 (Yoast SEO v27.3) - https:\/\/yoast.com\/product\/yoast-seo-premium-wordpress\/ -->\n<title>Mist\u00e4 tilata BMK-\u00f6ljy\u00e4 | Osta BMK \u00f6ljy | BMK Oil Myyt\u00e4v\u00e4n\u00e4 | BMK \u00d6ljy<\/title>\n<meta name=\"description\" content=\"Toimitamme suuressa ja pieness\u00e4 mittakaavassa BMK-\u00f6ljy\u00e4, Mist\u00e4 tilata BMK-\u00f6ljy\u00e4, Toimimme vain vakavien ostajien kanssa. Ota yhteytt\u00e4 ostaaksesi BMK-\u00f6ljy\u00e4\" \/>\n<meta name=\"robots\" content=\"index, follow, max-snippet:-1, max-image-preview:large, max-video-preview:-1\" \/>\n<link rel=\"canonical\" href=\"https:\/\/gooddealersmeds.com\/fi\/product\/bentsyylimetyyliketoni-bmk-oljy\/\" \/>\n<meta property=\"og:locale\" content=\"en_US\" \/>\n<meta property=\"og:type\" content=\"article\" \/>\n<meta property=\"og:title\" content=\"Bentsyylimetyyliketoni (BMK) \u00f6ljy\" \/>\n<meta property=\"og:description\" content=\"Toimitamme suuressa ja pieness\u00e4 mittakaavassa BMK-\u00f6ljy\u00e4, Mist\u00e4 tilata BMK-\u00f6ljy\u00e4, Toimimme vain vakavien ostajien kanssa. Ota yhteytt\u00e4 ostaaksesi BMK-\u00f6ljy\u00e4\" \/>\n<meta property=\"og:url\" content=\"https:\/\/gooddealersmeds.com\/fi\/product\/bentsyylimetyyliketoni-bmk-oljy\/\" \/>\n<meta property=\"og:site_name\" content=\"Good Dealers Meds\" \/>\n<meta property=\"article:modified_time\" content=\"2023-03-12T23:43:14+00:00\" \/>\n<meta property=\"og:image\" content=\"https:\/\/gooddealersmeds.com\/fi\/wp-content\/uploads\/sites\/6\/2023\/01\/bmk-oil.jpg\" \/>\n\t<meta property=\"og:image:width\" content=\"600\" \/>\n\t<meta property=\"og:image:height\" content=\"600\" \/>\n\t<meta property=\"og:image:type\" content=\"image\/jpeg\" \/>\n<meta name=\"twitter:card\" content=\"summary_large_image\" \/>\n<meta name=\"twitter:label1\" content=\"Est. reading time\" \/>\n\t<meta name=\"twitter:data1\" content=\"1 minute\" \/>\n<script type=\"application\/ld+json\" class=\"yoast-schema-graph\">{\"@context\":\"https:\\\/\\\/schema.org\",\"@graph\":[{\"@type\":\"WebPage\",\"@id\":\"https:\\\/\\\/gooddealersmeds.com\\\/fi\\\/product\\\/bentsyylimetyyliketoni-bmk-oljy\\\/\",\"url\":\"https:\\\/\\\/gooddealersmeds.com\\\/fi\\\/product\\\/bentsyylimetyyliketoni-bmk-oljy\\\/\",\"name\":\"Mist\u00e4 tilata BMK-\u00f6ljy\u00e4 | Osta BMK \u00f6ljy | BMK Oil Myyt\u00e4v\u00e4n\u00e4 | BMK \u00d6ljy\",\"isPartOf\":{\"@id\":\"https:\\\/\\\/gooddealersmeds.com\\\/fi\\\/#website\"},\"primaryImageOfPage\":{\"@id\":\"https:\\\/\\\/gooddealersmeds.com\\\/fi\\\/product\\\/bentsyylimetyyliketoni-bmk-oljy\\\/#primaryimage\"},\"image\":{\"@id\":\"https:\\\/\\\/gooddealersmeds.com\\\/fi\\\/product\\\/bentsyylimetyyliketoni-bmk-oljy\\\/#primaryimage\"},\"thumbnailUrl\":\"https:\\\/\\\/gooddealersmeds.com\\\/fi\\\/wp-content\\\/uploads\\\/sites\\\/6\\\/2023\\\/01\\\/bmk-oil.jpg\",\"datePublished\":\"2023-01-08T19:04:14+00:00\",\"dateModified\":\"2023-03-12T23:43:14+00:00\",\"description\":\"Toimitamme suuressa ja pieness\u00e4 mittakaavassa BMK-\u00f6ljy\u00e4, Mist\u00e4 tilata BMK-\u00f6ljy\u00e4, Toimimme vain vakavien ostajien kanssa. Ota yhteytt\u00e4 ostaaksesi BMK-\u00f6ljy\u00e4\",\"breadcrumb\":{\"@id\":\"https:\\\/\\\/gooddealersmeds.com\\\/fi\\\/product\\\/bentsyylimetyyliketoni-bmk-oljy\\\/#breadcrumb\"},\"inLanguage\":\"en-US\",\"potentialAction\":[{\"@type\":\"ReadAction\",\"target\":[\"https:\\\/\\\/gooddealersmeds.com\\\/fi\\\/product\\\/bentsyylimetyyliketoni-bmk-oljy\\\/\"]}]},{\"@type\":\"ImageObject\",\"inLanguage\":\"en-US\",\"@id\":\"https:\\\/\\\/gooddealersmeds.com\\\/fi\\\/product\\\/bentsyylimetyyliketoni-bmk-oljy\\\/#primaryimage\",\"url\":\"https:\\\/\\\/gooddealersmeds.com\\\/fi\\\/wp-content\\\/uploads\\\/sites\\\/6\\\/2023\\\/01\\\/bmk-oil.jpg\",\"contentUrl\":\"https:\\\/\\\/gooddealersmeds.com\\\/fi\\\/wp-content\\\/uploads\\\/sites\\\/6\\\/2023\\\/01\\\/bmk-oil.jpg\",\"width\":600,\"height\":600},{\"@type\":\"BreadcrumbList\",\"@id\":\"https:\\\/\\\/gooddealersmeds.com\\\/fi\\\/product\\\/bentsyylimetyyliketoni-bmk-oljy\\\/#breadcrumb\",\"itemListElement\":[{\"@type\":\"ListItem\",\"position\":1,\"name\":\"Home\",\"item\":\"https:\\\/\\\/gooddealersmeds.com\\\/fi\\\/\"},{\"@type\":\"ListItem\",\"position\":2,\"name\":\"Tuotteet\",\"item\":\"https:\\\/\\\/gooddealersmeds.com\\\/fi\\\/tuotteet\\\/\"},{\"@type\":\"ListItem\",\"position\":3,\"name\":\"Bentsyylimetyyliketoni (BMK) \u00f6ljy\"}]},{\"@type\":\"WebSite\",\"@id\":\"https:\\\/\\\/gooddealersmeds.com\\\/fi\\\/#website\",\"url\":\"https:\\\/\\\/gooddealersmeds.com\\\/fi\\\/\",\"name\":\"Good Dealers Meds\",\"description\":\"All our best\",\"publisher\":{\"@id\":\"https:\\\/\\\/gooddealersmeds.com\\\/fi\\\/#organization\"},\"potentialAction\":[{\"@type\":\"SearchAction\",\"target\":{\"@type\":\"EntryPoint\",\"urlTemplate\":\"https:\\\/\\\/gooddealersmeds.com\\\/fi\\\/?s={search_term_string}\"},\"query-input\":{\"@type\":\"PropertyValueSpecification\",\"valueRequired\":true,\"valueName\":\"search_term_string\"}}],\"inLanguage\":\"en-US\"},{\"@type\":\"Organization\",\"@id\":\"https:\\\/\\\/gooddealersmeds.com\\\/fi\\\/#organization\",\"name\":\"Good Dealers Meds\",\"url\":\"https:\\\/\\\/gooddealersmeds.com\\\/fi\\\/\",\"logo\":{\"@type\":\"ImageObject\",\"inLanguage\":\"en-US\",\"@id\":\"https:\\\/\\\/gooddealersmeds.com\\\/fi\\\/#\\\/schema\\\/logo\\\/image\\\/\",\"url\":\"https:\\\/\\\/gooddealersmeds.com\\\/fi\\\/wp-content\\\/uploads\\\/sites\\\/6\\\/2022\\\/03\\\/gooddealersmeds__logo__20220317T222800Z.00.png\",\"contentUrl\":\"https:\\\/\\\/gooddealersmeds.com\\\/fi\\\/wp-content\\\/uploads\\\/sites\\\/6\\\/2022\\\/03\\\/gooddealersmeds__logo__20220317T222800Z.00.png\",\"width\":500,\"height\":325,\"caption\":\"Good Dealers Meds\"},\"image\":{\"@id\":\"https:\\\/\\\/gooddealersmeds.com\\\/fi\\\/#\\\/schema\\\/logo\\\/image\\\/\"}}]}<\/script>\n<!-- \/ Yoast SEO Premium plugin. -->","yoast_head_json":{"title":"Mist\u00e4 tilata BMK-\u00f6ljy\u00e4 | Osta BMK \u00f6ljy | BMK Oil Myyt\u00e4v\u00e4n\u00e4 | BMK \u00d6ljy","description":"Toimitamme suuressa ja pieness\u00e4 mittakaavassa BMK-\u00f6ljy\u00e4, Mist\u00e4 tilata BMK-\u00f6ljy\u00e4, Toimimme vain vakavien ostajien kanssa. Ota yhteytt\u00e4 ostaaksesi BMK-\u00f6ljy\u00e4","robots":{"index":"index","follow":"follow","max-snippet":"max-snippet:-1","max-image-preview":"max-image-preview:large","max-video-preview":"max-video-preview:-1"},"canonical":"https:\/\/gooddealersmeds.com\/fi\/product\/bentsyylimetyyliketoni-bmk-oljy\/","og_locale":"en_US","og_type":"article","og_title":"Bentsyylimetyyliketoni (BMK) \u00f6ljy","og_description":"Toimitamme suuressa ja pieness\u00e4 mittakaavassa BMK-\u00f6ljy\u00e4, Mist\u00e4 tilata BMK-\u00f6ljy\u00e4, Toimimme vain vakavien ostajien kanssa. Ota yhteytt\u00e4 ostaaksesi BMK-\u00f6ljy\u00e4","og_url":"https:\/\/gooddealersmeds.com\/fi\/product\/bentsyylimetyyliketoni-bmk-oljy\/","og_site_name":"Good Dealers Meds","article_modified_time":"2023-03-12T23:43:14+00:00","og_image":[{"width":600,"height":600,"url":"https:\/\/gooddealersmeds.com\/fi\/wp-content\/uploads\/sites\/6\/2023\/01\/bmk-oil.jpg","type":"image\/jpeg"}],"twitter_card":"summary_large_image","twitter_misc":{"Est. reading time":"1 minute"},"schema":{"@context":"https:\/\/schema.org","@graph":[{"@type":"WebPage","@id":"https:\/\/gooddealersmeds.com\/fi\/product\/bentsyylimetyyliketoni-bmk-oljy\/","url":"https:\/\/gooddealersmeds.com\/fi\/product\/bentsyylimetyyliketoni-bmk-oljy\/","name":"Mist\u00e4 tilata BMK-\u00f6ljy\u00e4 | Osta BMK \u00f6ljy | BMK Oil Myyt\u00e4v\u00e4n\u00e4 | BMK \u00d6ljy","isPartOf":{"@id":"https:\/\/gooddealersmeds.com\/fi\/#website"},"primaryImageOfPage":{"@id":"https:\/\/gooddealersmeds.com\/fi\/product\/bentsyylimetyyliketoni-bmk-oljy\/#primaryimage"},"image":{"@id":"https:\/\/gooddealersmeds.com\/fi\/product\/bentsyylimetyyliketoni-bmk-oljy\/#primaryimage"},"thumbnailUrl":"https:\/\/gooddealersmeds.com\/fi\/wp-content\/uploads\/sites\/6\/2023\/01\/bmk-oil.jpg","datePublished":"2023-01-08T19:04:14+00:00","dateModified":"2023-03-12T23:43:14+00:00","description":"Toimitamme suuressa ja pieness\u00e4 mittakaavassa BMK-\u00f6ljy\u00e4, Mist\u00e4 tilata BMK-\u00f6ljy\u00e4, Toimimme vain vakavien ostajien kanssa. Ota yhteytt\u00e4 ostaaksesi BMK-\u00f6ljy\u00e4","breadcrumb":{"@id":"https:\/\/gooddealersmeds.com\/fi\/product\/bentsyylimetyyliketoni-bmk-oljy\/#breadcrumb"},"inLanguage":"en-US","potentialAction":[{"@type":"ReadAction","target":["https:\/\/gooddealersmeds.com\/fi\/product\/bentsyylimetyyliketoni-bmk-oljy\/"]}]},{"@type":"ImageObject","inLanguage":"en-US","@id":"https:\/\/gooddealersmeds.com\/fi\/product\/bentsyylimetyyliketoni-bmk-oljy\/#primaryimage","url":"https:\/\/gooddealersmeds.com\/fi\/wp-content\/uploads\/sites\/6\/2023\/01\/bmk-oil.jpg","contentUrl":"https:\/\/gooddealersmeds.com\/fi\/wp-content\/uploads\/sites\/6\/2023\/01\/bmk-oil.jpg","width":600,"height":600},{"@type":"BreadcrumbList","@id":"https:\/\/gooddealersmeds.com\/fi\/product\/bentsyylimetyyliketoni-bmk-oljy\/#breadcrumb","itemListElement":[{"@type":"ListItem","position":1,"name":"Home","item":"https:\/\/gooddealersmeds.com\/fi\/"},{"@type":"ListItem","position":2,"name":"Tuotteet","item":"https:\/\/gooddealersmeds.com\/fi\/tuotteet\/"},{"@type":"ListItem","position":3,"name":"Bentsyylimetyyliketoni (BMK) \u00f6ljy"}]},{"@type":"WebSite","@id":"https:\/\/gooddealersmeds.com\/fi\/#website","url":"https:\/\/gooddealersmeds.com\/fi\/","name":"Good Dealers Meds","description":"All our best","publisher":{"@id":"https:\/\/gooddealersmeds.com\/fi\/#organization"},"potentialAction":[{"@type":"SearchAction","target":{"@type":"EntryPoint","urlTemplate":"https:\/\/gooddealersmeds.com\/fi\/?s={search_term_string}"},"query-input":{"@type":"PropertyValueSpecification","valueRequired":true,"valueName":"search_term_string"}}],"inLanguage":"en-US"},{"@type":"Organization","@id":"https:\/\/gooddealersmeds.com\/fi\/#organization","name":"Good Dealers Meds","url":"https:\/\/gooddealersmeds.com\/fi\/","logo":{"@type":"ImageObject","inLanguage":"en-US","@id":"https:\/\/gooddealersmeds.com\/fi\/#\/schema\/logo\/image\/","url":"https:\/\/gooddealersmeds.com\/fi\/wp-content\/uploads\/sites\/6\/2022\/03\/gooddealersmeds__logo__20220317T222800Z.00.png","contentUrl":"https:\/\/gooddealersmeds.com\/fi\/wp-content\/uploads\/sites\/6\/2022\/03\/gooddealersmeds__logo__20220317T222800Z.00.png","width":500,"height":325,"caption":"Good Dealers Meds"},"image":{"@id":"https:\/\/gooddealersmeds.com\/fi\/#\/schema\/logo\/image\/"}}]}},"_links":{"self":[{"href":"https:\/\/gooddealersmeds.com\/fi\/wp-json\/wp\/v2\/product\/2211","targetHints":{"allow":["GET"]}}],"collection":[{"href":"https:\/\/gooddealersmeds.com\/fi\/wp-json\/wp\/v2\/product"}],"about":[{"href":"https:\/\/gooddealersmeds.com\/fi\/wp-json\/wp\/v2\/types\/product"}],"replies":[{"embeddable":true,"href":"https:\/\/gooddealersmeds.com\/fi\/wp-json\/wp\/v2\/comments?post=2211"}],"wp:featuredmedia":[{"embeddable":true,"href":"https:\/\/gooddealersmeds.com\/fi\/wp-json\/wp\/v2\/media\/2241"}],"wp:attachment":[{"href":"https:\/\/gooddealersmeds.com\/fi\/wp-json\/wp\/v2\/media?parent=2211"}],"wp:term":[{"taxonomy":"product_brand","embeddable":true,"href":"https:\/\/gooddealersmeds.com\/fi\/wp-json\/wp\/v2\/product_brand?post=2211"},{"taxonomy":"product_cat","embeddable":true,"href":"https:\/\/gooddealersmeds.com\/fi\/wp-json\/wp\/v2\/product_cat?post=2211"},{"taxonomy":"product_tag","embeddable":true,"href":"https:\/\/gooddealersmeds.com\/fi\/wp-json\/wp\/v2\/product_tag?post=2211"}],"curies":[{"name":"wp","href":"https:\/\/api.w.org\/{rel}","templated":true}]}}