{"id":2009,"date":"2022-07-03T14:50:24","date_gmt":"2022-07-03T14:50:24","guid":{"rendered":"https:\/\/gooddealersmeds.com\/fi\/?post_type=product&#038;p=2009"},"modified":"2023-01-20T08:42:37","modified_gmt":"2023-01-20T08:42:37","slug":"osta-neste-lsd-200ug-drop-online","status":"publish","type":"product","link":"https:\/\/gooddealersmeds.com\/fi\/product\/osta-neste-lsd-200ug-drop-online\/","title":{"rendered":"Osta nestem\u00e4ist\u00e4 LSD 200ug Drop verkosta"},"content":{"rendered":"<h2>Nestem\u00e4isen LSD 200g Dropin ostaminen netist\u00e4 meilt\u00e4.<\/h2>\n<p>Osta nestem\u00e4inen LSD-pisara &#8211; Etsitk\u00f6 tapaa ostaa nestem\u00e4ist\u00e4 LSD 200ug Dropia verkosta? <a href=\"https:\/\/gooddealersmeds.com\/fi\/product\/buy -liquid-lsd-200ug-drop-online\/\">Nestem\u00e4inen LSD 200ug drop<\/a> on l\u00e4\u00e4ke, jota voidaan k\u00e4ytt\u00e4\u00e4 virkistys- ja hoitotarkoituksiin.<\/p>\n<p>On kaksi p\u00e4\u00e4tapaa: lis\u00e4\u00e4m\u00e4ll\u00e4 tippoja suoraan kielen alle tai sekoittamalla se alkoholiin tai veteen ja juomalla se alas kuin cocktailin. J\u00e4lkimm\u00e4ist\u00e4 menetelm\u00e4\u00e4 pidet\u00e4\u00e4n yleens\u00e4 vaarallisempana, koska se vaatii enemm\u00e4n varovaisuutta ja tuottaa voimakkaamman vaikutuksen elimist\u00f6\u00f6n nopeammin kuin mit\u00e4 tahansa muuta ainetta tarvitaan \u2013 mutta jos se ei huolestuta sinua liikaa, k\u00e4yt\u00e4 jompaakumpaa menetelm\u00e4! Osta nestem\u00e4inen LSD-pisara<\/p>\n<p>Muista, ett\u00e4 yksikin tippa nestem\u00e4ist\u00e4 LSD:t\u00e4 voi olla liian vahvaa.<\/p>\n<p>Jos olet uusi t\u00e4ss\u00e4, ota tippa. Se on edelleen eritt\u00e4in vahva ja sill\u00e4 on hyv\u00e4 vaikutus kehoon, mutta se ei kest\u00e4 niin kauan.<\/p>\n<p><strong>Miksi tilata nestem\u00e4ist\u00e4 LSD 200ug Drop verkosta?<\/strong><\/p>\n<p>Tied\u00e4mme, ett\u00e4 nestem\u00e4isen LSD:n ostaminen ei ole niin yksinkertaista kuin paikallisen huumekauppiaan osuminen. Se vaatii aikaa, tietoa ja k\u00e4teist\u00e4 \u2013 ja jos aiot ostaa verkosta, joudut todenn\u00e4k\u00f6isesti tekemisiin h\u00e4m\u00e4rien j\u00e4lleenmyyjien kanssa, jotka haluavat huijata sinut.<\/p>\n<p>Asuisipa miss\u00e4 tahansa maailmassa. , voit l\u00f6yt\u00e4\u00e4 luotettavan LSD:n ja muiden huumeiden l\u00e4hteen ilman vaivatonta.<\/p>\n<h3><strong>Mist\u00e4 ostaa nestem\u00e4ist\u00e4 LSD 200g Dropia verkosta?<\/strong><\/h3>\n<p>Saadaksesi hy\u00f6dyt t\u00e4st\u00e4 l\u00e4\u00e4kkeest\u00e4, tarvitset nestem\u00e4ist\u00e4 200 ug LSD-tippaa. Voit ostaa sen verkossa Good Dealers Meds.<\/p>\n<p>Meill\u00e4 on Internetin parhaat tarjoukset, ja hintamme ovat aina kilpailukykyisi\u00e4. Meill\u00e4 on yli 10 vuoden kokemus alalta, joten luota meihin, kun sanomme, ett\u00e4 saat paljon. Joten etusi ostaa <a href=\"https:\/\/www.drugs.com\/illicit\/lsd.html\">Liquid LSD<\/a> 200ug Drops verkosta on ohi!<\/p>\n","protected":false},"excerpt":{"rendered":"<p><strong>LSD tarkoittaa lysergihappodietyyliamidia<\/strong><\/p>\n<p>Se on l\u00e4\u00e4ke, joka tulee kirkkaana v\u00e4ritt\u00f6m\u00e4n\u00e4 nesteen\u00e4. Sit\u00e4 on saatavana nestem\u00e4isin\u00e4 tippoina. LSD otetaan yleens\u00e4 suun kautta. Jotkut ihmiset hengitt\u00e4v\u00e4t sit\u00e4 nen\u00e4n kautta (nuuskaa) tai ruiskuttavat sen laskimoon (ampuvat yl\u00f6s). nestem\u00e4inen LSD 200ug &amp; drop myyt\u00e4v\u00e4n\u00e4 verkossa halvalla. LSD:n ostaminen on eritt\u00e4in helppoa verkkosivustoltamme, se on helposti saatavilla verkkokaupasta.<\/p>\n<p>1 ml = 20 tippaa = 20 imupulloa<\/p>\n","protected":false},"featured_media":2010,"comment_status":"open","ping_status":"closed","template":"","meta":{"inline_featured_image":false},"product_brand":[],"product_cat":[345],"product_tag":[580,576,105,587,584,586,577,581,579,578,582,575,585,574,107,583],"class_list":{"0":"post-2009","1":"product","2":"type-product","3":"status-publish","4":"has-post-thumbnail","6":"product_cat-psykedeeliset-huumeet","7":"product_tag-buy-liquid-lsd-200ug-online","8":"product_tag-buy-liquid-lsd-online","9":"product_tag-canada","10":"product_tag-is-liquid-lsd-200ug-drop-legal-in-canada","11":"product_tag-is-liquid-lsd-200ug-drop-legal-in-usa","12":"product_tag-miten-tilaa-liquid-lsd-200ug-drop","13":"product_tag-mist-osta-neste-lsd-200ug-drop","14":"product_tag-mist-osta-neste-lsd-200ug-drop-online","15":"product_tag-neste-lsd-myynniss","16":"product_tag-nesteminen-lsd-200ug-drop-myynniss","17":"product_tag-liquid-lsd-200ug-drop-sale-usa","18":"product_tag-osta-neste-lsd-200ug-drop","19":"product_tag-osta-neste-lsd-200ug-drop-pills-online-usa","20":"product_tag-osta-neste-lsd-200ug-drop-online-buy-liquid-lsd","21":"product_tag-ostaa","22":"product_tag-voit-viel-get-liquid-lsd-200ug-drop","24":"first","25":"instock","26":"shipping-taxable","27":"purchasable","28":"product-type-variable","29":"has-default-attributes"},"yoast_head":"<!-- This site is optimized with the Yoast SEO Premium plugin v20.6 (Yoast SEO v27.4) - https:\/\/yoast.com\/product\/yoast-seo-premium-wordpress\/ -->\n<title>Osta nestem\u00e4inen LSD-pisara | Tilaa LSD Drop | LSD myyt\u00e4v\u00e4n\u00e4<\/title>\n<meta name=\"description\" content=\"Osta nestem\u00e4inen LSD-pisara 200ug ja pudota verkosta halvalla ja puhtaimmalla hinnalla. Se on helposti saatavilla Euroopan verkkokaupasta.\" \/>\n<meta name=\"robots\" content=\"index, follow, max-snippet:-1, max-image-preview:large, max-video-preview:-1\" \/>\n<link rel=\"canonical\" href=\"https:\/\/gooddealersmeds.com\/fi\/product\/osta-neste-lsd-200ug-drop-online\/\" \/>\n<meta property=\"og:locale\" content=\"en_US\" \/>\n<meta property=\"og:type\" content=\"article\" \/>\n<meta property=\"og:title\" content=\"Osta nestem\u00e4ist\u00e4 LSD 200ug Drop verkosta\" \/>\n<meta property=\"og:description\" content=\"Osta nestem\u00e4inen LSD-pisara 200ug ja pudota verkosta halvalla ja puhtaimmalla hinnalla. Se on helposti saatavilla Euroopan verkkokaupasta.\" \/>\n<meta property=\"og:url\" content=\"https:\/\/gooddealersmeds.com\/fi\/product\/osta-neste-lsd-200ug-drop-online\/\" \/>\n<meta property=\"og:site_name\" content=\"Good Dealers Meds\" \/>\n<meta property=\"article:modified_time\" content=\"2023-01-20T08:42:37+00:00\" \/>\n<meta property=\"og:image\" content=\"https:\/\/gooddealersmeds.com\/fi\/wp-content\/uploads\/sites\/6\/2022\/07\/buy-liquid-lsd-200ug-drop-online-cheap-1.jpg\" \/>\n\t<meta property=\"og:image:width\" content=\"600\" \/>\n\t<meta property=\"og:image:height\" content=\"600\" \/>\n\t<meta property=\"og:image:type\" content=\"image\/jpeg\" \/>\n<meta name=\"twitter:card\" content=\"summary_large_image\" \/>\n<meta name=\"twitter:label1\" content=\"Est. reading time\" \/>\n\t<meta name=\"twitter:data1\" content=\"1 minute\" \/>\n<script type=\"application\/ld+json\" class=\"yoast-schema-graph\">{\"@context\":\"https:\\\/\\\/schema.org\",\"@graph\":[{\"@type\":\"WebPage\",\"@id\":\"https:\\\/\\\/gooddealersmeds.com\\\/fi\\\/product\\\/osta-neste-lsd-200ug-drop-online\\\/\",\"url\":\"https:\\\/\\\/gooddealersmeds.com\\\/fi\\\/product\\\/osta-neste-lsd-200ug-drop-online\\\/\",\"name\":\"Osta nestem\u00e4inen LSD-pisara | Tilaa LSD Drop | LSD myyt\u00e4v\u00e4n\u00e4\",\"isPartOf\":{\"@id\":\"https:\\\/\\\/gooddealersmeds.com\\\/fi\\\/#website\"},\"primaryImageOfPage\":{\"@id\":\"https:\\\/\\\/gooddealersmeds.com\\\/fi\\\/product\\\/osta-neste-lsd-200ug-drop-online\\\/#primaryimage\"},\"image\":{\"@id\":\"https:\\\/\\\/gooddealersmeds.com\\\/fi\\\/product\\\/osta-neste-lsd-200ug-drop-online\\\/#primaryimage\"},\"thumbnailUrl\":\"https:\\\/\\\/gooddealersmeds.com\\\/fi\\\/wp-content\\\/uploads\\\/sites\\\/6\\\/2022\\\/07\\\/buy-liquid-lsd-200ug-drop-online-cheap-1.jpg\",\"datePublished\":\"2022-07-03T14:50:24+00:00\",\"dateModified\":\"2023-01-20T08:42:37+00:00\",\"description\":\"Osta nestem\u00e4inen LSD-pisara 200ug ja pudota verkosta halvalla ja puhtaimmalla hinnalla. Se on helposti saatavilla Euroopan verkkokaupasta.\",\"breadcrumb\":{\"@id\":\"https:\\\/\\\/gooddealersmeds.com\\\/fi\\\/product\\\/osta-neste-lsd-200ug-drop-online\\\/#breadcrumb\"},\"inLanguage\":\"en-US\",\"potentialAction\":[{\"@type\":\"ReadAction\",\"target\":[\"https:\\\/\\\/gooddealersmeds.com\\\/fi\\\/product\\\/osta-neste-lsd-200ug-drop-online\\\/\"]}]},{\"@type\":\"ImageObject\",\"inLanguage\":\"en-US\",\"@id\":\"https:\\\/\\\/gooddealersmeds.com\\\/fi\\\/product\\\/osta-neste-lsd-200ug-drop-online\\\/#primaryimage\",\"url\":\"https:\\\/\\\/gooddealersmeds.com\\\/fi\\\/wp-content\\\/uploads\\\/sites\\\/6\\\/2022\\\/07\\\/buy-liquid-lsd-200ug-drop-online-cheap-1.jpg\",\"contentUrl\":\"https:\\\/\\\/gooddealersmeds.com\\\/fi\\\/wp-content\\\/uploads\\\/sites\\\/6\\\/2022\\\/07\\\/buy-liquid-lsd-200ug-drop-online-cheap-1.jpg\",\"width\":600,\"height\":600,\"caption\":\"Buy liquid LSD Drop\"},{\"@type\":\"BreadcrumbList\",\"@id\":\"https:\\\/\\\/gooddealersmeds.com\\\/fi\\\/product\\\/osta-neste-lsd-200ug-drop-online\\\/#breadcrumb\",\"itemListElement\":[{\"@type\":\"ListItem\",\"position\":1,\"name\":\"Home\",\"item\":\"https:\\\/\\\/gooddealersmeds.com\\\/fi\\\/\"},{\"@type\":\"ListItem\",\"position\":2,\"name\":\"Tuotteet\",\"item\":\"https:\\\/\\\/gooddealersmeds.com\\\/fi\\\/tuotteet\\\/\"},{\"@type\":\"ListItem\",\"position\":3,\"name\":\"Osta nestem\u00e4ist\u00e4 LSD 200ug Drop verkosta\"}]},{\"@type\":\"WebSite\",\"@id\":\"https:\\\/\\\/gooddealersmeds.com\\\/fi\\\/#website\",\"url\":\"https:\\\/\\\/gooddealersmeds.com\\\/fi\\\/\",\"name\":\"Good Dealers Meds\",\"description\":\"All our best\",\"publisher\":{\"@id\":\"https:\\\/\\\/gooddealersmeds.com\\\/fi\\\/#organization\"},\"potentialAction\":[{\"@type\":\"SearchAction\",\"target\":{\"@type\":\"EntryPoint\",\"urlTemplate\":\"https:\\\/\\\/gooddealersmeds.com\\\/fi\\\/?s={search_term_string}\"},\"query-input\":{\"@type\":\"PropertyValueSpecification\",\"valueRequired\":true,\"valueName\":\"search_term_string\"}}],\"inLanguage\":\"en-US\"},{\"@type\":\"Organization\",\"@id\":\"https:\\\/\\\/gooddealersmeds.com\\\/fi\\\/#organization\",\"name\":\"Good Dealers Meds\",\"url\":\"https:\\\/\\\/gooddealersmeds.com\\\/fi\\\/\",\"logo\":{\"@type\":\"ImageObject\",\"inLanguage\":\"en-US\",\"@id\":\"https:\\\/\\\/gooddealersmeds.com\\\/fi\\\/#\\\/schema\\\/logo\\\/image\\\/\",\"url\":\"https:\\\/\\\/gooddealersmeds.com\\\/fi\\\/wp-content\\\/uploads\\\/sites\\\/6\\\/2022\\\/03\\\/gooddealersmeds__logo__20220317T222800Z.00.png\",\"contentUrl\":\"https:\\\/\\\/gooddealersmeds.com\\\/fi\\\/wp-content\\\/uploads\\\/sites\\\/6\\\/2022\\\/03\\\/gooddealersmeds__logo__20220317T222800Z.00.png\",\"width\":500,\"height\":325,\"caption\":\"Good Dealers Meds\"},\"image\":{\"@id\":\"https:\\\/\\\/gooddealersmeds.com\\\/fi\\\/#\\\/schema\\\/logo\\\/image\\\/\"}}]}<\/script>\n<!-- \/ Yoast SEO Premium plugin. -->","yoast_head_json":{"title":"Osta nestem\u00e4inen LSD-pisara | Tilaa LSD Drop | LSD myyt\u00e4v\u00e4n\u00e4","description":"Osta nestem\u00e4inen LSD-pisara 200ug ja pudota verkosta halvalla ja puhtaimmalla hinnalla. Se on helposti saatavilla Euroopan verkkokaupasta.","robots":{"index":"index","follow":"follow","max-snippet":"max-snippet:-1","max-image-preview":"max-image-preview:large","max-video-preview":"max-video-preview:-1"},"canonical":"https:\/\/gooddealersmeds.com\/fi\/product\/osta-neste-lsd-200ug-drop-online\/","og_locale":"en_US","og_type":"article","og_title":"Osta nestem\u00e4ist\u00e4 LSD 200ug Drop verkosta","og_description":"Osta nestem\u00e4inen LSD-pisara 200ug ja pudota verkosta halvalla ja puhtaimmalla hinnalla. Se on helposti saatavilla Euroopan verkkokaupasta.","og_url":"https:\/\/gooddealersmeds.com\/fi\/product\/osta-neste-lsd-200ug-drop-online\/","og_site_name":"Good Dealers Meds","article_modified_time":"2023-01-20T08:42:37+00:00","og_image":[{"width":600,"height":600,"url":"https:\/\/gooddealersmeds.com\/fi\/wp-content\/uploads\/sites\/6\/2022\/07\/buy-liquid-lsd-200ug-drop-online-cheap-1.jpg","type":"image\/jpeg"}],"twitter_card":"summary_large_image","twitter_misc":{"Est. reading time":"1 minute"},"schema":{"@context":"https:\/\/schema.org","@graph":[{"@type":"WebPage","@id":"https:\/\/gooddealersmeds.com\/fi\/product\/osta-neste-lsd-200ug-drop-online\/","url":"https:\/\/gooddealersmeds.com\/fi\/product\/osta-neste-lsd-200ug-drop-online\/","name":"Osta nestem\u00e4inen LSD-pisara | Tilaa LSD Drop | LSD myyt\u00e4v\u00e4n\u00e4","isPartOf":{"@id":"https:\/\/gooddealersmeds.com\/fi\/#website"},"primaryImageOfPage":{"@id":"https:\/\/gooddealersmeds.com\/fi\/product\/osta-neste-lsd-200ug-drop-online\/#primaryimage"},"image":{"@id":"https:\/\/gooddealersmeds.com\/fi\/product\/osta-neste-lsd-200ug-drop-online\/#primaryimage"},"thumbnailUrl":"https:\/\/gooddealersmeds.com\/fi\/wp-content\/uploads\/sites\/6\/2022\/07\/buy-liquid-lsd-200ug-drop-online-cheap-1.jpg","datePublished":"2022-07-03T14:50:24+00:00","dateModified":"2023-01-20T08:42:37+00:00","description":"Osta nestem\u00e4inen LSD-pisara 200ug ja pudota verkosta halvalla ja puhtaimmalla hinnalla. Se on helposti saatavilla Euroopan verkkokaupasta.","breadcrumb":{"@id":"https:\/\/gooddealersmeds.com\/fi\/product\/osta-neste-lsd-200ug-drop-online\/#breadcrumb"},"inLanguage":"en-US","potentialAction":[{"@type":"ReadAction","target":["https:\/\/gooddealersmeds.com\/fi\/product\/osta-neste-lsd-200ug-drop-online\/"]}]},{"@type":"ImageObject","inLanguage":"en-US","@id":"https:\/\/gooddealersmeds.com\/fi\/product\/osta-neste-lsd-200ug-drop-online\/#primaryimage","url":"https:\/\/gooddealersmeds.com\/fi\/wp-content\/uploads\/sites\/6\/2022\/07\/buy-liquid-lsd-200ug-drop-online-cheap-1.jpg","contentUrl":"https:\/\/gooddealersmeds.com\/fi\/wp-content\/uploads\/sites\/6\/2022\/07\/buy-liquid-lsd-200ug-drop-online-cheap-1.jpg","width":600,"height":600,"caption":"Buy liquid LSD Drop"},{"@type":"BreadcrumbList","@id":"https:\/\/gooddealersmeds.com\/fi\/product\/osta-neste-lsd-200ug-drop-online\/#breadcrumb","itemListElement":[{"@type":"ListItem","position":1,"name":"Home","item":"https:\/\/gooddealersmeds.com\/fi\/"},{"@type":"ListItem","position":2,"name":"Tuotteet","item":"https:\/\/gooddealersmeds.com\/fi\/tuotteet\/"},{"@type":"ListItem","position":3,"name":"Osta nestem\u00e4ist\u00e4 LSD 200ug Drop verkosta"}]},{"@type":"WebSite","@id":"https:\/\/gooddealersmeds.com\/fi\/#website","url":"https:\/\/gooddealersmeds.com\/fi\/","name":"Good Dealers Meds","description":"All our best","publisher":{"@id":"https:\/\/gooddealersmeds.com\/fi\/#organization"},"potentialAction":[{"@type":"SearchAction","target":{"@type":"EntryPoint","urlTemplate":"https:\/\/gooddealersmeds.com\/fi\/?s={search_term_string}"},"query-input":{"@type":"PropertyValueSpecification","valueRequired":true,"valueName":"search_term_string"}}],"inLanguage":"en-US"},{"@type":"Organization","@id":"https:\/\/gooddealersmeds.com\/fi\/#organization","name":"Good Dealers Meds","url":"https:\/\/gooddealersmeds.com\/fi\/","logo":{"@type":"ImageObject","inLanguage":"en-US","@id":"https:\/\/gooddealersmeds.com\/fi\/#\/schema\/logo\/image\/","url":"https:\/\/gooddealersmeds.com\/fi\/wp-content\/uploads\/sites\/6\/2022\/03\/gooddealersmeds__logo__20220317T222800Z.00.png","contentUrl":"https:\/\/gooddealersmeds.com\/fi\/wp-content\/uploads\/sites\/6\/2022\/03\/gooddealersmeds__logo__20220317T222800Z.00.png","width":500,"height":325,"caption":"Good Dealers Meds"},"image":{"@id":"https:\/\/gooddealersmeds.com\/fi\/#\/schema\/logo\/image\/"}}]}},"_links":{"self":[{"href":"https:\/\/gooddealersmeds.com\/fi\/wp-json\/wp\/v2\/product\/2009","targetHints":{"allow":["GET"]}}],"collection":[{"href":"https:\/\/gooddealersmeds.com\/fi\/wp-json\/wp\/v2\/product"}],"about":[{"href":"https:\/\/gooddealersmeds.com\/fi\/wp-json\/wp\/v2\/types\/product"}],"replies":[{"embeddable":true,"href":"https:\/\/gooddealersmeds.com\/fi\/wp-json\/wp\/v2\/comments?post=2009"}],"wp:featuredmedia":[{"embeddable":true,"href":"https:\/\/gooddealersmeds.com\/fi\/wp-json\/wp\/v2\/media\/2010"}],"wp:attachment":[{"href":"https:\/\/gooddealersmeds.com\/fi\/wp-json\/wp\/v2\/media?parent=2009"}],"wp:term":[{"taxonomy":"product_brand","embeddable":true,"href":"https:\/\/gooddealersmeds.com\/fi\/wp-json\/wp\/v2\/product_brand?post=2009"},{"taxonomy":"product_cat","embeddable":true,"href":"https:\/\/gooddealersmeds.com\/fi\/wp-json\/wp\/v2\/product_cat?post=2009"},{"taxonomy":"product_tag","embeddable":true,"href":"https:\/\/gooddealersmeds.com\/fi\/wp-json\/wp\/v2\/product_tag?post=2009"}],"curies":[{"name":"wp","href":"https:\/\/api.w.org\/{rel}","templated":true}]}}