{"id":2002,"date":"2022-08-01T19:12:36","date_gmt":"2022-08-01T19:12:36","guid":{"rendered":"https:\/\/gooddealersmeds.com\/fi\/?post_type=product&#038;p=2002"},"modified":"2023-01-20T08:27:26","modified_gmt":"2023-01-20T08:27:26","slug":"osta-laatu-fensyklidiini-pcp-neste","status":"publish","type":"product","link":"https:\/\/gooddealersmeds.com\/fi\/product\/osta-laatu-fensyklidiini-pcp-neste\/","title":{"rendered":"Osta laadukasta fensyklidiini (PCP) -nestett\u00e4"},"content":{"rendered":"<h2>Osta eritt\u00e4in puhdasta fensyklidiininestett\u00e4 (PCP) meilt\u00e4<\/h2>\n<p>Fensyklidiinineste (PCP) on psykedeelinen l\u00e4\u00e4ke, jonka kyky muuttaa todellisuutta on otettu huomioon. Se on virkistyshuume; se voidaan my\u00f6s pist\u00e4\u00e4, koska se on nestem\u00e4isess\u00e4 tilassa. Osta fensyklidiininestett\u00e4 verkosta. Se voidaan my\u00f6s sekoittaa tupakkaan tai marihuanaan yksil\u00f6llisten mieltymysten mukaan, mist\u00e4 tilata Phencyclidine nestett\u00e4. Fensyklidiini kuuluu aryylisykloheksyyliamiinien l\u00e4\u00e4keryhm\u00e4\u00e4n ja se on dissosioiva anestesia. Se auttaa v\u00e4hent\u00e4m\u00e4\u00e4n kipua merkitt\u00e4v\u00e4sti annoksesta riippuen; se voi my\u00f6s toimia anestesia-, piristys- tai masennusl\u00e4\u00e4kkeen\u00e4. Sivuvaikutuksia, kuten n\u00e4\u00f6n h\u00e4m\u00e4rtymist\u00e4, oksentelua ja huimausta, voi liitty\u00e4 merkitt\u00e4v\u00e4sti suurten annosten k\u00e4ytt\u00f6\u00f6n. Kohtuullisesti k\u00e4ytettyn\u00e4 se saa sinut tuntemaan olosi irti todellisuudesta ja antaa euforian tunteen. Sen tiedet\u00e4\u00e4n j\u00e4ljittelev\u00e4n melkein kuin sinulla olisi yli-inhimillist\u00e4 voimaa etk\u00e4 pelk\u00e4\u00e4 mit\u00e4\u00e4n.<\/p>\n<p><strong>Fensyklidiinin k\u00e4ytt\u00f6\u00a0<\/strong><\/p>\n<p>Fensyklidiininesteell\u00e4 (PCP) on nopea reaktioaika, kun ruiskutetaan suoraan kehoon. Se kuluu tyypillisesti 6-24 tunnin kuluttua k\u00e4ytetyst\u00e4 annoksesta riippuen. Merkitt\u00e4vien sivuvaikutusten ja yliannostuksen vaara kasvaa, kun PCP:t\u00e4 yhdistet\u00e4\u00e4n muiden l\u00e4\u00e4kkeiden kanssa, mukaan lukien reseptil\u00e4\u00e4kkeet, <a href=\"https:\/\/gooddealersmeds.com\/fi\/product\/buy-quality-phencyclidine-pcp-liquid\/\">PCP reseptivapaasti myyt\u00e4vi\u00e4 (OTC)<\/a> ja muita virkistysopioideja. T\u00e4m\u00e4 p\u00e4tee erityisesti silloin, kun yhdist\u00e4t keskushermostoa lamaavia l\u00e4\u00e4kkeit\u00e4. Se voi hidastaa hengityst\u00e4si merkitt\u00e4v\u00e4sti ja aiheuttaa verenpaineen nousua, Osta fensyklidiininestett\u00e4 verkosta.<\/p>\n<p><strong>PCP-annos<\/strong><\/p>\n<p>Fensyklidiininestett\u00e4 (PCP) ei tule k\u00e4ytt\u00e4\u00e4 usein koska toistuva ja pitk\u00e4aikainen k\u00e4ytt\u00f6 voi aiheuttaa ep\u00e4miellytt\u00e4vi\u00e4 vaikutuksia. Sit\u00e4 ei tule k\u00e4ytt\u00e4\u00e4 yksin\u00e4\u00e4n, koska k\u00e4ytt\u00e4j\u00e4 voi kokea hallusinaatioita, jotka voivat johtaa outoon k\u00e4ytt\u00e4ytymiseen ja h\u00e4mmennykseen. kumppani tai yritys olisi erinomaista ja hy\u00f6dyllist\u00e4 miss\u00e4 tahansa ongelmassa. Pysy aina nesteytettyn\u00e4 PCP:t\u00e4 k\u00e4ytett\u00e4ess\u00e4 v\u00e4ltt\u00e4\u00e4ksesi kuivumisen ja kohonneen kehon l\u00e4mp\u00f6tilan. On aina hyv\u00e4 idea v\u00e4ltt\u00e4\u00e4 PCP:n sekoittamista alkoholiin. T\u00e4st\u00e4 l\u00e4\u00e4kkeest\u00e4 on olemassa riski riippuvaiseksi tulla varsinkin, jos k\u00e4yt\u00e4t sit\u00e4 jatkuvasti, se tulee ottaa kohtalaisina annoksina, ja voit ottaa yhteytt\u00e4 l\u00e4\u00e4k\u00e4reihimme saadaksesi asianmukaista koulutusta k\u00e4yt\u00f6st\u00e4.<\/p>\n","protected":false},"excerpt":{"rendered":"<p>Osta eritt\u00e4in puhdasta fensyklidiininestett\u00e4 (PCP) meilt\u00e4 Fensyklidiinineste (PCP) on psykedeelinen l\u00e4\u00e4ke, jonka kyky muuttaa todellisuutta on otettu huomioon. Se on virkistyshuume; se voidaan my\u00f6s pist\u00e4\u00e4, koska se on nestem\u00e4isess\u00e4 tilassa. Osta fensyklidiininestett\u00e4 verkosta. Se voidaan my\u00f6s sekoittaa tupakkaan tai marihuanaan yksil\u00f6llisten mieltymysten mukaan, mist\u00e4 tilata Phencyclidine nestett\u00e4. Fensyklidiini kuuluu aryylisykloheksyyliamiinien l\u00e4\u00e4keryhm\u00e4\u00e4n ja se on dissosioiva&#8230;<\/p>\n","protected":false},"featured_media":2003,"comment_status":"open","ping_status":"closed","template":"","meta":{"inline_featured_image":false},"product_brand":[],"product_cat":[345],"product_tag":[],"class_list":{"0":"post-2002","1":"product","2":"type-product","3":"status-publish","4":"has-post-thumbnail","6":"product_cat-psykedeeliset-huumeet","8":"first","9":"instock","10":"shipping-taxable","11":"product-type-simple"},"yoast_head":"<!-- This site is optimized with the Yoast SEO Premium plugin v20.6 (Yoast SEO v27.3) - https:\/\/yoast.com\/product\/yoast-seo-premium-wordpress\/ -->\n<title>Osta fensyklidiininestett\u00e4 verkosta - tilaa PCP-neste | Good Dealers Meds<\/title>\n<meta name=\"description\" content=\"Osta fensyklidiininestett\u00e4 verkosta (tunnetaan my\u00f6s nimell\u00e4 enkelip\u00f6ly) edulliseen hintaan luotettavilta toimittajilta, joiden puhtausaste on korkein.\" \/>\n<meta name=\"robots\" content=\"index, follow, max-snippet:-1, max-image-preview:large, max-video-preview:-1\" \/>\n<link rel=\"canonical\" href=\"https:\/\/gooddealersmeds.com\/fi\/product\/osta-laatu-fensyklidiini-pcp-neste\/\" \/>\n<meta property=\"og:locale\" content=\"en_US\" \/>\n<meta property=\"og:type\" content=\"article\" \/>\n<meta property=\"og:title\" content=\"Osta laadukasta fensyklidiini (PCP) -nestett\u00e4\" \/>\n<meta property=\"og:description\" content=\"Osta fensyklidiininestett\u00e4 verkosta (tunnetaan my\u00f6s nimell\u00e4 enkelip\u00f6ly) edulliseen hintaan luotettavilta toimittajilta, joiden puhtausaste on korkein.\" \/>\n<meta property=\"og:url\" content=\"https:\/\/gooddealersmeds.com\/fi\/product\/osta-laatu-fensyklidiini-pcp-neste\/\" \/>\n<meta property=\"og:site_name\" content=\"Good Dealers Meds\" \/>\n<meta property=\"article:modified_time\" content=\"2023-01-20T08:27:26+00:00\" \/>\n<meta property=\"og:image\" content=\"https:\/\/gooddealersmeds.com\/fi\/wp-content\/uploads\/sites\/6\/2022\/07\/pcp-angel-dust-solution.jpg\" \/>\n\t<meta property=\"og:image:width\" content=\"718\" \/>\n\t<meta property=\"og:image:height\" content=\"539\" \/>\n\t<meta property=\"og:image:type\" content=\"image\/jpeg\" \/>\n<meta name=\"twitter:card\" content=\"summary_large_image\" \/>\n<meta name=\"twitter:label1\" content=\"Est. reading time\" \/>\n\t<meta name=\"twitter:data1\" content=\"2 minutes\" \/>\n<script type=\"application\/ld+json\" class=\"yoast-schema-graph\">{\"@context\":\"https:\\\/\\\/schema.org\",\"@graph\":[{\"@type\":\"WebPage\",\"@id\":\"https:\\\/\\\/gooddealersmeds.com\\\/fi\\\/product\\\/osta-laatu-fensyklidiini-pcp-neste\\\/\",\"url\":\"https:\\\/\\\/gooddealersmeds.com\\\/fi\\\/product\\\/osta-laatu-fensyklidiini-pcp-neste\\\/\",\"name\":\"Osta fensyklidiininestett\u00e4 verkosta - tilaa PCP-neste | Good Dealers Meds\",\"isPartOf\":{\"@id\":\"https:\\\/\\\/gooddealersmeds.com\\\/fi\\\/#website\"},\"primaryImageOfPage\":{\"@id\":\"https:\\\/\\\/gooddealersmeds.com\\\/fi\\\/product\\\/osta-laatu-fensyklidiini-pcp-neste\\\/#primaryimage\"},\"image\":{\"@id\":\"https:\\\/\\\/gooddealersmeds.com\\\/fi\\\/product\\\/osta-laatu-fensyklidiini-pcp-neste\\\/#primaryimage\"},\"thumbnailUrl\":\"https:\\\/\\\/gooddealersmeds.com\\\/fi\\\/wp-content\\\/uploads\\\/sites\\\/6\\\/2022\\\/07\\\/pcp-angel-dust-solution.jpg\",\"datePublished\":\"2022-08-01T19:12:36+00:00\",\"dateModified\":\"2023-01-20T08:27:26+00:00\",\"description\":\"Osta fensyklidiininestett\u00e4 verkosta (tunnetaan my\u00f6s nimell\u00e4 enkelip\u00f6ly) edulliseen hintaan luotettavilta toimittajilta, joiden puhtausaste on korkein.\",\"breadcrumb\":{\"@id\":\"https:\\\/\\\/gooddealersmeds.com\\\/fi\\\/product\\\/osta-laatu-fensyklidiini-pcp-neste\\\/#breadcrumb\"},\"inLanguage\":\"en-US\",\"potentialAction\":[{\"@type\":\"ReadAction\",\"target\":[\"https:\\\/\\\/gooddealersmeds.com\\\/fi\\\/product\\\/osta-laatu-fensyklidiini-pcp-neste\\\/\"]}]},{\"@type\":\"ImageObject\",\"inLanguage\":\"en-US\",\"@id\":\"https:\\\/\\\/gooddealersmeds.com\\\/fi\\\/product\\\/osta-laatu-fensyklidiini-pcp-neste\\\/#primaryimage\",\"url\":\"https:\\\/\\\/gooddealersmeds.com\\\/fi\\\/wp-content\\\/uploads\\\/sites\\\/6\\\/2022\\\/07\\\/pcp-angel-dust-solution.jpg\",\"contentUrl\":\"https:\\\/\\\/gooddealersmeds.com\\\/fi\\\/wp-content\\\/uploads\\\/sites\\\/6\\\/2022\\\/07\\\/pcp-angel-dust-solution.jpg\",\"width\":718,\"height\":539,\"caption\":\"buy pcp powder\"},{\"@type\":\"BreadcrumbList\",\"@id\":\"https:\\\/\\\/gooddealersmeds.com\\\/fi\\\/product\\\/osta-laatu-fensyklidiini-pcp-neste\\\/#breadcrumb\",\"itemListElement\":[{\"@type\":\"ListItem\",\"position\":1,\"name\":\"Home\",\"item\":\"https:\\\/\\\/gooddealersmeds.com\\\/fi\\\/\"},{\"@type\":\"ListItem\",\"position\":2,\"name\":\"Tuotteet\",\"item\":\"https:\\\/\\\/gooddealersmeds.com\\\/fi\\\/tuotteet\\\/\"},{\"@type\":\"ListItem\",\"position\":3,\"name\":\"Osta laadukasta fensyklidiini (PCP) -nestett\u00e4\"}]},{\"@type\":\"WebSite\",\"@id\":\"https:\\\/\\\/gooddealersmeds.com\\\/fi\\\/#website\",\"url\":\"https:\\\/\\\/gooddealersmeds.com\\\/fi\\\/\",\"name\":\"Good Dealers Meds\",\"description\":\"All our best\",\"publisher\":{\"@id\":\"https:\\\/\\\/gooddealersmeds.com\\\/fi\\\/#organization\"},\"potentialAction\":[{\"@type\":\"SearchAction\",\"target\":{\"@type\":\"EntryPoint\",\"urlTemplate\":\"https:\\\/\\\/gooddealersmeds.com\\\/fi\\\/?s={search_term_string}\"},\"query-input\":{\"@type\":\"PropertyValueSpecification\",\"valueRequired\":true,\"valueName\":\"search_term_string\"}}],\"inLanguage\":\"en-US\"},{\"@type\":\"Organization\",\"@id\":\"https:\\\/\\\/gooddealersmeds.com\\\/fi\\\/#organization\",\"name\":\"Good Dealers Meds\",\"url\":\"https:\\\/\\\/gooddealersmeds.com\\\/fi\\\/\",\"logo\":{\"@type\":\"ImageObject\",\"inLanguage\":\"en-US\",\"@id\":\"https:\\\/\\\/gooddealersmeds.com\\\/fi\\\/#\\\/schema\\\/logo\\\/image\\\/\",\"url\":\"https:\\\/\\\/gooddealersmeds.com\\\/fi\\\/wp-content\\\/uploads\\\/sites\\\/6\\\/2022\\\/03\\\/gooddealersmeds__logo__20220317T222800Z.00.png\",\"contentUrl\":\"https:\\\/\\\/gooddealersmeds.com\\\/fi\\\/wp-content\\\/uploads\\\/sites\\\/6\\\/2022\\\/03\\\/gooddealersmeds__logo__20220317T222800Z.00.png\",\"width\":500,\"height\":325,\"caption\":\"Good Dealers Meds\"},\"image\":{\"@id\":\"https:\\\/\\\/gooddealersmeds.com\\\/fi\\\/#\\\/schema\\\/logo\\\/image\\\/\"}}]}<\/script>\n<!-- \/ Yoast SEO Premium plugin. -->","yoast_head_json":{"title":"Osta fensyklidiininestett\u00e4 verkosta - tilaa PCP-neste | Good Dealers Meds","description":"Osta fensyklidiininestett\u00e4 verkosta (tunnetaan my\u00f6s nimell\u00e4 enkelip\u00f6ly) edulliseen hintaan luotettavilta toimittajilta, joiden puhtausaste on korkein.","robots":{"index":"index","follow":"follow","max-snippet":"max-snippet:-1","max-image-preview":"max-image-preview:large","max-video-preview":"max-video-preview:-1"},"canonical":"https:\/\/gooddealersmeds.com\/fi\/product\/osta-laatu-fensyklidiini-pcp-neste\/","og_locale":"en_US","og_type":"article","og_title":"Osta laadukasta fensyklidiini (PCP) -nestett\u00e4","og_description":"Osta fensyklidiininestett\u00e4 verkosta (tunnetaan my\u00f6s nimell\u00e4 enkelip\u00f6ly) edulliseen hintaan luotettavilta toimittajilta, joiden puhtausaste on korkein.","og_url":"https:\/\/gooddealersmeds.com\/fi\/product\/osta-laatu-fensyklidiini-pcp-neste\/","og_site_name":"Good Dealers Meds","article_modified_time":"2023-01-20T08:27:26+00:00","og_image":[{"width":718,"height":539,"url":"https:\/\/gooddealersmeds.com\/fi\/wp-content\/uploads\/sites\/6\/2022\/07\/pcp-angel-dust-solution.jpg","type":"image\/jpeg"}],"twitter_card":"summary_large_image","twitter_misc":{"Est. reading time":"2 minutes"},"schema":{"@context":"https:\/\/schema.org","@graph":[{"@type":"WebPage","@id":"https:\/\/gooddealersmeds.com\/fi\/product\/osta-laatu-fensyklidiini-pcp-neste\/","url":"https:\/\/gooddealersmeds.com\/fi\/product\/osta-laatu-fensyklidiini-pcp-neste\/","name":"Osta fensyklidiininestett\u00e4 verkosta - tilaa PCP-neste | Good Dealers Meds","isPartOf":{"@id":"https:\/\/gooddealersmeds.com\/fi\/#website"},"primaryImageOfPage":{"@id":"https:\/\/gooddealersmeds.com\/fi\/product\/osta-laatu-fensyklidiini-pcp-neste\/#primaryimage"},"image":{"@id":"https:\/\/gooddealersmeds.com\/fi\/product\/osta-laatu-fensyklidiini-pcp-neste\/#primaryimage"},"thumbnailUrl":"https:\/\/gooddealersmeds.com\/fi\/wp-content\/uploads\/sites\/6\/2022\/07\/pcp-angel-dust-solution.jpg","datePublished":"2022-08-01T19:12:36+00:00","dateModified":"2023-01-20T08:27:26+00:00","description":"Osta fensyklidiininestett\u00e4 verkosta (tunnetaan my\u00f6s nimell\u00e4 enkelip\u00f6ly) edulliseen hintaan luotettavilta toimittajilta, joiden puhtausaste on korkein.","breadcrumb":{"@id":"https:\/\/gooddealersmeds.com\/fi\/product\/osta-laatu-fensyklidiini-pcp-neste\/#breadcrumb"},"inLanguage":"en-US","potentialAction":[{"@type":"ReadAction","target":["https:\/\/gooddealersmeds.com\/fi\/product\/osta-laatu-fensyklidiini-pcp-neste\/"]}]},{"@type":"ImageObject","inLanguage":"en-US","@id":"https:\/\/gooddealersmeds.com\/fi\/product\/osta-laatu-fensyklidiini-pcp-neste\/#primaryimage","url":"https:\/\/gooddealersmeds.com\/fi\/wp-content\/uploads\/sites\/6\/2022\/07\/pcp-angel-dust-solution.jpg","contentUrl":"https:\/\/gooddealersmeds.com\/fi\/wp-content\/uploads\/sites\/6\/2022\/07\/pcp-angel-dust-solution.jpg","width":718,"height":539,"caption":"buy pcp powder"},{"@type":"BreadcrumbList","@id":"https:\/\/gooddealersmeds.com\/fi\/product\/osta-laatu-fensyklidiini-pcp-neste\/#breadcrumb","itemListElement":[{"@type":"ListItem","position":1,"name":"Home","item":"https:\/\/gooddealersmeds.com\/fi\/"},{"@type":"ListItem","position":2,"name":"Tuotteet","item":"https:\/\/gooddealersmeds.com\/fi\/tuotteet\/"},{"@type":"ListItem","position":3,"name":"Osta laadukasta fensyklidiini (PCP) -nestett\u00e4"}]},{"@type":"WebSite","@id":"https:\/\/gooddealersmeds.com\/fi\/#website","url":"https:\/\/gooddealersmeds.com\/fi\/","name":"Good Dealers Meds","description":"All our best","publisher":{"@id":"https:\/\/gooddealersmeds.com\/fi\/#organization"},"potentialAction":[{"@type":"SearchAction","target":{"@type":"EntryPoint","urlTemplate":"https:\/\/gooddealersmeds.com\/fi\/?s={search_term_string}"},"query-input":{"@type":"PropertyValueSpecification","valueRequired":true,"valueName":"search_term_string"}}],"inLanguage":"en-US"},{"@type":"Organization","@id":"https:\/\/gooddealersmeds.com\/fi\/#organization","name":"Good Dealers Meds","url":"https:\/\/gooddealersmeds.com\/fi\/","logo":{"@type":"ImageObject","inLanguage":"en-US","@id":"https:\/\/gooddealersmeds.com\/fi\/#\/schema\/logo\/image\/","url":"https:\/\/gooddealersmeds.com\/fi\/wp-content\/uploads\/sites\/6\/2022\/03\/gooddealersmeds__logo__20220317T222800Z.00.png","contentUrl":"https:\/\/gooddealersmeds.com\/fi\/wp-content\/uploads\/sites\/6\/2022\/03\/gooddealersmeds__logo__20220317T222800Z.00.png","width":500,"height":325,"caption":"Good Dealers Meds"},"image":{"@id":"https:\/\/gooddealersmeds.com\/fi\/#\/schema\/logo\/image\/"}}]}},"_links":{"self":[{"href":"https:\/\/gooddealersmeds.com\/fi\/wp-json\/wp\/v2\/product\/2002","targetHints":{"allow":["GET"]}}],"collection":[{"href":"https:\/\/gooddealersmeds.com\/fi\/wp-json\/wp\/v2\/product"}],"about":[{"href":"https:\/\/gooddealersmeds.com\/fi\/wp-json\/wp\/v2\/types\/product"}],"replies":[{"embeddable":true,"href":"https:\/\/gooddealersmeds.com\/fi\/wp-json\/wp\/v2\/comments?post=2002"}],"wp:featuredmedia":[{"embeddable":true,"href":"https:\/\/gooddealersmeds.com\/fi\/wp-json\/wp\/v2\/media\/2003"}],"wp:attachment":[{"href":"https:\/\/gooddealersmeds.com\/fi\/wp-json\/wp\/v2\/media?parent=2002"}],"wp:term":[{"taxonomy":"product_brand","embeddable":true,"href":"https:\/\/gooddealersmeds.com\/fi\/wp-json\/wp\/v2\/product_brand?post=2002"},{"taxonomy":"product_cat","embeddable":true,"href":"https:\/\/gooddealersmeds.com\/fi\/wp-json\/wp\/v2\/product_cat?post=2002"},{"taxonomy":"product_tag","embeddable":true,"href":"https:\/\/gooddealersmeds.com\/fi\/wp-json\/wp\/v2\/product_tag?post=2002"}],"curies":[{"name":"wp","href":"https:\/\/api.w.org\/{rel}","templated":true}]}}