{"id":2001,"date":"2022-07-03T14:45:15","date_gmt":"2022-07-03T14:45:15","guid":{"rendered":"https:\/\/gooddealersmeds.com\/fi\/?post_type=product&#038;p=2001"},"modified":"2023-01-20T08:59:58","modified_gmt":"2023-01-20T08:59:58","slug":"osta-ketamiini-jauhe-verkosta","status":"publish","type":"product","link":"https:\/\/gooddealersmeds.com\/fi\/product\/osta-ketamiini-jauhe-verkosta\/","title":{"rendered":"Osta ketamiinijauhetta verkosta"},"content":{"rendered":"<h2>Mik\u00e4 on ketamiinijauhe ja miten se toimii<\/h2>\n<p>Ketamiini on dissosioiva anestesia. L\u00e4\u00e4k\u00e4rit k\u00e4ytt\u00e4v\u00e4t sit\u00e4 yleisanestesian aloittamiseen &#8211; Osta ketamiinijauhetta verkosta. Sit\u00e4 voidaan k\u00e4ytt\u00e4\u00e4 masennuksen hoitoon potilailla, jotka eiv\u00e4t reagoi hyvin muihin hoitomuotoihin. Sit\u00e4 voidaan k\u00e4ytt\u00e4\u00e4 ahdistuneisuusongelmien hoitoon. Alkoholi ja ketamiini ovat keskushermostoa lamaavia aineita, ja sellaisenaan ketamiinia alkoholin kanssa ei suositella, koska sill\u00e4 voi olla kohtalokkaita vaikutuksia. Se on suosittu virkistyshuume, joka voi aiheuttaa euforian tunteen otettuna. Sit\u00e4 voidaan k\u00e4ytt\u00e4\u00e4 my\u00f6s kivun lievitykseen varsinkin silloin, kun muut l\u00e4\u00e4kkeet eiv\u00e4t n\u00e4yt\u00e4 saavan ty\u00f6t\u00e4 valmiiksi. Ketamiini ei toimi kuten muut kipusignaaleja est\u00e4v\u00e4t anesteetit, vaan se toimii siten, ett\u00e4 se irrottaa aivot kehosta. Se est\u00e4\u00e4 aivojen kyky\u00e4 k\u00e4sitell\u00e4 kipusignaaleja. Ketamiinin tiedet\u00e4\u00e4n lis\u00e4\u00e4v\u00e4n hermostoa, ja jotkut tutkimukset ovat osoittaneet, ett\u00e4 se voi. <a href=\"https:\/\/gooddealersmeds.com\/fi\/product\/buy-ketamine-powder-online\/\">Kuinka voin tilata ketamiinia<\/a><\/p>\n<p><strong>Mik\u00e4 on oikea paikka ostaa ketamiinia?<\/strong><\/p>\n<p>k\u00e4ytet\u00e4\u00e4n joidenkin mielenterveyssairauksien hoitoon. Sit\u00e4 voidaan k\u00e4ytt\u00e4\u00e4 palovammojen aiheuttaman kivun lievitt\u00e4miseen. Sit\u00e4 voidaan k\u00e4ytt\u00e4\u00e4 taistelukent\u00e4ll\u00e4 saatujen vammojen hoitoon. Sit\u00e4 on my\u00f6s k\u00e4ytetty kivun hallintaan lapsilla, jotka eiv\u00e4t voi k\u00e4ytt\u00e4\u00e4 muita anestesiaa haittavaikutusten tai allergioiden vuoksi. Vaikutus tuntuu yleens\u00e4 muutaman minuutin kuluttua sen ottamisesta. Reaktioaika riippuu k\u00e4ytt\u00f6tavasta &#8211; Myyd\u00e4\u00e4n ketamiinijauhe. Kun se otetaan, aika, joka kuluu ennen kuin se alkaa toimia, vaihtelee muutamasta sekunnista 30 minuuttiin. Ketamiinin k\u00e4ytt\u00e4jill\u00e4 on raportoitu kokevan korkean verenpaineen, joka voi saada heid\u00e4t tuntemaan olonsa onnelliseksi ja helpoksi. Lis\u00e4ksi he voivat tuntea olevansa irrallaan kehostaan, koska se on dissosioiva anestesia. L\u00e4\u00e4ke vaikuttaa glutamiinireseptoreihin ja korjaa ja aktivoi uudelleen synapseja, mik\u00e4 parantaa aivojen sopeutumiskyky\u00e4, mik\u00e4 voi auttaa selviytym\u00e4\u00e4n masennuksesta, Osta ketamiinijauhetta verkosta<\/p>\n<h3>Ketamiinin tilaaminen ja sen k\u00e4ytt\u00f6tavat<\/h3>\n<p>Ketamiinin on raportoitu tekev\u00e4n masennusl\u00e4\u00e4kkeist\u00e4 tai psykoterapiasta tehokkaita. vaikka ne eiv\u00e4t aluksi olleet niin tehokkaita. T\u00e4m\u00e4 voi my\u00f6s selitt\u00e4\u00e4, miksi ketamiini voi tehd\u00e4 masennusl\u00e4\u00e4kkeist\u00e4 tai psykoterapiasta tehokkaita sen j\u00e4lkeen, kun ne eiv\u00e4t olleet aiemmin. Jotkut k\u00e4ytt\u00e4j\u00e4t v\u00e4itt\u00e4v\u00e4t, ett\u00e4 se antaa mukavan tunteen ja saa heid\u00e4t tuntemaan olonsa yhten\u00e4iseksi kosmoksen kanssa. Yst\u00e4vien seurassa rauhassa &#8211; tilaa ketamiinijauhe t\u00e4\u00e4lt\u00e4, rento ymp\u00e4rist\u00f6 voi olla henkist\u00e4 ja rauhoittavaa; sen ottaminen kerhossa voi olla innostavaa lis\u00e4\u00e4ntyneell\u00e4 energialla ja hyv\u00e4ll\u00e4 korkealla.<\/p>\n<p>Ketamiinilla voi olla my\u00f6s muita ep\u00e4suotuisia sivuvaikutuksia, kuten ahdistusta, huimausta tai kyvyn menetyst\u00e4. saldo. Se on my\u00f6s eritt\u00e4in riippuvuutta aiheuttava huume, se on hajuton ja v\u00e4rit\u00f6n ja sit\u00e4 voidaan k\u00e4ytt\u00e4\u00e4 vahingoittamaan, jos hoitoa ei pidet\u00e4 asianmukaisesti. Ketamiini myynniss\u00e4 Kysy l\u00e4\u00e4k\u00e4reilt\u00e4mme asianmukaisia \u200b\u200bneuvoja.<\/p>\n","protected":false},"excerpt":{"rendered":"<p>Osta ketamiinijauhetta verkosta. Osta ketamiinia HCL-jauhetta myyt\u00e4v\u00e4n\u00e4 verkossa \u2013 ketamiinijauhetta myyt\u00e4v\u00e4n\u00e4 verkossa \u2013 Tilaa ketamiinijauhe<\/p>\n","protected":false},"featured_media":2008,"comment_status":"open","ping_status":"closed","template":"","meta":{"inline_featured_image":false},"product_brand":[],"product_cat":[345],"product_tag":[105,573,570,566,565,568,572,564,567,203,563,571,561,107,562,109,110,106,104,108,569],"class_list":{"0":"post-2001","1":"product","2":"type-product","3":"status-publish","4":"has-post-thumbnail","6":"product_cat-psykedeeliset-huumeet","7":"product_tag-canada","8":"product_tag-is-ketamine-powder-legal-in-canada","9":"product_tag-is-ketamine-powder-legal-in-usa","10":"product_tag-ketamiinia-myynniss","11":"product_tag-ketamiinijauhetta-myynniss","12":"product_tag-ketamiinijauhe-myynniss-usa","13":"product_tag-miten-tilaa-ketamiini-jauhe","14":"product_tag-mist-ostaa-ketamiini-jauhetta","15":"product_tag-mist-ostaa-ketamiini-jauhetta-verkosta","16":"product_tag-osta-jauhe-netist","17":"product_tag-osta-ketamiini-verkossa","18":"product_tag-osta-ketamiini-jauhe-online-usa","19":"product_tag-osta-ketamiini-jauhe-online-osta-jauhe","20":"product_tag-ostaa","21":"product_tag-osta-ketamiini-jauhe","22":"product_tag-toimittajia","23":"product_tag-turvallinen-toimitus","24":"product_tag-uk","25":"product_tag-usa","26":"product_tag-verkossa","27":"product_tag-voit-viel-saat-ketamiini-jauhetta","29":"first","30":"instock","31":"shipping-taxable","32":"purchasable","33":"product-type-variable","34":"has-default-attributes"},"yoast_head":"<!-- This site is optimized with the Yoast SEO Premium plugin v20.6 (Yoast SEO v27.3) - https:\/\/yoast.com\/product\/yoast-seo-premium-wordpress\/ -->\n<title>Osta ketamiinijauhetta verkosta - Osta ketamiinia | Good Dealers Meds<\/title>\n<meta name=\"description\" content=\"Osta ketamiinijauhetta verkosta. Ketamiini HCL myyt\u00e4v\u00e4n\u00e4 \u2013 Tilaa ketamiinia edulliseen hintaan tyytyv\u00e4isen\u00e4 ja nopealla toimituksella.\" \/>\n<meta name=\"robots\" content=\"index, follow, max-snippet:-1, max-image-preview:large, max-video-preview:-1\" \/>\n<link rel=\"canonical\" href=\"https:\/\/gooddealersmeds.com\/fi\/product\/osta-ketamiini-jauhe-verkosta\/\" \/>\n<meta property=\"og:locale\" content=\"en_US\" \/>\n<meta property=\"og:type\" content=\"article\" \/>\n<meta property=\"og:title\" content=\"Osta ketamiinijauhetta verkosta\" \/>\n<meta property=\"og:description\" content=\"Osta ketamiinijauhetta verkosta. Ketamiini HCL myyt\u00e4v\u00e4n\u00e4 \u2013 Tilaa ketamiinia edulliseen hintaan tyytyv\u00e4isen\u00e4 ja nopealla toimituksella.\" \/>\n<meta property=\"og:url\" content=\"https:\/\/gooddealersmeds.com\/fi\/product\/osta-ketamiini-jauhe-verkosta\/\" \/>\n<meta property=\"og:site_name\" content=\"Good Dealers Meds\" \/>\n<meta property=\"article:modified_time\" content=\"2023-01-20T08:59:58+00:00\" \/>\n<meta property=\"og:image\" content=\"https:\/\/gooddealersmeds.com\/fi\/wp-content\/uploads\/sites\/6\/2022\/07\/ketamine-powder.jpg\" \/>\n\t<meta property=\"og:image:width\" content=\"600\" \/>\n\t<meta property=\"og:image:height\" content=\"600\" \/>\n\t<meta property=\"og:image:type\" content=\"image\/jpeg\" \/>\n<meta name=\"twitter:card\" content=\"summary_large_image\" \/>\n<meta name=\"twitter:label1\" content=\"Est. reading time\" \/>\n\t<meta name=\"twitter:data1\" content=\"2 minutes\" \/>\n<script type=\"application\/ld+json\" class=\"yoast-schema-graph\">{\"@context\":\"https:\\\/\\\/schema.org\",\"@graph\":[{\"@type\":\"WebPage\",\"@id\":\"https:\\\/\\\/gooddealersmeds.com\\\/fi\\\/product\\\/osta-ketamiini-jauhe-verkosta\\\/\",\"url\":\"https:\\\/\\\/gooddealersmeds.com\\\/fi\\\/product\\\/osta-ketamiini-jauhe-verkosta\\\/\",\"name\":\"Osta ketamiinijauhetta verkosta - Osta ketamiinia | Good Dealers Meds\",\"isPartOf\":{\"@id\":\"https:\\\/\\\/gooddealersmeds.com\\\/fi\\\/#website\"},\"primaryImageOfPage\":{\"@id\":\"https:\\\/\\\/gooddealersmeds.com\\\/fi\\\/product\\\/osta-ketamiini-jauhe-verkosta\\\/#primaryimage\"},\"image\":{\"@id\":\"https:\\\/\\\/gooddealersmeds.com\\\/fi\\\/product\\\/osta-ketamiini-jauhe-verkosta\\\/#primaryimage\"},\"thumbnailUrl\":\"https:\\\/\\\/gooddealersmeds.com\\\/fi\\\/wp-content\\\/uploads\\\/sites\\\/6\\\/2022\\\/07\\\/ketamine-powder.jpg\",\"datePublished\":\"2022-07-03T14:45:15+00:00\",\"dateModified\":\"2023-01-20T08:59:58+00:00\",\"description\":\"Osta ketamiinijauhetta verkosta. Ketamiini HCL myyt\u00e4v\u00e4n\u00e4 \u2013 Tilaa ketamiinia edulliseen hintaan tyytyv\u00e4isen\u00e4 ja nopealla toimituksella.\",\"breadcrumb\":{\"@id\":\"https:\\\/\\\/gooddealersmeds.com\\\/fi\\\/product\\\/osta-ketamiini-jauhe-verkosta\\\/#breadcrumb\"},\"inLanguage\":\"en-US\",\"potentialAction\":[{\"@type\":\"ReadAction\",\"target\":[\"https:\\\/\\\/gooddealersmeds.com\\\/fi\\\/product\\\/osta-ketamiini-jauhe-verkosta\\\/\"]}]},{\"@type\":\"ImageObject\",\"inLanguage\":\"en-US\",\"@id\":\"https:\\\/\\\/gooddealersmeds.com\\\/fi\\\/product\\\/osta-ketamiini-jauhe-verkosta\\\/#primaryimage\",\"url\":\"https:\\\/\\\/gooddealersmeds.com\\\/fi\\\/wp-content\\\/uploads\\\/sites\\\/6\\\/2022\\\/07\\\/ketamine-powder.jpg\",\"contentUrl\":\"https:\\\/\\\/gooddealersmeds.com\\\/fi\\\/wp-content\\\/uploads\\\/sites\\\/6\\\/2022\\\/07\\\/ketamine-powder.jpg\",\"width\":600,\"height\":600,\"caption\":\"Buy Ketamine Powder Online\"},{\"@type\":\"BreadcrumbList\",\"@id\":\"https:\\\/\\\/gooddealersmeds.com\\\/fi\\\/product\\\/osta-ketamiini-jauhe-verkosta\\\/#breadcrumb\",\"itemListElement\":[{\"@type\":\"ListItem\",\"position\":1,\"name\":\"Home\",\"item\":\"https:\\\/\\\/gooddealersmeds.com\\\/fi\\\/\"},{\"@type\":\"ListItem\",\"position\":2,\"name\":\"Tuotteet\",\"item\":\"https:\\\/\\\/gooddealersmeds.com\\\/fi\\\/tuotteet\\\/\"},{\"@type\":\"ListItem\",\"position\":3,\"name\":\"Osta ketamiinijauhetta verkosta\"}]},{\"@type\":\"WebSite\",\"@id\":\"https:\\\/\\\/gooddealersmeds.com\\\/fi\\\/#website\",\"url\":\"https:\\\/\\\/gooddealersmeds.com\\\/fi\\\/\",\"name\":\"Good Dealers Meds\",\"description\":\"All our best\",\"publisher\":{\"@id\":\"https:\\\/\\\/gooddealersmeds.com\\\/fi\\\/#organization\"},\"potentialAction\":[{\"@type\":\"SearchAction\",\"target\":{\"@type\":\"EntryPoint\",\"urlTemplate\":\"https:\\\/\\\/gooddealersmeds.com\\\/fi\\\/?s={search_term_string}\"},\"query-input\":{\"@type\":\"PropertyValueSpecification\",\"valueRequired\":true,\"valueName\":\"search_term_string\"}}],\"inLanguage\":\"en-US\"},{\"@type\":\"Organization\",\"@id\":\"https:\\\/\\\/gooddealersmeds.com\\\/fi\\\/#organization\",\"name\":\"Good Dealers Meds\",\"url\":\"https:\\\/\\\/gooddealersmeds.com\\\/fi\\\/\",\"logo\":{\"@type\":\"ImageObject\",\"inLanguage\":\"en-US\",\"@id\":\"https:\\\/\\\/gooddealersmeds.com\\\/fi\\\/#\\\/schema\\\/logo\\\/image\\\/\",\"url\":\"https:\\\/\\\/gooddealersmeds.com\\\/fi\\\/wp-content\\\/uploads\\\/sites\\\/6\\\/2022\\\/03\\\/gooddealersmeds__logo__20220317T222800Z.00.png\",\"contentUrl\":\"https:\\\/\\\/gooddealersmeds.com\\\/fi\\\/wp-content\\\/uploads\\\/sites\\\/6\\\/2022\\\/03\\\/gooddealersmeds__logo__20220317T222800Z.00.png\",\"width\":500,\"height\":325,\"caption\":\"Good Dealers Meds\"},\"image\":{\"@id\":\"https:\\\/\\\/gooddealersmeds.com\\\/fi\\\/#\\\/schema\\\/logo\\\/image\\\/\"}}]}<\/script>\n<!-- \/ Yoast SEO Premium plugin. -->","yoast_head_json":{"title":"Osta ketamiinijauhetta verkosta - Osta ketamiinia | Good Dealers Meds","description":"Osta ketamiinijauhetta verkosta. Ketamiini HCL myyt\u00e4v\u00e4n\u00e4 \u2013 Tilaa ketamiinia edulliseen hintaan tyytyv\u00e4isen\u00e4 ja nopealla toimituksella.","robots":{"index":"index","follow":"follow","max-snippet":"max-snippet:-1","max-image-preview":"max-image-preview:large","max-video-preview":"max-video-preview:-1"},"canonical":"https:\/\/gooddealersmeds.com\/fi\/product\/osta-ketamiini-jauhe-verkosta\/","og_locale":"en_US","og_type":"article","og_title":"Osta ketamiinijauhetta verkosta","og_description":"Osta ketamiinijauhetta verkosta. Ketamiini HCL myyt\u00e4v\u00e4n\u00e4 \u2013 Tilaa ketamiinia edulliseen hintaan tyytyv\u00e4isen\u00e4 ja nopealla toimituksella.","og_url":"https:\/\/gooddealersmeds.com\/fi\/product\/osta-ketamiini-jauhe-verkosta\/","og_site_name":"Good Dealers Meds","article_modified_time":"2023-01-20T08:59:58+00:00","og_image":[{"width":600,"height":600,"url":"https:\/\/gooddealersmeds.com\/fi\/wp-content\/uploads\/sites\/6\/2022\/07\/ketamine-powder.jpg","type":"image\/jpeg"}],"twitter_card":"summary_large_image","twitter_misc":{"Est. reading time":"2 minutes"},"schema":{"@context":"https:\/\/schema.org","@graph":[{"@type":"WebPage","@id":"https:\/\/gooddealersmeds.com\/fi\/product\/osta-ketamiini-jauhe-verkosta\/","url":"https:\/\/gooddealersmeds.com\/fi\/product\/osta-ketamiini-jauhe-verkosta\/","name":"Osta ketamiinijauhetta verkosta - Osta ketamiinia | Good Dealers Meds","isPartOf":{"@id":"https:\/\/gooddealersmeds.com\/fi\/#website"},"primaryImageOfPage":{"@id":"https:\/\/gooddealersmeds.com\/fi\/product\/osta-ketamiini-jauhe-verkosta\/#primaryimage"},"image":{"@id":"https:\/\/gooddealersmeds.com\/fi\/product\/osta-ketamiini-jauhe-verkosta\/#primaryimage"},"thumbnailUrl":"https:\/\/gooddealersmeds.com\/fi\/wp-content\/uploads\/sites\/6\/2022\/07\/ketamine-powder.jpg","datePublished":"2022-07-03T14:45:15+00:00","dateModified":"2023-01-20T08:59:58+00:00","description":"Osta ketamiinijauhetta verkosta. Ketamiini HCL myyt\u00e4v\u00e4n\u00e4 \u2013 Tilaa ketamiinia edulliseen hintaan tyytyv\u00e4isen\u00e4 ja nopealla toimituksella.","breadcrumb":{"@id":"https:\/\/gooddealersmeds.com\/fi\/product\/osta-ketamiini-jauhe-verkosta\/#breadcrumb"},"inLanguage":"en-US","potentialAction":[{"@type":"ReadAction","target":["https:\/\/gooddealersmeds.com\/fi\/product\/osta-ketamiini-jauhe-verkosta\/"]}]},{"@type":"ImageObject","inLanguage":"en-US","@id":"https:\/\/gooddealersmeds.com\/fi\/product\/osta-ketamiini-jauhe-verkosta\/#primaryimage","url":"https:\/\/gooddealersmeds.com\/fi\/wp-content\/uploads\/sites\/6\/2022\/07\/ketamine-powder.jpg","contentUrl":"https:\/\/gooddealersmeds.com\/fi\/wp-content\/uploads\/sites\/6\/2022\/07\/ketamine-powder.jpg","width":600,"height":600,"caption":"Buy Ketamine Powder Online"},{"@type":"BreadcrumbList","@id":"https:\/\/gooddealersmeds.com\/fi\/product\/osta-ketamiini-jauhe-verkosta\/#breadcrumb","itemListElement":[{"@type":"ListItem","position":1,"name":"Home","item":"https:\/\/gooddealersmeds.com\/fi\/"},{"@type":"ListItem","position":2,"name":"Tuotteet","item":"https:\/\/gooddealersmeds.com\/fi\/tuotteet\/"},{"@type":"ListItem","position":3,"name":"Osta ketamiinijauhetta verkosta"}]},{"@type":"WebSite","@id":"https:\/\/gooddealersmeds.com\/fi\/#website","url":"https:\/\/gooddealersmeds.com\/fi\/","name":"Good Dealers Meds","description":"All our best","publisher":{"@id":"https:\/\/gooddealersmeds.com\/fi\/#organization"},"potentialAction":[{"@type":"SearchAction","target":{"@type":"EntryPoint","urlTemplate":"https:\/\/gooddealersmeds.com\/fi\/?s={search_term_string}"},"query-input":{"@type":"PropertyValueSpecification","valueRequired":true,"valueName":"search_term_string"}}],"inLanguage":"en-US"},{"@type":"Organization","@id":"https:\/\/gooddealersmeds.com\/fi\/#organization","name":"Good Dealers Meds","url":"https:\/\/gooddealersmeds.com\/fi\/","logo":{"@type":"ImageObject","inLanguage":"en-US","@id":"https:\/\/gooddealersmeds.com\/fi\/#\/schema\/logo\/image\/","url":"https:\/\/gooddealersmeds.com\/fi\/wp-content\/uploads\/sites\/6\/2022\/03\/gooddealersmeds__logo__20220317T222800Z.00.png","contentUrl":"https:\/\/gooddealersmeds.com\/fi\/wp-content\/uploads\/sites\/6\/2022\/03\/gooddealersmeds__logo__20220317T222800Z.00.png","width":500,"height":325,"caption":"Good Dealers Meds"},"image":{"@id":"https:\/\/gooddealersmeds.com\/fi\/#\/schema\/logo\/image\/"}}]}},"_links":{"self":[{"href":"https:\/\/gooddealersmeds.com\/fi\/wp-json\/wp\/v2\/product\/2001","targetHints":{"allow":["GET"]}}],"collection":[{"href":"https:\/\/gooddealersmeds.com\/fi\/wp-json\/wp\/v2\/product"}],"about":[{"href":"https:\/\/gooddealersmeds.com\/fi\/wp-json\/wp\/v2\/types\/product"}],"replies":[{"embeddable":true,"href":"https:\/\/gooddealersmeds.com\/fi\/wp-json\/wp\/v2\/comments?post=2001"}],"wp:featuredmedia":[{"embeddable":true,"href":"https:\/\/gooddealersmeds.com\/fi\/wp-json\/wp\/v2\/media\/2008"}],"wp:attachment":[{"href":"https:\/\/gooddealersmeds.com\/fi\/wp-json\/wp\/v2\/media?parent=2001"}],"wp:term":[{"taxonomy":"product_brand","embeddable":true,"href":"https:\/\/gooddealersmeds.com\/fi\/wp-json\/wp\/v2\/product_brand?post=2001"},{"taxonomy":"product_cat","embeddable":true,"href":"https:\/\/gooddealersmeds.com\/fi\/wp-json\/wp\/v2\/product_cat?post=2001"},{"taxonomy":"product_tag","embeddable":true,"href":"https:\/\/gooddealersmeds.com\/fi\/wp-json\/wp\/v2\/product_tag?post=2001"}],"curies":[{"name":"wp","href":"https:\/\/api.w.org\/{rel}","templated":true}]}}