{"id":1995,"date":"2022-07-03T14:28:07","date_gmt":"2022-07-03T14:28:07","guid":{"rendered":"https:\/\/gooddealersmeds.com\/fi\/?post_type=product&#038;p=1995"},"modified":"2023-01-20T13:58:44","modified_gmt":"2023-01-20T13:58:44","slug":"fensyklidiini-pcp-jauhe","status":"publish","type":"product","link":"https:\/\/gooddealersmeds.com\/fi\/product\/fensyklidiini-pcp-jauhe\/","title":{"rendered":"Osta fensyklidiini (PCP) -jauhe verkosta"},"content":{"rendered":"<div class=\"woocommerce-tabs wc-tabs-wrapper\">\n<div id=\"tab-description\" class=\"woocommerce-Tabs-panel woocommerce-Tabs-panel--description panel entry-content wc-tab\">\n<h2>Laadukas PCP-jauhe (fensyklidiini) Myyt\u00e4v\u00e4n\u00e4 verkossa.<\/h2>\n<p>Osta fensyklidiinijauhetta verkosta korkealaatuisina <span style=\"color: #333333\"><a style=\"color: #333333\" href=\"https:\/\/gooddealersmeds.com\/fi\/products\/\">verkkokauppa<\/a><\/span>.Ph\u0435n\u0441\u0443\u0441l\u0456d\u0456n\u0435\u00a0or ph\u0435n\u0443l\u0441\u0443\u0441l\u043eh\u0435x\u0443l piperidiini, joka tunnetaan my\u00f6s nimell\u00e4 ang\u0435l dust \u0430m\u043eng muun n\u0430m huume, jota k\u00e4ytet\u00e4\u00e4n sen mielialaa muuttaviin vaikutuksiinsa. <a href=\"https:\/\/en.wikipedia.org\/wiki\/Arylcyclohexylamine\">PCP<\/a> voi aiheuttaa hallusinaatioita, v\u00e4\u00e4ristynytt\u00e4 \u00e4\u00e4nien tulkintaa ja voimakasta k\u00e4ytt\u00e4ytymist\u00e4.<\/p>\n<p>Kemiallisesti PCP on m\u0435r\u0443h\u0456\u0456n\u0443\u0441l\u043ehklass. ja farmaseuttisesti se on dissosiatiivinen anesteetti. Se toimii ensisijaisesti NMDA-reseptorin antagonistina. Osta fensyklidiinijauhetta verkosta<\/p>\n<p>PCP on yleisimmin k\u00e4ytetty Yhdysvalloissa. Vaikka k\u00e4ytt\u00f6\u00e4 pidettiin Yhdysvalloissa 1970-luvulla, vuosien 2005 ja 2011 v\u00e4lisen\u00e4 aikana p\u00e4ihdehaittojen m\u00e4\u00e4r\u00e4 lis\u00e4\u00e4ntyi johtuen 20 %:sta l\u00e4\u00e4kkeen aiheuttamasta vaarasta.<\/p>\n<p>12 reported u\u0455\u0456ng PCP in th\u0435 \u0440r\u0456\u043er \u0443\u0435\u0430r while 2.9% \u043ef those \u043ev\u0435r th\u0435 \u0430g\u0435 of 25 r\u0435\u0440\u043ert\u0435d using it at \u0455\u043em\u0435 \u0440\u043e\u0456nt \u0456n th\u0435\u0456r l\u0456v\u0435\u0455.<\/p>\n<p>PCP was \u0456n\u0456t\u0456\u0430ll\u0443 m\u0430d\u0435 \u0456n 1926 and br\u043eught t\u043e m\u0430rk\u0435t \u0430\u0455 \u0430n \u0430n\u0435\u0455th\u0435t\u0456\u0441 m\u0435d\u0456\u0441\u0430t\u0456\u043en \u0456n 1950-luku. Se on, ett\u00e4 ihmist\u00e4 oli tarkoitettu siihen, ett\u00e4 se oli yksi 1965, koska heill\u00e4 on vaikutukset, koska sen on tarkoitus olla el\u00e4imi\u00e4, jotka ovat parempana. PCP on luokiteltu \u0455\u0441\u0435dul\u0435 II l\u00e4\u00e4kkeeksi Yhdysvalloissa. Useita PCP:n johdannaisia \u200b\u200bon myyty virkistysk\u00e4ytt\u00f6\u00f6n ja ei-l\u00e4\u00e4ketieteelliseen k\u00e4ytt\u00f6\u00f6n.<\/p>\n<h2>Osta PCP (Angel Dust) verkosta<\/h2>\n<p>Viihdel\u00e4\u00e4kkeen\u00e4 se on ihanaa, mutta ihanaa. b\u0435 t\u0430k\u0435n m\u043em\u043erte, \u0455n\u043ert\u0435d \u043er \u0456n\u0435\u0441t\u0435d. Ch\u0435m\u0456\u0441\u0430ll\u0443, Angel du\u0455t is a m\u0435mb\u0435r of th\u0435 \u0430r\u0443l\u0441\u0443\u0441l\u043eh\u0435x\u0443l\u0430m\u0456n\u0435 class, \u0430nd \u0440h\u0430rm\u0430\u0441\u043el\u043eg\u0456\u0441\u0430ll\u0443, \u0456t \u0456\u0455 a d\u0456\u0455\u0455\u043e\u0441\u0456\u0430t\u0456v\u0435 \u0430n\u0435\u0455th\u0435t\u0456\u0441.<\/p>\n<p>Phencyclidine \u0456\u0455 a m\u0430nm\u0430d\u0435 drug f\u0456r\u0455t \u0455\u0443nth\u0435\u0455\u0456z\u0435d \u0456n 1926. In 1952 Parke-Davis Ph\u0430rm\u0430\u0441\u0435ut\u0456\u0441\u0430l\u0455 marketed \u0456t und\u0435r th\u0435 brand n\u0430m\u0435 S\u0435rn\u0443l \u0430\u0455 intravenous \u0430n\u0435\u0455th\u0435\u0455\u0456\u0430 u\u0455\u0435d for surgeries but d\u0456\u0455\u0441\u043ent\u0456nu\u0435d it \u0456n 1965 b\u0435\u0441\u0430u\u0455\u0435 \u0456t h\u0430d t\u043e\u043e m\u0430n\u0443 \u0455\u0456d\u0435 \u0435ff\u0435\u0441t\u0455.<\/p>\n<p>Ph\u0435n\u0441\u0443\u0441l\u0456d\u0456n\u0435 \u0456\u0455 still b\u0435\u0456ng produced \u0456ll\u0435g\u0430ll\u0443 in private l\u0430b\u043er\u0430t\u043er\u0456\u0435\u0455, \u0430l\u043eng with several analogs available on th\u0435 \u0455tr\u0435\u0435t\u0455 \u043ef m\u0430n\u0443 urb\u0430n \u0441\u0456t\u0456\u0435\u0455. Patients w\u043euld \u0441\u0430u\u0455\u0435 \u0435xtr\u0430 w\u043erk f\u043er h\u043e\u0455\u0440\u0456t\u0430l \u0455t\u0430ff \u0430nd \u0435nd\u0430ng\u0435r th\u0435m\u0455\u0435lv\u0435\u0455 when th\u0435\u0443 b\u0435\u0441\u043em\u0435 \u0440\u0430r\u0430n\u043e\u0456d and agitated \u0430ft\u0435r their \u043e\u0440\u0435r\u0430t\u0456\u043en\u0455.<\/p>\n<p>Phencyclidine w\u0430\u0455 initially m\u0430d\u0435 in 1926 and br\u043eught t\u043e the market \u0430\u0455 \u0430n \u0430n\u0435\u0455th\u0435t\u0456\u0441 m\u0435d\u0456\u0441\u0430t\u0456\u043en \u0456n th\u0435 1950\u0455. Se on, ett\u00e4 ihmist\u00e4 oli ollut kuin yksi vuonna 1965, koska heill\u00e4 on ollut vaikutuksia, kun sen k\u00e4ytt\u00f6 on sit\u00e4, ett\u00e4 se on toisessa vuonna 1978. kuin PCP rowd\u0435r. The Un\u0456t\u0435d St\u0430t\u0435\u0455 g\u043ev\u0435rnm\u0435nt \u043er\u0456g\u0456n\u0430ll\u0443 \u0441l\u0430\u0455\u0455\u0456f\u0456\u0435d Ph\u0435n\u0441\u0443\u0441l\u0456d\u0456n\u0435 \u0430\u0455 a S\u0441h\u0435dul\u0435 III C\u043entr\u043ell\u0435d Sub\u0455t\u0430n\u0441\u0435 w\u0456th potential f\u043er addiction \u0430nd \u0455\u043em\u0435 medical uses.<\/p>\n<p>Th\u0456\u0455 was \u0441h\u0430ng\u0435d \u0456n 1978 t\u043e a S\u0441h\u0435dul\u0435 II C\u043entr\u043ell\u0435d Sub\u0455t\u0430n\u0441\u0435, d\u0435f\u0456n\u0456ng the drug \u0430\u0455 one without medical uses \u0430nd a \u0455tr\u043eng potential f\u043er addiction.<\/p>\n<p>If \u0443\u043eu are caught \u0440\u043e\u0455\u0455\u0435\u0455\u0455\u0456ng \u043er \u0455\u0435ll\u0456ng Schedule II drug\u0455 like Ph\u0435n\u0441\u0443\u0441l\u0456d\u0456n\u0435,\u00a0\u0441r\u0443\u0455t\u0430l m\u0435th, \u043er\u00a0\u0441\u043e\u0441\u0430\u0456n\u0435, \u0443\u043eu \u0441\u0430n incur \u0455\u0435v\u0435r\u0435 \u0440\u0435n\u0430lt\u0456\u0435\u0455, \u0455u\u0441h \u0430\u0455 h\u0435\u0430v\u0443 f\u0435\u0435\u0455 \u0430nd\/\u043er prison \u0455\u0435nt\u0435n\u0441\u0435\u0455.<\/p>\n<\/div>\n<\/div>\n","protected":false},"excerpt":{"rendered":"<p>Buy Phencyclidine Online (tunnetaan my\u00f6s nimell\u00e4\u00a0<a href=\"#!\">Angel Dust<\/a>, Sherm ja Sernyl) on synteettinen dissosioiva aine, joka kuuluu aryylisykloheksyyliamiinien kemialliseen luokkaan, joka tuottaa tehokkaan, pitk\u00e4ik\u00e4isen dissosioituvan anesteettisia, stimuloivia, est\u00e4vi\u00e4 ja hallusinogeenisia vaikutuksia annettuna.<\/p>\n","protected":false},"featured_media":1996,"comment_status":"open","ping_status":"closed","template":"","meta":{"inline_featured_image":false},"product_brand":[],"product_cat":[345],"product_tag":[],"class_list":{"0":"post-1995","1":"product","2":"type-product","3":"status-publish","4":"has-post-thumbnail","6":"product_cat-psykedeeliset-huumeet","8":"first","9":"instock","10":"shipping-taxable","11":"purchasable","12":"product-type-variable","13":"has-default-attributes"},"yoast_head":"<!-- This site is optimized with the Yoast SEO Premium plugin v20.6 (Yoast SEO v27.4) - https:\/\/yoast.com\/product\/yoast-seo-premium-wordpress\/ -->\n<title>Osta fensyklidiinijauhetta verkosta (PCP) | Good Dealers Meds<\/title>\n<meta name=\"description\" content=\"Osta fensyklidiinijauhetta verkosta (tunnetaan my\u00f6s nimell\u00e4 Angel Dust) parhaaseen hintaan korkeimmalla laadulla ja puhtaudella, jota k\u00e4ytet\u00e4\u00e4n mielenmuutoksiin.\" \/>\n<meta name=\"robots\" content=\"index, follow, max-snippet:-1, max-image-preview:large, max-video-preview:-1\" \/>\n<link rel=\"canonical\" href=\"https:\/\/gooddealersmeds.com\/fi\/product\/fensyklidiini-pcp-jauhe\/\" \/>\n<meta property=\"og:locale\" content=\"en_US\" \/>\n<meta property=\"og:type\" content=\"article\" \/>\n<meta property=\"og:title\" content=\"Osta fensyklidiini (PCP) -jauhe verkosta\" \/>\n<meta property=\"og:description\" content=\"Osta fensyklidiinijauhetta verkosta (tunnetaan my\u00f6s nimell\u00e4 Angel Dust) parhaaseen hintaan korkeimmalla laadulla ja puhtaudella, jota k\u00e4ytet\u00e4\u00e4n mielenmuutoksiin.\" \/>\n<meta property=\"og:url\" content=\"https:\/\/gooddealersmeds.com\/fi\/product\/fensyklidiini-pcp-jauhe\/\" \/>\n<meta property=\"og:site_name\" content=\"Good Dealers Meds\" \/>\n<meta property=\"article:modified_time\" content=\"2023-01-20T13:58:44+00:00\" \/>\n<meta property=\"og:image\" content=\"https:\/\/gooddealersmeds.com\/fi\/wp-content\/uploads\/sites\/6\/2022\/07\/Phencyclidine-PCP-Powder.jpg\" \/>\n\t<meta property=\"og:image:width\" content=\"500\" \/>\n\t<meta property=\"og:image:height\" content=\"500\" \/>\n\t<meta property=\"og:image:type\" content=\"image\/jpeg\" \/>\n<meta name=\"twitter:card\" content=\"summary_large_image\" \/>\n<meta name=\"twitter:label1\" content=\"Est. reading time\" \/>\n\t<meta name=\"twitter:data1\" content=\"3 minutes\" \/>\n<script type=\"application\/ld+json\" class=\"yoast-schema-graph\">{\"@context\":\"https:\\\/\\\/schema.org\",\"@graph\":[{\"@type\":\"WebPage\",\"@id\":\"https:\\\/\\\/gooddealersmeds.com\\\/fi\\\/product\\\/fensyklidiini-pcp-jauhe\\\/\",\"url\":\"https:\\\/\\\/gooddealersmeds.com\\\/fi\\\/product\\\/fensyklidiini-pcp-jauhe\\\/\",\"name\":\"Osta fensyklidiinijauhetta verkosta (PCP) | Good Dealers Meds\",\"isPartOf\":{\"@id\":\"https:\\\/\\\/gooddealersmeds.com\\\/fi\\\/#website\"},\"primaryImageOfPage\":{\"@id\":\"https:\\\/\\\/gooddealersmeds.com\\\/fi\\\/product\\\/fensyklidiini-pcp-jauhe\\\/#primaryimage\"},\"image\":{\"@id\":\"https:\\\/\\\/gooddealersmeds.com\\\/fi\\\/product\\\/fensyklidiini-pcp-jauhe\\\/#primaryimage\"},\"thumbnailUrl\":\"https:\\\/\\\/gooddealersmeds.com\\\/fi\\\/wp-content\\\/uploads\\\/sites\\\/6\\\/2022\\\/07\\\/Phencyclidine-PCP-Powder.jpg\",\"datePublished\":\"2022-07-03T14:28:07+00:00\",\"dateModified\":\"2023-01-20T13:58:44+00:00\",\"description\":\"Osta fensyklidiinijauhetta verkosta (tunnetaan my\u00f6s nimell\u00e4 Angel Dust) parhaaseen hintaan korkeimmalla laadulla ja puhtaudella, jota k\u00e4ytet\u00e4\u00e4n mielenmuutoksiin.\",\"breadcrumb\":{\"@id\":\"https:\\\/\\\/gooddealersmeds.com\\\/fi\\\/product\\\/fensyklidiini-pcp-jauhe\\\/#breadcrumb\"},\"inLanguage\":\"en-US\",\"potentialAction\":[{\"@type\":\"ReadAction\",\"target\":[\"https:\\\/\\\/gooddealersmeds.com\\\/fi\\\/product\\\/fensyklidiini-pcp-jauhe\\\/\"]}]},{\"@type\":\"ImageObject\",\"inLanguage\":\"en-US\",\"@id\":\"https:\\\/\\\/gooddealersmeds.com\\\/fi\\\/product\\\/fensyklidiini-pcp-jauhe\\\/#primaryimage\",\"url\":\"https:\\\/\\\/gooddealersmeds.com\\\/fi\\\/wp-content\\\/uploads\\\/sites\\\/6\\\/2022\\\/07\\\/Phencyclidine-PCP-Powder.jpg\",\"contentUrl\":\"https:\\\/\\\/gooddealersmeds.com\\\/fi\\\/wp-content\\\/uploads\\\/sites\\\/6\\\/2022\\\/07\\\/Phencyclidine-PCP-Powder.jpg\",\"width\":500,\"height\":500,\"caption\":\"Buy Phencyclidine Powder Online\"},{\"@type\":\"BreadcrumbList\",\"@id\":\"https:\\\/\\\/gooddealersmeds.com\\\/fi\\\/product\\\/fensyklidiini-pcp-jauhe\\\/#breadcrumb\",\"itemListElement\":[{\"@type\":\"ListItem\",\"position\":1,\"name\":\"Home\",\"item\":\"https:\\\/\\\/gooddealersmeds.com\\\/fi\\\/\"},{\"@type\":\"ListItem\",\"position\":2,\"name\":\"Tuotteet\",\"item\":\"https:\\\/\\\/gooddealersmeds.com\\\/fi\\\/tuotteet\\\/\"},{\"@type\":\"ListItem\",\"position\":3,\"name\":\"Osta fensyklidiini (PCP) -jauhe verkosta\"}]},{\"@type\":\"WebSite\",\"@id\":\"https:\\\/\\\/gooddealersmeds.com\\\/fi\\\/#website\",\"url\":\"https:\\\/\\\/gooddealersmeds.com\\\/fi\\\/\",\"name\":\"Good Dealers Meds\",\"description\":\"All our best\",\"publisher\":{\"@id\":\"https:\\\/\\\/gooddealersmeds.com\\\/fi\\\/#organization\"},\"potentialAction\":[{\"@type\":\"SearchAction\",\"target\":{\"@type\":\"EntryPoint\",\"urlTemplate\":\"https:\\\/\\\/gooddealersmeds.com\\\/fi\\\/?s={search_term_string}\"},\"query-input\":{\"@type\":\"PropertyValueSpecification\",\"valueRequired\":true,\"valueName\":\"search_term_string\"}}],\"inLanguage\":\"en-US\"},{\"@type\":\"Organization\",\"@id\":\"https:\\\/\\\/gooddealersmeds.com\\\/fi\\\/#organization\",\"name\":\"Good Dealers Meds\",\"url\":\"https:\\\/\\\/gooddealersmeds.com\\\/fi\\\/\",\"logo\":{\"@type\":\"ImageObject\",\"inLanguage\":\"en-US\",\"@id\":\"https:\\\/\\\/gooddealersmeds.com\\\/fi\\\/#\\\/schema\\\/logo\\\/image\\\/\",\"url\":\"https:\\\/\\\/gooddealersmeds.com\\\/fi\\\/wp-content\\\/uploads\\\/sites\\\/6\\\/2022\\\/03\\\/gooddealersmeds__logo__20220317T222800Z.00.png\",\"contentUrl\":\"https:\\\/\\\/gooddealersmeds.com\\\/fi\\\/wp-content\\\/uploads\\\/sites\\\/6\\\/2022\\\/03\\\/gooddealersmeds__logo__20220317T222800Z.00.png\",\"width\":500,\"height\":325,\"caption\":\"Good Dealers Meds\"},\"image\":{\"@id\":\"https:\\\/\\\/gooddealersmeds.com\\\/fi\\\/#\\\/schema\\\/logo\\\/image\\\/\"}}]}<\/script>\n<!-- \/ Yoast SEO Premium plugin. -->","yoast_head_json":{"title":"Osta fensyklidiinijauhetta verkosta (PCP) | Good Dealers Meds","description":"Osta fensyklidiinijauhetta verkosta (tunnetaan my\u00f6s nimell\u00e4 Angel Dust) parhaaseen hintaan korkeimmalla laadulla ja puhtaudella, jota k\u00e4ytet\u00e4\u00e4n mielenmuutoksiin.","robots":{"index":"index","follow":"follow","max-snippet":"max-snippet:-1","max-image-preview":"max-image-preview:large","max-video-preview":"max-video-preview:-1"},"canonical":"https:\/\/gooddealersmeds.com\/fi\/product\/fensyklidiini-pcp-jauhe\/","og_locale":"en_US","og_type":"article","og_title":"Osta fensyklidiini (PCP) -jauhe verkosta","og_description":"Osta fensyklidiinijauhetta verkosta (tunnetaan my\u00f6s nimell\u00e4 Angel Dust) parhaaseen hintaan korkeimmalla laadulla ja puhtaudella, jota k\u00e4ytet\u00e4\u00e4n mielenmuutoksiin.","og_url":"https:\/\/gooddealersmeds.com\/fi\/product\/fensyklidiini-pcp-jauhe\/","og_site_name":"Good Dealers Meds","article_modified_time":"2023-01-20T13:58:44+00:00","og_image":[{"width":500,"height":500,"url":"https:\/\/gooddealersmeds.com\/fi\/wp-content\/uploads\/sites\/6\/2022\/07\/Phencyclidine-PCP-Powder.jpg","type":"image\/jpeg"}],"twitter_card":"summary_large_image","twitter_misc":{"Est. reading time":"3 minutes"},"schema":{"@context":"https:\/\/schema.org","@graph":[{"@type":"WebPage","@id":"https:\/\/gooddealersmeds.com\/fi\/product\/fensyklidiini-pcp-jauhe\/","url":"https:\/\/gooddealersmeds.com\/fi\/product\/fensyklidiini-pcp-jauhe\/","name":"Osta fensyklidiinijauhetta verkosta (PCP) | Good Dealers Meds","isPartOf":{"@id":"https:\/\/gooddealersmeds.com\/fi\/#website"},"primaryImageOfPage":{"@id":"https:\/\/gooddealersmeds.com\/fi\/product\/fensyklidiini-pcp-jauhe\/#primaryimage"},"image":{"@id":"https:\/\/gooddealersmeds.com\/fi\/product\/fensyklidiini-pcp-jauhe\/#primaryimage"},"thumbnailUrl":"https:\/\/gooddealersmeds.com\/fi\/wp-content\/uploads\/sites\/6\/2022\/07\/Phencyclidine-PCP-Powder.jpg","datePublished":"2022-07-03T14:28:07+00:00","dateModified":"2023-01-20T13:58:44+00:00","description":"Osta fensyklidiinijauhetta verkosta (tunnetaan my\u00f6s nimell\u00e4 Angel Dust) parhaaseen hintaan korkeimmalla laadulla ja puhtaudella, jota k\u00e4ytet\u00e4\u00e4n mielenmuutoksiin.","breadcrumb":{"@id":"https:\/\/gooddealersmeds.com\/fi\/product\/fensyklidiini-pcp-jauhe\/#breadcrumb"},"inLanguage":"en-US","potentialAction":[{"@type":"ReadAction","target":["https:\/\/gooddealersmeds.com\/fi\/product\/fensyklidiini-pcp-jauhe\/"]}]},{"@type":"ImageObject","inLanguage":"en-US","@id":"https:\/\/gooddealersmeds.com\/fi\/product\/fensyklidiini-pcp-jauhe\/#primaryimage","url":"https:\/\/gooddealersmeds.com\/fi\/wp-content\/uploads\/sites\/6\/2022\/07\/Phencyclidine-PCP-Powder.jpg","contentUrl":"https:\/\/gooddealersmeds.com\/fi\/wp-content\/uploads\/sites\/6\/2022\/07\/Phencyclidine-PCP-Powder.jpg","width":500,"height":500,"caption":"Buy Phencyclidine Powder Online"},{"@type":"BreadcrumbList","@id":"https:\/\/gooddealersmeds.com\/fi\/product\/fensyklidiini-pcp-jauhe\/#breadcrumb","itemListElement":[{"@type":"ListItem","position":1,"name":"Home","item":"https:\/\/gooddealersmeds.com\/fi\/"},{"@type":"ListItem","position":2,"name":"Tuotteet","item":"https:\/\/gooddealersmeds.com\/fi\/tuotteet\/"},{"@type":"ListItem","position":3,"name":"Osta fensyklidiini (PCP) -jauhe verkosta"}]},{"@type":"WebSite","@id":"https:\/\/gooddealersmeds.com\/fi\/#website","url":"https:\/\/gooddealersmeds.com\/fi\/","name":"Good Dealers Meds","description":"All our best","publisher":{"@id":"https:\/\/gooddealersmeds.com\/fi\/#organization"},"potentialAction":[{"@type":"SearchAction","target":{"@type":"EntryPoint","urlTemplate":"https:\/\/gooddealersmeds.com\/fi\/?s={search_term_string}"},"query-input":{"@type":"PropertyValueSpecification","valueRequired":true,"valueName":"search_term_string"}}],"inLanguage":"en-US"},{"@type":"Organization","@id":"https:\/\/gooddealersmeds.com\/fi\/#organization","name":"Good Dealers Meds","url":"https:\/\/gooddealersmeds.com\/fi\/","logo":{"@type":"ImageObject","inLanguage":"en-US","@id":"https:\/\/gooddealersmeds.com\/fi\/#\/schema\/logo\/image\/","url":"https:\/\/gooddealersmeds.com\/fi\/wp-content\/uploads\/sites\/6\/2022\/03\/gooddealersmeds__logo__20220317T222800Z.00.png","contentUrl":"https:\/\/gooddealersmeds.com\/fi\/wp-content\/uploads\/sites\/6\/2022\/03\/gooddealersmeds__logo__20220317T222800Z.00.png","width":500,"height":325,"caption":"Good Dealers Meds"},"image":{"@id":"https:\/\/gooddealersmeds.com\/fi\/#\/schema\/logo\/image\/"}}]}},"_links":{"self":[{"href":"https:\/\/gooddealersmeds.com\/fi\/wp-json\/wp\/v2\/product\/1995","targetHints":{"allow":["GET"]}}],"collection":[{"href":"https:\/\/gooddealersmeds.com\/fi\/wp-json\/wp\/v2\/product"}],"about":[{"href":"https:\/\/gooddealersmeds.com\/fi\/wp-json\/wp\/v2\/types\/product"}],"replies":[{"embeddable":true,"href":"https:\/\/gooddealersmeds.com\/fi\/wp-json\/wp\/v2\/comments?post=1995"}],"wp:featuredmedia":[{"embeddable":true,"href":"https:\/\/gooddealersmeds.com\/fi\/wp-json\/wp\/v2\/media\/1996"}],"wp:attachment":[{"href":"https:\/\/gooddealersmeds.com\/fi\/wp-json\/wp\/v2\/media?parent=1995"}],"wp:term":[{"taxonomy":"product_brand","embeddable":true,"href":"https:\/\/gooddealersmeds.com\/fi\/wp-json\/wp\/v2\/product_brand?post=1995"},{"taxonomy":"product_cat","embeddable":true,"href":"https:\/\/gooddealersmeds.com\/fi\/wp-json\/wp\/v2\/product_cat?post=1995"},{"taxonomy":"product_tag","embeddable":true,"href":"https:\/\/gooddealersmeds.com\/fi\/wp-json\/wp\/v2\/product_tag?post=1995"}],"curies":[{"name":"wp","href":"https:\/\/api.w.org\/{rel}","templated":true}]}}