{"id":1986,"date":"2022-07-03T13:54:43","date_gmt":"2022-07-03T13:54:43","guid":{"rendered":"https:\/\/gooddealersmeds.com\/fi\/?post_type=product&#038;p=1986"},"modified":"2023-01-20T14:23:14","modified_gmt":"2023-01-20T14:23:14","slug":"al-lad-150mcg-blotterit","status":"publish","type":"product","link":"https:\/\/gooddealersmeds.com\/fi\/product\/al-lad-150mcg-blotterit\/","title":{"rendered":"Osta AL-LAD 150mcg Blotterit"},"content":{"rendered":"<h2>Osta AL-LAD 150mcg Blotterit verkosta Good Dealers Meds.<\/h2>\n<p>AL-LAD 150mcg Blotters Online on Lysergamide-luokan psykedeelinen kemikaali. Verrattuna 1P-LSD:hen ja LSD-25:een, sill\u00e4 on kohonneita visuaalisia hallusinaatioita ja lievi\u00e4 psykologisia vaikutuksia. T\u00e4m\u00e4 kehitettiin ensimm\u00e4isen kerran 1980-luvun puoliv\u00e4liss\u00e4 tutkimustarkoituksiin. T\u00e4m\u00e4 kehitettiin ensimm\u00e4isen kerran 1980-luvun puoliv\u00e4liss\u00e4 tutkimustarkoituksiin. T\u00e4m\u00e4 kehitettiin ensimm\u00e4isen kerran 1980-luvun puoliv\u00e4liss\u00e4 tutkimustarkoituksiin. Se on kuitenkin nyt tullut saataville virkistysk\u00e4ytt\u00f6\u00f6n.<\/p>\n<p><a href=\"https:\/\/fi.wikipedia.org\/wiki\/AL-LAD\">AL-LAD<\/a> 150mcg Blotters Online -laitetta kutsutaan usein lysergamidianalogien &#8220;virkistystarkoituksiin&#8221;.<\/p>\n<p>Se tunnetaan my\u00f6s voimakkaana entaktogeenina \u2013 joka saa sinut tuntemaan olosi l\u00e4hemm\u00e4ksi itse\u00e4si ja muita \u2013 ja pieni annos voi aiheuttaa voimakkaita vaikutuksia aiheuttamatta fyysist\u00e4 ep\u00e4mukavuutta.<\/p>\n<p>&nbsp;<\/p>\n<p><strong>Miksi ostaa. AL-LAD 150mcg blotterit verkossa?<\/strong><\/p>\n<p>AL-LADia k\u00e4ytt\u00e4v\u00e4t usein ihmiset, jotka etsiv\u00e4t vaihtoehtoa LSD:lle sen tehokkaamman tehon, miedompien vaikutusten ja matalampi hinta. On t\u00e4ydellinen idea ostaa tutkimuskemikaaleja verkosta s\u00e4\u00e4st\u00e4\u00e4ksesi rahaa. N\u00e4ihin tuotteisiin ei liity piilokuluja, koska ne myyd\u00e4\u00e4n edulliseen hintaan. Lis\u00e4mukavuutena voit toimittaa ne suoraan kotiovellesi ilman vaivaa.<\/p>\n<p>&nbsp;<\/p>\n<p><strong>Paras paikka Osta AL-LAD 150mcg Blotters verkosta<\/strong><\/p>\n<p>Jos haluat <a href=\"https:\/\/gooddealersmeds.com\/fi\/product\/al-lad-150mcg-blotters\/\">ostaa AL-LAD 150mcg Blotterit verkossa<\/a>, olet juuri p\u00e4\u00e4tynyt parhaaseen paikkaan. GoodDealersMeds tarjoaa AL-LAD 150mcg Blotterit kohtuuhintaan kaikkiin tilauksiin, jotka on tehty verkkosivustomme kautta TAI soittamalla numeroon +31645886273.<\/p>\n<p>Osta AL-LAD 150mcg Blotterit verkosta t\u00e4n\u00e4\u00e4n s\u00e4\u00e4st\u00e4\u00e4ksesi rahaa.<\/p>\n","protected":false},"excerpt":{"rendered":"<p>AL-LAD, jota kutsutaan teknisesti 6-allyyli-6-nor-lysergihappodietyyliamidiksi, on suhteellisen uusi LSD-25:n analogi. Sill\u00e4 oletetaan olevan samanlainen vaikutusmekanismi, joka toimii ensisijaisesti sitoutumalla aivojen serotoniinireseptoreihin. Sen uskotaan my\u00f6s olevan LSD-25:n aihiol\u00e4\u00e4ke, vaikka t\u00e4t\u00e4 ei ole varmistettu laboratorioissa.<\/p>\n","protected":false},"featured_media":1987,"comment_status":"open","ping_status":"closed","template":"","meta":{"inline_featured_image":false},"product_brand":[],"product_cat":[345],"product_tag":[],"class_list":{"0":"post-1986","1":"product","2":"type-product","3":"status-publish","4":"has-post-thumbnail","6":"product_cat-psykedeeliset-huumeet","8":"first","9":"instock","10":"shipping-taxable","11":"purchasable","12":"product-type-variable","13":"has-default-attributes"},"yoast_head":"<!-- This site is optimized with the Yoast SEO Premium plugin v20.6 (Yoast SEO v27.4) - https:\/\/yoast.com\/product\/yoast-seo-premium-wordpress\/ -->\n<title>Osta AL-LAD Blotterit verkosta | AL-LAD tilaus | AL-LAD myyt\u00e4v\u00e4n\u00e4<\/title>\n<meta name=\"description\" content=\"Osta AL-LAD Blotterit verkosta (6-allyyli-6-nor-LSD tai N-AN-ally-nor-lysergic) on Lysergamide-luokan psykedeelinen kemikaali.\" \/>\n<meta name=\"robots\" content=\"index, follow, max-snippet:-1, max-image-preview:large, max-video-preview:-1\" \/>\n<link rel=\"canonical\" href=\"https:\/\/gooddealersmeds.com\/fi\/product\/al-lad-150mcg-blotterit\/\" \/>\n<meta property=\"og:locale\" content=\"en_US\" \/>\n<meta property=\"og:type\" content=\"article\" \/>\n<meta property=\"og:title\" content=\"Osta AL-LAD 150mcg Blotterit\" \/>\n<meta property=\"og:description\" content=\"Osta AL-LAD Blotterit verkosta (6-allyyli-6-nor-LSD tai N-AN-ally-nor-lysergic) on Lysergamide-luokan psykedeelinen kemikaali.\" \/>\n<meta property=\"og:url\" content=\"https:\/\/gooddealersmeds.com\/fi\/product\/al-lad-150mcg-blotterit\/\" \/>\n<meta property=\"og:site_name\" content=\"Good Dealers Meds\" \/>\n<meta property=\"article:modified_time\" content=\"2023-01-20T14:23:14+00:00\" \/>\n<meta property=\"og:image\" content=\"https:\/\/gooddealersmeds.com\/fi\/wp-content\/uploads\/sites\/6\/2022\/07\/AL-LAD-150mcg-Blotters.webp\" \/>\n\t<meta property=\"og:image:width\" content=\"1553\" \/>\n\t<meta property=\"og:image:height\" content=\"1553\" \/>\n\t<meta property=\"og:image:type\" content=\"image\/webp\" \/>\n<meta name=\"twitter:card\" content=\"summary_large_image\" \/>\n<meta name=\"twitter:label1\" content=\"Est. reading time\" \/>\n\t<meta name=\"twitter:data1\" content=\"1 minute\" \/>\n<script type=\"application\/ld+json\" class=\"yoast-schema-graph\">{\"@context\":\"https:\\\/\\\/schema.org\",\"@graph\":[{\"@type\":\"WebPage\",\"@id\":\"https:\\\/\\\/gooddealersmeds.com\\\/fi\\\/product\\\/al-lad-150mcg-blotterit\\\/\",\"url\":\"https:\\\/\\\/gooddealersmeds.com\\\/fi\\\/product\\\/al-lad-150mcg-blotterit\\\/\",\"name\":\"Osta AL-LAD Blotterit verkosta | AL-LAD tilaus | AL-LAD myyt\u00e4v\u00e4n\u00e4\",\"isPartOf\":{\"@id\":\"https:\\\/\\\/gooddealersmeds.com\\\/fi\\\/#website\"},\"primaryImageOfPage\":{\"@id\":\"https:\\\/\\\/gooddealersmeds.com\\\/fi\\\/product\\\/al-lad-150mcg-blotterit\\\/#primaryimage\"},\"image\":{\"@id\":\"https:\\\/\\\/gooddealersmeds.com\\\/fi\\\/product\\\/al-lad-150mcg-blotterit\\\/#primaryimage\"},\"thumbnailUrl\":\"https:\\\/\\\/gooddealersmeds.com\\\/fi\\\/wp-content\\\/uploads\\\/sites\\\/6\\\/2022\\\/07\\\/AL-LAD-150mcg-Blotters.webp\",\"datePublished\":\"2022-07-03T13:54:43+00:00\",\"dateModified\":\"2023-01-20T14:23:14+00:00\",\"description\":\"Osta AL-LAD Blotterit verkosta (6-allyyli-6-nor-LSD tai N-AN-ally-nor-lysergic) on Lysergamide-luokan psykedeelinen kemikaali.\",\"breadcrumb\":{\"@id\":\"https:\\\/\\\/gooddealersmeds.com\\\/fi\\\/product\\\/al-lad-150mcg-blotterit\\\/#breadcrumb\"},\"inLanguage\":\"en-US\",\"potentialAction\":[{\"@type\":\"ReadAction\",\"target\":[\"https:\\\/\\\/gooddealersmeds.com\\\/fi\\\/product\\\/al-lad-150mcg-blotterit\\\/\"]}]},{\"@type\":\"ImageObject\",\"inLanguage\":\"en-US\",\"@id\":\"https:\\\/\\\/gooddealersmeds.com\\\/fi\\\/product\\\/al-lad-150mcg-blotterit\\\/#primaryimage\",\"url\":\"https:\\\/\\\/gooddealersmeds.com\\\/fi\\\/wp-content\\\/uploads\\\/sites\\\/6\\\/2022\\\/07\\\/AL-LAD-150mcg-Blotters.webp\",\"contentUrl\":\"https:\\\/\\\/gooddealersmeds.com\\\/fi\\\/wp-content\\\/uploads\\\/sites\\\/6\\\/2022\\\/07\\\/AL-LAD-150mcg-Blotters.webp\",\"width\":1553,\"height\":1553,\"caption\":\"AL-LAD Blotters\"},{\"@type\":\"BreadcrumbList\",\"@id\":\"https:\\\/\\\/gooddealersmeds.com\\\/fi\\\/product\\\/al-lad-150mcg-blotterit\\\/#breadcrumb\",\"itemListElement\":[{\"@type\":\"ListItem\",\"position\":1,\"name\":\"Home\",\"item\":\"https:\\\/\\\/gooddealersmeds.com\\\/fi\\\/\"},{\"@type\":\"ListItem\",\"position\":2,\"name\":\"Tuotteet\",\"item\":\"https:\\\/\\\/gooddealersmeds.com\\\/fi\\\/tuotteet\\\/\"},{\"@type\":\"ListItem\",\"position\":3,\"name\":\"Osta AL-LAD 150mcg Blotterit\"}]},{\"@type\":\"WebSite\",\"@id\":\"https:\\\/\\\/gooddealersmeds.com\\\/fi\\\/#website\",\"url\":\"https:\\\/\\\/gooddealersmeds.com\\\/fi\\\/\",\"name\":\"Good Dealers Meds\",\"description\":\"All our best\",\"publisher\":{\"@id\":\"https:\\\/\\\/gooddealersmeds.com\\\/fi\\\/#organization\"},\"potentialAction\":[{\"@type\":\"SearchAction\",\"target\":{\"@type\":\"EntryPoint\",\"urlTemplate\":\"https:\\\/\\\/gooddealersmeds.com\\\/fi\\\/?s={search_term_string}\"},\"query-input\":{\"@type\":\"PropertyValueSpecification\",\"valueRequired\":true,\"valueName\":\"search_term_string\"}}],\"inLanguage\":\"en-US\"},{\"@type\":\"Organization\",\"@id\":\"https:\\\/\\\/gooddealersmeds.com\\\/fi\\\/#organization\",\"name\":\"Good Dealers Meds\",\"url\":\"https:\\\/\\\/gooddealersmeds.com\\\/fi\\\/\",\"logo\":{\"@type\":\"ImageObject\",\"inLanguage\":\"en-US\",\"@id\":\"https:\\\/\\\/gooddealersmeds.com\\\/fi\\\/#\\\/schema\\\/logo\\\/image\\\/\",\"url\":\"https:\\\/\\\/gooddealersmeds.com\\\/fi\\\/wp-content\\\/uploads\\\/sites\\\/6\\\/2022\\\/03\\\/gooddealersmeds__logo__20220317T222800Z.00.png\",\"contentUrl\":\"https:\\\/\\\/gooddealersmeds.com\\\/fi\\\/wp-content\\\/uploads\\\/sites\\\/6\\\/2022\\\/03\\\/gooddealersmeds__logo__20220317T222800Z.00.png\",\"width\":500,\"height\":325,\"caption\":\"Good Dealers Meds\"},\"image\":{\"@id\":\"https:\\\/\\\/gooddealersmeds.com\\\/fi\\\/#\\\/schema\\\/logo\\\/image\\\/\"}}]}<\/script>\n<!-- \/ Yoast SEO Premium plugin. -->","yoast_head_json":{"title":"Osta AL-LAD Blotterit verkosta | AL-LAD tilaus | AL-LAD myyt\u00e4v\u00e4n\u00e4","description":"Osta AL-LAD Blotterit verkosta (6-allyyli-6-nor-LSD tai N-AN-ally-nor-lysergic) on Lysergamide-luokan psykedeelinen kemikaali.","robots":{"index":"index","follow":"follow","max-snippet":"max-snippet:-1","max-image-preview":"max-image-preview:large","max-video-preview":"max-video-preview:-1"},"canonical":"https:\/\/gooddealersmeds.com\/fi\/product\/al-lad-150mcg-blotterit\/","og_locale":"en_US","og_type":"article","og_title":"Osta AL-LAD 150mcg Blotterit","og_description":"Osta AL-LAD Blotterit verkosta (6-allyyli-6-nor-LSD tai N-AN-ally-nor-lysergic) on Lysergamide-luokan psykedeelinen kemikaali.","og_url":"https:\/\/gooddealersmeds.com\/fi\/product\/al-lad-150mcg-blotterit\/","og_site_name":"Good Dealers Meds","article_modified_time":"2023-01-20T14:23:14+00:00","og_image":[{"width":1553,"height":1553,"url":"https:\/\/gooddealersmeds.com\/fi\/wp-content\/uploads\/sites\/6\/2022\/07\/AL-LAD-150mcg-Blotters.webp","type":"image\/webp"}],"twitter_card":"summary_large_image","twitter_misc":{"Est. reading time":"1 minute"},"schema":{"@context":"https:\/\/schema.org","@graph":[{"@type":"WebPage","@id":"https:\/\/gooddealersmeds.com\/fi\/product\/al-lad-150mcg-blotterit\/","url":"https:\/\/gooddealersmeds.com\/fi\/product\/al-lad-150mcg-blotterit\/","name":"Osta AL-LAD Blotterit verkosta | AL-LAD tilaus | AL-LAD myyt\u00e4v\u00e4n\u00e4","isPartOf":{"@id":"https:\/\/gooddealersmeds.com\/fi\/#website"},"primaryImageOfPage":{"@id":"https:\/\/gooddealersmeds.com\/fi\/product\/al-lad-150mcg-blotterit\/#primaryimage"},"image":{"@id":"https:\/\/gooddealersmeds.com\/fi\/product\/al-lad-150mcg-blotterit\/#primaryimage"},"thumbnailUrl":"https:\/\/gooddealersmeds.com\/fi\/wp-content\/uploads\/sites\/6\/2022\/07\/AL-LAD-150mcg-Blotters.webp","datePublished":"2022-07-03T13:54:43+00:00","dateModified":"2023-01-20T14:23:14+00:00","description":"Osta AL-LAD Blotterit verkosta (6-allyyli-6-nor-LSD tai N-AN-ally-nor-lysergic) on Lysergamide-luokan psykedeelinen kemikaali.","breadcrumb":{"@id":"https:\/\/gooddealersmeds.com\/fi\/product\/al-lad-150mcg-blotterit\/#breadcrumb"},"inLanguage":"en-US","potentialAction":[{"@type":"ReadAction","target":["https:\/\/gooddealersmeds.com\/fi\/product\/al-lad-150mcg-blotterit\/"]}]},{"@type":"ImageObject","inLanguage":"en-US","@id":"https:\/\/gooddealersmeds.com\/fi\/product\/al-lad-150mcg-blotterit\/#primaryimage","url":"https:\/\/gooddealersmeds.com\/fi\/wp-content\/uploads\/sites\/6\/2022\/07\/AL-LAD-150mcg-Blotters.webp","contentUrl":"https:\/\/gooddealersmeds.com\/fi\/wp-content\/uploads\/sites\/6\/2022\/07\/AL-LAD-150mcg-Blotters.webp","width":1553,"height":1553,"caption":"AL-LAD Blotters"},{"@type":"BreadcrumbList","@id":"https:\/\/gooddealersmeds.com\/fi\/product\/al-lad-150mcg-blotterit\/#breadcrumb","itemListElement":[{"@type":"ListItem","position":1,"name":"Home","item":"https:\/\/gooddealersmeds.com\/fi\/"},{"@type":"ListItem","position":2,"name":"Tuotteet","item":"https:\/\/gooddealersmeds.com\/fi\/tuotteet\/"},{"@type":"ListItem","position":3,"name":"Osta AL-LAD 150mcg Blotterit"}]},{"@type":"WebSite","@id":"https:\/\/gooddealersmeds.com\/fi\/#website","url":"https:\/\/gooddealersmeds.com\/fi\/","name":"Good Dealers Meds","description":"All our best","publisher":{"@id":"https:\/\/gooddealersmeds.com\/fi\/#organization"},"potentialAction":[{"@type":"SearchAction","target":{"@type":"EntryPoint","urlTemplate":"https:\/\/gooddealersmeds.com\/fi\/?s={search_term_string}"},"query-input":{"@type":"PropertyValueSpecification","valueRequired":true,"valueName":"search_term_string"}}],"inLanguage":"en-US"},{"@type":"Organization","@id":"https:\/\/gooddealersmeds.com\/fi\/#organization","name":"Good Dealers Meds","url":"https:\/\/gooddealersmeds.com\/fi\/","logo":{"@type":"ImageObject","inLanguage":"en-US","@id":"https:\/\/gooddealersmeds.com\/fi\/#\/schema\/logo\/image\/","url":"https:\/\/gooddealersmeds.com\/fi\/wp-content\/uploads\/sites\/6\/2022\/03\/gooddealersmeds__logo__20220317T222800Z.00.png","contentUrl":"https:\/\/gooddealersmeds.com\/fi\/wp-content\/uploads\/sites\/6\/2022\/03\/gooddealersmeds__logo__20220317T222800Z.00.png","width":500,"height":325,"caption":"Good Dealers Meds"},"image":{"@id":"https:\/\/gooddealersmeds.com\/fi\/#\/schema\/logo\/image\/"}}]}},"_links":{"self":[{"href":"https:\/\/gooddealersmeds.com\/fi\/wp-json\/wp\/v2\/product\/1986","targetHints":{"allow":["GET"]}}],"collection":[{"href":"https:\/\/gooddealersmeds.com\/fi\/wp-json\/wp\/v2\/product"}],"about":[{"href":"https:\/\/gooddealersmeds.com\/fi\/wp-json\/wp\/v2\/types\/product"}],"replies":[{"embeddable":true,"href":"https:\/\/gooddealersmeds.com\/fi\/wp-json\/wp\/v2\/comments?post=1986"}],"wp:featuredmedia":[{"embeddable":true,"href":"https:\/\/gooddealersmeds.com\/fi\/wp-json\/wp\/v2\/media\/1987"}],"wp:attachment":[{"href":"https:\/\/gooddealersmeds.com\/fi\/wp-json\/wp\/v2\/media?parent=1986"}],"wp:term":[{"taxonomy":"product_brand","embeddable":true,"href":"https:\/\/gooddealersmeds.com\/fi\/wp-json\/wp\/v2\/product_brand?post=1986"},{"taxonomy":"product_cat","embeddable":true,"href":"https:\/\/gooddealersmeds.com\/fi\/wp-json\/wp\/v2\/product_cat?post=1986"},{"taxonomy":"product_tag","embeddable":true,"href":"https:\/\/gooddealersmeds.com\/fi\/wp-json\/wp\/v2\/product_tag?post=1986"}],"curies":[{"name":"wp","href":"https:\/\/api.w.org\/{rel}","templated":true}]}}