{"id":1984,"date":"2022-07-03T13:39:25","date_gmt":"2022-07-03T13:39:25","guid":{"rendered":"https:\/\/gooddealersmeds.com\/fi\/?post_type=product&#038;p=1984"},"modified":"2023-01-20T14:55:31","modified_gmt":"2023-01-20T14:55:31","slug":"osta-gamma-hydroksibutyraatti-ghb-neste","status":"publish","type":"product","link":"https:\/\/gooddealersmeds.com\/fi\/product\/osta-gamma-hydroksibutyraatti-ghb-neste\/","title":{"rendered":"Osta Gamma Hydroxybutyrate (GHB) -neste"},"content":{"rendered":"<h2>Osta GHB-nestett\u00e4 verkosta takuulla<\/h2>\n<p>Gammahydroksibutyraatti (<a href=\"https:\/\/fi.wikipedia.org\/wiki\/Gammahydroksivoihappo\">GHB<\/a>) on masennusl\u00e4\u00e4ke, joka voidaan ottaa suun kautta, injektiona tai h\u00f6yryst\u00e4\u00e4 l\u00e4\u00e4keh\u00f6yrystimess\u00e4. Se on kirkas neste, jolla on rauhoittavia vaikutuksia ja joka voi aiheuttaa uneliaisuutta ja heikent\u00e4\u00e4 motorisia toimintoja. Mist\u00e4 ostaa GHB-nestett\u00e4<\/p>\n<p>GHB:t\u00e4 kutsutaan joskus &#8220;designer-l\u00e4\u00e4kkeeksi&#8221; tai &#8220;<a href=\"https:\/\/gooddealersmeds.com\/fi\/product\/buy-gamma-hydroxybutyrate-ghb-liquid \/\">nestem\u00e4inen ekstaasi<\/a>&#8220;, koska tiedemiehet kehittiv\u00e4t sen alun perin 1960-luvulla. GHB:n alkuper\u00e4inen tarkoitus oli auttaa narkolepsiasta k\u00e4rsivi\u00e4 ihmisi\u00e4 nukahtamaan helpommin; T\u00e4st\u00e4 l\u00e4\u00e4kkeest\u00e4 tuli kuitenkin pian suosittu klubien k\u00e4vij\u00f6iden ja kerhoilijoiden keskuudessa, jotka k\u00e4yttiv\u00e4t sit\u00e4 huumeena nauttiakseen humalassa olemisesta p\u00e4ihtym\u00e4tt\u00e4. Sittemmin GHB:t\u00e4 on k\u00e4ytetty monilla muilla tavoilla: liiallisen p\u00e4iv\u00e4uneliaisuuden ja joskus opioidien hoitoon, Mist\u00e4 ostaa GHB-nestett\u00e4<\/p>\n<p><strong>\u00a0<\/strong><\/p>\n<p><strong>Miksi ostaa GHB:t\u00e4 verkosta? <\/strong><\/p>\n<p>GHB-nesteen ostamiseen verkosta on monia syit\u00e4. Kerrotaanpa muutamia niist\u00e4:<\/p>\n<ul>\n<li>Ostamalla GHB:t\u00e4 verkosta, voit ostaa l\u00e4\u00e4kkeesi houkutteleviin hintoihin. Joskus verkkoapteekit tarjoavat my\u00f6s kanta-asiakaskortteja tai tarjouskoodeja alennusmahdollisuuksien hy\u00f6dynt\u00e4miseksi.<\/li>\n<li>Verkosta l\u00f6ytyy useita verkkosivustoja, jotka myyv\u00e4t GHB-nestett\u00e4. Joten on helpompi verrata hintoja verkossa.<\/li>\n<li>Gammahydroksibutyraatin (GHB) kaltaisia \u200b\u200bl\u00e4\u00e4kkeit\u00e4 on usein harvoin saatavilla apteekeista. Voit siis ostaa niit\u00e4 verkosta.<\/li>\n<li>Saat tilauksesi napauttamalla muutamaa painiketta \u2013 se on niin helppoa!<\/li>\n<\/ul>\n<p><strong>\u00a0<\/strong><\/p>\n<h3><strong>Mist\u00e4 voin ostaa GHB:t\u00e4 verkosta?<\/strong><\/h3>\n<p>Monet apteekit tarjoavat GHB:t\u00e4 verkossa, mutta paras paikka on Good Dealers Meds. Tarjoamme ilmaisen toimituksen, jotta voit tilata suosikkil\u00e4\u00e4kkeit\u00e4si nopeasti ja k\u00e4tev\u00e4sti mist\u00e4 p\u00e4in maailmaa tahansa. GHB-euforia, lis\u00e4\u00e4ntynyt seksihalu ja rauhallisuus ovat raportoitu GHB:n v\u00e4\u00e4rink\u00e4yt\u00f6n my\u00f6nteisist\u00e4 vaikutuksista.<\/p>\n","protected":false},"excerpt":{"rendered":"<p>Gammahydroksibutyraatti on rauhoittava l\u00e4\u00e4ke, jota k\u00e4ytet\u00e4\u00e4n sek\u00e4 reseptim\u00e4\u00e4r\u00e4isen\u00e4 unil\u00e4\u00e4kkeen\u00e4 ett\u00e4 virkistysp\u00e4ihteen\u00e4, josta saa GHB:t\u00e4. Se tunnetaan kyvyst\u00e4\u00e4n saada aikaan lyhyt (usean tunnin) kooman kaltainen uni suurilla annoksilla.<\/p>\n","protected":false},"featured_media":1985,"comment_status":"open","ping_status":"closed","template":"","meta":{"inline_featured_image":false},"product_brand":[],"product_cat":[345],"product_tag":[523,527,549,546,547,525,542,531,532,543,534,535,533,526,545,537,554,530,538,553,524,528,544,550,540,548,536,551,539,541,555,552,529],"class_list":{"0":"post-1984","1":"product","2":"type-product","3":"status-publish","4":"has-post-thumbnail","6":"product_cat-psykedeeliset-huumeet","7":"product_tag-buy-dieldrin-online","8":"product_tag-buy-endosulfan-online","9":"product_tag-buy-retail-gamma-butyrolactone","10":"product_tag-buy-wholesale-gamma-butyrolactone","11":"product_tag-buy-wholesale-gamma-butyrolactone-online","12":"product_tag-cheap-dieldrin-online","13":"product_tag-cheap-gamma-hydroxybutyrate-online","14":"product_tag-gamma-butyrolaktoni-lkkeen","15":"product_tag-gamma-butyrolaktoni-myynniss","16":"product_tag-gamma-butyrolaktoni-tukkumyynti","17":"product_tag-gamma-hydroksibutyraatti-osta","18":"product_tag-ghb-buy-canada","19":"product_tag-ghb-buy-australia","20":"product_tag-how-to-buy-dieldrin-online","21":"product_tag-how-to-buy-gamma-butyrolactone","22":"product_tag-miten-tilaa-ghb-online","23":"product_tag-legal-bromomehane-online","24":"product_tag-laillinen-endosulfaani-verkossa","25":"product_tag-laillinen-gamma-hydroksibutyraatti-online","26":"product_tag-mist-ostaa-bromimetaani-verkosta","27":"product_tag-mist-ostaa-dieldrin-verkosta","28":"product_tag-mist-osta-endosulfaani-verkosta","29":"product_tag-mist-ostaa-gamma-butyrolaktoni","30":"product_tag-mist-osta-vhittismyynti-gamma-butyrolaktoni-verkossa","31":"product_tag-mist-ostaa-gamma-hydroksibutyraatti-verkosta","32":"product_tag-mist-osta-koko-myynti-gamma-butyrolaktoni","33":"product_tag-mist-tilata-ghb-online","34":"product_tag-osta-bromimetaani-verkosta","35":"product_tag-osta-gamma-hydroksibutyraatti-verkosta","36":"product_tag-osta-laillinen-gamma-hydroksibutyraatti-verkosta","37":"product_tag-osta-metyyliheksanamiini-verkosta","38":"product_tag-tukku-bromimetaani-online","39":"product_tag-tukku-endosulfaani-online","41":"first","42":"instock","43":"shipping-taxable","44":"purchasable","45":"product-type-simple"},"yoast_head":"<!-- This site is optimized with the Yoast SEO Premium plugin v20.6 (Yoast SEO v27.3) - https:\/\/yoast.com\/product\/yoast-seo-premium-wordpress\/ -->\n<title>Mist\u00e4 ostaa GHB-nestett\u00e4 | GHB myyt\u00e4v\u00e4n\u00e4 | Good Dealers Meds<\/title>\n<meta name=\"description\" content=\"Mist\u00e4 ostaa GHB-nestett\u00e4 j\u00e4lleenmyyjilt\u00e4mme, jota k\u00e4ytet\u00e4\u00e4n sek\u00e4 reseptim\u00e4\u00e4r\u00e4isen\u00e4 unil\u00e4\u00e4kkeen\u00e4 ett\u00e4 virkistysp\u00e4ihteen\u00e4.\" \/>\n<meta name=\"robots\" content=\"index, follow, max-snippet:-1, max-image-preview:large, max-video-preview:-1\" \/>\n<link rel=\"canonical\" href=\"https:\/\/gooddealersmeds.com\/fi\/product\/osta-gamma-hydroksibutyraatti-ghb-neste\/\" \/>\n<meta property=\"og:locale\" content=\"en_US\" \/>\n<meta property=\"og:type\" content=\"article\" \/>\n<meta property=\"og:title\" content=\"Osta Gamma Hydroxybutyrate (GHB) -neste\" \/>\n<meta property=\"og:description\" content=\"Mist\u00e4 ostaa GHB-nestett\u00e4 j\u00e4lleenmyyjilt\u00e4mme, jota k\u00e4ytet\u00e4\u00e4n sek\u00e4 reseptim\u00e4\u00e4r\u00e4isen\u00e4 unil\u00e4\u00e4kkeen\u00e4 ett\u00e4 virkistysp\u00e4ihteen\u00e4.\" \/>\n<meta property=\"og:url\" content=\"https:\/\/gooddealersmeds.com\/fi\/product\/osta-gamma-hydroksibutyraatti-ghb-neste\/\" \/>\n<meta property=\"og:site_name\" content=\"Good Dealers Meds\" \/>\n<meta property=\"article:modified_time\" content=\"2023-01-20T14:55:31+00:00\" \/>\n<meta property=\"og:image\" content=\"https:\/\/gooddealersmeds.com\/fi\/wp-content\/uploads\/sites\/6\/2022\/07\/Buy-Gamma-Hydroxybutyrate-Ghb-Liquid.jpg\" \/>\n\t<meta property=\"og:image:width\" content=\"600\" \/>\n\t<meta property=\"og:image:height\" content=\"600\" \/>\n\t<meta property=\"og:image:type\" content=\"image\/jpeg\" \/>\n<meta name=\"twitter:card\" content=\"summary_large_image\" \/>\n<meta name=\"twitter:label1\" content=\"Est. reading time\" \/>\n\t<meta name=\"twitter:data1\" content=\"1 minute\" \/>\n<script type=\"application\/ld+json\" class=\"yoast-schema-graph\">{\"@context\":\"https:\\\/\\\/schema.org\",\"@graph\":[{\"@type\":\"WebPage\",\"@id\":\"https:\\\/\\\/gooddealersmeds.com\\\/fi\\\/product\\\/osta-gamma-hydroksibutyraatti-ghb-neste\\\/\",\"url\":\"https:\\\/\\\/gooddealersmeds.com\\\/fi\\\/product\\\/osta-gamma-hydroksibutyraatti-ghb-neste\\\/\",\"name\":\"Mist\u00e4 ostaa GHB-nestett\u00e4 | GHB myyt\u00e4v\u00e4n\u00e4 | Good Dealers Meds\",\"isPartOf\":{\"@id\":\"https:\\\/\\\/gooddealersmeds.com\\\/fi\\\/#website\"},\"primaryImageOfPage\":{\"@id\":\"https:\\\/\\\/gooddealersmeds.com\\\/fi\\\/product\\\/osta-gamma-hydroksibutyraatti-ghb-neste\\\/#primaryimage\"},\"image\":{\"@id\":\"https:\\\/\\\/gooddealersmeds.com\\\/fi\\\/product\\\/osta-gamma-hydroksibutyraatti-ghb-neste\\\/#primaryimage\"},\"thumbnailUrl\":\"https:\\\/\\\/gooddealersmeds.com\\\/fi\\\/wp-content\\\/uploads\\\/sites\\\/6\\\/2022\\\/07\\\/Buy-Gamma-Hydroxybutyrate-Ghb-Liquid.jpg\",\"datePublished\":\"2022-07-03T13:39:25+00:00\",\"dateModified\":\"2023-01-20T14:55:31+00:00\",\"description\":\"Mist\u00e4 ostaa GHB-nestett\u00e4 j\u00e4lleenmyyjilt\u00e4mme, jota k\u00e4ytet\u00e4\u00e4n sek\u00e4 reseptim\u00e4\u00e4r\u00e4isen\u00e4 unil\u00e4\u00e4kkeen\u00e4 ett\u00e4 virkistysp\u00e4ihteen\u00e4.\",\"breadcrumb\":{\"@id\":\"https:\\\/\\\/gooddealersmeds.com\\\/fi\\\/product\\\/osta-gamma-hydroksibutyraatti-ghb-neste\\\/#breadcrumb\"},\"inLanguage\":\"en-US\",\"potentialAction\":[{\"@type\":\"ReadAction\",\"target\":[\"https:\\\/\\\/gooddealersmeds.com\\\/fi\\\/product\\\/osta-gamma-hydroksibutyraatti-ghb-neste\\\/\"]}]},{\"@type\":\"ImageObject\",\"inLanguage\":\"en-US\",\"@id\":\"https:\\\/\\\/gooddealersmeds.com\\\/fi\\\/product\\\/osta-gamma-hydroksibutyraatti-ghb-neste\\\/#primaryimage\",\"url\":\"https:\\\/\\\/gooddealersmeds.com\\\/fi\\\/wp-content\\\/uploads\\\/sites\\\/6\\\/2022\\\/07\\\/Buy-Gamma-Hydroxybutyrate-Ghb-Liquid.jpg\",\"contentUrl\":\"https:\\\/\\\/gooddealersmeds.com\\\/fi\\\/wp-content\\\/uploads\\\/sites\\\/6\\\/2022\\\/07\\\/Buy-Gamma-Hydroxybutyrate-Ghb-Liquid.jpg\",\"width\":600,\"height\":600,\"caption\":\"Buy Gamma Hydroxybutyrate Liquid\"},{\"@type\":\"BreadcrumbList\",\"@id\":\"https:\\\/\\\/gooddealersmeds.com\\\/fi\\\/product\\\/osta-gamma-hydroksibutyraatti-ghb-neste\\\/#breadcrumb\",\"itemListElement\":[{\"@type\":\"ListItem\",\"position\":1,\"name\":\"Home\",\"item\":\"https:\\\/\\\/gooddealersmeds.com\\\/fi\\\/\"},{\"@type\":\"ListItem\",\"position\":2,\"name\":\"Tuotteet\",\"item\":\"https:\\\/\\\/gooddealersmeds.com\\\/fi\\\/tuotteet\\\/\"},{\"@type\":\"ListItem\",\"position\":3,\"name\":\"Osta Gamma Hydroxybutyrate (GHB) -neste\"}]},{\"@type\":\"WebSite\",\"@id\":\"https:\\\/\\\/gooddealersmeds.com\\\/fi\\\/#website\",\"url\":\"https:\\\/\\\/gooddealersmeds.com\\\/fi\\\/\",\"name\":\"Good Dealers Meds\",\"description\":\"All our best\",\"publisher\":{\"@id\":\"https:\\\/\\\/gooddealersmeds.com\\\/fi\\\/#organization\"},\"potentialAction\":[{\"@type\":\"SearchAction\",\"target\":{\"@type\":\"EntryPoint\",\"urlTemplate\":\"https:\\\/\\\/gooddealersmeds.com\\\/fi\\\/?s={search_term_string}\"},\"query-input\":{\"@type\":\"PropertyValueSpecification\",\"valueRequired\":true,\"valueName\":\"search_term_string\"}}],\"inLanguage\":\"en-US\"},{\"@type\":\"Organization\",\"@id\":\"https:\\\/\\\/gooddealersmeds.com\\\/fi\\\/#organization\",\"name\":\"Good Dealers Meds\",\"url\":\"https:\\\/\\\/gooddealersmeds.com\\\/fi\\\/\",\"logo\":{\"@type\":\"ImageObject\",\"inLanguage\":\"en-US\",\"@id\":\"https:\\\/\\\/gooddealersmeds.com\\\/fi\\\/#\\\/schema\\\/logo\\\/image\\\/\",\"url\":\"https:\\\/\\\/gooddealersmeds.com\\\/fi\\\/wp-content\\\/uploads\\\/sites\\\/6\\\/2022\\\/03\\\/gooddealersmeds__logo__20220317T222800Z.00.png\",\"contentUrl\":\"https:\\\/\\\/gooddealersmeds.com\\\/fi\\\/wp-content\\\/uploads\\\/sites\\\/6\\\/2022\\\/03\\\/gooddealersmeds__logo__20220317T222800Z.00.png\",\"width\":500,\"height\":325,\"caption\":\"Good Dealers Meds\"},\"image\":{\"@id\":\"https:\\\/\\\/gooddealersmeds.com\\\/fi\\\/#\\\/schema\\\/logo\\\/image\\\/\"}}]}<\/script>\n<!-- \/ Yoast SEO Premium plugin. -->","yoast_head_json":{"title":"Mist\u00e4 ostaa GHB-nestett\u00e4 | GHB myyt\u00e4v\u00e4n\u00e4 | Good Dealers Meds","description":"Mist\u00e4 ostaa GHB-nestett\u00e4 j\u00e4lleenmyyjilt\u00e4mme, jota k\u00e4ytet\u00e4\u00e4n sek\u00e4 reseptim\u00e4\u00e4r\u00e4isen\u00e4 unil\u00e4\u00e4kkeen\u00e4 ett\u00e4 virkistysp\u00e4ihteen\u00e4.","robots":{"index":"index","follow":"follow","max-snippet":"max-snippet:-1","max-image-preview":"max-image-preview:large","max-video-preview":"max-video-preview:-1"},"canonical":"https:\/\/gooddealersmeds.com\/fi\/product\/osta-gamma-hydroksibutyraatti-ghb-neste\/","og_locale":"en_US","og_type":"article","og_title":"Osta Gamma Hydroxybutyrate (GHB) -neste","og_description":"Mist\u00e4 ostaa GHB-nestett\u00e4 j\u00e4lleenmyyjilt\u00e4mme, jota k\u00e4ytet\u00e4\u00e4n sek\u00e4 reseptim\u00e4\u00e4r\u00e4isen\u00e4 unil\u00e4\u00e4kkeen\u00e4 ett\u00e4 virkistysp\u00e4ihteen\u00e4.","og_url":"https:\/\/gooddealersmeds.com\/fi\/product\/osta-gamma-hydroksibutyraatti-ghb-neste\/","og_site_name":"Good Dealers Meds","article_modified_time":"2023-01-20T14:55:31+00:00","og_image":[{"width":600,"height":600,"url":"https:\/\/gooddealersmeds.com\/fi\/wp-content\/uploads\/sites\/6\/2022\/07\/Buy-Gamma-Hydroxybutyrate-Ghb-Liquid.jpg","type":"image\/jpeg"}],"twitter_card":"summary_large_image","twitter_misc":{"Est. reading time":"1 minute"},"schema":{"@context":"https:\/\/schema.org","@graph":[{"@type":"WebPage","@id":"https:\/\/gooddealersmeds.com\/fi\/product\/osta-gamma-hydroksibutyraatti-ghb-neste\/","url":"https:\/\/gooddealersmeds.com\/fi\/product\/osta-gamma-hydroksibutyraatti-ghb-neste\/","name":"Mist\u00e4 ostaa GHB-nestett\u00e4 | GHB myyt\u00e4v\u00e4n\u00e4 | Good Dealers Meds","isPartOf":{"@id":"https:\/\/gooddealersmeds.com\/fi\/#website"},"primaryImageOfPage":{"@id":"https:\/\/gooddealersmeds.com\/fi\/product\/osta-gamma-hydroksibutyraatti-ghb-neste\/#primaryimage"},"image":{"@id":"https:\/\/gooddealersmeds.com\/fi\/product\/osta-gamma-hydroksibutyraatti-ghb-neste\/#primaryimage"},"thumbnailUrl":"https:\/\/gooddealersmeds.com\/fi\/wp-content\/uploads\/sites\/6\/2022\/07\/Buy-Gamma-Hydroxybutyrate-Ghb-Liquid.jpg","datePublished":"2022-07-03T13:39:25+00:00","dateModified":"2023-01-20T14:55:31+00:00","description":"Mist\u00e4 ostaa GHB-nestett\u00e4 j\u00e4lleenmyyjilt\u00e4mme, jota k\u00e4ytet\u00e4\u00e4n sek\u00e4 reseptim\u00e4\u00e4r\u00e4isen\u00e4 unil\u00e4\u00e4kkeen\u00e4 ett\u00e4 virkistysp\u00e4ihteen\u00e4.","breadcrumb":{"@id":"https:\/\/gooddealersmeds.com\/fi\/product\/osta-gamma-hydroksibutyraatti-ghb-neste\/#breadcrumb"},"inLanguage":"en-US","potentialAction":[{"@type":"ReadAction","target":["https:\/\/gooddealersmeds.com\/fi\/product\/osta-gamma-hydroksibutyraatti-ghb-neste\/"]}]},{"@type":"ImageObject","inLanguage":"en-US","@id":"https:\/\/gooddealersmeds.com\/fi\/product\/osta-gamma-hydroksibutyraatti-ghb-neste\/#primaryimage","url":"https:\/\/gooddealersmeds.com\/fi\/wp-content\/uploads\/sites\/6\/2022\/07\/Buy-Gamma-Hydroxybutyrate-Ghb-Liquid.jpg","contentUrl":"https:\/\/gooddealersmeds.com\/fi\/wp-content\/uploads\/sites\/6\/2022\/07\/Buy-Gamma-Hydroxybutyrate-Ghb-Liquid.jpg","width":600,"height":600,"caption":"Buy Gamma Hydroxybutyrate Liquid"},{"@type":"BreadcrumbList","@id":"https:\/\/gooddealersmeds.com\/fi\/product\/osta-gamma-hydroksibutyraatti-ghb-neste\/#breadcrumb","itemListElement":[{"@type":"ListItem","position":1,"name":"Home","item":"https:\/\/gooddealersmeds.com\/fi\/"},{"@type":"ListItem","position":2,"name":"Tuotteet","item":"https:\/\/gooddealersmeds.com\/fi\/tuotteet\/"},{"@type":"ListItem","position":3,"name":"Osta Gamma Hydroxybutyrate (GHB) -neste"}]},{"@type":"WebSite","@id":"https:\/\/gooddealersmeds.com\/fi\/#website","url":"https:\/\/gooddealersmeds.com\/fi\/","name":"Good Dealers Meds","description":"All our best","publisher":{"@id":"https:\/\/gooddealersmeds.com\/fi\/#organization"},"potentialAction":[{"@type":"SearchAction","target":{"@type":"EntryPoint","urlTemplate":"https:\/\/gooddealersmeds.com\/fi\/?s={search_term_string}"},"query-input":{"@type":"PropertyValueSpecification","valueRequired":true,"valueName":"search_term_string"}}],"inLanguage":"en-US"},{"@type":"Organization","@id":"https:\/\/gooddealersmeds.com\/fi\/#organization","name":"Good Dealers Meds","url":"https:\/\/gooddealersmeds.com\/fi\/","logo":{"@type":"ImageObject","inLanguage":"en-US","@id":"https:\/\/gooddealersmeds.com\/fi\/#\/schema\/logo\/image\/","url":"https:\/\/gooddealersmeds.com\/fi\/wp-content\/uploads\/sites\/6\/2022\/03\/gooddealersmeds__logo__20220317T222800Z.00.png","contentUrl":"https:\/\/gooddealersmeds.com\/fi\/wp-content\/uploads\/sites\/6\/2022\/03\/gooddealersmeds__logo__20220317T222800Z.00.png","width":500,"height":325,"caption":"Good Dealers Meds"},"image":{"@id":"https:\/\/gooddealersmeds.com\/fi\/#\/schema\/logo\/image\/"}}]}},"_links":{"self":[{"href":"https:\/\/gooddealersmeds.com\/fi\/wp-json\/wp\/v2\/product\/1984","targetHints":{"allow":["GET"]}}],"collection":[{"href":"https:\/\/gooddealersmeds.com\/fi\/wp-json\/wp\/v2\/product"}],"about":[{"href":"https:\/\/gooddealersmeds.com\/fi\/wp-json\/wp\/v2\/types\/product"}],"replies":[{"embeddable":true,"href":"https:\/\/gooddealersmeds.com\/fi\/wp-json\/wp\/v2\/comments?post=1984"}],"wp:featuredmedia":[{"embeddable":true,"href":"https:\/\/gooddealersmeds.com\/fi\/wp-json\/wp\/v2\/media\/1985"}],"wp:attachment":[{"href":"https:\/\/gooddealersmeds.com\/fi\/wp-json\/wp\/v2\/media?parent=1984"}],"wp:term":[{"taxonomy":"product_brand","embeddable":true,"href":"https:\/\/gooddealersmeds.com\/fi\/wp-json\/wp\/v2\/product_brand?post=1984"},{"taxonomy":"product_cat","embeddable":true,"href":"https:\/\/gooddealersmeds.com\/fi\/wp-json\/wp\/v2\/product_cat?post=1984"},{"taxonomy":"product_tag","embeddable":true,"href":"https:\/\/gooddealersmeds.com\/fi\/wp-json\/wp\/v2\/product_tag?post=1984"}],"curies":[{"name":"wp","href":"https:\/\/api.w.org\/{rel}","templated":true}]}}