{"id":1974,"date":"2022-07-03T13:35:45","date_gmt":"2022-07-03T13:35:45","guid":{"rendered":"https:\/\/gooddealersmeds.com\/fi\/?post_type=product&#038;p=1974"},"modified":"2023-01-20T15:23:21","modified_gmt":"2023-01-20T15:23:21","slug":"gamma-hydroksibutyraatti-ghb-jauhe","status":"publish","type":"product","link":"https:\/\/gooddealersmeds.com\/fi\/product\/gamma-hydroksibutyraatti-ghb-jauhe\/","title":{"rendered":"Osta Gamma Hydroxybutyrate (GHB) -jauhe"},"content":{"rendered":"<h2>Osta gammahydroksibutyraatti (GHB) -jauhetta verkosta<\/h2>\n<p>Gammahydroksibutyraatti (GHB) -jauhe on l\u00e4\u00e4ke, joka vaikuttaa keskushermostoon lamaajana, mik\u00e4 vaikuttaa aivoihin, syd\u00e4n ja muut elimet. Sit\u00e4 k\u00e4ytet\u00e4\u00e4n v\u00e4hent\u00e4m\u00e4\u00e4n ahdistusta, lis\u00e4\u00e4m\u00e4\u00e4n unta ja parantamaan mielialaa. GHB-jauhetta voidaan k\u00e4ytt\u00e4\u00e4 pienin\u00e4 m\u00e4\u00e4rin\u00e4 lievien unettomuustapausten hoitoon tai krapulan est\u00e4miseen runsaan juomisen j\u00e4lkeen. Osta Gamma-hydroksibutyraattijauhe<\/p>\n<p>GHB-jauhe tai neste ovat molemmat saman l\u00e4\u00e4kkeen muotoja, jotka sis\u00e4lt\u00e4v\u00e4t gammahydroksibutyraattia (<a href=\"https:\/\/fi.wikipedia.org\/wiki\/Gammahydroksivoihappo\">GHB<\/a>). Se on riippuvuutta aiheuttava aine, joka aiheuttaa alkoholin kaltaisia \u200b\u200bvaikutuksia kehoon ja mieleen, kun sit\u00e4 kulutetaan suuria annoksia ajan mittaan.<\/p>\n<p>&nbsp;<\/p>\n<p><strong>Miksi tilata Gamma Hydroxybutyrate (GHB) -jauhetta verkosta?<\/strong><\/p>\n<p>Huumeiden, kuten GHB-jauheen, ostaminen verkosta on helpottanut el\u00e4m\u00e4\u00e4mme paljon. T\u00e4llaisten l\u00e4\u00e4kkeiden ostaminen verkosta ei ollut ennen helppoa. GHB-jauheen ostaminen verkosta on nyt vain napin p\u00e4\u00e4ss\u00e4. Sinun tarvitsee vain napsauttaa painiketta, ja tilauksesi on tehty, Osta Gamma-hydroksibutyraattijauhe<\/p>\n<p>&nbsp;<\/p>\n<h3>Osta Gamma-hydroksibutyraattijauhe (GHB) nyt.<\/h3>\n<p><a href=\"https:\/\/gooddealersmeds.com\/fi\/product\/gamma-hydroxybutyrate-ghb-powder\/\">GHB-jauhetta<\/a> on saatavana verkossa useista l\u00e4hteist\u00e4, kuten erikoisapteekeista ja verkkoapteekeista. . Paras paikka ostaa GHB:t\u00e4 verkosta on Good Dealers Meds, joka tarjoaa monia vaihtoehtoja t\u00e4m\u00e4n suositun laittoman l\u00e4\u00e4kkeen ostamiseen edulliseen hintaan.<\/p>\n<p>Good Dealers Meds lis\u00e4ksi laaja valikoima tuotteet ja kilpailukykyiset hinnat, k\u00e4ytt\u00e4j\u00e4t hy\u00f6tyv\u00e4t my\u00f6s Good Dealers Meds erinomaisesta asiakaspalvelutiimist\u00e4, joka tarjoaa poikkeuksellista tukea tarvittaessa. GHB:ll\u00e4 on my\u00f6s oletettu olevan anabolisia vaikutuksia proteiinisynteesin vuoksi, ja kehonrakentajat ovat k\u00e4ytt\u00e4neet sit\u00e4 lihasten rakentamiseen ja rasvan v\u00e4hent\u00e4miseen, GHB-jauhe euforiaan, lis\u00e4\u00e4ntynyt seksihalu ja rauhallisuus ovat raportoitu GHB:n v\u00e4\u00e4rink\u00e4yt\u00f6n positiivisista vaikutuksista<\/p>\n","protected":false},"excerpt":{"rendered":"<p>Etsitk\u00f6 mist\u00e4 ostaa GHB-jauhetta? niin voimme toimittaa sinulle tarkalleen puhtaita laatutuotteita edulliseen hintaan.<\/p>\n","protected":false},"featured_media":1975,"comment_status":"open","ping_status":"closed","template":"","meta":{"inline_featured_image":false},"product_brand":[],"product_cat":[345],"product_tag":[520,519,522,521,517,518],"class_list":{"0":"post-1974","1":"product","2":"type-product","3":"status-publish","4":"has-post-thumbnail","6":"product_cat-psykedeeliset-huumeet","7":"product_tag-ghb-jauhe-myynniss-verkossa","8":"product_tag-ghb-jauhe-osta-verkossa","9":"product_tag-mist-saa-ghb-jauhetta","10":"product_tag-osta-ghb-jauhe-verkosta","11":"product_tag-osta-ghb-jauhe-online-usa","12":"product_tag-osta-ghb-list","14":"first","15":"instock","16":"shipping-taxable","17":"purchasable","18":"product-type-variable","19":"has-default-attributes"},"yoast_head":"<!-- This site is optimized with the Yoast SEO Premium plugin v20.6 (Yoast SEO v27.4) - https:\/\/yoast.com\/product\/yoast-seo-premium-wordpress\/ -->\n<title>Osta Gamma-hydroksibutyraattijauhe (GHB) | Good Dealers Meds<\/title>\n<meta name=\"description\" content=\"Etsitk\u00f6 mist\u00e4 Osta Gamma-hydroksibutyraattijauhe? Voimme toimittaa sinulle tarkalleen puhtaita laatutuotteita edulliseen hintaan.\" \/>\n<meta name=\"robots\" content=\"index, follow, max-snippet:-1, max-image-preview:large, max-video-preview:-1\" \/>\n<link rel=\"canonical\" href=\"https:\/\/gooddealersmeds.com\/fi\/product\/gamma-hydroksibutyraatti-ghb-jauhe\/\" \/>\n<meta property=\"og:locale\" content=\"en_US\" \/>\n<meta property=\"og:type\" content=\"article\" \/>\n<meta property=\"og:title\" content=\"Osta Gamma Hydroxybutyrate (GHB) -jauhe\" \/>\n<meta property=\"og:description\" content=\"Etsitk\u00f6 mist\u00e4 Osta Gamma-hydroksibutyraattijauhe? Voimme toimittaa sinulle tarkalleen puhtaita laatutuotteita edulliseen hintaan.\" \/>\n<meta property=\"og:url\" content=\"https:\/\/gooddealersmeds.com\/fi\/product\/gamma-hydroksibutyraatti-ghb-jauhe\/\" \/>\n<meta property=\"og:site_name\" content=\"Good Dealers Meds\" \/>\n<meta property=\"article:modified_time\" content=\"2023-01-20T15:23:21+00:00\" \/>\n<meta property=\"og:image\" content=\"https:\/\/gooddealersmeds.com\/fi\/wp-content\/uploads\/sites\/6\/2022\/07\/Gamma-Hydroxybutyrate-Ghb-Powder.jpg\" \/>\n\t<meta property=\"og:image:width\" content=\"600\" \/>\n\t<meta property=\"og:image:height\" content=\"600\" \/>\n\t<meta property=\"og:image:type\" content=\"image\/jpeg\" \/>\n<meta name=\"twitter:card\" content=\"summary_large_image\" \/>\n<meta name=\"twitter:label1\" content=\"Est. reading time\" \/>\n\t<meta name=\"twitter:data1\" content=\"1 minute\" \/>\n<script type=\"application\/ld+json\" class=\"yoast-schema-graph\">{\"@context\":\"https:\\\/\\\/schema.org\",\"@graph\":[{\"@type\":\"WebPage\",\"@id\":\"https:\\\/\\\/gooddealersmeds.com\\\/fi\\\/product\\\/gamma-hydroksibutyraatti-ghb-jauhe\\\/\",\"url\":\"https:\\\/\\\/gooddealersmeds.com\\\/fi\\\/product\\\/gamma-hydroksibutyraatti-ghb-jauhe\\\/\",\"name\":\"Osta Gamma-hydroksibutyraattijauhe (GHB) | Good Dealers Meds\",\"isPartOf\":{\"@id\":\"https:\\\/\\\/gooddealersmeds.com\\\/fi\\\/#website\"},\"primaryImageOfPage\":{\"@id\":\"https:\\\/\\\/gooddealersmeds.com\\\/fi\\\/product\\\/gamma-hydroksibutyraatti-ghb-jauhe\\\/#primaryimage\"},\"image\":{\"@id\":\"https:\\\/\\\/gooddealersmeds.com\\\/fi\\\/product\\\/gamma-hydroksibutyraatti-ghb-jauhe\\\/#primaryimage\"},\"thumbnailUrl\":\"https:\\\/\\\/gooddealersmeds.com\\\/fi\\\/wp-content\\\/uploads\\\/sites\\\/6\\\/2022\\\/07\\\/Gamma-Hydroxybutyrate-Ghb-Powder.jpg\",\"datePublished\":\"2022-07-03T13:35:45+00:00\",\"dateModified\":\"2023-01-20T15:23:21+00:00\",\"description\":\"Etsitk\u00f6 mist\u00e4 Osta Gamma-hydroksibutyraattijauhe? Voimme toimittaa sinulle tarkalleen puhtaita laatutuotteita edulliseen hintaan.\",\"breadcrumb\":{\"@id\":\"https:\\\/\\\/gooddealersmeds.com\\\/fi\\\/product\\\/gamma-hydroksibutyraatti-ghb-jauhe\\\/#breadcrumb\"},\"inLanguage\":\"en-US\",\"potentialAction\":[{\"@type\":\"ReadAction\",\"target\":[\"https:\\\/\\\/gooddealersmeds.com\\\/fi\\\/product\\\/gamma-hydroksibutyraatti-ghb-jauhe\\\/\"]}]},{\"@type\":\"ImageObject\",\"inLanguage\":\"en-US\",\"@id\":\"https:\\\/\\\/gooddealersmeds.com\\\/fi\\\/product\\\/gamma-hydroksibutyraatti-ghb-jauhe\\\/#primaryimage\",\"url\":\"https:\\\/\\\/gooddealersmeds.com\\\/fi\\\/wp-content\\\/uploads\\\/sites\\\/6\\\/2022\\\/07\\\/Gamma-Hydroxybutyrate-Ghb-Powder.jpg\",\"contentUrl\":\"https:\\\/\\\/gooddealersmeds.com\\\/fi\\\/wp-content\\\/uploads\\\/sites\\\/6\\\/2022\\\/07\\\/Gamma-Hydroxybutyrate-Ghb-Powder.jpg\",\"width\":600,\"height\":600,\"caption\":\"Buy Gamma Hydroxybutyrate Powder\"},{\"@type\":\"BreadcrumbList\",\"@id\":\"https:\\\/\\\/gooddealersmeds.com\\\/fi\\\/product\\\/gamma-hydroksibutyraatti-ghb-jauhe\\\/#breadcrumb\",\"itemListElement\":[{\"@type\":\"ListItem\",\"position\":1,\"name\":\"Home\",\"item\":\"https:\\\/\\\/gooddealersmeds.com\\\/fi\\\/\"},{\"@type\":\"ListItem\",\"position\":2,\"name\":\"Tuotteet\",\"item\":\"https:\\\/\\\/gooddealersmeds.com\\\/fi\\\/tuotteet\\\/\"},{\"@type\":\"ListItem\",\"position\":3,\"name\":\"Osta Gamma Hydroxybutyrate (GHB) -jauhe\"}]},{\"@type\":\"WebSite\",\"@id\":\"https:\\\/\\\/gooddealersmeds.com\\\/fi\\\/#website\",\"url\":\"https:\\\/\\\/gooddealersmeds.com\\\/fi\\\/\",\"name\":\"Good Dealers Meds\",\"description\":\"All our best\",\"publisher\":{\"@id\":\"https:\\\/\\\/gooddealersmeds.com\\\/fi\\\/#organization\"},\"potentialAction\":[{\"@type\":\"SearchAction\",\"target\":{\"@type\":\"EntryPoint\",\"urlTemplate\":\"https:\\\/\\\/gooddealersmeds.com\\\/fi\\\/?s={search_term_string}\"},\"query-input\":{\"@type\":\"PropertyValueSpecification\",\"valueRequired\":true,\"valueName\":\"search_term_string\"}}],\"inLanguage\":\"en-US\"},{\"@type\":\"Organization\",\"@id\":\"https:\\\/\\\/gooddealersmeds.com\\\/fi\\\/#organization\",\"name\":\"Good Dealers Meds\",\"url\":\"https:\\\/\\\/gooddealersmeds.com\\\/fi\\\/\",\"logo\":{\"@type\":\"ImageObject\",\"inLanguage\":\"en-US\",\"@id\":\"https:\\\/\\\/gooddealersmeds.com\\\/fi\\\/#\\\/schema\\\/logo\\\/image\\\/\",\"url\":\"https:\\\/\\\/gooddealersmeds.com\\\/fi\\\/wp-content\\\/uploads\\\/sites\\\/6\\\/2022\\\/03\\\/gooddealersmeds__logo__20220317T222800Z.00.png\",\"contentUrl\":\"https:\\\/\\\/gooddealersmeds.com\\\/fi\\\/wp-content\\\/uploads\\\/sites\\\/6\\\/2022\\\/03\\\/gooddealersmeds__logo__20220317T222800Z.00.png\",\"width\":500,\"height\":325,\"caption\":\"Good Dealers Meds\"},\"image\":{\"@id\":\"https:\\\/\\\/gooddealersmeds.com\\\/fi\\\/#\\\/schema\\\/logo\\\/image\\\/\"}}]}<\/script>\n<!-- \/ Yoast SEO Premium plugin. -->","yoast_head_json":{"title":"Osta Gamma-hydroksibutyraattijauhe (GHB) | Good Dealers Meds","description":"Etsitk\u00f6 mist\u00e4 Osta Gamma-hydroksibutyraattijauhe? Voimme toimittaa sinulle tarkalleen puhtaita laatutuotteita edulliseen hintaan.","robots":{"index":"index","follow":"follow","max-snippet":"max-snippet:-1","max-image-preview":"max-image-preview:large","max-video-preview":"max-video-preview:-1"},"canonical":"https:\/\/gooddealersmeds.com\/fi\/product\/gamma-hydroksibutyraatti-ghb-jauhe\/","og_locale":"en_US","og_type":"article","og_title":"Osta Gamma Hydroxybutyrate (GHB) -jauhe","og_description":"Etsitk\u00f6 mist\u00e4 Osta Gamma-hydroksibutyraattijauhe? Voimme toimittaa sinulle tarkalleen puhtaita laatutuotteita edulliseen hintaan.","og_url":"https:\/\/gooddealersmeds.com\/fi\/product\/gamma-hydroksibutyraatti-ghb-jauhe\/","og_site_name":"Good Dealers Meds","article_modified_time":"2023-01-20T15:23:21+00:00","og_image":[{"width":600,"height":600,"url":"https:\/\/gooddealersmeds.com\/fi\/wp-content\/uploads\/sites\/6\/2022\/07\/Gamma-Hydroxybutyrate-Ghb-Powder.jpg","type":"image\/jpeg"}],"twitter_card":"summary_large_image","twitter_misc":{"Est. reading time":"1 minute"},"schema":{"@context":"https:\/\/schema.org","@graph":[{"@type":"WebPage","@id":"https:\/\/gooddealersmeds.com\/fi\/product\/gamma-hydroksibutyraatti-ghb-jauhe\/","url":"https:\/\/gooddealersmeds.com\/fi\/product\/gamma-hydroksibutyraatti-ghb-jauhe\/","name":"Osta Gamma-hydroksibutyraattijauhe (GHB) | Good Dealers Meds","isPartOf":{"@id":"https:\/\/gooddealersmeds.com\/fi\/#website"},"primaryImageOfPage":{"@id":"https:\/\/gooddealersmeds.com\/fi\/product\/gamma-hydroksibutyraatti-ghb-jauhe\/#primaryimage"},"image":{"@id":"https:\/\/gooddealersmeds.com\/fi\/product\/gamma-hydroksibutyraatti-ghb-jauhe\/#primaryimage"},"thumbnailUrl":"https:\/\/gooddealersmeds.com\/fi\/wp-content\/uploads\/sites\/6\/2022\/07\/Gamma-Hydroxybutyrate-Ghb-Powder.jpg","datePublished":"2022-07-03T13:35:45+00:00","dateModified":"2023-01-20T15:23:21+00:00","description":"Etsitk\u00f6 mist\u00e4 Osta Gamma-hydroksibutyraattijauhe? Voimme toimittaa sinulle tarkalleen puhtaita laatutuotteita edulliseen hintaan.","breadcrumb":{"@id":"https:\/\/gooddealersmeds.com\/fi\/product\/gamma-hydroksibutyraatti-ghb-jauhe\/#breadcrumb"},"inLanguage":"en-US","potentialAction":[{"@type":"ReadAction","target":["https:\/\/gooddealersmeds.com\/fi\/product\/gamma-hydroksibutyraatti-ghb-jauhe\/"]}]},{"@type":"ImageObject","inLanguage":"en-US","@id":"https:\/\/gooddealersmeds.com\/fi\/product\/gamma-hydroksibutyraatti-ghb-jauhe\/#primaryimage","url":"https:\/\/gooddealersmeds.com\/fi\/wp-content\/uploads\/sites\/6\/2022\/07\/Gamma-Hydroxybutyrate-Ghb-Powder.jpg","contentUrl":"https:\/\/gooddealersmeds.com\/fi\/wp-content\/uploads\/sites\/6\/2022\/07\/Gamma-Hydroxybutyrate-Ghb-Powder.jpg","width":600,"height":600,"caption":"Buy Gamma Hydroxybutyrate Powder"},{"@type":"BreadcrumbList","@id":"https:\/\/gooddealersmeds.com\/fi\/product\/gamma-hydroksibutyraatti-ghb-jauhe\/#breadcrumb","itemListElement":[{"@type":"ListItem","position":1,"name":"Home","item":"https:\/\/gooddealersmeds.com\/fi\/"},{"@type":"ListItem","position":2,"name":"Tuotteet","item":"https:\/\/gooddealersmeds.com\/fi\/tuotteet\/"},{"@type":"ListItem","position":3,"name":"Osta Gamma Hydroxybutyrate (GHB) -jauhe"}]},{"@type":"WebSite","@id":"https:\/\/gooddealersmeds.com\/fi\/#website","url":"https:\/\/gooddealersmeds.com\/fi\/","name":"Good Dealers Meds","description":"All our best","publisher":{"@id":"https:\/\/gooddealersmeds.com\/fi\/#organization"},"potentialAction":[{"@type":"SearchAction","target":{"@type":"EntryPoint","urlTemplate":"https:\/\/gooddealersmeds.com\/fi\/?s={search_term_string}"},"query-input":{"@type":"PropertyValueSpecification","valueRequired":true,"valueName":"search_term_string"}}],"inLanguage":"en-US"},{"@type":"Organization","@id":"https:\/\/gooddealersmeds.com\/fi\/#organization","name":"Good Dealers Meds","url":"https:\/\/gooddealersmeds.com\/fi\/","logo":{"@type":"ImageObject","inLanguage":"en-US","@id":"https:\/\/gooddealersmeds.com\/fi\/#\/schema\/logo\/image\/","url":"https:\/\/gooddealersmeds.com\/fi\/wp-content\/uploads\/sites\/6\/2022\/03\/gooddealersmeds__logo__20220317T222800Z.00.png","contentUrl":"https:\/\/gooddealersmeds.com\/fi\/wp-content\/uploads\/sites\/6\/2022\/03\/gooddealersmeds__logo__20220317T222800Z.00.png","width":500,"height":325,"caption":"Good Dealers Meds"},"image":{"@id":"https:\/\/gooddealersmeds.com\/fi\/#\/schema\/logo\/image\/"}}]}},"_links":{"self":[{"href":"https:\/\/gooddealersmeds.com\/fi\/wp-json\/wp\/v2\/product\/1974","targetHints":{"allow":["GET"]}}],"collection":[{"href":"https:\/\/gooddealersmeds.com\/fi\/wp-json\/wp\/v2\/product"}],"about":[{"href":"https:\/\/gooddealersmeds.com\/fi\/wp-json\/wp\/v2\/types\/product"}],"replies":[{"embeddable":true,"href":"https:\/\/gooddealersmeds.com\/fi\/wp-json\/wp\/v2\/comments?post=1974"}],"wp:featuredmedia":[{"embeddable":true,"href":"https:\/\/gooddealersmeds.com\/fi\/wp-json\/wp\/v2\/media\/1975"}],"wp:attachment":[{"href":"https:\/\/gooddealersmeds.com\/fi\/wp-json\/wp\/v2\/media?parent=1974"}],"wp:term":[{"taxonomy":"product_brand","embeddable":true,"href":"https:\/\/gooddealersmeds.com\/fi\/wp-json\/wp\/v2\/product_brand?post=1974"},{"taxonomy":"product_cat","embeddable":true,"href":"https:\/\/gooddealersmeds.com\/fi\/wp-json\/wp\/v2\/product_cat?post=1974"},{"taxonomy":"product_tag","embeddable":true,"href":"https:\/\/gooddealersmeds.com\/fi\/wp-json\/wp\/v2\/product_tag?post=1974"}],"curies":[{"name":"wp","href":"https:\/\/api.w.org\/{rel}","templated":true}]}}