{"id":1967,"date":"2022-07-03T13:18:30","date_gmt":"2022-07-03T13:18:30","guid":{"rendered":"https:\/\/gooddealersmeds.com\/fi\/?post_type=product&#038;p=1967"},"modified":"2023-01-20T16:12:53","modified_gmt":"2023-01-20T16:12:53","slug":"osta-nembutaali-jauhe","status":"publish","type":"product","link":"https:\/\/gooddealersmeds.com\/fi\/product\/osta-nembutaali-jauhe\/","title":{"rendered":"Osta puhdasta Nembutal-jauhetta"},"content":{"rendered":"<h2>Tilaa meilt\u00e4 Nembutal-jauhetta parhaaseen hintaan<\/h2>\n<p>Osta Puhtaus Nembutal-jauhe verkkokaupastamme. Jos olet valmis ostamaan Nembutal Powderia verkossa parhailta Nembutal Powder -toimittajilta, apteekkimme on oikea paikka toteuttaa se. Ota yhteytt\u00e4 meihin jo t\u00e4n\u00e4\u00e4n ja t\u00e4yt\u00e4 vaatimukset pian. L\u00e4\u00e4kkeesi saapuu sinulle haluamaasi paikkaan. <a href=\"https:\/\/gooddealersmeds.com\/fi\/product\/osta-nembutaali-jauhe\/\">Tilaa ostaa Nembutal-jauhe<\/a> verkosta parhaaseen hintaan nyt! Nembutal-jauhe myynniss\u00e4<\/p>\n<p>Onko sinulla vaikeuksia nukkua \u00f6isin? Tunnetko itsesi v\u00e4syneeksi aamulla her\u00e4\u00e4misen j\u00e4lkeen? Unettomuus voi h\u00e4irit\u00e4 p\u00e4ivitt\u00e4ist\u00e4 rutiiniasi. Se ei ainoastaan \u200b\u200btee sinusta v\u00e4hemm\u00e4n tuottavaa, vaan se voi my\u00f6s johtaa vakaviin seurauksiin, kuten liikalihavuuteen, heikentyneeseen immuunij\u00e4rjestelm\u00e4\u00e4n ja syd\u00e4nongelmiin. Yksi vaikeimmista haasteistamme on el\u00e4m\u00e4ntapamme muuttaminen. Saatat haluta tehd\u00e4 sen, mutta pitkien ty\u00f6p\u00e4ivien ja muiden velvoitteiden vuoksi palaat entiseen tapaan, Nembutal-jauhe myynniss\u00e4<\/p>\n<p><strong>Mik\u00e4 on oikea paikka ostaa Nembutal-jauhetta?<\/strong><\/p>\n<p>Nembutal Powder tunnetaan univaikeudesta potilailla, joilla on unih\u00e4iri\u00f6it\u00e4, kuten unettomuutta tai unettomuutta. nukkumassa. Monissa tapauksissa sit\u00e4 k\u00e4ytet\u00e4\u00e4n my\u00f6s hermoston rauhoittavana l\u00e4\u00e4kkeen\u00e4. Jos sinulla on samat tavoitteet mieless\u00e4si, on viisas p\u00e4\u00e4t\u00f6s ostaa Nembutal Powder verkosta verkkoapteekistamme.<\/p>\n<p>L\u00e4\u00e4kkeiden laadulla on keskeinen rooli m\u00e4\u00e4ritett\u00e4ess\u00e4, millainen vaikutus niill\u00e4 on kehon. tulee pid\u00e4tt\u00e4yty\u00e4 ostamasta l\u00e4\u00e4kkeit\u00e4, joita ei ole hyv\u00e4ksytty ihmisravinnoksi.<\/p>\n<h3><strong>Ota yhteytt\u00e4 nyt tehd\u00e4ksesi tilauksesi Nembutalille &#8211; Nembutal-jauhe myynniss\u00e4<\/strong><\/h3>\n<p>Kun tilaat nembutaalijauhetta verkkokaupastamme, voit olla varma sen laadusta. Toimimme kest\u00e4v\u00e4sti varmistaaksemme tuotteistamme maksimaaliset tulokset. Tarjoamme korkealaatuista Nembutal 99,8 % puhtautta parhaaseen kilpailukykyiseen hintaan. Rakensimme erinomaisen<br \/>\nmaineemme tarjoamalla asiakkaillemme erinomaista laatua\/korkean puhtauden Nembutalia diskreetill\u00e4 toimituksella ja yst\u00e4v\u00e4llisell\u00e4 asiakastuella. Tarjoamme erinomaisen puhtauden, turvallisen maksun, eritt\u00e4in huomaamattoman, nopean ja tehokkaan toimituksen.<\/p>\n","protected":false},"excerpt":{"rendered":"<p>Tarjoamme kaikki yll\u00e4 kuvatut tuotteet eritt\u00e4in edullisin hinnoin ja toimitamme kaikkialle ymp\u00e4ri maailmaa. Joten olemme ylpeit\u00e4 siit\u00e4, ett\u00e4 toimituspalvelumme ovat 100 % taattuja ja turvallisia. Tuotteemme ovat hyvin suojattuja, jotta v\u00e4ltyt\u00e4\u00e4n sieppauksilta. P\u00e4\u00e4tuotteemme ovat: &#8211; Nembutal&#8217;s Powder, barbituraattitestipakkaus, Nembutal-pillerit, oraalineste ja kaikki n\u00e4ytett\u00e4v\u00e4t verkkokaupassamme.<\/p>\n","protected":false},"featured_media":1968,"comment_status":"open","ping_status":"closed","template":"","meta":{"inline_featured_image":false},"product_brand":[],"product_cat":[343],"product_tag":[],"class_list":{"0":"post-1967","1":"product","2":"type-product","3":"status-publish","4":"has-post-thumbnail","6":"product_cat-muut","8":"first","9":"instock","10":"shipping-taxable","11":"purchasable","12":"product-type-variable","13":"has-default-attributes"},"yoast_head":"<!-- This site is optimized with the Yoast SEO Premium plugin v20.6 (Yoast SEO v27.4) - https:\/\/yoast.com\/product\/yoast-seo-premium-wordpress\/ -->\n<title>Nembutal-jauhe myynniss\u00e4 | Osta nembutal parasta laatua |Pentobarbitaali<\/title>\n<meta name=\"description\" content=\"Nembutal-jauhe myynniss\u00e4 (Pentobarbital) ja toimita se kotiisi. Toimitamme sen mihin tahansa paikkaan\/maahan ymp\u00e4ri maailmaa.\" \/>\n<meta name=\"robots\" content=\"index, follow, max-snippet:-1, max-image-preview:large, max-video-preview:-1\" \/>\n<link rel=\"canonical\" href=\"https:\/\/gooddealersmeds.com\/fi\/product\/osta-nembutaali-jauhe\/\" \/>\n<meta property=\"og:locale\" content=\"en_US\" \/>\n<meta property=\"og:type\" content=\"article\" \/>\n<meta property=\"og:title\" content=\"Osta puhdasta Nembutal-jauhetta\" \/>\n<meta property=\"og:description\" content=\"Nembutal-jauhe myynniss\u00e4 (Pentobarbital) ja toimita se kotiisi. Toimitamme sen mihin tahansa paikkaan\/maahan ymp\u00e4ri maailmaa.\" \/>\n<meta property=\"og:url\" content=\"https:\/\/gooddealersmeds.com\/fi\/product\/osta-nembutaali-jauhe\/\" \/>\n<meta property=\"og:site_name\" content=\"Good Dealers Meds\" \/>\n<meta property=\"article:modified_time\" content=\"2023-01-20T16:12:53+00:00\" \/>\n<meta property=\"og:image\" content=\"https:\/\/gooddealersmeds.com\/fi\/wp-content\/uploads\/sites\/6\/2022\/07\/nembutal-powder.jpg\" \/>\n\t<meta property=\"og:image:width\" content=\"600\" \/>\n\t<meta property=\"og:image:height\" content=\"450\" \/>\n\t<meta property=\"og:image:type\" content=\"image\/jpeg\" \/>\n<meta name=\"twitter:card\" content=\"summary_large_image\" \/>\n<meta name=\"twitter:label1\" content=\"Est. reading time\" \/>\n\t<meta name=\"twitter:data1\" content=\"1 minute\" \/>\n<script type=\"application\/ld+json\" class=\"yoast-schema-graph\">{\"@context\":\"https:\\\/\\\/schema.org\",\"@graph\":[{\"@type\":\"WebPage\",\"@id\":\"https:\\\/\\\/gooddealersmeds.com\\\/fi\\\/product\\\/osta-nembutaali-jauhe\\\/\",\"url\":\"https:\\\/\\\/gooddealersmeds.com\\\/fi\\\/product\\\/osta-nembutaali-jauhe\\\/\",\"name\":\"Nembutal-jauhe myynniss\u00e4 | Osta nembutal parasta laatua |Pentobarbitaali\",\"isPartOf\":{\"@id\":\"https:\\\/\\\/gooddealersmeds.com\\\/fi\\\/#website\"},\"primaryImageOfPage\":{\"@id\":\"https:\\\/\\\/gooddealersmeds.com\\\/fi\\\/product\\\/osta-nembutaali-jauhe\\\/#primaryimage\"},\"image\":{\"@id\":\"https:\\\/\\\/gooddealersmeds.com\\\/fi\\\/product\\\/osta-nembutaali-jauhe\\\/#primaryimage\"},\"thumbnailUrl\":\"https:\\\/\\\/gooddealersmeds.com\\\/fi\\\/wp-content\\\/uploads\\\/sites\\\/6\\\/2022\\\/07\\\/nembutal-powder.jpg\",\"datePublished\":\"2022-07-03T13:18:30+00:00\",\"dateModified\":\"2023-01-20T16:12:53+00:00\",\"description\":\"Nembutal-jauhe myynniss\u00e4 (Pentobarbital) ja toimita se kotiisi. Toimitamme sen mihin tahansa paikkaan\\\/maahan ymp\u00e4ri maailmaa.\",\"breadcrumb\":{\"@id\":\"https:\\\/\\\/gooddealersmeds.com\\\/fi\\\/product\\\/osta-nembutaali-jauhe\\\/#breadcrumb\"},\"inLanguage\":\"en-US\",\"potentialAction\":[{\"@type\":\"ReadAction\",\"target\":[\"https:\\\/\\\/gooddealersmeds.com\\\/fi\\\/product\\\/osta-nembutaali-jauhe\\\/\"]}]},{\"@type\":\"ImageObject\",\"inLanguage\":\"en-US\",\"@id\":\"https:\\\/\\\/gooddealersmeds.com\\\/fi\\\/product\\\/osta-nembutaali-jauhe\\\/#primaryimage\",\"url\":\"https:\\\/\\\/gooddealersmeds.com\\\/fi\\\/wp-content\\\/uploads\\\/sites\\\/6\\\/2022\\\/07\\\/nembutal-powder.jpg\",\"contentUrl\":\"https:\\\/\\\/gooddealersmeds.com\\\/fi\\\/wp-content\\\/uploads\\\/sites\\\/6\\\/2022\\\/07\\\/nembutal-powder.jpg\",\"width\":600,\"height\":450,\"caption\":\"Nembutal Powder Online\"},{\"@type\":\"BreadcrumbList\",\"@id\":\"https:\\\/\\\/gooddealersmeds.com\\\/fi\\\/product\\\/osta-nembutaali-jauhe\\\/#breadcrumb\",\"itemListElement\":[{\"@type\":\"ListItem\",\"position\":1,\"name\":\"Home\",\"item\":\"https:\\\/\\\/gooddealersmeds.com\\\/fi\\\/\"},{\"@type\":\"ListItem\",\"position\":2,\"name\":\"Tuotteet\",\"item\":\"https:\\\/\\\/gooddealersmeds.com\\\/fi\\\/tuotteet\\\/\"},{\"@type\":\"ListItem\",\"position\":3,\"name\":\"Osta puhdasta Nembutal-jauhetta\"}]},{\"@type\":\"WebSite\",\"@id\":\"https:\\\/\\\/gooddealersmeds.com\\\/fi\\\/#website\",\"url\":\"https:\\\/\\\/gooddealersmeds.com\\\/fi\\\/\",\"name\":\"Good Dealers Meds\",\"description\":\"All our best\",\"publisher\":{\"@id\":\"https:\\\/\\\/gooddealersmeds.com\\\/fi\\\/#organization\"},\"potentialAction\":[{\"@type\":\"SearchAction\",\"target\":{\"@type\":\"EntryPoint\",\"urlTemplate\":\"https:\\\/\\\/gooddealersmeds.com\\\/fi\\\/?s={search_term_string}\"},\"query-input\":{\"@type\":\"PropertyValueSpecification\",\"valueRequired\":true,\"valueName\":\"search_term_string\"}}],\"inLanguage\":\"en-US\"},{\"@type\":\"Organization\",\"@id\":\"https:\\\/\\\/gooddealersmeds.com\\\/fi\\\/#organization\",\"name\":\"Good Dealers Meds\",\"url\":\"https:\\\/\\\/gooddealersmeds.com\\\/fi\\\/\",\"logo\":{\"@type\":\"ImageObject\",\"inLanguage\":\"en-US\",\"@id\":\"https:\\\/\\\/gooddealersmeds.com\\\/fi\\\/#\\\/schema\\\/logo\\\/image\\\/\",\"url\":\"https:\\\/\\\/gooddealersmeds.com\\\/fi\\\/wp-content\\\/uploads\\\/sites\\\/6\\\/2022\\\/03\\\/gooddealersmeds__logo__20220317T222800Z.00.png\",\"contentUrl\":\"https:\\\/\\\/gooddealersmeds.com\\\/fi\\\/wp-content\\\/uploads\\\/sites\\\/6\\\/2022\\\/03\\\/gooddealersmeds__logo__20220317T222800Z.00.png\",\"width\":500,\"height\":325,\"caption\":\"Good Dealers Meds\"},\"image\":{\"@id\":\"https:\\\/\\\/gooddealersmeds.com\\\/fi\\\/#\\\/schema\\\/logo\\\/image\\\/\"}}]}<\/script>\n<!-- \/ Yoast SEO Premium plugin. -->","yoast_head_json":{"title":"Nembutal-jauhe myynniss\u00e4 | Osta nembutal parasta laatua |Pentobarbitaali","description":"Nembutal-jauhe myynniss\u00e4 (Pentobarbital) ja toimita se kotiisi. Toimitamme sen mihin tahansa paikkaan\/maahan ymp\u00e4ri maailmaa.","robots":{"index":"index","follow":"follow","max-snippet":"max-snippet:-1","max-image-preview":"max-image-preview:large","max-video-preview":"max-video-preview:-1"},"canonical":"https:\/\/gooddealersmeds.com\/fi\/product\/osta-nembutaali-jauhe\/","og_locale":"en_US","og_type":"article","og_title":"Osta puhdasta Nembutal-jauhetta","og_description":"Nembutal-jauhe myynniss\u00e4 (Pentobarbital) ja toimita se kotiisi. Toimitamme sen mihin tahansa paikkaan\/maahan ymp\u00e4ri maailmaa.","og_url":"https:\/\/gooddealersmeds.com\/fi\/product\/osta-nembutaali-jauhe\/","og_site_name":"Good Dealers Meds","article_modified_time":"2023-01-20T16:12:53+00:00","og_image":[{"width":600,"height":450,"url":"https:\/\/gooddealersmeds.com\/fi\/wp-content\/uploads\/sites\/6\/2022\/07\/nembutal-powder.jpg","type":"image\/jpeg"}],"twitter_card":"summary_large_image","twitter_misc":{"Est. reading time":"1 minute"},"schema":{"@context":"https:\/\/schema.org","@graph":[{"@type":"WebPage","@id":"https:\/\/gooddealersmeds.com\/fi\/product\/osta-nembutaali-jauhe\/","url":"https:\/\/gooddealersmeds.com\/fi\/product\/osta-nembutaali-jauhe\/","name":"Nembutal-jauhe myynniss\u00e4 | Osta nembutal parasta laatua |Pentobarbitaali","isPartOf":{"@id":"https:\/\/gooddealersmeds.com\/fi\/#website"},"primaryImageOfPage":{"@id":"https:\/\/gooddealersmeds.com\/fi\/product\/osta-nembutaali-jauhe\/#primaryimage"},"image":{"@id":"https:\/\/gooddealersmeds.com\/fi\/product\/osta-nembutaali-jauhe\/#primaryimage"},"thumbnailUrl":"https:\/\/gooddealersmeds.com\/fi\/wp-content\/uploads\/sites\/6\/2022\/07\/nembutal-powder.jpg","datePublished":"2022-07-03T13:18:30+00:00","dateModified":"2023-01-20T16:12:53+00:00","description":"Nembutal-jauhe myynniss\u00e4 (Pentobarbital) ja toimita se kotiisi. Toimitamme sen mihin tahansa paikkaan\/maahan ymp\u00e4ri maailmaa.","breadcrumb":{"@id":"https:\/\/gooddealersmeds.com\/fi\/product\/osta-nembutaali-jauhe\/#breadcrumb"},"inLanguage":"en-US","potentialAction":[{"@type":"ReadAction","target":["https:\/\/gooddealersmeds.com\/fi\/product\/osta-nembutaali-jauhe\/"]}]},{"@type":"ImageObject","inLanguage":"en-US","@id":"https:\/\/gooddealersmeds.com\/fi\/product\/osta-nembutaali-jauhe\/#primaryimage","url":"https:\/\/gooddealersmeds.com\/fi\/wp-content\/uploads\/sites\/6\/2022\/07\/nembutal-powder.jpg","contentUrl":"https:\/\/gooddealersmeds.com\/fi\/wp-content\/uploads\/sites\/6\/2022\/07\/nembutal-powder.jpg","width":600,"height":450,"caption":"Nembutal Powder Online"},{"@type":"BreadcrumbList","@id":"https:\/\/gooddealersmeds.com\/fi\/product\/osta-nembutaali-jauhe\/#breadcrumb","itemListElement":[{"@type":"ListItem","position":1,"name":"Home","item":"https:\/\/gooddealersmeds.com\/fi\/"},{"@type":"ListItem","position":2,"name":"Tuotteet","item":"https:\/\/gooddealersmeds.com\/fi\/tuotteet\/"},{"@type":"ListItem","position":3,"name":"Osta puhdasta Nembutal-jauhetta"}]},{"@type":"WebSite","@id":"https:\/\/gooddealersmeds.com\/fi\/#website","url":"https:\/\/gooddealersmeds.com\/fi\/","name":"Good Dealers Meds","description":"All our best","publisher":{"@id":"https:\/\/gooddealersmeds.com\/fi\/#organization"},"potentialAction":[{"@type":"SearchAction","target":{"@type":"EntryPoint","urlTemplate":"https:\/\/gooddealersmeds.com\/fi\/?s={search_term_string}"},"query-input":{"@type":"PropertyValueSpecification","valueRequired":true,"valueName":"search_term_string"}}],"inLanguage":"en-US"},{"@type":"Organization","@id":"https:\/\/gooddealersmeds.com\/fi\/#organization","name":"Good Dealers Meds","url":"https:\/\/gooddealersmeds.com\/fi\/","logo":{"@type":"ImageObject","inLanguage":"en-US","@id":"https:\/\/gooddealersmeds.com\/fi\/#\/schema\/logo\/image\/","url":"https:\/\/gooddealersmeds.com\/fi\/wp-content\/uploads\/sites\/6\/2022\/03\/gooddealersmeds__logo__20220317T222800Z.00.png","contentUrl":"https:\/\/gooddealersmeds.com\/fi\/wp-content\/uploads\/sites\/6\/2022\/03\/gooddealersmeds__logo__20220317T222800Z.00.png","width":500,"height":325,"caption":"Good Dealers Meds"},"image":{"@id":"https:\/\/gooddealersmeds.com\/fi\/#\/schema\/logo\/image\/"}}]}},"_links":{"self":[{"href":"https:\/\/gooddealersmeds.com\/fi\/wp-json\/wp\/v2\/product\/1967","targetHints":{"allow":["GET"]}}],"collection":[{"href":"https:\/\/gooddealersmeds.com\/fi\/wp-json\/wp\/v2\/product"}],"about":[{"href":"https:\/\/gooddealersmeds.com\/fi\/wp-json\/wp\/v2\/types\/product"}],"replies":[{"embeddable":true,"href":"https:\/\/gooddealersmeds.com\/fi\/wp-json\/wp\/v2\/comments?post=1967"}],"wp:featuredmedia":[{"embeddable":true,"href":"https:\/\/gooddealersmeds.com\/fi\/wp-json\/wp\/v2\/media\/1968"}],"wp:attachment":[{"href":"https:\/\/gooddealersmeds.com\/fi\/wp-json\/wp\/v2\/media?parent=1967"}],"wp:term":[{"taxonomy":"product_brand","embeddable":true,"href":"https:\/\/gooddealersmeds.com\/fi\/wp-json\/wp\/v2\/product_brand?post=1967"},{"taxonomy":"product_cat","embeddable":true,"href":"https:\/\/gooddealersmeds.com\/fi\/wp-json\/wp\/v2\/product_cat?post=1967"},{"taxonomy":"product_tag","embeddable":true,"href":"https:\/\/gooddealersmeds.com\/fi\/wp-json\/wp\/v2\/product_tag?post=1967"}],"curies":[{"name":"wp","href":"https:\/\/api.w.org\/{rel}","templated":true}]}}