{"id":1965,"date":"2022-07-03T13:10:22","date_gmt":"2022-07-03T13:10:22","guid":{"rendered":"https:\/\/gooddealersmeds.com\/fi\/?post_type=product&#038;p=1965"},"modified":"2023-01-22T10:42:07","modified_gmt":"2023-01-22T10:42:07","slug":"osta-konsertti-verkosta","status":"publish","type":"product","link":"https:\/\/gooddealersmeds.com\/fi\/product\/osta-konsertti-verkosta\/","title":{"rendered":"Osta Concerta verkossa"},"content":{"rendered":"<h2>Concerta myyt\u00e4v\u00e4n\u00e4 verkossa<\/h2>\n<p>Concerta on l\u00e4\u00e4ke, joka auttaa hoitamaan tarkkaavaisuush\u00e4iri\u00f6t\u00e4 (ADD) aikuisilla. Se sis\u00e4lt\u00e4\u00e4 metyylifenidaattia, joka on suunniteltu auttamaan ihmisi\u00e4 keskittym\u00e4\u00e4n ja keskittym\u00e4\u00e4n paremmin. Concerta hoitaa ADD:t\u00e4 aikuisilla, jotka eiv\u00e4t reagoi hyvin muihin hoitoihin. Sit\u00e4 voidaan k\u00e4ytt\u00e4\u00e4 my\u00f6s narkolepsian hoitoon aikuisilla, jotka kokevat liiallista p\u00e4iv\u00e4uniaisuutta. Osta Concerta verkossa<\/p>\n<p>L\u00e4\u00e4ke tulee pillerein\u00e4, ja se otetaan kerran p\u00e4iv\u00e4ss\u00e4 ruoan kanssa tai ilman. \u00c4l\u00e4 sekoita sit\u00e4 alkoholin tai muiden huumeiden kanssa. Se on pitk\u00e4vaikutteinen l\u00e4\u00e4ke, joka kest\u00e4\u00e4 12 tuntia sen ottamisen j\u00e4lkeen, joten se voi auttaa sinua pysym\u00e4\u00e4n keskittyneen\u00e4 ja valppaana koko p\u00e4iv\u00e4n.<\/p>\n<p>Sill\u00e4 on my\u00f6s v\u00e4h\u00e4inen v\u00e4\u00e4rink\u00e4yt\u00f6n mahdollisuus, mik\u00e4 tarkoittaa, ett\u00e4 se on ep\u00e4todenn\u00e4k\u00f6ist\u00e4 aiheuttaa sivuvaikutuksia, kuten korkeaa verenpainetta tai syd\u00e4nongelmia. Concerta lis\u00e4\u00e4 dopamiinitasoa aivoissasi, mik\u00e4 auttaa parantamaan keskittymist\u00e4, huomiokyky\u00e4 ja impulssien hallintaa.<\/p>\n<p>P\u00e4hkin\u00e4nkuoressa Concerta on m\u00e4\u00e4r\u00e4tty ihmisille, joilla on vaikeuksia keskitty\u00e4 ja keskitty\u00e4. Se auttaa my\u00f6s hallitsemaan yliaktiivisuutta, kuten liiallista h\u00f6rh\u00f6ily\u00e4 tai liikkumista, kun sinun ei pit\u00e4isi, Osta Concerta verkossa<\/p>\n<p>\u00c4l\u00e4 k\u00e4yt\u00e4 t\u00e4t\u00e4 l\u00e4\u00e4kett\u00e4, jos olet raskaana tai imet\u00e4t synnynn\u00e4isten vammojen tai vieroitusoireiden riskin vuoksi. jos lopetat l\u00e4\u00e4kkeen k\u00e4yt\u00f6n \u00e4killisesti pitk\u00e4n (yli kahden viikon) k\u00e4yt\u00f6n j\u00e4lkeen.<\/p>\n<p><strong>\u00a0<\/strong><\/p>\n<p><strong>Miksi tilata Concerta Online?<\/strong><\/p>\n<p>Concertan ostaminen verkossa tarjoaa monia etuja. Oletetaan, ett\u00e4 sinun ei tarvitse n\u00e4ytt\u00e4\u00e4 myyj\u00e4llesi resepti\u00e4, jotta voit <a href=\"https:\/\/gooddealersmeds.com\/fi\/product\/buy-concerta-online\/\">ostaa Concertan<\/a> verkossa. Jos vain olet yli 21-vuotias, olet hyv\u00e4 jatkaa. Lis\u00e4ksi voit tilata haluamasi tuotteen ilman muita rajoituksia. My\u00f6s ilman, ett\u00e4 siirr\u00e4t persett\u00e4si tai teet kovaa ty\u00f6t\u00e4.<\/p>\n<p><strong>\u00a0<\/strong><\/p>\n<p><strong>Mik\u00e4 on paras paikka ostaa Concerta verkossa?<\/strong><\/p>\n<p>Concerta-jauhetta voi ostaa verkosta. Paras paikka ostaa Metyylifenidaattia verkosta on luotettavalta yritykselt\u00e4, kuten GoodDealersMedsilt\u00e4, \u200b\u200bkoska olemme toimineet yli 10 vuotta ja olemme osoittautuneet luotettaviksi. Meill\u00e4 on monia tuotteita, mukaan lukien metyylifenidaatti, mutta p\u00e4\u00e4painomme on korkealaatuisen palvelun tarjoamisessa ja asiakastyytyv\u00e4isyydess\u00e4.<\/p>\n","protected":false},"excerpt":{"rendered":"<p><strong>Concerta myyt\u00e4v\u00e4n\u00e4 verkossa hoidetaan tarkkaavaisuush\u00e4iri\u00f6n eli ADHD:n hoitoon.<\/strong><\/p>\n<p>Se toimii muuttamalla tiettyjen luonnollisten aineiden m\u00e4\u00e4ri\u00e4 aivoissa. Metyylifenidaatti kuuluu huumeluokkaan, joka tunnetaan stimulantteina. Se voi auttaa parantamaan kyky\u00e4si kiinnitt\u00e4\u00e4 huomiota, pysy\u00e4 keskittyneen\u00e4 toimintaan ja hallita k\u00e4ytt\u00e4ytymisongelmia. Se voi my\u00f6s auttaa sinua organisoimaan teht\u00e4vi\u00e4si ja parantamaan kuuntelutaitoja.<\/p>\n","protected":false},"featured_media":1966,"comment_status":"open","ping_status":"closed","template":"","meta":{"inline_featured_image":false},"product_brand":[],"product_cat":[346],"product_tag":[],"class_list":{"0":"post-1965","1":"product","2":"type-product","3":"status-publish","4":"has-post-thumbnail","6":"product_cat-piristeit","8":"first","9":"instock","10":"shipping-taxable","11":"purchasable","12":"product-type-simple"},"yoast_head":"<!-- This site is optimized with the Yoast SEO Premium plugin v20.6 (Yoast SEO v27.4) - https:\/\/yoast.com\/product\/yoast-seo-premium-wordpress\/ -->\n<title>Osta Concerta verkossa (metyylifenidaatti HCL) | Good Dealers Meds<\/title>\n<meta name=\"description\" content=\"Osta Concerta verkossa ; k\u00e4ytet\u00e4\u00e4n tarkkaavaisuush\u00e4iri\u00f6n hoitoon. Se toimii muuttamalla luonnollisia aineita aivoissa.\" \/>\n<meta name=\"robots\" content=\"index, follow, max-snippet:-1, max-image-preview:large, max-video-preview:-1\" \/>\n<link rel=\"canonical\" href=\"https:\/\/gooddealersmeds.com\/fi\/product\/osta-konsertti-verkosta\/\" \/>\n<meta property=\"og:locale\" content=\"en_US\" \/>\n<meta property=\"og:type\" content=\"article\" \/>\n<meta property=\"og:title\" content=\"Osta Concerta verkossa\" \/>\n<meta property=\"og:description\" content=\"Osta Concerta verkossa ; k\u00e4ytet\u00e4\u00e4n tarkkaavaisuush\u00e4iri\u00f6n hoitoon. Se toimii muuttamalla luonnollisia aineita aivoissa.\" \/>\n<meta property=\"og:url\" content=\"https:\/\/gooddealersmeds.com\/fi\/product\/osta-konsertti-verkosta\/\" \/>\n<meta property=\"og:site_name\" content=\"Good Dealers Meds\" \/>\n<meta property=\"article:modified_time\" content=\"2023-01-22T10:42:07+00:00\" \/>\n<meta property=\"og:image\" content=\"https:\/\/gooddealersmeds.com\/fi\/wp-content\/uploads\/sites\/6\/2022\/07\/concerta-36mg-500x500-1.png\" \/>\n\t<meta property=\"og:image:width\" content=\"500\" \/>\n\t<meta property=\"og:image:height\" content=\"500\" \/>\n\t<meta property=\"og:image:type\" content=\"image\/png\" \/>\n<meta name=\"twitter:card\" content=\"summary_large_image\" \/>\n<meta name=\"twitter:label1\" content=\"Est. reading time\" \/>\n\t<meta name=\"twitter:data1\" content=\"2 minutes\" \/>\n<script type=\"application\/ld+json\" class=\"yoast-schema-graph\">{\"@context\":\"https:\\\/\\\/schema.org\",\"@graph\":[{\"@type\":\"WebPage\",\"@id\":\"https:\\\/\\\/gooddealersmeds.com\\\/fi\\\/product\\\/osta-konsertti-verkosta\\\/\",\"url\":\"https:\\\/\\\/gooddealersmeds.com\\\/fi\\\/product\\\/osta-konsertti-verkosta\\\/\",\"name\":\"Osta Concerta verkossa (metyylifenidaatti HCL) | Good Dealers Meds\",\"isPartOf\":{\"@id\":\"https:\\\/\\\/gooddealersmeds.com\\\/fi\\\/#website\"},\"primaryImageOfPage\":{\"@id\":\"https:\\\/\\\/gooddealersmeds.com\\\/fi\\\/product\\\/osta-konsertti-verkosta\\\/#primaryimage\"},\"image\":{\"@id\":\"https:\\\/\\\/gooddealersmeds.com\\\/fi\\\/product\\\/osta-konsertti-verkosta\\\/#primaryimage\"},\"thumbnailUrl\":\"https:\\\/\\\/gooddealersmeds.com\\\/fi\\\/wp-content\\\/uploads\\\/sites\\\/6\\\/2022\\\/07\\\/concerta-36mg-500x500-1.png\",\"datePublished\":\"2022-07-03T13:10:22+00:00\",\"dateModified\":\"2023-01-22T10:42:07+00:00\",\"description\":\"Osta Concerta verkossa ; k\u00e4ytet\u00e4\u00e4n tarkkaavaisuush\u00e4iri\u00f6n hoitoon. Se toimii muuttamalla luonnollisia aineita aivoissa.\",\"breadcrumb\":{\"@id\":\"https:\\\/\\\/gooddealersmeds.com\\\/fi\\\/product\\\/osta-konsertti-verkosta\\\/#breadcrumb\"},\"inLanguage\":\"en-US\",\"potentialAction\":[{\"@type\":\"ReadAction\",\"target\":[\"https:\\\/\\\/gooddealersmeds.com\\\/fi\\\/product\\\/osta-konsertti-verkosta\\\/\"]}]},{\"@type\":\"ImageObject\",\"inLanguage\":\"en-US\",\"@id\":\"https:\\\/\\\/gooddealersmeds.com\\\/fi\\\/product\\\/osta-konsertti-verkosta\\\/#primaryimage\",\"url\":\"https:\\\/\\\/gooddealersmeds.com\\\/fi\\\/wp-content\\\/uploads\\\/sites\\\/6\\\/2022\\\/07\\\/concerta-36mg-500x500-1.png\",\"contentUrl\":\"https:\\\/\\\/gooddealersmeds.com\\\/fi\\\/wp-content\\\/uploads\\\/sites\\\/6\\\/2022\\\/07\\\/concerta-36mg-500x500-1.png\",\"width\":500,\"height\":500,\"caption\":\"Buy Concerta Online\"},{\"@type\":\"BreadcrumbList\",\"@id\":\"https:\\\/\\\/gooddealersmeds.com\\\/fi\\\/product\\\/osta-konsertti-verkosta\\\/#breadcrumb\",\"itemListElement\":[{\"@type\":\"ListItem\",\"position\":1,\"name\":\"Home\",\"item\":\"https:\\\/\\\/gooddealersmeds.com\\\/fi\\\/\"},{\"@type\":\"ListItem\",\"position\":2,\"name\":\"Tuotteet\",\"item\":\"https:\\\/\\\/gooddealersmeds.com\\\/fi\\\/tuotteet\\\/\"},{\"@type\":\"ListItem\",\"position\":3,\"name\":\"Osta Concerta verkossa\"}]},{\"@type\":\"WebSite\",\"@id\":\"https:\\\/\\\/gooddealersmeds.com\\\/fi\\\/#website\",\"url\":\"https:\\\/\\\/gooddealersmeds.com\\\/fi\\\/\",\"name\":\"Good Dealers Meds\",\"description\":\"All our best\",\"publisher\":{\"@id\":\"https:\\\/\\\/gooddealersmeds.com\\\/fi\\\/#organization\"},\"potentialAction\":[{\"@type\":\"SearchAction\",\"target\":{\"@type\":\"EntryPoint\",\"urlTemplate\":\"https:\\\/\\\/gooddealersmeds.com\\\/fi\\\/?s={search_term_string}\"},\"query-input\":{\"@type\":\"PropertyValueSpecification\",\"valueRequired\":true,\"valueName\":\"search_term_string\"}}],\"inLanguage\":\"en-US\"},{\"@type\":\"Organization\",\"@id\":\"https:\\\/\\\/gooddealersmeds.com\\\/fi\\\/#organization\",\"name\":\"Good Dealers Meds\",\"url\":\"https:\\\/\\\/gooddealersmeds.com\\\/fi\\\/\",\"logo\":{\"@type\":\"ImageObject\",\"inLanguage\":\"en-US\",\"@id\":\"https:\\\/\\\/gooddealersmeds.com\\\/fi\\\/#\\\/schema\\\/logo\\\/image\\\/\",\"url\":\"https:\\\/\\\/gooddealersmeds.com\\\/fi\\\/wp-content\\\/uploads\\\/sites\\\/6\\\/2022\\\/03\\\/gooddealersmeds__logo__20220317T222800Z.00.png\",\"contentUrl\":\"https:\\\/\\\/gooddealersmeds.com\\\/fi\\\/wp-content\\\/uploads\\\/sites\\\/6\\\/2022\\\/03\\\/gooddealersmeds__logo__20220317T222800Z.00.png\",\"width\":500,\"height\":325,\"caption\":\"Good Dealers Meds\"},\"image\":{\"@id\":\"https:\\\/\\\/gooddealersmeds.com\\\/fi\\\/#\\\/schema\\\/logo\\\/image\\\/\"}}]}<\/script>\n<!-- \/ Yoast SEO Premium plugin. -->","yoast_head_json":{"title":"Osta Concerta verkossa (metyylifenidaatti HCL) | Good Dealers Meds","description":"Osta Concerta verkossa ; k\u00e4ytet\u00e4\u00e4n tarkkaavaisuush\u00e4iri\u00f6n hoitoon. Se toimii muuttamalla luonnollisia aineita aivoissa.","robots":{"index":"index","follow":"follow","max-snippet":"max-snippet:-1","max-image-preview":"max-image-preview:large","max-video-preview":"max-video-preview:-1"},"canonical":"https:\/\/gooddealersmeds.com\/fi\/product\/osta-konsertti-verkosta\/","og_locale":"en_US","og_type":"article","og_title":"Osta Concerta verkossa","og_description":"Osta Concerta verkossa ; k\u00e4ytet\u00e4\u00e4n tarkkaavaisuush\u00e4iri\u00f6n hoitoon. Se toimii muuttamalla luonnollisia aineita aivoissa.","og_url":"https:\/\/gooddealersmeds.com\/fi\/product\/osta-konsertti-verkosta\/","og_site_name":"Good Dealers Meds","article_modified_time":"2023-01-22T10:42:07+00:00","og_image":[{"width":500,"height":500,"url":"https:\/\/gooddealersmeds.com\/fi\/wp-content\/uploads\/sites\/6\/2022\/07\/concerta-36mg-500x500-1.png","type":"image\/png"}],"twitter_card":"summary_large_image","twitter_misc":{"Est. reading time":"2 minutes"},"schema":{"@context":"https:\/\/schema.org","@graph":[{"@type":"WebPage","@id":"https:\/\/gooddealersmeds.com\/fi\/product\/osta-konsertti-verkosta\/","url":"https:\/\/gooddealersmeds.com\/fi\/product\/osta-konsertti-verkosta\/","name":"Osta Concerta verkossa (metyylifenidaatti HCL) | Good Dealers Meds","isPartOf":{"@id":"https:\/\/gooddealersmeds.com\/fi\/#website"},"primaryImageOfPage":{"@id":"https:\/\/gooddealersmeds.com\/fi\/product\/osta-konsertti-verkosta\/#primaryimage"},"image":{"@id":"https:\/\/gooddealersmeds.com\/fi\/product\/osta-konsertti-verkosta\/#primaryimage"},"thumbnailUrl":"https:\/\/gooddealersmeds.com\/fi\/wp-content\/uploads\/sites\/6\/2022\/07\/concerta-36mg-500x500-1.png","datePublished":"2022-07-03T13:10:22+00:00","dateModified":"2023-01-22T10:42:07+00:00","description":"Osta Concerta verkossa ; k\u00e4ytet\u00e4\u00e4n tarkkaavaisuush\u00e4iri\u00f6n hoitoon. Se toimii muuttamalla luonnollisia aineita aivoissa.","breadcrumb":{"@id":"https:\/\/gooddealersmeds.com\/fi\/product\/osta-konsertti-verkosta\/#breadcrumb"},"inLanguage":"en-US","potentialAction":[{"@type":"ReadAction","target":["https:\/\/gooddealersmeds.com\/fi\/product\/osta-konsertti-verkosta\/"]}]},{"@type":"ImageObject","inLanguage":"en-US","@id":"https:\/\/gooddealersmeds.com\/fi\/product\/osta-konsertti-verkosta\/#primaryimage","url":"https:\/\/gooddealersmeds.com\/fi\/wp-content\/uploads\/sites\/6\/2022\/07\/concerta-36mg-500x500-1.png","contentUrl":"https:\/\/gooddealersmeds.com\/fi\/wp-content\/uploads\/sites\/6\/2022\/07\/concerta-36mg-500x500-1.png","width":500,"height":500,"caption":"Buy Concerta Online"},{"@type":"BreadcrumbList","@id":"https:\/\/gooddealersmeds.com\/fi\/product\/osta-konsertti-verkosta\/#breadcrumb","itemListElement":[{"@type":"ListItem","position":1,"name":"Home","item":"https:\/\/gooddealersmeds.com\/fi\/"},{"@type":"ListItem","position":2,"name":"Tuotteet","item":"https:\/\/gooddealersmeds.com\/fi\/tuotteet\/"},{"@type":"ListItem","position":3,"name":"Osta Concerta verkossa"}]},{"@type":"WebSite","@id":"https:\/\/gooddealersmeds.com\/fi\/#website","url":"https:\/\/gooddealersmeds.com\/fi\/","name":"Good Dealers Meds","description":"All our best","publisher":{"@id":"https:\/\/gooddealersmeds.com\/fi\/#organization"},"potentialAction":[{"@type":"SearchAction","target":{"@type":"EntryPoint","urlTemplate":"https:\/\/gooddealersmeds.com\/fi\/?s={search_term_string}"},"query-input":{"@type":"PropertyValueSpecification","valueRequired":true,"valueName":"search_term_string"}}],"inLanguage":"en-US"},{"@type":"Organization","@id":"https:\/\/gooddealersmeds.com\/fi\/#organization","name":"Good Dealers Meds","url":"https:\/\/gooddealersmeds.com\/fi\/","logo":{"@type":"ImageObject","inLanguage":"en-US","@id":"https:\/\/gooddealersmeds.com\/fi\/#\/schema\/logo\/image\/","url":"https:\/\/gooddealersmeds.com\/fi\/wp-content\/uploads\/sites\/6\/2022\/03\/gooddealersmeds__logo__20220317T222800Z.00.png","contentUrl":"https:\/\/gooddealersmeds.com\/fi\/wp-content\/uploads\/sites\/6\/2022\/03\/gooddealersmeds__logo__20220317T222800Z.00.png","width":500,"height":325,"caption":"Good Dealers Meds"},"image":{"@id":"https:\/\/gooddealersmeds.com\/fi\/#\/schema\/logo\/image\/"}}]}},"_links":{"self":[{"href":"https:\/\/gooddealersmeds.com\/fi\/wp-json\/wp\/v2\/product\/1965","targetHints":{"allow":["GET"]}}],"collection":[{"href":"https:\/\/gooddealersmeds.com\/fi\/wp-json\/wp\/v2\/product"}],"about":[{"href":"https:\/\/gooddealersmeds.com\/fi\/wp-json\/wp\/v2\/types\/product"}],"replies":[{"embeddable":true,"href":"https:\/\/gooddealersmeds.com\/fi\/wp-json\/wp\/v2\/comments?post=1965"}],"wp:featuredmedia":[{"embeddable":true,"href":"https:\/\/gooddealersmeds.com\/fi\/wp-json\/wp\/v2\/media\/1966"}],"wp:attachment":[{"href":"https:\/\/gooddealersmeds.com\/fi\/wp-json\/wp\/v2\/media?parent=1965"}],"wp:term":[{"taxonomy":"product_brand","embeddable":true,"href":"https:\/\/gooddealersmeds.com\/fi\/wp-json\/wp\/v2\/product_brand?post=1965"},{"taxonomy":"product_cat","embeddable":true,"href":"https:\/\/gooddealersmeds.com\/fi\/wp-json\/wp\/v2\/product_cat?post=1965"},{"taxonomy":"product_tag","embeddable":true,"href":"https:\/\/gooddealersmeds.com\/fi\/wp-json\/wp\/v2\/product_tag?post=1965"}],"curies":[{"name":"wp","href":"https:\/\/api.w.org\/{rel}","templated":true}]}}