{"id":1951,"date":"2022-07-03T13:05:03","date_gmt":"2022-07-03T13:05:03","guid":{"rendered":"https:\/\/gooddealersmeds.com\/fi\/?post_type=product&#038;p=1951"},"modified":"2023-01-22T10:55:12","modified_gmt":"2023-01-22T10:55:12","slug":"osta-ritaliini-pillereita","status":"publish","type":"product","link":"https:\/\/gooddealersmeds.com\/fi\/product\/osta-ritaliini-pillereita\/","title":{"rendered":"Osta Ritalin pillereit\u00e4"},"content":{"rendered":"<h2>Ritalin pillereit\u00e4 myynniss\u00e4 verkkokaupastamme ilman resepti\u00e4.<\/h2>\n<p>Ritalin Tablet on keskushermostoa stimuloiva aine, joka hoitaa tarkkaavaisuush\u00e4iri\u00f6t\u00e4 (ADHD). Osta Ritalin pillereit\u00e4 T\u00e4m\u00e4 h\u00e4iri\u00f6 sis\u00e4lt\u00e4\u00e4 hallitsemattomia toimia, enemm\u00e4n keskittymisvaikeuksia ja pysymist\u00e4 hiljaa verrattuna muihin saman ik\u00e4ryhm\u00e4n ihmisiin. T\u00e4m\u00e4 pilleri hoitaa my\u00f6s narkolepsiaa, unih\u00e4iri\u00f6t\u00e4, joka aiheuttaa \u00e4killisi\u00e4 unih\u00e4iri\u00f6it\u00e4 ja p\u00e4iv\u00e4saikaan uneliaisuutta. T\u00e4m\u00e4 pilleri voi my\u00f6s auttaa sinua organisoimaan ty\u00f6si ja parantamaan kuuntelutaitojasi. Lis\u00e4ksi t\u00e4m\u00e4 tabletti v\u00e4hent\u00e4\u00e4 k\u00e4ytt\u00e4ytymisongelmien oireita ja parantaa keskittymiskyky\u00e4si ja tarkkaavaisuuttasi. Ritaliinia k\u00e4ytet\u00e4\u00e4n my\u00f6s neuvonnassa tai muissa terapioissa.<\/p>\n<p>Ritaliini on voimakas piriste, joka voi auttaa v\u00e4hent\u00e4m\u00e4\u00e4n tarkkaavaisuush\u00e4iri\u00f6n oireita. L\u00e4\u00e4k\u00e4rit ja farmaseutit pit\u00e4v\u00e4t Ritaliinia yhten\u00e4 tehokkaimmista hoitomuodoista p\u00e4iv\u00e4saikaan uneliaisuuteen tai odottamattomiin unikohtauksiin. Ritalin on tehokas 20-30 minuutin kuluessa antamisesta, ja sen puoliintumisaika on noin kahdeksan tuntia. Lis\u00e4ksi t\u00e4m\u00e4 pilleri auttaa sinua keskittym\u00e4\u00e4n ja kiinnitt\u00e4m\u00e4\u00e4n huomiota teht\u00e4viisi, Osta Ritalin pillereit\u00e4<\/p>\n<p><strong>Mik\u00e4 Ritalin on ja miten se toimii?<\/strong><\/p>\n<p>Ritaliini on yksi parhaista vaihtoehdoista tarkkaavaisuush\u00e4iri\u00f6n tai unih\u00e4iri\u00f6iden ehk\u00e4isyss\u00e4 ja hoidossa. T\u00e4m\u00e4n tabletin avulla voit muuttaa luonnollisten aineiden m\u00e4\u00e4r\u00e4\u00e4 aivoissasi. Lis\u00e4ksi Ritaliinia pidet\u00e4\u00e4n turvallisena yli 6-vuotiaille lapsille, aikuisille ja vanhuksille, joilla on tarkkaavaisuush\u00e4iri\u00f6 tai unih\u00e4iri\u00f6t.<\/p>\n<p>Metyylifenidaattihydrokloridi, Ritalinin vaikuttava aine, kuuluu luokkaan l\u00e4\u00e4kkeit\u00e4, jotka tunnetaan keskushermostoa stimulantteina. N\u00e4m\u00e4 piristeet lis\u00e4\u00e4v\u00e4t katekoliamiinin (kemikaali) tasoa aivoissasi, mik\u00e4 lis\u00e4\u00e4 energiaa, vireytt\u00e4 ja tarkkaavaisuutta.<\/p>\n<p>Ritaliini toimii muuttamalla aivojen luonnollisten aineiden (katekoliamiini) pitoisuutta. T\u00e4m\u00e4 l\u00e4\u00e4kitys auttaa my\u00f6s sinua pysym\u00e4\u00e4n keskittyneen\u00e4, parantaa kyky\u00e4si kiinnitt\u00e4\u00e4 huomiota ja hallitsee k\u00e4ytt\u00e4ytymisongelmia.<\/p>\n<p>Yleens\u00e4 suositellaan Ritalinin k\u00e4ytt\u00f6\u00e4 l\u00e4\u00e4k\u00e4risi ohjeiden mukaan. Mutta tarkkaavaisuush\u00e4iri\u00f6n tai \u00e4killisten unikohtausten hoitoon k\u00e4yt\u00e4t Ritalinia pitk\u00e4aikaisena hoitona. Voit ostaa ritaliinipillereit\u00e4 <a href=\"https:\/\/gooddealersmeds.com\/fi\/products\/\">verkkokaupastamme<\/a> turvallisella toimituksella.<\/p>\n<p>&nbsp;<\/p>\n","protected":false},"excerpt":{"rendered":"<p>Osta Ritalin LA 10 mg kapseleita 30 verkosta, nyt saatavilla. Selaa verkkokauppaamme. Hanki Online Ritalin 100 % tyytyv\u00e4isyystakuu. Miten saan Ritalinin ilman resepti\u00e4.<\/p>\n","protected":false},"featured_media":1963,"comment_status":"open","ping_status":"closed","template":"","meta":{"inline_featured_image":false},"product_brand":[],"product_cat":[346],"product_tag":[505,506,507,508,509,510,514,516,515,502,503,504,511,512,513],"class_list":{"0":"post-1951","1":"product","2":"type-product","3":"status-publish","4":"has-post-thumbnail","6":"product_cat-piristeit","7":"product_tag-buy-ritalin-10mg-online","8":"product_tag-buy-ritalin-10mg-online-in-usa","9":"product_tag-buy-ritalin-online","10":"product_tag-buy-ritalin-online-forum","11":"product_tag-buy-ritalin-online-no-rx","12":"product_tag-buy-ritalin-pills","13":"product_tag-mist-osta-ritaliini-verkosta","14":"product_tag-mist-ostaa-ritalin-verkosta-ei-rx-vaatimusta","15":"product_tag-mist-osta-ritaliini-verkosta-ei-resepti-vaatii","16":"product_tag-osta-20mg-ritalin-verkosta","17":"product_tag-osta-generic-ritalin-verkosta","18":"product_tag-osta-online-resepti-ritalin-ei-resepti","19":"product_tag-osta-ritaliini-pillereit-etel-afrikassa","20":"product_tag-reddit-buy-ritalin-online-ilman-resepti","21":"product_tag-ritalin-osta-verkosta","23":"first","24":"instock","25":"shipping-taxable","26":"purchasable","27":"product-type-variable","28":"has-default-attributes"},"yoast_head":"<!-- This site is optimized with the Yoast SEO Premium plugin v20.6 (Yoast SEO v27.3) - https:\/\/yoast.com\/product\/yoast-seo-premium-wordpress\/ -->\n<title>Osta Ritalin pillereit\u00e4 | Tilaa Ritalin verkosta Good Dealers Meds<\/title>\n<meta name=\"description\" content=\"Ritalin LA 10mg Pills 30 myyt\u00e4v\u00e4n\u00e4 verkossa. Selaa verkkokauppaamme ilman resepti\u00e4. Hanki Online Ritalin 100 % tyytyv\u00e4isen\u00e4. Osta Ritalin pillereit\u00e4\" \/>\n<meta name=\"robots\" content=\"index, follow, max-snippet:-1, max-image-preview:large, max-video-preview:-1\" \/>\n<link rel=\"canonical\" href=\"https:\/\/gooddealersmeds.com\/fi\/product\/osta-ritaliini-pillereita\/\" \/>\n<meta property=\"og:locale\" content=\"en_US\" \/>\n<meta property=\"og:type\" content=\"article\" \/>\n<meta property=\"og:title\" content=\"Osta Ritalin pillereit\u00e4\" \/>\n<meta property=\"og:description\" content=\"Ritalin LA 10mg Pills 30 myyt\u00e4v\u00e4n\u00e4 verkossa. Selaa verkkokauppaamme ilman resepti\u00e4. Hanki Online Ritalin 100 % tyytyv\u00e4isen\u00e4. Osta Ritalin pillereit\u00e4\" \/>\n<meta property=\"og:url\" content=\"https:\/\/gooddealersmeds.com\/fi\/product\/osta-ritaliini-pillereita\/\" \/>\n<meta property=\"og:site_name\" content=\"Good Dealers Meds\" \/>\n<meta property=\"article:modified_time\" content=\"2023-01-22T10:55:12+00:00\" \/>\n<meta property=\"og:image\" content=\"https:\/\/gooddealersmeds.com\/fi\/wp-content\/uploads\/sites\/6\/2022\/07\/buy-ritalin-online.jpg\" \/>\n\t<meta property=\"og:image:width\" content=\"1464\" \/>\n\t<meta property=\"og:image:height\" content=\"975\" \/>\n\t<meta property=\"og:image:type\" content=\"image\/jpeg\" \/>\n<meta name=\"twitter:card\" content=\"summary_large_image\" \/>\n<meta name=\"twitter:label1\" content=\"Est. reading time\" \/>\n\t<meta name=\"twitter:data1\" content=\"2 minutes\" \/>\n<script type=\"application\/ld+json\" class=\"yoast-schema-graph\">{\"@context\":\"https:\\\/\\\/schema.org\",\"@graph\":[{\"@type\":\"WebPage\",\"@id\":\"https:\\\/\\\/gooddealersmeds.com\\\/fi\\\/product\\\/osta-ritaliini-pillereita\\\/\",\"url\":\"https:\\\/\\\/gooddealersmeds.com\\\/fi\\\/product\\\/osta-ritaliini-pillereita\\\/\",\"name\":\"Osta Ritalin pillereit\u00e4 | Tilaa Ritalin verkosta Good Dealers Meds\",\"isPartOf\":{\"@id\":\"https:\\\/\\\/gooddealersmeds.com\\\/fi\\\/#website\"},\"primaryImageOfPage\":{\"@id\":\"https:\\\/\\\/gooddealersmeds.com\\\/fi\\\/product\\\/osta-ritaliini-pillereita\\\/#primaryimage\"},\"image\":{\"@id\":\"https:\\\/\\\/gooddealersmeds.com\\\/fi\\\/product\\\/osta-ritaliini-pillereita\\\/#primaryimage\"},\"thumbnailUrl\":\"https:\\\/\\\/gooddealersmeds.com\\\/fi\\\/wp-content\\\/uploads\\\/sites\\\/6\\\/2022\\\/07\\\/buy-ritalin-online.jpg\",\"datePublished\":\"2022-07-03T13:05:03+00:00\",\"dateModified\":\"2023-01-22T10:55:12+00:00\",\"description\":\"Ritalin LA 10mg Pills 30 myyt\u00e4v\u00e4n\u00e4 verkossa. Selaa verkkokauppaamme ilman resepti\u00e4. Hanki Online Ritalin 100 % tyytyv\u00e4isen\u00e4. Osta Ritalin pillereit\u00e4\",\"breadcrumb\":{\"@id\":\"https:\\\/\\\/gooddealersmeds.com\\\/fi\\\/product\\\/osta-ritaliini-pillereita\\\/#breadcrumb\"},\"inLanguage\":\"en-US\",\"potentialAction\":[{\"@type\":\"ReadAction\",\"target\":[\"https:\\\/\\\/gooddealersmeds.com\\\/fi\\\/product\\\/osta-ritaliini-pillereita\\\/\"]}]},{\"@type\":\"ImageObject\",\"inLanguage\":\"en-US\",\"@id\":\"https:\\\/\\\/gooddealersmeds.com\\\/fi\\\/product\\\/osta-ritaliini-pillereita\\\/#primaryimage\",\"url\":\"https:\\\/\\\/gooddealersmeds.com\\\/fi\\\/wp-content\\\/uploads\\\/sites\\\/6\\\/2022\\\/07\\\/buy-ritalin-online.jpg\",\"contentUrl\":\"https:\\\/\\\/gooddealersmeds.com\\\/fi\\\/wp-content\\\/uploads\\\/sites\\\/6\\\/2022\\\/07\\\/buy-ritalin-online.jpg\",\"width\":1464,\"height\":975,\"caption\":\"Buy Ritalin Pills\"},{\"@type\":\"BreadcrumbList\",\"@id\":\"https:\\\/\\\/gooddealersmeds.com\\\/fi\\\/product\\\/osta-ritaliini-pillereita\\\/#breadcrumb\",\"itemListElement\":[{\"@type\":\"ListItem\",\"position\":1,\"name\":\"Home\",\"item\":\"https:\\\/\\\/gooddealersmeds.com\\\/fi\\\/\"},{\"@type\":\"ListItem\",\"position\":2,\"name\":\"Tuotteet\",\"item\":\"https:\\\/\\\/gooddealersmeds.com\\\/fi\\\/tuotteet\\\/\"},{\"@type\":\"ListItem\",\"position\":3,\"name\":\"Osta Ritalin pillereit\u00e4\"}]},{\"@type\":\"WebSite\",\"@id\":\"https:\\\/\\\/gooddealersmeds.com\\\/fi\\\/#website\",\"url\":\"https:\\\/\\\/gooddealersmeds.com\\\/fi\\\/\",\"name\":\"Good Dealers Meds\",\"description\":\"All our best\",\"publisher\":{\"@id\":\"https:\\\/\\\/gooddealersmeds.com\\\/fi\\\/#organization\"},\"potentialAction\":[{\"@type\":\"SearchAction\",\"target\":{\"@type\":\"EntryPoint\",\"urlTemplate\":\"https:\\\/\\\/gooddealersmeds.com\\\/fi\\\/?s={search_term_string}\"},\"query-input\":{\"@type\":\"PropertyValueSpecification\",\"valueRequired\":true,\"valueName\":\"search_term_string\"}}],\"inLanguage\":\"en-US\"},{\"@type\":\"Organization\",\"@id\":\"https:\\\/\\\/gooddealersmeds.com\\\/fi\\\/#organization\",\"name\":\"Good Dealers Meds\",\"url\":\"https:\\\/\\\/gooddealersmeds.com\\\/fi\\\/\",\"logo\":{\"@type\":\"ImageObject\",\"inLanguage\":\"en-US\",\"@id\":\"https:\\\/\\\/gooddealersmeds.com\\\/fi\\\/#\\\/schema\\\/logo\\\/image\\\/\",\"url\":\"https:\\\/\\\/gooddealersmeds.com\\\/fi\\\/wp-content\\\/uploads\\\/sites\\\/6\\\/2022\\\/03\\\/gooddealersmeds__logo__20220317T222800Z.00.png\",\"contentUrl\":\"https:\\\/\\\/gooddealersmeds.com\\\/fi\\\/wp-content\\\/uploads\\\/sites\\\/6\\\/2022\\\/03\\\/gooddealersmeds__logo__20220317T222800Z.00.png\",\"width\":500,\"height\":325,\"caption\":\"Good Dealers Meds\"},\"image\":{\"@id\":\"https:\\\/\\\/gooddealersmeds.com\\\/fi\\\/#\\\/schema\\\/logo\\\/image\\\/\"}}]}<\/script>\n<!-- \/ Yoast SEO Premium plugin. -->","yoast_head_json":{"title":"Osta Ritalin pillereit\u00e4 | Tilaa Ritalin verkosta Good Dealers Meds","description":"Ritalin LA 10mg Pills 30 myyt\u00e4v\u00e4n\u00e4 verkossa. Selaa verkkokauppaamme ilman resepti\u00e4. Hanki Online Ritalin 100 % tyytyv\u00e4isen\u00e4. Osta Ritalin pillereit\u00e4","robots":{"index":"index","follow":"follow","max-snippet":"max-snippet:-1","max-image-preview":"max-image-preview:large","max-video-preview":"max-video-preview:-1"},"canonical":"https:\/\/gooddealersmeds.com\/fi\/product\/osta-ritaliini-pillereita\/","og_locale":"en_US","og_type":"article","og_title":"Osta Ritalin pillereit\u00e4","og_description":"Ritalin LA 10mg Pills 30 myyt\u00e4v\u00e4n\u00e4 verkossa. Selaa verkkokauppaamme ilman resepti\u00e4. Hanki Online Ritalin 100 % tyytyv\u00e4isen\u00e4. Osta Ritalin pillereit\u00e4","og_url":"https:\/\/gooddealersmeds.com\/fi\/product\/osta-ritaliini-pillereita\/","og_site_name":"Good Dealers Meds","article_modified_time":"2023-01-22T10:55:12+00:00","og_image":[{"width":1464,"height":975,"url":"https:\/\/gooddealersmeds.com\/fi\/wp-content\/uploads\/sites\/6\/2022\/07\/buy-ritalin-online.jpg","type":"image\/jpeg"}],"twitter_card":"summary_large_image","twitter_misc":{"Est. reading time":"2 minutes"},"schema":{"@context":"https:\/\/schema.org","@graph":[{"@type":"WebPage","@id":"https:\/\/gooddealersmeds.com\/fi\/product\/osta-ritaliini-pillereita\/","url":"https:\/\/gooddealersmeds.com\/fi\/product\/osta-ritaliini-pillereita\/","name":"Osta Ritalin pillereit\u00e4 | Tilaa Ritalin verkosta Good Dealers Meds","isPartOf":{"@id":"https:\/\/gooddealersmeds.com\/fi\/#website"},"primaryImageOfPage":{"@id":"https:\/\/gooddealersmeds.com\/fi\/product\/osta-ritaliini-pillereita\/#primaryimage"},"image":{"@id":"https:\/\/gooddealersmeds.com\/fi\/product\/osta-ritaliini-pillereita\/#primaryimage"},"thumbnailUrl":"https:\/\/gooddealersmeds.com\/fi\/wp-content\/uploads\/sites\/6\/2022\/07\/buy-ritalin-online.jpg","datePublished":"2022-07-03T13:05:03+00:00","dateModified":"2023-01-22T10:55:12+00:00","description":"Ritalin LA 10mg Pills 30 myyt\u00e4v\u00e4n\u00e4 verkossa. Selaa verkkokauppaamme ilman resepti\u00e4. Hanki Online Ritalin 100 % tyytyv\u00e4isen\u00e4. Osta Ritalin pillereit\u00e4","breadcrumb":{"@id":"https:\/\/gooddealersmeds.com\/fi\/product\/osta-ritaliini-pillereita\/#breadcrumb"},"inLanguage":"en-US","potentialAction":[{"@type":"ReadAction","target":["https:\/\/gooddealersmeds.com\/fi\/product\/osta-ritaliini-pillereita\/"]}]},{"@type":"ImageObject","inLanguage":"en-US","@id":"https:\/\/gooddealersmeds.com\/fi\/product\/osta-ritaliini-pillereita\/#primaryimage","url":"https:\/\/gooddealersmeds.com\/fi\/wp-content\/uploads\/sites\/6\/2022\/07\/buy-ritalin-online.jpg","contentUrl":"https:\/\/gooddealersmeds.com\/fi\/wp-content\/uploads\/sites\/6\/2022\/07\/buy-ritalin-online.jpg","width":1464,"height":975,"caption":"Buy Ritalin Pills"},{"@type":"BreadcrumbList","@id":"https:\/\/gooddealersmeds.com\/fi\/product\/osta-ritaliini-pillereita\/#breadcrumb","itemListElement":[{"@type":"ListItem","position":1,"name":"Home","item":"https:\/\/gooddealersmeds.com\/fi\/"},{"@type":"ListItem","position":2,"name":"Tuotteet","item":"https:\/\/gooddealersmeds.com\/fi\/tuotteet\/"},{"@type":"ListItem","position":3,"name":"Osta Ritalin pillereit\u00e4"}]},{"@type":"WebSite","@id":"https:\/\/gooddealersmeds.com\/fi\/#website","url":"https:\/\/gooddealersmeds.com\/fi\/","name":"Good Dealers Meds","description":"All our best","publisher":{"@id":"https:\/\/gooddealersmeds.com\/fi\/#organization"},"potentialAction":[{"@type":"SearchAction","target":{"@type":"EntryPoint","urlTemplate":"https:\/\/gooddealersmeds.com\/fi\/?s={search_term_string}"},"query-input":{"@type":"PropertyValueSpecification","valueRequired":true,"valueName":"search_term_string"}}],"inLanguage":"en-US"},{"@type":"Organization","@id":"https:\/\/gooddealersmeds.com\/fi\/#organization","name":"Good Dealers Meds","url":"https:\/\/gooddealersmeds.com\/fi\/","logo":{"@type":"ImageObject","inLanguage":"en-US","@id":"https:\/\/gooddealersmeds.com\/fi\/#\/schema\/logo\/image\/","url":"https:\/\/gooddealersmeds.com\/fi\/wp-content\/uploads\/sites\/6\/2022\/03\/gooddealersmeds__logo__20220317T222800Z.00.png","contentUrl":"https:\/\/gooddealersmeds.com\/fi\/wp-content\/uploads\/sites\/6\/2022\/03\/gooddealersmeds__logo__20220317T222800Z.00.png","width":500,"height":325,"caption":"Good Dealers Meds"},"image":{"@id":"https:\/\/gooddealersmeds.com\/fi\/#\/schema\/logo\/image\/"}}]}},"_links":{"self":[{"href":"https:\/\/gooddealersmeds.com\/fi\/wp-json\/wp\/v2\/product\/1951","targetHints":{"allow":["GET"]}}],"collection":[{"href":"https:\/\/gooddealersmeds.com\/fi\/wp-json\/wp\/v2\/product"}],"about":[{"href":"https:\/\/gooddealersmeds.com\/fi\/wp-json\/wp\/v2\/types\/product"}],"replies":[{"embeddable":true,"href":"https:\/\/gooddealersmeds.com\/fi\/wp-json\/wp\/v2\/comments?post=1951"}],"wp:featuredmedia":[{"embeddable":true,"href":"https:\/\/gooddealersmeds.com\/fi\/wp-json\/wp\/v2\/media\/1963"}],"wp:attachment":[{"href":"https:\/\/gooddealersmeds.com\/fi\/wp-json\/wp\/v2\/media?parent=1951"}],"wp:term":[{"taxonomy":"product_brand","embeddable":true,"href":"https:\/\/gooddealersmeds.com\/fi\/wp-json\/wp\/v2\/product_brand?post=1951"},{"taxonomy":"product_cat","embeddable":true,"href":"https:\/\/gooddealersmeds.com\/fi\/wp-json\/wp\/v2\/product_cat?post=1951"},{"taxonomy":"product_tag","embeddable":true,"href":"https:\/\/gooddealersmeds.com\/fi\/wp-json\/wp\/v2\/product_tag?post=1951"}],"curies":[{"name":"wp","href":"https:\/\/api.w.org\/{rel}","templated":true}]}}