{"id":1944,"date":"2022-07-03T12:27:49","date_gmt":"2022-07-03T12:27:49","guid":{"rendered":"https:\/\/gooddealersmeds.com\/fi\/?post_type=product&#038;p=1944"},"modified":"2023-01-22T11:09:24","modified_gmt":"2023-01-22T11:09:24","slug":"osta-deksedriini-er-pills-verkosta","status":"publish","type":"product","link":"https:\/\/gooddealersmeds.com\/fi\/product\/osta-deksedriini-er-pills-verkosta\/","title":{"rendered":"Osta Dexedrine Er -pillereit\u00e4 verkosta"},"content":{"rendered":"<h2>Dexedrine Er -pillerit myynniss\u00e4 myym\u00e4l\u00e4ss\u00e4mme edulliseen hintaan<\/h2>\n<p>Osta Dexedrine verkosta, y\u00f6n toimitus saatavilla kaikkiin Euroopan valtioihin. Deksedriini kuuluu stimulantteina tunnettujen l\u00e4\u00e4kkeiden perheeseen. Deksedriini (deksamfetamiini) on l\u00e4\u00e4ke, jota k\u00e4ytet\u00e4\u00e4n tarkkaavaisuus- ja ylivilkkaush\u00e4iri\u00f6n (ADHD) ja narkolepsian (nukkuminen sopimattomiin aikoina ilman valvontaa) hoitoon. Se hoitaa narkolepsiaa toimimalla aivostimulanttina. Voit ostaa Dexedrine Er -pillereit\u00e4 verkosta myyt\u00e4v\u00e4n\u00e4 Good Dealers Meds.<\/p>\n<h2>Dexedrine Er -pillereiden k\u00e4ytt\u00f6tarkoitukset &#8211; Osta Dexedrine<\/h2>\n<p>T\u00e4t\u00e4 l\u00e4\u00e4kett\u00e4 k\u00e4ytet\u00e4\u00e4n ADHD:n, joka tunnetaan my\u00f6s nimell\u00e4 tarkkaavaisuus-hyperaktiivisuush\u00e4iri\u00f6, hoitoon. Se toimii muuttamalla tiettyjen luonnollisten kemikaalien pitoisuuksia aivoissa. Dekstroamfetamiini on er\u00e4\u00e4nlainen l\u00e4\u00e4ke, joka tunnetaan syd\u00e4mentahdistimena. T\u00e4m\u00e4 voi auttaa sinua parantamaan kyky\u00e4si keskitty\u00e4 toimintaan ja hallita k\u00e4ytt\u00e4ytymisongelmia. Se voi my\u00f6s auttaa sinua organisoimaan ja parantamaan teht\u00e4vi\u00e4si. T\u00e4t\u00e4 l\u00e4\u00e4kett\u00e4 k\u00e4ytet\u00e4\u00e4n my\u00f6s unih\u00e4iri\u00f6n (narkolepsia) hoitoon, jolloin voit pysy\u00e4 hereill\u00e4 koko p\u00e4iv\u00e4n. Sit\u00e4 ei tule k\u00e4ytt\u00e4\u00e4 uupumusten parantamiseen tai sellaisten ihmisten nukkumisen est\u00e4miseen, joilla ei ole unih\u00e4iri\u00f6t\u00e4, Osta Dexedrine Er -pillereit\u00e4<\/p>\n<p><strong>Toivotun vaikutuksensa lis\u00e4ksi t\u00e4m\u00e4 l\u00e4\u00e4ke voi aiheuttaa joitain vaikutuksia, erityisesti:<\/strong><\/p>\n<ul>\n<li>Se voi heikent\u00e4\u00e4 ruokahaluasi.<\/li>\n<li>Se voi aiheuttaa ripulia tai ummetusta henkil\u00f6st\u00e4 riippuen.<\/li>\n<li>Se voi aiheuttaa p\u00e4\u00e4ns\u00e4rky\u00e4<\/li>\n<li>Se voi aiheuttaa unih\u00e4iri\u00f6t tai unettomuus<\/li>\n<\/ul>\n<p><a href=\"https:\/\/gooddealersmeds.com\/fi\/product\/buy-dexedrine-er-pills-online\/\">deksedriini<\/a> Er Pillerit, kuten useimmat l\u00e4\u00e4kkeet, tulee s\u00e4ilytt\u00e4\u00e4 huoneenl\u00e4mm\u00f6ss\u00e4. Se tulee s\u00e4ilytt\u00e4\u00e4 turvallisessa paikassa poissa liiallisesta kuumuudesta, kosteudesta ja suorasta auringonpaisteesta. Varmista, ett\u00e4 kaikki j\u00e4\u00e4m\u00e4t h\u00e4vitet\u00e4\u00e4n asianmukaisesti, Osta Dexedrine Er -pillereit\u00e4<\/p>\n<p>Ota t\u00e4m\u00e4 l\u00e4\u00e4ke ruoan kanssa tai ilman, yleens\u00e4 1-3 kertaa p\u00e4iv\u00e4ss\u00e4 l\u00e4\u00e4k\u00e4risi ohjeiden mukaan. Ensimm\u00e4inen annos annetaan tavallisesti ensimm\u00e4isen\u00e4 aamulla. Jos l\u00e4\u00e4k\u00e4ri m\u00e4\u00e4r\u00e4\u00e4 enemm\u00e4n annoksia, ota ne ohjeiden mukaan, yleens\u00e4 4-6 tunnin v\u00e4lein. T\u00e4m\u00e4n l\u00e4\u00e4kkeen ottaminen my\u00f6h\u00e4\u00e4n p\u00e4iv\u00e4ll\u00e4 voi vaikeuttaa nukahtamista.<\/p>\n<p>Voit ostaa Dexedrine Er -pillereit\u00e4 (15 mg tabletteja) verkosta ilman resepti\u00e4 (ei RX) Good Dealers Meds Onlinesta.<\/p>\n","protected":false},"excerpt":{"rendered":"<p>Osta Dexedrine Er -pillereit\u00e4 verkosta ilman resepti\u00e4. Tilaa deksedriini eritt\u00e4in nopeasti ja helposti. Toimituspalvelumme toimittaa sinulle dekstroamfetamiinitilauksesi mahdollisimman lyhyess\u00e4 ajassa!<\/p>\n","protected":false},"featured_media":1949,"comment_status":"open","ping_status":"closed","template":"","meta":{"inline_featured_image":false},"product_brand":[],"product_cat":[346],"product_tag":[492,493,494,495,496,498,499,497,501,491,500],"class_list":{"0":"post-1944","1":"product","2":"type-product","3":"status-publish","4":"has-post-thumbnail","6":"product_cat-piristeit","7":"product_tag-buy-dexedrine-5mg-canada","8":"product_tag-buy-dexedrine-5mg-online","9":"product_tag-buy-dexedrine-5mg-tablets-online","10":"product_tag-buy-dexedrine-5mg-usa","11":"product_tag-buy-dexedrine-australia","12":"product_tag-dekstroamfetamiini-5mg-usa","13":"product_tag-dekstroamfetamiini-5mg-myyj","14":"product_tag-deksedriini-5mg-usa","15":"product_tag-osta-deksedriini-verkosta","16":"product_tag-osta-halpa-deksedriini","17":"product_tag-tilaa-deksedriini-verkosta","19":"first","20":"instock","21":"shipping-taxable","22":"purchasable","23":"product-type-variable","24":"has-default-attributes"},"yoast_head":"<!-- This site is optimized with the Yoast SEO Premium plugin v20.6 (Yoast SEO v27.3) - https:\/\/yoast.com\/product\/yoast-seo-premium-wordpress\/ -->\n<title>Osta Dexedrine Er -pillereit\u00e4 verkosta ilman resepti\u00e4 | Good Dealers Meds<\/title>\n<meta name=\"description\" content=\"Osta Dexedrine Er -pillereit\u00e4 verkosta ilman resepti\u00e4. Tilaa deksedriini verkosta verkkokaupastamme ja saat eritt\u00e4in nopean toimituksen maailmanlaajuisesti.\" \/>\n<meta name=\"robots\" content=\"index, follow, max-snippet:-1, max-image-preview:large, max-video-preview:-1\" \/>\n<link rel=\"canonical\" href=\"https:\/\/gooddealersmeds.com\/fi\/product\/osta-deksedriini-er-pills-verkosta\/\" \/>\n<meta property=\"og:locale\" content=\"en_US\" \/>\n<meta property=\"og:type\" content=\"article\" \/>\n<meta property=\"og:title\" content=\"Osta Dexedrine Er -pillereit\u00e4 verkosta\" \/>\n<meta property=\"og:description\" content=\"Osta Dexedrine Er -pillereit\u00e4 verkosta ilman resepti\u00e4. Tilaa deksedriini verkosta verkkokaupastamme ja saat eritt\u00e4in nopean toimituksen maailmanlaajuisesti.\" \/>\n<meta property=\"og:url\" content=\"https:\/\/gooddealersmeds.com\/fi\/product\/osta-deksedriini-er-pills-verkosta\/\" \/>\n<meta property=\"og:site_name\" content=\"Good Dealers Meds\" \/>\n<meta property=\"article:modified_time\" content=\"2023-01-22T11:09:24+00:00\" \/>\n<meta property=\"og:image\" content=\"https:\/\/gooddealersmeds.com\/fi\/wp-content\/uploads\/sites\/6\/2022\/07\/Buy-Dexedrine-Er-Pills-Online.png\" \/>\n\t<meta property=\"og:image:width\" content=\"600\" \/>\n\t<meta property=\"og:image:height\" content=\"600\" \/>\n\t<meta property=\"og:image:type\" content=\"image\/png\" \/>\n<meta name=\"twitter:card\" content=\"summary_large_image\" \/>\n<meta name=\"twitter:label1\" content=\"Est. reading time\" \/>\n\t<meta name=\"twitter:data1\" content=\"2 minutes\" \/>\n<script type=\"application\/ld+json\" class=\"yoast-schema-graph\">{\"@context\":\"https:\\\/\\\/schema.org\",\"@graph\":[{\"@type\":\"WebPage\",\"@id\":\"https:\\\/\\\/gooddealersmeds.com\\\/fi\\\/product\\\/osta-deksedriini-er-pills-verkosta\\\/\",\"url\":\"https:\\\/\\\/gooddealersmeds.com\\\/fi\\\/product\\\/osta-deksedriini-er-pills-verkosta\\\/\",\"name\":\"Osta Dexedrine Er -pillereit\u00e4 verkosta ilman resepti\u00e4 | Good Dealers Meds\",\"isPartOf\":{\"@id\":\"https:\\\/\\\/gooddealersmeds.com\\\/fi\\\/#website\"},\"primaryImageOfPage\":{\"@id\":\"https:\\\/\\\/gooddealersmeds.com\\\/fi\\\/product\\\/osta-deksedriini-er-pills-verkosta\\\/#primaryimage\"},\"image\":{\"@id\":\"https:\\\/\\\/gooddealersmeds.com\\\/fi\\\/product\\\/osta-deksedriini-er-pills-verkosta\\\/#primaryimage\"},\"thumbnailUrl\":\"https:\\\/\\\/gooddealersmeds.com\\\/fi\\\/wp-content\\\/uploads\\\/sites\\\/6\\\/2022\\\/07\\\/Buy-Dexedrine-Er-Pills-Online.png\",\"datePublished\":\"2022-07-03T12:27:49+00:00\",\"dateModified\":\"2023-01-22T11:09:24+00:00\",\"description\":\"Osta Dexedrine Er -pillereit\u00e4 verkosta ilman resepti\u00e4. Tilaa deksedriini verkosta verkkokaupastamme ja saat eritt\u00e4in nopean toimituksen maailmanlaajuisesti.\",\"breadcrumb\":{\"@id\":\"https:\\\/\\\/gooddealersmeds.com\\\/fi\\\/product\\\/osta-deksedriini-er-pills-verkosta\\\/#breadcrumb\"},\"inLanguage\":\"en-US\",\"potentialAction\":[{\"@type\":\"ReadAction\",\"target\":[\"https:\\\/\\\/gooddealersmeds.com\\\/fi\\\/product\\\/osta-deksedriini-er-pills-verkosta\\\/\"]}]},{\"@type\":\"ImageObject\",\"inLanguage\":\"en-US\",\"@id\":\"https:\\\/\\\/gooddealersmeds.com\\\/fi\\\/product\\\/osta-deksedriini-er-pills-verkosta\\\/#primaryimage\",\"url\":\"https:\\\/\\\/gooddealersmeds.com\\\/fi\\\/wp-content\\\/uploads\\\/sites\\\/6\\\/2022\\\/07\\\/Buy-Dexedrine-Er-Pills-Online.png\",\"contentUrl\":\"https:\\\/\\\/gooddealersmeds.com\\\/fi\\\/wp-content\\\/uploads\\\/sites\\\/6\\\/2022\\\/07\\\/Buy-Dexedrine-Er-Pills-Online.png\",\"width\":600,\"height\":600,\"caption\":\"Buy Dexedrine Er Pills Online\"},{\"@type\":\"BreadcrumbList\",\"@id\":\"https:\\\/\\\/gooddealersmeds.com\\\/fi\\\/product\\\/osta-deksedriini-er-pills-verkosta\\\/#breadcrumb\",\"itemListElement\":[{\"@type\":\"ListItem\",\"position\":1,\"name\":\"Home\",\"item\":\"https:\\\/\\\/gooddealersmeds.com\\\/fi\\\/\"},{\"@type\":\"ListItem\",\"position\":2,\"name\":\"Tuotteet\",\"item\":\"https:\\\/\\\/gooddealersmeds.com\\\/fi\\\/tuotteet\\\/\"},{\"@type\":\"ListItem\",\"position\":3,\"name\":\"Osta Dexedrine Er -pillereit\u00e4 verkosta\"}]},{\"@type\":\"WebSite\",\"@id\":\"https:\\\/\\\/gooddealersmeds.com\\\/fi\\\/#website\",\"url\":\"https:\\\/\\\/gooddealersmeds.com\\\/fi\\\/\",\"name\":\"Good Dealers Meds\",\"description\":\"All our best\",\"publisher\":{\"@id\":\"https:\\\/\\\/gooddealersmeds.com\\\/fi\\\/#organization\"},\"potentialAction\":[{\"@type\":\"SearchAction\",\"target\":{\"@type\":\"EntryPoint\",\"urlTemplate\":\"https:\\\/\\\/gooddealersmeds.com\\\/fi\\\/?s={search_term_string}\"},\"query-input\":{\"@type\":\"PropertyValueSpecification\",\"valueRequired\":true,\"valueName\":\"search_term_string\"}}],\"inLanguage\":\"en-US\"},{\"@type\":\"Organization\",\"@id\":\"https:\\\/\\\/gooddealersmeds.com\\\/fi\\\/#organization\",\"name\":\"Good Dealers Meds\",\"url\":\"https:\\\/\\\/gooddealersmeds.com\\\/fi\\\/\",\"logo\":{\"@type\":\"ImageObject\",\"inLanguage\":\"en-US\",\"@id\":\"https:\\\/\\\/gooddealersmeds.com\\\/fi\\\/#\\\/schema\\\/logo\\\/image\\\/\",\"url\":\"https:\\\/\\\/gooddealersmeds.com\\\/fi\\\/wp-content\\\/uploads\\\/sites\\\/6\\\/2022\\\/03\\\/gooddealersmeds__logo__20220317T222800Z.00.png\",\"contentUrl\":\"https:\\\/\\\/gooddealersmeds.com\\\/fi\\\/wp-content\\\/uploads\\\/sites\\\/6\\\/2022\\\/03\\\/gooddealersmeds__logo__20220317T222800Z.00.png\",\"width\":500,\"height\":325,\"caption\":\"Good Dealers Meds\"},\"image\":{\"@id\":\"https:\\\/\\\/gooddealersmeds.com\\\/fi\\\/#\\\/schema\\\/logo\\\/image\\\/\"}}]}<\/script>\n<!-- \/ Yoast SEO Premium plugin. -->","yoast_head_json":{"title":"Osta Dexedrine Er -pillereit\u00e4 verkosta ilman resepti\u00e4 | Good Dealers Meds","description":"Osta Dexedrine Er -pillereit\u00e4 verkosta ilman resepti\u00e4. Tilaa deksedriini verkosta verkkokaupastamme ja saat eritt\u00e4in nopean toimituksen maailmanlaajuisesti.","robots":{"index":"index","follow":"follow","max-snippet":"max-snippet:-1","max-image-preview":"max-image-preview:large","max-video-preview":"max-video-preview:-1"},"canonical":"https:\/\/gooddealersmeds.com\/fi\/product\/osta-deksedriini-er-pills-verkosta\/","og_locale":"en_US","og_type":"article","og_title":"Osta Dexedrine Er -pillereit\u00e4 verkosta","og_description":"Osta Dexedrine Er -pillereit\u00e4 verkosta ilman resepti\u00e4. Tilaa deksedriini verkosta verkkokaupastamme ja saat eritt\u00e4in nopean toimituksen maailmanlaajuisesti.","og_url":"https:\/\/gooddealersmeds.com\/fi\/product\/osta-deksedriini-er-pills-verkosta\/","og_site_name":"Good Dealers Meds","article_modified_time":"2023-01-22T11:09:24+00:00","og_image":[{"width":600,"height":600,"url":"https:\/\/gooddealersmeds.com\/fi\/wp-content\/uploads\/sites\/6\/2022\/07\/Buy-Dexedrine-Er-Pills-Online.png","type":"image\/png"}],"twitter_card":"summary_large_image","twitter_misc":{"Est. reading time":"2 minutes"},"schema":{"@context":"https:\/\/schema.org","@graph":[{"@type":"WebPage","@id":"https:\/\/gooddealersmeds.com\/fi\/product\/osta-deksedriini-er-pills-verkosta\/","url":"https:\/\/gooddealersmeds.com\/fi\/product\/osta-deksedriini-er-pills-verkosta\/","name":"Osta Dexedrine Er -pillereit\u00e4 verkosta ilman resepti\u00e4 | Good Dealers Meds","isPartOf":{"@id":"https:\/\/gooddealersmeds.com\/fi\/#website"},"primaryImageOfPage":{"@id":"https:\/\/gooddealersmeds.com\/fi\/product\/osta-deksedriini-er-pills-verkosta\/#primaryimage"},"image":{"@id":"https:\/\/gooddealersmeds.com\/fi\/product\/osta-deksedriini-er-pills-verkosta\/#primaryimage"},"thumbnailUrl":"https:\/\/gooddealersmeds.com\/fi\/wp-content\/uploads\/sites\/6\/2022\/07\/Buy-Dexedrine-Er-Pills-Online.png","datePublished":"2022-07-03T12:27:49+00:00","dateModified":"2023-01-22T11:09:24+00:00","description":"Osta Dexedrine Er -pillereit\u00e4 verkosta ilman resepti\u00e4. Tilaa deksedriini verkosta verkkokaupastamme ja saat eritt\u00e4in nopean toimituksen maailmanlaajuisesti.","breadcrumb":{"@id":"https:\/\/gooddealersmeds.com\/fi\/product\/osta-deksedriini-er-pills-verkosta\/#breadcrumb"},"inLanguage":"en-US","potentialAction":[{"@type":"ReadAction","target":["https:\/\/gooddealersmeds.com\/fi\/product\/osta-deksedriini-er-pills-verkosta\/"]}]},{"@type":"ImageObject","inLanguage":"en-US","@id":"https:\/\/gooddealersmeds.com\/fi\/product\/osta-deksedriini-er-pills-verkosta\/#primaryimage","url":"https:\/\/gooddealersmeds.com\/fi\/wp-content\/uploads\/sites\/6\/2022\/07\/Buy-Dexedrine-Er-Pills-Online.png","contentUrl":"https:\/\/gooddealersmeds.com\/fi\/wp-content\/uploads\/sites\/6\/2022\/07\/Buy-Dexedrine-Er-Pills-Online.png","width":600,"height":600,"caption":"Buy Dexedrine Er Pills Online"},{"@type":"BreadcrumbList","@id":"https:\/\/gooddealersmeds.com\/fi\/product\/osta-deksedriini-er-pills-verkosta\/#breadcrumb","itemListElement":[{"@type":"ListItem","position":1,"name":"Home","item":"https:\/\/gooddealersmeds.com\/fi\/"},{"@type":"ListItem","position":2,"name":"Tuotteet","item":"https:\/\/gooddealersmeds.com\/fi\/tuotteet\/"},{"@type":"ListItem","position":3,"name":"Osta Dexedrine Er -pillereit\u00e4 verkosta"}]},{"@type":"WebSite","@id":"https:\/\/gooddealersmeds.com\/fi\/#website","url":"https:\/\/gooddealersmeds.com\/fi\/","name":"Good Dealers Meds","description":"All our best","publisher":{"@id":"https:\/\/gooddealersmeds.com\/fi\/#organization"},"potentialAction":[{"@type":"SearchAction","target":{"@type":"EntryPoint","urlTemplate":"https:\/\/gooddealersmeds.com\/fi\/?s={search_term_string}"},"query-input":{"@type":"PropertyValueSpecification","valueRequired":true,"valueName":"search_term_string"}}],"inLanguage":"en-US"},{"@type":"Organization","@id":"https:\/\/gooddealersmeds.com\/fi\/#organization","name":"Good Dealers Meds","url":"https:\/\/gooddealersmeds.com\/fi\/","logo":{"@type":"ImageObject","inLanguage":"en-US","@id":"https:\/\/gooddealersmeds.com\/fi\/#\/schema\/logo\/image\/","url":"https:\/\/gooddealersmeds.com\/fi\/wp-content\/uploads\/sites\/6\/2022\/03\/gooddealersmeds__logo__20220317T222800Z.00.png","contentUrl":"https:\/\/gooddealersmeds.com\/fi\/wp-content\/uploads\/sites\/6\/2022\/03\/gooddealersmeds__logo__20220317T222800Z.00.png","width":500,"height":325,"caption":"Good Dealers Meds"},"image":{"@id":"https:\/\/gooddealersmeds.com\/fi\/#\/schema\/logo\/image\/"}}]}},"_links":{"self":[{"href":"https:\/\/gooddealersmeds.com\/fi\/wp-json\/wp\/v2\/product\/1944","targetHints":{"allow":["GET"]}}],"collection":[{"href":"https:\/\/gooddealersmeds.com\/fi\/wp-json\/wp\/v2\/product"}],"about":[{"href":"https:\/\/gooddealersmeds.com\/fi\/wp-json\/wp\/v2\/types\/product"}],"replies":[{"embeddable":true,"href":"https:\/\/gooddealersmeds.com\/fi\/wp-json\/wp\/v2\/comments?post=1944"}],"wp:featuredmedia":[{"embeddable":true,"href":"https:\/\/gooddealersmeds.com\/fi\/wp-json\/wp\/v2\/media\/1949"}],"wp:attachment":[{"href":"https:\/\/gooddealersmeds.com\/fi\/wp-json\/wp\/v2\/media?parent=1944"}],"wp:term":[{"taxonomy":"product_brand","embeddable":true,"href":"https:\/\/gooddealersmeds.com\/fi\/wp-json\/wp\/v2\/product_brand?post=1944"},{"taxonomy":"product_cat","embeddable":true,"href":"https:\/\/gooddealersmeds.com\/fi\/wp-json\/wp\/v2\/product_cat?post=1944"},{"taxonomy":"product_tag","embeddable":true,"href":"https:\/\/gooddealersmeds.com\/fi\/wp-json\/wp\/v2\/product_tag?post=1944"}],"curies":[{"name":"wp","href":"https:\/\/api.w.org\/{rel}","templated":true}]}}