{"id":1938,"date":"2022-07-03T12:27:31","date_gmt":"2022-07-03T12:27:31","guid":{"rendered":"https:\/\/gooddealersmeds.com\/fi\/?post_type=product&#038;p=1938"},"modified":"2023-01-22T11:25:04","modified_gmt":"2023-01-22T11:25:04","slug":"osta-deksedriini-5mg-pillerit-verkosta","status":"publish","type":"product","link":"https:\/\/gooddealersmeds.com\/fi\/product\/osta-deksedriini-5mg-pillerit-verkosta\/","title":{"rendered":"Osta Dexedrine 5 mg -pillereit\u00e4 verkosta"},"content":{"rendered":"<h2>Tilaa Dexedrine 5 mg pillereit\u00e4 verkossa myym\u00e4l\u00e4st\u00e4mme<\/h2>\n<p>Dexedrine on l\u00e4\u00e4ke, jota k\u00e4ytet\u00e4\u00e4n huomiovaje-hyperaktiivisuush\u00e4iri\u00f6n (ADHD) hoitoon. . Se on <a href=\"https:\/\/fi.wikipedia.org\/wiki\/Deksamfetamiini\">amfetamiini<\/a>, mik\u00e4 tarkoittaa, ett\u00e4 se toimii stimuloimalla keskushermostoa, Osta Dexedrine 5 mg pillereit\u00e4<\/p>\n<p>Dexedrine sis\u00e4lt\u00e4\u00e4 d-amfetamiinisuoloja ja sit\u00e4 annetaan suun kautta tai injektiona. Se voidaan ottaa ruoan kanssa tai ilman. Suositeltu annos aikuisille on 10 mg kerran vuorokaudessa, mutta jotkut ihmiset saattavat tarvita enemm\u00e4n tai v\u00e4hemm\u00e4n yksil\u00f6llisten tarpeidensa mukaan. On kuitenkin huomattava, ett\u00e4 se voi olla vaarallista, jos sit\u00e4 otetaan suurempina annoksina kuin l\u00e4\u00e4k\u00e4risi on m\u00e4\u00e4r\u00e4nnyt.<\/p>\n<p>Concerta on pillerimuodossa, ja se voidaan ottaa kerran p\u00e4iv\u00e4ss\u00e4. Sen vahvuudet vaihtelevat 5 mg:sta 60 mg:aan p\u00e4iv\u00e4ss\u00e4. Suositeltu annos riippuu i\u00e4st\u00e4 ja painosta, mutta useimmat aikuiset ottavat 15 mg p\u00e4iv\u00e4ss\u00e4 tai v\u00e4hemm\u00e4n, Osta Dexedrine 5 mg pillereit\u00e4<\/p>\n<p>&nbsp;<\/p>\n<p><strong>Miksi ostaa Dexedrine 5 mg pillereit\u00e4 verkossa?<\/strong><\/p>\n<p>Sinun kannattaa harkita reseptil\u00e4\u00e4kkeiden ostamista verkosta, jos haluat s\u00e4\u00e4st\u00e4\u00e4 niit\u00e4. Voit saada alennuksia ostaessasi verkossa, ja se on eritt\u00e4in helppoa. T\u00e4st\u00e4 syyst\u00e4:<\/p>\n<ul>\n<li>L\u00e4\u00e4kkeiden ostaminen verkosta voi laskea hintoja dramaattisesti.<\/li>\n<li>Sinulla on enemm\u00e4n vaihtoehtoja kuin koskaan, sill\u00e4 apteekit tarjoavat kaikkea geneerisist\u00e4 l\u00e4\u00e4kkeist\u00e4 tuotemerkkivaihtoehtoihin.<\/li>\n<li>Apteekki ei vaadi sinua jonottamaan pitki\u00e4 aikoja.<\/li>\n<li>Sinun ei tarvitse huolehtia huijauksen joutumisesta tai siit\u00e4, ett\u00e4 n\u00e4et jonkun tutun yritt\u00e4v\u00e4n myyd\u00e4 sinulle jotain.<\/li>\n<\/ul>\n<p>&nbsp;<\/p>\n<p><strong>Mist\u00e4 tilata Dexedrine 5 mg -pillereit\u00e4 verkosta?<\/strong><\/p>\n<p>Monet apteekit myyv\u00e4t Dexedrine 5mg -pillereit\u00e4 verkossa, mutta vain jos heill\u00e4 on p\u00e4\u00e4sy hyviin ja laadukkaisiin toimittajiin! Hyv\u00e4 uutinen on kuitenkin se, ett\u00e4 voit ostaa my\u00f6s <a href=\"https:\/\/gooddealersmeds.com\/fi\/product\/buy-dexedrine-5mg-pills-online\/\">Dexedrine 5mg -pillereit\u00e4<\/a> verkossa hyvilt\u00e4 j\u00e4lleenmyyjilt\u00e4 L\u00e4\u00e4kkeet.<\/p>\n<p>Saat kaikki tilaustasi koskevat tiedot ennen ostoprosessin jatkamista, joten sinun ei tarvitse huolehtia mist\u00e4\u00e4n!<\/p>\n","protected":false},"excerpt":{"rendered":"<p>Osta Dexedrine 5 mg -pillereit\u00e4 verkosta ilman resepti\u00e4. Tilaa deksedriini eritt\u00e4in nopeasti ja helposti. Toimituspalvelumme toimittaa sinulle dekstroamfetamiinitilauksesi mahdollisimman lyhyess\u00e4 ajassa!<\/p>\n","protected":false},"featured_media":1943,"comment_status":"open","ping_status":"closed","template":"","meta":{"inline_featured_image":false},"product_brand":[],"product_cat":[346],"product_tag":[492,493,494,495,496,498,499,497,501,491,500],"class_list":{"0":"post-1938","1":"product","2":"type-product","3":"status-publish","4":"has-post-thumbnail","6":"product_cat-piristeit","7":"product_tag-buy-dexedrine-5mg-canada","8":"product_tag-buy-dexedrine-5mg-online","9":"product_tag-buy-dexedrine-5mg-tablets-online","10":"product_tag-buy-dexedrine-5mg-usa","11":"product_tag-buy-dexedrine-australia","12":"product_tag-dekstroamfetamiini-5mg-usa","13":"product_tag-dekstroamfetamiini-5mg-myyj","14":"product_tag-deksedriini-5mg-usa","15":"product_tag-osta-deksedriini-verkosta","16":"product_tag-osta-halpa-deksedriini","17":"product_tag-tilaa-deksedriini-verkosta","19":"first","20":"instock","21":"shipping-taxable","22":"purchasable","23":"product-type-variable","24":"has-default-attributes"},"yoast_head":"<!-- This site is optimized with the Yoast SEO Premium plugin v20.6 (Yoast SEO v27.3) - https:\/\/yoast.com\/product\/yoast-seo-premium-wordpress\/ -->\n<title>Osta Dexedrine 5 mg -pillereit\u00e4 verkosta | Good Dealers Meds<\/title>\n<meta name=\"description\" content=\"Osta Dexedrine 5 mg -pillereit\u00e4 verkosta ilman resepti\u00e4. Tilaa deksedriini ja saat toimituspalvelun kotiovellesi mahdollisimman lyhyess\u00e4 ajassa!\" \/>\n<meta name=\"robots\" content=\"index, follow, max-snippet:-1, max-image-preview:large, max-video-preview:-1\" \/>\n<link rel=\"canonical\" href=\"https:\/\/gooddealersmeds.com\/fi\/product\/osta-deksedriini-5mg-pillerit-verkosta\/\" \/>\n<meta property=\"og:locale\" content=\"en_US\" \/>\n<meta property=\"og:type\" content=\"article\" \/>\n<meta property=\"og:title\" content=\"Osta Dexedrine 5 mg -pillereit\u00e4 verkosta\" \/>\n<meta property=\"og:description\" content=\"Osta Dexedrine 5 mg -pillereit\u00e4 verkosta ilman resepti\u00e4. Tilaa deksedriini ja saat toimituspalvelun kotiovellesi mahdollisimman lyhyess\u00e4 ajassa!\" \/>\n<meta property=\"og:url\" content=\"https:\/\/gooddealersmeds.com\/fi\/product\/osta-deksedriini-5mg-pillerit-verkosta\/\" \/>\n<meta property=\"og:site_name\" content=\"Good Dealers Meds\" \/>\n<meta property=\"article:modified_time\" content=\"2023-01-22T11:25:04+00:00\" \/>\n<meta property=\"og:image\" content=\"https:\/\/gooddealersmeds.com\/fi\/wp-content\/uploads\/sites\/6\/2022\/07\/Buy-Dexedrine-5mg-Pills-Online.jpg\" \/>\n\t<meta property=\"og:image:width\" content=\"600\" \/>\n\t<meta property=\"og:image:height\" content=\"600\" \/>\n\t<meta property=\"og:image:type\" content=\"image\/jpeg\" \/>\n<meta name=\"twitter:card\" content=\"summary_large_image\" \/>\n<meta name=\"twitter:label1\" content=\"Est. reading time\" \/>\n\t<meta name=\"twitter:data1\" content=\"1 minute\" \/>\n<script type=\"application\/ld+json\" class=\"yoast-schema-graph\">{\"@context\":\"https:\\\/\\\/schema.org\",\"@graph\":[{\"@type\":\"WebPage\",\"@id\":\"https:\\\/\\\/gooddealersmeds.com\\\/fi\\\/product\\\/osta-deksedriini-5mg-pillerit-verkosta\\\/\",\"url\":\"https:\\\/\\\/gooddealersmeds.com\\\/fi\\\/product\\\/osta-deksedriini-5mg-pillerit-verkosta\\\/\",\"name\":\"Osta Dexedrine 5 mg -pillereit\u00e4 verkosta | Good Dealers Meds\",\"isPartOf\":{\"@id\":\"https:\\\/\\\/gooddealersmeds.com\\\/fi\\\/#website\"},\"primaryImageOfPage\":{\"@id\":\"https:\\\/\\\/gooddealersmeds.com\\\/fi\\\/product\\\/osta-deksedriini-5mg-pillerit-verkosta\\\/#primaryimage\"},\"image\":{\"@id\":\"https:\\\/\\\/gooddealersmeds.com\\\/fi\\\/product\\\/osta-deksedriini-5mg-pillerit-verkosta\\\/#primaryimage\"},\"thumbnailUrl\":\"https:\\\/\\\/gooddealersmeds.com\\\/fi\\\/wp-content\\\/uploads\\\/sites\\\/6\\\/2022\\\/07\\\/Buy-Dexedrine-5mg-Pills-Online.jpg\",\"datePublished\":\"2022-07-03T12:27:31+00:00\",\"dateModified\":\"2023-01-22T11:25:04+00:00\",\"description\":\"Osta Dexedrine 5 mg -pillereit\u00e4 verkosta ilman resepti\u00e4. Tilaa deksedriini ja saat toimituspalvelun kotiovellesi mahdollisimman lyhyess\u00e4 ajassa!\",\"breadcrumb\":{\"@id\":\"https:\\\/\\\/gooddealersmeds.com\\\/fi\\\/product\\\/osta-deksedriini-5mg-pillerit-verkosta\\\/#breadcrumb\"},\"inLanguage\":\"en-US\",\"potentialAction\":[{\"@type\":\"ReadAction\",\"target\":[\"https:\\\/\\\/gooddealersmeds.com\\\/fi\\\/product\\\/osta-deksedriini-5mg-pillerit-verkosta\\\/\"]}]},{\"@type\":\"ImageObject\",\"inLanguage\":\"en-US\",\"@id\":\"https:\\\/\\\/gooddealersmeds.com\\\/fi\\\/product\\\/osta-deksedriini-5mg-pillerit-verkosta\\\/#primaryimage\",\"url\":\"https:\\\/\\\/gooddealersmeds.com\\\/fi\\\/wp-content\\\/uploads\\\/sites\\\/6\\\/2022\\\/07\\\/Buy-Dexedrine-5mg-Pills-Online.jpg\",\"contentUrl\":\"https:\\\/\\\/gooddealersmeds.com\\\/fi\\\/wp-content\\\/uploads\\\/sites\\\/6\\\/2022\\\/07\\\/Buy-Dexedrine-5mg-Pills-Online.jpg\",\"width\":600,\"height\":600,\"caption\":\"Buy Dexedrine 5mg Pills\"},{\"@type\":\"BreadcrumbList\",\"@id\":\"https:\\\/\\\/gooddealersmeds.com\\\/fi\\\/product\\\/osta-deksedriini-5mg-pillerit-verkosta\\\/#breadcrumb\",\"itemListElement\":[{\"@type\":\"ListItem\",\"position\":1,\"name\":\"Home\",\"item\":\"https:\\\/\\\/gooddealersmeds.com\\\/fi\\\/\"},{\"@type\":\"ListItem\",\"position\":2,\"name\":\"Tuotteet\",\"item\":\"https:\\\/\\\/gooddealersmeds.com\\\/fi\\\/tuotteet\\\/\"},{\"@type\":\"ListItem\",\"position\":3,\"name\":\"Osta Dexedrine 5 mg -pillereit\u00e4 verkosta\"}]},{\"@type\":\"WebSite\",\"@id\":\"https:\\\/\\\/gooddealersmeds.com\\\/fi\\\/#website\",\"url\":\"https:\\\/\\\/gooddealersmeds.com\\\/fi\\\/\",\"name\":\"Good Dealers Meds\",\"description\":\"All our best\",\"publisher\":{\"@id\":\"https:\\\/\\\/gooddealersmeds.com\\\/fi\\\/#organization\"},\"potentialAction\":[{\"@type\":\"SearchAction\",\"target\":{\"@type\":\"EntryPoint\",\"urlTemplate\":\"https:\\\/\\\/gooddealersmeds.com\\\/fi\\\/?s={search_term_string}\"},\"query-input\":{\"@type\":\"PropertyValueSpecification\",\"valueRequired\":true,\"valueName\":\"search_term_string\"}}],\"inLanguage\":\"en-US\"},{\"@type\":\"Organization\",\"@id\":\"https:\\\/\\\/gooddealersmeds.com\\\/fi\\\/#organization\",\"name\":\"Good Dealers Meds\",\"url\":\"https:\\\/\\\/gooddealersmeds.com\\\/fi\\\/\",\"logo\":{\"@type\":\"ImageObject\",\"inLanguage\":\"en-US\",\"@id\":\"https:\\\/\\\/gooddealersmeds.com\\\/fi\\\/#\\\/schema\\\/logo\\\/image\\\/\",\"url\":\"https:\\\/\\\/gooddealersmeds.com\\\/fi\\\/wp-content\\\/uploads\\\/sites\\\/6\\\/2022\\\/03\\\/gooddealersmeds__logo__20220317T222800Z.00.png\",\"contentUrl\":\"https:\\\/\\\/gooddealersmeds.com\\\/fi\\\/wp-content\\\/uploads\\\/sites\\\/6\\\/2022\\\/03\\\/gooddealersmeds__logo__20220317T222800Z.00.png\",\"width\":500,\"height\":325,\"caption\":\"Good Dealers Meds\"},\"image\":{\"@id\":\"https:\\\/\\\/gooddealersmeds.com\\\/fi\\\/#\\\/schema\\\/logo\\\/image\\\/\"}}]}<\/script>\n<!-- \/ Yoast SEO Premium plugin. -->","yoast_head_json":{"title":"Osta Dexedrine 5 mg -pillereit\u00e4 verkosta | Good Dealers Meds","description":"Osta Dexedrine 5 mg -pillereit\u00e4 verkosta ilman resepti\u00e4. Tilaa deksedriini ja saat toimituspalvelun kotiovellesi mahdollisimman lyhyess\u00e4 ajassa!","robots":{"index":"index","follow":"follow","max-snippet":"max-snippet:-1","max-image-preview":"max-image-preview:large","max-video-preview":"max-video-preview:-1"},"canonical":"https:\/\/gooddealersmeds.com\/fi\/product\/osta-deksedriini-5mg-pillerit-verkosta\/","og_locale":"en_US","og_type":"article","og_title":"Osta Dexedrine 5 mg -pillereit\u00e4 verkosta","og_description":"Osta Dexedrine 5 mg -pillereit\u00e4 verkosta ilman resepti\u00e4. Tilaa deksedriini ja saat toimituspalvelun kotiovellesi mahdollisimman lyhyess\u00e4 ajassa!","og_url":"https:\/\/gooddealersmeds.com\/fi\/product\/osta-deksedriini-5mg-pillerit-verkosta\/","og_site_name":"Good Dealers Meds","article_modified_time":"2023-01-22T11:25:04+00:00","og_image":[{"width":600,"height":600,"url":"https:\/\/gooddealersmeds.com\/fi\/wp-content\/uploads\/sites\/6\/2022\/07\/Buy-Dexedrine-5mg-Pills-Online.jpg","type":"image\/jpeg"}],"twitter_card":"summary_large_image","twitter_misc":{"Est. reading time":"1 minute"},"schema":{"@context":"https:\/\/schema.org","@graph":[{"@type":"WebPage","@id":"https:\/\/gooddealersmeds.com\/fi\/product\/osta-deksedriini-5mg-pillerit-verkosta\/","url":"https:\/\/gooddealersmeds.com\/fi\/product\/osta-deksedriini-5mg-pillerit-verkosta\/","name":"Osta Dexedrine 5 mg -pillereit\u00e4 verkosta | Good Dealers Meds","isPartOf":{"@id":"https:\/\/gooddealersmeds.com\/fi\/#website"},"primaryImageOfPage":{"@id":"https:\/\/gooddealersmeds.com\/fi\/product\/osta-deksedriini-5mg-pillerit-verkosta\/#primaryimage"},"image":{"@id":"https:\/\/gooddealersmeds.com\/fi\/product\/osta-deksedriini-5mg-pillerit-verkosta\/#primaryimage"},"thumbnailUrl":"https:\/\/gooddealersmeds.com\/fi\/wp-content\/uploads\/sites\/6\/2022\/07\/Buy-Dexedrine-5mg-Pills-Online.jpg","datePublished":"2022-07-03T12:27:31+00:00","dateModified":"2023-01-22T11:25:04+00:00","description":"Osta Dexedrine 5 mg -pillereit\u00e4 verkosta ilman resepti\u00e4. Tilaa deksedriini ja saat toimituspalvelun kotiovellesi mahdollisimman lyhyess\u00e4 ajassa!","breadcrumb":{"@id":"https:\/\/gooddealersmeds.com\/fi\/product\/osta-deksedriini-5mg-pillerit-verkosta\/#breadcrumb"},"inLanguage":"en-US","potentialAction":[{"@type":"ReadAction","target":["https:\/\/gooddealersmeds.com\/fi\/product\/osta-deksedriini-5mg-pillerit-verkosta\/"]}]},{"@type":"ImageObject","inLanguage":"en-US","@id":"https:\/\/gooddealersmeds.com\/fi\/product\/osta-deksedriini-5mg-pillerit-verkosta\/#primaryimage","url":"https:\/\/gooddealersmeds.com\/fi\/wp-content\/uploads\/sites\/6\/2022\/07\/Buy-Dexedrine-5mg-Pills-Online.jpg","contentUrl":"https:\/\/gooddealersmeds.com\/fi\/wp-content\/uploads\/sites\/6\/2022\/07\/Buy-Dexedrine-5mg-Pills-Online.jpg","width":600,"height":600,"caption":"Buy Dexedrine 5mg Pills"},{"@type":"BreadcrumbList","@id":"https:\/\/gooddealersmeds.com\/fi\/product\/osta-deksedriini-5mg-pillerit-verkosta\/#breadcrumb","itemListElement":[{"@type":"ListItem","position":1,"name":"Home","item":"https:\/\/gooddealersmeds.com\/fi\/"},{"@type":"ListItem","position":2,"name":"Tuotteet","item":"https:\/\/gooddealersmeds.com\/fi\/tuotteet\/"},{"@type":"ListItem","position":3,"name":"Osta Dexedrine 5 mg -pillereit\u00e4 verkosta"}]},{"@type":"WebSite","@id":"https:\/\/gooddealersmeds.com\/fi\/#website","url":"https:\/\/gooddealersmeds.com\/fi\/","name":"Good Dealers Meds","description":"All our best","publisher":{"@id":"https:\/\/gooddealersmeds.com\/fi\/#organization"},"potentialAction":[{"@type":"SearchAction","target":{"@type":"EntryPoint","urlTemplate":"https:\/\/gooddealersmeds.com\/fi\/?s={search_term_string}"},"query-input":{"@type":"PropertyValueSpecification","valueRequired":true,"valueName":"search_term_string"}}],"inLanguage":"en-US"},{"@type":"Organization","@id":"https:\/\/gooddealersmeds.com\/fi\/#organization","name":"Good Dealers Meds","url":"https:\/\/gooddealersmeds.com\/fi\/","logo":{"@type":"ImageObject","inLanguage":"en-US","@id":"https:\/\/gooddealersmeds.com\/fi\/#\/schema\/logo\/image\/","url":"https:\/\/gooddealersmeds.com\/fi\/wp-content\/uploads\/sites\/6\/2022\/03\/gooddealersmeds__logo__20220317T222800Z.00.png","contentUrl":"https:\/\/gooddealersmeds.com\/fi\/wp-content\/uploads\/sites\/6\/2022\/03\/gooddealersmeds__logo__20220317T222800Z.00.png","width":500,"height":325,"caption":"Good Dealers Meds"},"image":{"@id":"https:\/\/gooddealersmeds.com\/fi\/#\/schema\/logo\/image\/"}}]}},"_links":{"self":[{"href":"https:\/\/gooddealersmeds.com\/fi\/wp-json\/wp\/v2\/product\/1938","targetHints":{"allow":["GET"]}}],"collection":[{"href":"https:\/\/gooddealersmeds.com\/fi\/wp-json\/wp\/v2\/product"}],"about":[{"href":"https:\/\/gooddealersmeds.com\/fi\/wp-json\/wp\/v2\/types\/product"}],"replies":[{"embeddable":true,"href":"https:\/\/gooddealersmeds.com\/fi\/wp-json\/wp\/v2\/comments?post=1938"}],"wp:featuredmedia":[{"embeddable":true,"href":"https:\/\/gooddealersmeds.com\/fi\/wp-json\/wp\/v2\/media\/1943"}],"wp:attachment":[{"href":"https:\/\/gooddealersmeds.com\/fi\/wp-json\/wp\/v2\/media?parent=1938"}],"wp:term":[{"taxonomy":"product_brand","embeddable":true,"href":"https:\/\/gooddealersmeds.com\/fi\/wp-json\/wp\/v2\/product_brand?post=1938"},{"taxonomy":"product_cat","embeddable":true,"href":"https:\/\/gooddealersmeds.com\/fi\/wp-json\/wp\/v2\/product_cat?post=1938"},{"taxonomy":"product_tag","embeddable":true,"href":"https:\/\/gooddealersmeds.com\/fi\/wp-json\/wp\/v2\/product_tag?post=1938"}],"curies":[{"name":"wp","href":"https:\/\/api.w.org\/{rel}","templated":true}]}}