{"id":1932,"date":"2022-07-03T12:18:16","date_gmt":"2022-07-03T12:18:16","guid":{"rendered":"https:\/\/gooddealersmeds.com\/fi\/?post_type=product&#038;p=1932"},"modified":"2023-01-22T11:39:56","modified_gmt":"2023-01-22T11:39:56","slug":"4-fea-laakkeet","status":"publish","type":"product","link":"https:\/\/gooddealersmeds.com\/fi\/product\/4-fea-laakkeet\/","title":{"rendered":"Osta 4-FEA-l\u00e4\u00e4kkeit\u00e4 verkosta"},"content":{"rendered":"<h2>Osta 4-FEA-l\u00e4\u00e4kkeit\u00e4 verkosta<\/h2>\n<p>Kortikosteroidit ovat l\u00e4\u00e4keryhm\u00e4, jota on k\u00e4ytetty vuosia kaikenlaisten sairauksien, mukaan lukien astman ja allergisten reaktioiden, hoitoon. Niit\u00e4 k\u00e4ytet\u00e4\u00e4n my\u00f6s kaksisuuntaisen mielialah\u00e4iri\u00f6n ja muiden mielenterveyssairauksien hoitoon, Osta 4-FEA verkosta<\/p>\n<p>Mutta nyt on saatavilla uuden sukupolven kortikosteroideja \u2013 ja se on turvallisempaa kuin koskaan! T\u00e4m\u00e4 uudempi sukupolvi on saatavilla <a href=\"https:\/\/gooddealersmeds.com\/fi\/product\/4-fea-drugs\/\">4-FEA-l\u00e4\u00e4kkeiden<\/a> muodossa. N\u00e4m\u00e4 l\u00e4\u00e4kkeet on suunniteltu helpottamaan kehoasi kuin muut perinteiset kortikosteroidit, joten voit k\u00e4ytt\u00e4\u00e4 niit\u00e4 huolettamatta sivuvaikutuksista.<\/p>\n<p>Mietitk\u00f6: &#8220;Kuinka 4-FEA-l\u00e4\u00e4kkeet toimivat?&#8221;<\/p>\n<p>4-FEA-l\u00e4\u00e4kkeet v\u00e4hent\u00e4v\u00e4t tulehdusta kehossasi. Ne my\u00f6s v\u00e4hent\u00e4v\u00e4t turvotusta ja auttavat immuunij\u00e4rjestelm\u00e4\u00e4si torjumaan infektioita. Koska niill\u00e4 ei ole samoja sivuvaikutuksia kuin muilla l\u00e4\u00e4kehoitovaihtoehdoilla, ne sopivat t\u00e4ydellisesti ihmisille, jotka haluavat jotain, joka toimii nopeasti aiheuttamatta kipua tai ep\u00e4mukavuutta.<\/p>\n<p>&nbsp;<\/p>\n<p><strong>Miksi tilata 4-FEA-l\u00e4\u00e4kkeit\u00e4 verkosta?<\/strong><\/p>\n<p>4-FEA-l\u00e4\u00e4kkeiden ostamiseen verkosta ei liity riskej\u00e4, joita voi olla silloin, kun ostat osta ne henkil\u00f6kohtaisesti.<\/p>\n<p>4-FEA-l\u00e4\u00e4kkeiden ostaminen verkosta voi olla halvempaa kuin niiden ostaminen toimistosta tai apteekista. Kun ostat 4-FEA-l\u00e4\u00e4kkeiden hintoja, muista vertailla eri verkkosivustoja ja katsoa, \u200b\u200bmit\u00e4 niill\u00e4 on tarjota.<\/p>\n<p>Kun ostat 4-FEA-l\u00e4\u00e4kkeit\u00e4 verkosta, voit k\u00e4ytt\u00e4\u00e4 kaikkia l\u00e4\u00e4kkeit\u00e4si kerralla. Varsinkin jos sinulla on vaikeuksia muistaa reseptisi m\u00e4\u00e4r\u00e4aikaa, sinun ei en\u00e4\u00e4 tarvitse k\u00e4yd\u00e4 useissa apteekeissa saadaksesi l\u00e4\u00e4kkeesi.<\/p>\n<p>&nbsp;<\/p>\n<p><strong>Mist\u00e4 ostaa 4 -FEA Drugs Online?<\/strong><\/p>\n<p>Voit ostaa 4-FEA-l\u00e4\u00e4kkeit\u00e4 verkosta Good Dealers Meds edulliseen hintaan. Tarjoamme sinulle parhaat hinnat ostoksesi tekemiseen ja huolehdimme kaikesta, mit\u00e4 haluaisit l\u00e4\u00e4kkeen ostaessasi verkossa: esimerkiksi laadusta, mukavuudesta ja yksityisyydest\u00e4.<\/p>\n","protected":false},"excerpt":{"rendered":"<p>Osta 4-FEA-l\u00e4\u00e4kkeit\u00e4 verkosta on metamfetamiiniin ja 4-fluoriamfetamiiniin liittyv\u00e4 pirist\u00e4v\u00e4 huume. Sit\u00e4 on raportoitu myyt\u00e4v\u00e4n design-huumeena, mutta sen farmakologiaan tai toksikologiaan tiedet\u00e4\u00e4n vain v\u00e4h\u00e4n.<\/p>\n","protected":false},"featured_media":1937,"comment_status":"open","ping_status":"closed","template":"","meta":{"inline_featured_image":false},"product_brand":[],"product_cat":[344],"product_tag":[],"class_list":{"0":"post-1932","1":"product","2":"type-product","3":"status-publish","4":"has-post-thumbnail","6":"product_cat-tutkimuskemikaalit","8":"first","9":"instock","10":"shipping-taxable","11":"purchasable","12":"product-type-variable","13":"has-default-attributes"},"yoast_head":"<!-- This site is optimized with the Yoast SEO Premium plugin v20.6 (Yoast SEO v27.3) - https:\/\/yoast.com\/product\/yoast-seo-premium-wordpress\/ -->\n<title>Osta 4-FEA verkosta | Tilaa laatu 4-FEA |Good Dealers Meds<\/title>\n<meta name=\"description\" content=\"Osta 4-FEA verkosta on stimulantti, joka liittyy Good Dealers Medsin metamfetamiiniin ja 4-fluoriamfetamiiniin. 4-FEA l\u00e4\u00e4kkeit\u00e4 myyt\u00e4v\u00e4n\u00e4\" \/>\n<meta name=\"robots\" content=\"index, follow, max-snippet:-1, max-image-preview:large, max-video-preview:-1\" \/>\n<link rel=\"canonical\" href=\"https:\/\/gooddealersmeds.com\/fi\/product\/4-fea-laakkeet\/\" \/>\n<meta property=\"og:locale\" content=\"en_US\" \/>\n<meta property=\"og:type\" content=\"article\" \/>\n<meta property=\"og:title\" content=\"Osta 4-FEA-l\u00e4\u00e4kkeit\u00e4 verkosta\" \/>\n<meta property=\"og:description\" content=\"Osta 4-FEA verkosta on stimulantti, joka liittyy Good Dealers Medsin metamfetamiiniin ja 4-fluoriamfetamiiniin. 4-FEA l\u00e4\u00e4kkeit\u00e4 myyt\u00e4v\u00e4n\u00e4\" \/>\n<meta property=\"og:url\" content=\"https:\/\/gooddealersmeds.com\/fi\/product\/4-fea-laakkeet\/\" \/>\n<meta property=\"og:site_name\" content=\"Good Dealers Meds\" \/>\n<meta property=\"article:modified_time\" content=\"2023-01-22T11:39:56+00:00\" \/>\n<meta property=\"og:image\" content=\"https:\/\/gooddealersmeds.com\/fi\/wp-content\/uploads\/sites\/6\/2022\/07\/4-FEA-Drugs.jpg\" \/>\n\t<meta property=\"og:image:width\" content=\"600\" \/>\n\t<meta property=\"og:image:height\" content=\"600\" \/>\n\t<meta property=\"og:image:type\" content=\"image\/jpeg\" \/>\n<meta name=\"twitter:card\" content=\"summary_large_image\" \/>\n<meta name=\"twitter:label1\" content=\"Est. reading time\" \/>\n\t<meta name=\"twitter:data1\" content=\"1 minute\" \/>\n<script type=\"application\/ld+json\" class=\"yoast-schema-graph\">{\"@context\":\"https:\\\/\\\/schema.org\",\"@graph\":[{\"@type\":\"WebPage\",\"@id\":\"https:\\\/\\\/gooddealersmeds.com\\\/fi\\\/product\\\/4-fea-laakkeet\\\/\",\"url\":\"https:\\\/\\\/gooddealersmeds.com\\\/fi\\\/product\\\/4-fea-laakkeet\\\/\",\"name\":\"Osta 4-FEA verkosta | Tilaa laatu 4-FEA |Good Dealers Meds\",\"isPartOf\":{\"@id\":\"https:\\\/\\\/gooddealersmeds.com\\\/fi\\\/#website\"},\"primaryImageOfPage\":{\"@id\":\"https:\\\/\\\/gooddealersmeds.com\\\/fi\\\/product\\\/4-fea-laakkeet\\\/#primaryimage\"},\"image\":{\"@id\":\"https:\\\/\\\/gooddealersmeds.com\\\/fi\\\/product\\\/4-fea-laakkeet\\\/#primaryimage\"},\"thumbnailUrl\":\"https:\\\/\\\/gooddealersmeds.com\\\/fi\\\/wp-content\\\/uploads\\\/sites\\\/6\\\/2022\\\/07\\\/4-FEA-Drugs.jpg\",\"datePublished\":\"2022-07-03T12:18:16+00:00\",\"dateModified\":\"2023-01-22T11:39:56+00:00\",\"description\":\"Osta 4-FEA verkosta on stimulantti, joka liittyy Good Dealers Medsin metamfetamiiniin ja 4-fluoriamfetamiiniin. 4-FEA l\u00e4\u00e4kkeit\u00e4 myyt\u00e4v\u00e4n\u00e4\",\"breadcrumb\":{\"@id\":\"https:\\\/\\\/gooddealersmeds.com\\\/fi\\\/product\\\/4-fea-laakkeet\\\/#breadcrumb\"},\"inLanguage\":\"en-US\",\"potentialAction\":[{\"@type\":\"ReadAction\",\"target\":[\"https:\\\/\\\/gooddealersmeds.com\\\/fi\\\/product\\\/4-fea-laakkeet\\\/\"]}]},{\"@type\":\"ImageObject\",\"inLanguage\":\"en-US\",\"@id\":\"https:\\\/\\\/gooddealersmeds.com\\\/fi\\\/product\\\/4-fea-laakkeet\\\/#primaryimage\",\"url\":\"https:\\\/\\\/gooddealersmeds.com\\\/fi\\\/wp-content\\\/uploads\\\/sites\\\/6\\\/2022\\\/07\\\/4-FEA-Drugs.jpg\",\"contentUrl\":\"https:\\\/\\\/gooddealersmeds.com\\\/fi\\\/wp-content\\\/uploads\\\/sites\\\/6\\\/2022\\\/07\\\/4-FEA-Drugs.jpg\",\"width\":600,\"height\":600,\"caption\":\"4-FEA Drugs\"},{\"@type\":\"BreadcrumbList\",\"@id\":\"https:\\\/\\\/gooddealersmeds.com\\\/fi\\\/product\\\/4-fea-laakkeet\\\/#breadcrumb\",\"itemListElement\":[{\"@type\":\"ListItem\",\"position\":1,\"name\":\"Home\",\"item\":\"https:\\\/\\\/gooddealersmeds.com\\\/fi\\\/\"},{\"@type\":\"ListItem\",\"position\":2,\"name\":\"Tuotteet\",\"item\":\"https:\\\/\\\/gooddealersmeds.com\\\/fi\\\/tuotteet\\\/\"},{\"@type\":\"ListItem\",\"position\":3,\"name\":\"Osta 4-FEA-l\u00e4\u00e4kkeit\u00e4 verkosta\"}]},{\"@type\":\"WebSite\",\"@id\":\"https:\\\/\\\/gooddealersmeds.com\\\/fi\\\/#website\",\"url\":\"https:\\\/\\\/gooddealersmeds.com\\\/fi\\\/\",\"name\":\"Good Dealers Meds\",\"description\":\"All our best\",\"publisher\":{\"@id\":\"https:\\\/\\\/gooddealersmeds.com\\\/fi\\\/#organization\"},\"potentialAction\":[{\"@type\":\"SearchAction\",\"target\":{\"@type\":\"EntryPoint\",\"urlTemplate\":\"https:\\\/\\\/gooddealersmeds.com\\\/fi\\\/?s={search_term_string}\"},\"query-input\":{\"@type\":\"PropertyValueSpecification\",\"valueRequired\":true,\"valueName\":\"search_term_string\"}}],\"inLanguage\":\"en-US\"},{\"@type\":\"Organization\",\"@id\":\"https:\\\/\\\/gooddealersmeds.com\\\/fi\\\/#organization\",\"name\":\"Good Dealers Meds\",\"url\":\"https:\\\/\\\/gooddealersmeds.com\\\/fi\\\/\",\"logo\":{\"@type\":\"ImageObject\",\"inLanguage\":\"en-US\",\"@id\":\"https:\\\/\\\/gooddealersmeds.com\\\/fi\\\/#\\\/schema\\\/logo\\\/image\\\/\",\"url\":\"https:\\\/\\\/gooddealersmeds.com\\\/fi\\\/wp-content\\\/uploads\\\/sites\\\/6\\\/2022\\\/03\\\/gooddealersmeds__logo__20220317T222800Z.00.png\",\"contentUrl\":\"https:\\\/\\\/gooddealersmeds.com\\\/fi\\\/wp-content\\\/uploads\\\/sites\\\/6\\\/2022\\\/03\\\/gooddealersmeds__logo__20220317T222800Z.00.png\",\"width\":500,\"height\":325,\"caption\":\"Good Dealers Meds\"},\"image\":{\"@id\":\"https:\\\/\\\/gooddealersmeds.com\\\/fi\\\/#\\\/schema\\\/logo\\\/image\\\/\"}}]}<\/script>\n<!-- \/ Yoast SEO Premium plugin. -->","yoast_head_json":{"title":"Osta 4-FEA verkosta | Tilaa laatu 4-FEA |Good Dealers Meds","description":"Osta 4-FEA verkosta on stimulantti, joka liittyy Good Dealers Medsin metamfetamiiniin ja 4-fluoriamfetamiiniin. 4-FEA l\u00e4\u00e4kkeit\u00e4 myyt\u00e4v\u00e4n\u00e4","robots":{"index":"index","follow":"follow","max-snippet":"max-snippet:-1","max-image-preview":"max-image-preview:large","max-video-preview":"max-video-preview:-1"},"canonical":"https:\/\/gooddealersmeds.com\/fi\/product\/4-fea-laakkeet\/","og_locale":"en_US","og_type":"article","og_title":"Osta 4-FEA-l\u00e4\u00e4kkeit\u00e4 verkosta","og_description":"Osta 4-FEA verkosta on stimulantti, joka liittyy Good Dealers Medsin metamfetamiiniin ja 4-fluoriamfetamiiniin. 4-FEA l\u00e4\u00e4kkeit\u00e4 myyt\u00e4v\u00e4n\u00e4","og_url":"https:\/\/gooddealersmeds.com\/fi\/product\/4-fea-laakkeet\/","og_site_name":"Good Dealers Meds","article_modified_time":"2023-01-22T11:39:56+00:00","og_image":[{"width":600,"height":600,"url":"https:\/\/gooddealersmeds.com\/fi\/wp-content\/uploads\/sites\/6\/2022\/07\/4-FEA-Drugs.jpg","type":"image\/jpeg"}],"twitter_card":"summary_large_image","twitter_misc":{"Est. reading time":"1 minute"},"schema":{"@context":"https:\/\/schema.org","@graph":[{"@type":"WebPage","@id":"https:\/\/gooddealersmeds.com\/fi\/product\/4-fea-laakkeet\/","url":"https:\/\/gooddealersmeds.com\/fi\/product\/4-fea-laakkeet\/","name":"Osta 4-FEA verkosta | Tilaa laatu 4-FEA |Good Dealers Meds","isPartOf":{"@id":"https:\/\/gooddealersmeds.com\/fi\/#website"},"primaryImageOfPage":{"@id":"https:\/\/gooddealersmeds.com\/fi\/product\/4-fea-laakkeet\/#primaryimage"},"image":{"@id":"https:\/\/gooddealersmeds.com\/fi\/product\/4-fea-laakkeet\/#primaryimage"},"thumbnailUrl":"https:\/\/gooddealersmeds.com\/fi\/wp-content\/uploads\/sites\/6\/2022\/07\/4-FEA-Drugs.jpg","datePublished":"2022-07-03T12:18:16+00:00","dateModified":"2023-01-22T11:39:56+00:00","description":"Osta 4-FEA verkosta on stimulantti, joka liittyy Good Dealers Medsin metamfetamiiniin ja 4-fluoriamfetamiiniin. 4-FEA l\u00e4\u00e4kkeit\u00e4 myyt\u00e4v\u00e4n\u00e4","breadcrumb":{"@id":"https:\/\/gooddealersmeds.com\/fi\/product\/4-fea-laakkeet\/#breadcrumb"},"inLanguage":"en-US","potentialAction":[{"@type":"ReadAction","target":["https:\/\/gooddealersmeds.com\/fi\/product\/4-fea-laakkeet\/"]}]},{"@type":"ImageObject","inLanguage":"en-US","@id":"https:\/\/gooddealersmeds.com\/fi\/product\/4-fea-laakkeet\/#primaryimage","url":"https:\/\/gooddealersmeds.com\/fi\/wp-content\/uploads\/sites\/6\/2022\/07\/4-FEA-Drugs.jpg","contentUrl":"https:\/\/gooddealersmeds.com\/fi\/wp-content\/uploads\/sites\/6\/2022\/07\/4-FEA-Drugs.jpg","width":600,"height":600,"caption":"4-FEA Drugs"},{"@type":"BreadcrumbList","@id":"https:\/\/gooddealersmeds.com\/fi\/product\/4-fea-laakkeet\/#breadcrumb","itemListElement":[{"@type":"ListItem","position":1,"name":"Home","item":"https:\/\/gooddealersmeds.com\/fi\/"},{"@type":"ListItem","position":2,"name":"Tuotteet","item":"https:\/\/gooddealersmeds.com\/fi\/tuotteet\/"},{"@type":"ListItem","position":3,"name":"Osta 4-FEA-l\u00e4\u00e4kkeit\u00e4 verkosta"}]},{"@type":"WebSite","@id":"https:\/\/gooddealersmeds.com\/fi\/#website","url":"https:\/\/gooddealersmeds.com\/fi\/","name":"Good Dealers Meds","description":"All our best","publisher":{"@id":"https:\/\/gooddealersmeds.com\/fi\/#organization"},"potentialAction":[{"@type":"SearchAction","target":{"@type":"EntryPoint","urlTemplate":"https:\/\/gooddealersmeds.com\/fi\/?s={search_term_string}"},"query-input":{"@type":"PropertyValueSpecification","valueRequired":true,"valueName":"search_term_string"}}],"inLanguage":"en-US"},{"@type":"Organization","@id":"https:\/\/gooddealersmeds.com\/fi\/#organization","name":"Good Dealers Meds","url":"https:\/\/gooddealersmeds.com\/fi\/","logo":{"@type":"ImageObject","inLanguage":"en-US","@id":"https:\/\/gooddealersmeds.com\/fi\/#\/schema\/logo\/image\/","url":"https:\/\/gooddealersmeds.com\/fi\/wp-content\/uploads\/sites\/6\/2022\/03\/gooddealersmeds__logo__20220317T222800Z.00.png","contentUrl":"https:\/\/gooddealersmeds.com\/fi\/wp-content\/uploads\/sites\/6\/2022\/03\/gooddealersmeds__logo__20220317T222800Z.00.png","width":500,"height":325,"caption":"Good Dealers Meds"},"image":{"@id":"https:\/\/gooddealersmeds.com\/fi\/#\/schema\/logo\/image\/"}}]}},"_links":{"self":[{"href":"https:\/\/gooddealersmeds.com\/fi\/wp-json\/wp\/v2\/product\/1932","targetHints":{"allow":["GET"]}}],"collection":[{"href":"https:\/\/gooddealersmeds.com\/fi\/wp-json\/wp\/v2\/product"}],"about":[{"href":"https:\/\/gooddealersmeds.com\/fi\/wp-json\/wp\/v2\/types\/product"}],"replies":[{"embeddable":true,"href":"https:\/\/gooddealersmeds.com\/fi\/wp-json\/wp\/v2\/comments?post=1932"}],"wp:featuredmedia":[{"embeddable":true,"href":"https:\/\/gooddealersmeds.com\/fi\/wp-json\/wp\/v2\/media\/1937"}],"wp:attachment":[{"href":"https:\/\/gooddealersmeds.com\/fi\/wp-json\/wp\/v2\/media?parent=1932"}],"wp:term":[{"taxonomy":"product_brand","embeddable":true,"href":"https:\/\/gooddealersmeds.com\/fi\/wp-json\/wp\/v2\/product_brand?post=1932"},{"taxonomy":"product_cat","embeddable":true,"href":"https:\/\/gooddealersmeds.com\/fi\/wp-json\/wp\/v2\/product_cat?post=1932"},{"taxonomy":"product_tag","embeddable":true,"href":"https:\/\/gooddealersmeds.com\/fi\/wp-json\/wp\/v2\/product_tag?post=1932"}],"curies":[{"name":"wp","href":"https:\/\/api.w.org\/{rel}","templated":true}]}}