{"id":1925,"date":"2022-07-03T12:14:01","date_gmt":"2022-07-03T12:14:01","guid":{"rendered":"https:\/\/gooddealersmeds.com\/fi\/?post_type=product&#038;p=1925"},"modified":"2023-01-22T12:10:53","modified_gmt":"2023-01-22T12:10:53","slug":"2-okso-pce-laakkeet","status":"publish","type":"product","link":"https:\/\/gooddealersmeds.com\/fi\/product\/2-okso-pce-laakkeet\/","title":{"rendered":"Tilaa 2 Oxo Pce -l\u00e4\u00e4kett\u00e4"},"content":{"rendered":"<h2><strong>Osta 2 Oxo Pce -l\u00e4\u00e4kett\u00e4 verkosta<\/strong><\/h2>\n<p>Oxo Pce -l\u00e4\u00e4kkeet ovat er\u00e4\u00e4nlainen l\u00e4\u00e4ke, jota voidaan k\u00e4ytt\u00e4\u00e4 matalan verensokerin hoitoon. Ne toimivat auttamalla haimaa valmistamaan hormoneja insuliinia ja glukagonia, jotka auttavat pit\u00e4m\u00e4\u00e4n verensokeritasosi vakaina, Osta 2 Oxo Pce -l\u00e4\u00e4kett\u00e4<\/p>\n<p>Toisin kuin useimmat muut tulehduskipul\u00e4\u00e4kkeet, Oxo-Pce vaikuttaa useampaan kuin yhden tyyppiseen tulehdukseen. Se auttaa nivelreumassa, nivelrikkossa ja muissa tulehduksellisissa sairauksissa, kuten psoriaasissa ja kihdiss\u00e4.<\/p>\n<p>L\u00e4\u00e4kkeen on my\u00f6s osoitettu v\u00e4hent\u00e4v\u00e4n tehokkaasti nivelrikkon ja nivelreuman (RA) aiheuttamaa aamuj\u00e4ykkyytt\u00e4. T\u00e4m\u00e4 auttaa ihmisi\u00e4 nousemaan yl\u00f6s ja toimimaan normaalisti koko p\u00e4iv\u00e4n ilman, ett\u00e4 heid\u00e4n tarvitsee huolehtia j\u00e4ykist\u00e4 nivelist\u00e4, jotka vaikeuttavat liikkumista tai perusteht\u00e4vien suorittamista, kuten s\u00e4ngyst\u00e4 nousemista joka aamu.<\/p>\n<p>&nbsp;<\/p>\n<p><strong>Miksi ostaa 2 Oxo Pce -l\u00e4\u00e4kett\u00e4 verkosta?<\/strong><\/p>\n<p>T\u00e4rkeimm\u00e4t syyt ostaa 2 Oxo Pce -l\u00e4\u00e4kett\u00e4 verkosta voivat olla kolme:<\/p>\n<ul>\n<li>Mukavuus<\/li>\n<li>Tietosuoja<\/li>\n<li>Laatu<\/li>\n<\/ul>\n<p>Jos haluat nauttia kaikkien n\u00e4iden kolmen komponentin parhaasta yhdistelm\u00e4st\u00e4 ostoksessasi, sinun on ostettava verkossa .<\/p>\n<p><strong>Paras paikka tilata 2 Oxo Pce -l\u00e4\u00e4kett\u00e4 verkosta<\/strong><\/p>\n<p><a href=\"https:\/\/gooddealersmeds.com\/fi\/product\/2-oxo-pce-drugs\/\">Good Dealers Meds<\/a> on paras paikka myyd\u00e4 2 Oxo Pce -l\u00e4\u00e4kett\u00e4 verkossa. Myymme laajan valikoiman erilaisia \u200b\u200bl\u00e4\u00e4kkeit\u00e4, mukaan lukien 2 Oxo Pce -l\u00e4\u00e4kett\u00e4, joten l\u00f6yd\u00e4t varmasti tarvitsemasi. Jos etsit helppoa tapaa hoitaa niveltulehdusoireita kuluttamatta k\u00e4tt\u00e4 ja jalkaa kuukausittain reseptil\u00e4\u00e4kkeisiin, 2 Oxo Pce -l\u00e4\u00e4kett\u00e4 saattaa olla sinulle oikea!<\/p>\n<p>Toisin kuin muilla dissosiatiivisilla anestesiaaineilla, O-PCE:ll\u00e4 n\u00e4ytt\u00e4\u00e4 olevan voimakkaammat stimuloivat vaikutukset (kuten nopea syke ja kohonnut verenpaine).<br \/>\nK\u00e4ytt\u00e4jien mukaan kokemuksen ensimm\u00e4inen puolisko on silloin, kun pirist\u00e4v\u00e4 vaikutus on voimakkain. Toisella puoliskolla dissosiatiiviset vaikutukset &#8211; kuten muistinmenetys ja liikkumattomuus &#8211; ovat n\u00e4kyvimm\u00e4t.<\/p>\n","protected":false},"excerpt":{"rendered":"<p>Osta 2\u2032-OXO-PCE-l\u00e4\u00e4kkeit\u00e4 verkossa on korkealaatuisia tutkimuskemikaaleja. Voit ostaa 2\u2032-Oxo-PCE:t\u00e4 (Eticyclidone, O-PCE) verkosta tukkuhintaan luottamustoimittajalta Virgin Health Pharmacy.<\/p>\n","protected":false},"featured_media":1931,"comment_status":"open","ping_status":"closed","template":"","meta":{"inline_featured_image":false},"product_brand":[],"product_cat":[344],"product_tag":[],"class_list":{"0":"post-1925","1":"product","2":"type-product","3":"status-publish","4":"has-post-thumbnail","6":"product_cat-tutkimuskemikaalit","8":"first","9":"instock","10":"shipping-taxable","11":"purchasable","12":"product-type-variable","13":"has-default-attributes"},"yoast_head":"<!-- This site is optimized with the Yoast SEO Premium plugin v20.6 (Yoast SEO v27.4) - https:\/\/yoast.com\/product\/yoast-seo-premium-wordpress\/ -->\n<title>Osta 2 Oxo Pce -l\u00e4\u00e4kett\u00e4 verkosta | Good Dealers Meds<\/title>\n<meta name=\"description\" content=\"Osta 2 Oxo Pce -l\u00e4\u00e4kett\u00e4 verkosta (tunnetaan my\u00f6s nimell\u00e4 Eticyclidone) tukkuhintaan luotettavilta toimittajilta, joiden puhtausaste on korkein.\" \/>\n<meta name=\"robots\" content=\"index, follow, max-snippet:-1, max-image-preview:large, max-video-preview:-1\" \/>\n<link rel=\"canonical\" href=\"https:\/\/gooddealersmeds.com\/fi\/product\/2-okso-pce-laakkeet\/\" \/>\n<meta property=\"og:locale\" content=\"en_US\" \/>\n<meta property=\"og:type\" content=\"article\" \/>\n<meta property=\"og:title\" content=\"Tilaa 2 Oxo Pce -l\u00e4\u00e4kett\u00e4\" \/>\n<meta property=\"og:description\" content=\"Osta 2 Oxo Pce -l\u00e4\u00e4kett\u00e4 verkosta (tunnetaan my\u00f6s nimell\u00e4 Eticyclidone) tukkuhintaan luotettavilta toimittajilta, joiden puhtausaste on korkein.\" \/>\n<meta property=\"og:url\" content=\"https:\/\/gooddealersmeds.com\/fi\/product\/2-okso-pce-laakkeet\/\" \/>\n<meta property=\"og:site_name\" content=\"Good Dealers Meds\" \/>\n<meta property=\"article:modified_time\" content=\"2023-01-22T12:10:53+00:00\" \/>\n<meta property=\"og:image\" content=\"https:\/\/gooddealersmeds.com\/fi\/wp-content\/uploads\/sites\/6\/2022\/07\/2-Oxo-Pce-Drugs.jpg\" \/>\n\t<meta property=\"og:image:width\" content=\"600\" \/>\n\t<meta property=\"og:image:height\" content=\"600\" \/>\n\t<meta property=\"og:image:type\" content=\"image\/jpeg\" \/>\n<meta name=\"twitter:card\" content=\"summary_large_image\" \/>\n<meta name=\"twitter:label1\" content=\"Est. reading time\" \/>\n\t<meta name=\"twitter:data1\" content=\"1 minute\" \/>\n<script type=\"application\/ld+json\" class=\"yoast-schema-graph\">{\"@context\":\"https:\\\/\\\/schema.org\",\"@graph\":[{\"@type\":\"WebPage\",\"@id\":\"https:\\\/\\\/gooddealersmeds.com\\\/fi\\\/product\\\/2-okso-pce-laakkeet\\\/\",\"url\":\"https:\\\/\\\/gooddealersmeds.com\\\/fi\\\/product\\\/2-okso-pce-laakkeet\\\/\",\"name\":\"Osta 2 Oxo Pce -l\u00e4\u00e4kett\u00e4 verkosta | Good Dealers Meds\",\"isPartOf\":{\"@id\":\"https:\\\/\\\/gooddealersmeds.com\\\/fi\\\/#website\"},\"primaryImageOfPage\":{\"@id\":\"https:\\\/\\\/gooddealersmeds.com\\\/fi\\\/product\\\/2-okso-pce-laakkeet\\\/#primaryimage\"},\"image\":{\"@id\":\"https:\\\/\\\/gooddealersmeds.com\\\/fi\\\/product\\\/2-okso-pce-laakkeet\\\/#primaryimage\"},\"thumbnailUrl\":\"https:\\\/\\\/gooddealersmeds.com\\\/fi\\\/wp-content\\\/uploads\\\/sites\\\/6\\\/2022\\\/07\\\/2-Oxo-Pce-Drugs.jpg\",\"datePublished\":\"2022-07-03T12:14:01+00:00\",\"dateModified\":\"2023-01-22T12:10:53+00:00\",\"description\":\"Osta 2 Oxo Pce -l\u00e4\u00e4kett\u00e4 verkosta (tunnetaan my\u00f6s nimell\u00e4 Eticyclidone) tukkuhintaan luotettavilta toimittajilta, joiden puhtausaste on korkein.\",\"breadcrumb\":{\"@id\":\"https:\\\/\\\/gooddealersmeds.com\\\/fi\\\/product\\\/2-okso-pce-laakkeet\\\/#breadcrumb\"},\"inLanguage\":\"en-US\",\"potentialAction\":[{\"@type\":\"ReadAction\",\"target\":[\"https:\\\/\\\/gooddealersmeds.com\\\/fi\\\/product\\\/2-okso-pce-laakkeet\\\/\"]}]},{\"@type\":\"ImageObject\",\"inLanguage\":\"en-US\",\"@id\":\"https:\\\/\\\/gooddealersmeds.com\\\/fi\\\/product\\\/2-okso-pce-laakkeet\\\/#primaryimage\",\"url\":\"https:\\\/\\\/gooddealersmeds.com\\\/fi\\\/wp-content\\\/uploads\\\/sites\\\/6\\\/2022\\\/07\\\/2-Oxo-Pce-Drugs.jpg\",\"contentUrl\":\"https:\\\/\\\/gooddealersmeds.com\\\/fi\\\/wp-content\\\/uploads\\\/sites\\\/6\\\/2022\\\/07\\\/2-Oxo-Pce-Drugs.jpg\",\"width\":600,\"height\":600,\"caption\":\"Buy 2 Oxo Pce Drugs Online\"},{\"@type\":\"BreadcrumbList\",\"@id\":\"https:\\\/\\\/gooddealersmeds.com\\\/fi\\\/product\\\/2-okso-pce-laakkeet\\\/#breadcrumb\",\"itemListElement\":[{\"@type\":\"ListItem\",\"position\":1,\"name\":\"Home\",\"item\":\"https:\\\/\\\/gooddealersmeds.com\\\/fi\\\/\"},{\"@type\":\"ListItem\",\"position\":2,\"name\":\"Tuotteet\",\"item\":\"https:\\\/\\\/gooddealersmeds.com\\\/fi\\\/tuotteet\\\/\"},{\"@type\":\"ListItem\",\"position\":3,\"name\":\"Tilaa 2 Oxo Pce -l\u00e4\u00e4kett\u00e4\"}]},{\"@type\":\"WebSite\",\"@id\":\"https:\\\/\\\/gooddealersmeds.com\\\/fi\\\/#website\",\"url\":\"https:\\\/\\\/gooddealersmeds.com\\\/fi\\\/\",\"name\":\"Good Dealers Meds\",\"description\":\"All our best\",\"publisher\":{\"@id\":\"https:\\\/\\\/gooddealersmeds.com\\\/fi\\\/#organization\"},\"potentialAction\":[{\"@type\":\"SearchAction\",\"target\":{\"@type\":\"EntryPoint\",\"urlTemplate\":\"https:\\\/\\\/gooddealersmeds.com\\\/fi\\\/?s={search_term_string}\"},\"query-input\":{\"@type\":\"PropertyValueSpecification\",\"valueRequired\":true,\"valueName\":\"search_term_string\"}}],\"inLanguage\":\"en-US\"},{\"@type\":\"Organization\",\"@id\":\"https:\\\/\\\/gooddealersmeds.com\\\/fi\\\/#organization\",\"name\":\"Good Dealers Meds\",\"url\":\"https:\\\/\\\/gooddealersmeds.com\\\/fi\\\/\",\"logo\":{\"@type\":\"ImageObject\",\"inLanguage\":\"en-US\",\"@id\":\"https:\\\/\\\/gooddealersmeds.com\\\/fi\\\/#\\\/schema\\\/logo\\\/image\\\/\",\"url\":\"https:\\\/\\\/gooddealersmeds.com\\\/fi\\\/wp-content\\\/uploads\\\/sites\\\/6\\\/2022\\\/03\\\/gooddealersmeds__logo__20220317T222800Z.00.png\",\"contentUrl\":\"https:\\\/\\\/gooddealersmeds.com\\\/fi\\\/wp-content\\\/uploads\\\/sites\\\/6\\\/2022\\\/03\\\/gooddealersmeds__logo__20220317T222800Z.00.png\",\"width\":500,\"height\":325,\"caption\":\"Good Dealers Meds\"},\"image\":{\"@id\":\"https:\\\/\\\/gooddealersmeds.com\\\/fi\\\/#\\\/schema\\\/logo\\\/image\\\/\"}}]}<\/script>\n<!-- \/ Yoast SEO Premium plugin. -->","yoast_head_json":{"title":"Osta 2 Oxo Pce -l\u00e4\u00e4kett\u00e4 verkosta | Good Dealers Meds","description":"Osta 2 Oxo Pce -l\u00e4\u00e4kett\u00e4 verkosta (tunnetaan my\u00f6s nimell\u00e4 Eticyclidone) tukkuhintaan luotettavilta toimittajilta, joiden puhtausaste on korkein.","robots":{"index":"index","follow":"follow","max-snippet":"max-snippet:-1","max-image-preview":"max-image-preview:large","max-video-preview":"max-video-preview:-1"},"canonical":"https:\/\/gooddealersmeds.com\/fi\/product\/2-okso-pce-laakkeet\/","og_locale":"en_US","og_type":"article","og_title":"Tilaa 2 Oxo Pce -l\u00e4\u00e4kett\u00e4","og_description":"Osta 2 Oxo Pce -l\u00e4\u00e4kett\u00e4 verkosta (tunnetaan my\u00f6s nimell\u00e4 Eticyclidone) tukkuhintaan luotettavilta toimittajilta, joiden puhtausaste on korkein.","og_url":"https:\/\/gooddealersmeds.com\/fi\/product\/2-okso-pce-laakkeet\/","og_site_name":"Good Dealers Meds","article_modified_time":"2023-01-22T12:10:53+00:00","og_image":[{"width":600,"height":600,"url":"https:\/\/gooddealersmeds.com\/fi\/wp-content\/uploads\/sites\/6\/2022\/07\/2-Oxo-Pce-Drugs.jpg","type":"image\/jpeg"}],"twitter_card":"summary_large_image","twitter_misc":{"Est. reading time":"1 minute"},"schema":{"@context":"https:\/\/schema.org","@graph":[{"@type":"WebPage","@id":"https:\/\/gooddealersmeds.com\/fi\/product\/2-okso-pce-laakkeet\/","url":"https:\/\/gooddealersmeds.com\/fi\/product\/2-okso-pce-laakkeet\/","name":"Osta 2 Oxo Pce -l\u00e4\u00e4kett\u00e4 verkosta | Good Dealers Meds","isPartOf":{"@id":"https:\/\/gooddealersmeds.com\/fi\/#website"},"primaryImageOfPage":{"@id":"https:\/\/gooddealersmeds.com\/fi\/product\/2-okso-pce-laakkeet\/#primaryimage"},"image":{"@id":"https:\/\/gooddealersmeds.com\/fi\/product\/2-okso-pce-laakkeet\/#primaryimage"},"thumbnailUrl":"https:\/\/gooddealersmeds.com\/fi\/wp-content\/uploads\/sites\/6\/2022\/07\/2-Oxo-Pce-Drugs.jpg","datePublished":"2022-07-03T12:14:01+00:00","dateModified":"2023-01-22T12:10:53+00:00","description":"Osta 2 Oxo Pce -l\u00e4\u00e4kett\u00e4 verkosta (tunnetaan my\u00f6s nimell\u00e4 Eticyclidone) tukkuhintaan luotettavilta toimittajilta, joiden puhtausaste on korkein.","breadcrumb":{"@id":"https:\/\/gooddealersmeds.com\/fi\/product\/2-okso-pce-laakkeet\/#breadcrumb"},"inLanguage":"en-US","potentialAction":[{"@type":"ReadAction","target":["https:\/\/gooddealersmeds.com\/fi\/product\/2-okso-pce-laakkeet\/"]}]},{"@type":"ImageObject","inLanguage":"en-US","@id":"https:\/\/gooddealersmeds.com\/fi\/product\/2-okso-pce-laakkeet\/#primaryimage","url":"https:\/\/gooddealersmeds.com\/fi\/wp-content\/uploads\/sites\/6\/2022\/07\/2-Oxo-Pce-Drugs.jpg","contentUrl":"https:\/\/gooddealersmeds.com\/fi\/wp-content\/uploads\/sites\/6\/2022\/07\/2-Oxo-Pce-Drugs.jpg","width":600,"height":600,"caption":"Buy 2 Oxo Pce Drugs Online"},{"@type":"BreadcrumbList","@id":"https:\/\/gooddealersmeds.com\/fi\/product\/2-okso-pce-laakkeet\/#breadcrumb","itemListElement":[{"@type":"ListItem","position":1,"name":"Home","item":"https:\/\/gooddealersmeds.com\/fi\/"},{"@type":"ListItem","position":2,"name":"Tuotteet","item":"https:\/\/gooddealersmeds.com\/fi\/tuotteet\/"},{"@type":"ListItem","position":3,"name":"Tilaa 2 Oxo Pce -l\u00e4\u00e4kett\u00e4"}]},{"@type":"WebSite","@id":"https:\/\/gooddealersmeds.com\/fi\/#website","url":"https:\/\/gooddealersmeds.com\/fi\/","name":"Good Dealers Meds","description":"All our best","publisher":{"@id":"https:\/\/gooddealersmeds.com\/fi\/#organization"},"potentialAction":[{"@type":"SearchAction","target":{"@type":"EntryPoint","urlTemplate":"https:\/\/gooddealersmeds.com\/fi\/?s={search_term_string}"},"query-input":{"@type":"PropertyValueSpecification","valueRequired":true,"valueName":"search_term_string"}}],"inLanguage":"en-US"},{"@type":"Organization","@id":"https:\/\/gooddealersmeds.com\/fi\/#organization","name":"Good Dealers Meds","url":"https:\/\/gooddealersmeds.com\/fi\/","logo":{"@type":"ImageObject","inLanguage":"en-US","@id":"https:\/\/gooddealersmeds.com\/fi\/#\/schema\/logo\/image\/","url":"https:\/\/gooddealersmeds.com\/fi\/wp-content\/uploads\/sites\/6\/2022\/03\/gooddealersmeds__logo__20220317T222800Z.00.png","contentUrl":"https:\/\/gooddealersmeds.com\/fi\/wp-content\/uploads\/sites\/6\/2022\/03\/gooddealersmeds__logo__20220317T222800Z.00.png","width":500,"height":325,"caption":"Good Dealers Meds"},"image":{"@id":"https:\/\/gooddealersmeds.com\/fi\/#\/schema\/logo\/image\/"}}]}},"_links":{"self":[{"href":"https:\/\/gooddealersmeds.com\/fi\/wp-json\/wp\/v2\/product\/1925","targetHints":{"allow":["GET"]}}],"collection":[{"href":"https:\/\/gooddealersmeds.com\/fi\/wp-json\/wp\/v2\/product"}],"about":[{"href":"https:\/\/gooddealersmeds.com\/fi\/wp-json\/wp\/v2\/types\/product"}],"replies":[{"embeddable":true,"href":"https:\/\/gooddealersmeds.com\/fi\/wp-json\/wp\/v2\/comments?post=1925"}],"wp:featuredmedia":[{"embeddable":true,"href":"https:\/\/gooddealersmeds.com\/fi\/wp-json\/wp\/v2\/media\/1931"}],"wp:attachment":[{"href":"https:\/\/gooddealersmeds.com\/fi\/wp-json\/wp\/v2\/media?parent=1925"}],"wp:term":[{"taxonomy":"product_brand","embeddable":true,"href":"https:\/\/gooddealersmeds.com\/fi\/wp-json\/wp\/v2\/product_brand?post=1925"},{"taxonomy":"product_cat","embeddable":true,"href":"https:\/\/gooddealersmeds.com\/fi\/wp-json\/wp\/v2\/product_cat?post=1925"},{"taxonomy":"product_tag","embeddable":true,"href":"https:\/\/gooddealersmeds.com\/fi\/wp-json\/wp\/v2\/product_tag?post=1925"}],"curies":[{"name":"wp","href":"https:\/\/api.w.org\/{rel}","templated":true}]}}