{"id":1918,"date":"2022-07-03T12:09:15","date_gmt":"2022-07-03T12:09:15","guid":{"rendered":"https:\/\/gooddealersmeds.com\/fi\/?post_type=product&#038;p=1918"},"modified":"2023-01-22T12:46:01","modified_gmt":"2023-01-22T12:46:01","slug":"2-a1mp-laake","status":"publish","type":"product","link":"https:\/\/gooddealersmeds.com\/fi\/product\/2-a1mp-laake\/","title":{"rendered":"2- A1MP huume myyt\u00e4v\u00e4n\u00e4"},"content":{"rendered":"<h2>Osta 2-A1MP l\u00e4\u00e4ke verkosta<\/h2>\n<p>Olet ehk\u00e4 kuullut 2-A1MP:st\u00e4 aiemmin, mutta mik\u00e4 se on? Se on FDA:n hyv\u00e4ksym\u00e4 l\u00e4\u00e4ke, jota k\u00e4ytet\u00e4\u00e4n tyypin 2 diabeteksen hoitoon. Se toimii alentamalla verensokeritasoja \u2013 ja se on todistettu turvalliseksi ja tehokkaaksi kliinisiss\u00e4 tutkimuksissa. Osta 2-A1MP l\u00e4\u00e4ke verkosta<\/p>\n<p>2-A1MP Drug Online on l\u00e4\u00e4ke, jota voidaan k\u00e4ytt\u00e4\u00e4 rintasy\u00f6v\u00e4n hoitoon. L\u00e4\u00e4ke v\u00e4hent\u00e4\u00e4 rintasy\u00f6v\u00e4n uusiutumisen riski\u00e4 ja parantaa sen etenemist\u00e4. Se toimii est\u00e4m\u00e4ll\u00e4 estrogeenireseptoreita ja est\u00e4m\u00e4ll\u00e4 estrogeenin vaikutuksen kehon kudoksiin. L\u00e4\u00e4ke auttaa my\u00f6s v\u00e4hent\u00e4m\u00e4\u00e4n tulehdusta ja est\u00e4m\u00e4\u00e4n sy\u00f6p\u00e4solujen levi\u00e4mist\u00e4.<\/p>\n<p>&nbsp;<\/p>\n<p><strong>Miksi tilata 2-A1MP-l\u00e4\u00e4kkeit\u00e4 verkosta?<\/strong><\/p>\n<p>Jos etsit tuotetta, jonka FDA on hyv\u00e4ksynyt ja joka hoitaa sairauttasi tehokkaasti, sinun kannattaa harkita <a href=\"https:\/\/gooddealersmeds.com\/fi\/product\/2-a1mp-laake\/\">2-A1MP Drug<\/a> Onlinen ostamista. T\u00e4m\u00e4 l\u00e4\u00e4kitys voi auttaa sinua saavuttamaan paremman verensokerin hallinnan ja pienent\u00e4m\u00e4\u00e4n diabeteksen aiheuttamien komplikaatioiden riski\u00e4. Sill\u00e4 on my\u00f6s v\u00e4h\u00e4isi\u00e4 sivuvaikutuksia kuin muilla markkinoilla olevilla l\u00e4\u00e4kkeill\u00e4.<\/p>\n<p><strong>\u00a0<\/strong><\/p>\n<p><strong>Mik\u00e4 on paras paikka ostaa 2-A1MP-l\u00e4\u00e4ke verkosta?<\/strong><\/p>\n<p>Voit ostaa\u00a0 2-A1MP Drug Onlinesta monista eri paikoista. Voit ostaa sen l\u00e4\u00e4k\u00e4rilt\u00e4si tai apteekista, kuten CVS Health tai Walgreens. Jos t\u00e4m\u00e4 ei ole sinulle vaihtoehto, suosittelemme k\u00e4ytt\u00e4m\u00e4\u00e4n verkkoapteekkia, kuten Good Dealers Meds.<\/p>\n<p>Paras paikka ostaa t\u00e4m\u00e4 l\u00e4\u00e4ke on verkossa osoitteessa Good Dealers Meds, koska niit\u00e4 on saatavilla halvemmalla laadukkaiden tuotteiden ja palveluiden kera. 2-A1MP:n (5-metoksimetyloni) psykedeelisi\u00e4 vaikutuksia on raportoitu. Tiedet\u00e4\u00e4n, ett\u00e4 fenetyyliamiinirakenteilla, joissa on metoksiryhm\u00e4t asemassa 5, on suurempi affiniteetti 5HT2-reseptoreihin. T\u00e4m\u00e4 sis\u00e4lt\u00e4\u00e4 my\u00f6s 2-aseman ja 4-aseman (jonka on puolet metyleenidioksisillasta). Se on luultavasti serotonerginen l\u00e4\u00e4ke, jolla on liev\u00e4 psykedeelinen vaikutus, Voit ostaa Research Chemicals -tuotteita kide-, jauhe- ja nestemuodossa.<\/p>\n","protected":false},"excerpt":{"rendered":"<p>Osta 2-A1MP-l\u00e4\u00e4ke verkosta on katinoniluokan kemiallinen yhdiste, jota on myyty verkossa design-huumeeksi. Se on 5-Methoxy-MDMA:n beeta-ketoniversio.<\/p>\n","protected":false},"featured_media":1924,"comment_status":"open","ping_status":"closed","template":"","meta":{"inline_featured_image":false},"product_brand":[],"product_cat":[344],"product_tag":[],"class_list":{"0":"post-1918","1":"product","2":"type-product","3":"status-publish","4":"has-post-thumbnail","6":"product_cat-tutkimuskemikaalit","8":"first","9":"instock","10":"shipping-taxable","11":"purchasable","12":"product-type-variable","13":"has-default-attributes"},"yoast_head":"<!-- This site is optimized with the Yoast SEO Premium plugin v20.6 (Yoast SEO v27.4) - https:\/\/yoast.com\/product\/yoast-seo-premium-wordpress\/ -->\n<title>Osta 2-A1MP l\u00e4\u00e4ke verkosta | Tilaa 2-A1MP verkosta | Good Dealers Meds<\/title>\n<meta name=\"description\" content=\"Osta 2-A1MP-l\u00e4\u00e4ke (tunnetaan yleisesti nimell\u00e4 5-metoksimetyylioni) verkosta tukkuhintaan luotettavilta toimittajilta, joilla on korkein puhtausaste.\" \/>\n<meta name=\"robots\" content=\"index, follow, max-snippet:-1, max-image-preview:large, max-video-preview:-1\" \/>\n<link rel=\"canonical\" href=\"https:\/\/gooddealersmeds.com\/fi\/product\/2-a1mp-laake\/\" \/>\n<meta property=\"og:locale\" content=\"en_US\" \/>\n<meta property=\"og:type\" content=\"article\" \/>\n<meta property=\"og:title\" content=\"2- A1MP huume myyt\u00e4v\u00e4n\u00e4\" \/>\n<meta property=\"og:description\" content=\"Osta 2-A1MP-l\u00e4\u00e4ke (tunnetaan yleisesti nimell\u00e4 5-metoksimetyylioni) verkosta tukkuhintaan luotettavilta toimittajilta, joilla on korkein puhtausaste.\" \/>\n<meta property=\"og:url\" content=\"https:\/\/gooddealersmeds.com\/fi\/product\/2-a1mp-laake\/\" \/>\n<meta property=\"og:site_name\" content=\"Good Dealers Meds\" \/>\n<meta property=\"article:modified_time\" content=\"2023-01-22T12:46:01+00:00\" \/>\n<meta property=\"og:image\" content=\"https:\/\/gooddealersmeds.com\/fi\/wp-content\/uploads\/sites\/6\/2022\/07\/Buy-2-A1MP-drug-online.jpg\" \/>\n\t<meta property=\"og:image:width\" content=\"600\" \/>\n\t<meta property=\"og:image:height\" content=\"600\" \/>\n\t<meta property=\"og:image:type\" content=\"image\/jpeg\" \/>\n<meta name=\"twitter:card\" content=\"summary_large_image\" \/>\n<meta name=\"twitter:label1\" content=\"Est. reading time\" \/>\n\t<meta name=\"twitter:data1\" content=\"2 minutes\" \/>\n<script type=\"application\/ld+json\" class=\"yoast-schema-graph\">{\"@context\":\"https:\\\/\\\/schema.org\",\"@graph\":[{\"@type\":\"WebPage\",\"@id\":\"https:\\\/\\\/gooddealersmeds.com\\\/fi\\\/product\\\/2-a1mp-laake\\\/\",\"url\":\"https:\\\/\\\/gooddealersmeds.com\\\/fi\\\/product\\\/2-a1mp-laake\\\/\",\"name\":\"Osta 2-A1MP l\u00e4\u00e4ke verkosta | Tilaa 2-A1MP verkosta | Good Dealers Meds\",\"isPartOf\":{\"@id\":\"https:\\\/\\\/gooddealersmeds.com\\\/fi\\\/#website\"},\"primaryImageOfPage\":{\"@id\":\"https:\\\/\\\/gooddealersmeds.com\\\/fi\\\/product\\\/2-a1mp-laake\\\/#primaryimage\"},\"image\":{\"@id\":\"https:\\\/\\\/gooddealersmeds.com\\\/fi\\\/product\\\/2-a1mp-laake\\\/#primaryimage\"},\"thumbnailUrl\":\"https:\\\/\\\/gooddealersmeds.com\\\/fi\\\/wp-content\\\/uploads\\\/sites\\\/6\\\/2022\\\/07\\\/Buy-2-A1MP-drug-online.jpg\",\"datePublished\":\"2022-07-03T12:09:15+00:00\",\"dateModified\":\"2023-01-22T12:46:01+00:00\",\"description\":\"Osta 2-A1MP-l\u00e4\u00e4ke (tunnetaan yleisesti nimell\u00e4 5-metoksimetyylioni) verkosta tukkuhintaan luotettavilta toimittajilta, joilla on korkein puhtausaste.\",\"breadcrumb\":{\"@id\":\"https:\\\/\\\/gooddealersmeds.com\\\/fi\\\/product\\\/2-a1mp-laake\\\/#breadcrumb\"},\"inLanguage\":\"en-US\",\"potentialAction\":[{\"@type\":\"ReadAction\",\"target\":[\"https:\\\/\\\/gooddealersmeds.com\\\/fi\\\/product\\\/2-a1mp-laake\\\/\"]}]},{\"@type\":\"ImageObject\",\"inLanguage\":\"en-US\",\"@id\":\"https:\\\/\\\/gooddealersmeds.com\\\/fi\\\/product\\\/2-a1mp-laake\\\/#primaryimage\",\"url\":\"https:\\\/\\\/gooddealersmeds.com\\\/fi\\\/wp-content\\\/uploads\\\/sites\\\/6\\\/2022\\\/07\\\/Buy-2-A1MP-drug-online.jpg\",\"contentUrl\":\"https:\\\/\\\/gooddealersmeds.com\\\/fi\\\/wp-content\\\/uploads\\\/sites\\\/6\\\/2022\\\/07\\\/Buy-2-A1MP-drug-online.jpg\",\"width\":600,\"height\":600,\"caption\":\"Buy 2-A1MP drug online\"},{\"@type\":\"BreadcrumbList\",\"@id\":\"https:\\\/\\\/gooddealersmeds.com\\\/fi\\\/product\\\/2-a1mp-laake\\\/#breadcrumb\",\"itemListElement\":[{\"@type\":\"ListItem\",\"position\":1,\"name\":\"Home\",\"item\":\"https:\\\/\\\/gooddealersmeds.com\\\/fi\\\/\"},{\"@type\":\"ListItem\",\"position\":2,\"name\":\"Tuotteet\",\"item\":\"https:\\\/\\\/gooddealersmeds.com\\\/fi\\\/tuotteet\\\/\"},{\"@type\":\"ListItem\",\"position\":3,\"name\":\"2- A1MP huume myyt\u00e4v\u00e4n\u00e4\"}]},{\"@type\":\"WebSite\",\"@id\":\"https:\\\/\\\/gooddealersmeds.com\\\/fi\\\/#website\",\"url\":\"https:\\\/\\\/gooddealersmeds.com\\\/fi\\\/\",\"name\":\"Good Dealers Meds\",\"description\":\"All our best\",\"publisher\":{\"@id\":\"https:\\\/\\\/gooddealersmeds.com\\\/fi\\\/#organization\"},\"potentialAction\":[{\"@type\":\"SearchAction\",\"target\":{\"@type\":\"EntryPoint\",\"urlTemplate\":\"https:\\\/\\\/gooddealersmeds.com\\\/fi\\\/?s={search_term_string}\"},\"query-input\":{\"@type\":\"PropertyValueSpecification\",\"valueRequired\":true,\"valueName\":\"search_term_string\"}}],\"inLanguage\":\"en-US\"},{\"@type\":\"Organization\",\"@id\":\"https:\\\/\\\/gooddealersmeds.com\\\/fi\\\/#organization\",\"name\":\"Good Dealers Meds\",\"url\":\"https:\\\/\\\/gooddealersmeds.com\\\/fi\\\/\",\"logo\":{\"@type\":\"ImageObject\",\"inLanguage\":\"en-US\",\"@id\":\"https:\\\/\\\/gooddealersmeds.com\\\/fi\\\/#\\\/schema\\\/logo\\\/image\\\/\",\"url\":\"https:\\\/\\\/gooddealersmeds.com\\\/fi\\\/wp-content\\\/uploads\\\/sites\\\/6\\\/2022\\\/03\\\/gooddealersmeds__logo__20220317T222800Z.00.png\",\"contentUrl\":\"https:\\\/\\\/gooddealersmeds.com\\\/fi\\\/wp-content\\\/uploads\\\/sites\\\/6\\\/2022\\\/03\\\/gooddealersmeds__logo__20220317T222800Z.00.png\",\"width\":500,\"height\":325,\"caption\":\"Good Dealers Meds\"},\"image\":{\"@id\":\"https:\\\/\\\/gooddealersmeds.com\\\/fi\\\/#\\\/schema\\\/logo\\\/image\\\/\"}}]}<\/script>\n<!-- \/ Yoast SEO Premium plugin. -->","yoast_head_json":{"title":"Osta 2-A1MP l\u00e4\u00e4ke verkosta | Tilaa 2-A1MP verkosta | Good Dealers Meds","description":"Osta 2-A1MP-l\u00e4\u00e4ke (tunnetaan yleisesti nimell\u00e4 5-metoksimetyylioni) verkosta tukkuhintaan luotettavilta toimittajilta, joilla on korkein puhtausaste.","robots":{"index":"index","follow":"follow","max-snippet":"max-snippet:-1","max-image-preview":"max-image-preview:large","max-video-preview":"max-video-preview:-1"},"canonical":"https:\/\/gooddealersmeds.com\/fi\/product\/2-a1mp-laake\/","og_locale":"en_US","og_type":"article","og_title":"2- A1MP huume myyt\u00e4v\u00e4n\u00e4","og_description":"Osta 2-A1MP-l\u00e4\u00e4ke (tunnetaan yleisesti nimell\u00e4 5-metoksimetyylioni) verkosta tukkuhintaan luotettavilta toimittajilta, joilla on korkein puhtausaste.","og_url":"https:\/\/gooddealersmeds.com\/fi\/product\/2-a1mp-laake\/","og_site_name":"Good Dealers Meds","article_modified_time":"2023-01-22T12:46:01+00:00","og_image":[{"width":600,"height":600,"url":"https:\/\/gooddealersmeds.com\/fi\/wp-content\/uploads\/sites\/6\/2022\/07\/Buy-2-A1MP-drug-online.jpg","type":"image\/jpeg"}],"twitter_card":"summary_large_image","twitter_misc":{"Est. reading time":"2 minutes"},"schema":{"@context":"https:\/\/schema.org","@graph":[{"@type":"WebPage","@id":"https:\/\/gooddealersmeds.com\/fi\/product\/2-a1mp-laake\/","url":"https:\/\/gooddealersmeds.com\/fi\/product\/2-a1mp-laake\/","name":"Osta 2-A1MP l\u00e4\u00e4ke verkosta | Tilaa 2-A1MP verkosta | Good Dealers Meds","isPartOf":{"@id":"https:\/\/gooddealersmeds.com\/fi\/#website"},"primaryImageOfPage":{"@id":"https:\/\/gooddealersmeds.com\/fi\/product\/2-a1mp-laake\/#primaryimage"},"image":{"@id":"https:\/\/gooddealersmeds.com\/fi\/product\/2-a1mp-laake\/#primaryimage"},"thumbnailUrl":"https:\/\/gooddealersmeds.com\/fi\/wp-content\/uploads\/sites\/6\/2022\/07\/Buy-2-A1MP-drug-online.jpg","datePublished":"2022-07-03T12:09:15+00:00","dateModified":"2023-01-22T12:46:01+00:00","description":"Osta 2-A1MP-l\u00e4\u00e4ke (tunnetaan yleisesti nimell\u00e4 5-metoksimetyylioni) verkosta tukkuhintaan luotettavilta toimittajilta, joilla on korkein puhtausaste.","breadcrumb":{"@id":"https:\/\/gooddealersmeds.com\/fi\/product\/2-a1mp-laake\/#breadcrumb"},"inLanguage":"en-US","potentialAction":[{"@type":"ReadAction","target":["https:\/\/gooddealersmeds.com\/fi\/product\/2-a1mp-laake\/"]}]},{"@type":"ImageObject","inLanguage":"en-US","@id":"https:\/\/gooddealersmeds.com\/fi\/product\/2-a1mp-laake\/#primaryimage","url":"https:\/\/gooddealersmeds.com\/fi\/wp-content\/uploads\/sites\/6\/2022\/07\/Buy-2-A1MP-drug-online.jpg","contentUrl":"https:\/\/gooddealersmeds.com\/fi\/wp-content\/uploads\/sites\/6\/2022\/07\/Buy-2-A1MP-drug-online.jpg","width":600,"height":600,"caption":"Buy 2-A1MP drug online"},{"@type":"BreadcrumbList","@id":"https:\/\/gooddealersmeds.com\/fi\/product\/2-a1mp-laake\/#breadcrumb","itemListElement":[{"@type":"ListItem","position":1,"name":"Home","item":"https:\/\/gooddealersmeds.com\/fi\/"},{"@type":"ListItem","position":2,"name":"Tuotteet","item":"https:\/\/gooddealersmeds.com\/fi\/tuotteet\/"},{"@type":"ListItem","position":3,"name":"2- A1MP huume myyt\u00e4v\u00e4n\u00e4"}]},{"@type":"WebSite","@id":"https:\/\/gooddealersmeds.com\/fi\/#website","url":"https:\/\/gooddealersmeds.com\/fi\/","name":"Good Dealers Meds","description":"All our best","publisher":{"@id":"https:\/\/gooddealersmeds.com\/fi\/#organization"},"potentialAction":[{"@type":"SearchAction","target":{"@type":"EntryPoint","urlTemplate":"https:\/\/gooddealersmeds.com\/fi\/?s={search_term_string}"},"query-input":{"@type":"PropertyValueSpecification","valueRequired":true,"valueName":"search_term_string"}}],"inLanguage":"en-US"},{"@type":"Organization","@id":"https:\/\/gooddealersmeds.com\/fi\/#organization","name":"Good Dealers Meds","url":"https:\/\/gooddealersmeds.com\/fi\/","logo":{"@type":"ImageObject","inLanguage":"en-US","@id":"https:\/\/gooddealersmeds.com\/fi\/#\/schema\/logo\/image\/","url":"https:\/\/gooddealersmeds.com\/fi\/wp-content\/uploads\/sites\/6\/2022\/03\/gooddealersmeds__logo__20220317T222800Z.00.png","contentUrl":"https:\/\/gooddealersmeds.com\/fi\/wp-content\/uploads\/sites\/6\/2022\/03\/gooddealersmeds__logo__20220317T222800Z.00.png","width":500,"height":325,"caption":"Good Dealers Meds"},"image":{"@id":"https:\/\/gooddealersmeds.com\/fi\/#\/schema\/logo\/image\/"}}]}},"_links":{"self":[{"href":"https:\/\/gooddealersmeds.com\/fi\/wp-json\/wp\/v2\/product\/1918","targetHints":{"allow":["GET"]}}],"collection":[{"href":"https:\/\/gooddealersmeds.com\/fi\/wp-json\/wp\/v2\/product"}],"about":[{"href":"https:\/\/gooddealersmeds.com\/fi\/wp-json\/wp\/v2\/types\/product"}],"replies":[{"embeddable":true,"href":"https:\/\/gooddealersmeds.com\/fi\/wp-json\/wp\/v2\/comments?post=1918"}],"wp:featuredmedia":[{"embeddable":true,"href":"https:\/\/gooddealersmeds.com\/fi\/wp-json\/wp\/v2\/media\/1924"}],"wp:attachment":[{"href":"https:\/\/gooddealersmeds.com\/fi\/wp-json\/wp\/v2\/media?parent=1918"}],"wp:term":[{"taxonomy":"product_brand","embeddable":true,"href":"https:\/\/gooddealersmeds.com\/fi\/wp-json\/wp\/v2\/product_brand?post=1918"},{"taxonomy":"product_cat","embeddable":true,"href":"https:\/\/gooddealersmeds.com\/fi\/wp-json\/wp\/v2\/product_cat?post=1918"},{"taxonomy":"product_tag","embeddable":true,"href":"https:\/\/gooddealersmeds.com\/fi\/wp-json\/wp\/v2\/product_tag?post=1918"}],"curies":[{"name":"wp","href":"https:\/\/api.w.org\/{rel}","templated":true}]}}