{"id":1912,"date":"2022-07-03T12:03:51","date_gmt":"2022-07-03T12:03:51","guid":{"rendered":"https:\/\/gooddealersmeds.com\/fi\/?post_type=product&#038;p=1912"},"modified":"2023-01-22T12:59:38","modified_gmt":"2023-01-22T12:59:38","slug":"2-fdck-laake","status":"publish","type":"product","link":"https:\/\/gooddealersmeds.com\/fi\/product\/2-fdck-laake\/","title":{"rendered":"Osta 2-Fdck-l\u00e4\u00e4ke verkosta"},"content":{"rendered":"<h1><strong>Osta 2-Fdck-l\u00e4\u00e4ke verkosta<\/strong><\/h1>\n<p>Osta 2-Fdck-l\u00e4\u00e4ke verkosta on er\u00e4\u00e4nlainen l\u00e4\u00e4ke, jota voidaan k\u00e4ytt\u00e4\u00e4 erektioh\u00e4iri\u00f6iden hoitoon toimintah\u00e4iri\u00f6 tai ennenaikainen siemensy\u00f6ksy. Sit\u00e4 kutsutaan yleisesti Viagraksi, Levitraksi, Cialisiksi tai Stendraksi. T\u00e4m\u00e4 l\u00e4\u00e4kitys parantaa verenkiertoa penikseen ja paksuntaa verta, jolloin se pysyy pystyss\u00e4 pidemp\u00e4\u00e4n.<\/p>\n<p>2-Fdck-l\u00e4\u00e4ke verkossa on saatavilla tabletteina ja injektioina, joista jokainen on on omat hyv\u00e4t ja huonot puolensa. Injektioversio voidaan ottaa heti seksin j\u00e4lkeen, mutta kest\u00e4\u00e4 kauemmin kuin pillerimuodossa saada aikaan taikuutensa. Tablettimuoto voidaan ottaa jopa 36 tuntia ennen seksuaalista kanssak\u00e4ymist\u00e4; voi kuitenkin kest\u00e4\u00e4 jopa nelj\u00e4 tuntia, ennen kuin alat tuntea vaikutuksia.<\/p>\n<p><strong>\u00a0<\/strong><\/p>\n<p><strong>Miksi tilata 2-Fdck-l\u00e4\u00e4kkeit\u00e4 verkosta?<\/strong><\/p>\n<p>Ensimm\u00e4inen asia, joka tekee ostamisesta <a href=\"https:\/\/gooddealersmeds.com\/fi\/product\/2-fdck- drug\/\">2-Fdck Drug Online<\/a> on niin hienoa, ett\u00e4 se on helppoa. Ei ole olemassa sotkuisia reseptej\u00e4 tai pitki\u00e4 paperijonoja, on vain helppok\u00e4ytt\u00f6inen verkkosivusto ja valmiit l\u00e4\u00e4kepaketit, joista saat kaiken tarvitsemasi ilman mink\u00e4\u00e4nlaista vaivaa, Osta 2-Fdck-l\u00e4\u00e4ke verkosta<\/p>\n<p><strong>\u00a0<\/strong><\/p>\n<p><strong>Suosituin paikka ostaa 2-Fdck-l\u00e4\u00e4kkeit\u00e4 verkossa<\/strong><\/p>\n<p>Haluatko ostaa <a href=\"https:\/\/en.wikipedia.org\/wiki\/2-Fluorodeschloroketamine\">2-Fdck<\/a> Drug Onlinesta? Et ole yksin. Monet ihmiset ovat havainneet, ett\u00e4 t\u00e4m\u00e4 tuote voi auttaa heit\u00e4 parantamaan seksiel\u00e4m\u00e4\u00e4ns\u00e4, mutta on t\u00e4rke\u00e4\u00e4 olla varovainen ostaessaan t\u00e4t\u00e4 tuotetta.<\/p>\n<p>On olemassa monia erilaisia paikoista, joista voit tilata 2-Fdck Drug Online -tuotteita, ja jos et lue arvosteluja huolellisesti, saatat p\u00e4\u00e4ty\u00e4 tuotteeseen, joka ei toimi yht\u00e4 hyvin kuin muut. Paras paikka ostaa 2-Fdck Drug Online on verkkosivustomme kautta, koska olemme myyneet t\u00e4m\u00e4ntyyppisi\u00e4 tuotteita vuosia ja tied\u00e4mme, mik\u00e4 toimii ja mik\u00e4 ei, joten voimme varmistaa, ett\u00e4 jokainen, joka ostaa meilt\u00e4, \u200b\u200bp\u00e4\u00e4tyy paras mahdollinen kokemus.<\/p>\n","protected":false},"excerpt":{"rendered":"<p>Osta 2-FDCK-l\u00e4\u00e4ke Purity verkosta, 2-FDCK (tunnetaan my\u00f6s nimell\u00e4 2-Fl-2&#8242;-Oxo-PCM, Fluoroketamiini ja 2-Fluorodeschloroketamiini) on dissosioiva anestesia. Se on ketamiinin analogi, jossa klooriryhm\u00e4 on korvattu fluorilla.<\/p>\n","protected":false},"featured_media":1917,"comment_status":"open","ping_status":"closed","template":"","meta":{"inline_featured_image":false},"product_brand":[],"product_cat":[344],"product_tag":[],"class_list":{"0":"post-1912","1":"product","2":"type-product","3":"status-publish","4":"has-post-thumbnail","6":"product_cat-tutkimuskemikaalit","8":"first","9":"instock","10":"shipping-taxable","11":"purchasable","12":"product-type-variable","13":"has-default-attributes"},"yoast_head":"<!-- This site is optimized with the Yoast SEO Premium plugin v20.6 (Yoast SEO v27.3) - https:\/\/yoast.com\/product\/yoast-seo-premium-wordpress\/ -->\n<title>Osta 2-Fdck-l\u00e4\u00e4ke verkosta | 2-fdck myyt\u00e4v\u00e4n\u00e4 | Good Dealers Meds<\/title>\n<meta name=\"description\" content=\"Osta 2-Fdck-l\u00e4\u00e4ke verkosta, 2-FDCK (tunnetaan my\u00f6s nimell\u00e4 2-Fl-2\u2032-Oxo-PCM, Fluoroketamiini ja 2-Fluorodeschloroketamiini) on dissosioiva anestesia.\" \/>\n<meta name=\"robots\" content=\"index, follow, max-snippet:-1, max-image-preview:large, max-video-preview:-1\" \/>\n<link rel=\"canonical\" href=\"https:\/\/gooddealersmeds.com\/fi\/product\/2-fdck-laake\/\" \/>\n<meta property=\"og:locale\" content=\"en_US\" \/>\n<meta property=\"og:type\" content=\"article\" \/>\n<meta property=\"og:title\" content=\"Osta 2-Fdck-l\u00e4\u00e4ke verkosta\" \/>\n<meta property=\"og:description\" content=\"Osta 2-Fdck-l\u00e4\u00e4ke verkosta, 2-FDCK (tunnetaan my\u00f6s nimell\u00e4 2-Fl-2\u2032-Oxo-PCM, Fluoroketamiini ja 2-Fluorodeschloroketamiini) on dissosioiva anestesia.\" \/>\n<meta property=\"og:url\" content=\"https:\/\/gooddealersmeds.com\/fi\/product\/2-fdck-laake\/\" \/>\n<meta property=\"og:site_name\" content=\"Good Dealers Meds\" \/>\n<meta property=\"article:modified_time\" content=\"2023-01-22T12:59:38+00:00\" \/>\n<meta property=\"og:image\" content=\"https:\/\/gooddealersmeds.com\/fi\/wp-content\/uploads\/sites\/6\/2022\/07\/2-Fdck-Drug.jpg\" \/>\n\t<meta property=\"og:image:width\" content=\"600\" \/>\n\t<meta property=\"og:image:height\" content=\"600\" \/>\n\t<meta property=\"og:image:type\" content=\"image\/jpeg\" \/>\n<meta name=\"twitter:card\" content=\"summary_large_image\" \/>\n<meta name=\"twitter:label1\" content=\"Est. reading time\" \/>\n\t<meta name=\"twitter:data1\" content=\"1 minute\" \/>\n<script type=\"application\/ld+json\" class=\"yoast-schema-graph\">{\"@context\":\"https:\\\/\\\/schema.org\",\"@graph\":[{\"@type\":\"WebPage\",\"@id\":\"https:\\\/\\\/gooddealersmeds.com\\\/fi\\\/product\\\/2-fdck-laake\\\/\",\"url\":\"https:\\\/\\\/gooddealersmeds.com\\\/fi\\\/product\\\/2-fdck-laake\\\/\",\"name\":\"Osta 2-Fdck-l\u00e4\u00e4ke verkosta | 2-fdck myyt\u00e4v\u00e4n\u00e4 | Good Dealers Meds\",\"isPartOf\":{\"@id\":\"https:\\\/\\\/gooddealersmeds.com\\\/fi\\\/#website\"},\"primaryImageOfPage\":{\"@id\":\"https:\\\/\\\/gooddealersmeds.com\\\/fi\\\/product\\\/2-fdck-laake\\\/#primaryimage\"},\"image\":{\"@id\":\"https:\\\/\\\/gooddealersmeds.com\\\/fi\\\/product\\\/2-fdck-laake\\\/#primaryimage\"},\"thumbnailUrl\":\"https:\\\/\\\/gooddealersmeds.com\\\/fi\\\/wp-content\\\/uploads\\\/sites\\\/6\\\/2022\\\/07\\\/2-Fdck-Drug.jpg\",\"datePublished\":\"2022-07-03T12:03:51+00:00\",\"dateModified\":\"2023-01-22T12:59:38+00:00\",\"description\":\"Osta 2-Fdck-l\u00e4\u00e4ke verkosta, 2-FDCK (tunnetaan my\u00f6s nimell\u00e4 2-Fl-2\u2032-Oxo-PCM, Fluoroketamiini ja 2-Fluorodeschloroketamiini) on dissosioiva anestesia.\",\"breadcrumb\":{\"@id\":\"https:\\\/\\\/gooddealersmeds.com\\\/fi\\\/product\\\/2-fdck-laake\\\/#breadcrumb\"},\"inLanguage\":\"en-US\",\"potentialAction\":[{\"@type\":\"ReadAction\",\"target\":[\"https:\\\/\\\/gooddealersmeds.com\\\/fi\\\/product\\\/2-fdck-laake\\\/\"]}]},{\"@type\":\"ImageObject\",\"inLanguage\":\"en-US\",\"@id\":\"https:\\\/\\\/gooddealersmeds.com\\\/fi\\\/product\\\/2-fdck-laake\\\/#primaryimage\",\"url\":\"https:\\\/\\\/gooddealersmeds.com\\\/fi\\\/wp-content\\\/uploads\\\/sites\\\/6\\\/2022\\\/07\\\/2-Fdck-Drug.jpg\",\"contentUrl\":\"https:\\\/\\\/gooddealersmeds.com\\\/fi\\\/wp-content\\\/uploads\\\/sites\\\/6\\\/2022\\\/07\\\/2-Fdck-Drug.jpg\",\"width\":600,\"height\":600,\"caption\":\"Buy 2-Fdck Drug Online\"},{\"@type\":\"BreadcrumbList\",\"@id\":\"https:\\\/\\\/gooddealersmeds.com\\\/fi\\\/product\\\/2-fdck-laake\\\/#breadcrumb\",\"itemListElement\":[{\"@type\":\"ListItem\",\"position\":1,\"name\":\"Home\",\"item\":\"https:\\\/\\\/gooddealersmeds.com\\\/fi\\\/\"},{\"@type\":\"ListItem\",\"position\":2,\"name\":\"Tuotteet\",\"item\":\"https:\\\/\\\/gooddealersmeds.com\\\/fi\\\/tuotteet\\\/\"},{\"@type\":\"ListItem\",\"position\":3,\"name\":\"Osta 2-Fdck-l\u00e4\u00e4ke verkosta\"}]},{\"@type\":\"WebSite\",\"@id\":\"https:\\\/\\\/gooddealersmeds.com\\\/fi\\\/#website\",\"url\":\"https:\\\/\\\/gooddealersmeds.com\\\/fi\\\/\",\"name\":\"Good Dealers Meds\",\"description\":\"All our best\",\"publisher\":{\"@id\":\"https:\\\/\\\/gooddealersmeds.com\\\/fi\\\/#organization\"},\"potentialAction\":[{\"@type\":\"SearchAction\",\"target\":{\"@type\":\"EntryPoint\",\"urlTemplate\":\"https:\\\/\\\/gooddealersmeds.com\\\/fi\\\/?s={search_term_string}\"},\"query-input\":{\"@type\":\"PropertyValueSpecification\",\"valueRequired\":true,\"valueName\":\"search_term_string\"}}],\"inLanguage\":\"en-US\"},{\"@type\":\"Organization\",\"@id\":\"https:\\\/\\\/gooddealersmeds.com\\\/fi\\\/#organization\",\"name\":\"Good Dealers Meds\",\"url\":\"https:\\\/\\\/gooddealersmeds.com\\\/fi\\\/\",\"logo\":{\"@type\":\"ImageObject\",\"inLanguage\":\"en-US\",\"@id\":\"https:\\\/\\\/gooddealersmeds.com\\\/fi\\\/#\\\/schema\\\/logo\\\/image\\\/\",\"url\":\"https:\\\/\\\/gooddealersmeds.com\\\/fi\\\/wp-content\\\/uploads\\\/sites\\\/6\\\/2022\\\/03\\\/gooddealersmeds__logo__20220317T222800Z.00.png\",\"contentUrl\":\"https:\\\/\\\/gooddealersmeds.com\\\/fi\\\/wp-content\\\/uploads\\\/sites\\\/6\\\/2022\\\/03\\\/gooddealersmeds__logo__20220317T222800Z.00.png\",\"width\":500,\"height\":325,\"caption\":\"Good Dealers Meds\"},\"image\":{\"@id\":\"https:\\\/\\\/gooddealersmeds.com\\\/fi\\\/#\\\/schema\\\/logo\\\/image\\\/\"}}]}<\/script>\n<!-- \/ Yoast SEO Premium plugin. -->","yoast_head_json":{"title":"Osta 2-Fdck-l\u00e4\u00e4ke verkosta | 2-fdck myyt\u00e4v\u00e4n\u00e4 | Good Dealers Meds","description":"Osta 2-Fdck-l\u00e4\u00e4ke verkosta, 2-FDCK (tunnetaan my\u00f6s nimell\u00e4 2-Fl-2\u2032-Oxo-PCM, Fluoroketamiini ja 2-Fluorodeschloroketamiini) on dissosioiva anestesia.","robots":{"index":"index","follow":"follow","max-snippet":"max-snippet:-1","max-image-preview":"max-image-preview:large","max-video-preview":"max-video-preview:-1"},"canonical":"https:\/\/gooddealersmeds.com\/fi\/product\/2-fdck-laake\/","og_locale":"en_US","og_type":"article","og_title":"Osta 2-Fdck-l\u00e4\u00e4ke verkosta","og_description":"Osta 2-Fdck-l\u00e4\u00e4ke verkosta, 2-FDCK (tunnetaan my\u00f6s nimell\u00e4 2-Fl-2\u2032-Oxo-PCM, Fluoroketamiini ja 2-Fluorodeschloroketamiini) on dissosioiva anestesia.","og_url":"https:\/\/gooddealersmeds.com\/fi\/product\/2-fdck-laake\/","og_site_name":"Good Dealers Meds","article_modified_time":"2023-01-22T12:59:38+00:00","og_image":[{"width":600,"height":600,"url":"https:\/\/gooddealersmeds.com\/fi\/wp-content\/uploads\/sites\/6\/2022\/07\/2-Fdck-Drug.jpg","type":"image\/jpeg"}],"twitter_card":"summary_large_image","twitter_misc":{"Est. reading time":"1 minute"},"schema":{"@context":"https:\/\/schema.org","@graph":[{"@type":"WebPage","@id":"https:\/\/gooddealersmeds.com\/fi\/product\/2-fdck-laake\/","url":"https:\/\/gooddealersmeds.com\/fi\/product\/2-fdck-laake\/","name":"Osta 2-Fdck-l\u00e4\u00e4ke verkosta | 2-fdck myyt\u00e4v\u00e4n\u00e4 | Good Dealers Meds","isPartOf":{"@id":"https:\/\/gooddealersmeds.com\/fi\/#website"},"primaryImageOfPage":{"@id":"https:\/\/gooddealersmeds.com\/fi\/product\/2-fdck-laake\/#primaryimage"},"image":{"@id":"https:\/\/gooddealersmeds.com\/fi\/product\/2-fdck-laake\/#primaryimage"},"thumbnailUrl":"https:\/\/gooddealersmeds.com\/fi\/wp-content\/uploads\/sites\/6\/2022\/07\/2-Fdck-Drug.jpg","datePublished":"2022-07-03T12:03:51+00:00","dateModified":"2023-01-22T12:59:38+00:00","description":"Osta 2-Fdck-l\u00e4\u00e4ke verkosta, 2-FDCK (tunnetaan my\u00f6s nimell\u00e4 2-Fl-2\u2032-Oxo-PCM, Fluoroketamiini ja 2-Fluorodeschloroketamiini) on dissosioiva anestesia.","breadcrumb":{"@id":"https:\/\/gooddealersmeds.com\/fi\/product\/2-fdck-laake\/#breadcrumb"},"inLanguage":"en-US","potentialAction":[{"@type":"ReadAction","target":["https:\/\/gooddealersmeds.com\/fi\/product\/2-fdck-laake\/"]}]},{"@type":"ImageObject","inLanguage":"en-US","@id":"https:\/\/gooddealersmeds.com\/fi\/product\/2-fdck-laake\/#primaryimage","url":"https:\/\/gooddealersmeds.com\/fi\/wp-content\/uploads\/sites\/6\/2022\/07\/2-Fdck-Drug.jpg","contentUrl":"https:\/\/gooddealersmeds.com\/fi\/wp-content\/uploads\/sites\/6\/2022\/07\/2-Fdck-Drug.jpg","width":600,"height":600,"caption":"Buy 2-Fdck Drug Online"},{"@type":"BreadcrumbList","@id":"https:\/\/gooddealersmeds.com\/fi\/product\/2-fdck-laake\/#breadcrumb","itemListElement":[{"@type":"ListItem","position":1,"name":"Home","item":"https:\/\/gooddealersmeds.com\/fi\/"},{"@type":"ListItem","position":2,"name":"Tuotteet","item":"https:\/\/gooddealersmeds.com\/fi\/tuotteet\/"},{"@type":"ListItem","position":3,"name":"Osta 2-Fdck-l\u00e4\u00e4ke verkosta"}]},{"@type":"WebSite","@id":"https:\/\/gooddealersmeds.com\/fi\/#website","url":"https:\/\/gooddealersmeds.com\/fi\/","name":"Good Dealers Meds","description":"All our best","publisher":{"@id":"https:\/\/gooddealersmeds.com\/fi\/#organization"},"potentialAction":[{"@type":"SearchAction","target":{"@type":"EntryPoint","urlTemplate":"https:\/\/gooddealersmeds.com\/fi\/?s={search_term_string}"},"query-input":{"@type":"PropertyValueSpecification","valueRequired":true,"valueName":"search_term_string"}}],"inLanguage":"en-US"},{"@type":"Organization","@id":"https:\/\/gooddealersmeds.com\/fi\/#organization","name":"Good Dealers Meds","url":"https:\/\/gooddealersmeds.com\/fi\/","logo":{"@type":"ImageObject","inLanguage":"en-US","@id":"https:\/\/gooddealersmeds.com\/fi\/#\/schema\/logo\/image\/","url":"https:\/\/gooddealersmeds.com\/fi\/wp-content\/uploads\/sites\/6\/2022\/03\/gooddealersmeds__logo__20220317T222800Z.00.png","contentUrl":"https:\/\/gooddealersmeds.com\/fi\/wp-content\/uploads\/sites\/6\/2022\/03\/gooddealersmeds__logo__20220317T222800Z.00.png","width":500,"height":325,"caption":"Good Dealers Meds"},"image":{"@id":"https:\/\/gooddealersmeds.com\/fi\/#\/schema\/logo\/image\/"}}]}},"_links":{"self":[{"href":"https:\/\/gooddealersmeds.com\/fi\/wp-json\/wp\/v2\/product\/1912","targetHints":{"allow":["GET"]}}],"collection":[{"href":"https:\/\/gooddealersmeds.com\/fi\/wp-json\/wp\/v2\/product"}],"about":[{"href":"https:\/\/gooddealersmeds.com\/fi\/wp-json\/wp\/v2\/types\/product"}],"replies":[{"embeddable":true,"href":"https:\/\/gooddealersmeds.com\/fi\/wp-json\/wp\/v2\/comments?post=1912"}],"wp:featuredmedia":[{"embeddable":true,"href":"https:\/\/gooddealersmeds.com\/fi\/wp-json\/wp\/v2\/media\/1917"}],"wp:attachment":[{"href":"https:\/\/gooddealersmeds.com\/fi\/wp-json\/wp\/v2\/media?parent=1912"}],"wp:term":[{"taxonomy":"product_brand","embeddable":true,"href":"https:\/\/gooddealersmeds.com\/fi\/wp-json\/wp\/v2\/product_brand?post=1912"},{"taxonomy":"product_cat","embeddable":true,"href":"https:\/\/gooddealersmeds.com\/fi\/wp-json\/wp\/v2\/product_cat?post=1912"},{"taxonomy":"product_tag","embeddable":true,"href":"https:\/\/gooddealersmeds.com\/fi\/wp-json\/wp\/v2\/product_tag?post=1912"}],"curies":[{"name":"wp","href":"https:\/\/api.w.org\/{rel}","templated":true}]}}