{"id":1905,"date":"2022-07-03T11:59:56","date_gmt":"2022-07-03T11:59:56","guid":{"rendered":"https:\/\/gooddealersmeds.com\/fi\/?post_type=product&#038;p=1905"},"modified":"2023-01-22T13:28:22","modified_gmt":"2023-01-22T13:28:22","slug":"25i-nboh-huumeet","status":"publish","type":"product","link":"https:\/\/gooddealersmeds.com\/fi\/product\/25i-nboh-huumeet\/","title":{"rendered":"Osta 25i NBOH -l\u00e4\u00e4kkeit\u00e4 verkosta"},"content":{"rendered":"<p>25i NBOH eli fenetyyliamiiniluokka 2C-I-NBOH on uusi synteettinen psykedeelinen aine, joka on l\u00e4heist\u00e4 sukua <a href=\"https:\/\/gooddealersmeds.com\/fi\/product\/25i-nboh-huumeet\/\">25I-NBOMe<\/a>:lle. 25i NBOH on fenetyyliamiinista johdettu hallusinogeeni 2C-I -johdannainen. Purduen yliopiston tiimi l\u00f6ysi sen vuonna 2006, Myyd\u00e4\u00e4n 25i NBOH<\/p>\n<p>Se on tutkittu mahdollisena l\u00e4\u00e4kkeen\u00e4 aivojen 5-HT2A-reseptorien positroniemissiotomografiassa. Vaikka niiden fysiologisia ja toksikologisia ominaisuuksia ei ole t\u00e4ysin karakterisoitu, NBOH-yhdisteit\u00e4 ehdotetaan laillisiksi vaihtoehdoiksi NBOMe-yhdisteille.<\/p>\n<p>NBOH-yhdisteet ovat N-bentsyylihydroksijohdannaisia \u200b\u200b2C-hallusinogeeniperheest\u00e4, jotka sis\u00e4lt\u00e4v\u00e4t usein halogeenia. ryhm\u00e4 (eli kloori, bromi tai jodi) A-renkaan asemassa 4 ja hydroksyyliryhm\u00e4 B-renkaan asemassa 2&#8242;. Vaikka niiden fysiologisia ja toksikologisia ominaisuuksia ei ole t\u00e4ysin karakterisoitu, NBOH-yhdisteit\u00e4 ehdotetaan lailliseksi vaihtoehdoksi NBOMe-yhdisteille,<\/p>\n<ul>\n<li>NBOH-yhdisteet ovat inaktiivisia, ja ne tulisi ottaa vain kielen alle ja tavalla. joka mahdollistaa nopean imeytymisen.<\/li>\n<li>Jos blotterit eiv\u00e4t toimi niin nopeasti kuin odotit, \u00e4l\u00e4 oleta niiden olevan heikkolaatuisia. ne voivat sis\u00e4lt\u00e4\u00e4 toista l\u00e4\u00e4kett\u00e4, jonka vaikutus kest\u00e4\u00e4 kauemmin.<\/li>\n<li>T\u00e4t\u00e4 l\u00e4\u00e4kett\u00e4 tulee k\u00e4ytt\u00e4\u00e4 varoen. Sinun tulee aloittaa pienell\u00e4 annoksella. V\u00e4lt\u00e4 sen yhdist\u00e4mist\u00e4 muiden aineiden, kuten alkoholin tai m\u00e4\u00e4r\u00e4ttyjen l\u00e4\u00e4kkeiden kanssa.<\/li>\n<\/ul>\n<p><strong>Kemia:<\/strong><\/p>\n<p>Fenetyyliamiini 2C-I on fenetyyliamiinijohdannainen 25I-NBOH. T\u00e4m\u00e4 l\u00e4\u00e4ke on serotoninerginen N-bentsyylijohdannainen. Metoksiryhm\u00e4t CH3O ja jodi ovat l\u00e4sn\u00e4 25I-NBOH:n kemiallisessa koostumuksessa, Myyd\u00e4\u00e4n 25i NBOH<\/p>\n<p><strong>Ulkon\u00e4k\u00f6:<\/strong><\/p>\n<p>Kiteinen kiinte\u00e4 aine, jauhe<\/p>\n<p><strong>Toimitus ja amp; S\u00e4ilytys:<\/strong><\/p>\n<ul>\n<li>S\u00e4ilytys: -20 C<\/li>\n<li>M\u00e4rk\u00e4ss\u00e4 j\u00e4\u00e4ss\u00e4<\/li>\n<li>Vakaus: Noin. 2 vuotta<\/li>\n<\/ul>\n<p><strong>Varotoimet:<\/strong><\/p>\n<p>Jos sin\u00e4 tai joku, jonka kanssa olet, sairastuu, hakeudu v\u00e4litt\u00f6m\u00e4sti l\u00e4\u00e4k\u00e4rin hoitoon! Soita heti sairaalaan ja pysy heid\u00e4n luonaan. Jos osallistut tapahtumaan tai festivaaleille, l\u00e4\u00e4kint\u00e4- ja hyvinvointihenkil\u00f6st\u00f6 on valmiina auttamaan sinua.<\/p>\n<p><strong>Saatavuus:<\/strong><\/p>\n<p>Voit ostaa 25i NBOH:n Huumeet verkossa myym\u00e4l\u00e4st\u00e4mme taatulla toimituksella.<\/p>\n","protected":false},"excerpt":{"rendered":"<p>Osta 25I-NBOH-l\u00e4\u00e4kkeit\u00e4 verkosta on korkealaatuista tutkimuskemikaalia. Voit ostaa 25I-NBOH verkosta tukkuhintaan luotettavalta toimittajalta. Turvallinen toimitus 25I-NBOH Yhdysvaltoihin, BRASILIAAN, EU:hun, Iso-Britanniaan ja muihin maihin.<\/p>\n","protected":false},"featured_media":1911,"comment_status":"open","ping_status":"closed","template":"","meta":{"inline_featured_image":false},"product_brand":[],"product_cat":[344],"product_tag":[],"class_list":{"0":"post-1905","1":"product","2":"type-product","3":"status-publish","4":"has-post-thumbnail","6":"product_cat-tutkimuskemikaalit","8":"first","9":"instock","10":"shipping-taxable","11":"purchasable","12":"product-type-variable","13":"has-default-attributes"},"yoast_head":"<!-- This site is optimized with the Yoast SEO Premium plugin v20.6 (Yoast SEO v27.5) - https:\/\/yoast.com\/product\/yoast-seo-premium-wordpress\/ -->\n<title>Myyd\u00e4\u00e4n 25i NBOH | Osta 25i NBOH osoitteessa Good Dealers Meds<\/title>\n<meta name=\"description\" content=\"Myyd\u00e4\u00e4n 25i NBOH - l\u00e4\u00e4kkeit\u00e4 verkosta tukkuhintaan luotettavalta toimittajalta . Turvallinen toimitus 25I-NBOH Yhdysvaltoihin, Brasiliaan, EU:hun, Iso-Britanniaan ja muihin maihin.\" \/>\n<meta name=\"robots\" content=\"index, follow, max-snippet:-1, max-image-preview:large, max-video-preview:-1\" \/>\n<link rel=\"canonical\" href=\"https:\/\/gooddealersmeds.com\/fi\/product\/25i-nboh-huumeet\/\" \/>\n<meta property=\"og:locale\" content=\"en_US\" \/>\n<meta property=\"og:type\" content=\"article\" \/>\n<meta property=\"og:title\" content=\"Osta 25i NBOH -l\u00e4\u00e4kkeit\u00e4 verkosta\" \/>\n<meta property=\"og:description\" content=\"Myyd\u00e4\u00e4n 25i NBOH - l\u00e4\u00e4kkeit\u00e4 verkosta tukkuhintaan luotettavalta toimittajalta . Turvallinen toimitus 25I-NBOH Yhdysvaltoihin, Brasiliaan, EU:hun, Iso-Britanniaan ja muihin maihin.\" \/>\n<meta property=\"og:url\" content=\"https:\/\/gooddealersmeds.com\/fi\/product\/25i-nboh-huumeet\/\" \/>\n<meta property=\"og:site_name\" content=\"Good Dealers Meds\" \/>\n<meta property=\"article:modified_time\" content=\"2023-01-22T13:28:22+00:00\" \/>\n<meta property=\"og:image\" content=\"https:\/\/gooddealersmeds.com\/fi\/wp-content\/uploads\/sites\/6\/2022\/07\/25i-NBOH-Drugs.png\" \/>\n\t<meta property=\"og:image:width\" content=\"600\" \/>\n\t<meta property=\"og:image:height\" content=\"600\" \/>\n\t<meta property=\"og:image:type\" content=\"image\/png\" \/>\n<meta name=\"twitter:card\" content=\"summary_large_image\" \/>\n<meta name=\"twitter:label1\" content=\"Est. reading time\" \/>\n\t<meta name=\"twitter:data1\" content=\"1 minute\" \/>\n<script type=\"application\/ld+json\" class=\"yoast-schema-graph\">{\"@context\":\"https:\\\/\\\/schema.org\",\"@graph\":[{\"@type\":\"WebPage\",\"@id\":\"https:\\\/\\\/gooddealersmeds.com\\\/fi\\\/product\\\/25i-nboh-huumeet\\\/\",\"url\":\"https:\\\/\\\/gooddealersmeds.com\\\/fi\\\/product\\\/25i-nboh-huumeet\\\/\",\"name\":\"Myyd\u00e4\u00e4n 25i NBOH | Osta 25i NBOH osoitteessa Good Dealers Meds\",\"isPartOf\":{\"@id\":\"https:\\\/\\\/gooddealersmeds.com\\\/fi\\\/#website\"},\"primaryImageOfPage\":{\"@id\":\"https:\\\/\\\/gooddealersmeds.com\\\/fi\\\/product\\\/25i-nboh-huumeet\\\/#primaryimage\"},\"image\":{\"@id\":\"https:\\\/\\\/gooddealersmeds.com\\\/fi\\\/product\\\/25i-nboh-huumeet\\\/#primaryimage\"},\"thumbnailUrl\":\"https:\\\/\\\/gooddealersmeds.com\\\/fi\\\/wp-content\\\/uploads\\\/sites\\\/6\\\/2022\\\/07\\\/25i-NBOH-Drugs.png\",\"datePublished\":\"2022-07-03T11:59:56+00:00\",\"dateModified\":\"2023-01-22T13:28:22+00:00\",\"description\":\"Myyd\u00e4\u00e4n 25i NBOH - l\u00e4\u00e4kkeit\u00e4 verkosta tukkuhintaan luotettavalta toimittajalta . Turvallinen toimitus 25I-NBOH Yhdysvaltoihin, Brasiliaan, EU:hun, Iso-Britanniaan ja muihin maihin.\",\"breadcrumb\":{\"@id\":\"https:\\\/\\\/gooddealersmeds.com\\\/fi\\\/product\\\/25i-nboh-huumeet\\\/#breadcrumb\"},\"inLanguage\":\"en-US\",\"potentialAction\":[{\"@type\":\"ReadAction\",\"target\":[\"https:\\\/\\\/gooddealersmeds.com\\\/fi\\\/product\\\/25i-nboh-huumeet\\\/\"]}]},{\"@type\":\"ImageObject\",\"inLanguage\":\"en-US\",\"@id\":\"https:\\\/\\\/gooddealersmeds.com\\\/fi\\\/product\\\/25i-nboh-huumeet\\\/#primaryimage\",\"url\":\"https:\\\/\\\/gooddealersmeds.com\\\/fi\\\/wp-content\\\/uploads\\\/sites\\\/6\\\/2022\\\/07\\\/25i-NBOH-Drugs.png\",\"contentUrl\":\"https:\\\/\\\/gooddealersmeds.com\\\/fi\\\/wp-content\\\/uploads\\\/sites\\\/6\\\/2022\\\/07\\\/25i-NBOH-Drugs.png\",\"width\":600,\"height\":600,\"caption\":\"25i NBOH Drugs\"},{\"@type\":\"BreadcrumbList\",\"@id\":\"https:\\\/\\\/gooddealersmeds.com\\\/fi\\\/product\\\/25i-nboh-huumeet\\\/#breadcrumb\",\"itemListElement\":[{\"@type\":\"ListItem\",\"position\":1,\"name\":\"Home\",\"item\":\"https:\\\/\\\/gooddealersmeds.com\\\/fi\\\/\"},{\"@type\":\"ListItem\",\"position\":2,\"name\":\"Tuotteet\",\"item\":\"https:\\\/\\\/gooddealersmeds.com\\\/fi\\\/tuotteet\\\/\"},{\"@type\":\"ListItem\",\"position\":3,\"name\":\"Osta 25i NBOH -l\u00e4\u00e4kkeit\u00e4 verkosta\"}]},{\"@type\":\"WebSite\",\"@id\":\"https:\\\/\\\/gooddealersmeds.com\\\/fi\\\/#website\",\"url\":\"https:\\\/\\\/gooddealersmeds.com\\\/fi\\\/\",\"name\":\"Good Dealers Meds\",\"description\":\"All our best\",\"publisher\":{\"@id\":\"https:\\\/\\\/gooddealersmeds.com\\\/fi\\\/#organization\"},\"potentialAction\":[{\"@type\":\"SearchAction\",\"target\":{\"@type\":\"EntryPoint\",\"urlTemplate\":\"https:\\\/\\\/gooddealersmeds.com\\\/fi\\\/?s={search_term_string}\"},\"query-input\":{\"@type\":\"PropertyValueSpecification\",\"valueRequired\":true,\"valueName\":\"search_term_string\"}}],\"inLanguage\":\"en-US\"},{\"@type\":\"Organization\",\"@id\":\"https:\\\/\\\/gooddealersmeds.com\\\/fi\\\/#organization\",\"name\":\"Good Dealers Meds\",\"url\":\"https:\\\/\\\/gooddealersmeds.com\\\/fi\\\/\",\"logo\":{\"@type\":\"ImageObject\",\"inLanguage\":\"en-US\",\"@id\":\"https:\\\/\\\/gooddealersmeds.com\\\/fi\\\/#\\\/schema\\\/logo\\\/image\\\/\",\"url\":\"https:\\\/\\\/gooddealersmeds.com\\\/fi\\\/wp-content\\\/uploads\\\/sites\\\/6\\\/2022\\\/03\\\/gooddealersmeds__logo__20220317T222800Z.00.png\",\"contentUrl\":\"https:\\\/\\\/gooddealersmeds.com\\\/fi\\\/wp-content\\\/uploads\\\/sites\\\/6\\\/2022\\\/03\\\/gooddealersmeds__logo__20220317T222800Z.00.png\",\"width\":500,\"height\":325,\"caption\":\"Good Dealers Meds\"},\"image\":{\"@id\":\"https:\\\/\\\/gooddealersmeds.com\\\/fi\\\/#\\\/schema\\\/logo\\\/image\\\/\"}}]}<\/script>\n<!-- \/ Yoast SEO Premium plugin. -->","yoast_head_json":{"title":"Myyd\u00e4\u00e4n 25i NBOH | Osta 25i NBOH osoitteessa Good Dealers Meds","description":"Myyd\u00e4\u00e4n 25i NBOH - l\u00e4\u00e4kkeit\u00e4 verkosta tukkuhintaan luotettavalta toimittajalta . Turvallinen toimitus 25I-NBOH Yhdysvaltoihin, Brasiliaan, EU:hun, Iso-Britanniaan ja muihin maihin.","robots":{"index":"index","follow":"follow","max-snippet":"max-snippet:-1","max-image-preview":"max-image-preview:large","max-video-preview":"max-video-preview:-1"},"canonical":"https:\/\/gooddealersmeds.com\/fi\/product\/25i-nboh-huumeet\/","og_locale":"en_US","og_type":"article","og_title":"Osta 25i NBOH -l\u00e4\u00e4kkeit\u00e4 verkosta","og_description":"Myyd\u00e4\u00e4n 25i NBOH - l\u00e4\u00e4kkeit\u00e4 verkosta tukkuhintaan luotettavalta toimittajalta . Turvallinen toimitus 25I-NBOH Yhdysvaltoihin, Brasiliaan, EU:hun, Iso-Britanniaan ja muihin maihin.","og_url":"https:\/\/gooddealersmeds.com\/fi\/product\/25i-nboh-huumeet\/","og_site_name":"Good Dealers Meds","article_modified_time":"2023-01-22T13:28:22+00:00","og_image":[{"width":600,"height":600,"url":"https:\/\/gooddealersmeds.com\/fi\/wp-content\/uploads\/sites\/6\/2022\/07\/25i-NBOH-Drugs.png","type":"image\/png"}],"twitter_card":"summary_large_image","twitter_misc":{"Est. reading time":"1 minute"},"schema":{"@context":"https:\/\/schema.org","@graph":[{"@type":"WebPage","@id":"https:\/\/gooddealersmeds.com\/fi\/product\/25i-nboh-huumeet\/","url":"https:\/\/gooddealersmeds.com\/fi\/product\/25i-nboh-huumeet\/","name":"Myyd\u00e4\u00e4n 25i NBOH | Osta 25i NBOH osoitteessa Good Dealers Meds","isPartOf":{"@id":"https:\/\/gooddealersmeds.com\/fi\/#website"},"primaryImageOfPage":{"@id":"https:\/\/gooddealersmeds.com\/fi\/product\/25i-nboh-huumeet\/#primaryimage"},"image":{"@id":"https:\/\/gooddealersmeds.com\/fi\/product\/25i-nboh-huumeet\/#primaryimage"},"thumbnailUrl":"https:\/\/gooddealersmeds.com\/fi\/wp-content\/uploads\/sites\/6\/2022\/07\/25i-NBOH-Drugs.png","datePublished":"2022-07-03T11:59:56+00:00","dateModified":"2023-01-22T13:28:22+00:00","description":"Myyd\u00e4\u00e4n 25i NBOH - l\u00e4\u00e4kkeit\u00e4 verkosta tukkuhintaan luotettavalta toimittajalta . Turvallinen toimitus 25I-NBOH Yhdysvaltoihin, Brasiliaan, EU:hun, Iso-Britanniaan ja muihin maihin.","breadcrumb":{"@id":"https:\/\/gooddealersmeds.com\/fi\/product\/25i-nboh-huumeet\/#breadcrumb"},"inLanguage":"en-US","potentialAction":[{"@type":"ReadAction","target":["https:\/\/gooddealersmeds.com\/fi\/product\/25i-nboh-huumeet\/"]}]},{"@type":"ImageObject","inLanguage":"en-US","@id":"https:\/\/gooddealersmeds.com\/fi\/product\/25i-nboh-huumeet\/#primaryimage","url":"https:\/\/gooddealersmeds.com\/fi\/wp-content\/uploads\/sites\/6\/2022\/07\/25i-NBOH-Drugs.png","contentUrl":"https:\/\/gooddealersmeds.com\/fi\/wp-content\/uploads\/sites\/6\/2022\/07\/25i-NBOH-Drugs.png","width":600,"height":600,"caption":"25i NBOH Drugs"},{"@type":"BreadcrumbList","@id":"https:\/\/gooddealersmeds.com\/fi\/product\/25i-nboh-huumeet\/#breadcrumb","itemListElement":[{"@type":"ListItem","position":1,"name":"Home","item":"https:\/\/gooddealersmeds.com\/fi\/"},{"@type":"ListItem","position":2,"name":"Tuotteet","item":"https:\/\/gooddealersmeds.com\/fi\/tuotteet\/"},{"@type":"ListItem","position":3,"name":"Osta 25i NBOH -l\u00e4\u00e4kkeit\u00e4 verkosta"}]},{"@type":"WebSite","@id":"https:\/\/gooddealersmeds.com\/fi\/#website","url":"https:\/\/gooddealersmeds.com\/fi\/","name":"Good Dealers Meds","description":"All our best","publisher":{"@id":"https:\/\/gooddealersmeds.com\/fi\/#organization"},"potentialAction":[{"@type":"SearchAction","target":{"@type":"EntryPoint","urlTemplate":"https:\/\/gooddealersmeds.com\/fi\/?s={search_term_string}"},"query-input":{"@type":"PropertyValueSpecification","valueRequired":true,"valueName":"search_term_string"}}],"inLanguage":"en-US"},{"@type":"Organization","@id":"https:\/\/gooddealersmeds.com\/fi\/#organization","name":"Good Dealers Meds","url":"https:\/\/gooddealersmeds.com\/fi\/","logo":{"@type":"ImageObject","inLanguage":"en-US","@id":"https:\/\/gooddealersmeds.com\/fi\/#\/schema\/logo\/image\/","url":"https:\/\/gooddealersmeds.com\/fi\/wp-content\/uploads\/sites\/6\/2022\/03\/gooddealersmeds__logo__20220317T222800Z.00.png","contentUrl":"https:\/\/gooddealersmeds.com\/fi\/wp-content\/uploads\/sites\/6\/2022\/03\/gooddealersmeds__logo__20220317T222800Z.00.png","width":500,"height":325,"caption":"Good Dealers Meds"},"image":{"@id":"https:\/\/gooddealersmeds.com\/fi\/#\/schema\/logo\/image\/"}}]}},"_links":{"self":[{"href":"https:\/\/gooddealersmeds.com\/fi\/wp-json\/wp\/v2\/product\/1905","targetHints":{"allow":["GET"]}}],"collection":[{"href":"https:\/\/gooddealersmeds.com\/fi\/wp-json\/wp\/v2\/product"}],"about":[{"href":"https:\/\/gooddealersmeds.com\/fi\/wp-json\/wp\/v2\/types\/product"}],"replies":[{"embeddable":true,"href":"https:\/\/gooddealersmeds.com\/fi\/wp-json\/wp\/v2\/comments?post=1905"}],"wp:featuredmedia":[{"embeddable":true,"href":"https:\/\/gooddealersmeds.com\/fi\/wp-json\/wp\/v2\/media\/1911"}],"wp:attachment":[{"href":"https:\/\/gooddealersmeds.com\/fi\/wp-json\/wp\/v2\/media?parent=1905"}],"wp:term":[{"taxonomy":"product_brand","embeddable":true,"href":"https:\/\/gooddealersmeds.com\/fi\/wp-json\/wp\/v2\/product_brand?post=1905"},{"taxonomy":"product_cat","embeddable":true,"href":"https:\/\/gooddealersmeds.com\/fi\/wp-json\/wp\/v2\/product_cat?post=1905"},{"taxonomy":"product_tag","embeddable":true,"href":"https:\/\/gooddealersmeds.com\/fi\/wp-json\/wp\/v2\/product_tag?post=1905"}],"curies":[{"name":"wp","href":"https:\/\/api.w.org\/{rel}","templated":true}]}}