{"id":1898,"date":"2022-07-03T11:54:52","date_gmt":"2022-07-03T11:54:52","guid":{"rendered":"https:\/\/gooddealersmeds.com\/fi\/?post_type=product&#038;p=1898"},"modified":"2023-01-22T13:38:56","modified_gmt":"2023-01-22T13:38:56","slug":"25i-nbome-drug","status":"publish","type":"product","link":"https:\/\/gooddealersmeds.com\/fi\/product\/25i-nbome-drug\/","title":{"rendered":"Tilaa 25i NBOME -l\u00e4\u00e4ke"},"content":{"rendered":"<h2>Osta 25i NBOME -l\u00e4\u00e4ke verkosta<\/h2>\n<p><a href=\"https:\/\/gooddealersmeds.com\/fi\/product\/25i-nbome-drug\/\">25i NBOME -l\u00e4\u00e4ke<\/a> on er\u00e4\u00e4nlainen l\u00e4\u00e4ke, jota k\u00e4ytet\u00e4\u00e4n monenlaisten sairauksien hoitoon. Osta 25I NBOMe l\u00e4\u00e4ke &#8211; L\u00e4\u00e4ke tunnetaan nimell\u00e4 1-metyyli-4-fenyyli-1,2,3,6-tetrahydropyridiini (MPTP), ja sit\u00e4 on k\u00e4ytetty aiemmin Parkinsonin taudin hoitoon. Se on kuitenkin nyt kielletty sen aivomyrkyllisten vaikutusten vuoksi, ja on k\u00e4ynyt selv\u00e4ksi, ett\u00e4 t\u00e4m\u00e4n l\u00e4\u00e4kkeen k\u00e4ytt\u00f6 voi aiheuttaa pysyvi\u00e4 vaurioita hermostollesi.<\/p>\n<p>Jos harkitset 25i:n ostamista NBOME -l\u00e4\u00e4kett\u00e4 Online, sinun pit\u00e4isi tiet\u00e4\u00e4, ett\u00e4 t\u00e4t\u00e4 l\u00e4\u00e4kett\u00e4 on k\u00e4ytetty kliinisiss\u00e4 tutkimuksissa. N\u00e4iden tutkimusten tulokset osoittivat, ett\u00e4 siit\u00e4 oli yleishy\u00f6ty\u00e4 potilaille, jotka k\u00e4rsiv\u00e4t erilaisista sy\u00f6vist\u00e4, mukaan lukien keuhkosy\u00f6p\u00e4 ja lymfooma. Lis\u00e4ksi sen todettiin olevan tehokas useisiin sy\u00f6piin kerralla.<\/p>\n<p><strong>\u00a0<\/strong><\/p>\n<p><strong>Miksi ostaa 25i NBOME -l\u00e4\u00e4ke verkossa?<\/strong><\/p>\n<p>Monet ihmiset, jotka ovat k\u00e4ytt\u00e4neet t\u00e4t\u00e4 l\u00e4\u00e4kett\u00e4 vuosia, ovat ilmoittaneet tuntevansa olonsa masentuneeksi tai heikent\u00e4v\u00e4ns\u00e4 keskittymiskyky\u00e4 liian pitk\u00e4n k\u00e4yt\u00f6n j\u00e4lkeen. Vaikka t\u00e4m\u00e4 saattaa johtua siit\u00e4, ett\u00e4 he ovat saavuttaneet annosrajan tai lopettaneet sen k\u00e4yt\u00f6n kokonaan, jotkut ihmiset k\u00e4rsiv\u00e4t edelleen n\u00e4ist\u00e4 oireista, vaikka he lopettavat 25i NBOME -l\u00e4\u00e4kkeiden k\u00e4yt\u00f6n verkossa. T\u00e4m\u00e4 tarkoittaa, ett\u00e4 monet ihmiset ovat k\u00e4rsineet sivuvaikutuksista t\u00e4m\u00e4n l\u00e4\u00e4kkeen k\u00e4yt\u00f6n seurauksena tiet\u00e4m\u00e4tt\u00e4 etuk\u00e4teen sen vaaroista!<\/p>\n<p><strong>\u00a0<\/strong><\/p>\n<p><strong>Mist\u00e4 ostaa 25i NBOME -l\u00e4\u00e4kett\u00e4 verkosta?<\/strong><\/p>\n<p>Jos haluat p\u00e4\u00e4st\u00e4 eroon aivoihin kohdistuvista myrkyllisist\u00e4 vaikutuksista, tutustu 25i NBOME -l\u00e4\u00e4kett\u00e4 Onlineen. Good Dealers Meds tarjoaa laajan valikoiman tuotteita kaikkiin aivotarpeisiisi.<\/p>\n<p>Meill\u00e4 on mit\u00e4 tarvitset, olitpa sitten etsim\u00e4ss\u00e4 jotain, joka auttaa sinua rentoutumaan tai p\u00e4\u00e4sem\u00e4\u00e4n irti. Myymme my\u00f6s muita l\u00e4\u00e4kkeit\u00e4, joista voi olla hy\u00f6ty\u00e4. Tietenkin, jos haluat ostaa jotain n\u00e4ist\u00e4 l\u00e4\u00e4kkeist\u00e4 ilman apteekkiin matkustamista, olemme oikea paikka sinulle!<\/p>\n<p><strong>\u00a0<\/strong><\/p>\n","protected":false},"excerpt":{"rendered":"<p>Buy 25I NBOMe Drug Online on korkealaatuista tutkimuskemikaalia. Voit ostaa 25I-NBOMe verkosta tukkuhintaan. Turvallinen toimitus 25I-NBOMe Yhdysvaltoihin, EU:hun, Iso-Britanniaan ja muihin maihin.<\/p>\n","protected":false},"featured_media":1904,"comment_status":"open","ping_status":"closed","template":"","meta":{"inline_featured_image":false},"product_brand":[],"product_cat":[344],"product_tag":[],"class_list":{"0":"post-1898","1":"product","2":"type-product","3":"status-publish","4":"has-post-thumbnail","6":"product_cat-tutkimuskemikaalit","8":"first","9":"instock","10":"shipping-taxable","11":"purchasable","12":"product-type-variable","13":"has-default-attributes"},"yoast_head":"<!-- This site is optimized with the Yoast SEO Premium plugin v20.6 (Yoast SEO v27.3) - https:\/\/yoast.com\/product\/yoast-seo-premium-wordpress\/ -->\n<title>Osta 25I NBOMe l\u00e4\u00e4ke | 25I NBOMe myyt\u00e4v\u00e4n\u00e4 | Good Dealers Meds<\/title>\n<meta name=\"description\" content=\"Osta 25I NBOMe l\u00e4\u00e4ke verkosta, voit ostaa 25I-NBOMe verkosta tukkuhintaan. Turvallinen toimitus 25I-NBOMe Yhdysvaltoihin, EU:hun, Iso-Britanniaan ja muihin maihin.\" \/>\n<meta name=\"robots\" content=\"index, follow, max-snippet:-1, max-image-preview:large, max-video-preview:-1\" \/>\n<link rel=\"canonical\" href=\"https:\/\/gooddealersmeds.com\/fi\/product\/25i-nbome-drug\/\" \/>\n<meta property=\"og:locale\" content=\"en_US\" \/>\n<meta property=\"og:type\" content=\"article\" \/>\n<meta property=\"og:title\" content=\"Tilaa 25i NBOME -l\u00e4\u00e4ke\" \/>\n<meta property=\"og:description\" content=\"Osta 25I NBOMe l\u00e4\u00e4ke verkosta, voit ostaa 25I-NBOMe verkosta tukkuhintaan. Turvallinen toimitus 25I-NBOMe Yhdysvaltoihin, EU:hun, Iso-Britanniaan ja muihin maihin.\" \/>\n<meta property=\"og:url\" content=\"https:\/\/gooddealersmeds.com\/fi\/product\/25i-nbome-drug\/\" \/>\n<meta property=\"og:site_name\" content=\"Good Dealers Meds\" \/>\n<meta property=\"article:modified_time\" content=\"2023-01-22T13:38:56+00:00\" \/>\n<meta property=\"og:image\" content=\"https:\/\/gooddealersmeds.com\/fi\/wp-content\/uploads\/sites\/6\/2022\/07\/25i-NBOME-Drug.jpg\" \/>\n\t<meta property=\"og:image:width\" content=\"600\" \/>\n\t<meta property=\"og:image:height\" content=\"600\" \/>\n\t<meta property=\"og:image:type\" content=\"image\/jpeg\" \/>\n<meta name=\"twitter:card\" content=\"summary_large_image\" \/>\n<meta name=\"twitter:label1\" content=\"Est. reading time\" \/>\n\t<meta name=\"twitter:data1\" content=\"2 minutes\" \/>\n<script type=\"application\/ld+json\" class=\"yoast-schema-graph\">{\"@context\":\"https:\\\/\\\/schema.org\",\"@graph\":[{\"@type\":\"WebPage\",\"@id\":\"https:\\\/\\\/gooddealersmeds.com\\\/fi\\\/product\\\/25i-nbome-drug\\\/\",\"url\":\"https:\\\/\\\/gooddealersmeds.com\\\/fi\\\/product\\\/25i-nbome-drug\\\/\",\"name\":\"Osta 25I NBOMe l\u00e4\u00e4ke | 25I NBOMe myyt\u00e4v\u00e4n\u00e4 | Good Dealers Meds\",\"isPartOf\":{\"@id\":\"https:\\\/\\\/gooddealersmeds.com\\\/fi\\\/#website\"},\"primaryImageOfPage\":{\"@id\":\"https:\\\/\\\/gooddealersmeds.com\\\/fi\\\/product\\\/25i-nbome-drug\\\/#primaryimage\"},\"image\":{\"@id\":\"https:\\\/\\\/gooddealersmeds.com\\\/fi\\\/product\\\/25i-nbome-drug\\\/#primaryimage\"},\"thumbnailUrl\":\"https:\\\/\\\/gooddealersmeds.com\\\/fi\\\/wp-content\\\/uploads\\\/sites\\\/6\\\/2022\\\/07\\\/25i-NBOME-Drug.jpg\",\"datePublished\":\"2022-07-03T11:54:52+00:00\",\"dateModified\":\"2023-01-22T13:38:56+00:00\",\"description\":\"Osta 25I NBOMe l\u00e4\u00e4ke verkosta, voit ostaa 25I-NBOMe verkosta tukkuhintaan. Turvallinen toimitus 25I-NBOMe Yhdysvaltoihin, EU:hun, Iso-Britanniaan ja muihin maihin.\",\"breadcrumb\":{\"@id\":\"https:\\\/\\\/gooddealersmeds.com\\\/fi\\\/product\\\/25i-nbome-drug\\\/#breadcrumb\"},\"inLanguage\":\"en-US\",\"potentialAction\":[{\"@type\":\"ReadAction\",\"target\":[\"https:\\\/\\\/gooddealersmeds.com\\\/fi\\\/product\\\/25i-nbome-drug\\\/\"]}]},{\"@type\":\"ImageObject\",\"inLanguage\":\"en-US\",\"@id\":\"https:\\\/\\\/gooddealersmeds.com\\\/fi\\\/product\\\/25i-nbome-drug\\\/#primaryimage\",\"url\":\"https:\\\/\\\/gooddealersmeds.com\\\/fi\\\/wp-content\\\/uploads\\\/sites\\\/6\\\/2022\\\/07\\\/25i-NBOME-Drug.jpg\",\"contentUrl\":\"https:\\\/\\\/gooddealersmeds.com\\\/fi\\\/wp-content\\\/uploads\\\/sites\\\/6\\\/2022\\\/07\\\/25i-NBOME-Drug.jpg\",\"width\":600,\"height\":600,\"caption\":\"Buy 25I NBOMe Drug\"},{\"@type\":\"BreadcrumbList\",\"@id\":\"https:\\\/\\\/gooddealersmeds.com\\\/fi\\\/product\\\/25i-nbome-drug\\\/#breadcrumb\",\"itemListElement\":[{\"@type\":\"ListItem\",\"position\":1,\"name\":\"Home\",\"item\":\"https:\\\/\\\/gooddealersmeds.com\\\/fi\\\/\"},{\"@type\":\"ListItem\",\"position\":2,\"name\":\"Tuotteet\",\"item\":\"https:\\\/\\\/gooddealersmeds.com\\\/fi\\\/tuotteet\\\/\"},{\"@type\":\"ListItem\",\"position\":3,\"name\":\"Tilaa 25i NBOME -l\u00e4\u00e4ke\"}]},{\"@type\":\"WebSite\",\"@id\":\"https:\\\/\\\/gooddealersmeds.com\\\/fi\\\/#website\",\"url\":\"https:\\\/\\\/gooddealersmeds.com\\\/fi\\\/\",\"name\":\"Good Dealers Meds\",\"description\":\"All our best\",\"publisher\":{\"@id\":\"https:\\\/\\\/gooddealersmeds.com\\\/fi\\\/#organization\"},\"potentialAction\":[{\"@type\":\"SearchAction\",\"target\":{\"@type\":\"EntryPoint\",\"urlTemplate\":\"https:\\\/\\\/gooddealersmeds.com\\\/fi\\\/?s={search_term_string}\"},\"query-input\":{\"@type\":\"PropertyValueSpecification\",\"valueRequired\":true,\"valueName\":\"search_term_string\"}}],\"inLanguage\":\"en-US\"},{\"@type\":\"Organization\",\"@id\":\"https:\\\/\\\/gooddealersmeds.com\\\/fi\\\/#organization\",\"name\":\"Good Dealers Meds\",\"url\":\"https:\\\/\\\/gooddealersmeds.com\\\/fi\\\/\",\"logo\":{\"@type\":\"ImageObject\",\"inLanguage\":\"en-US\",\"@id\":\"https:\\\/\\\/gooddealersmeds.com\\\/fi\\\/#\\\/schema\\\/logo\\\/image\\\/\",\"url\":\"https:\\\/\\\/gooddealersmeds.com\\\/fi\\\/wp-content\\\/uploads\\\/sites\\\/6\\\/2022\\\/03\\\/gooddealersmeds__logo__20220317T222800Z.00.png\",\"contentUrl\":\"https:\\\/\\\/gooddealersmeds.com\\\/fi\\\/wp-content\\\/uploads\\\/sites\\\/6\\\/2022\\\/03\\\/gooddealersmeds__logo__20220317T222800Z.00.png\",\"width\":500,\"height\":325,\"caption\":\"Good Dealers Meds\"},\"image\":{\"@id\":\"https:\\\/\\\/gooddealersmeds.com\\\/fi\\\/#\\\/schema\\\/logo\\\/image\\\/\"}}]}<\/script>\n<!-- \/ Yoast SEO Premium plugin. -->","yoast_head_json":{"title":"Osta 25I NBOMe l\u00e4\u00e4ke | 25I NBOMe myyt\u00e4v\u00e4n\u00e4 | Good Dealers Meds","description":"Osta 25I NBOMe l\u00e4\u00e4ke verkosta, voit ostaa 25I-NBOMe verkosta tukkuhintaan. Turvallinen toimitus 25I-NBOMe Yhdysvaltoihin, EU:hun, Iso-Britanniaan ja muihin maihin.","robots":{"index":"index","follow":"follow","max-snippet":"max-snippet:-1","max-image-preview":"max-image-preview:large","max-video-preview":"max-video-preview:-1"},"canonical":"https:\/\/gooddealersmeds.com\/fi\/product\/25i-nbome-drug\/","og_locale":"en_US","og_type":"article","og_title":"Tilaa 25i NBOME -l\u00e4\u00e4ke","og_description":"Osta 25I NBOMe l\u00e4\u00e4ke verkosta, voit ostaa 25I-NBOMe verkosta tukkuhintaan. Turvallinen toimitus 25I-NBOMe Yhdysvaltoihin, EU:hun, Iso-Britanniaan ja muihin maihin.","og_url":"https:\/\/gooddealersmeds.com\/fi\/product\/25i-nbome-drug\/","og_site_name":"Good Dealers Meds","article_modified_time":"2023-01-22T13:38:56+00:00","og_image":[{"width":600,"height":600,"url":"https:\/\/gooddealersmeds.com\/fi\/wp-content\/uploads\/sites\/6\/2022\/07\/25i-NBOME-Drug.jpg","type":"image\/jpeg"}],"twitter_card":"summary_large_image","twitter_misc":{"Est. reading time":"2 minutes"},"schema":{"@context":"https:\/\/schema.org","@graph":[{"@type":"WebPage","@id":"https:\/\/gooddealersmeds.com\/fi\/product\/25i-nbome-drug\/","url":"https:\/\/gooddealersmeds.com\/fi\/product\/25i-nbome-drug\/","name":"Osta 25I NBOMe l\u00e4\u00e4ke | 25I NBOMe myyt\u00e4v\u00e4n\u00e4 | Good Dealers Meds","isPartOf":{"@id":"https:\/\/gooddealersmeds.com\/fi\/#website"},"primaryImageOfPage":{"@id":"https:\/\/gooddealersmeds.com\/fi\/product\/25i-nbome-drug\/#primaryimage"},"image":{"@id":"https:\/\/gooddealersmeds.com\/fi\/product\/25i-nbome-drug\/#primaryimage"},"thumbnailUrl":"https:\/\/gooddealersmeds.com\/fi\/wp-content\/uploads\/sites\/6\/2022\/07\/25i-NBOME-Drug.jpg","datePublished":"2022-07-03T11:54:52+00:00","dateModified":"2023-01-22T13:38:56+00:00","description":"Osta 25I NBOMe l\u00e4\u00e4ke verkosta, voit ostaa 25I-NBOMe verkosta tukkuhintaan. Turvallinen toimitus 25I-NBOMe Yhdysvaltoihin, EU:hun, Iso-Britanniaan ja muihin maihin.","breadcrumb":{"@id":"https:\/\/gooddealersmeds.com\/fi\/product\/25i-nbome-drug\/#breadcrumb"},"inLanguage":"en-US","potentialAction":[{"@type":"ReadAction","target":["https:\/\/gooddealersmeds.com\/fi\/product\/25i-nbome-drug\/"]}]},{"@type":"ImageObject","inLanguage":"en-US","@id":"https:\/\/gooddealersmeds.com\/fi\/product\/25i-nbome-drug\/#primaryimage","url":"https:\/\/gooddealersmeds.com\/fi\/wp-content\/uploads\/sites\/6\/2022\/07\/25i-NBOME-Drug.jpg","contentUrl":"https:\/\/gooddealersmeds.com\/fi\/wp-content\/uploads\/sites\/6\/2022\/07\/25i-NBOME-Drug.jpg","width":600,"height":600,"caption":"Buy 25I NBOMe Drug"},{"@type":"BreadcrumbList","@id":"https:\/\/gooddealersmeds.com\/fi\/product\/25i-nbome-drug\/#breadcrumb","itemListElement":[{"@type":"ListItem","position":1,"name":"Home","item":"https:\/\/gooddealersmeds.com\/fi\/"},{"@type":"ListItem","position":2,"name":"Tuotteet","item":"https:\/\/gooddealersmeds.com\/fi\/tuotteet\/"},{"@type":"ListItem","position":3,"name":"Tilaa 25i NBOME -l\u00e4\u00e4ke"}]},{"@type":"WebSite","@id":"https:\/\/gooddealersmeds.com\/fi\/#website","url":"https:\/\/gooddealersmeds.com\/fi\/","name":"Good Dealers Meds","description":"All our best","publisher":{"@id":"https:\/\/gooddealersmeds.com\/fi\/#organization"},"potentialAction":[{"@type":"SearchAction","target":{"@type":"EntryPoint","urlTemplate":"https:\/\/gooddealersmeds.com\/fi\/?s={search_term_string}"},"query-input":{"@type":"PropertyValueSpecification","valueRequired":true,"valueName":"search_term_string"}}],"inLanguage":"en-US"},{"@type":"Organization","@id":"https:\/\/gooddealersmeds.com\/fi\/#organization","name":"Good Dealers Meds","url":"https:\/\/gooddealersmeds.com\/fi\/","logo":{"@type":"ImageObject","inLanguage":"en-US","@id":"https:\/\/gooddealersmeds.com\/fi\/#\/schema\/logo\/image\/","url":"https:\/\/gooddealersmeds.com\/fi\/wp-content\/uploads\/sites\/6\/2022\/03\/gooddealersmeds__logo__20220317T222800Z.00.png","contentUrl":"https:\/\/gooddealersmeds.com\/fi\/wp-content\/uploads\/sites\/6\/2022\/03\/gooddealersmeds__logo__20220317T222800Z.00.png","width":500,"height":325,"caption":"Good Dealers Meds"},"image":{"@id":"https:\/\/gooddealersmeds.com\/fi\/#\/schema\/logo\/image\/"}}]}},"_links":{"self":[{"href":"https:\/\/gooddealersmeds.com\/fi\/wp-json\/wp\/v2\/product\/1898","targetHints":{"allow":["GET"]}}],"collection":[{"href":"https:\/\/gooddealersmeds.com\/fi\/wp-json\/wp\/v2\/product"}],"about":[{"href":"https:\/\/gooddealersmeds.com\/fi\/wp-json\/wp\/v2\/types\/product"}],"replies":[{"embeddable":true,"href":"https:\/\/gooddealersmeds.com\/fi\/wp-json\/wp\/v2\/comments?post=1898"}],"wp:featuredmedia":[{"embeddable":true,"href":"https:\/\/gooddealersmeds.com\/fi\/wp-json\/wp\/v2\/media\/1904"}],"wp:attachment":[{"href":"https:\/\/gooddealersmeds.com\/fi\/wp-json\/wp\/v2\/media?parent=1898"}],"wp:term":[{"taxonomy":"product_brand","embeddable":true,"href":"https:\/\/gooddealersmeds.com\/fi\/wp-json\/wp\/v2\/product_brand?post=1898"},{"taxonomy":"product_cat","embeddable":true,"href":"https:\/\/gooddealersmeds.com\/fi\/wp-json\/wp\/v2\/product_cat?post=1898"},{"taxonomy":"product_tag","embeddable":true,"href":"https:\/\/gooddealersmeds.com\/fi\/wp-json\/wp\/v2\/product_tag?post=1898"}],"curies":[{"name":"wp","href":"https:\/\/api.w.org\/{rel}","templated":true}]}}