{"id":1891,"date":"2022-07-03T11:48:53","date_gmt":"2022-07-03T11:48:53","guid":{"rendered":"https:\/\/gooddealersmeds.com\/fi\/?post_type=product&#038;p=1891"},"modified":"2023-01-22T13:46:27","modified_gmt":"2023-01-22T13:46:27","slug":"3-meo-pcp-laake","status":"publish","type":"product","link":"https:\/\/gooddealersmeds.com\/fi\/product\/3-meo-pcp-laake\/","title":{"rendered":"Osta 3-MEO PCP -l\u00e4\u00e4ke"},"content":{"rendered":"<h2><strong>Osta <\/strong>\u00a0<strong>3-MEO PCP -l\u00e4\u00e4ke verkosta<\/strong><\/h2>\n<p>Design-huume <a href=\"https:\/\/en.wikipedia.org\/wiki \/3-MeO-PCP\">3-metoksifensyklidiini<\/a> kuuluu dissosiatiivisten hallusinogeenien aryylisykloheksyyliamiiniluokkaan. NMDA-reseptorit ovat sen ensisijainen kohde, mutta se on my\u00f6s vuorovaikutuksessa sigma 1-3 -reseptorien ja serotoniinin kuljettajan kanssa. L\u00e4\u00e4kkeell\u00e4 ei ole opioidiaktiivisuutta, eik\u00e4 se toimi dopamiinin takaisinoton est\u00e4j\u00e4n\u00e4. Osta 3-MeO-PCP-l\u00e4\u00e4ke verkosta.<\/p>\n<p>&nbsp;<\/p>\n<p><strong>Mik\u00e4 tekee 25i NBOME Drug -verkosta parhaan ostamisen?<\/strong><\/p>\n<p>Sin\u00e4 Haluat ehk\u00e4 tilata 25i NBOME Drug -l\u00e4\u00e4kkeen verkosta, jos etsit hoitomuotoa huolehtimatta sivuvaikutuksista tai siit\u00e4, kuinka paljon se maksaa paikallisessa apteekissa. Lis\u00e4ksi useimpien mielest\u00e4 n\u00e4iden l\u00e4\u00e4kkeiden ostaminen verkosta on paljon helpompaa ja edullisempaa kuin ostaminen henkil\u00f6kohtaisesti.<\/p>\n<p>&nbsp;<\/p>\n<p><strong>Paras paikka tilata 3-MEO PCP -l\u00e4\u00e4kett\u00e4<\/strong><\/p>\n<p>Paras paikka ostaa 3-MEO PCP Drug Online on hyv\u00e4maineisesta apteekista tai verkkokaupasta. Sinun tulee aina varmistaa, ett\u00e4 t\u00e4t\u00e4 tuotetta myyv\u00e4 yritys on FDA:n lisensoima ja toisen viraston, kuten National Association of Boards of Pharmacy (NABP) sertifioima. N\u00e4in varmistetaan, ett\u00e4 he noudattavat tiukkoja ohjeita jakelessaan tuotteitaan valtakunnallisesti eri puolilla maata, Osta 3-MeO-PCP-l\u00e4\u00e4ke verkosta<\/p>\n<p>&nbsp;<\/p>\n<p><strong>Yleiset tehosteet Huomautuksia<\/strong><\/p>\n<p>3-MeO-PCP:n vaikutuksia verrataan yleens\u00e4 ketamiiniin ja muihin dissosiatiivisiin aineisiin, kuten PCP:hen, metoksetamiiniin jne.<\/p>\n<p>3-MeO-PCP:n on raportoitu olevan fyysisesti stimuloivampi kuin ketamiinin ja muiden psykedeelisten dissosiatiivisten aineiden. Kun ketamiini saa ihmiset fyysisesti rauhoittumaan ja toimintakyvytt\u00f6myyteen suurilla annoksilla, 3-MeO-PCP:n voimakkaat vaikutukset mieleen voivat liitty\u00e4 seisomaan, k\u00e4velem\u00e4\u00e4n, puhumaan ja mahdollisesti vaarallisiin toimiin.<\/p>\n<p>Ja <a href=\"https:\/\/gooddealersmeds.com\/fi\/product\/3-meo-pcp-drug \/\">Good Dealers Meds<\/a> on paikka, joka merkitsee kaikki vaatimukset luettelon ruudut.<\/p>\n","protected":false},"excerpt":{"rendered":"<p>Osta 3-MeO-PCP-l\u00e4\u00e4kkeit\u00e4 verkkotukkukaupassa valmistajalta, korkea laatu edulliseen hintaan ja toimitus maailmanlaajuisesti. 3-meo-pcp, jonka virallinen nimi on 1-[1-(3-metoksifenyyli)sykloheksyyli]-piperidiini luokitellaan dissosiatiiviseksi yhdisteeksi.<\/p>\n","protected":false},"featured_media":1897,"comment_status":"open","ping_status":"closed","template":"","meta":{"inline_featured_image":false},"product_brand":[],"product_cat":[344],"product_tag":[],"class_list":{"0":"post-1891","1":"product","2":"type-product","3":"status-publish","4":"has-post-thumbnail","6":"product_cat-tutkimuskemikaalit","8":"first","9":"instock","10":"shipping-taxable","11":"purchasable","12":"product-type-variable","13":"has-default-attributes"},"yoast_head":"<!-- This site is optimized with the Yoast SEO Premium plugin v20.6 (Yoast SEO v27.3) - https:\/\/yoast.com\/product\/yoast-seo-premium-wordpress\/ -->\n<title>Osta 3-MeO-PCP-l\u00e4\u00e4ke verkosta | 3-MeO-PCP | Good Dealers Meds<\/title>\n<meta name=\"description\" content=\"Osta 3-MeO-PCP-l\u00e4\u00e4ke verkosta -tukkukaupan valmistajalta Good Dealers Medsiss\u00e4, korkea laatu edulliseen hintaan ja toimitus maailmanlaajuisesti.\" \/>\n<meta name=\"robots\" content=\"index, follow, max-snippet:-1, max-image-preview:large, max-video-preview:-1\" \/>\n<link rel=\"canonical\" href=\"https:\/\/gooddealersmeds.com\/fi\/product\/3-meo-pcp-laake\/\" \/>\n<meta property=\"og:locale\" content=\"en_US\" \/>\n<meta property=\"og:type\" content=\"article\" \/>\n<meta property=\"og:title\" content=\"Osta 3-MEO PCP -l\u00e4\u00e4ke\" \/>\n<meta property=\"og:description\" content=\"Osta 3-MeO-PCP-l\u00e4\u00e4ke verkosta -tukkukaupan valmistajalta Good Dealers Medsiss\u00e4, korkea laatu edulliseen hintaan ja toimitus maailmanlaajuisesti.\" \/>\n<meta property=\"og:url\" content=\"https:\/\/gooddealersmeds.com\/fi\/product\/3-meo-pcp-laake\/\" \/>\n<meta property=\"og:site_name\" content=\"Good Dealers Meds\" \/>\n<meta property=\"article:modified_time\" content=\"2023-01-22T13:46:27+00:00\" \/>\n<meta property=\"og:image\" content=\"https:\/\/gooddealersmeds.com\/fi\/wp-content\/uploads\/sites\/6\/2022\/07\/3-MEO-PCP-Drug.jpg\" \/>\n\t<meta property=\"og:image:width\" content=\"600\" \/>\n\t<meta property=\"og:image:height\" content=\"600\" \/>\n\t<meta property=\"og:image:type\" content=\"image\/jpeg\" \/>\n<meta name=\"twitter:card\" content=\"summary_large_image\" \/>\n<meta name=\"twitter:label1\" content=\"Est. reading time\" \/>\n\t<meta name=\"twitter:data1\" content=\"1 minute\" \/>\n<script type=\"application\/ld+json\" class=\"yoast-schema-graph\">{\"@context\":\"https:\\\/\\\/schema.org\",\"@graph\":[{\"@type\":\"WebPage\",\"@id\":\"https:\\\/\\\/gooddealersmeds.com\\\/fi\\\/product\\\/3-meo-pcp-laake\\\/\",\"url\":\"https:\\\/\\\/gooddealersmeds.com\\\/fi\\\/product\\\/3-meo-pcp-laake\\\/\",\"name\":\"Osta 3-MeO-PCP-l\u00e4\u00e4ke verkosta | 3-MeO-PCP | Good Dealers Meds\",\"isPartOf\":{\"@id\":\"https:\\\/\\\/gooddealersmeds.com\\\/fi\\\/#website\"},\"primaryImageOfPage\":{\"@id\":\"https:\\\/\\\/gooddealersmeds.com\\\/fi\\\/product\\\/3-meo-pcp-laake\\\/#primaryimage\"},\"image\":{\"@id\":\"https:\\\/\\\/gooddealersmeds.com\\\/fi\\\/product\\\/3-meo-pcp-laake\\\/#primaryimage\"},\"thumbnailUrl\":\"https:\\\/\\\/gooddealersmeds.com\\\/fi\\\/wp-content\\\/uploads\\\/sites\\\/6\\\/2022\\\/07\\\/3-MEO-PCP-Drug.jpg\",\"datePublished\":\"2022-07-03T11:48:53+00:00\",\"dateModified\":\"2023-01-22T13:46:27+00:00\",\"description\":\"Osta 3-MeO-PCP-l\u00e4\u00e4ke verkosta -tukkukaupan valmistajalta Good Dealers Medsiss\u00e4, korkea laatu edulliseen hintaan ja toimitus maailmanlaajuisesti.\",\"breadcrumb\":{\"@id\":\"https:\\\/\\\/gooddealersmeds.com\\\/fi\\\/product\\\/3-meo-pcp-laake\\\/#breadcrumb\"},\"inLanguage\":\"en-US\",\"potentialAction\":[{\"@type\":\"ReadAction\",\"target\":[\"https:\\\/\\\/gooddealersmeds.com\\\/fi\\\/product\\\/3-meo-pcp-laake\\\/\"]}]},{\"@type\":\"ImageObject\",\"inLanguage\":\"en-US\",\"@id\":\"https:\\\/\\\/gooddealersmeds.com\\\/fi\\\/product\\\/3-meo-pcp-laake\\\/#primaryimage\",\"url\":\"https:\\\/\\\/gooddealersmeds.com\\\/fi\\\/wp-content\\\/uploads\\\/sites\\\/6\\\/2022\\\/07\\\/3-MEO-PCP-Drug.jpg\",\"contentUrl\":\"https:\\\/\\\/gooddealersmeds.com\\\/fi\\\/wp-content\\\/uploads\\\/sites\\\/6\\\/2022\\\/07\\\/3-MEO-PCP-Drug.jpg\",\"width\":600,\"height\":600,\"caption\":\"Buy 3-MeO-PCP Drug Online\"},{\"@type\":\"BreadcrumbList\",\"@id\":\"https:\\\/\\\/gooddealersmeds.com\\\/fi\\\/product\\\/3-meo-pcp-laake\\\/#breadcrumb\",\"itemListElement\":[{\"@type\":\"ListItem\",\"position\":1,\"name\":\"Home\",\"item\":\"https:\\\/\\\/gooddealersmeds.com\\\/fi\\\/\"},{\"@type\":\"ListItem\",\"position\":2,\"name\":\"Tuotteet\",\"item\":\"https:\\\/\\\/gooddealersmeds.com\\\/fi\\\/tuotteet\\\/\"},{\"@type\":\"ListItem\",\"position\":3,\"name\":\"Osta 3-MEO PCP -l\u00e4\u00e4ke\"}]},{\"@type\":\"WebSite\",\"@id\":\"https:\\\/\\\/gooddealersmeds.com\\\/fi\\\/#website\",\"url\":\"https:\\\/\\\/gooddealersmeds.com\\\/fi\\\/\",\"name\":\"Good Dealers Meds\",\"description\":\"All our best\",\"publisher\":{\"@id\":\"https:\\\/\\\/gooddealersmeds.com\\\/fi\\\/#organization\"},\"potentialAction\":[{\"@type\":\"SearchAction\",\"target\":{\"@type\":\"EntryPoint\",\"urlTemplate\":\"https:\\\/\\\/gooddealersmeds.com\\\/fi\\\/?s={search_term_string}\"},\"query-input\":{\"@type\":\"PropertyValueSpecification\",\"valueRequired\":true,\"valueName\":\"search_term_string\"}}],\"inLanguage\":\"en-US\"},{\"@type\":\"Organization\",\"@id\":\"https:\\\/\\\/gooddealersmeds.com\\\/fi\\\/#organization\",\"name\":\"Good Dealers Meds\",\"url\":\"https:\\\/\\\/gooddealersmeds.com\\\/fi\\\/\",\"logo\":{\"@type\":\"ImageObject\",\"inLanguage\":\"en-US\",\"@id\":\"https:\\\/\\\/gooddealersmeds.com\\\/fi\\\/#\\\/schema\\\/logo\\\/image\\\/\",\"url\":\"https:\\\/\\\/gooddealersmeds.com\\\/fi\\\/wp-content\\\/uploads\\\/sites\\\/6\\\/2022\\\/03\\\/gooddealersmeds__logo__20220317T222800Z.00.png\",\"contentUrl\":\"https:\\\/\\\/gooddealersmeds.com\\\/fi\\\/wp-content\\\/uploads\\\/sites\\\/6\\\/2022\\\/03\\\/gooddealersmeds__logo__20220317T222800Z.00.png\",\"width\":500,\"height\":325,\"caption\":\"Good Dealers Meds\"},\"image\":{\"@id\":\"https:\\\/\\\/gooddealersmeds.com\\\/fi\\\/#\\\/schema\\\/logo\\\/image\\\/\"}}]}<\/script>\n<!-- \/ Yoast SEO Premium plugin. -->","yoast_head_json":{"title":"Osta 3-MeO-PCP-l\u00e4\u00e4ke verkosta | 3-MeO-PCP | Good Dealers Meds","description":"Osta 3-MeO-PCP-l\u00e4\u00e4ke verkosta -tukkukaupan valmistajalta Good Dealers Medsiss\u00e4, korkea laatu edulliseen hintaan ja toimitus maailmanlaajuisesti.","robots":{"index":"index","follow":"follow","max-snippet":"max-snippet:-1","max-image-preview":"max-image-preview:large","max-video-preview":"max-video-preview:-1"},"canonical":"https:\/\/gooddealersmeds.com\/fi\/product\/3-meo-pcp-laake\/","og_locale":"en_US","og_type":"article","og_title":"Osta 3-MEO PCP -l\u00e4\u00e4ke","og_description":"Osta 3-MeO-PCP-l\u00e4\u00e4ke verkosta -tukkukaupan valmistajalta Good Dealers Medsiss\u00e4, korkea laatu edulliseen hintaan ja toimitus maailmanlaajuisesti.","og_url":"https:\/\/gooddealersmeds.com\/fi\/product\/3-meo-pcp-laake\/","og_site_name":"Good Dealers Meds","article_modified_time":"2023-01-22T13:46:27+00:00","og_image":[{"width":600,"height":600,"url":"https:\/\/gooddealersmeds.com\/fi\/wp-content\/uploads\/sites\/6\/2022\/07\/3-MEO-PCP-Drug.jpg","type":"image\/jpeg"}],"twitter_card":"summary_large_image","twitter_misc":{"Est. reading time":"1 minute"},"schema":{"@context":"https:\/\/schema.org","@graph":[{"@type":"WebPage","@id":"https:\/\/gooddealersmeds.com\/fi\/product\/3-meo-pcp-laake\/","url":"https:\/\/gooddealersmeds.com\/fi\/product\/3-meo-pcp-laake\/","name":"Osta 3-MeO-PCP-l\u00e4\u00e4ke verkosta | 3-MeO-PCP | Good Dealers Meds","isPartOf":{"@id":"https:\/\/gooddealersmeds.com\/fi\/#website"},"primaryImageOfPage":{"@id":"https:\/\/gooddealersmeds.com\/fi\/product\/3-meo-pcp-laake\/#primaryimage"},"image":{"@id":"https:\/\/gooddealersmeds.com\/fi\/product\/3-meo-pcp-laake\/#primaryimage"},"thumbnailUrl":"https:\/\/gooddealersmeds.com\/fi\/wp-content\/uploads\/sites\/6\/2022\/07\/3-MEO-PCP-Drug.jpg","datePublished":"2022-07-03T11:48:53+00:00","dateModified":"2023-01-22T13:46:27+00:00","description":"Osta 3-MeO-PCP-l\u00e4\u00e4ke verkosta -tukkukaupan valmistajalta Good Dealers Medsiss\u00e4, korkea laatu edulliseen hintaan ja toimitus maailmanlaajuisesti.","breadcrumb":{"@id":"https:\/\/gooddealersmeds.com\/fi\/product\/3-meo-pcp-laake\/#breadcrumb"},"inLanguage":"en-US","potentialAction":[{"@type":"ReadAction","target":["https:\/\/gooddealersmeds.com\/fi\/product\/3-meo-pcp-laake\/"]}]},{"@type":"ImageObject","inLanguage":"en-US","@id":"https:\/\/gooddealersmeds.com\/fi\/product\/3-meo-pcp-laake\/#primaryimage","url":"https:\/\/gooddealersmeds.com\/fi\/wp-content\/uploads\/sites\/6\/2022\/07\/3-MEO-PCP-Drug.jpg","contentUrl":"https:\/\/gooddealersmeds.com\/fi\/wp-content\/uploads\/sites\/6\/2022\/07\/3-MEO-PCP-Drug.jpg","width":600,"height":600,"caption":"Buy 3-MeO-PCP Drug Online"},{"@type":"BreadcrumbList","@id":"https:\/\/gooddealersmeds.com\/fi\/product\/3-meo-pcp-laake\/#breadcrumb","itemListElement":[{"@type":"ListItem","position":1,"name":"Home","item":"https:\/\/gooddealersmeds.com\/fi\/"},{"@type":"ListItem","position":2,"name":"Tuotteet","item":"https:\/\/gooddealersmeds.com\/fi\/tuotteet\/"},{"@type":"ListItem","position":3,"name":"Osta 3-MEO PCP -l\u00e4\u00e4ke"}]},{"@type":"WebSite","@id":"https:\/\/gooddealersmeds.com\/fi\/#website","url":"https:\/\/gooddealersmeds.com\/fi\/","name":"Good Dealers Meds","description":"All our best","publisher":{"@id":"https:\/\/gooddealersmeds.com\/fi\/#organization"},"potentialAction":[{"@type":"SearchAction","target":{"@type":"EntryPoint","urlTemplate":"https:\/\/gooddealersmeds.com\/fi\/?s={search_term_string}"},"query-input":{"@type":"PropertyValueSpecification","valueRequired":true,"valueName":"search_term_string"}}],"inLanguage":"en-US"},{"@type":"Organization","@id":"https:\/\/gooddealersmeds.com\/fi\/#organization","name":"Good Dealers Meds","url":"https:\/\/gooddealersmeds.com\/fi\/","logo":{"@type":"ImageObject","inLanguage":"en-US","@id":"https:\/\/gooddealersmeds.com\/fi\/#\/schema\/logo\/image\/","url":"https:\/\/gooddealersmeds.com\/fi\/wp-content\/uploads\/sites\/6\/2022\/03\/gooddealersmeds__logo__20220317T222800Z.00.png","contentUrl":"https:\/\/gooddealersmeds.com\/fi\/wp-content\/uploads\/sites\/6\/2022\/03\/gooddealersmeds__logo__20220317T222800Z.00.png","width":500,"height":325,"caption":"Good Dealers Meds"},"image":{"@id":"https:\/\/gooddealersmeds.com\/fi\/#\/schema\/logo\/image\/"}}]}},"_links":{"self":[{"href":"https:\/\/gooddealersmeds.com\/fi\/wp-json\/wp\/v2\/product\/1891","targetHints":{"allow":["GET"]}}],"collection":[{"href":"https:\/\/gooddealersmeds.com\/fi\/wp-json\/wp\/v2\/product"}],"about":[{"href":"https:\/\/gooddealersmeds.com\/fi\/wp-json\/wp\/v2\/types\/product"}],"replies":[{"embeddable":true,"href":"https:\/\/gooddealersmeds.com\/fi\/wp-json\/wp\/v2\/comments?post=1891"}],"wp:featuredmedia":[{"embeddable":true,"href":"https:\/\/gooddealersmeds.com\/fi\/wp-json\/wp\/v2\/media\/1897"}],"wp:attachment":[{"href":"https:\/\/gooddealersmeds.com\/fi\/wp-json\/wp\/v2\/media?parent=1891"}],"wp:term":[{"taxonomy":"product_brand","embeddable":true,"href":"https:\/\/gooddealersmeds.com\/fi\/wp-json\/wp\/v2\/product_brand?post=1891"},{"taxonomy":"product_cat","embeddable":true,"href":"https:\/\/gooddealersmeds.com\/fi\/wp-json\/wp\/v2\/product_cat?post=1891"},{"taxonomy":"product_tag","embeddable":true,"href":"https:\/\/gooddealersmeds.com\/fi\/wp-json\/wp\/v2\/product_tag?post=1891"}],"curies":[{"name":"wp","href":"https:\/\/api.w.org\/{rel}","templated":true}]}}