{"id":1885,"date":"2022-07-03T11:42:40","date_gmt":"2022-07-03T11:42:40","guid":{"rendered":"https:\/\/gooddealersmeds.com\/fi\/?post_type=product&#038;p=1885"},"modified":"2023-01-22T14:25:54","modified_gmt":"2023-01-22T14:25:54","slug":"4-aco-dmt-laake","status":"publish","type":"product","link":"https:\/\/gooddealersmeds.com\/fi\/product\/4-aco-dmt-laake\/","title":{"rendered":"Osta 4-ACO DMT -l\u00e4\u00e4ke"},"content":{"rendered":"<h1>Osta 4-ACO DMT -l\u00e4\u00e4ke verkosta Good Dealers Meds.<\/h1>\n<p>4-ACO DMT l\u00e4\u00e4ke on psykoaktiivinen l\u00e4\u00e4ke, joka on valmistettu tietyntyyppisen kovakuoriaisen kehon myrkyst\u00e4. Nimi tarkoittaa espanjaksi &#8220;nelisataa&#8221;. Alkuper\u00e4isasukkaat k\u00e4yttiv\u00e4t sit\u00e4 alun perin Meksikossa ja Keski-Amerikassa henkisiin tarkoituksiin, mutta nyt se on laillista virkistysk\u00e4ytt\u00f6\u00f6n joissakin maissa. Osta 4-ACO-DMT-l\u00e4\u00e4ke verkosta<\/p>\n<p>4-ACO DMT Drug -l\u00e4\u00e4kkeen aktiivinen ainesosa on <a href=\"https:\/\/psychonautwiki.org\/wiki\/4-AcO-DMT\">5-Methoxy-N (5-MeO-DIPT)<\/a>. Se on samanlainen kuin muut tryptamiinit, kuten psilosybiinisienet ja salvia Divinorum, mutta vahvempi. T\u00e4m\u00e4n l\u00e4\u00e4kkeen vaikutukset kest\u00e4v\u00e4t pidemp\u00e4\u00e4n, ja ihmiset, jotka k\u00e4ytt\u00e4v\u00e4t sit\u00e4 virkistysk\u00e4ytt\u00f6\u00f6n, tuntevat niit\u00e4 harvemmin kuin ne, jotka k\u00e4ytt\u00e4v\u00e4t psilosybiinisieni\u00e4 tai salvia Divinorum -valmistetta virkistystarkoituksiin, koska siin\u00e4 on paljon korkeampi 5-MeO-DIPT-pitoisuus kuin kummassakaan muussa yhdisteess\u00e4.<\/p>\n<p><strong>\u00a0<\/strong><\/p>\n<p><strong>Miksi ostaa 4-ACO DMT -l\u00e4\u00e4ke verkosta?<\/strong><\/p>\n<p>4-ACO DMT -l\u00e4\u00e4kkeen ostaminen Verkosta on paras tapa ostaa l\u00e4\u00e4ke, koska monet verkkosivustot tarjoavat idioottivarmaa mukavuutta ja turvallisuutta. Internetin tullessa yh\u00e4 useammat ihmiset k\u00e4ytt\u00e4v\u00e4t verkkosivustoja ja apteekkeja ostaakseen l\u00e4\u00e4kkeit\u00e4, joita heid\u00e4n on vaikea ostaa fyysisesti. Osta 4-ACO-DMT-l\u00e4\u00e4ke verkosta<\/p>\n<p>&nbsp;<\/p>\n<p><strong>Synonyymit<\/strong><\/p>\n<p>Asetyylipsilosiini<br \/>\n4-asetoksi-N,N-dimetyylitryptamiini<br \/>\nO-asetyylipsilosiini<br \/>\nPsilasetiini<\/p>\n<p><strong>\u00a0<\/strong><\/p>\n<p><strong>Paras paikka tilata 4-ACO DMT -l\u00e4\u00e4kett\u00e4<\/strong><\/p>\n<p>Paras paikka ostaa 4-ACO DMT Drug Online -l\u00e4\u00e4kkeit\u00e4 on <a href=\"https:\/\/gooddealersmeds.com\/fi\/product\/4-aco-dmt-drug\/\">Good Dealers -l\u00e4\u00e4kkeet<\/a>. Ne tarjoavat laajan valikoiman erilaisia \u200b\u200bl\u00e4\u00e4kkeit\u00e4 alhaisilla hinnoilla, joten voit saada juuri sen, mit\u00e4 haluat ilman, ett\u00e4 sinun tarvitsee huolehtia budjettisi rikkomisesta!<\/p>\n<p>K\u00e4ytt\u00e4j\u00e4t mainitsevat s\u00e4\u00e4nn\u00f6llisesti, kuinka paljon 4-AcO-DMT muistuttaa psilosybiinisieni\u00e4. Sit\u00e4 kuvataan tyypillisesti autuaaksi, miedoksi, viihtyis\u00e4ksi ja elinvoimaiseksi. Jotkut v\u00e4itt\u00e4v\u00e4t, ett\u00e4 visuaalit muistuttavat DMT:t\u00e4, koska ne ovat kirkkaampia ja fluoresoivampia. Lis\u00e4ksi sen sanotaan aiheuttavan v\u00e4hemm\u00e4n pahoinvointia kuin psilosybiinisienet, mik\u00e4 saattaa johtua siit\u00e4, ett\u00e4 se ei liity sienimateriaalien sulamiseen.<\/p>\n","protected":false},"excerpt":{"rendered":"<p>Osta 4-Aco-DMT Drug Online, 4-AcO-DMT \u00a0on synteettisesti valmistettu psykoaktiivinen huume, ja David Nichols on ehdottanut sen olevan mahdollisesti hy\u00f6dyllinen vaihtoehto psilosybiinille farmakologisissa tutkimuksissa.<\/p>\n","protected":false},"featured_media":1890,"comment_status":"open","ping_status":"closed","template":"","meta":{"inline_featured_image":false},"product_brand":[],"product_cat":[344],"product_tag":[],"class_list":{"0":"post-1885","1":"product","2":"type-product","3":"status-publish","4":"has-post-thumbnail","6":"product_cat-tutkimuskemikaalit","8":"first","9":"instock","10":"shipping-taxable","11":"purchasable","12":"product-type-variable","13":"has-default-attributes"},"yoast_head":"<!-- This site is optimized with the Yoast SEO Premium plugin v20.6 (Yoast SEO v27.4) - https:\/\/yoast.com\/product\/yoast-seo-premium-wordpress\/ -->\n<title>Osta 4-ACO-DMT-l\u00e4\u00e4ke verkosta - Tilaa 4-ACO-DMT | Good Dealers Meds<\/title>\n<meta name=\"description\" content=\"Osta 4-ACO-DMT-l\u00e4\u00e4ke verkosta, synteettisesti valmistettu psykoaktiivinen l\u00e4\u00e4ke, mahdollisesti hy\u00f6dyllinen vaihtoehto psilosybiinille farmakologisiin tutkimuksiin.\" \/>\n<meta name=\"robots\" content=\"index, follow, max-snippet:-1, max-image-preview:large, max-video-preview:-1\" \/>\n<link rel=\"canonical\" href=\"https:\/\/gooddealersmeds.com\/fi\/product\/4-aco-dmt-laake\/\" \/>\n<meta property=\"og:locale\" content=\"en_US\" \/>\n<meta property=\"og:type\" content=\"article\" \/>\n<meta property=\"og:title\" content=\"Osta 4-ACO DMT -l\u00e4\u00e4ke\" \/>\n<meta property=\"og:description\" content=\"Osta 4-ACO-DMT-l\u00e4\u00e4ke verkosta, synteettisesti valmistettu psykoaktiivinen l\u00e4\u00e4ke, mahdollisesti hy\u00f6dyllinen vaihtoehto psilosybiinille farmakologisiin tutkimuksiin.\" \/>\n<meta property=\"og:url\" content=\"https:\/\/gooddealersmeds.com\/fi\/product\/4-aco-dmt-laake\/\" \/>\n<meta property=\"og:site_name\" content=\"Good Dealers Meds\" \/>\n<meta property=\"article:modified_time\" content=\"2023-01-22T14:25:54+00:00\" \/>\n<meta property=\"og:image\" content=\"https:\/\/gooddealersmeds.com\/fi\/wp-content\/uploads\/sites\/6\/2022\/07\/Buy-4-Aco-DMT-Quality-Drug-Online.jpg\" \/>\n\t<meta property=\"og:image:width\" content=\"600\" \/>\n\t<meta property=\"og:image:height\" content=\"600\" \/>\n\t<meta property=\"og:image:type\" content=\"image\/jpeg\" \/>\n<meta name=\"twitter:card\" content=\"summary_large_image\" \/>\n<meta name=\"twitter:label1\" content=\"Est. reading time\" \/>\n\t<meta name=\"twitter:data1\" content=\"1 minute\" \/>\n<script type=\"application\/ld+json\" class=\"yoast-schema-graph\">{\"@context\":\"https:\\\/\\\/schema.org\",\"@graph\":[{\"@type\":\"WebPage\",\"@id\":\"https:\\\/\\\/gooddealersmeds.com\\\/fi\\\/product\\\/4-aco-dmt-laake\\\/\",\"url\":\"https:\\\/\\\/gooddealersmeds.com\\\/fi\\\/product\\\/4-aco-dmt-laake\\\/\",\"name\":\"Osta 4-ACO-DMT-l\u00e4\u00e4ke verkosta - Tilaa 4-ACO-DMT | Good Dealers Meds\",\"isPartOf\":{\"@id\":\"https:\\\/\\\/gooddealersmeds.com\\\/fi\\\/#website\"},\"primaryImageOfPage\":{\"@id\":\"https:\\\/\\\/gooddealersmeds.com\\\/fi\\\/product\\\/4-aco-dmt-laake\\\/#primaryimage\"},\"image\":{\"@id\":\"https:\\\/\\\/gooddealersmeds.com\\\/fi\\\/product\\\/4-aco-dmt-laake\\\/#primaryimage\"},\"thumbnailUrl\":\"https:\\\/\\\/gooddealersmeds.com\\\/fi\\\/wp-content\\\/uploads\\\/sites\\\/6\\\/2022\\\/07\\\/Buy-4-Aco-DMT-Quality-Drug-Online.jpg\",\"datePublished\":\"2022-07-03T11:42:40+00:00\",\"dateModified\":\"2023-01-22T14:25:54+00:00\",\"description\":\"Osta 4-ACO-DMT-l\u00e4\u00e4ke verkosta, synteettisesti valmistettu psykoaktiivinen l\u00e4\u00e4ke, mahdollisesti hy\u00f6dyllinen vaihtoehto psilosybiinille farmakologisiin tutkimuksiin.\",\"breadcrumb\":{\"@id\":\"https:\\\/\\\/gooddealersmeds.com\\\/fi\\\/product\\\/4-aco-dmt-laake\\\/#breadcrumb\"},\"inLanguage\":\"en-US\",\"potentialAction\":[{\"@type\":\"ReadAction\",\"target\":[\"https:\\\/\\\/gooddealersmeds.com\\\/fi\\\/product\\\/4-aco-dmt-laake\\\/\"]}]},{\"@type\":\"ImageObject\",\"inLanguage\":\"en-US\",\"@id\":\"https:\\\/\\\/gooddealersmeds.com\\\/fi\\\/product\\\/4-aco-dmt-laake\\\/#primaryimage\",\"url\":\"https:\\\/\\\/gooddealersmeds.com\\\/fi\\\/wp-content\\\/uploads\\\/sites\\\/6\\\/2022\\\/07\\\/Buy-4-Aco-DMT-Quality-Drug-Online.jpg\",\"contentUrl\":\"https:\\\/\\\/gooddealersmeds.com\\\/fi\\\/wp-content\\\/uploads\\\/sites\\\/6\\\/2022\\\/07\\\/Buy-4-Aco-DMT-Quality-Drug-Online.jpg\",\"width\":600,\"height\":600,\"caption\":\"Buy 4-ACO-DMT Drug Online\"},{\"@type\":\"BreadcrumbList\",\"@id\":\"https:\\\/\\\/gooddealersmeds.com\\\/fi\\\/product\\\/4-aco-dmt-laake\\\/#breadcrumb\",\"itemListElement\":[{\"@type\":\"ListItem\",\"position\":1,\"name\":\"Home\",\"item\":\"https:\\\/\\\/gooddealersmeds.com\\\/fi\\\/\"},{\"@type\":\"ListItem\",\"position\":2,\"name\":\"Tuotteet\",\"item\":\"https:\\\/\\\/gooddealersmeds.com\\\/fi\\\/tuotteet\\\/\"},{\"@type\":\"ListItem\",\"position\":3,\"name\":\"Osta 4-ACO DMT -l\u00e4\u00e4ke\"}]},{\"@type\":\"WebSite\",\"@id\":\"https:\\\/\\\/gooddealersmeds.com\\\/fi\\\/#website\",\"url\":\"https:\\\/\\\/gooddealersmeds.com\\\/fi\\\/\",\"name\":\"Good Dealers Meds\",\"description\":\"All our best\",\"publisher\":{\"@id\":\"https:\\\/\\\/gooddealersmeds.com\\\/fi\\\/#organization\"},\"potentialAction\":[{\"@type\":\"SearchAction\",\"target\":{\"@type\":\"EntryPoint\",\"urlTemplate\":\"https:\\\/\\\/gooddealersmeds.com\\\/fi\\\/?s={search_term_string}\"},\"query-input\":{\"@type\":\"PropertyValueSpecification\",\"valueRequired\":true,\"valueName\":\"search_term_string\"}}],\"inLanguage\":\"en-US\"},{\"@type\":\"Organization\",\"@id\":\"https:\\\/\\\/gooddealersmeds.com\\\/fi\\\/#organization\",\"name\":\"Good Dealers Meds\",\"url\":\"https:\\\/\\\/gooddealersmeds.com\\\/fi\\\/\",\"logo\":{\"@type\":\"ImageObject\",\"inLanguage\":\"en-US\",\"@id\":\"https:\\\/\\\/gooddealersmeds.com\\\/fi\\\/#\\\/schema\\\/logo\\\/image\\\/\",\"url\":\"https:\\\/\\\/gooddealersmeds.com\\\/fi\\\/wp-content\\\/uploads\\\/sites\\\/6\\\/2022\\\/03\\\/gooddealersmeds__logo__20220317T222800Z.00.png\",\"contentUrl\":\"https:\\\/\\\/gooddealersmeds.com\\\/fi\\\/wp-content\\\/uploads\\\/sites\\\/6\\\/2022\\\/03\\\/gooddealersmeds__logo__20220317T222800Z.00.png\",\"width\":500,\"height\":325,\"caption\":\"Good Dealers Meds\"},\"image\":{\"@id\":\"https:\\\/\\\/gooddealersmeds.com\\\/fi\\\/#\\\/schema\\\/logo\\\/image\\\/\"}}]}<\/script>\n<!-- \/ Yoast SEO Premium plugin. -->","yoast_head_json":{"title":"Osta 4-ACO-DMT-l\u00e4\u00e4ke verkosta - Tilaa 4-ACO-DMT | Good Dealers Meds","description":"Osta 4-ACO-DMT-l\u00e4\u00e4ke verkosta, synteettisesti valmistettu psykoaktiivinen l\u00e4\u00e4ke, mahdollisesti hy\u00f6dyllinen vaihtoehto psilosybiinille farmakologisiin tutkimuksiin.","robots":{"index":"index","follow":"follow","max-snippet":"max-snippet:-1","max-image-preview":"max-image-preview:large","max-video-preview":"max-video-preview:-1"},"canonical":"https:\/\/gooddealersmeds.com\/fi\/product\/4-aco-dmt-laake\/","og_locale":"en_US","og_type":"article","og_title":"Osta 4-ACO DMT -l\u00e4\u00e4ke","og_description":"Osta 4-ACO-DMT-l\u00e4\u00e4ke verkosta, synteettisesti valmistettu psykoaktiivinen l\u00e4\u00e4ke, mahdollisesti hy\u00f6dyllinen vaihtoehto psilosybiinille farmakologisiin tutkimuksiin.","og_url":"https:\/\/gooddealersmeds.com\/fi\/product\/4-aco-dmt-laake\/","og_site_name":"Good Dealers Meds","article_modified_time":"2023-01-22T14:25:54+00:00","og_image":[{"width":600,"height":600,"url":"https:\/\/gooddealersmeds.com\/fi\/wp-content\/uploads\/sites\/6\/2022\/07\/Buy-4-Aco-DMT-Quality-Drug-Online.jpg","type":"image\/jpeg"}],"twitter_card":"summary_large_image","twitter_misc":{"Est. reading time":"1 minute"},"schema":{"@context":"https:\/\/schema.org","@graph":[{"@type":"WebPage","@id":"https:\/\/gooddealersmeds.com\/fi\/product\/4-aco-dmt-laake\/","url":"https:\/\/gooddealersmeds.com\/fi\/product\/4-aco-dmt-laake\/","name":"Osta 4-ACO-DMT-l\u00e4\u00e4ke verkosta - Tilaa 4-ACO-DMT | Good Dealers Meds","isPartOf":{"@id":"https:\/\/gooddealersmeds.com\/fi\/#website"},"primaryImageOfPage":{"@id":"https:\/\/gooddealersmeds.com\/fi\/product\/4-aco-dmt-laake\/#primaryimage"},"image":{"@id":"https:\/\/gooddealersmeds.com\/fi\/product\/4-aco-dmt-laake\/#primaryimage"},"thumbnailUrl":"https:\/\/gooddealersmeds.com\/fi\/wp-content\/uploads\/sites\/6\/2022\/07\/Buy-4-Aco-DMT-Quality-Drug-Online.jpg","datePublished":"2022-07-03T11:42:40+00:00","dateModified":"2023-01-22T14:25:54+00:00","description":"Osta 4-ACO-DMT-l\u00e4\u00e4ke verkosta, synteettisesti valmistettu psykoaktiivinen l\u00e4\u00e4ke, mahdollisesti hy\u00f6dyllinen vaihtoehto psilosybiinille farmakologisiin tutkimuksiin.","breadcrumb":{"@id":"https:\/\/gooddealersmeds.com\/fi\/product\/4-aco-dmt-laake\/#breadcrumb"},"inLanguage":"en-US","potentialAction":[{"@type":"ReadAction","target":["https:\/\/gooddealersmeds.com\/fi\/product\/4-aco-dmt-laake\/"]}]},{"@type":"ImageObject","inLanguage":"en-US","@id":"https:\/\/gooddealersmeds.com\/fi\/product\/4-aco-dmt-laake\/#primaryimage","url":"https:\/\/gooddealersmeds.com\/fi\/wp-content\/uploads\/sites\/6\/2022\/07\/Buy-4-Aco-DMT-Quality-Drug-Online.jpg","contentUrl":"https:\/\/gooddealersmeds.com\/fi\/wp-content\/uploads\/sites\/6\/2022\/07\/Buy-4-Aco-DMT-Quality-Drug-Online.jpg","width":600,"height":600,"caption":"Buy 4-ACO-DMT Drug Online"},{"@type":"BreadcrumbList","@id":"https:\/\/gooddealersmeds.com\/fi\/product\/4-aco-dmt-laake\/#breadcrumb","itemListElement":[{"@type":"ListItem","position":1,"name":"Home","item":"https:\/\/gooddealersmeds.com\/fi\/"},{"@type":"ListItem","position":2,"name":"Tuotteet","item":"https:\/\/gooddealersmeds.com\/fi\/tuotteet\/"},{"@type":"ListItem","position":3,"name":"Osta 4-ACO DMT -l\u00e4\u00e4ke"}]},{"@type":"WebSite","@id":"https:\/\/gooddealersmeds.com\/fi\/#website","url":"https:\/\/gooddealersmeds.com\/fi\/","name":"Good Dealers Meds","description":"All our best","publisher":{"@id":"https:\/\/gooddealersmeds.com\/fi\/#organization"},"potentialAction":[{"@type":"SearchAction","target":{"@type":"EntryPoint","urlTemplate":"https:\/\/gooddealersmeds.com\/fi\/?s={search_term_string}"},"query-input":{"@type":"PropertyValueSpecification","valueRequired":true,"valueName":"search_term_string"}}],"inLanguage":"en-US"},{"@type":"Organization","@id":"https:\/\/gooddealersmeds.com\/fi\/#organization","name":"Good Dealers Meds","url":"https:\/\/gooddealersmeds.com\/fi\/","logo":{"@type":"ImageObject","inLanguage":"en-US","@id":"https:\/\/gooddealersmeds.com\/fi\/#\/schema\/logo\/image\/","url":"https:\/\/gooddealersmeds.com\/fi\/wp-content\/uploads\/sites\/6\/2022\/03\/gooddealersmeds__logo__20220317T222800Z.00.png","contentUrl":"https:\/\/gooddealersmeds.com\/fi\/wp-content\/uploads\/sites\/6\/2022\/03\/gooddealersmeds__logo__20220317T222800Z.00.png","width":500,"height":325,"caption":"Good Dealers Meds"},"image":{"@id":"https:\/\/gooddealersmeds.com\/fi\/#\/schema\/logo\/image\/"}}]}},"_links":{"self":[{"href":"https:\/\/gooddealersmeds.com\/fi\/wp-json\/wp\/v2\/product\/1885","targetHints":{"allow":["GET"]}}],"collection":[{"href":"https:\/\/gooddealersmeds.com\/fi\/wp-json\/wp\/v2\/product"}],"about":[{"href":"https:\/\/gooddealersmeds.com\/fi\/wp-json\/wp\/v2\/types\/product"}],"replies":[{"embeddable":true,"href":"https:\/\/gooddealersmeds.com\/fi\/wp-json\/wp\/v2\/comments?post=1885"}],"wp:featuredmedia":[{"embeddable":true,"href":"https:\/\/gooddealersmeds.com\/fi\/wp-json\/wp\/v2\/media\/1890"}],"wp:attachment":[{"href":"https:\/\/gooddealersmeds.com\/fi\/wp-json\/wp\/v2\/media?parent=1885"}],"wp:term":[{"taxonomy":"product_brand","embeddable":true,"href":"https:\/\/gooddealersmeds.com\/fi\/wp-json\/wp\/v2\/product_brand?post=1885"},{"taxonomy":"product_cat","embeddable":true,"href":"https:\/\/gooddealersmeds.com\/fi\/wp-json\/wp\/v2\/product_cat?post=1885"},{"taxonomy":"product_tag","embeddable":true,"href":"https:\/\/gooddealersmeds.com\/fi\/wp-json\/wp\/v2\/product_tag?post=1885"}],"curies":[{"name":"wp","href":"https:\/\/api.w.org\/{rel}","templated":true}]}}