{"id":1877,"date":"2022-07-03T11:36:36","date_gmt":"2022-07-03T11:36:36","guid":{"rendered":"https:\/\/gooddealersmeds.com\/fi\/?post_type=product&#038;p=1877"},"modified":"2023-01-22T14:32:43","modified_gmt":"2023-01-22T14:32:43","slug":"4-cec-laake","status":"publish","type":"product","link":"https:\/\/gooddealersmeds.com\/fi\/product\/4-cec-laake\/","title":{"rendered":"Osta 4-CEC-l\u00e4\u00e4ke verkosta"},"content":{"rendered":"<h2>Osta 4-CEC-l\u00e4\u00e4ke verkosta Good Dealers Meds<\/h2>\n<p>4-CEC -l\u00e4\u00e4ke verkossa on uudenlainen l\u00e4\u00e4ke, jolla on kehitetty auttamaan ihmisi\u00e4, jotka k\u00e4rsiv\u00e4t kroonisesta kivusta. Sit\u00e4 voidaan k\u00e4ytt\u00e4\u00e4 potilaille, jotka ovat k\u00e4rsineet pitk\u00e4aikaisesta kroonisesta kivusta, kuten selk\u00e4kivuista tai iskiasista, Osta 4-CEC-l\u00e4\u00e4ke verkosta<\/p>\n<p>T\u00e4t\u00e4 l\u00e4\u00e4kett\u00e4 on saatavana tabletteina, mutta se voidaan ottaa my\u00f6s kielen alle laittamalla yksi pala kielesi alle 30 sekunniksi tai kaksi palaa kerralla, jos pid\u00e4t t\u00e4st\u00e4 menetelm\u00e4st\u00e4 enemm\u00e4n kuin kokonaisten tablettien pureskelua tai nielemist\u00e4.<\/p>\n<p>&nbsp;<\/p>\n<p><strong>Syyt ostaa 4-CEC-l\u00e4\u00e4ke Verkossa.<\/strong><\/p>\n<p>Sinun tulee harkita <a href=\"https:\/\/infoboerse-neue-drogen.de\/substanzen\/4-cec-4-chloroethcathinon\/\">4-CEC<\/a>\u00a0 Huumeita verkossa, koska sen on osoitettu toimivan nopeammin kuin muut l\u00e4\u00e4kkeet. K\u00e4ytt\u00e4j\u00e4t huomaavat tilansa paranemisen muutaman p\u00e4iv\u00e4n kuluessa t\u00e4m\u00e4n l\u00e4\u00e4kkeen k\u00e4yt\u00f6st\u00e4. 4-CEC Drugin online-k\u00e4yt\u00f6n etuja ovat:<\/p>\n<p>&nbsp;<\/p>\n<ol>\n<li>Se v\u00e4hent\u00e4\u00e4 lis\u00e4vamman riski\u00e4 ja auttaa sinua toipumaan nopeammin nykyisest\u00e4 vammastasi;<\/li>\n<li>Se auttaa v\u00e4hent\u00e4m\u00e4\u00e4n tulehdusta ja v\u00e4hent\u00e4m\u00e4\u00e4n turvotusta, mik\u00e4 parantaa liikkuvuuttasi;<\/li>\n<li>Se helpottaa lihaskouristuksia ja parantaa liikkuvuutta v\u00e4hent\u00e4m\u00e4ll\u00e4 kipua ja j\u00e4ykkyytt\u00e4;<\/li>\n<li>Se auttaa lievitt\u00e4m\u00e4\u00e4n ahdistusta ja masennus ja parantaa yleist\u00e4 mielialaa;<\/li>\n<li>Se auttaa palauttamaan kehon tasapainon onnettomuuden tai leikkauksen j\u00e4lkeen v\u00e4hent\u00e4m\u00e4ll\u00e4 tulehdusta loukkaantuneella alueella;<\/li>\n<li>Se toimii paremmin kuin useimmat muut l\u00e4\u00e4kkeet markkinoilla t\u00e4n\u00e4\u00e4n, koska sill\u00e4 ei ole kielteisi\u00e4 sivuvaikutuksia, kuten suun kuivumista tai ummetusta.<\/li>\n<\/ol>\n<p>&nbsp;<\/p>\n<p><strong>Mist\u00e4 ostaa 4-CEC-l\u00e4\u00e4kkeit\u00e4 verkossa? <\/strong><\/p>\n<p>Paras paikka <a href=\"https:\/\/gooddealersmeds.com\/fi\/product\/4-cec-drug\/\">ostaa 4-CEC -l\u00e4\u00e4ke verkosta<\/a> on Great Dealers Meds. Ne tarjoavat monia erilaisia \u200b\u200b\u200b\u200bl\u00e4\u00e4kkeit\u00e4 alhaisin kustannuksin, joten voit saada juuri tarvitsemasi asian ilman, ett\u00e4 sinun tarvitsee kuluttaa enemm\u00e4n rahaa kuin olet ajatellut. Osta 4-CEC-l\u00e4\u00e4ke verkosta.<\/p>\n","protected":false},"excerpt":{"rendered":"<p>Osta 4-CEC Drug verkosta, 4-Chloromethcathinone on katinoniluokan pirist\u00e4v\u00e4 huume, jota on myyty verkossa suunnittelijal\u00e4\u00e4kkeen\u00e4. Se on samanlainen kuin 4-CMC (analoginen 4-CMC).<\/p>\n","protected":false},"featured_media":1884,"comment_status":"open","ping_status":"closed","template":"","meta":{"inline_featured_image":false},"product_brand":[],"product_cat":[344],"product_tag":[],"class_list":{"0":"post-1877","1":"product","2":"type-product","3":"status-publish","4":"has-post-thumbnail","6":"product_cat-tutkimuskemikaalit","8":"first","9":"instock","10":"shipping-taxable","11":"purchasable","12":"product-type-variable","13":"has-default-attributes"},"yoast_head":"<!-- This site is optimized with the Yoast SEO Premium plugin v20.6 (Yoast SEO v27.3) - https:\/\/yoast.com\/product\/yoast-seo-premium-wordpress\/ -->\n<title>Osta 4-CEC-l\u00e4\u00e4ke verkosta | (4-Chloroethcathinone) | Good Dealers Meds<\/title>\n<meta name=\"description\" content=\"Osta 4-CEC-l\u00e4\u00e4ke verkosta, se on katinoniluokan pirist\u00e4v\u00e4 huume, jota on myyty verkossa suunnittelijal\u00e4\u00e4kkeen\u00e4. Se on samanlainen 4-CMC: n kanssa.\" \/>\n<meta name=\"robots\" content=\"index, follow, max-snippet:-1, max-image-preview:large, max-video-preview:-1\" \/>\n<link rel=\"canonical\" href=\"https:\/\/gooddealersmeds.com\/fi\/product\/4-cec-laake\/\" \/>\n<meta property=\"og:locale\" content=\"en_US\" \/>\n<meta property=\"og:type\" content=\"article\" \/>\n<meta property=\"og:title\" content=\"Osta 4-CEC-l\u00e4\u00e4ke verkosta\" \/>\n<meta property=\"og:description\" content=\"Osta 4-CEC-l\u00e4\u00e4ke verkosta, se on katinoniluokan pirist\u00e4v\u00e4 huume, jota on myyty verkossa suunnittelijal\u00e4\u00e4kkeen\u00e4. Se on samanlainen 4-CMC: n kanssa.\" \/>\n<meta property=\"og:url\" content=\"https:\/\/gooddealersmeds.com\/fi\/product\/4-cec-laake\/\" \/>\n<meta property=\"og:site_name\" content=\"Good Dealers Meds\" \/>\n<meta property=\"article:modified_time\" content=\"2023-01-22T14:32:43+00:00\" \/>\n<meta property=\"og:image\" content=\"https:\/\/gooddealersmeds.com\/fi\/wp-content\/uploads\/sites\/6\/2022\/07\/4-CEC.jpg\" \/>\n\t<meta property=\"og:image:width\" content=\"600\" \/>\n\t<meta property=\"og:image:height\" content=\"600\" \/>\n\t<meta property=\"og:image:type\" content=\"image\/jpeg\" \/>\n<meta name=\"twitter:card\" content=\"summary_large_image\" \/>\n<meta name=\"twitter:label1\" content=\"Est. reading time\" \/>\n\t<meta name=\"twitter:data1\" content=\"1 minute\" \/>\n<script type=\"application\/ld+json\" class=\"yoast-schema-graph\">{\"@context\":\"https:\\\/\\\/schema.org\",\"@graph\":[{\"@type\":\"WebPage\",\"@id\":\"https:\\\/\\\/gooddealersmeds.com\\\/fi\\\/product\\\/4-cec-laake\\\/\",\"url\":\"https:\\\/\\\/gooddealersmeds.com\\\/fi\\\/product\\\/4-cec-laake\\\/\",\"name\":\"Osta 4-CEC-l\u00e4\u00e4ke verkosta | (4-Chloroethcathinone) | Good Dealers Meds\",\"isPartOf\":{\"@id\":\"https:\\\/\\\/gooddealersmeds.com\\\/fi\\\/#website\"},\"primaryImageOfPage\":{\"@id\":\"https:\\\/\\\/gooddealersmeds.com\\\/fi\\\/product\\\/4-cec-laake\\\/#primaryimage\"},\"image\":{\"@id\":\"https:\\\/\\\/gooddealersmeds.com\\\/fi\\\/product\\\/4-cec-laake\\\/#primaryimage\"},\"thumbnailUrl\":\"https:\\\/\\\/gooddealersmeds.com\\\/fi\\\/wp-content\\\/uploads\\\/sites\\\/6\\\/2022\\\/07\\\/4-CEC.jpg\",\"datePublished\":\"2022-07-03T11:36:36+00:00\",\"dateModified\":\"2023-01-22T14:32:43+00:00\",\"description\":\"Osta 4-CEC-l\u00e4\u00e4ke verkosta, se on katinoniluokan pirist\u00e4v\u00e4 huume, jota on myyty verkossa suunnittelijal\u00e4\u00e4kkeen\u00e4. Se on samanlainen 4-CMC: n kanssa.\",\"breadcrumb\":{\"@id\":\"https:\\\/\\\/gooddealersmeds.com\\\/fi\\\/product\\\/4-cec-laake\\\/#breadcrumb\"},\"inLanguage\":\"en-US\",\"potentialAction\":[{\"@type\":\"ReadAction\",\"target\":[\"https:\\\/\\\/gooddealersmeds.com\\\/fi\\\/product\\\/4-cec-laake\\\/\"]}]},{\"@type\":\"ImageObject\",\"inLanguage\":\"en-US\",\"@id\":\"https:\\\/\\\/gooddealersmeds.com\\\/fi\\\/product\\\/4-cec-laake\\\/#primaryimage\",\"url\":\"https:\\\/\\\/gooddealersmeds.com\\\/fi\\\/wp-content\\\/uploads\\\/sites\\\/6\\\/2022\\\/07\\\/4-CEC.jpg\",\"contentUrl\":\"https:\\\/\\\/gooddealersmeds.com\\\/fi\\\/wp-content\\\/uploads\\\/sites\\\/6\\\/2022\\\/07\\\/4-CEC.jpg\",\"width\":600,\"height\":600,\"caption\":\"Buy 4-CEC Drug Online\"},{\"@type\":\"BreadcrumbList\",\"@id\":\"https:\\\/\\\/gooddealersmeds.com\\\/fi\\\/product\\\/4-cec-laake\\\/#breadcrumb\",\"itemListElement\":[{\"@type\":\"ListItem\",\"position\":1,\"name\":\"Home\",\"item\":\"https:\\\/\\\/gooddealersmeds.com\\\/fi\\\/\"},{\"@type\":\"ListItem\",\"position\":2,\"name\":\"Tuotteet\",\"item\":\"https:\\\/\\\/gooddealersmeds.com\\\/fi\\\/tuotteet\\\/\"},{\"@type\":\"ListItem\",\"position\":3,\"name\":\"Osta 4-CEC-l\u00e4\u00e4ke verkosta\"}]},{\"@type\":\"WebSite\",\"@id\":\"https:\\\/\\\/gooddealersmeds.com\\\/fi\\\/#website\",\"url\":\"https:\\\/\\\/gooddealersmeds.com\\\/fi\\\/\",\"name\":\"Good Dealers Meds\",\"description\":\"All our best\",\"publisher\":{\"@id\":\"https:\\\/\\\/gooddealersmeds.com\\\/fi\\\/#organization\"},\"potentialAction\":[{\"@type\":\"SearchAction\",\"target\":{\"@type\":\"EntryPoint\",\"urlTemplate\":\"https:\\\/\\\/gooddealersmeds.com\\\/fi\\\/?s={search_term_string}\"},\"query-input\":{\"@type\":\"PropertyValueSpecification\",\"valueRequired\":true,\"valueName\":\"search_term_string\"}}],\"inLanguage\":\"en-US\"},{\"@type\":\"Organization\",\"@id\":\"https:\\\/\\\/gooddealersmeds.com\\\/fi\\\/#organization\",\"name\":\"Good Dealers Meds\",\"url\":\"https:\\\/\\\/gooddealersmeds.com\\\/fi\\\/\",\"logo\":{\"@type\":\"ImageObject\",\"inLanguage\":\"en-US\",\"@id\":\"https:\\\/\\\/gooddealersmeds.com\\\/fi\\\/#\\\/schema\\\/logo\\\/image\\\/\",\"url\":\"https:\\\/\\\/gooddealersmeds.com\\\/fi\\\/wp-content\\\/uploads\\\/sites\\\/6\\\/2022\\\/03\\\/gooddealersmeds__logo__20220317T222800Z.00.png\",\"contentUrl\":\"https:\\\/\\\/gooddealersmeds.com\\\/fi\\\/wp-content\\\/uploads\\\/sites\\\/6\\\/2022\\\/03\\\/gooddealersmeds__logo__20220317T222800Z.00.png\",\"width\":500,\"height\":325,\"caption\":\"Good Dealers Meds\"},\"image\":{\"@id\":\"https:\\\/\\\/gooddealersmeds.com\\\/fi\\\/#\\\/schema\\\/logo\\\/image\\\/\"}}]}<\/script>\n<!-- \/ Yoast SEO Premium plugin. -->","yoast_head_json":{"title":"Osta 4-CEC-l\u00e4\u00e4ke verkosta | (4-Chloroethcathinone) | Good Dealers Meds","description":"Osta 4-CEC-l\u00e4\u00e4ke verkosta, se on katinoniluokan pirist\u00e4v\u00e4 huume, jota on myyty verkossa suunnittelijal\u00e4\u00e4kkeen\u00e4. Se on samanlainen 4-CMC: n kanssa.","robots":{"index":"index","follow":"follow","max-snippet":"max-snippet:-1","max-image-preview":"max-image-preview:large","max-video-preview":"max-video-preview:-1"},"canonical":"https:\/\/gooddealersmeds.com\/fi\/product\/4-cec-laake\/","og_locale":"en_US","og_type":"article","og_title":"Osta 4-CEC-l\u00e4\u00e4ke verkosta","og_description":"Osta 4-CEC-l\u00e4\u00e4ke verkosta, se on katinoniluokan pirist\u00e4v\u00e4 huume, jota on myyty verkossa suunnittelijal\u00e4\u00e4kkeen\u00e4. Se on samanlainen 4-CMC: n kanssa.","og_url":"https:\/\/gooddealersmeds.com\/fi\/product\/4-cec-laake\/","og_site_name":"Good Dealers Meds","article_modified_time":"2023-01-22T14:32:43+00:00","og_image":[{"width":600,"height":600,"url":"https:\/\/gooddealersmeds.com\/fi\/wp-content\/uploads\/sites\/6\/2022\/07\/4-CEC.jpg","type":"image\/jpeg"}],"twitter_card":"summary_large_image","twitter_misc":{"Est. reading time":"1 minute"},"schema":{"@context":"https:\/\/schema.org","@graph":[{"@type":"WebPage","@id":"https:\/\/gooddealersmeds.com\/fi\/product\/4-cec-laake\/","url":"https:\/\/gooddealersmeds.com\/fi\/product\/4-cec-laake\/","name":"Osta 4-CEC-l\u00e4\u00e4ke verkosta | (4-Chloroethcathinone) | Good Dealers Meds","isPartOf":{"@id":"https:\/\/gooddealersmeds.com\/fi\/#website"},"primaryImageOfPage":{"@id":"https:\/\/gooddealersmeds.com\/fi\/product\/4-cec-laake\/#primaryimage"},"image":{"@id":"https:\/\/gooddealersmeds.com\/fi\/product\/4-cec-laake\/#primaryimage"},"thumbnailUrl":"https:\/\/gooddealersmeds.com\/fi\/wp-content\/uploads\/sites\/6\/2022\/07\/4-CEC.jpg","datePublished":"2022-07-03T11:36:36+00:00","dateModified":"2023-01-22T14:32:43+00:00","description":"Osta 4-CEC-l\u00e4\u00e4ke verkosta, se on katinoniluokan pirist\u00e4v\u00e4 huume, jota on myyty verkossa suunnittelijal\u00e4\u00e4kkeen\u00e4. Se on samanlainen 4-CMC: n kanssa.","breadcrumb":{"@id":"https:\/\/gooddealersmeds.com\/fi\/product\/4-cec-laake\/#breadcrumb"},"inLanguage":"en-US","potentialAction":[{"@type":"ReadAction","target":["https:\/\/gooddealersmeds.com\/fi\/product\/4-cec-laake\/"]}]},{"@type":"ImageObject","inLanguage":"en-US","@id":"https:\/\/gooddealersmeds.com\/fi\/product\/4-cec-laake\/#primaryimage","url":"https:\/\/gooddealersmeds.com\/fi\/wp-content\/uploads\/sites\/6\/2022\/07\/4-CEC.jpg","contentUrl":"https:\/\/gooddealersmeds.com\/fi\/wp-content\/uploads\/sites\/6\/2022\/07\/4-CEC.jpg","width":600,"height":600,"caption":"Buy 4-CEC Drug Online"},{"@type":"BreadcrumbList","@id":"https:\/\/gooddealersmeds.com\/fi\/product\/4-cec-laake\/#breadcrumb","itemListElement":[{"@type":"ListItem","position":1,"name":"Home","item":"https:\/\/gooddealersmeds.com\/fi\/"},{"@type":"ListItem","position":2,"name":"Tuotteet","item":"https:\/\/gooddealersmeds.com\/fi\/tuotteet\/"},{"@type":"ListItem","position":3,"name":"Osta 4-CEC-l\u00e4\u00e4ke verkosta"}]},{"@type":"WebSite","@id":"https:\/\/gooddealersmeds.com\/fi\/#website","url":"https:\/\/gooddealersmeds.com\/fi\/","name":"Good Dealers Meds","description":"All our best","publisher":{"@id":"https:\/\/gooddealersmeds.com\/fi\/#organization"},"potentialAction":[{"@type":"SearchAction","target":{"@type":"EntryPoint","urlTemplate":"https:\/\/gooddealersmeds.com\/fi\/?s={search_term_string}"},"query-input":{"@type":"PropertyValueSpecification","valueRequired":true,"valueName":"search_term_string"}}],"inLanguage":"en-US"},{"@type":"Organization","@id":"https:\/\/gooddealersmeds.com\/fi\/#organization","name":"Good Dealers Meds","url":"https:\/\/gooddealersmeds.com\/fi\/","logo":{"@type":"ImageObject","inLanguage":"en-US","@id":"https:\/\/gooddealersmeds.com\/fi\/#\/schema\/logo\/image\/","url":"https:\/\/gooddealersmeds.com\/fi\/wp-content\/uploads\/sites\/6\/2022\/03\/gooddealersmeds__logo__20220317T222800Z.00.png","contentUrl":"https:\/\/gooddealersmeds.com\/fi\/wp-content\/uploads\/sites\/6\/2022\/03\/gooddealersmeds__logo__20220317T222800Z.00.png","width":500,"height":325,"caption":"Good Dealers Meds"},"image":{"@id":"https:\/\/gooddealersmeds.com\/fi\/#\/schema\/logo\/image\/"}}]}},"_links":{"self":[{"href":"https:\/\/gooddealersmeds.com\/fi\/wp-json\/wp\/v2\/product\/1877","targetHints":{"allow":["GET"]}}],"collection":[{"href":"https:\/\/gooddealersmeds.com\/fi\/wp-json\/wp\/v2\/product"}],"about":[{"href":"https:\/\/gooddealersmeds.com\/fi\/wp-json\/wp\/v2\/types\/product"}],"replies":[{"embeddable":true,"href":"https:\/\/gooddealersmeds.com\/fi\/wp-json\/wp\/v2\/comments?post=1877"}],"wp:featuredmedia":[{"embeddable":true,"href":"https:\/\/gooddealersmeds.com\/fi\/wp-json\/wp\/v2\/media\/1884"}],"wp:attachment":[{"href":"https:\/\/gooddealersmeds.com\/fi\/wp-json\/wp\/v2\/media?parent=1877"}],"wp:term":[{"taxonomy":"product_brand","embeddable":true,"href":"https:\/\/gooddealersmeds.com\/fi\/wp-json\/wp\/v2\/product_brand?post=1877"},{"taxonomy":"product_cat","embeddable":true,"href":"https:\/\/gooddealersmeds.com\/fi\/wp-json\/wp\/v2\/product_cat?post=1877"},{"taxonomy":"product_tag","embeddable":true,"href":"https:\/\/gooddealersmeds.com\/fi\/wp-json\/wp\/v2\/product_tag?post=1877"}],"curies":[{"name":"wp","href":"https:\/\/api.w.org\/{rel}","templated":true}]}}