{"id":1875,"date":"2022-06-30T00:12:13","date_gmt":"2022-06-30T00:12:13","guid":{"rendered":"https:\/\/gooddealersmeds.com\/fi\/?post_type=product&#038;p=1875"},"modified":"2023-01-22T14:46:24","modified_gmt":"2023-01-22T14:46:24","slug":"violetti-kuningatar","status":"publish","type":"product","link":"https:\/\/gooddealersmeds.com\/fi\/product\/violetti-kuningatar\/","title":{"rendered":"Osta Purple Queen verkosta"},"content":{"rendered":"<h2><strong>Purple Queen Weed myyt\u00e4v\u00e4n\u00e4 verkossa<\/strong><\/h2>\n<p>Osta Purple Queen verkosta, jota k\u00e4ytet\u00e4\u00e4n monenlaisten sairauksien hoitoon. Sen on hyv\u00e4ksynyt FDA ja monet muut maat ymp\u00e4ri maailmaa. Se on tehokas masennusl\u00e4\u00e4ke, joka est\u00e4\u00e4 serotoniinin, norepinefriinin, dopamiinin ja muiden v\u00e4litt\u00e4j\u00e4aineiden siirtymisen aivoissasi. Kun n\u00e4in tapahtuu, tunnet olosi onnellisemmaksi, rennommaksi ja tunnet paremmalta.<\/p>\n<p>Purple Queen Online on l\u00e4\u00e4ke, jota k\u00e4ytet\u00e4\u00e4n masennuksen hoitoon. Se toimii edist\u00e4m\u00e4ll\u00e4 tiettyjen kemikaalien tuotantoa aivoissa.<\/p>\n<p>Purple Queen Online ei sovi kaikille \u2013 sit\u00e4 tulisi k\u00e4ytt\u00e4\u00e4 vain, jos olet kokeillut muita l\u00e4\u00e4kkeit\u00e4 tuloksetta.<\/p>\n<p>hyv\u00e4 uutinen on, ett\u00e4 Purple Queen Online on FDA:n hyv\u00e4ksym\u00e4 ja sit\u00e4 pidet\u00e4\u00e4n yleisesti turvallisena k\u00e4ytt\u00e4\u00e4. Se voi kuitenkin aiheuttaa sivuvaikutuksia joillekin ihmisille, joten on t\u00e4rke\u00e4\u00e4, ett\u00e4 keskustelet l\u00e4\u00e4k\u00e4risi kanssa ennen t\u00e4m\u00e4n l\u00e4\u00e4kkeen ottamista, jos sinulla on kysytt\u00e4v\u00e4\u00e4 tai huolenaiheita sen k\u00e4yt\u00f6st\u00e4.<\/p>\n<p>Purple Queen Online toimii parhaiten, kun sit\u00e4 k\u00e4ytet\u00e4\u00e4n s\u00e4\u00e4nn\u00f6llinen aikataulu, joten sit\u00e4 ei suositella k\u00e4ytett\u00e4v\u00e4ksi terapian tai neuvontaistuntojen korvikkeena. Jos p\u00e4\u00e4t\u00e4t kokeilla sit\u00e4 neuvottelematta ensin l\u00e4\u00e4k\u00e4risi kanssa, kerro heille, mit\u00e4 toimenpiteit\u00e4 aiot tehd\u00e4 ennen Purple Queen Online -hoidon aloittamista, Osta Purple Queen verkosta.<\/p>\n<p>Purple Queen on saatavana tablettimuodossa, joka on pakattu 120 tablettia sis\u00e4lt\u00e4v\u00e4\u00e4n pulloon. tabletit (30 mg kukin). T\u00e4m\u00e4 l\u00e4\u00e4ke tulee ottaa suun kautta 30 minuuttia ennen ateriaa runsaan veden kera.<\/p>\n<p><strong>\u00a0<\/strong><\/p>\n<h3>Miksi osta Purple Queen verkossa?<\/h3>\n<p>Paras tapa hankkia Purple Queen Online on ostaa se luotettavalta j\u00e4lleenmyyj\u00e4lt\u00e4, joka on myynyt huumeita vuosia. Voit luottaa heihin, koska he osaavat varmistaa, ett\u00e4 saat parhaan l\u00e4\u00e4kkeen tarpeisiisi ilman ongelmia tai sivuvaikutuksia. Heill\u00e4 on laajat tiedot erilaisista l\u00e4\u00e4kkeist\u00e4 ja niiden vaikutuksesta kehoosi, joten he voivat l\u00f6yt\u00e4\u00e4 sinulle oikean l\u00e4\u00e4kkeen nopeasti ja helposti.<\/p>\n<p>Voit ostaa Purple Queenin verkosta <a href=\"https:\/\/gooddealersmeds.com\/fi\/product\/violetti-kuningatar\/\">Good Dealers Meds<\/a>.<\/p>\n","protected":false},"excerpt":{"rendered":"<p>Purple Queen on puhdas indicakuninkaallinen. Royal Queen Seedsin mestarikasvattajat ovat kehitt\u00e4neet ainutlaatuisen Kush-hybridin yhdist\u00e4m\u00e4ll\u00e4 kaikkein vaikeasti havaittavissa olevia ja arvostetuimpia Kush-vuoristokantojen violetteja fenotyyppej\u00e4. Purple Queenilta voidaan odottaa eloisia violetteja v\u00e4rej\u00e4, pist\u00e4vi\u00e4 m\u00e4ntypolttoaineen aromeja ja syv\u00e4\u00e4n tunkeutuvaa, fyysisesti kivist\u00e4 vaikutusta.<\/p>\n","protected":false},"featured_media":1876,"comment_status":"open","ping_status":"closed","template":"","meta":{"inline_featured_image":false},"product_brand":[],"product_cat":[348],"product_tag":[452,453,472,473,474,475,476,477,478,479,480,481,457,458,466,459,462,465,464,454,471,456,470,469,455,460,463,467,482,483,484,411,486,485,490,489,451,468,488,487,461],"class_list":{"0":"post-1875","1":"product","2":"type-product","3":"status-publish","4":"has-post-thumbnail","6":"product_cat-marihuana","7":"product_tag-can-i-buy-cannabis","8":"product_tag-cannabis-buds-for-sale","9":"product_tag-cannabis-plant-for-sale","10":"product_tag-cannabis-plants-for-sale","11":"product_tag-cannabis-plants-for-sale-uk","12":"product_tag-cannabis-pollen-for-sale","13":"product_tag-cannabis-resin-for-sale","14":"product_tag-cannabis-sale-uk","15":"product_tag-cannabis-seeds-for-sale-in-england","16":"product_tag-cannabis-terpenes-for-sale","17":"product_tag-cannabis-vaporizer-for-sale","18":"product_tag-cheap-cannabis-seeds-for-sale","19":"product_tag-kannabiksen-paloja-myynniss","20":"product_tag-kannabiksen-leikkaukset-myynniss-uk","21":"product_tag-kannabis-kasvata-teltat-myynniss","22":"product_tag-kannabis-e-savukkeet-myynniss","23":"product_tag-kannabis-myytvn","24":"product_tag-kannabis-myynniss-uk","25":"product_tag-kannabis-myynniss-online-uk","26":"product_tag-kannabis-kapselit-myynniss","27":"product_tag-kannabis-kasviruoka-myynniss","28":"product_tag-kannabis-kloonit-myynniss","29":"product_tag-kannabisljy-myynniss-uk","30":"product_tag-kannabisljy-myynniss-verkossa","31":"product_tag-kannabis-savukkeet-myynniss","32":"product_tag-cannabis-e-neste-myynniss","33":"product_tag-kannabis-myynniss-verkossa","34":"product_tag-kannabis-valot-myynniss","35":"product_tag-yrtti-kannabis-myynniss","36":"product_tag-laillinen-kannabis-myynniss","37":"product_tag-laillinen-kannabis-myynniss-uk","38":"product_tag-marihuana-myytvn","39":"product_tag-marihuanan-siemeni-myynniss","40":"product_tag-marihuana-ljy-myynniss","41":"product_tag-mist-tilaa-kannabista","42":"product_tag-mist-saan-kannabista","43":"product_tag-100-kannabisljy-myynniss","44":"product_tag-kannabisljy-myynniss","45":"product_tag-thc-kannabisljy-myynniss","46":"product_tag-synteettinen-kannabis-myynniss","47":"product_tag-kannabis-sytvt-tuotteet-myynniss","49":"first","50":"instock","51":"shipping-taxable","52":"purchasable","53":"product-type-simple"},"yoast_head":"<!-- This site is optimized with the Yoast SEO Premium plugin v20.6 (Yoast SEO v27.3) - https:\/\/yoast.com\/product\/yoast-seo-premium-wordpress\/ -->\n<title>Osta Purple Queen verkosta - Tilaa marihuana | Good Dealers Meds<\/title>\n<meta name=\"description\" content=\"Haluat ostaa Purple Queenin verkosta edulliseen hintaan \uff06 saat sen toimitettuna kotiovellesi. Toimitamme maailmanlaajuisesti, tyytyv\u00e4isyystakuu.\" \/>\n<meta name=\"robots\" content=\"index, follow, max-snippet:-1, max-image-preview:large, max-video-preview:-1\" \/>\n<link rel=\"canonical\" href=\"https:\/\/gooddealersmeds.com\/fi\/product\/violetti-kuningatar\/\" \/>\n<meta property=\"og:locale\" content=\"en_US\" \/>\n<meta property=\"og:type\" content=\"article\" \/>\n<meta property=\"og:title\" content=\"Osta Purple Queen verkosta\" \/>\n<meta property=\"og:description\" content=\"Haluat ostaa Purple Queenin verkosta edulliseen hintaan \uff06 saat sen toimitettuna kotiovellesi. Toimitamme maailmanlaajuisesti, tyytyv\u00e4isyystakuu.\" \/>\n<meta property=\"og:url\" content=\"https:\/\/gooddealersmeds.com\/fi\/product\/violetti-kuningatar\/\" \/>\n<meta property=\"og:site_name\" content=\"Good Dealers Meds\" \/>\n<meta property=\"article:modified_time\" content=\"2023-01-22T14:46:24+00:00\" \/>\n<meta property=\"og:image\" content=\"https:\/\/gooddealersmeds.com\/fi\/wp-content\/uploads\/sites\/6\/2022\/06\/PURPLE-QUEEN.jpg\" \/>\n\t<meta property=\"og:image:width\" content=\"600\" \/>\n\t<meta property=\"og:image:height\" content=\"600\" \/>\n\t<meta property=\"og:image:type\" content=\"image\/jpeg\" \/>\n<meta name=\"twitter:card\" content=\"summary_large_image\" \/>\n<meta name=\"twitter:label1\" content=\"Est. reading time\" \/>\n\t<meta name=\"twitter:data1\" content=\"2 minutes\" \/>\n<script type=\"application\/ld+json\" class=\"yoast-schema-graph\">{\"@context\":\"https:\\\/\\\/schema.org\",\"@graph\":[{\"@type\":\"WebPage\",\"@id\":\"https:\\\/\\\/gooddealersmeds.com\\\/fi\\\/product\\\/violetti-kuningatar\\\/\",\"url\":\"https:\\\/\\\/gooddealersmeds.com\\\/fi\\\/product\\\/violetti-kuningatar\\\/\",\"name\":\"Osta Purple Queen verkosta - Tilaa marihuana | Good Dealers Meds\",\"isPartOf\":{\"@id\":\"https:\\\/\\\/gooddealersmeds.com\\\/fi\\\/#website\"},\"primaryImageOfPage\":{\"@id\":\"https:\\\/\\\/gooddealersmeds.com\\\/fi\\\/product\\\/violetti-kuningatar\\\/#primaryimage\"},\"image\":{\"@id\":\"https:\\\/\\\/gooddealersmeds.com\\\/fi\\\/product\\\/violetti-kuningatar\\\/#primaryimage\"},\"thumbnailUrl\":\"https:\\\/\\\/gooddealersmeds.com\\\/fi\\\/wp-content\\\/uploads\\\/sites\\\/6\\\/2022\\\/06\\\/PURPLE-QUEEN.jpg\",\"datePublished\":\"2022-06-30T00:12:13+00:00\",\"dateModified\":\"2023-01-22T14:46:24+00:00\",\"description\":\"Haluat ostaa Purple Queenin verkosta edulliseen hintaan \uff06 saat sen toimitettuna kotiovellesi. Toimitamme maailmanlaajuisesti, tyytyv\u00e4isyystakuu.\",\"breadcrumb\":{\"@id\":\"https:\\\/\\\/gooddealersmeds.com\\\/fi\\\/product\\\/violetti-kuningatar\\\/#breadcrumb\"},\"inLanguage\":\"en-US\",\"potentialAction\":[{\"@type\":\"ReadAction\",\"target\":[\"https:\\\/\\\/gooddealersmeds.com\\\/fi\\\/product\\\/violetti-kuningatar\\\/\"]}]},{\"@type\":\"ImageObject\",\"inLanguage\":\"en-US\",\"@id\":\"https:\\\/\\\/gooddealersmeds.com\\\/fi\\\/product\\\/violetti-kuningatar\\\/#primaryimage\",\"url\":\"https:\\\/\\\/gooddealersmeds.com\\\/fi\\\/wp-content\\\/uploads\\\/sites\\\/6\\\/2022\\\/06\\\/PURPLE-QUEEN.jpg\",\"contentUrl\":\"https:\\\/\\\/gooddealersmeds.com\\\/fi\\\/wp-content\\\/uploads\\\/sites\\\/6\\\/2022\\\/06\\\/PURPLE-QUEEN.jpg\",\"width\":600,\"height\":600,\"caption\":\"Buy Purple Queen Online\"},{\"@type\":\"BreadcrumbList\",\"@id\":\"https:\\\/\\\/gooddealersmeds.com\\\/fi\\\/product\\\/violetti-kuningatar\\\/#breadcrumb\",\"itemListElement\":[{\"@type\":\"ListItem\",\"position\":1,\"name\":\"Home\",\"item\":\"https:\\\/\\\/gooddealersmeds.com\\\/fi\\\/\"},{\"@type\":\"ListItem\",\"position\":2,\"name\":\"Tuotteet\",\"item\":\"https:\\\/\\\/gooddealersmeds.com\\\/fi\\\/tuotteet\\\/\"},{\"@type\":\"ListItem\",\"position\":3,\"name\":\"Osta Purple Queen verkosta\"}]},{\"@type\":\"WebSite\",\"@id\":\"https:\\\/\\\/gooddealersmeds.com\\\/fi\\\/#website\",\"url\":\"https:\\\/\\\/gooddealersmeds.com\\\/fi\\\/\",\"name\":\"Good Dealers Meds\",\"description\":\"All our best\",\"publisher\":{\"@id\":\"https:\\\/\\\/gooddealersmeds.com\\\/fi\\\/#organization\"},\"potentialAction\":[{\"@type\":\"SearchAction\",\"target\":{\"@type\":\"EntryPoint\",\"urlTemplate\":\"https:\\\/\\\/gooddealersmeds.com\\\/fi\\\/?s={search_term_string}\"},\"query-input\":{\"@type\":\"PropertyValueSpecification\",\"valueRequired\":true,\"valueName\":\"search_term_string\"}}],\"inLanguage\":\"en-US\"},{\"@type\":\"Organization\",\"@id\":\"https:\\\/\\\/gooddealersmeds.com\\\/fi\\\/#organization\",\"name\":\"Good Dealers Meds\",\"url\":\"https:\\\/\\\/gooddealersmeds.com\\\/fi\\\/\",\"logo\":{\"@type\":\"ImageObject\",\"inLanguage\":\"en-US\",\"@id\":\"https:\\\/\\\/gooddealersmeds.com\\\/fi\\\/#\\\/schema\\\/logo\\\/image\\\/\",\"url\":\"https:\\\/\\\/gooddealersmeds.com\\\/fi\\\/wp-content\\\/uploads\\\/sites\\\/6\\\/2022\\\/03\\\/gooddealersmeds__logo__20220317T222800Z.00.png\",\"contentUrl\":\"https:\\\/\\\/gooddealersmeds.com\\\/fi\\\/wp-content\\\/uploads\\\/sites\\\/6\\\/2022\\\/03\\\/gooddealersmeds__logo__20220317T222800Z.00.png\",\"width\":500,\"height\":325,\"caption\":\"Good Dealers Meds\"},\"image\":{\"@id\":\"https:\\\/\\\/gooddealersmeds.com\\\/fi\\\/#\\\/schema\\\/logo\\\/image\\\/\"}}]}<\/script>\n<!-- \/ Yoast SEO Premium plugin. -->","yoast_head_json":{"title":"Osta Purple Queen verkosta - Tilaa marihuana | Good Dealers Meds","description":"Haluat ostaa Purple Queenin verkosta edulliseen hintaan \uff06 saat sen toimitettuna kotiovellesi. Toimitamme maailmanlaajuisesti, tyytyv\u00e4isyystakuu.","robots":{"index":"index","follow":"follow","max-snippet":"max-snippet:-1","max-image-preview":"max-image-preview:large","max-video-preview":"max-video-preview:-1"},"canonical":"https:\/\/gooddealersmeds.com\/fi\/product\/violetti-kuningatar\/","og_locale":"en_US","og_type":"article","og_title":"Osta Purple Queen verkosta","og_description":"Haluat ostaa Purple Queenin verkosta edulliseen hintaan \uff06 saat sen toimitettuna kotiovellesi. Toimitamme maailmanlaajuisesti, tyytyv\u00e4isyystakuu.","og_url":"https:\/\/gooddealersmeds.com\/fi\/product\/violetti-kuningatar\/","og_site_name":"Good Dealers Meds","article_modified_time":"2023-01-22T14:46:24+00:00","og_image":[{"width":600,"height":600,"url":"https:\/\/gooddealersmeds.com\/fi\/wp-content\/uploads\/sites\/6\/2022\/06\/PURPLE-QUEEN.jpg","type":"image\/jpeg"}],"twitter_card":"summary_large_image","twitter_misc":{"Est. reading time":"2 minutes"},"schema":{"@context":"https:\/\/schema.org","@graph":[{"@type":"WebPage","@id":"https:\/\/gooddealersmeds.com\/fi\/product\/violetti-kuningatar\/","url":"https:\/\/gooddealersmeds.com\/fi\/product\/violetti-kuningatar\/","name":"Osta Purple Queen verkosta - Tilaa marihuana | Good Dealers Meds","isPartOf":{"@id":"https:\/\/gooddealersmeds.com\/fi\/#website"},"primaryImageOfPage":{"@id":"https:\/\/gooddealersmeds.com\/fi\/product\/violetti-kuningatar\/#primaryimage"},"image":{"@id":"https:\/\/gooddealersmeds.com\/fi\/product\/violetti-kuningatar\/#primaryimage"},"thumbnailUrl":"https:\/\/gooddealersmeds.com\/fi\/wp-content\/uploads\/sites\/6\/2022\/06\/PURPLE-QUEEN.jpg","datePublished":"2022-06-30T00:12:13+00:00","dateModified":"2023-01-22T14:46:24+00:00","description":"Haluat ostaa Purple Queenin verkosta edulliseen hintaan \uff06 saat sen toimitettuna kotiovellesi. Toimitamme maailmanlaajuisesti, tyytyv\u00e4isyystakuu.","breadcrumb":{"@id":"https:\/\/gooddealersmeds.com\/fi\/product\/violetti-kuningatar\/#breadcrumb"},"inLanguage":"en-US","potentialAction":[{"@type":"ReadAction","target":["https:\/\/gooddealersmeds.com\/fi\/product\/violetti-kuningatar\/"]}]},{"@type":"ImageObject","inLanguage":"en-US","@id":"https:\/\/gooddealersmeds.com\/fi\/product\/violetti-kuningatar\/#primaryimage","url":"https:\/\/gooddealersmeds.com\/fi\/wp-content\/uploads\/sites\/6\/2022\/06\/PURPLE-QUEEN.jpg","contentUrl":"https:\/\/gooddealersmeds.com\/fi\/wp-content\/uploads\/sites\/6\/2022\/06\/PURPLE-QUEEN.jpg","width":600,"height":600,"caption":"Buy Purple Queen Online"},{"@type":"BreadcrumbList","@id":"https:\/\/gooddealersmeds.com\/fi\/product\/violetti-kuningatar\/#breadcrumb","itemListElement":[{"@type":"ListItem","position":1,"name":"Home","item":"https:\/\/gooddealersmeds.com\/fi\/"},{"@type":"ListItem","position":2,"name":"Tuotteet","item":"https:\/\/gooddealersmeds.com\/fi\/tuotteet\/"},{"@type":"ListItem","position":3,"name":"Osta Purple Queen verkosta"}]},{"@type":"WebSite","@id":"https:\/\/gooddealersmeds.com\/fi\/#website","url":"https:\/\/gooddealersmeds.com\/fi\/","name":"Good Dealers Meds","description":"All our best","publisher":{"@id":"https:\/\/gooddealersmeds.com\/fi\/#organization"},"potentialAction":[{"@type":"SearchAction","target":{"@type":"EntryPoint","urlTemplate":"https:\/\/gooddealersmeds.com\/fi\/?s={search_term_string}"},"query-input":{"@type":"PropertyValueSpecification","valueRequired":true,"valueName":"search_term_string"}}],"inLanguage":"en-US"},{"@type":"Organization","@id":"https:\/\/gooddealersmeds.com\/fi\/#organization","name":"Good Dealers Meds","url":"https:\/\/gooddealersmeds.com\/fi\/","logo":{"@type":"ImageObject","inLanguage":"en-US","@id":"https:\/\/gooddealersmeds.com\/fi\/#\/schema\/logo\/image\/","url":"https:\/\/gooddealersmeds.com\/fi\/wp-content\/uploads\/sites\/6\/2022\/03\/gooddealersmeds__logo__20220317T222800Z.00.png","contentUrl":"https:\/\/gooddealersmeds.com\/fi\/wp-content\/uploads\/sites\/6\/2022\/03\/gooddealersmeds__logo__20220317T222800Z.00.png","width":500,"height":325,"caption":"Good Dealers Meds"},"image":{"@id":"https:\/\/gooddealersmeds.com\/fi\/#\/schema\/logo\/image\/"}}]}},"_links":{"self":[{"href":"https:\/\/gooddealersmeds.com\/fi\/wp-json\/wp\/v2\/product\/1875","targetHints":{"allow":["GET"]}}],"collection":[{"href":"https:\/\/gooddealersmeds.com\/fi\/wp-json\/wp\/v2\/product"}],"about":[{"href":"https:\/\/gooddealersmeds.com\/fi\/wp-json\/wp\/v2\/types\/product"}],"replies":[{"embeddable":true,"href":"https:\/\/gooddealersmeds.com\/fi\/wp-json\/wp\/v2\/comments?post=1875"}],"wp:featuredmedia":[{"embeddable":true,"href":"https:\/\/gooddealersmeds.com\/fi\/wp-json\/wp\/v2\/media\/1876"}],"wp:attachment":[{"href":"https:\/\/gooddealersmeds.com\/fi\/wp-json\/wp\/v2\/media?parent=1875"}],"wp:term":[{"taxonomy":"product_brand","embeddable":true,"href":"https:\/\/gooddealersmeds.com\/fi\/wp-json\/wp\/v2\/product_brand?post=1875"},{"taxonomy":"product_cat","embeddable":true,"href":"https:\/\/gooddealersmeds.com\/fi\/wp-json\/wp\/v2\/product_cat?post=1875"},{"taxonomy":"product_tag","embeddable":true,"href":"https:\/\/gooddealersmeds.com\/fi\/wp-json\/wp\/v2\/product_tag?post=1875"}],"curies":[{"name":"wp","href":"https:\/\/api.w.org\/{rel}","templated":true}]}}