{"id":1873,"date":"2022-06-30T00:09:17","date_gmt":"2022-06-30T00:09:17","guid":{"rendered":"https:\/\/gooddealersmeds.com\/fi\/?post_type=product&#038;p=1873"},"modified":"2023-01-22T14:54:30","modified_gmt":"2023-01-22T14:54:30","slug":"osta-hulkberry-verkosta","status":"publish","type":"product","link":"https:\/\/gooddealersmeds.com\/fi\/product\/osta-hulkberry-verkosta\/","title":{"rendered":"Osta Hulkberry verkosta"},"content":{"rendered":"<p>Osta Hulkberry verkosta -myym\u00e4l\u00e4st\u00e4mme. T\u00e4m\u00e4 nainen on kahden arvostetun kannan j\u00e4lkel\u00e4inen. OG Kush ja Strawberry Diesel fuusioituivat Coloradon vuoristossa luodakseen t\u00e4m\u00e4n voimakkaan r\u00e4j\u00e4hdysm\u00e4isen kannan. Lopputuloksena on terve annos siirappimaisia, hedelm\u00e4isi\u00e4 makuja. HulkBerry-n\u00e4ytteiden on havaittu sis\u00e4lt\u00e4v\u00e4n 28 % THC:t\u00e4. Vaikka niit\u00e4 myytiin vain Coloradossa, ne olivat feminisoituja, ja niit\u00e4 myyd\u00e4\u00e4n nyt maailmanlaajuisesti.<\/p>\n<p>Kannan lehdet ovat monimutkaisia, tumman violetteja ja kastanjanruskeita. Se erottuu kauniisti nugsien eloisan rehevyyden kanssa. Nugs eiv\u00e4t ole vain rehevi\u00e4; silmujen poikki kulkee my\u00f6s tummanpunaiset karvat, jotka ovat melkein ruskeita ja oransseja.<\/p>\n<p>HulkBerry on uusin kanta, joka on syntynyt tehokkaiden kantojen mets\u00e4st\u00e4misest\u00e4. H\u00e4n saa yht\u00e4kki\u00e4 ja odottamatta ylivoimaisen aivovaurion. H\u00e4n saa sinut psykoaktiiviseen tilaan. Jotkut k\u00e4ytt\u00e4j\u00e4t saattavat pit\u00e4\u00e4 h\u00e4net pelottavana, Osta Hulkberry verkosta<\/p>\n<p>Vaikka t\u00e4m\u00e4 kanta tarjoaa voimakkaan korkean, sill\u00e4 on my\u00f6s monia l\u00e4\u00e4ketieteellisi\u00e4 etuja. Sen teho taistelee stressi\u00e4, masennusta ja pelkoa vastaan. K\u00e4ytt\u00e4j\u00e4t voivat ottaa pieni\u00e4 annoksia, kunnes he pystyv\u00e4t hallitsemaan masennuksensa. Toiset kertovat, ett\u00e4 rasitus lis\u00e4\u00e4 heid\u00e4n ruokahaluaan. Sen munchies ovat ihanteellisia ihmisille, jotka k\u00e4rsiv\u00e4t pahoinvoinnista.<\/p>\n<p>HulkBerry Feminized Seeds on yksi markkinoiden suosituimmista l\u00e4\u00e4ketieteellisist\u00e4 marihuanalajeista. N\u00e4m\u00e4 siemenet ovat tunnettuja tehokkaista l\u00e4\u00e4kinn\u00e4llisist\u00e4 ominaisuuksistaan, joihin kuuluvat kivunlievitys, ahdistuneisuus, masennus ja ruokahaluttomuus. Ne tunnetaan my\u00f6s korkeasta THC-pitoisuudestaan, mik\u00e4 tekee niist\u00e4 suositun valinnan l\u00e4\u00e4ketieteellisten marihuanapotilaiden keskuudessa.<\/p>\n<p>L\u00e4\u00e4kinn\u00e4llisten ominaisuuksiensa lis\u00e4ksi siemenet tunnetaan my\u00f6s selke\u00e4st\u00e4 maustaan \u200b\u200bja aromistaan. Makua ja tuoksua kuvataan usein maanl\u00e4heisiksi ja sitrusmaisiksi. Siemenet ovat suosittuja sek\u00e4 l\u00e4\u00e4ketieteellisten marihuanapotilaiden ett\u00e4 marihuanan virkistysk\u00e4ytt\u00e4jien keskuudessa.<\/p>\n<p>Tarjoamme laadukasta hulkberry\u00e4, <a href=\"https:\/\/gooddealersmeds.com\/fi\/product\/osta-hulkberry-verkosta\/\">osta hulkberry\u00e4 verkosta myym\u00e4l\u00e4<\/a>. Verkkokauppamme tarjoaa potilaille my\u00f6s resursseja, joita he tarvitsevat ADHD:n hallintaan ja heid\u00e4n el\u00e4m\u00e4ns\u00e4 hallitsemiseen.<\/p>\n","protected":false},"excerpt":{"rendered":"<p>HulkBerry on The Incredible Hulkin alter-ego. T\u00e4m\u00e4 sinsemilla-supersankari on t\u00e4\u00e4ll\u00e4 s\u00e4\u00e4st\u00e4\u00e4kseen p\u00e4\u00e4varastoa. Jossain Coloradon Rocky Mountainsissa OG Kushin ja Strawberry Dieselin synk\u00e4t joukot t\u00f6rm\u00e4siv\u00e4t. Nyt THC-r\u00e4j\u00e4hdysaalto pyyhk\u00e4isee ymp\u00e4ri Eurooppaa.<\/p>\n","protected":false},"featured_media":1874,"comment_status":"open","ping_status":"closed","template":"","meta":{"inline_featured_image":false},"product_brand":[],"product_cat":[348],"product_tag":[376,440,441,445,446,411,442,415,448,450,449,444,435,374,437,436,420,447,443],"class_list":{"0":"post-1873","1":"product","2":"type-product","3":"status-publish","4":"has-post-thumbnail","6":"product_cat-marihuana","7":"product_tag-ganja-myytvn","8":"product_tag-miten-tilaa-weed-verkosta","9":"product_tag-kush-verkkokauppa","10":"product_tag-laatu-cannbis-online","11":"product_tag-laatu-weed-verkossa","12":"product_tag-marihuana-myytvn","13":"product_tag-marihuana-verkossa","14":"product_tag-marihuanan-toimittaja","15":"product_tag-mist-ostaa-marihuanaa","16":"product_tag-mist-saada-ruoho-in-uk","17":"product_tag-mist-saada-marihuanaa-lontoossa","18":"product_tag-order-weed-online","19":"product_tag-osta-ganja-verkosta","20":"product_tag-osta-halpa-weed-verkosta","21":"product_tag-osta-ruoho-lheltni","22":"product_tag-osta-ruoho-postitse","23":"product_tag-ruohoa-myytvn","24":"product_tag-thc","25":"product_tag-tilaa-ganja-tll","27":"first","28":"instock","29":"shipping-taxable","30":"purchasable","31":"product-type-simple"},"yoast_head":"<!-- This site is optimized with the Yoast SEO Premium plugin v20.6 (Yoast SEO v27.3) - https:\/\/yoast.com\/product\/yoast-seo-premium-wordpress\/ -->\n<title>Osta Hulkberry verkosta | Osta laatu Kush t\u00e4\u00e4lt\u00e4 Good Dealers Meds<\/title>\n<meta name=\"description\" content=\"Osta Hulkberry verkosta, toimitamme laadukasta Weed\u00e4 edulliseen hintaan osta t\u00e4\u00e4lt\u00e4 ja hanki A+-kantoja. Toimitamme kaikkialle Eurooppaan.\" \/>\n<meta name=\"robots\" content=\"index, follow, max-snippet:-1, max-image-preview:large, max-video-preview:-1\" \/>\n<link rel=\"canonical\" href=\"https:\/\/gooddealersmeds.com\/fi\/product\/osta-hulkberry-verkosta\/\" \/>\n<meta property=\"og:locale\" content=\"en_US\" \/>\n<meta property=\"og:type\" content=\"article\" \/>\n<meta property=\"og:title\" content=\"Osta Hulkberry verkosta\" \/>\n<meta property=\"og:description\" content=\"Osta Hulkberry verkosta, toimitamme laadukasta Weed\u00e4 edulliseen hintaan osta t\u00e4\u00e4lt\u00e4 ja hanki A+-kantoja. Toimitamme kaikkialle Eurooppaan.\" \/>\n<meta property=\"og:url\" content=\"https:\/\/gooddealersmeds.com\/fi\/product\/osta-hulkberry-verkosta\/\" \/>\n<meta property=\"og:site_name\" content=\"Good Dealers Meds\" \/>\n<meta property=\"article:modified_time\" content=\"2023-01-22T14:54:30+00:00\" \/>\n<meta property=\"og:image\" content=\"https:\/\/gooddealersmeds.com\/fi\/wp-content\/uploads\/sites\/6\/2022\/06\/HULKBERRY.jpg\" \/>\n\t<meta property=\"og:image:width\" content=\"600\" \/>\n\t<meta property=\"og:image:height\" content=\"600\" \/>\n\t<meta property=\"og:image:type\" content=\"image\/jpeg\" \/>\n<meta name=\"twitter:card\" content=\"summary_large_image\" \/>\n<meta name=\"twitter:label1\" content=\"Est. reading time\" \/>\n\t<meta name=\"twitter:data1\" content=\"2 minutes\" \/>\n<script type=\"application\/ld+json\" class=\"yoast-schema-graph\">{\"@context\":\"https:\\\/\\\/schema.org\",\"@graph\":[{\"@type\":\"WebPage\",\"@id\":\"https:\\\/\\\/gooddealersmeds.com\\\/fi\\\/product\\\/osta-hulkberry-verkosta\\\/\",\"url\":\"https:\\\/\\\/gooddealersmeds.com\\\/fi\\\/product\\\/osta-hulkberry-verkosta\\\/\",\"name\":\"Osta Hulkberry verkosta | Osta laatu Kush t\u00e4\u00e4lt\u00e4 Good Dealers Meds\",\"isPartOf\":{\"@id\":\"https:\\\/\\\/gooddealersmeds.com\\\/fi\\\/#website\"},\"primaryImageOfPage\":{\"@id\":\"https:\\\/\\\/gooddealersmeds.com\\\/fi\\\/product\\\/osta-hulkberry-verkosta\\\/#primaryimage\"},\"image\":{\"@id\":\"https:\\\/\\\/gooddealersmeds.com\\\/fi\\\/product\\\/osta-hulkberry-verkosta\\\/#primaryimage\"},\"thumbnailUrl\":\"https:\\\/\\\/gooddealersmeds.com\\\/fi\\\/wp-content\\\/uploads\\\/sites\\\/6\\\/2022\\\/06\\\/HULKBERRY.jpg\",\"datePublished\":\"2022-06-30T00:09:17+00:00\",\"dateModified\":\"2023-01-22T14:54:30+00:00\",\"description\":\"Osta Hulkberry verkosta, toimitamme laadukasta Weed\u00e4 edulliseen hintaan osta t\u00e4\u00e4lt\u00e4 ja hanki A+-kantoja. Toimitamme kaikkialle Eurooppaan.\",\"breadcrumb\":{\"@id\":\"https:\\\/\\\/gooddealersmeds.com\\\/fi\\\/product\\\/osta-hulkberry-verkosta\\\/#breadcrumb\"},\"inLanguage\":\"en-US\",\"potentialAction\":[{\"@type\":\"ReadAction\",\"target\":[\"https:\\\/\\\/gooddealersmeds.com\\\/fi\\\/product\\\/osta-hulkberry-verkosta\\\/\"]}]},{\"@type\":\"ImageObject\",\"inLanguage\":\"en-US\",\"@id\":\"https:\\\/\\\/gooddealersmeds.com\\\/fi\\\/product\\\/osta-hulkberry-verkosta\\\/#primaryimage\",\"url\":\"https:\\\/\\\/gooddealersmeds.com\\\/fi\\\/wp-content\\\/uploads\\\/sites\\\/6\\\/2022\\\/06\\\/HULKBERRY.jpg\",\"contentUrl\":\"https:\\\/\\\/gooddealersmeds.com\\\/fi\\\/wp-content\\\/uploads\\\/sites\\\/6\\\/2022\\\/06\\\/HULKBERRY.jpg\",\"width\":600,\"height\":600,\"caption\":\"Buy Hulkberry Online\"},{\"@type\":\"BreadcrumbList\",\"@id\":\"https:\\\/\\\/gooddealersmeds.com\\\/fi\\\/product\\\/osta-hulkberry-verkosta\\\/#breadcrumb\",\"itemListElement\":[{\"@type\":\"ListItem\",\"position\":1,\"name\":\"Home\",\"item\":\"https:\\\/\\\/gooddealersmeds.com\\\/fi\\\/\"},{\"@type\":\"ListItem\",\"position\":2,\"name\":\"Tuotteet\",\"item\":\"https:\\\/\\\/gooddealersmeds.com\\\/fi\\\/tuotteet\\\/\"},{\"@type\":\"ListItem\",\"position\":3,\"name\":\"Osta Hulkberry verkosta\"}]},{\"@type\":\"WebSite\",\"@id\":\"https:\\\/\\\/gooddealersmeds.com\\\/fi\\\/#website\",\"url\":\"https:\\\/\\\/gooddealersmeds.com\\\/fi\\\/\",\"name\":\"Good Dealers Meds\",\"description\":\"All our best\",\"publisher\":{\"@id\":\"https:\\\/\\\/gooddealersmeds.com\\\/fi\\\/#organization\"},\"potentialAction\":[{\"@type\":\"SearchAction\",\"target\":{\"@type\":\"EntryPoint\",\"urlTemplate\":\"https:\\\/\\\/gooddealersmeds.com\\\/fi\\\/?s={search_term_string}\"},\"query-input\":{\"@type\":\"PropertyValueSpecification\",\"valueRequired\":true,\"valueName\":\"search_term_string\"}}],\"inLanguage\":\"en-US\"},{\"@type\":\"Organization\",\"@id\":\"https:\\\/\\\/gooddealersmeds.com\\\/fi\\\/#organization\",\"name\":\"Good Dealers Meds\",\"url\":\"https:\\\/\\\/gooddealersmeds.com\\\/fi\\\/\",\"logo\":{\"@type\":\"ImageObject\",\"inLanguage\":\"en-US\",\"@id\":\"https:\\\/\\\/gooddealersmeds.com\\\/fi\\\/#\\\/schema\\\/logo\\\/image\\\/\",\"url\":\"https:\\\/\\\/gooddealersmeds.com\\\/fi\\\/wp-content\\\/uploads\\\/sites\\\/6\\\/2022\\\/03\\\/gooddealersmeds__logo__20220317T222800Z.00.png\",\"contentUrl\":\"https:\\\/\\\/gooddealersmeds.com\\\/fi\\\/wp-content\\\/uploads\\\/sites\\\/6\\\/2022\\\/03\\\/gooddealersmeds__logo__20220317T222800Z.00.png\",\"width\":500,\"height\":325,\"caption\":\"Good Dealers Meds\"},\"image\":{\"@id\":\"https:\\\/\\\/gooddealersmeds.com\\\/fi\\\/#\\\/schema\\\/logo\\\/image\\\/\"}}]}<\/script>\n<!-- \/ Yoast SEO Premium plugin. -->","yoast_head_json":{"title":"Osta Hulkberry verkosta | Osta laatu Kush t\u00e4\u00e4lt\u00e4 Good Dealers Meds","description":"Osta Hulkberry verkosta, toimitamme laadukasta Weed\u00e4 edulliseen hintaan osta t\u00e4\u00e4lt\u00e4 ja hanki A+-kantoja. Toimitamme kaikkialle Eurooppaan.","robots":{"index":"index","follow":"follow","max-snippet":"max-snippet:-1","max-image-preview":"max-image-preview:large","max-video-preview":"max-video-preview:-1"},"canonical":"https:\/\/gooddealersmeds.com\/fi\/product\/osta-hulkberry-verkosta\/","og_locale":"en_US","og_type":"article","og_title":"Osta Hulkberry verkosta","og_description":"Osta Hulkberry verkosta, toimitamme laadukasta Weed\u00e4 edulliseen hintaan osta t\u00e4\u00e4lt\u00e4 ja hanki A+-kantoja. Toimitamme kaikkialle Eurooppaan.","og_url":"https:\/\/gooddealersmeds.com\/fi\/product\/osta-hulkberry-verkosta\/","og_site_name":"Good Dealers Meds","article_modified_time":"2023-01-22T14:54:30+00:00","og_image":[{"width":600,"height":600,"url":"https:\/\/gooddealersmeds.com\/fi\/wp-content\/uploads\/sites\/6\/2022\/06\/HULKBERRY.jpg","type":"image\/jpeg"}],"twitter_card":"summary_large_image","twitter_misc":{"Est. reading time":"2 minutes"},"schema":{"@context":"https:\/\/schema.org","@graph":[{"@type":"WebPage","@id":"https:\/\/gooddealersmeds.com\/fi\/product\/osta-hulkberry-verkosta\/","url":"https:\/\/gooddealersmeds.com\/fi\/product\/osta-hulkberry-verkosta\/","name":"Osta Hulkberry verkosta | Osta laatu Kush t\u00e4\u00e4lt\u00e4 Good Dealers Meds","isPartOf":{"@id":"https:\/\/gooddealersmeds.com\/fi\/#website"},"primaryImageOfPage":{"@id":"https:\/\/gooddealersmeds.com\/fi\/product\/osta-hulkberry-verkosta\/#primaryimage"},"image":{"@id":"https:\/\/gooddealersmeds.com\/fi\/product\/osta-hulkberry-verkosta\/#primaryimage"},"thumbnailUrl":"https:\/\/gooddealersmeds.com\/fi\/wp-content\/uploads\/sites\/6\/2022\/06\/HULKBERRY.jpg","datePublished":"2022-06-30T00:09:17+00:00","dateModified":"2023-01-22T14:54:30+00:00","description":"Osta Hulkberry verkosta, toimitamme laadukasta Weed\u00e4 edulliseen hintaan osta t\u00e4\u00e4lt\u00e4 ja hanki A+-kantoja. Toimitamme kaikkialle Eurooppaan.","breadcrumb":{"@id":"https:\/\/gooddealersmeds.com\/fi\/product\/osta-hulkberry-verkosta\/#breadcrumb"},"inLanguage":"en-US","potentialAction":[{"@type":"ReadAction","target":["https:\/\/gooddealersmeds.com\/fi\/product\/osta-hulkberry-verkosta\/"]}]},{"@type":"ImageObject","inLanguage":"en-US","@id":"https:\/\/gooddealersmeds.com\/fi\/product\/osta-hulkberry-verkosta\/#primaryimage","url":"https:\/\/gooddealersmeds.com\/fi\/wp-content\/uploads\/sites\/6\/2022\/06\/HULKBERRY.jpg","contentUrl":"https:\/\/gooddealersmeds.com\/fi\/wp-content\/uploads\/sites\/6\/2022\/06\/HULKBERRY.jpg","width":600,"height":600,"caption":"Buy Hulkberry Online"},{"@type":"BreadcrumbList","@id":"https:\/\/gooddealersmeds.com\/fi\/product\/osta-hulkberry-verkosta\/#breadcrumb","itemListElement":[{"@type":"ListItem","position":1,"name":"Home","item":"https:\/\/gooddealersmeds.com\/fi\/"},{"@type":"ListItem","position":2,"name":"Tuotteet","item":"https:\/\/gooddealersmeds.com\/fi\/tuotteet\/"},{"@type":"ListItem","position":3,"name":"Osta Hulkberry verkosta"}]},{"@type":"WebSite","@id":"https:\/\/gooddealersmeds.com\/fi\/#website","url":"https:\/\/gooddealersmeds.com\/fi\/","name":"Good Dealers Meds","description":"All our best","publisher":{"@id":"https:\/\/gooddealersmeds.com\/fi\/#organization"},"potentialAction":[{"@type":"SearchAction","target":{"@type":"EntryPoint","urlTemplate":"https:\/\/gooddealersmeds.com\/fi\/?s={search_term_string}"},"query-input":{"@type":"PropertyValueSpecification","valueRequired":true,"valueName":"search_term_string"}}],"inLanguage":"en-US"},{"@type":"Organization","@id":"https:\/\/gooddealersmeds.com\/fi\/#organization","name":"Good Dealers Meds","url":"https:\/\/gooddealersmeds.com\/fi\/","logo":{"@type":"ImageObject","inLanguage":"en-US","@id":"https:\/\/gooddealersmeds.com\/fi\/#\/schema\/logo\/image\/","url":"https:\/\/gooddealersmeds.com\/fi\/wp-content\/uploads\/sites\/6\/2022\/03\/gooddealersmeds__logo__20220317T222800Z.00.png","contentUrl":"https:\/\/gooddealersmeds.com\/fi\/wp-content\/uploads\/sites\/6\/2022\/03\/gooddealersmeds__logo__20220317T222800Z.00.png","width":500,"height":325,"caption":"Good Dealers Meds"},"image":{"@id":"https:\/\/gooddealersmeds.com\/fi\/#\/schema\/logo\/image\/"}}]}},"_links":{"self":[{"href":"https:\/\/gooddealersmeds.com\/fi\/wp-json\/wp\/v2\/product\/1873","targetHints":{"allow":["GET"]}}],"collection":[{"href":"https:\/\/gooddealersmeds.com\/fi\/wp-json\/wp\/v2\/product"}],"about":[{"href":"https:\/\/gooddealersmeds.com\/fi\/wp-json\/wp\/v2\/types\/product"}],"replies":[{"embeddable":true,"href":"https:\/\/gooddealersmeds.com\/fi\/wp-json\/wp\/v2\/comments?post=1873"}],"wp:featuredmedia":[{"embeddable":true,"href":"https:\/\/gooddealersmeds.com\/fi\/wp-json\/wp\/v2\/media\/1874"}],"wp:attachment":[{"href":"https:\/\/gooddealersmeds.com\/fi\/wp-json\/wp\/v2\/media?parent=1873"}],"wp:term":[{"taxonomy":"product_brand","embeddable":true,"href":"https:\/\/gooddealersmeds.com\/fi\/wp-json\/wp\/v2\/product_brand?post=1873"},{"taxonomy":"product_cat","embeddable":true,"href":"https:\/\/gooddealersmeds.com\/fi\/wp-json\/wp\/v2\/product_cat?post=1873"},{"taxonomy":"product_tag","embeddable":true,"href":"https:\/\/gooddealersmeds.com\/fi\/wp-json\/wp\/v2\/product_tag?post=1873"}],"curies":[{"name":"wp","href":"https:\/\/api.w.org\/{rel}","templated":true}]}}