{"id":1871,"date":"2022-06-30T00:04:45","date_gmt":"2022-06-30T00:04:45","guid":{"rendered":"https:\/\/gooddealersmeds.com\/fi\/?post_type=product&#038;p=1871"},"modified":"2023-01-22T15:02:10","modified_gmt":"2023-01-22T15:02:10","slug":"rasva-banaani","status":"publish","type":"product","link":"https:\/\/gooddealersmeds.com\/fi\/product\/rasva-banaani\/","title":{"rendered":"Tilaa Fat Banana verkossa"},"content":{"rendered":"<h2>Osta Fat Banana Weed Strain verkossa huippulaatua<\/h2>\n<p>Fat Banana Weed Strain on laji, joka on kuuluisa indica-dominoivista ominaisuuksistaan. Fat Banana Myyt\u00e4v\u00e4n\u00e4, Se tunnetaan eritt\u00e4in rentouttavasta ja kohottavasta, mik\u00e4 tekee siit\u00e4 t\u00e4ydellisen niille, jotka haluavat rentoutua pitk\u00e4n ty\u00f6- tai koulup\u00e4iv\u00e4n j\u00e4lkeen. Kannalla on my\u00f6s makea tuoksu, joten se on helppo tunnistaa, kun etsit oikeaa marihuanaa apteekista.<\/p>\n<p>Fat Banana Weed Strain, joka tunnetaan my\u00f6s nimell\u00e4 Banana OG, on tehokas kannabiksen hybridikanta, joka on tunnetaan hedelm\u00e4isest\u00e4, makeasta aromista ja mausta. Sen on kuvattu maistuvan banaaneille ja purukumille, ja se on t\u00e4ydellinen ahdistuksen ja masennuksen hoitoon. Sen on kuvattu maistuvan banaaneille ja vaahtopuulle, ja se sopii t\u00e4ydellisesti ahdistuksen ja masennuksen hoitoon.<\/p>\n<p>Fat Banana Weed Strain on voittanut useita palkintoja l\u00e4\u00e4ketieteellisest\u00e4 tehokkuudestaan \u200b\u200bja kyvyst\u00e4\u00e4n auttaa k\u00e4ytt\u00e4ji\u00e4 rentoutumaan. Sit\u00e4 voidaan k\u00e4ytt\u00e4\u00e4 my\u00f6s stressin v\u00e4hent\u00e4miseen ja keskittymisen lis\u00e4\u00e4miseen tuottavuuden parantamiseksi t\u00f6iss\u00e4 tai koulussa.<\/p>\n<p>&nbsp;<\/p>\n<p><strong>Miksi tilata Fat Banana Weed Strain verkosta?<\/strong><\/p>\n<p>&nbsp;<\/p>\n<p><a href=\"https:\/\/www.leafly.com\/strains\/fat-banana\">Rasvabanaanien rikkakasvien kanta<\/a> on yksi Parhaat lajikkeet ostaa verkosta, koska se on helppo l\u00f6yt\u00e4\u00e4, eik\u00e4 sinun tarvitse pel\u00e4t\u00e4, ett\u00e4 v\u00e4\u00e4rennetty\u00e4 rikkaruohoa myyv\u00e4 j\u00e4lleenmyyj\u00e4 repisi sen. Itse asiassa, jos ostat hyv\u00e4maineiselta j\u00e4lleenmyyj\u00e4lt\u00e4, he jopa l\u00e4hett\u00e4v\u00e4t tuotteen suoraan kotiisi. Niin paljon kuin rakastammekin itse apteekeista ostamista, joskus tarvitset jotain nopeaa ja k\u00e4tev\u00e4\u00e4, kun aika on loppumassa tai ei vain ole aikaa ajaa ymp\u00e4riins\u00e4 etsim\u00e4ss\u00e4 jotain erityist\u00e4. Jos se kuulostaa sinulta, Fat Banana Weed Strain saattaa olla juuri sit\u00e4 mit\u00e4 tarvitset!<\/p>\n<p>&nbsp;<\/p>\n<p><strong>Parhaat paikat ostaa Fat Banana Weed Strain verkkoa<\/strong><\/p>\n<p>Koska t\u00e4m\u00e4 kanta on niin suosittu, voit ostaa <a href=\"https:\/\/gooddealersmeds.com\/fi\/product\/rasva-banaani\/\">Fat Banana Weed Strain<\/a> -kantaa verkosta monella tavalla joutumatta huijatuksi j\u00e4lleenmyyjilt\u00e4, \u200b\u200bjotka yritt\u00e4v\u00e4t myyd\u00e4 sinulle huonompia tuotteita. Good Dealers Meds on paras paikka ostaa Fat Banana Weed Strain verkosta.<\/p>\n","protected":false},"excerpt":{"rendered":"<p>Fat Banana on superselektiivisen kannankehitysprosessin tuote, jonka tavoitteena oli hybridisoida suurimmat ja lihavimmat Banana OG -n\u00e4ytteet. Nyt RQS voi tarjota sinulle joukon parhaat puolet. Fat Banana on maultaan suuri ja sis\u00e4lt\u00e4\u00e4 runsaasti kannabinoideja.<\/p>\n","protected":false},"featured_media":1872,"comment_status":"open","ping_status":"closed","template":"","meta":{"inline_featured_image":false},"product_brand":[],"product_cat":[348],"product_tag":[396,398,399,400,419,404,403,406,408,409,410,411,412,414,416,401,413,415,397,432,431,433,405,402,430,426,407,417,418,424,425,429,428,421,420,423,422,427],"class_list":{"0":"post-1871","1":"product","2":"type-product","3":"status-publish","4":"has-post-thumbnail","6":"product_cat-marihuana","7":"product_tag-100-ruohoa-myynniss","8":"product_tag-buy-weed-online","9":"product_tag-can-i-buy-weed","10":"product_tag-cheap-weed-for-sale","11":"product_tag-haluavat-ostaa-marihuanaa","12":"product_tag-marihuanan-hankkiminen","13":"product_tag-kuinka-paljon-on-marihuana","14":"product_tag-miten-to-get-weed-verkossa","15":"product_tag-kush-myynniss","16":"product_tag-laillinen-ruoho-myynniss","17":"product_tag-laillinen-rikkaruoho-myynniss","18":"product_tag-marihuana-myytvn","19":"product_tag-marihuana-myydn-uk","20":"product_tag-marihuana-kauppa","21":"product_tag-marihuanan-lketieteelliset-hydyt","22":"product_tag-marihuanan-terveyshydyt","23":"product_tag-marihuana-terveyshydyt","24":"product_tag-marihuanan-toimittaja","25":"product_tag-tupakoinnin-marihuanan-edut","26":"product_tag-mist-osta-halpa-ruoho","27":"product_tag-mist-saan-ruohoja","28":"product_tag-mist-tilata-rikkakasvit","29":"product_tag-miten-hankkia-rikkakasvit","30":"product_tag-miten-voin-tilata-marihuanaa","31":"product_tag-rikkakasvien-hyrystin-myynniss","32":"product_tag-rikkakasvihartsi-myynniss","33":"product_tag-on-rikkaruoho-laillista","34":"product_tag-ordering-weed-online","35":"product_tag-osta-marihuana-verkosta","36":"product_tag-rikkakasvit-myytvn","37":"product_tag-rikkakasvit-myynniss-uk","38":"product_tag-rikkakasvien-toimittaja","39":"product_tag-rikkakasvikauppa","40":"product_tag-weed-sale-englannissa","41":"product_tag-ruohoa-myytvn","42":"product_tag-weed-grow-tents-for-sale","43":"product_tag-weed-for-sale-uk","44":"product_tag-weed-sales-uk","46":"first","47":"instock","48":"shipping-taxable","49":"purchasable","50":"product-type-simple"},"yoast_head":"<!-- This site is optimized with the Yoast SEO Premium plugin v20.6 (Yoast SEO v27.3) - https:\/\/yoast.com\/product\/yoast-seo-premium-wordpress\/ -->\n<title>Fat Banana myyt\u00e4v\u00e4n\u00e4 - Tilaa kannabista verkosta | Good Dealers Meds<\/title>\n<meta name=\"description\" content=\"Myyt\u00e4v\u00e4n\u00e4 Fat Banana on hybridimarihuanakanta, joka on valmistettu risteytt\u00e4m\u00e4ll\u00e4 OG Kush Chiquita Bananasta. Osta Cannabis verkkokaupastamme.\" \/>\n<meta name=\"robots\" content=\"index, follow, max-snippet:-1, max-image-preview:large, max-video-preview:-1\" \/>\n<link rel=\"canonical\" href=\"https:\/\/gooddealersmeds.com\/fi\/product\/rasva-banaani\/\" \/>\n<meta property=\"og:locale\" content=\"en_US\" \/>\n<meta property=\"og:type\" content=\"article\" \/>\n<meta property=\"og:title\" content=\"Tilaa Fat Banana verkossa\" \/>\n<meta property=\"og:description\" content=\"Myyt\u00e4v\u00e4n\u00e4 Fat Banana on hybridimarihuanakanta, joka on valmistettu risteytt\u00e4m\u00e4ll\u00e4 OG Kush Chiquita Bananasta. Osta Cannabis verkkokaupastamme.\" \/>\n<meta property=\"og:url\" content=\"https:\/\/gooddealersmeds.com\/fi\/product\/rasva-banaani\/\" \/>\n<meta property=\"og:site_name\" content=\"Good Dealers Meds\" \/>\n<meta property=\"article:modified_time\" content=\"2023-01-22T15:02:10+00:00\" \/>\n<meta property=\"og:image\" content=\"https:\/\/gooddealersmeds.com\/fi\/wp-content\/uploads\/sites\/6\/2022\/06\/FAT-BANANA.jpg\" \/>\n\t<meta property=\"og:image:width\" content=\"600\" \/>\n\t<meta property=\"og:image:height\" content=\"600\" \/>\n\t<meta property=\"og:image:type\" content=\"image\/jpeg\" \/>\n<meta name=\"twitter:card\" content=\"summary_large_image\" \/>\n<meta name=\"twitter:label1\" content=\"Est. reading time\" \/>\n\t<meta name=\"twitter:data1\" content=\"2 minutes\" \/>\n<script type=\"application\/ld+json\" class=\"yoast-schema-graph\">{\"@context\":\"https:\\\/\\\/schema.org\",\"@graph\":[{\"@type\":\"WebPage\",\"@id\":\"https:\\\/\\\/gooddealersmeds.com\\\/fi\\\/product\\\/rasva-banaani\\\/\",\"url\":\"https:\\\/\\\/gooddealersmeds.com\\\/fi\\\/product\\\/rasva-banaani\\\/\",\"name\":\"Fat Banana myyt\u00e4v\u00e4n\u00e4 - Tilaa kannabista verkosta | Good Dealers Meds\",\"isPartOf\":{\"@id\":\"https:\\\/\\\/gooddealersmeds.com\\\/fi\\\/#website\"},\"primaryImageOfPage\":{\"@id\":\"https:\\\/\\\/gooddealersmeds.com\\\/fi\\\/product\\\/rasva-banaani\\\/#primaryimage\"},\"image\":{\"@id\":\"https:\\\/\\\/gooddealersmeds.com\\\/fi\\\/product\\\/rasva-banaani\\\/#primaryimage\"},\"thumbnailUrl\":\"https:\\\/\\\/gooddealersmeds.com\\\/fi\\\/wp-content\\\/uploads\\\/sites\\\/6\\\/2022\\\/06\\\/FAT-BANANA.jpg\",\"datePublished\":\"2022-06-30T00:04:45+00:00\",\"dateModified\":\"2023-01-22T15:02:10+00:00\",\"description\":\"Myyt\u00e4v\u00e4n\u00e4 Fat Banana on hybridimarihuanakanta, joka on valmistettu risteytt\u00e4m\u00e4ll\u00e4 OG Kush Chiquita Bananasta. Osta Cannabis verkkokaupastamme.\",\"breadcrumb\":{\"@id\":\"https:\\\/\\\/gooddealersmeds.com\\\/fi\\\/product\\\/rasva-banaani\\\/#breadcrumb\"},\"inLanguage\":\"en-US\",\"potentialAction\":[{\"@type\":\"ReadAction\",\"target\":[\"https:\\\/\\\/gooddealersmeds.com\\\/fi\\\/product\\\/rasva-banaani\\\/\"]}]},{\"@type\":\"ImageObject\",\"inLanguage\":\"en-US\",\"@id\":\"https:\\\/\\\/gooddealersmeds.com\\\/fi\\\/product\\\/rasva-banaani\\\/#primaryimage\",\"url\":\"https:\\\/\\\/gooddealersmeds.com\\\/fi\\\/wp-content\\\/uploads\\\/sites\\\/6\\\/2022\\\/06\\\/FAT-BANANA.jpg\",\"contentUrl\":\"https:\\\/\\\/gooddealersmeds.com\\\/fi\\\/wp-content\\\/uploads\\\/sites\\\/6\\\/2022\\\/06\\\/FAT-BANANA.jpg\",\"width\":600,\"height\":600,\"caption\":\"Buy Fat Banana Online\"},{\"@type\":\"BreadcrumbList\",\"@id\":\"https:\\\/\\\/gooddealersmeds.com\\\/fi\\\/product\\\/rasva-banaani\\\/#breadcrumb\",\"itemListElement\":[{\"@type\":\"ListItem\",\"position\":1,\"name\":\"Home\",\"item\":\"https:\\\/\\\/gooddealersmeds.com\\\/fi\\\/\"},{\"@type\":\"ListItem\",\"position\":2,\"name\":\"Tuotteet\",\"item\":\"https:\\\/\\\/gooddealersmeds.com\\\/fi\\\/tuotteet\\\/\"},{\"@type\":\"ListItem\",\"position\":3,\"name\":\"Tilaa Fat Banana verkossa\"}]},{\"@type\":\"WebSite\",\"@id\":\"https:\\\/\\\/gooddealersmeds.com\\\/fi\\\/#website\",\"url\":\"https:\\\/\\\/gooddealersmeds.com\\\/fi\\\/\",\"name\":\"Good Dealers Meds\",\"description\":\"All our best\",\"publisher\":{\"@id\":\"https:\\\/\\\/gooddealersmeds.com\\\/fi\\\/#organization\"},\"potentialAction\":[{\"@type\":\"SearchAction\",\"target\":{\"@type\":\"EntryPoint\",\"urlTemplate\":\"https:\\\/\\\/gooddealersmeds.com\\\/fi\\\/?s={search_term_string}\"},\"query-input\":{\"@type\":\"PropertyValueSpecification\",\"valueRequired\":true,\"valueName\":\"search_term_string\"}}],\"inLanguage\":\"en-US\"},{\"@type\":\"Organization\",\"@id\":\"https:\\\/\\\/gooddealersmeds.com\\\/fi\\\/#organization\",\"name\":\"Good Dealers Meds\",\"url\":\"https:\\\/\\\/gooddealersmeds.com\\\/fi\\\/\",\"logo\":{\"@type\":\"ImageObject\",\"inLanguage\":\"en-US\",\"@id\":\"https:\\\/\\\/gooddealersmeds.com\\\/fi\\\/#\\\/schema\\\/logo\\\/image\\\/\",\"url\":\"https:\\\/\\\/gooddealersmeds.com\\\/fi\\\/wp-content\\\/uploads\\\/sites\\\/6\\\/2022\\\/03\\\/gooddealersmeds__logo__20220317T222800Z.00.png\",\"contentUrl\":\"https:\\\/\\\/gooddealersmeds.com\\\/fi\\\/wp-content\\\/uploads\\\/sites\\\/6\\\/2022\\\/03\\\/gooddealersmeds__logo__20220317T222800Z.00.png\",\"width\":500,\"height\":325,\"caption\":\"Good Dealers Meds\"},\"image\":{\"@id\":\"https:\\\/\\\/gooddealersmeds.com\\\/fi\\\/#\\\/schema\\\/logo\\\/image\\\/\"}}]}<\/script>\n<!-- \/ Yoast SEO Premium plugin. -->","yoast_head_json":{"title":"Fat Banana myyt\u00e4v\u00e4n\u00e4 - Tilaa kannabista verkosta | Good Dealers Meds","description":"Myyt\u00e4v\u00e4n\u00e4 Fat Banana on hybridimarihuanakanta, joka on valmistettu risteytt\u00e4m\u00e4ll\u00e4 OG Kush Chiquita Bananasta. Osta Cannabis verkkokaupastamme.","robots":{"index":"index","follow":"follow","max-snippet":"max-snippet:-1","max-image-preview":"max-image-preview:large","max-video-preview":"max-video-preview:-1"},"canonical":"https:\/\/gooddealersmeds.com\/fi\/product\/rasva-banaani\/","og_locale":"en_US","og_type":"article","og_title":"Tilaa Fat Banana verkossa","og_description":"Myyt\u00e4v\u00e4n\u00e4 Fat Banana on hybridimarihuanakanta, joka on valmistettu risteytt\u00e4m\u00e4ll\u00e4 OG Kush Chiquita Bananasta. Osta Cannabis verkkokaupastamme.","og_url":"https:\/\/gooddealersmeds.com\/fi\/product\/rasva-banaani\/","og_site_name":"Good Dealers Meds","article_modified_time":"2023-01-22T15:02:10+00:00","og_image":[{"width":600,"height":600,"url":"https:\/\/gooddealersmeds.com\/fi\/wp-content\/uploads\/sites\/6\/2022\/06\/FAT-BANANA.jpg","type":"image\/jpeg"}],"twitter_card":"summary_large_image","twitter_misc":{"Est. reading time":"2 minutes"},"schema":{"@context":"https:\/\/schema.org","@graph":[{"@type":"WebPage","@id":"https:\/\/gooddealersmeds.com\/fi\/product\/rasva-banaani\/","url":"https:\/\/gooddealersmeds.com\/fi\/product\/rasva-banaani\/","name":"Fat Banana myyt\u00e4v\u00e4n\u00e4 - Tilaa kannabista verkosta | Good Dealers Meds","isPartOf":{"@id":"https:\/\/gooddealersmeds.com\/fi\/#website"},"primaryImageOfPage":{"@id":"https:\/\/gooddealersmeds.com\/fi\/product\/rasva-banaani\/#primaryimage"},"image":{"@id":"https:\/\/gooddealersmeds.com\/fi\/product\/rasva-banaani\/#primaryimage"},"thumbnailUrl":"https:\/\/gooddealersmeds.com\/fi\/wp-content\/uploads\/sites\/6\/2022\/06\/FAT-BANANA.jpg","datePublished":"2022-06-30T00:04:45+00:00","dateModified":"2023-01-22T15:02:10+00:00","description":"Myyt\u00e4v\u00e4n\u00e4 Fat Banana on hybridimarihuanakanta, joka on valmistettu risteytt\u00e4m\u00e4ll\u00e4 OG Kush Chiquita Bananasta. Osta Cannabis verkkokaupastamme.","breadcrumb":{"@id":"https:\/\/gooddealersmeds.com\/fi\/product\/rasva-banaani\/#breadcrumb"},"inLanguage":"en-US","potentialAction":[{"@type":"ReadAction","target":["https:\/\/gooddealersmeds.com\/fi\/product\/rasva-banaani\/"]}]},{"@type":"ImageObject","inLanguage":"en-US","@id":"https:\/\/gooddealersmeds.com\/fi\/product\/rasva-banaani\/#primaryimage","url":"https:\/\/gooddealersmeds.com\/fi\/wp-content\/uploads\/sites\/6\/2022\/06\/FAT-BANANA.jpg","contentUrl":"https:\/\/gooddealersmeds.com\/fi\/wp-content\/uploads\/sites\/6\/2022\/06\/FAT-BANANA.jpg","width":600,"height":600,"caption":"Buy Fat Banana Online"},{"@type":"BreadcrumbList","@id":"https:\/\/gooddealersmeds.com\/fi\/product\/rasva-banaani\/#breadcrumb","itemListElement":[{"@type":"ListItem","position":1,"name":"Home","item":"https:\/\/gooddealersmeds.com\/fi\/"},{"@type":"ListItem","position":2,"name":"Tuotteet","item":"https:\/\/gooddealersmeds.com\/fi\/tuotteet\/"},{"@type":"ListItem","position":3,"name":"Tilaa Fat Banana verkossa"}]},{"@type":"WebSite","@id":"https:\/\/gooddealersmeds.com\/fi\/#website","url":"https:\/\/gooddealersmeds.com\/fi\/","name":"Good Dealers Meds","description":"All our best","publisher":{"@id":"https:\/\/gooddealersmeds.com\/fi\/#organization"},"potentialAction":[{"@type":"SearchAction","target":{"@type":"EntryPoint","urlTemplate":"https:\/\/gooddealersmeds.com\/fi\/?s={search_term_string}"},"query-input":{"@type":"PropertyValueSpecification","valueRequired":true,"valueName":"search_term_string"}}],"inLanguage":"en-US"},{"@type":"Organization","@id":"https:\/\/gooddealersmeds.com\/fi\/#organization","name":"Good Dealers Meds","url":"https:\/\/gooddealersmeds.com\/fi\/","logo":{"@type":"ImageObject","inLanguage":"en-US","@id":"https:\/\/gooddealersmeds.com\/fi\/#\/schema\/logo\/image\/","url":"https:\/\/gooddealersmeds.com\/fi\/wp-content\/uploads\/sites\/6\/2022\/03\/gooddealersmeds__logo__20220317T222800Z.00.png","contentUrl":"https:\/\/gooddealersmeds.com\/fi\/wp-content\/uploads\/sites\/6\/2022\/03\/gooddealersmeds__logo__20220317T222800Z.00.png","width":500,"height":325,"caption":"Good Dealers Meds"},"image":{"@id":"https:\/\/gooddealersmeds.com\/fi\/#\/schema\/logo\/image\/"}}]}},"_links":{"self":[{"href":"https:\/\/gooddealersmeds.com\/fi\/wp-json\/wp\/v2\/product\/1871","targetHints":{"allow":["GET"]}}],"collection":[{"href":"https:\/\/gooddealersmeds.com\/fi\/wp-json\/wp\/v2\/product"}],"about":[{"href":"https:\/\/gooddealersmeds.com\/fi\/wp-json\/wp\/v2\/types\/product"}],"replies":[{"embeddable":true,"href":"https:\/\/gooddealersmeds.com\/fi\/wp-json\/wp\/v2\/comments?post=1871"}],"wp:featuredmedia":[{"embeddable":true,"href":"https:\/\/gooddealersmeds.com\/fi\/wp-json\/wp\/v2\/media\/1872"}],"wp:attachment":[{"href":"https:\/\/gooddealersmeds.com\/fi\/wp-json\/wp\/v2\/media?parent=1871"}],"wp:term":[{"taxonomy":"product_brand","embeddable":true,"href":"https:\/\/gooddealersmeds.com\/fi\/wp-json\/wp\/v2\/product_brand?post=1871"},{"taxonomy":"product_cat","embeddable":true,"href":"https:\/\/gooddealersmeds.com\/fi\/wp-json\/wp\/v2\/product_cat?post=1871"},{"taxonomy":"product_tag","embeddable":true,"href":"https:\/\/gooddealersmeds.com\/fi\/wp-json\/wp\/v2\/product_tag?post=1871"}],"curies":[{"name":"wp","href":"https:\/\/api.w.org\/{rel}","templated":true}]}}