{"id":1869,"date":"2022-06-30T00:00:32","date_gmt":"2022-06-30T00:00:32","guid":{"rendered":"https:\/\/gooddealersmeds.com\/fi\/?post_type=product&#038;p=1869"},"modified":"2023-01-22T15:11:33","modified_gmt":"2023-01-22T15:11:33","slug":"keksit-gelato","status":"publish","type":"product","link":"https:\/\/gooddealersmeds.com\/fi\/product\/keksit-gelato\/","title":{"rendered":"Osta Cookies Gelato verkossa"},"content":{"rendered":"<h2><strong>Cookies Gelato Myyt\u00e4v\u00e4n\u00e4\u00a0\u00a0<\/strong><\/h2>\n<p>Ev\u00e4steet Gelato Online on sivusto <a href=\"https:\/\/gooddealersmeds.com\/fi\/product\/cookies-gelato\/\"> mist\u00e4 voit ostaa cookie gelatoa verkosta<\/a>. Cookies Gelato Myyt\u00e4v\u00e4n\u00e4, Yritys perustettiin vuonna 2016 ja sen kotipaikka on New Yorkista. Cookies Gelato Online myy monenlaisia \u200b\u200bgelatoja, mutta niiden suosituin tuote on cookies gelato. He myyv\u00e4t my\u00f6s muunlaisia \u200b\u200bj\u00e4\u00e4tel\u00f6it\u00e4, mutta heid\u00e4n suosituin j\u00e4\u00e4tel\u00f6lajinsa on cookie gelato. Yritys on toiminut nyt noin vuoden ja kasvaa edelleen eritt\u00e4in nopeasti! <a href=\"https:\/\/www.leafly.com\/strains\/gelato-cookies\">Ev\u00e4steet Gelato<\/a> Online on tullut yh\u00e4 suositummaksi joka p\u00e4iv\u00e4, koska heilt\u00e4 on helppoa ostaa gelatoa verkosta; t\u00e4yt\u00e4t vain verkkolomakkeen, jossa on kaikki tietosi, ja he l\u00e4hett\u00e4v\u00e4t tilauksesi heti!<\/p>\n<p><strong>\u00a0<\/strong><\/p>\n<p><strong>Miksi Ostatko Cookies Gelato verkosta?<\/strong><\/p>\n<p>On olemassa monia syit\u00e4, miksi sinun pit\u00e4isi ostaa ev\u00e4steit\u00e4 gelato verkosta Cookies Gelato Onlinesta:<\/p>\n<p>1) Voit valita haluamasi maun.<\/p>\n<p>2) Sinun ei tarvitse menn\u00e4 minnek\u00e4\u00e4n tai poistua kotoa.<\/p>\n<p>3) Saat t\u00e4sm\u00e4lleen mit\u00e4 haluat ilman mit\u00e4\u00e4n h\u00e4ss\u00e4kk\u00e4\u00e4.<\/p>\n<p>&nbsp;<\/p>\n<p><strong>Paras paikka ostaa Cookies Gelato verkossa?<\/strong><\/p>\n<p>Niit\u00e4 on monia! Mutta jos haluat p\u00e4\u00e4st\u00e4 perille ja p\u00e4\u00e4st\u00e4 vain yhteen paikkaan, joka tarjoaa sinulle kaikkien aikojen parhaan tarjouksen, Good Dealers Meds on oikea paikka. Tutustu koko virkistys- ja l\u00e4\u00e4kel\u00e4\u00e4kkeiden valikoimaamme l\u00f6yt\u00e4\u00e4ksesi tarjoukset, joita et tule katumaan rahoillesi. On selv\u00e4\u00e4, ett\u00e4 n\u00e4ill\u00e4 kukinnoilla on paljon voimaa. Trikomien viidakko ja hartsimeri n\u00e4kyy, kun katsot nopeasti silmuja. T\u00e4ll\u00e4 tahmealla aineella on h\u00e4mm\u00e4stytt\u00e4v\u00e4 tuoksu ja s\u00e4\u00e4dyt\u00f6n 28 % THC-pitoisuus. V\u00e4lit\u00f6n huippu syntyy niin korkeasta psykoaktiivisen kannabinoidin pitoisuudesta. Tarvitset vain yhden iskun saadakseen riitt\u00e4v\u00e4n tehokkaan heikent\u00e4m\u00e4\u00e4n aloittelijat.<\/p>\n","protected":false},"excerpt":{"rendered":"<p>Cookies Gelato on kahden legendaarisen kannabislajin rakkauslapsi. H\u00e4n peri j\u00e4rjett\u00f6m\u00e4n tehon, makean maun ja vaikuttavan tuottavuuden.<\/p>\n","protected":false},"featured_media":1870,"comment_status":"open","ping_status":"closed","template":"","meta":{"inline_featured_image":false},"product_brand":[],"product_cat":[348],"product_tag":[369,387,371,372,375,376,377,378,380,392,393,386,381,383,384,373,374,370,388,390,385,391,382,394,379,389,395],"class_list":{"0":"post-1869","1":"product","2":"type-product","3":"status-publish","4":"has-post-thumbnail","6":"product_cat-marihuana","7":"product_tag-afghan-kush","8":"product_tag-ananas-kush","9":"product_tag-best-weed-joints","10":"product_tag-big-bud","11":"product_tag-buy-wholesale-marijuana","12":"product_tag-ganja-myytvn","13":"product_tag-tytt-partio-keksej","14":"product_tag-isois-violetti","15":"product_tag-hamppu-myynniss","16":"product_tag-hapan-diesel","17":"product_tag-hapan-ja-kush","18":"product_tag-ja-kush","19":"product_tag-kandy-kush","20":"product_tag-mango-kush","21":"product_tag-marihuana-kasveja","22":"product_tag-mustikka-nam-nam","23":"product_tag-osta-halpa-weed-verkosta","24":"product_tag-palloreppu","25":"product_tag-lentokoneen-haaksirikko","26":"product_tag-violetti-kush","27":"product_tag-revontulet-5","28":"product_tag-sensi-star-x-ak47","29":"product_tag-sitruuna-pisara","30":"product_tag-valkoinen-sarvikuono","31":"product_tag-vihre-halkeama","32":"product_tag-violetti-usva","33":"product_tag-valkoinen-leski-x-revontulet","35":"first","36":"instock","37":"shipping-taxable","38":"purchasable","39":"product-type-simple"},"yoast_head":"<!-- This site is optimized with the Yoast SEO Premium plugin v20.6 (Yoast SEO v27.3) - https:\/\/yoast.com\/product\/yoast-seo-premium-wordpress\/ -->\n<title>Cookies Gelato myyt\u00e4v\u00e4n\u00e4 | paras paikka ostaa Weed<\/title>\n<meta name=\"description\" content=\"Osta Gelato Cookies Weed verkosta osoitteesta. Gelato on houkutteleva hybridi-kannabiskanta Cookie Familta ja Sherbinskilt\u00e4. Cookies Gelato myyt\u00e4v\u00e4n\u00e4\" \/>\n<meta name=\"robots\" content=\"index, follow, max-snippet:-1, max-image-preview:large, max-video-preview:-1\" \/>\n<link rel=\"canonical\" href=\"https:\/\/gooddealersmeds.com\/fi\/product\/keksit-gelato\/\" \/>\n<meta property=\"og:locale\" content=\"en_US\" \/>\n<meta property=\"og:type\" content=\"article\" \/>\n<meta property=\"og:title\" content=\"Osta Cookies Gelato verkossa\" \/>\n<meta property=\"og:description\" content=\"Osta Gelato Cookies Weed verkosta osoitteesta. Gelato on houkutteleva hybridi-kannabiskanta Cookie Familta ja Sherbinskilt\u00e4. Cookies Gelato myyt\u00e4v\u00e4n\u00e4\" \/>\n<meta property=\"og:url\" content=\"https:\/\/gooddealersmeds.com\/fi\/product\/keksit-gelato\/\" \/>\n<meta property=\"og:site_name\" content=\"Good Dealers Meds\" \/>\n<meta property=\"article:modified_time\" content=\"2023-01-22T15:11:33+00:00\" \/>\n<meta property=\"og:image\" content=\"https:\/\/gooddealersmeds.com\/fi\/wp-content\/uploads\/sites\/6\/2022\/06\/COOKIES-GELATO.jpg\" \/>\n\t<meta property=\"og:image:width\" content=\"600\" \/>\n\t<meta property=\"og:image:height\" content=\"600\" \/>\n\t<meta property=\"og:image:type\" content=\"image\/jpeg\" \/>\n<meta name=\"twitter:card\" content=\"summary_large_image\" \/>\n<meta name=\"twitter:label1\" content=\"Est. reading time\" \/>\n\t<meta name=\"twitter:data1\" content=\"1 minute\" \/>\n<script type=\"application\/ld+json\" class=\"yoast-schema-graph\">{\"@context\":\"https:\\\/\\\/schema.org\",\"@graph\":[{\"@type\":\"WebPage\",\"@id\":\"https:\\\/\\\/gooddealersmeds.com\\\/fi\\\/product\\\/keksit-gelato\\\/\",\"url\":\"https:\\\/\\\/gooddealersmeds.com\\\/fi\\\/product\\\/keksit-gelato\\\/\",\"name\":\"Cookies Gelato myyt\u00e4v\u00e4n\u00e4 | paras paikka ostaa Weed\",\"isPartOf\":{\"@id\":\"https:\\\/\\\/gooddealersmeds.com\\\/fi\\\/#website\"},\"primaryImageOfPage\":{\"@id\":\"https:\\\/\\\/gooddealersmeds.com\\\/fi\\\/product\\\/keksit-gelato\\\/#primaryimage\"},\"image\":{\"@id\":\"https:\\\/\\\/gooddealersmeds.com\\\/fi\\\/product\\\/keksit-gelato\\\/#primaryimage\"},\"thumbnailUrl\":\"https:\\\/\\\/gooddealersmeds.com\\\/fi\\\/wp-content\\\/uploads\\\/sites\\\/6\\\/2022\\\/06\\\/COOKIES-GELATO.jpg\",\"datePublished\":\"2022-06-30T00:00:32+00:00\",\"dateModified\":\"2023-01-22T15:11:33+00:00\",\"description\":\"Osta Gelato Cookies Weed verkosta osoitteesta. Gelato on houkutteleva hybridi-kannabiskanta Cookie Familta ja Sherbinskilt\u00e4. Cookies Gelato myyt\u00e4v\u00e4n\u00e4\",\"breadcrumb\":{\"@id\":\"https:\\\/\\\/gooddealersmeds.com\\\/fi\\\/product\\\/keksit-gelato\\\/#breadcrumb\"},\"inLanguage\":\"en-US\",\"potentialAction\":[{\"@type\":\"ReadAction\",\"target\":[\"https:\\\/\\\/gooddealersmeds.com\\\/fi\\\/product\\\/keksit-gelato\\\/\"]}]},{\"@type\":\"ImageObject\",\"inLanguage\":\"en-US\",\"@id\":\"https:\\\/\\\/gooddealersmeds.com\\\/fi\\\/product\\\/keksit-gelato\\\/#primaryimage\",\"url\":\"https:\\\/\\\/gooddealersmeds.com\\\/fi\\\/wp-content\\\/uploads\\\/sites\\\/6\\\/2022\\\/06\\\/COOKIES-GELATO.jpg\",\"contentUrl\":\"https:\\\/\\\/gooddealersmeds.com\\\/fi\\\/wp-content\\\/uploads\\\/sites\\\/6\\\/2022\\\/06\\\/COOKIES-GELATO.jpg\",\"width\":600,\"height\":600,\"caption\":\"Cookies Gelato\"},{\"@type\":\"BreadcrumbList\",\"@id\":\"https:\\\/\\\/gooddealersmeds.com\\\/fi\\\/product\\\/keksit-gelato\\\/#breadcrumb\",\"itemListElement\":[{\"@type\":\"ListItem\",\"position\":1,\"name\":\"Home\",\"item\":\"https:\\\/\\\/gooddealersmeds.com\\\/fi\\\/\"},{\"@type\":\"ListItem\",\"position\":2,\"name\":\"Tuotteet\",\"item\":\"https:\\\/\\\/gooddealersmeds.com\\\/fi\\\/tuotteet\\\/\"},{\"@type\":\"ListItem\",\"position\":3,\"name\":\"Osta Cookies Gelato verkossa\"}]},{\"@type\":\"WebSite\",\"@id\":\"https:\\\/\\\/gooddealersmeds.com\\\/fi\\\/#website\",\"url\":\"https:\\\/\\\/gooddealersmeds.com\\\/fi\\\/\",\"name\":\"Good Dealers Meds\",\"description\":\"All our best\",\"publisher\":{\"@id\":\"https:\\\/\\\/gooddealersmeds.com\\\/fi\\\/#organization\"},\"potentialAction\":[{\"@type\":\"SearchAction\",\"target\":{\"@type\":\"EntryPoint\",\"urlTemplate\":\"https:\\\/\\\/gooddealersmeds.com\\\/fi\\\/?s={search_term_string}\"},\"query-input\":{\"@type\":\"PropertyValueSpecification\",\"valueRequired\":true,\"valueName\":\"search_term_string\"}}],\"inLanguage\":\"en-US\"},{\"@type\":\"Organization\",\"@id\":\"https:\\\/\\\/gooddealersmeds.com\\\/fi\\\/#organization\",\"name\":\"Good Dealers Meds\",\"url\":\"https:\\\/\\\/gooddealersmeds.com\\\/fi\\\/\",\"logo\":{\"@type\":\"ImageObject\",\"inLanguage\":\"en-US\",\"@id\":\"https:\\\/\\\/gooddealersmeds.com\\\/fi\\\/#\\\/schema\\\/logo\\\/image\\\/\",\"url\":\"https:\\\/\\\/gooddealersmeds.com\\\/fi\\\/wp-content\\\/uploads\\\/sites\\\/6\\\/2022\\\/03\\\/gooddealersmeds__logo__20220317T222800Z.00.png\",\"contentUrl\":\"https:\\\/\\\/gooddealersmeds.com\\\/fi\\\/wp-content\\\/uploads\\\/sites\\\/6\\\/2022\\\/03\\\/gooddealersmeds__logo__20220317T222800Z.00.png\",\"width\":500,\"height\":325,\"caption\":\"Good Dealers Meds\"},\"image\":{\"@id\":\"https:\\\/\\\/gooddealersmeds.com\\\/fi\\\/#\\\/schema\\\/logo\\\/image\\\/\"}}]}<\/script>\n<!-- \/ Yoast SEO Premium plugin. -->","yoast_head_json":{"title":"Cookies Gelato myyt\u00e4v\u00e4n\u00e4 | paras paikka ostaa Weed","description":"Osta Gelato Cookies Weed verkosta osoitteesta. Gelato on houkutteleva hybridi-kannabiskanta Cookie Familta ja Sherbinskilt\u00e4. Cookies Gelato myyt\u00e4v\u00e4n\u00e4","robots":{"index":"index","follow":"follow","max-snippet":"max-snippet:-1","max-image-preview":"max-image-preview:large","max-video-preview":"max-video-preview:-1"},"canonical":"https:\/\/gooddealersmeds.com\/fi\/product\/keksit-gelato\/","og_locale":"en_US","og_type":"article","og_title":"Osta Cookies Gelato verkossa","og_description":"Osta Gelato Cookies Weed verkosta osoitteesta. Gelato on houkutteleva hybridi-kannabiskanta Cookie Familta ja Sherbinskilt\u00e4. Cookies Gelato myyt\u00e4v\u00e4n\u00e4","og_url":"https:\/\/gooddealersmeds.com\/fi\/product\/keksit-gelato\/","og_site_name":"Good Dealers Meds","article_modified_time":"2023-01-22T15:11:33+00:00","og_image":[{"width":600,"height":600,"url":"https:\/\/gooddealersmeds.com\/fi\/wp-content\/uploads\/sites\/6\/2022\/06\/COOKIES-GELATO.jpg","type":"image\/jpeg"}],"twitter_card":"summary_large_image","twitter_misc":{"Est. reading time":"1 minute"},"schema":{"@context":"https:\/\/schema.org","@graph":[{"@type":"WebPage","@id":"https:\/\/gooddealersmeds.com\/fi\/product\/keksit-gelato\/","url":"https:\/\/gooddealersmeds.com\/fi\/product\/keksit-gelato\/","name":"Cookies Gelato myyt\u00e4v\u00e4n\u00e4 | paras paikka ostaa Weed","isPartOf":{"@id":"https:\/\/gooddealersmeds.com\/fi\/#website"},"primaryImageOfPage":{"@id":"https:\/\/gooddealersmeds.com\/fi\/product\/keksit-gelato\/#primaryimage"},"image":{"@id":"https:\/\/gooddealersmeds.com\/fi\/product\/keksit-gelato\/#primaryimage"},"thumbnailUrl":"https:\/\/gooddealersmeds.com\/fi\/wp-content\/uploads\/sites\/6\/2022\/06\/COOKIES-GELATO.jpg","datePublished":"2022-06-30T00:00:32+00:00","dateModified":"2023-01-22T15:11:33+00:00","description":"Osta Gelato Cookies Weed verkosta osoitteesta. Gelato on houkutteleva hybridi-kannabiskanta Cookie Familta ja Sherbinskilt\u00e4. Cookies Gelato myyt\u00e4v\u00e4n\u00e4","breadcrumb":{"@id":"https:\/\/gooddealersmeds.com\/fi\/product\/keksit-gelato\/#breadcrumb"},"inLanguage":"en-US","potentialAction":[{"@type":"ReadAction","target":["https:\/\/gooddealersmeds.com\/fi\/product\/keksit-gelato\/"]}]},{"@type":"ImageObject","inLanguage":"en-US","@id":"https:\/\/gooddealersmeds.com\/fi\/product\/keksit-gelato\/#primaryimage","url":"https:\/\/gooddealersmeds.com\/fi\/wp-content\/uploads\/sites\/6\/2022\/06\/COOKIES-GELATO.jpg","contentUrl":"https:\/\/gooddealersmeds.com\/fi\/wp-content\/uploads\/sites\/6\/2022\/06\/COOKIES-GELATO.jpg","width":600,"height":600,"caption":"Cookies Gelato"},{"@type":"BreadcrumbList","@id":"https:\/\/gooddealersmeds.com\/fi\/product\/keksit-gelato\/#breadcrumb","itemListElement":[{"@type":"ListItem","position":1,"name":"Home","item":"https:\/\/gooddealersmeds.com\/fi\/"},{"@type":"ListItem","position":2,"name":"Tuotteet","item":"https:\/\/gooddealersmeds.com\/fi\/tuotteet\/"},{"@type":"ListItem","position":3,"name":"Osta Cookies Gelato verkossa"}]},{"@type":"WebSite","@id":"https:\/\/gooddealersmeds.com\/fi\/#website","url":"https:\/\/gooddealersmeds.com\/fi\/","name":"Good Dealers Meds","description":"All our best","publisher":{"@id":"https:\/\/gooddealersmeds.com\/fi\/#organization"},"potentialAction":[{"@type":"SearchAction","target":{"@type":"EntryPoint","urlTemplate":"https:\/\/gooddealersmeds.com\/fi\/?s={search_term_string}"},"query-input":{"@type":"PropertyValueSpecification","valueRequired":true,"valueName":"search_term_string"}}],"inLanguage":"en-US"},{"@type":"Organization","@id":"https:\/\/gooddealersmeds.com\/fi\/#organization","name":"Good Dealers Meds","url":"https:\/\/gooddealersmeds.com\/fi\/","logo":{"@type":"ImageObject","inLanguage":"en-US","@id":"https:\/\/gooddealersmeds.com\/fi\/#\/schema\/logo\/image\/","url":"https:\/\/gooddealersmeds.com\/fi\/wp-content\/uploads\/sites\/6\/2022\/03\/gooddealersmeds__logo__20220317T222800Z.00.png","contentUrl":"https:\/\/gooddealersmeds.com\/fi\/wp-content\/uploads\/sites\/6\/2022\/03\/gooddealersmeds__logo__20220317T222800Z.00.png","width":500,"height":325,"caption":"Good Dealers Meds"},"image":{"@id":"https:\/\/gooddealersmeds.com\/fi\/#\/schema\/logo\/image\/"}}]}},"_links":{"self":[{"href":"https:\/\/gooddealersmeds.com\/fi\/wp-json\/wp\/v2\/product\/1869","targetHints":{"allow":["GET"]}}],"collection":[{"href":"https:\/\/gooddealersmeds.com\/fi\/wp-json\/wp\/v2\/product"}],"about":[{"href":"https:\/\/gooddealersmeds.com\/fi\/wp-json\/wp\/v2\/types\/product"}],"replies":[{"embeddable":true,"href":"https:\/\/gooddealersmeds.com\/fi\/wp-json\/wp\/v2\/comments?post=1869"}],"wp:featuredmedia":[{"embeddable":true,"href":"https:\/\/gooddealersmeds.com\/fi\/wp-json\/wp\/v2\/media\/1870"}],"wp:attachment":[{"href":"https:\/\/gooddealersmeds.com\/fi\/wp-json\/wp\/v2\/media?parent=1869"}],"wp:term":[{"taxonomy":"product_brand","embeddable":true,"href":"https:\/\/gooddealersmeds.com\/fi\/wp-json\/wp\/v2\/product_brand?post=1869"},{"taxonomy":"product_cat","embeddable":true,"href":"https:\/\/gooddealersmeds.com\/fi\/wp-json\/wp\/v2\/product_cat?post=1869"},{"taxonomy":"product_tag","embeddable":true,"href":"https:\/\/gooddealersmeds.com\/fi\/wp-json\/wp\/v2\/product_tag?post=1869"}],"curies":[{"name":"wp","href":"https:\/\/api.w.org\/{rel}","templated":true}]}}