{"id":1867,"date":"2022-06-29T23:56:03","date_gmt":"2022-06-29T23:56:03","guid":{"rendered":"https:\/\/gooddealersmeds.com\/fi\/?post_type=product&#038;p=1867"},"modified":"2023-01-22T15:14:35","modified_gmt":"2023-01-22T15:14:35","slug":"muistinmenetys-sumu","status":"publish","type":"product","link":"https:\/\/gooddealersmeds.com\/fi\/product\/muistinmenetys-sumu\/","title":{"rendered":"Osta Amnesia Haze verkosta"},"content":{"rendered":"<h2><strong>Osta Amnesia Haze verkosta <\/strong><\/h2>\n<p><a href=\"https:\/\/gooddealersmeds.com\/fi\/ product\/amnesia-haze\/\">Amnesia Haze Online<\/a> ovat laadukkaimpia ja tehokkaimpia kannabiskantoja, joita voit l\u00f6yt\u00e4\u00e4. Se on Sativa-dominoiva kanta, jolla on tumma tuoksu ja maku. Korkea on eritt\u00e4in vahva ja kest\u00e4\u00e4 noin 2 tuntia. Sen Sativa\/Indica-suhde on 60\/40, THC-pitoisuus 16 % ja CBD-pitoisuus 1 %, Osta Amnesia Haze verkosta<\/p>\n<p>Amnesia Haze on voimakas, koko kehon kattava Indica-kanta, joka kasvaa tuuheassa, tihe\u00e4ss\u00e4 muodossa. . Silmut ovat vihreiden emien ja oranssien karvojen peitossa. Silmuissa on voimakas skunky aromi, jossa on aavistus makeita hedelmi\u00e4. Kasvi on keskikokoinen, pitk\u00e4t, tummanvihre\u00e4t lehdet. Kukissa on violetit emit ja oranssit karvat.<\/p>\n<p>Amnesia Haze on pehme\u00e4, ja sen vaikutukset kest\u00e4v\u00e4t jopa kaksi tuntia. Se on ihanteellinen rentoutumiseen, lukemiseen tai elokuvien katseluun.<\/p>\n<p>High syttyy hitaasti ja kasvaa ajan my\u00f6t\u00e4, kun sen THC-pitoisuus kasvaa kokemuksen aikana. Aivovaikutuksiin kuuluu voimakas euforia, johon voi liitty\u00e4 huimausta, rentoutumista ja alentunutta ahdistustasoa. Kehovaikutuksia ovat raajojen puutuminen, suun kuivuminen ja voimakas n\u00e4\u00f6n heikkeneminen, mik\u00e4 voi heikent\u00e4\u00e4 ajoturvallisuutta t\u00e4m\u00e4n tuotteen k\u00e4yt\u00f6n aikana.<\/p>\n<p><strong>\u00a0<\/strong><\/p>\n<p><strong>Miksi ostaa Amnesia Haze verkosta <\/strong><\/p>\n<p><strong>\u00a0<\/strong><\/p>\n<p>Kun olet valmis ostamaan kannabista, on monia syit\u00e4, miksi sinun pit\u00e4isi ostaa amnesia haze verkosta .<\/p>\n<p>Ensinn\u00e4kin voit k\u00e4ytt\u00e4\u00e4 erilaisia \u200b\u200bkantoja, kun niit\u00e4 on viel\u00e4 varastossa.<\/p>\n<p>Toiseksi voit s\u00e4\u00e4st\u00e4\u00e4 aikaa, koska ei ole odotusaikoja tai rajoituksia. tuotteiden ostaminen verkosta.<\/p>\n<p>Kolmanneksi, jos haluat ostaa lis\u00e4tarvikkeita, kuten bongeja tai h\u00f6yrystimet, t\u00e4m\u00e4 on toinen etu, ja lopuksi monille ihmisille, jotka eiv\u00e4t asu silloin tarpeeksi l\u00e4hell\u00e4, t\u00e4m\u00e4 on ei my\u00f6sk\u00e4\u00e4n niin suuri ongelma, koska<\/p>\n<p><strong>\u00a0<\/strong><\/p>\n<p><strong>Paras paikka ostaa Amnesia Haze verkossa<\/strong><\/p>\n<p>Oletko koskaan miettinyt, mik\u00e4 on paras paikka ostaa Amnesia Haze Online? Et ole yksin. Voit tilata Amnesia Hazen verkossa Good Dealers Medsilt\u00e4 parhaaseen hintaan. Tee vain tilauksesi meilt\u00e4, \u200b\u200bistu alas ja rentoudu. Saat tilauksesi toimitettuna luvatussa ajassa.<\/p>\n","protected":false},"excerpt":{"rendered":"<p>Kun usvagenetiikka saapui Hollantiin ja tehtiin useita hybridej\u00e4, amerikkalainen ulkomaalainen yhdisti my\u00f6hemmin yhden n\u00e4ist\u00e4 hybrideist\u00e4 vanhan koulun sumun siemenist\u00e4 per\u00e4isin olevaan urospuoliseen, mik\u00e4 luo Amnesia Hazen.<\/p>\n","protected":false},"featured_media":1868,"comment_status":"open","ping_status":"closed","template":"","meta":{"inline_featured_image":false},"product_brand":[],"product_cat":[348],"product_tag":[349,351,352,353,354,355,356,357,358,359,361,367,362,364,363,365,366,368,350,360],"class_list":{"0":"post-1867","1":"product","2":"type-product","3":"status-publish","4":"has-post-thumbnail","6":"product_cat-marihuana","7":"product_tag-best-weed-stock-to-buy","8":"product_tag-can-you-buy-weed","9":"product_tag-can-you-buy-weed-in-austria","10":"product_tag-can-you-buy-weed-in-switzerland","11":"product_tag-can-you-buy-weed-online","12":"product_tag-how-to-buy-weed","13":"product_tag-how-to-buy-weed-in-germany","14":"product_tag-how-to-buy-weed-in-slovakia","15":"product_tag-miten-ostaa-ruohoa-sloveniassa","16":"product_tag-miten-osta-osta-weed-verkosta","17":"product_tag-mist-ostaa-rikkaruohoja","18":"product_tag-mist-osta-weed-in-uk","19":"product_tag-mist-osta-weed-itvallassa","20":"product_tag-mist-ostaa-ruoho-puolasta","21":"product_tag-mist-ostaa-rikkakasveja-saksassa","22":"product_tag-mist-ostaa-ruoho-slovakiassa","23":"product_tag-mist-ostaa-weed-sveitsiss","24":"product_tag-mist-ostaa-ruoho-lheltni","25":"product_tag-osta-weed-sytvt-verkosta","26":"product_tag-ruohovarastot-ostettavaksi","28":"first","29":"instock","30":"shipping-taxable","31":"purchasable","32":"product-type-simple"},"yoast_head":"<!-- This site is optimized with the Yoast SEO Premium plugin v20.6 (Yoast SEO v27.4) - https:\/\/yoast.com\/product\/yoast-seo-premium-wordpress\/ -->\n<title>Osta Amnesia Haze verkosta | kannabiksen siemeni\u00e4 | Good Dealers Meds<\/title>\n<meta name=\"description\" content=\"Osta Amnesia Haze verkosta Strain Good Dealers Meds ja saat parhaat hinnat. Parasta sveitsil\u00e4ist\u00e4 hamppua saman katon alla. Osta verkossa nyt!\" \/>\n<meta name=\"robots\" content=\"index, follow, max-snippet:-1, max-image-preview:large, max-video-preview:-1\" \/>\n<link rel=\"canonical\" href=\"https:\/\/gooddealersmeds.com\/fi\/product\/muistinmenetys-sumu\/\" \/>\n<meta property=\"og:locale\" content=\"en_US\" \/>\n<meta property=\"og:type\" content=\"article\" \/>\n<meta property=\"og:title\" content=\"Osta Amnesia Haze verkosta\" \/>\n<meta property=\"og:description\" content=\"Osta Amnesia Haze verkosta Strain Good Dealers Meds ja saat parhaat hinnat. Parasta sveitsil\u00e4ist\u00e4 hamppua saman katon alla. Osta verkossa nyt!\" \/>\n<meta property=\"og:url\" content=\"https:\/\/gooddealersmeds.com\/fi\/product\/muistinmenetys-sumu\/\" \/>\n<meta property=\"og:site_name\" content=\"Good Dealers Meds\" \/>\n<meta property=\"article:modified_time\" content=\"2023-01-22T15:14:35+00:00\" \/>\n<meta property=\"og:image\" content=\"https:\/\/gooddealersmeds.com\/fi\/wp-content\/uploads\/sites\/6\/2022\/06\/AMNESIA-HAZE.jpg\" \/>\n\t<meta property=\"og:image:width\" content=\"600\" \/>\n\t<meta property=\"og:image:height\" content=\"600\" \/>\n\t<meta property=\"og:image:type\" content=\"image\/jpeg\" \/>\n<meta name=\"twitter:card\" content=\"summary_large_image\" \/>\n<meta name=\"twitter:label1\" content=\"Est. reading time\" \/>\n\t<meta name=\"twitter:data1\" content=\"1 minute\" \/>\n<script type=\"application\/ld+json\" class=\"yoast-schema-graph\">{\"@context\":\"https:\\\/\\\/schema.org\",\"@graph\":[{\"@type\":\"WebPage\",\"@id\":\"https:\\\/\\\/gooddealersmeds.com\\\/fi\\\/product\\\/muistinmenetys-sumu\\\/\",\"url\":\"https:\\\/\\\/gooddealersmeds.com\\\/fi\\\/product\\\/muistinmenetys-sumu\\\/\",\"name\":\"Osta Amnesia Haze verkosta | kannabiksen siemeni\u00e4 | Good Dealers Meds\",\"isPartOf\":{\"@id\":\"https:\\\/\\\/gooddealersmeds.com\\\/fi\\\/#website\"},\"primaryImageOfPage\":{\"@id\":\"https:\\\/\\\/gooddealersmeds.com\\\/fi\\\/product\\\/muistinmenetys-sumu\\\/#primaryimage\"},\"image\":{\"@id\":\"https:\\\/\\\/gooddealersmeds.com\\\/fi\\\/product\\\/muistinmenetys-sumu\\\/#primaryimage\"},\"thumbnailUrl\":\"https:\\\/\\\/gooddealersmeds.com\\\/fi\\\/wp-content\\\/uploads\\\/sites\\\/6\\\/2022\\\/06\\\/AMNESIA-HAZE.jpg\",\"datePublished\":\"2022-06-29T23:56:03+00:00\",\"dateModified\":\"2023-01-22T15:14:35+00:00\",\"description\":\"Osta Amnesia Haze verkosta Strain Good Dealers Meds ja saat parhaat hinnat. Parasta sveitsil\u00e4ist\u00e4 hamppua saman katon alla. Osta verkossa nyt!\",\"breadcrumb\":{\"@id\":\"https:\\\/\\\/gooddealersmeds.com\\\/fi\\\/product\\\/muistinmenetys-sumu\\\/#breadcrumb\"},\"inLanguage\":\"en-US\",\"potentialAction\":[{\"@type\":\"ReadAction\",\"target\":[\"https:\\\/\\\/gooddealersmeds.com\\\/fi\\\/product\\\/muistinmenetys-sumu\\\/\"]}]},{\"@type\":\"ImageObject\",\"inLanguage\":\"en-US\",\"@id\":\"https:\\\/\\\/gooddealersmeds.com\\\/fi\\\/product\\\/muistinmenetys-sumu\\\/#primaryimage\",\"url\":\"https:\\\/\\\/gooddealersmeds.com\\\/fi\\\/wp-content\\\/uploads\\\/sites\\\/6\\\/2022\\\/06\\\/AMNESIA-HAZE.jpg\",\"contentUrl\":\"https:\\\/\\\/gooddealersmeds.com\\\/fi\\\/wp-content\\\/uploads\\\/sites\\\/6\\\/2022\\\/06\\\/AMNESIA-HAZE.jpg\",\"width\":600,\"height\":600,\"caption\":\"Buy Amnesia Haze\"},{\"@type\":\"BreadcrumbList\",\"@id\":\"https:\\\/\\\/gooddealersmeds.com\\\/fi\\\/product\\\/muistinmenetys-sumu\\\/#breadcrumb\",\"itemListElement\":[{\"@type\":\"ListItem\",\"position\":1,\"name\":\"Home\",\"item\":\"https:\\\/\\\/gooddealersmeds.com\\\/fi\\\/\"},{\"@type\":\"ListItem\",\"position\":2,\"name\":\"Tuotteet\",\"item\":\"https:\\\/\\\/gooddealersmeds.com\\\/fi\\\/tuotteet\\\/\"},{\"@type\":\"ListItem\",\"position\":3,\"name\":\"Osta Amnesia Haze verkosta\"}]},{\"@type\":\"WebSite\",\"@id\":\"https:\\\/\\\/gooddealersmeds.com\\\/fi\\\/#website\",\"url\":\"https:\\\/\\\/gooddealersmeds.com\\\/fi\\\/\",\"name\":\"Good Dealers Meds\",\"description\":\"All our best\",\"publisher\":{\"@id\":\"https:\\\/\\\/gooddealersmeds.com\\\/fi\\\/#organization\"},\"potentialAction\":[{\"@type\":\"SearchAction\",\"target\":{\"@type\":\"EntryPoint\",\"urlTemplate\":\"https:\\\/\\\/gooddealersmeds.com\\\/fi\\\/?s={search_term_string}\"},\"query-input\":{\"@type\":\"PropertyValueSpecification\",\"valueRequired\":true,\"valueName\":\"search_term_string\"}}],\"inLanguage\":\"en-US\"},{\"@type\":\"Organization\",\"@id\":\"https:\\\/\\\/gooddealersmeds.com\\\/fi\\\/#organization\",\"name\":\"Good Dealers Meds\",\"url\":\"https:\\\/\\\/gooddealersmeds.com\\\/fi\\\/\",\"logo\":{\"@type\":\"ImageObject\",\"inLanguage\":\"en-US\",\"@id\":\"https:\\\/\\\/gooddealersmeds.com\\\/fi\\\/#\\\/schema\\\/logo\\\/image\\\/\",\"url\":\"https:\\\/\\\/gooddealersmeds.com\\\/fi\\\/wp-content\\\/uploads\\\/sites\\\/6\\\/2022\\\/03\\\/gooddealersmeds__logo__20220317T222800Z.00.png\",\"contentUrl\":\"https:\\\/\\\/gooddealersmeds.com\\\/fi\\\/wp-content\\\/uploads\\\/sites\\\/6\\\/2022\\\/03\\\/gooddealersmeds__logo__20220317T222800Z.00.png\",\"width\":500,\"height\":325,\"caption\":\"Good Dealers Meds\"},\"image\":{\"@id\":\"https:\\\/\\\/gooddealersmeds.com\\\/fi\\\/#\\\/schema\\\/logo\\\/image\\\/\"}}]}<\/script>\n<!-- \/ Yoast SEO Premium plugin. -->","yoast_head_json":{"title":"Osta Amnesia Haze verkosta | kannabiksen siemeni\u00e4 | Good Dealers Meds","description":"Osta Amnesia Haze verkosta Strain Good Dealers Meds ja saat parhaat hinnat. Parasta sveitsil\u00e4ist\u00e4 hamppua saman katon alla. Osta verkossa nyt!","robots":{"index":"index","follow":"follow","max-snippet":"max-snippet:-1","max-image-preview":"max-image-preview:large","max-video-preview":"max-video-preview:-1"},"canonical":"https:\/\/gooddealersmeds.com\/fi\/product\/muistinmenetys-sumu\/","og_locale":"en_US","og_type":"article","og_title":"Osta Amnesia Haze verkosta","og_description":"Osta Amnesia Haze verkosta Strain Good Dealers Meds ja saat parhaat hinnat. Parasta sveitsil\u00e4ist\u00e4 hamppua saman katon alla. Osta verkossa nyt!","og_url":"https:\/\/gooddealersmeds.com\/fi\/product\/muistinmenetys-sumu\/","og_site_name":"Good Dealers Meds","article_modified_time":"2023-01-22T15:14:35+00:00","og_image":[{"width":600,"height":600,"url":"https:\/\/gooddealersmeds.com\/fi\/wp-content\/uploads\/sites\/6\/2022\/06\/AMNESIA-HAZE.jpg","type":"image\/jpeg"}],"twitter_card":"summary_large_image","twitter_misc":{"Est. reading time":"1 minute"},"schema":{"@context":"https:\/\/schema.org","@graph":[{"@type":"WebPage","@id":"https:\/\/gooddealersmeds.com\/fi\/product\/muistinmenetys-sumu\/","url":"https:\/\/gooddealersmeds.com\/fi\/product\/muistinmenetys-sumu\/","name":"Osta Amnesia Haze verkosta | kannabiksen siemeni\u00e4 | Good Dealers Meds","isPartOf":{"@id":"https:\/\/gooddealersmeds.com\/fi\/#website"},"primaryImageOfPage":{"@id":"https:\/\/gooddealersmeds.com\/fi\/product\/muistinmenetys-sumu\/#primaryimage"},"image":{"@id":"https:\/\/gooddealersmeds.com\/fi\/product\/muistinmenetys-sumu\/#primaryimage"},"thumbnailUrl":"https:\/\/gooddealersmeds.com\/fi\/wp-content\/uploads\/sites\/6\/2022\/06\/AMNESIA-HAZE.jpg","datePublished":"2022-06-29T23:56:03+00:00","dateModified":"2023-01-22T15:14:35+00:00","description":"Osta Amnesia Haze verkosta Strain Good Dealers Meds ja saat parhaat hinnat. Parasta sveitsil\u00e4ist\u00e4 hamppua saman katon alla. Osta verkossa nyt!","breadcrumb":{"@id":"https:\/\/gooddealersmeds.com\/fi\/product\/muistinmenetys-sumu\/#breadcrumb"},"inLanguage":"en-US","potentialAction":[{"@type":"ReadAction","target":["https:\/\/gooddealersmeds.com\/fi\/product\/muistinmenetys-sumu\/"]}]},{"@type":"ImageObject","inLanguage":"en-US","@id":"https:\/\/gooddealersmeds.com\/fi\/product\/muistinmenetys-sumu\/#primaryimage","url":"https:\/\/gooddealersmeds.com\/fi\/wp-content\/uploads\/sites\/6\/2022\/06\/AMNESIA-HAZE.jpg","contentUrl":"https:\/\/gooddealersmeds.com\/fi\/wp-content\/uploads\/sites\/6\/2022\/06\/AMNESIA-HAZE.jpg","width":600,"height":600,"caption":"Buy Amnesia Haze"},{"@type":"BreadcrumbList","@id":"https:\/\/gooddealersmeds.com\/fi\/product\/muistinmenetys-sumu\/#breadcrumb","itemListElement":[{"@type":"ListItem","position":1,"name":"Home","item":"https:\/\/gooddealersmeds.com\/fi\/"},{"@type":"ListItem","position":2,"name":"Tuotteet","item":"https:\/\/gooddealersmeds.com\/fi\/tuotteet\/"},{"@type":"ListItem","position":3,"name":"Osta Amnesia Haze verkosta"}]},{"@type":"WebSite","@id":"https:\/\/gooddealersmeds.com\/fi\/#website","url":"https:\/\/gooddealersmeds.com\/fi\/","name":"Good Dealers Meds","description":"All our best","publisher":{"@id":"https:\/\/gooddealersmeds.com\/fi\/#organization"},"potentialAction":[{"@type":"SearchAction","target":{"@type":"EntryPoint","urlTemplate":"https:\/\/gooddealersmeds.com\/fi\/?s={search_term_string}"},"query-input":{"@type":"PropertyValueSpecification","valueRequired":true,"valueName":"search_term_string"}}],"inLanguage":"en-US"},{"@type":"Organization","@id":"https:\/\/gooddealersmeds.com\/fi\/#organization","name":"Good Dealers Meds","url":"https:\/\/gooddealersmeds.com\/fi\/","logo":{"@type":"ImageObject","inLanguage":"en-US","@id":"https:\/\/gooddealersmeds.com\/fi\/#\/schema\/logo\/image\/","url":"https:\/\/gooddealersmeds.com\/fi\/wp-content\/uploads\/sites\/6\/2022\/03\/gooddealersmeds__logo__20220317T222800Z.00.png","contentUrl":"https:\/\/gooddealersmeds.com\/fi\/wp-content\/uploads\/sites\/6\/2022\/03\/gooddealersmeds__logo__20220317T222800Z.00.png","width":500,"height":325,"caption":"Good Dealers Meds"},"image":{"@id":"https:\/\/gooddealersmeds.com\/fi\/#\/schema\/logo\/image\/"}}]}},"_links":{"self":[{"href":"https:\/\/gooddealersmeds.com\/fi\/wp-json\/wp\/v2\/product\/1867","targetHints":{"allow":["GET"]}}],"collection":[{"href":"https:\/\/gooddealersmeds.com\/fi\/wp-json\/wp\/v2\/product"}],"about":[{"href":"https:\/\/gooddealersmeds.com\/fi\/wp-json\/wp\/v2\/types\/product"}],"replies":[{"embeddable":true,"href":"https:\/\/gooddealersmeds.com\/fi\/wp-json\/wp\/v2\/comments?post=1867"}],"wp:featuredmedia":[{"embeddable":true,"href":"https:\/\/gooddealersmeds.com\/fi\/wp-json\/wp\/v2\/media\/1868"}],"wp:attachment":[{"href":"https:\/\/gooddealersmeds.com\/fi\/wp-json\/wp\/v2\/media?parent=1867"}],"wp:term":[{"taxonomy":"product_brand","embeddable":true,"href":"https:\/\/gooddealersmeds.com\/fi\/wp-json\/wp\/v2\/product_brand?post=1867"},{"taxonomy":"product_cat","embeddable":true,"href":"https:\/\/gooddealersmeds.com\/fi\/wp-json\/wp\/v2\/product_cat?post=1867"},{"taxonomy":"product_tag","embeddable":true,"href":"https:\/\/gooddealersmeds.com\/fi\/wp-json\/wp\/v2\/product_tag?post=1867"}],"curies":[{"name":"wp","href":"https:\/\/api.w.org\/{rel}","templated":true}]}}