{"id":1833,"date":"2022-06-22T20:57:16","date_gmt":"2022-06-22T20:57:16","guid":{"rendered":"https:\/\/gooddealersmeds.com\/fi\/?post_type=product&#038;p=1833"},"modified":"2023-01-22T15:29:00","modified_gmt":"2023-01-22T15:29:00","slug":"rivotril","status":"publish","type":"product","link":"https:\/\/gooddealersmeds.com\/fi\/product\/rivotril\/","title":{"rendered":"Osta Rivotril verkosta"},"content":{"rendered":"<h2>Rivotrilin ostaminen verkossa huippuluokan puolelta<\/h2>\n<p><a href=\"https:\/\/gooddealersmeds.com\/fi\/product\/rivotril\/\">Rivotril<\/a> on l\u00e4\u00e4ke, jota k\u00e4ytet\u00e4\u00e4n korkean verenpaineen hoidossa. Sit\u00e4 on saatavana tablettina, kapselina ja pitk\u00e4vaikutteisena tablettina. L\u00e4\u00e4ke kuuluu kalsiumkanavasalpaajien ryhm\u00e4\u00e4n. Toisin kuin muut korkeaan verenpaineeseen tarkoitetut l\u00e4\u00e4kkeet, jotka rentouttavat valtimoita ja hidastavat sykett\u00e4, t\u00e4m\u00e4 l\u00e4\u00e4ke est\u00e4\u00e4 kalsiumkanavia syd\u00e4mess\u00e4, mik\u00e4 lis\u00e4\u00e4 sykett\u00e4 ja verenpainetta, Osta Rivotril verkosta<\/p>\n<p>Rivotril on l\u00e4\u00e4ke, jota voidaan k\u00e4ytt\u00e4\u00e4 masennuksen, ahdistuneisuuden ja paniikkikohtausten hoitoon. Se toimii est\u00e4m\u00e4ll\u00e4 tiettyj\u00e4 kemikaaleja aivoissa, jotka voivat aiheuttaa oireita. Se on saatavana verkkoapteekkina.<\/p>\n<p>Yhdysvaltain elintarvike- ja l\u00e4\u00e4kevirasto hyv\u00e4ksyi l\u00e4\u00e4kkeen vuonna 1987, ja se tuli saataville reseptill\u00e4 masennuksen ja ahdistush\u00e4iri\u00f6t. Siit\u00e4 l\u00e4htien sit\u00e4 on m\u00e4\u00e4r\u00e4tty my\u00f6s muihin sairauksiin, kuten kaksisuuntaiseen mielialah\u00e4iri\u00f6\u00f6n ja paniikkikohtauksiin, Osta Rivotril verkosta<\/p>\n<p><strong>Miksi ostaa Rivotril verkossa?<\/strong><\/p>\n<p>T\u00e4m\u00e4n l\u00e4\u00e4kkeen k\u00e4yt\u00f6n etuja ovat:<\/p>\n<p>1)\u00a0 Se hallitsee tehokkaasti verenpainetta ja alentaa aivohalvauksen riski<\/p>\n<p>2)\u00a0 Se auttaa ehk\u00e4isem\u00e4\u00e4n munuaiskivi\u00e4 s\u00e4\u00e4telem\u00e4ll\u00e4 virtsaamista<\/p>\n<p>3)\u00a0 Pitk\u00e4kestoisten vaikutustensa ansiosta se voi auttaa sinua nauttimaan paremmasta unesta ja v\u00e4hent\u00e4m\u00e4\u00e4n v\u00e4symyst\u00e4 t\u00f6iden j\u00e4lkeen tuntia<\/p>\n<p>4)\u00a0 Se auttaa est\u00e4m\u00e4\u00e4n korkean verenpaineen aiheuttaman liiallisesta nesteen kertymisest\u00e4 johtuvan munuaisvaurion<\/p>\n<p><strong>\u00a0<\/strong><\/p>\n<h3>Paras paikka ostaa Rivotril verkosta<\/h3>\n<p>Monet apteekit tarjoavat Rivotrilia verkossa, mutta Great Dealers Meds on paras paikka t\u00e4m\u00e4n l\u00e4\u00e4kkeen j\u00e4ljitt\u00e4miseen. Tarjoamme vakavia kustannuksia ja suuren m\u00e4\u00e4r\u00e4n l\u00e4\u00e4kkeit\u00e4, mukaan lukien Rivotril. Voit my\u00f6s varata Rivotrilin verkossa Great Dealers Meds kautta k\u00e4ym\u00e4ll\u00e4 verkkokaupassamme. Vuodesta 1973 klonatsepaamia on myyty kansainv\u00e4lisesti. Otamme vastaan tilauksia <a href=\"https:\/\/www.drugs.com\/cons\/rivotril.html\">Rivotrilille<\/a>, sen tuotenimelle, sek\u00e4 geneeriselle Clonazepam tabletteina, tippoina ja injektioina.<\/p>\n","protected":false},"excerpt":{"rendered":"<p>Osta Rivotril 2mg verkosta. Se on bentsodiatsepiini, mik\u00e4 tarkoittaa, ett\u00e4 sill\u00e4 on rauhoittava vaikutus aivoihin. Se v\u00e4hent\u00e4\u00e4 kohtauksia, ahdistusta ja sit\u00e4 k\u00e4ytet\u00e4\u00e4n kohtaush\u00e4iri\u00f6iden hoitoon. Rivotril hidastaa aivojen hermojen toimintaa, rentouttaa j\u00e4nnittyneit\u00e4 lihaksia ja voi auttaa nukahtamisvaikeuksissa (unettomuus). Rivotril 2mg on yleens\u00e4 m\u00e4\u00e4r\u00e4tty lyhyeksi ajaksi, jos sit\u00e4 k\u00e4ytet\u00e4\u00e4n unih\u00e4iri\u00f6iden hoitoon. Jos olet k\u00e4ytt\u00e4nyt Clonazepam-valmistetta pitk\u00e4n aikaa tai suurina annoksina, keskustele l\u00e4\u00e4k\u00e4risi kanssa ennen kuin lopetat.<\/p>\n","protected":false},"featured_media":1840,"comment_status":"open","ping_status":"closed","template":"","meta":{"inline_featured_image":false},"product_brand":[],"product_cat":[347],"product_tag":[338,341,339,340],"class_list":{"0":"post-1833","1":"product","2":"type-product","3":"status-publish","4":"has-post-thumbnail","6":"product_cat-opioidi-kipulke","7":"product_tag-barbituraatit","8":"product_tag-itsemurhapakkaukset","9":"product_tag-nembutaali","10":"product_tag-research-chemicals","12":"first","13":"instock","14":"shipping-taxable","15":"purchasable","16":"product-type-variable","17":"has-default-attributes"},"yoast_head":"<!-- This site is optimized with the Yoast SEO Premium plugin v20.6 (Yoast SEO v27.3) - https:\/\/yoast.com\/product\/yoast-seo-premium-wordpress\/ -->\n<title>Osta Rivotril verkosta | Rivotril myynniss\u00e4 Good Dealers Meds<\/title>\n<meta name=\"description\" content=\"Osta Rivotril verkosta 2mg Good Dealers Meds. Sit\u00e4 k\u00e4ytet\u00e4\u00e4n kouristuskohtausten, ahdistuneisuuden hoitoon ja sit\u00e4 k\u00e4ytet\u00e4\u00e4n kouristush\u00e4iri\u00f6iden hoitoon.\" \/>\n<meta name=\"robots\" content=\"index, follow, max-snippet:-1, max-image-preview:large, max-video-preview:-1\" \/>\n<link rel=\"canonical\" href=\"https:\/\/gooddealersmeds.com\/fi\/product\/rivotril\/\" \/>\n<meta property=\"og:locale\" content=\"en_US\" \/>\n<meta property=\"og:type\" content=\"article\" \/>\n<meta property=\"og:title\" content=\"Osta Rivotril verkosta\" \/>\n<meta property=\"og:description\" content=\"Osta Rivotril verkosta 2mg Good Dealers Meds. Sit\u00e4 k\u00e4ytet\u00e4\u00e4n kouristuskohtausten, ahdistuneisuuden hoitoon ja sit\u00e4 k\u00e4ytet\u00e4\u00e4n kouristush\u00e4iri\u00f6iden hoitoon.\" \/>\n<meta property=\"og:url\" content=\"https:\/\/gooddealersmeds.com\/fi\/product\/rivotril\/\" \/>\n<meta property=\"og:site_name\" content=\"Good Dealers Meds\" \/>\n<meta property=\"article:modified_time\" content=\"2023-01-22T15:29:00+00:00\" \/>\n<meta property=\"og:image\" content=\"https:\/\/gooddealersmeds.com\/fi\/wp-content\/uploads\/sites\/6\/2022\/06\/Rivotril-2mg.webp\" \/>\n\t<meta property=\"og:image:width\" content=\"600\" \/>\n\t<meta property=\"og:image:height\" content=\"600\" \/>\n\t<meta property=\"og:image:type\" content=\"image\/webp\" \/>\n<meta name=\"twitter:card\" content=\"summary_large_image\" \/>\n<meta name=\"twitter:label1\" content=\"Est. reading time\" \/>\n\t<meta name=\"twitter:data1\" content=\"1 minute\" \/>\n<script type=\"application\/ld+json\" class=\"yoast-schema-graph\">{\"@context\":\"https:\\\/\\\/schema.org\",\"@graph\":[{\"@type\":\"WebPage\",\"@id\":\"https:\\\/\\\/gooddealersmeds.com\\\/fi\\\/product\\\/rivotril\\\/\",\"url\":\"https:\\\/\\\/gooddealersmeds.com\\\/fi\\\/product\\\/rivotril\\\/\",\"name\":\"Osta Rivotril verkosta | Rivotril myynniss\u00e4 Good Dealers Meds\",\"isPartOf\":{\"@id\":\"https:\\\/\\\/gooddealersmeds.com\\\/fi\\\/#website\"},\"primaryImageOfPage\":{\"@id\":\"https:\\\/\\\/gooddealersmeds.com\\\/fi\\\/product\\\/rivotril\\\/#primaryimage\"},\"image\":{\"@id\":\"https:\\\/\\\/gooddealersmeds.com\\\/fi\\\/product\\\/rivotril\\\/#primaryimage\"},\"thumbnailUrl\":\"https:\\\/\\\/gooddealersmeds.com\\\/fi\\\/wp-content\\\/uploads\\\/sites\\\/6\\\/2022\\\/06\\\/Rivotril-2mg.webp\",\"datePublished\":\"2022-06-22T20:57:16+00:00\",\"dateModified\":\"2023-01-22T15:29:00+00:00\",\"description\":\"Osta Rivotril verkosta 2mg Good Dealers Meds. Sit\u00e4 k\u00e4ytet\u00e4\u00e4n kouristuskohtausten, ahdistuneisuuden hoitoon ja sit\u00e4 k\u00e4ytet\u00e4\u00e4n kouristush\u00e4iri\u00f6iden hoitoon.\",\"breadcrumb\":{\"@id\":\"https:\\\/\\\/gooddealersmeds.com\\\/fi\\\/product\\\/rivotril\\\/#breadcrumb\"},\"inLanguage\":\"en-US\",\"potentialAction\":[{\"@type\":\"ReadAction\",\"target\":[\"https:\\\/\\\/gooddealersmeds.com\\\/fi\\\/product\\\/rivotril\\\/\"]}]},{\"@type\":\"ImageObject\",\"inLanguage\":\"en-US\",\"@id\":\"https:\\\/\\\/gooddealersmeds.com\\\/fi\\\/product\\\/rivotril\\\/#primaryimage\",\"url\":\"https:\\\/\\\/gooddealersmeds.com\\\/fi\\\/wp-content\\\/uploads\\\/sites\\\/6\\\/2022\\\/06\\\/Rivotril-2mg.webp\",\"contentUrl\":\"https:\\\/\\\/gooddealersmeds.com\\\/fi\\\/wp-content\\\/uploads\\\/sites\\\/6\\\/2022\\\/06\\\/Rivotril-2mg.webp\",\"width\":600,\"height\":600,\"caption\":\"Buy Rivotril Online\"},{\"@type\":\"BreadcrumbList\",\"@id\":\"https:\\\/\\\/gooddealersmeds.com\\\/fi\\\/product\\\/rivotril\\\/#breadcrumb\",\"itemListElement\":[{\"@type\":\"ListItem\",\"position\":1,\"name\":\"Home\",\"item\":\"https:\\\/\\\/gooddealersmeds.com\\\/fi\\\/\"},{\"@type\":\"ListItem\",\"position\":2,\"name\":\"Tuotteet\",\"item\":\"https:\\\/\\\/gooddealersmeds.com\\\/fi\\\/tuotteet\\\/\"},{\"@type\":\"ListItem\",\"position\":3,\"name\":\"Osta Rivotril verkosta\"}]},{\"@type\":\"WebSite\",\"@id\":\"https:\\\/\\\/gooddealersmeds.com\\\/fi\\\/#website\",\"url\":\"https:\\\/\\\/gooddealersmeds.com\\\/fi\\\/\",\"name\":\"Good Dealers Meds\",\"description\":\"All our best\",\"publisher\":{\"@id\":\"https:\\\/\\\/gooddealersmeds.com\\\/fi\\\/#organization\"},\"potentialAction\":[{\"@type\":\"SearchAction\",\"target\":{\"@type\":\"EntryPoint\",\"urlTemplate\":\"https:\\\/\\\/gooddealersmeds.com\\\/fi\\\/?s={search_term_string}\"},\"query-input\":{\"@type\":\"PropertyValueSpecification\",\"valueRequired\":true,\"valueName\":\"search_term_string\"}}],\"inLanguage\":\"en-US\"},{\"@type\":\"Organization\",\"@id\":\"https:\\\/\\\/gooddealersmeds.com\\\/fi\\\/#organization\",\"name\":\"Good Dealers Meds\",\"url\":\"https:\\\/\\\/gooddealersmeds.com\\\/fi\\\/\",\"logo\":{\"@type\":\"ImageObject\",\"inLanguage\":\"en-US\",\"@id\":\"https:\\\/\\\/gooddealersmeds.com\\\/fi\\\/#\\\/schema\\\/logo\\\/image\\\/\",\"url\":\"https:\\\/\\\/gooddealersmeds.com\\\/fi\\\/wp-content\\\/uploads\\\/sites\\\/6\\\/2022\\\/03\\\/gooddealersmeds__logo__20220317T222800Z.00.png\",\"contentUrl\":\"https:\\\/\\\/gooddealersmeds.com\\\/fi\\\/wp-content\\\/uploads\\\/sites\\\/6\\\/2022\\\/03\\\/gooddealersmeds__logo__20220317T222800Z.00.png\",\"width\":500,\"height\":325,\"caption\":\"Good Dealers Meds\"},\"image\":{\"@id\":\"https:\\\/\\\/gooddealersmeds.com\\\/fi\\\/#\\\/schema\\\/logo\\\/image\\\/\"}}]}<\/script>\n<!-- \/ Yoast SEO Premium plugin. -->","yoast_head_json":{"title":"Osta Rivotril verkosta | Rivotril myynniss\u00e4 Good Dealers Meds","description":"Osta Rivotril verkosta 2mg Good Dealers Meds. Sit\u00e4 k\u00e4ytet\u00e4\u00e4n kouristuskohtausten, ahdistuneisuuden hoitoon ja sit\u00e4 k\u00e4ytet\u00e4\u00e4n kouristush\u00e4iri\u00f6iden hoitoon.","robots":{"index":"index","follow":"follow","max-snippet":"max-snippet:-1","max-image-preview":"max-image-preview:large","max-video-preview":"max-video-preview:-1"},"canonical":"https:\/\/gooddealersmeds.com\/fi\/product\/rivotril\/","og_locale":"en_US","og_type":"article","og_title":"Osta Rivotril verkosta","og_description":"Osta Rivotril verkosta 2mg Good Dealers Meds. Sit\u00e4 k\u00e4ytet\u00e4\u00e4n kouristuskohtausten, ahdistuneisuuden hoitoon ja sit\u00e4 k\u00e4ytet\u00e4\u00e4n kouristush\u00e4iri\u00f6iden hoitoon.","og_url":"https:\/\/gooddealersmeds.com\/fi\/product\/rivotril\/","og_site_name":"Good Dealers Meds","article_modified_time":"2023-01-22T15:29:00+00:00","og_image":[{"width":600,"height":600,"url":"https:\/\/gooddealersmeds.com\/fi\/wp-content\/uploads\/sites\/6\/2022\/06\/Rivotril-2mg.webp","type":"image\/webp"}],"twitter_card":"summary_large_image","twitter_misc":{"Est. reading time":"1 minute"},"schema":{"@context":"https:\/\/schema.org","@graph":[{"@type":"WebPage","@id":"https:\/\/gooddealersmeds.com\/fi\/product\/rivotril\/","url":"https:\/\/gooddealersmeds.com\/fi\/product\/rivotril\/","name":"Osta Rivotril verkosta | Rivotril myynniss\u00e4 Good Dealers Meds","isPartOf":{"@id":"https:\/\/gooddealersmeds.com\/fi\/#website"},"primaryImageOfPage":{"@id":"https:\/\/gooddealersmeds.com\/fi\/product\/rivotril\/#primaryimage"},"image":{"@id":"https:\/\/gooddealersmeds.com\/fi\/product\/rivotril\/#primaryimage"},"thumbnailUrl":"https:\/\/gooddealersmeds.com\/fi\/wp-content\/uploads\/sites\/6\/2022\/06\/Rivotril-2mg.webp","datePublished":"2022-06-22T20:57:16+00:00","dateModified":"2023-01-22T15:29:00+00:00","description":"Osta Rivotril verkosta 2mg Good Dealers Meds. Sit\u00e4 k\u00e4ytet\u00e4\u00e4n kouristuskohtausten, ahdistuneisuuden hoitoon ja sit\u00e4 k\u00e4ytet\u00e4\u00e4n kouristush\u00e4iri\u00f6iden hoitoon.","breadcrumb":{"@id":"https:\/\/gooddealersmeds.com\/fi\/product\/rivotril\/#breadcrumb"},"inLanguage":"en-US","potentialAction":[{"@type":"ReadAction","target":["https:\/\/gooddealersmeds.com\/fi\/product\/rivotril\/"]}]},{"@type":"ImageObject","inLanguage":"en-US","@id":"https:\/\/gooddealersmeds.com\/fi\/product\/rivotril\/#primaryimage","url":"https:\/\/gooddealersmeds.com\/fi\/wp-content\/uploads\/sites\/6\/2022\/06\/Rivotril-2mg.webp","contentUrl":"https:\/\/gooddealersmeds.com\/fi\/wp-content\/uploads\/sites\/6\/2022\/06\/Rivotril-2mg.webp","width":600,"height":600,"caption":"Buy Rivotril Online"},{"@type":"BreadcrumbList","@id":"https:\/\/gooddealersmeds.com\/fi\/product\/rivotril\/#breadcrumb","itemListElement":[{"@type":"ListItem","position":1,"name":"Home","item":"https:\/\/gooddealersmeds.com\/fi\/"},{"@type":"ListItem","position":2,"name":"Tuotteet","item":"https:\/\/gooddealersmeds.com\/fi\/tuotteet\/"},{"@type":"ListItem","position":3,"name":"Osta Rivotril verkosta"}]},{"@type":"WebSite","@id":"https:\/\/gooddealersmeds.com\/fi\/#website","url":"https:\/\/gooddealersmeds.com\/fi\/","name":"Good Dealers Meds","description":"All our best","publisher":{"@id":"https:\/\/gooddealersmeds.com\/fi\/#organization"},"potentialAction":[{"@type":"SearchAction","target":{"@type":"EntryPoint","urlTemplate":"https:\/\/gooddealersmeds.com\/fi\/?s={search_term_string}"},"query-input":{"@type":"PropertyValueSpecification","valueRequired":true,"valueName":"search_term_string"}}],"inLanguage":"en-US"},{"@type":"Organization","@id":"https:\/\/gooddealersmeds.com\/fi\/#organization","name":"Good Dealers Meds","url":"https:\/\/gooddealersmeds.com\/fi\/","logo":{"@type":"ImageObject","inLanguage":"en-US","@id":"https:\/\/gooddealersmeds.com\/fi\/#\/schema\/logo\/image\/","url":"https:\/\/gooddealersmeds.com\/fi\/wp-content\/uploads\/sites\/6\/2022\/03\/gooddealersmeds__logo__20220317T222800Z.00.png","contentUrl":"https:\/\/gooddealersmeds.com\/fi\/wp-content\/uploads\/sites\/6\/2022\/03\/gooddealersmeds__logo__20220317T222800Z.00.png","width":500,"height":325,"caption":"Good Dealers Meds"},"image":{"@id":"https:\/\/gooddealersmeds.com\/fi\/#\/schema\/logo\/image\/"}}]}},"_links":{"self":[{"href":"https:\/\/gooddealersmeds.com\/fi\/wp-json\/wp\/v2\/product\/1833","targetHints":{"allow":["GET"]}}],"collection":[{"href":"https:\/\/gooddealersmeds.com\/fi\/wp-json\/wp\/v2\/product"}],"about":[{"href":"https:\/\/gooddealersmeds.com\/fi\/wp-json\/wp\/v2\/types\/product"}],"replies":[{"embeddable":true,"href":"https:\/\/gooddealersmeds.com\/fi\/wp-json\/wp\/v2\/comments?post=1833"}],"wp:featuredmedia":[{"embeddable":true,"href":"https:\/\/gooddealersmeds.com\/fi\/wp-json\/wp\/v2\/media\/1840"}],"wp:attachment":[{"href":"https:\/\/gooddealersmeds.com\/fi\/wp-json\/wp\/v2\/media?parent=1833"}],"wp:term":[{"taxonomy":"product_brand","embeddable":true,"href":"https:\/\/gooddealersmeds.com\/fi\/wp-json\/wp\/v2\/product_brand?post=1833"},{"taxonomy":"product_cat","embeddable":true,"href":"https:\/\/gooddealersmeds.com\/fi\/wp-json\/wp\/v2\/product_cat?post=1833"},{"taxonomy":"product_tag","embeddable":true,"href":"https:\/\/gooddealersmeds.com\/fi\/wp-json\/wp\/v2\/product_tag?post=1833"}],"curies":[{"name":"wp","href":"https:\/\/api.w.org\/{rel}","templated":true}]}}