{"id":1823,"date":"2022-06-22T20:56:09","date_gmt":"2022-06-22T20:56:09","guid":{"rendered":"https:\/\/gooddealersmeds.com\/fi\/?post_type=product&#038;p=1823"},"modified":"2023-01-22T18:43:03","modified_gmt":"2023-01-22T18:43:03","slug":"nembutaali-pillereita","status":"publish","type":"product","link":"https:\/\/gooddealersmeds.com\/fi\/product\/nembutaali-pillereita\/","title":{"rendered":"Osta Nembutal-pillereit\u00e4 verkosta"},"content":{"rendered":"<h2>Osta Nembutal Pills verkossa turvallisesti ja huomaamattomasti<\/h2>\n<p><a href=\"https:\/\/www.nembutalgroup.com\/\">Nembutal-pillerit<\/a> ovat barbituraatin tyyppi, jota k\u00e4ytet\u00e4\u00e4n unettomuuden ja ahdistuneisuuden hoitoon . L\u00e4\u00e4kett\u00e4 voidaan k\u00e4ytt\u00e4\u00e4 my\u00f6s muihin l\u00e4\u00e4k\u00e4risi m\u00e4\u00e4r\u00e4\u00e4miin sairauksiin, Tilaa Nembutal-pillereit\u00e4 verkosta<\/p>\n<p>Nembutal-pillereit\u00e4 on saatavana eri vahvuuksina (tai eri tasoina) riippuen siit\u00e4, mit\u00e4 l\u00e4\u00e4kett\u00e4 k\u00e4yt\u00e4t. , mik\u00e4 tekee niist\u00e4 tehokkaampia kuin useimmat muut unil\u00e4\u00e4kkeet. N\u00e4m\u00e4 l\u00e4\u00e4kkeet vaikuttavat hidastamalla aivojen toimintaa, jolloin tunnet itsesi uneliaaksi tai nukahtaa nopeasti. Jotkut ihmiset eiv\u00e4t pysty nukahtamaan ennen kuin he ottavat n\u00e4m\u00e4 pillerit, kun taas toiset voivat nukahtaa nopeasti ja nukahtaa y\u00f6n yli yhdell\u00e4 pillerill\u00e4.<\/p>\n<p>&nbsp;<\/p>\n<p><strong>Miksi ostaa Nembutal-pillereit\u00e4 verkosta<\/strong><\/p>\n<p>Nembutalia voi ostaa sen sijaan verkosta paikallisesta apteekista useista syist\u00e4. Ensinn\u00e4kin se maksaa v\u00e4hemm\u00e4n kuin jos k\u00e4visit siell\u00e4 henkil\u00f6kohtaisesti; toiseksi on k\u00e4tev\u00e4\u00e4 tilata verkosta, kun tarvitset sit\u00e4; kolmanneksi, se s\u00e4\u00e4st\u00e4\u00e4 aikaa, koska sinun ei tarvitse odottaa apteekin tiskill\u00e4; nelj\u00e4nneksi voit s\u00e4\u00e4st\u00e4\u00e4 rahaa ostamalla l\u00e4\u00e4kkeesi verkosta sen sijaan, ett\u00e4 maksaisit v\u00e4hitt\u00e4ismyyntihintoja apteekeista kuukausittain, Tilaa Nembutal-pillereit\u00e4 verkosta<\/p>\n<p>Heti kun saamme sinulta tilaustiedot, ne otetaan k\u00e4ytt\u00f6\u00f6n valmisteluprosessissa, jota seuraa toimitus. Tiimimme j\u00e4senet pakkaavat l\u00e4\u00e4kkeesi turvallisesti ja l\u00e4hett\u00e4v\u00e4t ne sinulle lyhyess\u00e4 ajassa. Voit odottaa meilt\u00e4 parasta, mit\u00e4 tulee Nembutal Pentobarbitalin laatuun ja oikea-aikaiseen toimitukseen.<\/p>\n<p>&nbsp;<\/p>\n<h3>Paras paikka tilata Nembutal-pillereit\u00e4 verkosta<\/h3>\n<p>Monet apteekit tarjoavat Nembutal Pills -valmisteita verkossa, mutta Good Dealers Meds on paras paikka l\u00f6yt\u00e4\u00e4 t\u00e4m\u00e4 l\u00e4\u00e4ke. Tarjoamme kilpailukykyiset hinnat ja laajan valikoiman l\u00e4\u00e4kkeit\u00e4, mukaan lukien\u00a0 <a href=\"https:\/\/gooddealersmeds.com\/fi\/product\/nembutal-pills\/\">Nembutal-pillerit<\/a>. Voit my\u00f6s varata harvinaisia \u200b\u200bl\u00e4\u00e4kkeit\u00e4 t\u00e4\u00e4lt\u00e4 napsauttamalla alla olevaa Varaa nyt -painiketta.<\/p>\n","protected":false},"excerpt":{"rendered":"<p>Osta Nembutal-pillereit\u00e4 verkosta on l\u00e4\u00e4ke, joka on luokiteltu barbituraateiksi kutsuttuun l\u00e4\u00e4keryhm\u00e4\u00e4n. Sit\u00e4 k\u00e4ytettiin yleisesti ja laajalti 1940- ja 50-luvuilla unil\u00e4\u00e4ken\u00e4 tai ahdistusta ehk\u00e4isev\u00e4n\u00e4 l\u00e4\u00e4kkeen\u00e4 (rauhoitteena). Vaikka Nembutal-pillereit\u00e4 k\u00e4ytet\u00e4\u00e4n unettomuuden hoidossa, ne ovat eritt\u00e4in tappavia yliannostuksessa.<\/p>\n","protected":false},"featured_media":1831,"comment_status":"open","ping_status":"closed","template":"","meta":{"inline_featured_image":false},"product_brand":[],"product_cat":[343],"product_tag":[],"class_list":{"0":"post-1823","1":"product","2":"type-product","3":"status-publish","4":"has-post-thumbnail","6":"product_cat-muut","8":"first","9":"instock","10":"shipping-taxable","11":"purchasable","12":"product-type-variable","13":"has-default-attributes"},"yoast_head":"<!-- This site is optimized with the Yoast SEO Premium plugin v20.6 (Yoast SEO v27.3) - https:\/\/yoast.com\/product\/yoast-seo-premium-wordpress\/ -->\n<title>Tilaa Nembutal-pillereit\u00e4 verkosta - Nembutal-annos | Good Dealers Meds<\/title>\n<meta name=\"description\" content=\"Tilaa Nembutal-pillereit\u00e4 verkosta, toimitamme korkealaatuista nembutalia (pentobarbitaalia) parhailla hinnoilla. Osta nyt ja saat sen toimitettuna kotiovellesi.\" \/>\n<meta name=\"robots\" content=\"index, follow, max-snippet:-1, max-image-preview:large, max-video-preview:-1\" \/>\n<link rel=\"canonical\" href=\"https:\/\/gooddealersmeds.com\/fi\/product\/nembutaali-pillereita\/\" \/>\n<meta property=\"og:locale\" content=\"en_US\" \/>\n<meta property=\"og:type\" content=\"article\" \/>\n<meta property=\"og:title\" content=\"Osta Nembutal-pillereit\u00e4 verkosta\" \/>\n<meta property=\"og:description\" content=\"Tilaa Nembutal-pillereit\u00e4 verkosta, toimitamme korkealaatuista nembutalia (pentobarbitaalia) parhailla hinnoilla. Osta nyt ja saat sen toimitettuna kotiovellesi.\" \/>\n<meta property=\"og:url\" content=\"https:\/\/gooddealersmeds.com\/fi\/product\/nembutaali-pillereita\/\" \/>\n<meta property=\"og:site_name\" content=\"Good Dealers Meds\" \/>\n<meta property=\"article:modified_time\" content=\"2023-01-22T18:43:03+00:00\" \/>\n<meta property=\"og:image\" content=\"https:\/\/gooddealersmeds.com\/fi\/wp-content\/uploads\/sites\/6\/2022\/06\/Nembutal-Pills.webp\" \/>\n\t<meta property=\"og:image:width\" content=\"1200\" \/>\n\t<meta property=\"og:image:height\" content=\"630\" \/>\n\t<meta property=\"og:image:type\" content=\"image\/webp\" \/>\n<meta name=\"twitter:card\" content=\"summary_large_image\" \/>\n<meta name=\"twitter:label1\" content=\"Est. reading time\" \/>\n\t<meta name=\"twitter:data1\" content=\"1 minute\" \/>\n<script type=\"application\/ld+json\" class=\"yoast-schema-graph\">{\"@context\":\"https:\\\/\\\/schema.org\",\"@graph\":[{\"@type\":\"WebPage\",\"@id\":\"https:\\\/\\\/gooddealersmeds.com\\\/fi\\\/product\\\/nembutaali-pillereita\\\/\",\"url\":\"https:\\\/\\\/gooddealersmeds.com\\\/fi\\\/product\\\/nembutaali-pillereita\\\/\",\"name\":\"Tilaa Nembutal-pillereit\u00e4 verkosta - Nembutal-annos | Good Dealers Meds\",\"isPartOf\":{\"@id\":\"https:\\\/\\\/gooddealersmeds.com\\\/fi\\\/#website\"},\"primaryImageOfPage\":{\"@id\":\"https:\\\/\\\/gooddealersmeds.com\\\/fi\\\/product\\\/nembutaali-pillereita\\\/#primaryimage\"},\"image\":{\"@id\":\"https:\\\/\\\/gooddealersmeds.com\\\/fi\\\/product\\\/nembutaali-pillereita\\\/#primaryimage\"},\"thumbnailUrl\":\"https:\\\/\\\/gooddealersmeds.com\\\/fi\\\/wp-content\\\/uploads\\\/sites\\\/6\\\/2022\\\/06\\\/Nembutal-Pills.webp\",\"datePublished\":\"2022-06-22T20:56:09+00:00\",\"dateModified\":\"2023-01-22T18:43:03+00:00\",\"description\":\"Tilaa Nembutal-pillereit\u00e4 verkosta, toimitamme korkealaatuista nembutalia (pentobarbitaalia) parhailla hinnoilla. Osta nyt ja saat sen toimitettuna kotiovellesi.\",\"breadcrumb\":{\"@id\":\"https:\\\/\\\/gooddealersmeds.com\\\/fi\\\/product\\\/nembutaali-pillereita\\\/#breadcrumb\"},\"inLanguage\":\"en-US\",\"potentialAction\":[{\"@type\":\"ReadAction\",\"target\":[\"https:\\\/\\\/gooddealersmeds.com\\\/fi\\\/product\\\/nembutaali-pillereita\\\/\"]}]},{\"@type\":\"ImageObject\",\"inLanguage\":\"en-US\",\"@id\":\"https:\\\/\\\/gooddealersmeds.com\\\/fi\\\/product\\\/nembutaali-pillereita\\\/#primaryimage\",\"url\":\"https:\\\/\\\/gooddealersmeds.com\\\/fi\\\/wp-content\\\/uploads\\\/sites\\\/6\\\/2022\\\/06\\\/Nembutal-Pills.webp\",\"contentUrl\":\"https:\\\/\\\/gooddealersmeds.com\\\/fi\\\/wp-content\\\/uploads\\\/sites\\\/6\\\/2022\\\/06\\\/Nembutal-Pills.webp\",\"width\":1200,\"height\":630,\"caption\":\"Nembutal Pills Online\"},{\"@type\":\"BreadcrumbList\",\"@id\":\"https:\\\/\\\/gooddealersmeds.com\\\/fi\\\/product\\\/nembutaali-pillereita\\\/#breadcrumb\",\"itemListElement\":[{\"@type\":\"ListItem\",\"position\":1,\"name\":\"Home\",\"item\":\"https:\\\/\\\/gooddealersmeds.com\\\/fi\\\/\"},{\"@type\":\"ListItem\",\"position\":2,\"name\":\"Tuotteet\",\"item\":\"https:\\\/\\\/gooddealersmeds.com\\\/fi\\\/tuotteet\\\/\"},{\"@type\":\"ListItem\",\"position\":3,\"name\":\"Osta Nembutal-pillereit\u00e4 verkosta\"}]},{\"@type\":\"WebSite\",\"@id\":\"https:\\\/\\\/gooddealersmeds.com\\\/fi\\\/#website\",\"url\":\"https:\\\/\\\/gooddealersmeds.com\\\/fi\\\/\",\"name\":\"Good Dealers Meds\",\"description\":\"All our best\",\"publisher\":{\"@id\":\"https:\\\/\\\/gooddealersmeds.com\\\/fi\\\/#organization\"},\"potentialAction\":[{\"@type\":\"SearchAction\",\"target\":{\"@type\":\"EntryPoint\",\"urlTemplate\":\"https:\\\/\\\/gooddealersmeds.com\\\/fi\\\/?s={search_term_string}\"},\"query-input\":{\"@type\":\"PropertyValueSpecification\",\"valueRequired\":true,\"valueName\":\"search_term_string\"}}],\"inLanguage\":\"en-US\"},{\"@type\":\"Organization\",\"@id\":\"https:\\\/\\\/gooddealersmeds.com\\\/fi\\\/#organization\",\"name\":\"Good Dealers Meds\",\"url\":\"https:\\\/\\\/gooddealersmeds.com\\\/fi\\\/\",\"logo\":{\"@type\":\"ImageObject\",\"inLanguage\":\"en-US\",\"@id\":\"https:\\\/\\\/gooddealersmeds.com\\\/fi\\\/#\\\/schema\\\/logo\\\/image\\\/\",\"url\":\"https:\\\/\\\/gooddealersmeds.com\\\/fi\\\/wp-content\\\/uploads\\\/sites\\\/6\\\/2022\\\/03\\\/gooddealersmeds__logo__20220317T222800Z.00.png\",\"contentUrl\":\"https:\\\/\\\/gooddealersmeds.com\\\/fi\\\/wp-content\\\/uploads\\\/sites\\\/6\\\/2022\\\/03\\\/gooddealersmeds__logo__20220317T222800Z.00.png\",\"width\":500,\"height\":325,\"caption\":\"Good Dealers Meds\"},\"image\":{\"@id\":\"https:\\\/\\\/gooddealersmeds.com\\\/fi\\\/#\\\/schema\\\/logo\\\/image\\\/\"}}]}<\/script>\n<!-- \/ Yoast SEO Premium plugin. -->","yoast_head_json":{"title":"Tilaa Nembutal-pillereit\u00e4 verkosta - Nembutal-annos | Good Dealers Meds","description":"Tilaa Nembutal-pillereit\u00e4 verkosta, toimitamme korkealaatuista nembutalia (pentobarbitaalia) parhailla hinnoilla. Osta nyt ja saat sen toimitettuna kotiovellesi.","robots":{"index":"index","follow":"follow","max-snippet":"max-snippet:-1","max-image-preview":"max-image-preview:large","max-video-preview":"max-video-preview:-1"},"canonical":"https:\/\/gooddealersmeds.com\/fi\/product\/nembutaali-pillereita\/","og_locale":"en_US","og_type":"article","og_title":"Osta Nembutal-pillereit\u00e4 verkosta","og_description":"Tilaa Nembutal-pillereit\u00e4 verkosta, toimitamme korkealaatuista nembutalia (pentobarbitaalia) parhailla hinnoilla. Osta nyt ja saat sen toimitettuna kotiovellesi.","og_url":"https:\/\/gooddealersmeds.com\/fi\/product\/nembutaali-pillereita\/","og_site_name":"Good Dealers Meds","article_modified_time":"2023-01-22T18:43:03+00:00","og_image":[{"width":1200,"height":630,"url":"https:\/\/gooddealersmeds.com\/fi\/wp-content\/uploads\/sites\/6\/2022\/06\/Nembutal-Pills.webp","type":"image\/webp"}],"twitter_card":"summary_large_image","twitter_misc":{"Est. reading time":"1 minute"},"schema":{"@context":"https:\/\/schema.org","@graph":[{"@type":"WebPage","@id":"https:\/\/gooddealersmeds.com\/fi\/product\/nembutaali-pillereita\/","url":"https:\/\/gooddealersmeds.com\/fi\/product\/nembutaali-pillereita\/","name":"Tilaa Nembutal-pillereit\u00e4 verkosta - Nembutal-annos | Good Dealers Meds","isPartOf":{"@id":"https:\/\/gooddealersmeds.com\/fi\/#website"},"primaryImageOfPage":{"@id":"https:\/\/gooddealersmeds.com\/fi\/product\/nembutaali-pillereita\/#primaryimage"},"image":{"@id":"https:\/\/gooddealersmeds.com\/fi\/product\/nembutaali-pillereita\/#primaryimage"},"thumbnailUrl":"https:\/\/gooddealersmeds.com\/fi\/wp-content\/uploads\/sites\/6\/2022\/06\/Nembutal-Pills.webp","datePublished":"2022-06-22T20:56:09+00:00","dateModified":"2023-01-22T18:43:03+00:00","description":"Tilaa Nembutal-pillereit\u00e4 verkosta, toimitamme korkealaatuista nembutalia (pentobarbitaalia) parhailla hinnoilla. Osta nyt ja saat sen toimitettuna kotiovellesi.","breadcrumb":{"@id":"https:\/\/gooddealersmeds.com\/fi\/product\/nembutaali-pillereita\/#breadcrumb"},"inLanguage":"en-US","potentialAction":[{"@type":"ReadAction","target":["https:\/\/gooddealersmeds.com\/fi\/product\/nembutaali-pillereita\/"]}]},{"@type":"ImageObject","inLanguage":"en-US","@id":"https:\/\/gooddealersmeds.com\/fi\/product\/nembutaali-pillereita\/#primaryimage","url":"https:\/\/gooddealersmeds.com\/fi\/wp-content\/uploads\/sites\/6\/2022\/06\/Nembutal-Pills.webp","contentUrl":"https:\/\/gooddealersmeds.com\/fi\/wp-content\/uploads\/sites\/6\/2022\/06\/Nembutal-Pills.webp","width":1200,"height":630,"caption":"Nembutal Pills Online"},{"@type":"BreadcrumbList","@id":"https:\/\/gooddealersmeds.com\/fi\/product\/nembutaali-pillereita\/#breadcrumb","itemListElement":[{"@type":"ListItem","position":1,"name":"Home","item":"https:\/\/gooddealersmeds.com\/fi\/"},{"@type":"ListItem","position":2,"name":"Tuotteet","item":"https:\/\/gooddealersmeds.com\/fi\/tuotteet\/"},{"@type":"ListItem","position":3,"name":"Osta Nembutal-pillereit\u00e4 verkosta"}]},{"@type":"WebSite","@id":"https:\/\/gooddealersmeds.com\/fi\/#website","url":"https:\/\/gooddealersmeds.com\/fi\/","name":"Good Dealers Meds","description":"All our best","publisher":{"@id":"https:\/\/gooddealersmeds.com\/fi\/#organization"},"potentialAction":[{"@type":"SearchAction","target":{"@type":"EntryPoint","urlTemplate":"https:\/\/gooddealersmeds.com\/fi\/?s={search_term_string}"},"query-input":{"@type":"PropertyValueSpecification","valueRequired":true,"valueName":"search_term_string"}}],"inLanguage":"en-US"},{"@type":"Organization","@id":"https:\/\/gooddealersmeds.com\/fi\/#organization","name":"Good Dealers Meds","url":"https:\/\/gooddealersmeds.com\/fi\/","logo":{"@type":"ImageObject","inLanguage":"en-US","@id":"https:\/\/gooddealersmeds.com\/fi\/#\/schema\/logo\/image\/","url":"https:\/\/gooddealersmeds.com\/fi\/wp-content\/uploads\/sites\/6\/2022\/03\/gooddealersmeds__logo__20220317T222800Z.00.png","contentUrl":"https:\/\/gooddealersmeds.com\/fi\/wp-content\/uploads\/sites\/6\/2022\/03\/gooddealersmeds__logo__20220317T222800Z.00.png","width":500,"height":325,"caption":"Good Dealers Meds"},"image":{"@id":"https:\/\/gooddealersmeds.com\/fi\/#\/schema\/logo\/image\/"}}]}},"_links":{"self":[{"href":"https:\/\/gooddealersmeds.com\/fi\/wp-json\/wp\/v2\/product\/1823","targetHints":{"allow":["GET"]}}],"collection":[{"href":"https:\/\/gooddealersmeds.com\/fi\/wp-json\/wp\/v2\/product"}],"about":[{"href":"https:\/\/gooddealersmeds.com\/fi\/wp-json\/wp\/v2\/types\/product"}],"replies":[{"embeddable":true,"href":"https:\/\/gooddealersmeds.com\/fi\/wp-json\/wp\/v2\/comments?post=1823"}],"wp:featuredmedia":[{"embeddable":true,"href":"https:\/\/gooddealersmeds.com\/fi\/wp-json\/wp\/v2\/media\/1831"}],"wp:attachment":[{"href":"https:\/\/gooddealersmeds.com\/fi\/wp-json\/wp\/v2\/media?parent=1823"}],"wp:term":[{"taxonomy":"product_brand","embeddable":true,"href":"https:\/\/gooddealersmeds.com\/fi\/wp-json\/wp\/v2\/product_brand?post=1823"},{"taxonomy":"product_cat","embeddable":true,"href":"https:\/\/gooddealersmeds.com\/fi\/wp-json\/wp\/v2\/product_cat?post=1823"},{"taxonomy":"product_tag","embeddable":true,"href":"https:\/\/gooddealersmeds.com\/fi\/wp-json\/wp\/v2\/product_tag?post=1823"}],"curies":[{"name":"wp","href":"https:\/\/api.w.org\/{rel}","templated":true}]}}