{"id":1818,"date":"2022-06-22T20:49:15","date_gmt":"2022-06-22T20:49:15","guid":{"rendered":"https:\/\/gooddealersmeds.com\/fi\/?post_type=product&#038;p=1818"},"modified":"2023-01-22T18:56:45","modified_gmt":"2023-01-22T18:56:45","slug":"nembutaali-oraalinen-neste","status":"publish","type":"product","link":"https:\/\/gooddealersmeds.com\/fi\/product\/nembutaali-oraalinen-neste\/","title":{"rendered":"Osta Nembutal oraalinestett\u00e4"},"content":{"rendered":"<h2>Mist\u00e4 saada Nembutal-oraalinestett\u00e4 verkosta ammattiapteekista<\/h2>\n<p>Osta Nembutal oraalinestett\u00e4 verkosta, Nembutal-neste on ollut yksi t\u00e4rkeimmist\u00e4 tekij\u00f6ist\u00e4, miksi ihmiset valitsevat Nembutal Pentobarbitaalin suun kautta k\u00e4ytett\u00e4v\u00e4ksi.<\/p>\n<p>Nembutal Liquid Fenobarbitaali (kauppanimi: Nembutal) on barbituraattil\u00e4\u00e4ke. Sit\u00e4 k\u00e4ytet\u00e4\u00e4n yleisesti rauhoittavana tai ahdistuneisuusl\u00e4\u00e4kkeen\u00e4. Toisin kuin nykyaikaiset unil\u00e4\u00e4kkeet, Nembutal on yliannostuksessa eritt\u00e4in tappava.<\/p>\n<p><a href=\"https:\/\/www.nembutalgroup.com\/\">Pentobarbitaali<\/a> (Nembutal) on barbituraatti. Barbituraatit ovat heikkoja happoja, jotka imeytyv\u00e4t nopeasti ja jakautuvat koko kehoon, ja niiden pitoisuudet ovat korkeita aivoissa, maksassa ja munuaisissa. Barbituraattien rasvaliukoisuus on t\u00e4rkein tekij\u00e4 niiden jakautumisessa kehossa. Mit\u00e4 rasvaliukoisempi barbituraatti, sit\u00e4 nopeammin se tunkeutuu kaikkiin kehon kudoksiin. Se v\u00e4hent\u00e4\u00e4 aivojen ja hermoston toimintaa. Sit\u00e4 k\u00e4ytet\u00e4\u00e4n lyhytaikaisena rauhoittavana l\u00e4\u00e4kkeen\u00e4 unettomuuden hoitoon tai nukahtamiseen ennen leikkausta. Pentobarbitaalia k\u00e4ytet\u00e4\u00e4n my\u00f6s kouristuskohtausten h\u00e4t\u00e4hoitona, Osta Nembutal oraalinestett\u00e4<\/p>\n<p>Kun olet saanut pentobarbitaalia sairaalassa, hengityst\u00e4si, verenpainettasi, happitasojasi, munuaisten toimintaasi ja muita elint\u00e4rkeit\u00e4 merkkej\u00e4si seurataan tarkasti. Jos pentobarbitaali on vaihtanut v\u00e4ri\u00e4 tai sis\u00e4lt\u00e4\u00e4 hiukkasia, \u00e4l\u00e4 k\u00e4yt\u00e4 sit\u00e4. Ota yhteytt\u00e4 apteekkiin, jos tarvitset uusia l\u00e4\u00e4kkeit\u00e4.<\/p>\n<p>Jos k\u00e4yt\u00e4t t\u00e4t\u00e4 l\u00e4\u00e4kett\u00e4 pitk\u00e4\u00e4n, saatat tarvita s\u00e4\u00e4nn\u00f6llisi\u00e4 l\u00e4\u00e4ketieteellisi\u00e4 testej\u00e4. \u00c4l\u00e4 lopeta t\u00e4m\u00e4n l\u00e4\u00e4kkeen k\u00e4ytt\u00f6\u00e4 \u00e4killisesti pitk\u00e4aikaisen k\u00e4yt\u00f6n j\u00e4lkeen, muuten sinulla voi olla ep\u00e4miellytt\u00e4vi\u00e4 vieroitusoireita. Kysy l\u00e4\u00e4k\u00e4rilt\u00e4si, kuinka voit lopettaa pentobarbitaalin k\u00e4yt\u00f6n turvallisesti.<\/p>\n<ul>\n<li>S\u00e4ilyt\u00e4 huoneenl\u00e4mm\u00f6ss\u00e4, suojassa kosteudelta ja l\u00e4mm\u00f6lt\u00e4.<\/li>\n<li>Ei saa j\u00e4\u00e4ty\u00e4.<\/li>\n<\/ul>\n<p>Barbituraatteja tulee k\u00e4ytt\u00e4\u00e4 varoen potilailla, jotka k\u00e4rsiv\u00e4t akuutista tai kroonisesta kivusta, koska paradoksaalista j\u00e4nnityst\u00e4 tai t\u00e4rkeiden oireiden peitt\u00e4mist\u00e4 voi esiinty\u00e4. Barbituraatteja sen sijaan on k\u00e4ytetty pitk\u00e4\u00e4n rauhoittavana l\u00e4\u00e4kkeen\u00e4 leikkauksen j\u00e4lkeisess\u00e4 leikkauksessa ja sy\u00f6v\u00e4n kemoterapian lis\u00e4aineina.<\/p>\n<p>Voit <a href=\"https:\/\/gooddealersmeds.com\/fi \/product\/nembutal-oral-liquid\/\">osta Nembutal-oraalineste<\/a> verkkokaupastamme turvallisella toimituksella.<\/p>\n","protected":false},"excerpt":{"rendered":"<p>Osta pentobarbitaali verkosta. Tuotenimell\u00e4 Nembutal pentobarbitaalinatrium on saatavilla suun kautta otettavana liuoksena. Sen voivat antaa koulutetut ammattilaiset sairaaloissa ja klinikoilla tai kotona. Sen sivuvaikutuksena on uneliaisuus, mutta sen ei pit\u00e4isi johtaa py\u00f6rtymiseen tai muistin menett\u00e4miseen. T\u00e4t\u00e4 tuotetta tulee k\u00e4ytt\u00e4\u00e4 vain l\u00e4\u00e4k\u00e4rin suorassa valvonnassa.<\/p>\n","protected":false},"featured_media":1822,"comment_status":"open","ping_status":"closed","template":"","meta":{"inline_featured_image":false},"product_brand":[],"product_cat":[343],"product_tag":[],"class_list":{"0":"post-1818","1":"product","2":"type-product","3":"status-publish","4":"has-post-thumbnail","6":"product_cat-muut","8":"first","9":"instock","10":"shipping-taxable","11":"purchasable","12":"product-type-variable","13":"has-default-attributes"},"yoast_head":"<!-- This site is optimized with the Yoast SEO Premium plugin v20.6 (Yoast SEO v27.3) - https:\/\/yoast.com\/product\/yoast-seo-premium-wordpress\/ -->\n<title>Osta Nembutal oraalinestett\u00e4 (pentobarbitaali) | Good Dealers Meds<\/title>\n<meta name=\"description\" content=\"Osta Nembutal oraalinestett\u00e4 (pentobarbitaalinatrium), barbituraatti, joka toimii masennusl\u00e4\u00e4kkeen\u00e4 tai rauhoittavana aineena, jota k\u00e4ytet\u00e4\u00e4n lyhytaikaisesti unettomuuden hoitoon.\" \/>\n<meta name=\"robots\" content=\"index, follow, max-snippet:-1, max-image-preview:large, max-video-preview:-1\" \/>\n<link rel=\"canonical\" href=\"https:\/\/gooddealersmeds.com\/fi\/product\/nembutaali-oraalinen-neste\/\" \/>\n<meta property=\"og:locale\" content=\"en_US\" \/>\n<meta property=\"og:type\" content=\"article\" \/>\n<meta property=\"og:title\" content=\"Osta Nembutal oraalinestett\u00e4\" \/>\n<meta property=\"og:description\" content=\"Osta Nembutal oraalinestett\u00e4 (pentobarbitaalinatrium), barbituraatti, joka toimii masennusl\u00e4\u00e4kkeen\u00e4 tai rauhoittavana aineena, jota k\u00e4ytet\u00e4\u00e4n lyhytaikaisesti unettomuuden hoitoon.\" \/>\n<meta property=\"og:url\" content=\"https:\/\/gooddealersmeds.com\/fi\/product\/nembutaali-oraalinen-neste\/\" \/>\n<meta property=\"og:site_name\" content=\"Good Dealers Meds\" \/>\n<meta property=\"article:modified_time\" content=\"2023-01-22T18:56:45+00:00\" \/>\n<meta property=\"og:image\" content=\"https:\/\/gooddealersmeds.com\/fi\/wp-content\/uploads\/sites\/6\/2022\/06\/Buy-Nembutal-oral-Liquid.webp\" \/>\n\t<meta property=\"og:image:width\" content=\"600\" \/>\n\t<meta property=\"og:image:height\" content=\"600\" \/>\n\t<meta property=\"og:image:type\" content=\"image\/webp\" \/>\n<meta name=\"twitter:card\" content=\"summary_large_image\" \/>\n<meta name=\"twitter:label1\" content=\"Est. reading time\" \/>\n\t<meta name=\"twitter:data1\" content=\"2 minutes\" \/>\n<script type=\"application\/ld+json\" class=\"yoast-schema-graph\">{\"@context\":\"https:\\\/\\\/schema.org\",\"@graph\":[{\"@type\":\"WebPage\",\"@id\":\"https:\\\/\\\/gooddealersmeds.com\\\/fi\\\/product\\\/nembutaali-oraalinen-neste\\\/\",\"url\":\"https:\\\/\\\/gooddealersmeds.com\\\/fi\\\/product\\\/nembutaali-oraalinen-neste\\\/\",\"name\":\"Osta Nembutal oraalinestett\u00e4 (pentobarbitaali) | Good Dealers Meds\",\"isPartOf\":{\"@id\":\"https:\\\/\\\/gooddealersmeds.com\\\/fi\\\/#website\"},\"primaryImageOfPage\":{\"@id\":\"https:\\\/\\\/gooddealersmeds.com\\\/fi\\\/product\\\/nembutaali-oraalinen-neste\\\/#primaryimage\"},\"image\":{\"@id\":\"https:\\\/\\\/gooddealersmeds.com\\\/fi\\\/product\\\/nembutaali-oraalinen-neste\\\/#primaryimage\"},\"thumbnailUrl\":\"https:\\\/\\\/gooddealersmeds.com\\\/fi\\\/wp-content\\\/uploads\\\/sites\\\/6\\\/2022\\\/06\\\/Buy-Nembutal-oral-Liquid.webp\",\"datePublished\":\"2022-06-22T20:49:15+00:00\",\"dateModified\":\"2023-01-22T18:56:45+00:00\",\"description\":\"Osta Nembutal oraalinestett\u00e4 (pentobarbitaalinatrium), barbituraatti, joka toimii masennusl\u00e4\u00e4kkeen\u00e4 tai rauhoittavana aineena, jota k\u00e4ytet\u00e4\u00e4n lyhytaikaisesti unettomuuden hoitoon.\",\"breadcrumb\":{\"@id\":\"https:\\\/\\\/gooddealersmeds.com\\\/fi\\\/product\\\/nembutaali-oraalinen-neste\\\/#breadcrumb\"},\"inLanguage\":\"en-US\",\"potentialAction\":[{\"@type\":\"ReadAction\",\"target\":[\"https:\\\/\\\/gooddealersmeds.com\\\/fi\\\/product\\\/nembutaali-oraalinen-neste\\\/\"]}]},{\"@type\":\"ImageObject\",\"inLanguage\":\"en-US\",\"@id\":\"https:\\\/\\\/gooddealersmeds.com\\\/fi\\\/product\\\/nembutaali-oraalinen-neste\\\/#primaryimage\",\"url\":\"https:\\\/\\\/gooddealersmeds.com\\\/fi\\\/wp-content\\\/uploads\\\/sites\\\/6\\\/2022\\\/06\\\/Buy-Nembutal-oral-Liquid.webp\",\"contentUrl\":\"https:\\\/\\\/gooddealersmeds.com\\\/fi\\\/wp-content\\\/uploads\\\/sites\\\/6\\\/2022\\\/06\\\/Buy-Nembutal-oral-Liquid.webp\",\"width\":600,\"height\":600,\"caption\":\"Buy Nembutal Oral Liquid\"},{\"@type\":\"BreadcrumbList\",\"@id\":\"https:\\\/\\\/gooddealersmeds.com\\\/fi\\\/product\\\/nembutaali-oraalinen-neste\\\/#breadcrumb\",\"itemListElement\":[{\"@type\":\"ListItem\",\"position\":1,\"name\":\"Home\",\"item\":\"https:\\\/\\\/gooddealersmeds.com\\\/fi\\\/\"},{\"@type\":\"ListItem\",\"position\":2,\"name\":\"Tuotteet\",\"item\":\"https:\\\/\\\/gooddealersmeds.com\\\/fi\\\/tuotteet\\\/\"},{\"@type\":\"ListItem\",\"position\":3,\"name\":\"Osta Nembutal oraalinestett\u00e4\"}]},{\"@type\":\"WebSite\",\"@id\":\"https:\\\/\\\/gooddealersmeds.com\\\/fi\\\/#website\",\"url\":\"https:\\\/\\\/gooddealersmeds.com\\\/fi\\\/\",\"name\":\"Good Dealers Meds\",\"description\":\"All our best\",\"publisher\":{\"@id\":\"https:\\\/\\\/gooddealersmeds.com\\\/fi\\\/#organization\"},\"potentialAction\":[{\"@type\":\"SearchAction\",\"target\":{\"@type\":\"EntryPoint\",\"urlTemplate\":\"https:\\\/\\\/gooddealersmeds.com\\\/fi\\\/?s={search_term_string}\"},\"query-input\":{\"@type\":\"PropertyValueSpecification\",\"valueRequired\":true,\"valueName\":\"search_term_string\"}}],\"inLanguage\":\"en-US\"},{\"@type\":\"Organization\",\"@id\":\"https:\\\/\\\/gooddealersmeds.com\\\/fi\\\/#organization\",\"name\":\"Good Dealers Meds\",\"url\":\"https:\\\/\\\/gooddealersmeds.com\\\/fi\\\/\",\"logo\":{\"@type\":\"ImageObject\",\"inLanguage\":\"en-US\",\"@id\":\"https:\\\/\\\/gooddealersmeds.com\\\/fi\\\/#\\\/schema\\\/logo\\\/image\\\/\",\"url\":\"https:\\\/\\\/gooddealersmeds.com\\\/fi\\\/wp-content\\\/uploads\\\/sites\\\/6\\\/2022\\\/03\\\/gooddealersmeds__logo__20220317T222800Z.00.png\",\"contentUrl\":\"https:\\\/\\\/gooddealersmeds.com\\\/fi\\\/wp-content\\\/uploads\\\/sites\\\/6\\\/2022\\\/03\\\/gooddealersmeds__logo__20220317T222800Z.00.png\",\"width\":500,\"height\":325,\"caption\":\"Good Dealers Meds\"},\"image\":{\"@id\":\"https:\\\/\\\/gooddealersmeds.com\\\/fi\\\/#\\\/schema\\\/logo\\\/image\\\/\"}}]}<\/script>\n<!-- \/ Yoast SEO Premium plugin. -->","yoast_head_json":{"title":"Osta Nembutal oraalinestett\u00e4 (pentobarbitaali) | Good Dealers Meds","description":"Osta Nembutal oraalinestett\u00e4 (pentobarbitaalinatrium), barbituraatti, joka toimii masennusl\u00e4\u00e4kkeen\u00e4 tai rauhoittavana aineena, jota k\u00e4ytet\u00e4\u00e4n lyhytaikaisesti unettomuuden hoitoon.","robots":{"index":"index","follow":"follow","max-snippet":"max-snippet:-1","max-image-preview":"max-image-preview:large","max-video-preview":"max-video-preview:-1"},"canonical":"https:\/\/gooddealersmeds.com\/fi\/product\/nembutaali-oraalinen-neste\/","og_locale":"en_US","og_type":"article","og_title":"Osta Nembutal oraalinestett\u00e4","og_description":"Osta Nembutal oraalinestett\u00e4 (pentobarbitaalinatrium), barbituraatti, joka toimii masennusl\u00e4\u00e4kkeen\u00e4 tai rauhoittavana aineena, jota k\u00e4ytet\u00e4\u00e4n lyhytaikaisesti unettomuuden hoitoon.","og_url":"https:\/\/gooddealersmeds.com\/fi\/product\/nembutaali-oraalinen-neste\/","og_site_name":"Good Dealers Meds","article_modified_time":"2023-01-22T18:56:45+00:00","og_image":[{"width":600,"height":600,"url":"https:\/\/gooddealersmeds.com\/fi\/wp-content\/uploads\/sites\/6\/2022\/06\/Buy-Nembutal-oral-Liquid.webp","type":"image\/webp"}],"twitter_card":"summary_large_image","twitter_misc":{"Est. reading time":"2 minutes"},"schema":{"@context":"https:\/\/schema.org","@graph":[{"@type":"WebPage","@id":"https:\/\/gooddealersmeds.com\/fi\/product\/nembutaali-oraalinen-neste\/","url":"https:\/\/gooddealersmeds.com\/fi\/product\/nembutaali-oraalinen-neste\/","name":"Osta Nembutal oraalinestett\u00e4 (pentobarbitaali) | Good Dealers Meds","isPartOf":{"@id":"https:\/\/gooddealersmeds.com\/fi\/#website"},"primaryImageOfPage":{"@id":"https:\/\/gooddealersmeds.com\/fi\/product\/nembutaali-oraalinen-neste\/#primaryimage"},"image":{"@id":"https:\/\/gooddealersmeds.com\/fi\/product\/nembutaali-oraalinen-neste\/#primaryimage"},"thumbnailUrl":"https:\/\/gooddealersmeds.com\/fi\/wp-content\/uploads\/sites\/6\/2022\/06\/Buy-Nembutal-oral-Liquid.webp","datePublished":"2022-06-22T20:49:15+00:00","dateModified":"2023-01-22T18:56:45+00:00","description":"Osta Nembutal oraalinestett\u00e4 (pentobarbitaalinatrium), barbituraatti, joka toimii masennusl\u00e4\u00e4kkeen\u00e4 tai rauhoittavana aineena, jota k\u00e4ytet\u00e4\u00e4n lyhytaikaisesti unettomuuden hoitoon.","breadcrumb":{"@id":"https:\/\/gooddealersmeds.com\/fi\/product\/nembutaali-oraalinen-neste\/#breadcrumb"},"inLanguage":"en-US","potentialAction":[{"@type":"ReadAction","target":["https:\/\/gooddealersmeds.com\/fi\/product\/nembutaali-oraalinen-neste\/"]}]},{"@type":"ImageObject","inLanguage":"en-US","@id":"https:\/\/gooddealersmeds.com\/fi\/product\/nembutaali-oraalinen-neste\/#primaryimage","url":"https:\/\/gooddealersmeds.com\/fi\/wp-content\/uploads\/sites\/6\/2022\/06\/Buy-Nembutal-oral-Liquid.webp","contentUrl":"https:\/\/gooddealersmeds.com\/fi\/wp-content\/uploads\/sites\/6\/2022\/06\/Buy-Nembutal-oral-Liquid.webp","width":600,"height":600,"caption":"Buy Nembutal Oral Liquid"},{"@type":"BreadcrumbList","@id":"https:\/\/gooddealersmeds.com\/fi\/product\/nembutaali-oraalinen-neste\/#breadcrumb","itemListElement":[{"@type":"ListItem","position":1,"name":"Home","item":"https:\/\/gooddealersmeds.com\/fi\/"},{"@type":"ListItem","position":2,"name":"Tuotteet","item":"https:\/\/gooddealersmeds.com\/fi\/tuotteet\/"},{"@type":"ListItem","position":3,"name":"Osta Nembutal oraalinestett\u00e4"}]},{"@type":"WebSite","@id":"https:\/\/gooddealersmeds.com\/fi\/#website","url":"https:\/\/gooddealersmeds.com\/fi\/","name":"Good Dealers Meds","description":"All our best","publisher":{"@id":"https:\/\/gooddealersmeds.com\/fi\/#organization"},"potentialAction":[{"@type":"SearchAction","target":{"@type":"EntryPoint","urlTemplate":"https:\/\/gooddealersmeds.com\/fi\/?s={search_term_string}"},"query-input":{"@type":"PropertyValueSpecification","valueRequired":true,"valueName":"search_term_string"}}],"inLanguage":"en-US"},{"@type":"Organization","@id":"https:\/\/gooddealersmeds.com\/fi\/#organization","name":"Good Dealers Meds","url":"https:\/\/gooddealersmeds.com\/fi\/","logo":{"@type":"ImageObject","inLanguage":"en-US","@id":"https:\/\/gooddealersmeds.com\/fi\/#\/schema\/logo\/image\/","url":"https:\/\/gooddealersmeds.com\/fi\/wp-content\/uploads\/sites\/6\/2022\/03\/gooddealersmeds__logo__20220317T222800Z.00.png","contentUrl":"https:\/\/gooddealersmeds.com\/fi\/wp-content\/uploads\/sites\/6\/2022\/03\/gooddealersmeds__logo__20220317T222800Z.00.png","width":500,"height":325,"caption":"Good Dealers Meds"},"image":{"@id":"https:\/\/gooddealersmeds.com\/fi\/#\/schema\/logo\/image\/"}}]}},"_links":{"self":[{"href":"https:\/\/gooddealersmeds.com\/fi\/wp-json\/wp\/v2\/product\/1818","targetHints":{"allow":["GET"]}}],"collection":[{"href":"https:\/\/gooddealersmeds.com\/fi\/wp-json\/wp\/v2\/product"}],"about":[{"href":"https:\/\/gooddealersmeds.com\/fi\/wp-json\/wp\/v2\/types\/product"}],"replies":[{"embeddable":true,"href":"https:\/\/gooddealersmeds.com\/fi\/wp-json\/wp\/v2\/comments?post=1818"}],"wp:featuredmedia":[{"embeddable":true,"href":"https:\/\/gooddealersmeds.com\/fi\/wp-json\/wp\/v2\/media\/1822"}],"wp:attachment":[{"href":"https:\/\/gooddealersmeds.com\/fi\/wp-json\/wp\/v2\/media?parent=1818"}],"wp:term":[{"taxonomy":"product_brand","embeddable":true,"href":"https:\/\/gooddealersmeds.com\/fi\/wp-json\/wp\/v2\/product_brand?post=1818"},{"taxonomy":"product_cat","embeddable":true,"href":"https:\/\/gooddealersmeds.com\/fi\/wp-json\/wp\/v2\/product_cat?post=1818"},{"taxonomy":"product_tag","embeddable":true,"href":"https:\/\/gooddealersmeds.com\/fi\/wp-json\/wp\/v2\/product_tag?post=1818"}],"curies":[{"name":"wp","href":"https:\/\/api.w.org\/{rel}","templated":true}]}}