{"id":1799,"date":"2022-06-22T20:40:51","date_gmt":"2022-06-22T20:40:51","guid":{"rendered":"https:\/\/gooddealersmeds.com\/fi\/?post_type=product&#038;p=1799"},"modified":"2023-01-22T19:34:02","modified_gmt":"2023-01-22T19:34:02","slug":"osta-vyvanse-online","status":"publish","type":"product","link":"https:\/\/gooddealersmeds.com\/fi\/product\/osta-vyvanse-online\/","title":{"rendered":"Osta Vyvanse verkossa"},"content":{"rendered":"<h2>Osta aitoa Vyvansea verkosta ilman resepti\u00e4<\/h2>\n<p>Osta Vyvanse verkossa -myym\u00e4l\u00e4st\u00e4mme. Lisdeksamfetamiini on Vyvansen yleisnimi. Lisdeksamfetamiinia k\u00e4ytet\u00e4\u00e4n tarkkaavaisuush\u00e4iri\u00f6n (ADHD) hoitoon osana kattavaa hoitosuunnitelmaa, joka sis\u00e4lt\u00e4\u00e4 psykologisia, sosiaalisia ja muita interventioita. Se voi auttaa parantamaan keskittymiskyky\u00e4, pysym\u00e4\u00e4n keskittyneen\u00e4 ja v\u00e4hent\u00e4m\u00e4\u00e4n v\u00e4r\u00e4htely\u00e4. Ahmimish\u00e4iri\u00f6t\u00e4 voidaan my\u00f6s hoitaa lisdeksamfetamiinilla (BED). Se voi auttaa v\u00e4hent\u00e4m\u00e4\u00e4n ahmimisp\u00e4ivien m\u00e4\u00e4r\u00e4\u00e4.<\/p>\n<p>T\u00e4m\u00e4 on pirist\u00e4v\u00e4 l\u00e4\u00e4ke. Sen uskotaan toimivan palauttamalla tiettyjen luonnollisten kemikaalien tasapainon aivoissa (neurotransmitterit). Vakavien sivuvaikutusten riskin vuoksi t\u00e4t\u00e4 l\u00e4\u00e4kett\u00e4 ei suositella painonpudotukseen.<\/p>\n<p><strong>Miksi Good Dealers Meds valitseminen on paras p\u00e4\u00e4t\u00f6s tilata Vyvanse?<\/strong><\/p>\n<p><a href=\"https:\/\/gooddealersmeds.com\/fi\/product\/buy-vyvanse-online\/\"> Vyvanse<\/a> on saatavana nopeasti vaikuttavana tai hitaasti vapautuvana tablettina sek\u00e4 purutablettina. L\u00e4\u00e4ke alkaa vaikuttaa 2 tunnin kuluessa antamisesta ja kest\u00e4\u00e4 tyypillisesti 10-12 tuntia. Sit\u00e4 m\u00e4\u00e4r\u00e4t\u00e4\u00e4n my\u00f6s tyypillisesti 10, 20 tai 30 mg:n pillereiden tai purutablettien annoksina. N\u00e4in v\u00e4ltyt\u00e4\u00e4n monilta Adderalliin liittyvilt\u00e4 ongelmilta, kuten k\u00e4skem\u00e4ll\u00e4 k\u00e4ytt\u00e4ji\u00e4, jotka eiv\u00e4t pysty ottamaan pillereit\u00e4, murtamaan kapselit auki, Osta Vyvanse verkossa.<\/p>\n<p>Vyvanse tulee ottaa kerran p\u00e4iv\u00e4ss\u00e4 aamulla. On parasta ottaa se ensimm\u00e4isen\u00e4 aamulla, koska se voi h\u00e4irit\u00e4 unta my\u00f6hemmin p\u00e4iv\u00e4ll\u00e4. Jos sin\u00e4 tai lapsesi k\u00e4yt\u00e4t tai olet \u00e4skett\u00e4in k\u00e4ytt\u00e4nyt monoamiinioksidaasin est\u00e4j\u00e4\u00e4, \u00e4l\u00e4 ota Vyvansea. Vyvansen sivuvaikutuksia ovat yleens\u00e4 v\u00e4hentynyt ruokahalu, univaikeudet, painon lasku ja suun kuivuminen. Kerro l\u00e4\u00e4k\u00e4rillesi, jos sinulla on korkea verenpaine.<\/p>\n<h3><strong>Tied\u00e4tk\u00f6 mist\u00e4 Osta Vyvanse verkossa pillereit\u00e4 nopealla toimituksella<\/strong><\/h3>\n<p>Useimmat geneerist\u00e4 vyvansea etsiv\u00e4t ihmiset haluavat ostaa ja t\u00e4ytt\u00e4\u00e4 reseptins\u00e4 hyv\u00e4maineisesta l\u00e4hteest\u00e4. Missiomme on tarjota paikka, josta potilaat voivat saada l\u00e4\u00e4kkeens\u00e4 vakuutusturvastaan \u200b\u200btai taloudellisesta tilanteestaan \u200b\u200briippumatta. Avullamme voit helposti hankkia geneerisen vyvansen verkosta ja hallita reseptej\u00e4si.<\/p>\n<p>Tarjoamme puhdasta vyvansea, osta vyvansea verkosta <a href=\"https:\/\/gooddealersmeds.com\/fi\/products\/\">myym\u00e4l\u00e4<\/a>. Verkkokauppamme tarjoaa potilaille my\u00f6s resursseja, joita he tarvitsevat ADHD:n hallintaan ja heid\u00e4n el\u00e4m\u00e4ns\u00e4 hallitsemiseen.<\/p>\n","protected":false},"excerpt":{"rendered":"<p>Vyvansea voidaan m\u00e4\u00e4r\u00e4t\u00e4 tarkkaavaisuush\u00e4iri\u00f6n (ADHD) hoitoon aikuisille ja yli 6-vuotiaille lapsille sek\u00e4 keskivaikeaan tai vaikeaan ahmimish\u00e4iri\u00f6\u00f6n aikuisille. Lisdeksamfetamiinidimesylaatin turvallisuutta ja tehoa 3\u20135-vuotiailla ADHD-lapsilla ei ole varmistettu.<\/p>\n","protected":false},"featured_media":1801,"comment_status":"open","ping_status":"closed","template":"","meta":{"inline_featured_image":false},"product_brand":[],"product_cat":[346],"product_tag":[],"class_list":{"0":"post-1799","1":"product","2":"type-product","3":"status-publish","4":"has-post-thumbnail","6":"product_cat-piristeit","7":"pa_pills-100-pills","8":"pa_pills-1000-pills","9":"pa_pills-30-pills","10":"pa_pills-300-pills","11":"pa_pills-50-pills","12":"pa_pills-500-pills","14":"first","15":"instock","16":"shipping-taxable","17":"purchasable","18":"product-type-variable","19":"has-default-attributes"},"yoast_head":"<!-- This site is optimized with the Yoast SEO Premium plugin v20.6 (Yoast SEO v27.4) - https:\/\/yoast.com\/product\/yoast-seo-premium-wordpress\/ -->\n<title>Osta Vyvanse verkossa | Paras laatu Vyvanse myynniss\u00e4<\/title>\n<meta name=\"description\" content=\"Osta Vyvanse verkossa halvalla hinnalla Good Dealers Meds -l\u00e4\u00e4kkeist\u00e4 ADHD:n hoitoon 6-12-vuotiailla lapsilla, nuorilla ja aikuisilla.\" \/>\n<meta name=\"robots\" content=\"index, follow, max-snippet:-1, max-image-preview:large, max-video-preview:-1\" \/>\n<link rel=\"canonical\" href=\"https:\/\/gooddealersmeds.com\/fi\/product\/osta-vyvanse-online\/\" \/>\n<meta property=\"og:locale\" content=\"en_US\" \/>\n<meta property=\"og:type\" content=\"article\" \/>\n<meta property=\"og:title\" content=\"Osta Vyvanse verkossa\" \/>\n<meta property=\"og:description\" content=\"Osta Vyvanse verkossa halvalla hinnalla Good Dealers Meds -l\u00e4\u00e4kkeist\u00e4 ADHD:n hoitoon 6-12-vuotiailla lapsilla, nuorilla ja aikuisilla.\" \/>\n<meta property=\"og:url\" content=\"https:\/\/gooddealersmeds.com\/fi\/product\/osta-vyvanse-online\/\" \/>\n<meta property=\"og:site_name\" content=\"Good Dealers Meds\" \/>\n<meta property=\"article:modified_time\" content=\"2023-01-22T19:34:02+00:00\" \/>\n<meta property=\"og:image\" content=\"https:\/\/gooddealersmeds.com\/fi\/wp-content\/uploads\/sites\/6\/2022\/04\/Sept15Vyvanse-1.png\" \/>\n\t<meta property=\"og:image:width\" content=\"469\" \/>\n\t<meta property=\"og:image:height\" content=\"314\" \/>\n\t<meta property=\"og:image:type\" content=\"image\/png\" \/>\n<meta name=\"twitter:card\" content=\"summary_large_image\" \/>\n<meta name=\"twitter:label1\" content=\"Est. reading time\" \/>\n\t<meta name=\"twitter:data1\" content=\"2 minutes\" \/>\n<script type=\"application\/ld+json\" class=\"yoast-schema-graph\">{\"@context\":\"https:\\\/\\\/schema.org\",\"@graph\":[{\"@type\":\"WebPage\",\"@id\":\"https:\\\/\\\/gooddealersmeds.com\\\/fi\\\/product\\\/osta-vyvanse-online\\\/\",\"url\":\"https:\\\/\\\/gooddealersmeds.com\\\/fi\\\/product\\\/osta-vyvanse-online\\\/\",\"name\":\"Osta Vyvanse verkossa | Paras laatu Vyvanse myynniss\u00e4\",\"isPartOf\":{\"@id\":\"https:\\\/\\\/gooddealersmeds.com\\\/fi\\\/#website\"},\"primaryImageOfPage\":{\"@id\":\"https:\\\/\\\/gooddealersmeds.com\\\/fi\\\/product\\\/osta-vyvanse-online\\\/#primaryimage\"},\"image\":{\"@id\":\"https:\\\/\\\/gooddealersmeds.com\\\/fi\\\/product\\\/osta-vyvanse-online\\\/#primaryimage\"},\"thumbnailUrl\":\"https:\\\/\\\/gooddealersmeds.com\\\/fi\\\/wp-content\\\/uploads\\\/sites\\\/6\\\/2022\\\/04\\\/Sept15Vyvanse-1.png\",\"datePublished\":\"2022-06-22T20:40:51+00:00\",\"dateModified\":\"2023-01-22T19:34:02+00:00\",\"description\":\"Osta Vyvanse verkossa halvalla hinnalla Good Dealers Meds -l\u00e4\u00e4kkeist\u00e4 ADHD:n hoitoon 6-12-vuotiailla lapsilla, nuorilla ja aikuisilla.\",\"breadcrumb\":{\"@id\":\"https:\\\/\\\/gooddealersmeds.com\\\/fi\\\/product\\\/osta-vyvanse-online\\\/#breadcrumb\"},\"inLanguage\":\"en-US\",\"potentialAction\":[{\"@type\":\"ReadAction\",\"target\":[\"https:\\\/\\\/gooddealersmeds.com\\\/fi\\\/product\\\/osta-vyvanse-online\\\/\"]}]},{\"@type\":\"ImageObject\",\"inLanguage\":\"en-US\",\"@id\":\"https:\\\/\\\/gooddealersmeds.com\\\/fi\\\/product\\\/osta-vyvanse-online\\\/#primaryimage\",\"url\":\"https:\\\/\\\/gooddealersmeds.com\\\/fi\\\/wp-content\\\/uploads\\\/sites\\\/6\\\/2022\\\/04\\\/Sept15Vyvanse-1.png\",\"contentUrl\":\"https:\\\/\\\/gooddealersmeds.com\\\/fi\\\/wp-content\\\/uploads\\\/sites\\\/6\\\/2022\\\/04\\\/Sept15Vyvanse-1.png\",\"width\":469,\"height\":314,\"caption\":\"Buy Vyvanse Online\"},{\"@type\":\"BreadcrumbList\",\"@id\":\"https:\\\/\\\/gooddealersmeds.com\\\/fi\\\/product\\\/osta-vyvanse-online\\\/#breadcrumb\",\"itemListElement\":[{\"@type\":\"ListItem\",\"position\":1,\"name\":\"Home\",\"item\":\"https:\\\/\\\/gooddealersmeds.com\\\/fi\\\/\"},{\"@type\":\"ListItem\",\"position\":2,\"name\":\"Tuotteet\",\"item\":\"https:\\\/\\\/gooddealersmeds.com\\\/fi\\\/tuotteet\\\/\"},{\"@type\":\"ListItem\",\"position\":3,\"name\":\"Osta Vyvanse verkossa\"}]},{\"@type\":\"WebSite\",\"@id\":\"https:\\\/\\\/gooddealersmeds.com\\\/fi\\\/#website\",\"url\":\"https:\\\/\\\/gooddealersmeds.com\\\/fi\\\/\",\"name\":\"Good Dealers Meds\",\"description\":\"All our best\",\"publisher\":{\"@id\":\"https:\\\/\\\/gooddealersmeds.com\\\/fi\\\/#organization\"},\"potentialAction\":[{\"@type\":\"SearchAction\",\"target\":{\"@type\":\"EntryPoint\",\"urlTemplate\":\"https:\\\/\\\/gooddealersmeds.com\\\/fi\\\/?s={search_term_string}\"},\"query-input\":{\"@type\":\"PropertyValueSpecification\",\"valueRequired\":true,\"valueName\":\"search_term_string\"}}],\"inLanguage\":\"en-US\"},{\"@type\":\"Organization\",\"@id\":\"https:\\\/\\\/gooddealersmeds.com\\\/fi\\\/#organization\",\"name\":\"Good Dealers Meds\",\"url\":\"https:\\\/\\\/gooddealersmeds.com\\\/fi\\\/\",\"logo\":{\"@type\":\"ImageObject\",\"inLanguage\":\"en-US\",\"@id\":\"https:\\\/\\\/gooddealersmeds.com\\\/fi\\\/#\\\/schema\\\/logo\\\/image\\\/\",\"url\":\"https:\\\/\\\/gooddealersmeds.com\\\/fi\\\/wp-content\\\/uploads\\\/sites\\\/6\\\/2022\\\/03\\\/gooddealersmeds__logo__20220317T222800Z.00.png\",\"contentUrl\":\"https:\\\/\\\/gooddealersmeds.com\\\/fi\\\/wp-content\\\/uploads\\\/sites\\\/6\\\/2022\\\/03\\\/gooddealersmeds__logo__20220317T222800Z.00.png\",\"width\":500,\"height\":325,\"caption\":\"Good Dealers Meds\"},\"image\":{\"@id\":\"https:\\\/\\\/gooddealersmeds.com\\\/fi\\\/#\\\/schema\\\/logo\\\/image\\\/\"}}]}<\/script>\n<!-- \/ Yoast SEO Premium plugin. -->","yoast_head_json":{"title":"Osta Vyvanse verkossa | Paras laatu Vyvanse myynniss\u00e4","description":"Osta Vyvanse verkossa halvalla hinnalla Good Dealers Meds -l\u00e4\u00e4kkeist\u00e4 ADHD:n hoitoon 6-12-vuotiailla lapsilla, nuorilla ja aikuisilla.","robots":{"index":"index","follow":"follow","max-snippet":"max-snippet:-1","max-image-preview":"max-image-preview:large","max-video-preview":"max-video-preview:-1"},"canonical":"https:\/\/gooddealersmeds.com\/fi\/product\/osta-vyvanse-online\/","og_locale":"en_US","og_type":"article","og_title":"Osta Vyvanse verkossa","og_description":"Osta Vyvanse verkossa halvalla hinnalla Good Dealers Meds -l\u00e4\u00e4kkeist\u00e4 ADHD:n hoitoon 6-12-vuotiailla lapsilla, nuorilla ja aikuisilla.","og_url":"https:\/\/gooddealersmeds.com\/fi\/product\/osta-vyvanse-online\/","og_site_name":"Good Dealers Meds","article_modified_time":"2023-01-22T19:34:02+00:00","og_image":[{"width":469,"height":314,"url":"https:\/\/gooddealersmeds.com\/fi\/wp-content\/uploads\/sites\/6\/2022\/04\/Sept15Vyvanse-1.png","type":"image\/png"}],"twitter_card":"summary_large_image","twitter_misc":{"Est. reading time":"2 minutes"},"schema":{"@context":"https:\/\/schema.org","@graph":[{"@type":"WebPage","@id":"https:\/\/gooddealersmeds.com\/fi\/product\/osta-vyvanse-online\/","url":"https:\/\/gooddealersmeds.com\/fi\/product\/osta-vyvanse-online\/","name":"Osta Vyvanse verkossa | Paras laatu Vyvanse myynniss\u00e4","isPartOf":{"@id":"https:\/\/gooddealersmeds.com\/fi\/#website"},"primaryImageOfPage":{"@id":"https:\/\/gooddealersmeds.com\/fi\/product\/osta-vyvanse-online\/#primaryimage"},"image":{"@id":"https:\/\/gooddealersmeds.com\/fi\/product\/osta-vyvanse-online\/#primaryimage"},"thumbnailUrl":"https:\/\/gooddealersmeds.com\/fi\/wp-content\/uploads\/sites\/6\/2022\/04\/Sept15Vyvanse-1.png","datePublished":"2022-06-22T20:40:51+00:00","dateModified":"2023-01-22T19:34:02+00:00","description":"Osta Vyvanse verkossa halvalla hinnalla Good Dealers Meds -l\u00e4\u00e4kkeist\u00e4 ADHD:n hoitoon 6-12-vuotiailla lapsilla, nuorilla ja aikuisilla.","breadcrumb":{"@id":"https:\/\/gooddealersmeds.com\/fi\/product\/osta-vyvanse-online\/#breadcrumb"},"inLanguage":"en-US","potentialAction":[{"@type":"ReadAction","target":["https:\/\/gooddealersmeds.com\/fi\/product\/osta-vyvanse-online\/"]}]},{"@type":"ImageObject","inLanguage":"en-US","@id":"https:\/\/gooddealersmeds.com\/fi\/product\/osta-vyvanse-online\/#primaryimage","url":"https:\/\/gooddealersmeds.com\/fi\/wp-content\/uploads\/sites\/6\/2022\/04\/Sept15Vyvanse-1.png","contentUrl":"https:\/\/gooddealersmeds.com\/fi\/wp-content\/uploads\/sites\/6\/2022\/04\/Sept15Vyvanse-1.png","width":469,"height":314,"caption":"Buy Vyvanse Online"},{"@type":"BreadcrumbList","@id":"https:\/\/gooddealersmeds.com\/fi\/product\/osta-vyvanse-online\/#breadcrumb","itemListElement":[{"@type":"ListItem","position":1,"name":"Home","item":"https:\/\/gooddealersmeds.com\/fi\/"},{"@type":"ListItem","position":2,"name":"Tuotteet","item":"https:\/\/gooddealersmeds.com\/fi\/tuotteet\/"},{"@type":"ListItem","position":3,"name":"Osta Vyvanse verkossa"}]},{"@type":"WebSite","@id":"https:\/\/gooddealersmeds.com\/fi\/#website","url":"https:\/\/gooddealersmeds.com\/fi\/","name":"Good Dealers Meds","description":"All our best","publisher":{"@id":"https:\/\/gooddealersmeds.com\/fi\/#organization"},"potentialAction":[{"@type":"SearchAction","target":{"@type":"EntryPoint","urlTemplate":"https:\/\/gooddealersmeds.com\/fi\/?s={search_term_string}"},"query-input":{"@type":"PropertyValueSpecification","valueRequired":true,"valueName":"search_term_string"}}],"inLanguage":"en-US"},{"@type":"Organization","@id":"https:\/\/gooddealersmeds.com\/fi\/#organization","name":"Good Dealers Meds","url":"https:\/\/gooddealersmeds.com\/fi\/","logo":{"@type":"ImageObject","inLanguage":"en-US","@id":"https:\/\/gooddealersmeds.com\/fi\/#\/schema\/logo\/image\/","url":"https:\/\/gooddealersmeds.com\/fi\/wp-content\/uploads\/sites\/6\/2022\/03\/gooddealersmeds__logo__20220317T222800Z.00.png","contentUrl":"https:\/\/gooddealersmeds.com\/fi\/wp-content\/uploads\/sites\/6\/2022\/03\/gooddealersmeds__logo__20220317T222800Z.00.png","width":500,"height":325,"caption":"Good Dealers Meds"},"image":{"@id":"https:\/\/gooddealersmeds.com\/fi\/#\/schema\/logo\/image\/"}}]}},"_links":{"self":[{"href":"https:\/\/gooddealersmeds.com\/fi\/wp-json\/wp\/v2\/product\/1799","targetHints":{"allow":["GET"]}}],"collection":[{"href":"https:\/\/gooddealersmeds.com\/fi\/wp-json\/wp\/v2\/product"}],"about":[{"href":"https:\/\/gooddealersmeds.com\/fi\/wp-json\/wp\/v2\/types\/product"}],"replies":[{"embeddable":true,"href":"https:\/\/gooddealersmeds.com\/fi\/wp-json\/wp\/v2\/comments?post=1799"}],"wp:featuredmedia":[{"embeddable":true,"href":"https:\/\/gooddealersmeds.com\/fi\/wp-json\/wp\/v2\/media\/1801"}],"wp:attachment":[{"href":"https:\/\/gooddealersmeds.com\/fi\/wp-json\/wp\/v2\/media?parent=1799"}],"wp:term":[{"taxonomy":"product_brand","embeddable":true,"href":"https:\/\/gooddealersmeds.com\/fi\/wp-json\/wp\/v2\/product_brand?post=1799"},{"taxonomy":"product_cat","embeddable":true,"href":"https:\/\/gooddealersmeds.com\/fi\/wp-json\/wp\/v2\/product_cat?post=1799"},{"taxonomy":"product_tag","embeddable":true,"href":"https:\/\/gooddealersmeds.com\/fi\/wp-json\/wp\/v2\/product_tag?post=1799"}],"curies":[{"name":"wp","href":"https:\/\/api.w.org\/{rel}","templated":true}]}}