{"id":1791,"date":"2022-04-21T03:36:59","date_gmt":"2022-04-21T03:36:59","guid":{"rendered":"https:\/\/gooddealersmeds.com\/fi\/?post_type=product&#038;p=1791"},"modified":"2023-01-22T19:51:19","modified_gmt":"2023-01-22T19:51:19","slug":"osta-anesket-verkosta","status":"publish","type":"product","link":"https:\/\/gooddealersmeds.com\/fi\/product\/osta-anesket-verkosta\/","title":{"rendered":"Osta Anesket verkosta"},"content":{"rendered":"<h2>Anesket-pillerit Myyt\u00e4v\u00e4n\u00e4 nopealla toimituksella, Olemme johtava toimittaja.<\/h2>\n<p>P\u00e4\u00e4toimintamme osoitteessa <a href=\"https:\/\/gooddealersmeds.com\/fi\/\">Good Dealer Meds<\/a> on anesketin tarjoaminen myyntiin. T\u00e4st\u00e4 syyst\u00e4 tarjoamme tai toimitamme anesketin reseptill\u00e4 tai ilman resepti\u00e4. Asiakkaat ymp\u00e4ri maailmaa voivat Osta Anesket verkosta reseptill\u00e4 tai ilman. T\u00e4ll\u00e4 l\u00e4\u00e4kkeell\u00e4 on kuitenkin sama vaikutus kuin ketamiinilla. Sit\u00e4 k\u00e4ytet\u00e4\u00e4n potilaiden rauhoittamiseen suurten kirurgisten toimenpiteiden aikana. T\u00e4m\u00e4n seurauksena se kuuluu samaan l\u00e4\u00e4ketieteelliseen ryhm\u00e4\u00e4n ( Anestesia ).<\/p>\n<p>L\u00e4\u00e4ke on v\u00e4ritt\u00f6m\u00e4ss\u00e4 injektiopullossa, se on ruiskeena ja se on eritt\u00e4in tehokas hallusinogeenisten ja rauhoittavien ominaisuuksiensa vuoksi. Useimmat maat ymp\u00e4ri maailmaa k\u00e4ytt\u00e4v\u00e4t anesketi\u00e4 myyntiin lihasrelaksanttina. Sen lis\u00e4ksi, ett\u00e4 sit\u00e4 k\u00e4ytet\u00e4\u00e4n rauhoittavana tai anestesiana, l\u00e4\u00e4ke voi olla varsin hy\u00f6dyllinen kivun ja masennuksen hoidossa, ja luettelo jatkuu, Osta Anesket verkosta<\/p>\n<p>Anasket on useimpien maiden hyv\u00e4ksym\u00e4 l\u00e4\u00e4ke, jota k\u00e4ytet\u00e4\u00e4n maailmanlaajuisesti. Tarvikkeemme tulevat suoraan valmistajalta. T\u00e4m\u00e4 on laboratoriokontrolli, jonka tarjoamme tuotenimell\u00e4 Anesket.<\/p>\n<p><strong>L\u00e4\u00e4ketieteellinen resepti<\/strong><\/p>\n<p>Pure Anesket on reseptil\u00e4\u00e4ke. Se on melko voimakas, ja useimmat ihmiset k\u00e4ytt\u00e4v\u00e4t sit\u00e4 l\u00e4\u00e4ketieteen asiantuntijan valvonnassa. \u00c4l\u00e4 lis\u00e4\u00e4 annosta k\u00e4ym\u00e4tt\u00e4 ensin l\u00e4\u00e4k\u00e4rin kanssa. Lapset eiv\u00e4t ole todenneet sen k\u00e4ytt\u00f6\u00e4, joten ota yhteytt\u00e4 asiantuntijaan viel\u00e4 kerran. Pid\u00e4 t\u00e4m\u00e4 l\u00e4\u00e4ke poissa nuorilta. Myrkyn yliannostuksen sattuessa hakeudu v\u00e4litt\u00f6m\u00e4sti l\u00e4\u00e4k\u00e4rin hoitoon.<\/p>\n<p><strong>Sivuvaikutus<\/strong><\/p>\n<p>Yleisimpi\u00e4 sivuvaikutuksia ovat ihottuma, pahoinvointi tai oksentelu. Kerro l\u00e4\u00e4k\u00e4rillesi, jos olet raskaana tai sinulla on vakava syd\u00e4nsairaus tai sinulla on \u00e4skett\u00e4in ollut aivohalvaus tai jos sinulla on vakava p\u00e4\u00e4- tai aivovamma. Sit\u00e4 on turvallista k\u00e4ytt\u00e4\u00e4 imett\u00e4ville \u00e4ideille.<\/p>\n<h3>Osta Anesket verkosta Toimitus<\/h3>\n<p>Good Dealers Meds on eritt\u00e4in tunnettu ja luotettava Pure Anesket 1000 mg \/ 10 ml myyt\u00e4v\u00e4n\u00e4 toimittaja . Toimituksemme on turvallinen, varma, nopea, takuu ja 100 % huomaamaton toimitus. Paketista ei paljasteta asiakkaan henkil\u00f6tietoja.<\/p>\n<p>Voit ostaa <a href=\"https:\/\/gooddealersmeds.com\/fi\/product\/buy-anesket-online\/\">Anesketin <\/a>verkkokaupastamme turvallisella toimituksella kaikkialle Eurooppaan.<\/p>\n","protected":false},"excerpt":{"rendered":"<p>Osta Anesket verkosta, jolla voit nukahtaa leikkaukseen ja ehk\u00e4ist\u00e4 kipua ja ep\u00e4mukavuutta. Osta Anesket verkosta meilt\u00e4 edullisesti.<\/p>\n","protected":false},"featured_media":1798,"comment_status":"open","ping_status":"closed","template":"","meta":{"inline_featured_image":false},"product_brand":[],"product_cat":[343],"product_tag":[],"class_list":{"0":"post-1791","1":"product","2":"type-product","3":"status-publish","4":"has-post-thumbnail","6":"product_cat-muut","7":"pa_pills-100-pills","8":"pa_pills-1000-pills","9":"pa_pills-30-pills","10":"pa_pills-300-pills","11":"pa_pills-50-pills","12":"pa_pills-500-pills","14":"first","15":"instock","16":"shipping-taxable","17":"purchasable","18":"product-type-variable","19":"has-default-attributes"},"yoast_head":"<!-- This site is optimized with the Yoast SEO Premium plugin v20.6 (Yoast SEO v27.4) - https:\/\/yoast.com\/product\/yoast-seo-premium-wordpress\/ -->\n<title>Osta Anesket verkosta | Tilaa Anesket verkosta Good Dealers Meds<\/title>\n<meta name=\"description\" content=\"Osta Anesket verkosta hyvien j\u00e4lleenmyyjien tarjoamia l\u00e4\u00e4kkeit\u00e4, joita k\u00e4ytettiin nukahtamaan suurten kirurgisten toimenpiteiden aikana sek\u00e4 ehk\u00e4isem\u00e4\u00e4n kipua ja ep\u00e4mukavuutta.\" \/>\n<meta name=\"robots\" content=\"index, follow, max-snippet:-1, max-image-preview:large, max-video-preview:-1\" \/>\n<link rel=\"canonical\" href=\"https:\/\/gooddealersmeds.com\/fi\/product\/osta-anesket-verkosta\/\" \/>\n<meta property=\"og:locale\" content=\"en_US\" \/>\n<meta property=\"og:type\" content=\"article\" \/>\n<meta property=\"og:title\" content=\"Osta Anesket verkosta\" \/>\n<meta property=\"og:description\" content=\"Osta Anesket verkosta hyvien j\u00e4lleenmyyjien tarjoamia l\u00e4\u00e4kkeit\u00e4, joita k\u00e4ytettiin nukahtamaan suurten kirurgisten toimenpiteiden aikana sek\u00e4 ehk\u00e4isem\u00e4\u00e4n kipua ja ep\u00e4mukavuutta.\" \/>\n<meta property=\"og:url\" content=\"https:\/\/gooddealersmeds.com\/fi\/product\/osta-anesket-verkosta\/\" \/>\n<meta property=\"og:site_name\" content=\"Good Dealers Meds\" \/>\n<meta property=\"article:modified_time\" content=\"2023-01-22T19:51:19+00:00\" \/>\n<meta property=\"og:image\" content=\"https:\/\/gooddealersmeds.com\/fi\/wp-content\/uploads\/sites\/6\/2022\/04\/anesket-1000mg-10ml-for-sale.png\" \/>\n\t<meta property=\"og:image:width\" content=\"500\" \/>\n\t<meta property=\"og:image:height\" content=\"500\" \/>\n\t<meta property=\"og:image:type\" content=\"image\/png\" \/>\n<meta name=\"twitter:card\" content=\"summary_large_image\" \/>\n<meta name=\"twitter:label1\" content=\"Est. reading time\" \/>\n\t<meta name=\"twitter:data1\" content=\"2 minutes\" \/>\n<script type=\"application\/ld+json\" class=\"yoast-schema-graph\">{\"@context\":\"https:\\\/\\\/schema.org\",\"@graph\":[{\"@type\":\"WebPage\",\"@id\":\"https:\\\/\\\/gooddealersmeds.com\\\/fi\\\/product\\\/osta-anesket-verkosta\\\/\",\"url\":\"https:\\\/\\\/gooddealersmeds.com\\\/fi\\\/product\\\/osta-anesket-verkosta\\\/\",\"name\":\"Osta Anesket verkosta | Tilaa Anesket verkosta Good Dealers Meds\",\"isPartOf\":{\"@id\":\"https:\\\/\\\/gooddealersmeds.com\\\/fi\\\/#website\"},\"primaryImageOfPage\":{\"@id\":\"https:\\\/\\\/gooddealersmeds.com\\\/fi\\\/product\\\/osta-anesket-verkosta\\\/#primaryimage\"},\"image\":{\"@id\":\"https:\\\/\\\/gooddealersmeds.com\\\/fi\\\/product\\\/osta-anesket-verkosta\\\/#primaryimage\"},\"thumbnailUrl\":\"https:\\\/\\\/gooddealersmeds.com\\\/fi\\\/wp-content\\\/uploads\\\/sites\\\/6\\\/2022\\\/04\\\/anesket-1000mg-10ml-for-sale.png\",\"datePublished\":\"2022-04-21T03:36:59+00:00\",\"dateModified\":\"2023-01-22T19:51:19+00:00\",\"description\":\"Osta Anesket verkosta hyvien j\u00e4lleenmyyjien tarjoamia l\u00e4\u00e4kkeit\u00e4, joita k\u00e4ytettiin nukahtamaan suurten kirurgisten toimenpiteiden aikana sek\u00e4 ehk\u00e4isem\u00e4\u00e4n kipua ja ep\u00e4mukavuutta.\",\"breadcrumb\":{\"@id\":\"https:\\\/\\\/gooddealersmeds.com\\\/fi\\\/product\\\/osta-anesket-verkosta\\\/#breadcrumb\"},\"inLanguage\":\"en-US\",\"potentialAction\":[{\"@type\":\"ReadAction\",\"target\":[\"https:\\\/\\\/gooddealersmeds.com\\\/fi\\\/product\\\/osta-anesket-verkosta\\\/\"]}]},{\"@type\":\"ImageObject\",\"inLanguage\":\"en-US\",\"@id\":\"https:\\\/\\\/gooddealersmeds.com\\\/fi\\\/product\\\/osta-anesket-verkosta\\\/#primaryimage\",\"url\":\"https:\\\/\\\/gooddealersmeds.com\\\/fi\\\/wp-content\\\/uploads\\\/sites\\\/6\\\/2022\\\/04\\\/anesket-1000mg-10ml-for-sale.png\",\"contentUrl\":\"https:\\\/\\\/gooddealersmeds.com\\\/fi\\\/wp-content\\\/uploads\\\/sites\\\/6\\\/2022\\\/04\\\/anesket-1000mg-10ml-for-sale.png\",\"width\":500,\"height\":500,\"caption\":\"Buy Anesket online\"},{\"@type\":\"BreadcrumbList\",\"@id\":\"https:\\\/\\\/gooddealersmeds.com\\\/fi\\\/product\\\/osta-anesket-verkosta\\\/#breadcrumb\",\"itemListElement\":[{\"@type\":\"ListItem\",\"position\":1,\"name\":\"Home\",\"item\":\"https:\\\/\\\/gooddealersmeds.com\\\/fi\\\/\"},{\"@type\":\"ListItem\",\"position\":2,\"name\":\"Tuotteet\",\"item\":\"https:\\\/\\\/gooddealersmeds.com\\\/fi\\\/tuotteet\\\/\"},{\"@type\":\"ListItem\",\"position\":3,\"name\":\"Osta Anesket verkosta\"}]},{\"@type\":\"WebSite\",\"@id\":\"https:\\\/\\\/gooddealersmeds.com\\\/fi\\\/#website\",\"url\":\"https:\\\/\\\/gooddealersmeds.com\\\/fi\\\/\",\"name\":\"Good Dealers Meds\",\"description\":\"All our best\",\"publisher\":{\"@id\":\"https:\\\/\\\/gooddealersmeds.com\\\/fi\\\/#organization\"},\"potentialAction\":[{\"@type\":\"SearchAction\",\"target\":{\"@type\":\"EntryPoint\",\"urlTemplate\":\"https:\\\/\\\/gooddealersmeds.com\\\/fi\\\/?s={search_term_string}\"},\"query-input\":{\"@type\":\"PropertyValueSpecification\",\"valueRequired\":true,\"valueName\":\"search_term_string\"}}],\"inLanguage\":\"en-US\"},{\"@type\":\"Organization\",\"@id\":\"https:\\\/\\\/gooddealersmeds.com\\\/fi\\\/#organization\",\"name\":\"Good Dealers Meds\",\"url\":\"https:\\\/\\\/gooddealersmeds.com\\\/fi\\\/\",\"logo\":{\"@type\":\"ImageObject\",\"inLanguage\":\"en-US\",\"@id\":\"https:\\\/\\\/gooddealersmeds.com\\\/fi\\\/#\\\/schema\\\/logo\\\/image\\\/\",\"url\":\"https:\\\/\\\/gooddealersmeds.com\\\/fi\\\/wp-content\\\/uploads\\\/sites\\\/6\\\/2022\\\/03\\\/gooddealersmeds__logo__20220317T222800Z.00.png\",\"contentUrl\":\"https:\\\/\\\/gooddealersmeds.com\\\/fi\\\/wp-content\\\/uploads\\\/sites\\\/6\\\/2022\\\/03\\\/gooddealersmeds__logo__20220317T222800Z.00.png\",\"width\":500,\"height\":325,\"caption\":\"Good Dealers Meds\"},\"image\":{\"@id\":\"https:\\\/\\\/gooddealersmeds.com\\\/fi\\\/#\\\/schema\\\/logo\\\/image\\\/\"}}]}<\/script>\n<!-- \/ Yoast SEO Premium plugin. -->","yoast_head_json":{"title":"Osta Anesket verkosta | Tilaa Anesket verkosta Good Dealers Meds","description":"Osta Anesket verkosta hyvien j\u00e4lleenmyyjien tarjoamia l\u00e4\u00e4kkeit\u00e4, joita k\u00e4ytettiin nukahtamaan suurten kirurgisten toimenpiteiden aikana sek\u00e4 ehk\u00e4isem\u00e4\u00e4n kipua ja ep\u00e4mukavuutta.","robots":{"index":"index","follow":"follow","max-snippet":"max-snippet:-1","max-image-preview":"max-image-preview:large","max-video-preview":"max-video-preview:-1"},"canonical":"https:\/\/gooddealersmeds.com\/fi\/product\/osta-anesket-verkosta\/","og_locale":"en_US","og_type":"article","og_title":"Osta Anesket verkosta","og_description":"Osta Anesket verkosta hyvien j\u00e4lleenmyyjien tarjoamia l\u00e4\u00e4kkeit\u00e4, joita k\u00e4ytettiin nukahtamaan suurten kirurgisten toimenpiteiden aikana sek\u00e4 ehk\u00e4isem\u00e4\u00e4n kipua ja ep\u00e4mukavuutta.","og_url":"https:\/\/gooddealersmeds.com\/fi\/product\/osta-anesket-verkosta\/","og_site_name":"Good Dealers Meds","article_modified_time":"2023-01-22T19:51:19+00:00","og_image":[{"width":500,"height":500,"url":"https:\/\/gooddealersmeds.com\/fi\/wp-content\/uploads\/sites\/6\/2022\/04\/anesket-1000mg-10ml-for-sale.png","type":"image\/png"}],"twitter_card":"summary_large_image","twitter_misc":{"Est. reading time":"2 minutes"},"schema":{"@context":"https:\/\/schema.org","@graph":[{"@type":"WebPage","@id":"https:\/\/gooddealersmeds.com\/fi\/product\/osta-anesket-verkosta\/","url":"https:\/\/gooddealersmeds.com\/fi\/product\/osta-anesket-verkosta\/","name":"Osta Anesket verkosta | Tilaa Anesket verkosta Good Dealers Meds","isPartOf":{"@id":"https:\/\/gooddealersmeds.com\/fi\/#website"},"primaryImageOfPage":{"@id":"https:\/\/gooddealersmeds.com\/fi\/product\/osta-anesket-verkosta\/#primaryimage"},"image":{"@id":"https:\/\/gooddealersmeds.com\/fi\/product\/osta-anesket-verkosta\/#primaryimage"},"thumbnailUrl":"https:\/\/gooddealersmeds.com\/fi\/wp-content\/uploads\/sites\/6\/2022\/04\/anesket-1000mg-10ml-for-sale.png","datePublished":"2022-04-21T03:36:59+00:00","dateModified":"2023-01-22T19:51:19+00:00","description":"Osta Anesket verkosta hyvien j\u00e4lleenmyyjien tarjoamia l\u00e4\u00e4kkeit\u00e4, joita k\u00e4ytettiin nukahtamaan suurten kirurgisten toimenpiteiden aikana sek\u00e4 ehk\u00e4isem\u00e4\u00e4n kipua ja ep\u00e4mukavuutta.","breadcrumb":{"@id":"https:\/\/gooddealersmeds.com\/fi\/product\/osta-anesket-verkosta\/#breadcrumb"},"inLanguage":"en-US","potentialAction":[{"@type":"ReadAction","target":["https:\/\/gooddealersmeds.com\/fi\/product\/osta-anesket-verkosta\/"]}]},{"@type":"ImageObject","inLanguage":"en-US","@id":"https:\/\/gooddealersmeds.com\/fi\/product\/osta-anesket-verkosta\/#primaryimage","url":"https:\/\/gooddealersmeds.com\/fi\/wp-content\/uploads\/sites\/6\/2022\/04\/anesket-1000mg-10ml-for-sale.png","contentUrl":"https:\/\/gooddealersmeds.com\/fi\/wp-content\/uploads\/sites\/6\/2022\/04\/anesket-1000mg-10ml-for-sale.png","width":500,"height":500,"caption":"Buy Anesket online"},{"@type":"BreadcrumbList","@id":"https:\/\/gooddealersmeds.com\/fi\/product\/osta-anesket-verkosta\/#breadcrumb","itemListElement":[{"@type":"ListItem","position":1,"name":"Home","item":"https:\/\/gooddealersmeds.com\/fi\/"},{"@type":"ListItem","position":2,"name":"Tuotteet","item":"https:\/\/gooddealersmeds.com\/fi\/tuotteet\/"},{"@type":"ListItem","position":3,"name":"Osta Anesket verkosta"}]},{"@type":"WebSite","@id":"https:\/\/gooddealersmeds.com\/fi\/#website","url":"https:\/\/gooddealersmeds.com\/fi\/","name":"Good Dealers Meds","description":"All our best","publisher":{"@id":"https:\/\/gooddealersmeds.com\/fi\/#organization"},"potentialAction":[{"@type":"SearchAction","target":{"@type":"EntryPoint","urlTemplate":"https:\/\/gooddealersmeds.com\/fi\/?s={search_term_string}"},"query-input":{"@type":"PropertyValueSpecification","valueRequired":true,"valueName":"search_term_string"}}],"inLanguage":"en-US"},{"@type":"Organization","@id":"https:\/\/gooddealersmeds.com\/fi\/#organization","name":"Good Dealers Meds","url":"https:\/\/gooddealersmeds.com\/fi\/","logo":{"@type":"ImageObject","inLanguage":"en-US","@id":"https:\/\/gooddealersmeds.com\/fi\/#\/schema\/logo\/image\/","url":"https:\/\/gooddealersmeds.com\/fi\/wp-content\/uploads\/sites\/6\/2022\/03\/gooddealersmeds__logo__20220317T222800Z.00.png","contentUrl":"https:\/\/gooddealersmeds.com\/fi\/wp-content\/uploads\/sites\/6\/2022\/03\/gooddealersmeds__logo__20220317T222800Z.00.png","width":500,"height":325,"caption":"Good Dealers Meds"},"image":{"@id":"https:\/\/gooddealersmeds.com\/fi\/#\/schema\/logo\/image\/"}}]}},"_links":{"self":[{"href":"https:\/\/gooddealersmeds.com\/fi\/wp-json\/wp\/v2\/product\/1791","targetHints":{"allow":["GET"]}}],"collection":[{"href":"https:\/\/gooddealersmeds.com\/fi\/wp-json\/wp\/v2\/product"}],"about":[{"href":"https:\/\/gooddealersmeds.com\/fi\/wp-json\/wp\/v2\/types\/product"}],"replies":[{"embeddable":true,"href":"https:\/\/gooddealersmeds.com\/fi\/wp-json\/wp\/v2\/comments?post=1791"}],"wp:featuredmedia":[{"embeddable":true,"href":"https:\/\/gooddealersmeds.com\/fi\/wp-json\/wp\/v2\/media\/1798"}],"wp:attachment":[{"href":"https:\/\/gooddealersmeds.com\/fi\/wp-json\/wp\/v2\/media?parent=1791"}],"wp:term":[{"taxonomy":"product_brand","embeddable":true,"href":"https:\/\/gooddealersmeds.com\/fi\/wp-json\/wp\/v2\/product_brand?post=1791"},{"taxonomy":"product_cat","embeddable":true,"href":"https:\/\/gooddealersmeds.com\/fi\/wp-json\/wp\/v2\/product_cat?post=1791"},{"taxonomy":"product_tag","embeddable":true,"href":"https:\/\/gooddealersmeds.com\/fi\/wp-json\/wp\/v2\/product_tag?post=1791"}],"curies":[{"name":"wp","href":"https:\/\/api.w.org\/{rel}","templated":true}]}}