{"id":1749,"date":"2022-03-19T02:56:20","date_gmt":"2022-03-19T02:56:20","guid":{"rendered":"https:\/\/gooddealersmeds.com\/fi\/?post_type=product&#038;p=1749"},"modified":"2023-01-22T20:26:49","modified_gmt":"2023-01-22T20:26:49","slug":"osta-fentanyyli-nenasumute","status":"publish","type":"product","link":"https:\/\/gooddealersmeds.com\/fi\/product\/osta-fentanyyli-nenasumute\/","title":{"rendered":"Osta Fentanyl Nen\u00e4sumute"},"content":{"rendered":"<h2>Fentanyl-nen\u00e4sumutetta myyd\u00e4\u00e4n verkossa edulliseen hintaan<\/h2>\n<p>Osta Fentanyl Nen\u00e4sumute, jota k\u00e4ytet\u00e4\u00e4n l\u00e4pily\u00f6ntikivun (kipu, jota esiintyy ymp\u00e4rivuorokautisesta kipul\u00e4\u00e4kehoidosta huolimatta) hoitoon 18-vuotiaille tai sit\u00e4 vanhemmille sy\u00f6p\u00e4potilaille, jotka k\u00e4ytt\u00e4v\u00e4t s\u00e4\u00e4nn\u00f6llisi\u00e4 annoksia toista huumausainetta (opiaatteja) kipul\u00e4\u00e4kett\u00e4. ja ovat suvaitsevaisia \u200b\u200b(tottuneita l\u00e4\u00e4kkeiden vaikutuksiin). <a href=\"https:\/\/gooddealersmeds.com\/fi\/product\/osta-fentanyyli-nenasumute\/\">Fentanyyli<\/a> kuuluu huumeiden luokkaan, joka tunnetaan huumausaineina (opiaatit) analgeetteina. Se vaikuttaa muuttamalla aivojen ja hermoston reagointia kipuun.<\/p>\n<p>T\u00e4m\u00e4 l\u00e4\u00e4ke on tarkoitettu k\u00e4ytett\u00e4v\u00e4ksi nen\u00e4ss\u00e4. Tarkista, ett\u00e4 k\u00e4yt\u00e4t nen\u00e4sumutetta oikein. Jos sinulla on kysytt\u00e4v\u00e4\u00e4, k\u00e4\u00e4nny l\u00e4\u00e4k\u00e4rin tai terveydenhuollon ammattilaisen puoleen. \u00c4l\u00e4 ota sit\u00e4 useammin kuin on m\u00e4\u00e4r\u00e4tty.<\/p>\n<p>L\u00e4\u00e4k\u00e4risi aloittaa sinulle pienen fentanyyli-nen\u00e4sumuteannoksen ja lis\u00e4\u00e4 annostasi v\u00e4hitellen, kunnes l\u00f6yd\u00e4t annoksen, joka lievitt\u00e4\u00e4 l\u00e4pily\u00f6ntikipuasi. Jos sinulla on edelleen kipua 30 minuuttia fentanyyli-nen\u00e4sumutteen k\u00e4yt\u00f6n j\u00e4lkeen, l\u00e4\u00e4k\u00e4ri saattaa k\u00e4ske\u00e4 sinua k\u00e4ytt\u00e4m\u00e4\u00e4n toista kipul\u00e4\u00e4kett\u00e4 kivun lievitt\u00e4miseen ja saattaa suurentaa fentanyyli-nen\u00e4sumutteen annostasi seuraavan kipujaksosi hoitoon. \u00c4l\u00e4 lis\u00e4\u00e4 fentanyyli-nen\u00e4sumutteen annostasi, ellei l\u00e4\u00e4k\u00e4ri kehota sinua tekem\u00e4\u00e4n niin, Osta Fentanyl Nen\u00e4sumute<\/p>\n<h3><strong>Haittavaikutukset, joista sinun tulee ilmoittaa l\u00e4\u00e4k\u00e4rillesi tai terveydenhuollon ammattilaiselle mahdollisimman pian: Osta Fentanyl Nen\u00e4sumute<\/strong><\/h3>\n<ul>\n<li>Allergiset reaktiot, kuten ihottuma, kutina tai nokkosihottuma, kasvojen, huulten tai kielen turvotus<\/li>\n<li>Hengitysongelmat<\/li>\n<li>Sekava<\/li>\n<li>Matalan verenpaineen merkit ja oireet, kuten huimaus; py\u00f6rrytyksen tai huimauksen tunne, kaatumiset; ep\u00e4tavallisen heikko tai v\u00e4synyt<\/li>\n<li>Virtsaamisvaikeudet tai virtsan m\u00e4\u00e4r\u00e4n muutos<\/li>\n<\/ul>\n<p>S\u00e4ilyt\u00e4 fentanyyli-nen\u00e4sumutetta lapsiturvallisessa astiassa, tiiviisti suljettuna ja poissa ulottuvilta lapsista. S\u00e4ilyt\u00e4 lapsiturvallista s\u00e4ili\u00f6t\u00e4 ja pussia sen mukana tulleessa pahvilaatikossa, kun sit\u00e4 ei k\u00e4ytet\u00e4.<\/p>\n<p>Asiakkaat ymp\u00e4ri Eurooppaa voivat helposti ostaa fentanyylinen\u00e4sumutetta verkkokaupastamme.<\/p>\n","protected":false},"excerpt":{"rendered":"<p>FENTANYLI (FEN ta nil) on kipul\u00e4\u00e4ke. Sit\u00e4 k\u00e4ytet\u00e4\u00e4n l\u00e4pimurtosy\u00f6p\u00e4kivun hoitoon, jota pitk\u00e4vaikutteinen kipul\u00e4\u00e4kkeesi ei hallitse. \u00c4l\u00e4 k\u00e4yt\u00e4 t\u00e4t\u00e4 l\u00e4\u00e4kett\u00e4 kipuun, joka h\u00e4vi\u00e4\u00e4 muutamassa p\u00e4iv\u00e4ss\u00e4, kuten leikkauksen, l\u00e4\u00e4k\u00e4rin tai hammasl\u00e4\u00e4k\u00e4rin k\u00e4ynnin aiheuttama kipu. L\u00e4\u00e4kett\u00e4 k\u00e4ytt\u00e4v\u00e4t vain henkil\u00f6t, jotka ovat k\u00e4ytt\u00e4neet opioidi- tai huumausainekipul\u00e4\u00e4kett\u00e4 v\u00e4hint\u00e4\u00e4n viikon ajan.<\/p>\n<p>&nbsp;<\/p>\n<p>T\u00e4t\u00e4 l\u00e4\u00e4kett\u00e4 voidaan k\u00e4ytt\u00e4\u00e4 muihin tarkoituksiin; kysy terveydenhuollon tarjoajalta tai apteekista, jos sinulla on kysytt\u00e4v\u00e4\u00e4.<\/p>\n","protected":false},"featured_media":1755,"comment_status":"open","ping_status":"closed","template":"","meta":{"inline_featured_image":false},"product_brand":[],"product_cat":[347],"product_tag":[],"class_list":{"0":"post-1749","1":"product","2":"type-product","3":"status-publish","4":"has-post-thumbnail","6":"product_cat-opioidi-kipulke","8":"first","9":"instock","10":"shipping-taxable","11":"purchasable","12":"product-type-variable","13":"has-default-attributes"},"yoast_head":"<!-- This site is optimized with the Yoast SEO Premium plugin v20.6 (Yoast SEO v27.3) - https:\/\/yoast.com\/product\/yoast-seo-premium-wordpress\/ -->\n<title>Osta Fentanyl Nen\u00e4sumute | Kuinka tilata fentanyyli\u00e4 | Good Dealers Meds<\/title>\n<meta name=\"description\" content=\"Osta Fentanyl Nen\u00e4sumute, toimitamme korkealaatuista Fentanyl-nen\u00e4sumutetta hyv\u00e4\u00e4n ja edulliseen hintaan, ota yhteytt\u00e4 saadaksesi lis\u00e4tietoja.\" \/>\n<meta name=\"robots\" content=\"index, follow, max-snippet:-1, max-image-preview:large, max-video-preview:-1\" \/>\n<link rel=\"canonical\" href=\"https:\/\/gooddealersmeds.com\/fi\/product\/osta-fentanyyli-nenasumute\/\" \/>\n<meta property=\"og:locale\" content=\"en_US\" \/>\n<meta property=\"og:type\" content=\"article\" \/>\n<meta property=\"og:title\" content=\"Osta Fentanyl Nen\u00e4sumute\" \/>\n<meta property=\"og:description\" content=\"Osta Fentanyl Nen\u00e4sumute, toimitamme korkealaatuista Fentanyl-nen\u00e4sumutetta hyv\u00e4\u00e4n ja edulliseen hintaan, ota yhteytt\u00e4 saadaksesi lis\u00e4tietoja.\" \/>\n<meta property=\"og:url\" content=\"https:\/\/gooddealersmeds.com\/fi\/product\/osta-fentanyyli-nenasumute\/\" \/>\n<meta property=\"og:site_name\" content=\"Good Dealers Meds\" \/>\n<meta property=\"article:modified_time\" content=\"2023-01-22T20:26:49+00:00\" \/>\n<meta property=\"og:image\" content=\"https:\/\/gooddealersmeds.com\/fi\/wp-content\/uploads\/sites\/6\/2022\/03\/Fentanyl-Nasal-Spray-20201024234300-600x600-1.jpg\" \/>\n\t<meta property=\"og:image:width\" content=\"600\" \/>\n\t<meta property=\"og:image:height\" content=\"600\" \/>\n\t<meta property=\"og:image:type\" content=\"image\/jpeg\" \/>\n<meta name=\"twitter:card\" content=\"summary_large_image\" \/>\n<meta name=\"twitter:label1\" content=\"Est. reading time\" \/>\n\t<meta name=\"twitter:data1\" content=\"1 minute\" \/>\n<script type=\"application\/ld+json\" class=\"yoast-schema-graph\">{\"@context\":\"https:\\\/\\\/schema.org\",\"@graph\":[{\"@type\":\"WebPage\",\"@id\":\"https:\\\/\\\/gooddealersmeds.com\\\/fi\\\/product\\\/osta-fentanyyli-nenasumute\\\/\",\"url\":\"https:\\\/\\\/gooddealersmeds.com\\\/fi\\\/product\\\/osta-fentanyyli-nenasumute\\\/\",\"name\":\"Osta Fentanyl Nen\u00e4sumute | Kuinka tilata fentanyyli\u00e4 | Good Dealers Meds\",\"isPartOf\":{\"@id\":\"https:\\\/\\\/gooddealersmeds.com\\\/fi\\\/#website\"},\"primaryImageOfPage\":{\"@id\":\"https:\\\/\\\/gooddealersmeds.com\\\/fi\\\/product\\\/osta-fentanyyli-nenasumute\\\/#primaryimage\"},\"image\":{\"@id\":\"https:\\\/\\\/gooddealersmeds.com\\\/fi\\\/product\\\/osta-fentanyyli-nenasumute\\\/#primaryimage\"},\"thumbnailUrl\":\"https:\\\/\\\/gooddealersmeds.com\\\/fi\\\/wp-content\\\/uploads\\\/sites\\\/6\\\/2022\\\/03\\\/Fentanyl-Nasal-Spray-20201024234300-600x600-1.jpg\",\"datePublished\":\"2022-03-19T02:56:20+00:00\",\"dateModified\":\"2023-01-22T20:26:49+00:00\",\"description\":\"Osta Fentanyl Nen\u00e4sumute, toimitamme korkealaatuista Fentanyl-nen\u00e4sumutetta hyv\u00e4\u00e4n ja edulliseen hintaan, ota yhteytt\u00e4 saadaksesi lis\u00e4tietoja.\",\"breadcrumb\":{\"@id\":\"https:\\\/\\\/gooddealersmeds.com\\\/fi\\\/product\\\/osta-fentanyyli-nenasumute\\\/#breadcrumb\"},\"inLanguage\":\"en-US\",\"potentialAction\":[{\"@type\":\"ReadAction\",\"target\":[\"https:\\\/\\\/gooddealersmeds.com\\\/fi\\\/product\\\/osta-fentanyyli-nenasumute\\\/\"]}]},{\"@type\":\"ImageObject\",\"inLanguage\":\"en-US\",\"@id\":\"https:\\\/\\\/gooddealersmeds.com\\\/fi\\\/product\\\/osta-fentanyyli-nenasumute\\\/#primaryimage\",\"url\":\"https:\\\/\\\/gooddealersmeds.com\\\/fi\\\/wp-content\\\/uploads\\\/sites\\\/6\\\/2022\\\/03\\\/Fentanyl-Nasal-Spray-20201024234300-600x600-1.jpg\",\"contentUrl\":\"https:\\\/\\\/gooddealersmeds.com\\\/fi\\\/wp-content\\\/uploads\\\/sites\\\/6\\\/2022\\\/03\\\/Fentanyl-Nasal-Spray-20201024234300-600x600-1.jpg\",\"width\":600,\"height\":600},{\"@type\":\"BreadcrumbList\",\"@id\":\"https:\\\/\\\/gooddealersmeds.com\\\/fi\\\/product\\\/osta-fentanyyli-nenasumute\\\/#breadcrumb\",\"itemListElement\":[{\"@type\":\"ListItem\",\"position\":1,\"name\":\"Home\",\"item\":\"https:\\\/\\\/gooddealersmeds.com\\\/fi\\\/\"},{\"@type\":\"ListItem\",\"position\":2,\"name\":\"Tuotteet\",\"item\":\"https:\\\/\\\/gooddealersmeds.com\\\/fi\\\/tuotteet\\\/\"},{\"@type\":\"ListItem\",\"position\":3,\"name\":\"Osta Fentanyl Nen\u00e4sumute\"}]},{\"@type\":\"WebSite\",\"@id\":\"https:\\\/\\\/gooddealersmeds.com\\\/fi\\\/#website\",\"url\":\"https:\\\/\\\/gooddealersmeds.com\\\/fi\\\/\",\"name\":\"Good Dealers Meds\",\"description\":\"All our best\",\"publisher\":{\"@id\":\"https:\\\/\\\/gooddealersmeds.com\\\/fi\\\/#organization\"},\"potentialAction\":[{\"@type\":\"SearchAction\",\"target\":{\"@type\":\"EntryPoint\",\"urlTemplate\":\"https:\\\/\\\/gooddealersmeds.com\\\/fi\\\/?s={search_term_string}\"},\"query-input\":{\"@type\":\"PropertyValueSpecification\",\"valueRequired\":true,\"valueName\":\"search_term_string\"}}],\"inLanguage\":\"en-US\"},{\"@type\":\"Organization\",\"@id\":\"https:\\\/\\\/gooddealersmeds.com\\\/fi\\\/#organization\",\"name\":\"Good Dealers Meds\",\"url\":\"https:\\\/\\\/gooddealersmeds.com\\\/fi\\\/\",\"logo\":{\"@type\":\"ImageObject\",\"inLanguage\":\"en-US\",\"@id\":\"https:\\\/\\\/gooddealersmeds.com\\\/fi\\\/#\\\/schema\\\/logo\\\/image\\\/\",\"url\":\"https:\\\/\\\/gooddealersmeds.com\\\/fi\\\/wp-content\\\/uploads\\\/sites\\\/6\\\/2022\\\/03\\\/gooddealersmeds__logo__20220317T222800Z.00.png\",\"contentUrl\":\"https:\\\/\\\/gooddealersmeds.com\\\/fi\\\/wp-content\\\/uploads\\\/sites\\\/6\\\/2022\\\/03\\\/gooddealersmeds__logo__20220317T222800Z.00.png\",\"width\":500,\"height\":325,\"caption\":\"Good Dealers Meds\"},\"image\":{\"@id\":\"https:\\\/\\\/gooddealersmeds.com\\\/fi\\\/#\\\/schema\\\/logo\\\/image\\\/\"}}]}<\/script>\n<!-- \/ Yoast SEO Premium plugin. -->","yoast_head_json":{"title":"Osta Fentanyl Nen\u00e4sumute | Kuinka tilata fentanyyli\u00e4 | Good Dealers Meds","description":"Osta Fentanyl Nen\u00e4sumute, toimitamme korkealaatuista Fentanyl-nen\u00e4sumutetta hyv\u00e4\u00e4n ja edulliseen hintaan, ota yhteytt\u00e4 saadaksesi lis\u00e4tietoja.","robots":{"index":"index","follow":"follow","max-snippet":"max-snippet:-1","max-image-preview":"max-image-preview:large","max-video-preview":"max-video-preview:-1"},"canonical":"https:\/\/gooddealersmeds.com\/fi\/product\/osta-fentanyyli-nenasumute\/","og_locale":"en_US","og_type":"article","og_title":"Osta Fentanyl Nen\u00e4sumute","og_description":"Osta Fentanyl Nen\u00e4sumute, toimitamme korkealaatuista Fentanyl-nen\u00e4sumutetta hyv\u00e4\u00e4n ja edulliseen hintaan, ota yhteytt\u00e4 saadaksesi lis\u00e4tietoja.","og_url":"https:\/\/gooddealersmeds.com\/fi\/product\/osta-fentanyyli-nenasumute\/","og_site_name":"Good Dealers Meds","article_modified_time":"2023-01-22T20:26:49+00:00","og_image":[{"width":600,"height":600,"url":"https:\/\/gooddealersmeds.com\/fi\/wp-content\/uploads\/sites\/6\/2022\/03\/Fentanyl-Nasal-Spray-20201024234300-600x600-1.jpg","type":"image\/jpeg"}],"twitter_card":"summary_large_image","twitter_misc":{"Est. reading time":"1 minute"},"schema":{"@context":"https:\/\/schema.org","@graph":[{"@type":"WebPage","@id":"https:\/\/gooddealersmeds.com\/fi\/product\/osta-fentanyyli-nenasumute\/","url":"https:\/\/gooddealersmeds.com\/fi\/product\/osta-fentanyyli-nenasumute\/","name":"Osta Fentanyl Nen\u00e4sumute | Kuinka tilata fentanyyli\u00e4 | Good Dealers Meds","isPartOf":{"@id":"https:\/\/gooddealersmeds.com\/fi\/#website"},"primaryImageOfPage":{"@id":"https:\/\/gooddealersmeds.com\/fi\/product\/osta-fentanyyli-nenasumute\/#primaryimage"},"image":{"@id":"https:\/\/gooddealersmeds.com\/fi\/product\/osta-fentanyyli-nenasumute\/#primaryimage"},"thumbnailUrl":"https:\/\/gooddealersmeds.com\/fi\/wp-content\/uploads\/sites\/6\/2022\/03\/Fentanyl-Nasal-Spray-20201024234300-600x600-1.jpg","datePublished":"2022-03-19T02:56:20+00:00","dateModified":"2023-01-22T20:26:49+00:00","description":"Osta Fentanyl Nen\u00e4sumute, toimitamme korkealaatuista Fentanyl-nen\u00e4sumutetta hyv\u00e4\u00e4n ja edulliseen hintaan, ota yhteytt\u00e4 saadaksesi lis\u00e4tietoja.","breadcrumb":{"@id":"https:\/\/gooddealersmeds.com\/fi\/product\/osta-fentanyyli-nenasumute\/#breadcrumb"},"inLanguage":"en-US","potentialAction":[{"@type":"ReadAction","target":["https:\/\/gooddealersmeds.com\/fi\/product\/osta-fentanyyli-nenasumute\/"]}]},{"@type":"ImageObject","inLanguage":"en-US","@id":"https:\/\/gooddealersmeds.com\/fi\/product\/osta-fentanyyli-nenasumute\/#primaryimage","url":"https:\/\/gooddealersmeds.com\/fi\/wp-content\/uploads\/sites\/6\/2022\/03\/Fentanyl-Nasal-Spray-20201024234300-600x600-1.jpg","contentUrl":"https:\/\/gooddealersmeds.com\/fi\/wp-content\/uploads\/sites\/6\/2022\/03\/Fentanyl-Nasal-Spray-20201024234300-600x600-1.jpg","width":600,"height":600},{"@type":"BreadcrumbList","@id":"https:\/\/gooddealersmeds.com\/fi\/product\/osta-fentanyyli-nenasumute\/#breadcrumb","itemListElement":[{"@type":"ListItem","position":1,"name":"Home","item":"https:\/\/gooddealersmeds.com\/fi\/"},{"@type":"ListItem","position":2,"name":"Tuotteet","item":"https:\/\/gooddealersmeds.com\/fi\/tuotteet\/"},{"@type":"ListItem","position":3,"name":"Osta Fentanyl Nen\u00e4sumute"}]},{"@type":"WebSite","@id":"https:\/\/gooddealersmeds.com\/fi\/#website","url":"https:\/\/gooddealersmeds.com\/fi\/","name":"Good Dealers Meds","description":"All our best","publisher":{"@id":"https:\/\/gooddealersmeds.com\/fi\/#organization"},"potentialAction":[{"@type":"SearchAction","target":{"@type":"EntryPoint","urlTemplate":"https:\/\/gooddealersmeds.com\/fi\/?s={search_term_string}"},"query-input":{"@type":"PropertyValueSpecification","valueRequired":true,"valueName":"search_term_string"}}],"inLanguage":"en-US"},{"@type":"Organization","@id":"https:\/\/gooddealersmeds.com\/fi\/#organization","name":"Good Dealers Meds","url":"https:\/\/gooddealersmeds.com\/fi\/","logo":{"@type":"ImageObject","inLanguage":"en-US","@id":"https:\/\/gooddealersmeds.com\/fi\/#\/schema\/logo\/image\/","url":"https:\/\/gooddealersmeds.com\/fi\/wp-content\/uploads\/sites\/6\/2022\/03\/gooddealersmeds__logo__20220317T222800Z.00.png","contentUrl":"https:\/\/gooddealersmeds.com\/fi\/wp-content\/uploads\/sites\/6\/2022\/03\/gooddealersmeds__logo__20220317T222800Z.00.png","width":500,"height":325,"caption":"Good Dealers Meds"},"image":{"@id":"https:\/\/gooddealersmeds.com\/fi\/#\/schema\/logo\/image\/"}}]}},"_links":{"self":[{"href":"https:\/\/gooddealersmeds.com\/fi\/wp-json\/wp\/v2\/product\/1749","targetHints":{"allow":["GET"]}}],"collection":[{"href":"https:\/\/gooddealersmeds.com\/fi\/wp-json\/wp\/v2\/product"}],"about":[{"href":"https:\/\/gooddealersmeds.com\/fi\/wp-json\/wp\/v2\/types\/product"}],"replies":[{"embeddable":true,"href":"https:\/\/gooddealersmeds.com\/fi\/wp-json\/wp\/v2\/comments?post=1749"}],"wp:featuredmedia":[{"embeddable":true,"href":"https:\/\/gooddealersmeds.com\/fi\/wp-json\/wp\/v2\/media\/1755"}],"wp:attachment":[{"href":"https:\/\/gooddealersmeds.com\/fi\/wp-json\/wp\/v2\/media?parent=1749"}],"wp:term":[{"taxonomy":"product_brand","embeddable":true,"href":"https:\/\/gooddealersmeds.com\/fi\/wp-json\/wp\/v2\/product_brand?post=1749"},{"taxonomy":"product_cat","embeddable":true,"href":"https:\/\/gooddealersmeds.com\/fi\/wp-json\/wp\/v2\/product_cat?post=1749"},{"taxonomy":"product_tag","embeddable":true,"href":"https:\/\/gooddealersmeds.com\/fi\/wp-json\/wp\/v2\/product_tag?post=1749"}],"curies":[{"name":"wp","href":"https:\/\/api.w.org\/{rel}","templated":true}]}}