{"id":1744,"date":"2022-03-19T02:44:47","date_gmt":"2022-03-19T02:44:47","guid":{"rendered":"https:\/\/gooddealersmeds.com\/fi\/?post_type=product&#038;p=1744"},"modified":"2023-01-22T20:52:49","modified_gmt":"2023-01-22T20:52:49","slug":"osta-lsd-tabletteja-verkossa","status":"publish","type":"product","link":"https:\/\/gooddealersmeds.com\/fi\/product\/osta-lsd-tabletteja-verkossa\/","title":{"rendered":"Osta LSD-tabletteja verkosta"},"content":{"rendered":"<h2>Osta 50mcg LSD-tabletteja verkosta.<\/h2>\n<p>Osta LSD-tabletteja verkosta, tilaa LSD-tabletteja LSD-tableteillamme <a href=\"https:\/\/gooddealersmeds.com\/fi\/products\/\"><span style=\"color: #333333\">kauppa<\/span>.<\/a>\u00a0Jos haluat ostaa laadukkaita LSD-tabletteja, \u00e4l\u00e4 etsi pidemm\u00e4lle, olet oikeassa paikassa. LSD-tabletimme ovat markkinoiden parhaita t\u00e4ll\u00e4 hetkell\u00e4.<\/p>\n<p>Lysergiinihappodietyyliamidi (LSD), joka tunnetaan my\u00f6s nimell\u00e4 happo, on psykedeelinen l\u00e4\u00e4ke, joka tunnetaan <span style=\"color: #333333\"><a style=\"color: #333333\" href=\"https:\/\/adf.org.au\/drug-facts\/psychedelics\/\">psykedeeliset efektit<\/a><\/span>. LSD on voimakkain ja pahamaineisin hallusinogeeneista ja se, joka toi t\u00e4m\u00e4n huumeluokan julkisuuteen 1960-luvulla. LSD syntetisoitiin alun perin torajyv\u00e4-alkaloideista, jotka oli uutettu torajyv\u00e4sienest\u00e4 Claviceps purpurea. T\u00e4m\u00e4 voi sis\u00e4lt\u00e4\u00e4 muuttunutta tietoisuutta ymp\u00e4rist\u00f6st\u00e4, havainnoista ja tunteista sek\u00e4 aistimuksia ja kuvia, jotka n\u00e4ytt\u00e4v\u00e4t todellisilta, vaikka ne eiv\u00e4t ole sit\u00e4. Sit\u00e4 k\u00e4ytet\u00e4\u00e4n p\u00e4\u00e4asiassa virkistyshuumeena ja henkisist\u00e4 syist\u00e4.<\/p>\n<p>LSD on mielt\u00e4 muuttava huume. Vuorovaikutuksessa aivojen serotoniinireseptorien kanssa LSD:n uskotaan aiheuttavan sille ominaisia \u200b\u200bhallusinogeenisia vaikutuksia. Serotoniini on v\u00e4litt\u00e4j\u00e4aine, joka auttaa s\u00e4\u00e4telem\u00e4\u00e4n mielialaasi ja k\u00e4ytt\u00e4ytymist\u00e4si, s\u00e4\u00e4telee aistejasi ja hillitsee ajatuksiasi.<\/p>\n<p>Yleinen nimi: Lysergihappodietyyliamidi<br \/>\nYleiset tai katunimet: LSD:t\u00e4 myyd\u00e4\u00e4n alle 80 katujen nimet, mukaan lukien happo, blotter, cid, annokset, pisteet ja matkat, sek\u00e4 nimet, jotka kuvastavat imupaperiarkkien kuvioita (esimerkiksi &#8220;violetti lohik\u00e4\u00e4rme&#8221;)<\/p>\n<p>T\u00e4t\u00e4 l\u00e4\u00e4kett\u00e4 k\u00e4ytet\u00e4\u00e4n eritt\u00e4in jatkuvan kivun (esim. sy\u00f6v\u00e4n) hoitoon. Fentanyyli kuuluu opioidikipul\u00e4\u00e4keluokkaan. Se muuttaa sit\u00e4, miten kehosi kokee ja reagoi kipuun vaikuttamalla aivoihin. Fentanyylilaastarin k\u00e4ytt\u00f6\u00e4 ei suositella liev\u00e4\u00e4n tai tilap\u00e4iseen kivunlievitykseen. T\u00e4t\u00e4 l\u00e4\u00e4kett\u00e4 ei ole tarkoitettu k\u00e4ytett\u00e4v\u00e4ksi vahingossa tai &#8220;tarvittaessa&#8221;. Mihin fentanyylilaastari kannattaa kiinnitt\u00e4\u00e4, paljonko fentanyylilaastari maksaa, mihin fentanyylilaastari pit\u00e4\u00e4 kiinnitt\u00e4\u00e4, kuinka vahva fentanyylilaastarin tulee olla, kuinka paljon fentanyylilaastari tulee kiinnitt\u00e4\u00e4, mit\u00e4 fentanyylilaastarit ovat, mit\u00e4 fentanyylilaastarit ovat k\u00e4ytet\u00e4\u00e4n, miten fentanyylilaastarit kiinnitet\u00e4\u00e4n, mit\u00e4 fentanyylilaastarit ovat, mihin fentanyyli pit\u00e4\u00e4<\/p>\n<p>&nbsp;<\/p>\n<p>&nbsp;<\/p>\n<pre><strong>Osta 50mcg LSD-tabletteja verkosta - osta LSD-tabletteja, osta 50mcg LSD-tabletteja, osta 50mcg LSD-tabletteja verkosta, mist\u00e4 ostaa 50 mcg LSD-tabletteja, myyt\u00e4v\u00e4n\u00e4 50 mcg LSD-tabletteja, LSD tabletteja myyt\u00e4v\u00e4n\u00e4, ostaa tabletteja verkosta, mist\u00e4 ostaa 50mcg LSD-tabletteja verkosta, 50mcg LSD-tabletteja myyt\u00e4v\u00e4n\u00e4 Yhdysvalloissa, USA:ssa, Kanadassa, Yhdistyneess\u00e4 kuningaskunnassa, osta, verkossa, toimittajat, turvallinen toimitus, voit silti saada 50mcg LSD-tabletteja, Onko 50mcg LSD-tabletteja tabletit laillisia Yhdysvalloissa, osta 50mcg LSD-tabletit verkosta usa, kuinka tilata 50mcg LSD-tabletit , Onko 50mcg LSD-tabletit laillisia Kanadassa<\/strong><\/pre>\n","protected":false},"excerpt":{"rendered":"<p>Osta 50 mikrogramman LSD-tabletteja verkosta Good Dealers Medsilt\u00e4. LSD-tabletteja myyt\u00e4v\u00e4n\u00e4 Yhdysvalloissa ja Kanadassa eritt\u00e4in edulliseen hintaan ja saat toimituksen kotiovellesi m\u00e4\u00e4r\u00e4ajassa.<\/p>\n","protected":false},"featured_media":1748,"comment_status":"open","ping_status":"closed","template":"","meta":{"inline_featured_image":false},"product_brand":[],"product_cat":[345],"product_tag":[306,105,311,308,310,304,302,305,303,301,299,309,107,300,101,109,110,106,104,108,307],"class_list":{"0":"post-1744","1":"product","2":"type-product","3":"status-publish","4":"has-post-thumbnail","6":"product_cat-psykedeeliset-huumeet","7":"product_tag-50mcg-lsd-tabletit-myynniss-usa","8":"product_tag-canada","9":"product_tag-is-50mcg-lsd-tablets-legal-in-canada","10":"product_tag-is-50mcg-lsd-tablets-legal-in-usa","11":"product_tag-miten-tilaus-50mcg-lsd-tabletteja","12":"product_tag-lsd-tablets-for-sale","13":"product_tag-mist-ostaa-50mcg-lsd-tabletteja","14":"product_tag-mist-ostaa-50mcg-lsd-tabletteja-verkossa","15":"product_tag-50mcg-lsd-tabletit-myynniss","16":"product_tag-osta-50mcg-lsd-verkosta","17":"product_tag-osta-50mcg-lsd-tabletit-verkosta-osta-lsd-tabletit","18":"product_tag-osta-50mcg-lsd-tabletit-online-usa","19":"product_tag-ostaa","20":"product_tag-osta-50mcg-lsd-tabletit","21":"product_tag-osta-tabletteja-verkosta","22":"product_tag-toimittajia","23":"product_tag-turvallinen-toimitus","24":"product_tag-uk","25":"product_tag-usa","26":"product_tag-verkossa","27":"product_tag-voit-viel-saada-50mcg-lsd-tabletteja","29":"first","30":"instock","31":"shipping-taxable","32":"purchasable","33":"product-type-variable","34":"has-default-attributes"},"yoast_head":"<!-- This site is optimized with the Yoast SEO Premium plugin v20.6 (Yoast SEO v27.4) - https:\/\/yoast.com\/product\/yoast-seo-premium-wordpress\/ -->\n<title>Osta LSD-tabletteja verkosta | LSD myyt\u00e4v\u00e4n\u00e4 | Good Dealers Meds<\/title>\n<meta name=\"description\" content=\"Osta LSD-tabletteja verkosta Good Dealers Meds-kaupasta. LSD-tabletit myynniss\u00e4 Yhdysvalloissa ja Kanadassa halvalla hinnalla, toimitetaan ovelle!\" \/>\n<meta name=\"robots\" content=\"index, follow, max-snippet:-1, max-image-preview:large, max-video-preview:-1\" \/>\n<link rel=\"canonical\" href=\"https:\/\/gooddealersmeds.com\/fi\/product\/osta-lsd-tabletteja-verkossa\/\" \/>\n<meta property=\"og:locale\" content=\"en_US\" \/>\n<meta property=\"og:type\" content=\"article\" \/>\n<meta property=\"og:title\" content=\"Osta LSD-tabletteja verkosta\" \/>\n<meta property=\"og:description\" content=\"Osta LSD-tabletteja verkosta Good Dealers Meds-kaupasta. LSD-tabletit myynniss\u00e4 Yhdysvalloissa ja Kanadassa halvalla hinnalla, toimitetaan ovelle!\" \/>\n<meta property=\"og:url\" content=\"https:\/\/gooddealersmeds.com\/fi\/product\/osta-lsd-tabletteja-verkossa\/\" \/>\n<meta property=\"og:site_name\" content=\"Good Dealers Meds\" \/>\n<meta property=\"article:modified_time\" content=\"2023-01-22T20:52:49+00:00\" \/>\n<meta property=\"og:image\" content=\"https:\/\/gooddealersmeds.com\/fi\/wp-content\/uploads\/sites\/6\/2022\/03\/buy-50mcg-lsd-tablets-online.jpg\" \/>\n\t<meta property=\"og:image:width\" content=\"600\" \/>\n\t<meta property=\"og:image:height\" content=\"600\" \/>\n\t<meta property=\"og:image:type\" content=\"image\/jpeg\" \/>\n<meta name=\"twitter:card\" content=\"summary_large_image\" \/>\n<meta name=\"twitter:label1\" content=\"Est. reading time\" \/>\n\t<meta name=\"twitter:data1\" content=\"2 minutes\" \/>\n<script type=\"application\/ld+json\" class=\"yoast-schema-graph\">{\"@context\":\"https:\\\/\\\/schema.org\",\"@graph\":[{\"@type\":\"WebPage\",\"@id\":\"https:\\\/\\\/gooddealersmeds.com\\\/fi\\\/product\\\/osta-lsd-tabletteja-verkossa\\\/\",\"url\":\"https:\\\/\\\/gooddealersmeds.com\\\/fi\\\/product\\\/osta-lsd-tabletteja-verkossa\\\/\",\"name\":\"Osta LSD-tabletteja verkosta | LSD myyt\u00e4v\u00e4n\u00e4 | Good Dealers Meds\",\"isPartOf\":{\"@id\":\"https:\\\/\\\/gooddealersmeds.com\\\/fi\\\/#website\"},\"primaryImageOfPage\":{\"@id\":\"https:\\\/\\\/gooddealersmeds.com\\\/fi\\\/product\\\/osta-lsd-tabletteja-verkossa\\\/#primaryimage\"},\"image\":{\"@id\":\"https:\\\/\\\/gooddealersmeds.com\\\/fi\\\/product\\\/osta-lsd-tabletteja-verkossa\\\/#primaryimage\"},\"thumbnailUrl\":\"https:\\\/\\\/gooddealersmeds.com\\\/fi\\\/wp-content\\\/uploads\\\/sites\\\/6\\\/2022\\\/03\\\/buy-50mcg-lsd-tablets-online.jpg\",\"datePublished\":\"2022-03-19T02:44:47+00:00\",\"dateModified\":\"2023-01-22T20:52:49+00:00\",\"description\":\"Osta LSD-tabletteja verkosta Good Dealers Meds-kaupasta. LSD-tabletit myynniss\u00e4 Yhdysvalloissa ja Kanadassa halvalla hinnalla, toimitetaan ovelle!\",\"breadcrumb\":{\"@id\":\"https:\\\/\\\/gooddealersmeds.com\\\/fi\\\/product\\\/osta-lsd-tabletteja-verkossa\\\/#breadcrumb\"},\"inLanguage\":\"en-US\",\"potentialAction\":[{\"@type\":\"ReadAction\",\"target\":[\"https:\\\/\\\/gooddealersmeds.com\\\/fi\\\/product\\\/osta-lsd-tabletteja-verkossa\\\/\"]}]},{\"@type\":\"ImageObject\",\"inLanguage\":\"en-US\",\"@id\":\"https:\\\/\\\/gooddealersmeds.com\\\/fi\\\/product\\\/osta-lsd-tabletteja-verkossa\\\/#primaryimage\",\"url\":\"https:\\\/\\\/gooddealersmeds.com\\\/fi\\\/wp-content\\\/uploads\\\/sites\\\/6\\\/2022\\\/03\\\/buy-50mcg-lsd-tablets-online.jpg\",\"contentUrl\":\"https:\\\/\\\/gooddealersmeds.com\\\/fi\\\/wp-content\\\/uploads\\\/sites\\\/6\\\/2022\\\/03\\\/buy-50mcg-lsd-tablets-online.jpg\",\"width\":600,\"height\":600,\"caption\":\"Buy LSD Tablets Online\"},{\"@type\":\"BreadcrumbList\",\"@id\":\"https:\\\/\\\/gooddealersmeds.com\\\/fi\\\/product\\\/osta-lsd-tabletteja-verkossa\\\/#breadcrumb\",\"itemListElement\":[{\"@type\":\"ListItem\",\"position\":1,\"name\":\"Home\",\"item\":\"https:\\\/\\\/gooddealersmeds.com\\\/fi\\\/\"},{\"@type\":\"ListItem\",\"position\":2,\"name\":\"Tuotteet\",\"item\":\"https:\\\/\\\/gooddealersmeds.com\\\/fi\\\/tuotteet\\\/\"},{\"@type\":\"ListItem\",\"position\":3,\"name\":\"Osta LSD-tabletteja verkosta\"}]},{\"@type\":\"WebSite\",\"@id\":\"https:\\\/\\\/gooddealersmeds.com\\\/fi\\\/#website\",\"url\":\"https:\\\/\\\/gooddealersmeds.com\\\/fi\\\/\",\"name\":\"Good Dealers Meds\",\"description\":\"All our best\",\"publisher\":{\"@id\":\"https:\\\/\\\/gooddealersmeds.com\\\/fi\\\/#organization\"},\"potentialAction\":[{\"@type\":\"SearchAction\",\"target\":{\"@type\":\"EntryPoint\",\"urlTemplate\":\"https:\\\/\\\/gooddealersmeds.com\\\/fi\\\/?s={search_term_string}\"},\"query-input\":{\"@type\":\"PropertyValueSpecification\",\"valueRequired\":true,\"valueName\":\"search_term_string\"}}],\"inLanguage\":\"en-US\"},{\"@type\":\"Organization\",\"@id\":\"https:\\\/\\\/gooddealersmeds.com\\\/fi\\\/#organization\",\"name\":\"Good Dealers Meds\",\"url\":\"https:\\\/\\\/gooddealersmeds.com\\\/fi\\\/\",\"logo\":{\"@type\":\"ImageObject\",\"inLanguage\":\"en-US\",\"@id\":\"https:\\\/\\\/gooddealersmeds.com\\\/fi\\\/#\\\/schema\\\/logo\\\/image\\\/\",\"url\":\"https:\\\/\\\/gooddealersmeds.com\\\/fi\\\/wp-content\\\/uploads\\\/sites\\\/6\\\/2022\\\/03\\\/gooddealersmeds__logo__20220317T222800Z.00.png\",\"contentUrl\":\"https:\\\/\\\/gooddealersmeds.com\\\/fi\\\/wp-content\\\/uploads\\\/sites\\\/6\\\/2022\\\/03\\\/gooddealersmeds__logo__20220317T222800Z.00.png\",\"width\":500,\"height\":325,\"caption\":\"Good Dealers Meds\"},\"image\":{\"@id\":\"https:\\\/\\\/gooddealersmeds.com\\\/fi\\\/#\\\/schema\\\/logo\\\/image\\\/\"}}]}<\/script>\n<!-- \/ Yoast SEO Premium plugin. -->","yoast_head_json":{"title":"Osta LSD-tabletteja verkosta | LSD myyt\u00e4v\u00e4n\u00e4 | Good Dealers Meds","description":"Osta LSD-tabletteja verkosta Good Dealers Meds-kaupasta. LSD-tabletit myynniss\u00e4 Yhdysvalloissa ja Kanadassa halvalla hinnalla, toimitetaan ovelle!","robots":{"index":"index","follow":"follow","max-snippet":"max-snippet:-1","max-image-preview":"max-image-preview:large","max-video-preview":"max-video-preview:-1"},"canonical":"https:\/\/gooddealersmeds.com\/fi\/product\/osta-lsd-tabletteja-verkossa\/","og_locale":"en_US","og_type":"article","og_title":"Osta LSD-tabletteja verkosta","og_description":"Osta LSD-tabletteja verkosta Good Dealers Meds-kaupasta. LSD-tabletit myynniss\u00e4 Yhdysvalloissa ja Kanadassa halvalla hinnalla, toimitetaan ovelle!","og_url":"https:\/\/gooddealersmeds.com\/fi\/product\/osta-lsd-tabletteja-verkossa\/","og_site_name":"Good Dealers Meds","article_modified_time":"2023-01-22T20:52:49+00:00","og_image":[{"width":600,"height":600,"url":"https:\/\/gooddealersmeds.com\/fi\/wp-content\/uploads\/sites\/6\/2022\/03\/buy-50mcg-lsd-tablets-online.jpg","type":"image\/jpeg"}],"twitter_card":"summary_large_image","twitter_misc":{"Est. reading time":"2 minutes"},"schema":{"@context":"https:\/\/schema.org","@graph":[{"@type":"WebPage","@id":"https:\/\/gooddealersmeds.com\/fi\/product\/osta-lsd-tabletteja-verkossa\/","url":"https:\/\/gooddealersmeds.com\/fi\/product\/osta-lsd-tabletteja-verkossa\/","name":"Osta LSD-tabletteja verkosta | LSD myyt\u00e4v\u00e4n\u00e4 | Good Dealers Meds","isPartOf":{"@id":"https:\/\/gooddealersmeds.com\/fi\/#website"},"primaryImageOfPage":{"@id":"https:\/\/gooddealersmeds.com\/fi\/product\/osta-lsd-tabletteja-verkossa\/#primaryimage"},"image":{"@id":"https:\/\/gooddealersmeds.com\/fi\/product\/osta-lsd-tabletteja-verkossa\/#primaryimage"},"thumbnailUrl":"https:\/\/gooddealersmeds.com\/fi\/wp-content\/uploads\/sites\/6\/2022\/03\/buy-50mcg-lsd-tablets-online.jpg","datePublished":"2022-03-19T02:44:47+00:00","dateModified":"2023-01-22T20:52:49+00:00","description":"Osta LSD-tabletteja verkosta Good Dealers Meds-kaupasta. LSD-tabletit myynniss\u00e4 Yhdysvalloissa ja Kanadassa halvalla hinnalla, toimitetaan ovelle!","breadcrumb":{"@id":"https:\/\/gooddealersmeds.com\/fi\/product\/osta-lsd-tabletteja-verkossa\/#breadcrumb"},"inLanguage":"en-US","potentialAction":[{"@type":"ReadAction","target":["https:\/\/gooddealersmeds.com\/fi\/product\/osta-lsd-tabletteja-verkossa\/"]}]},{"@type":"ImageObject","inLanguage":"en-US","@id":"https:\/\/gooddealersmeds.com\/fi\/product\/osta-lsd-tabletteja-verkossa\/#primaryimage","url":"https:\/\/gooddealersmeds.com\/fi\/wp-content\/uploads\/sites\/6\/2022\/03\/buy-50mcg-lsd-tablets-online.jpg","contentUrl":"https:\/\/gooddealersmeds.com\/fi\/wp-content\/uploads\/sites\/6\/2022\/03\/buy-50mcg-lsd-tablets-online.jpg","width":600,"height":600,"caption":"Buy LSD Tablets Online"},{"@type":"BreadcrumbList","@id":"https:\/\/gooddealersmeds.com\/fi\/product\/osta-lsd-tabletteja-verkossa\/#breadcrumb","itemListElement":[{"@type":"ListItem","position":1,"name":"Home","item":"https:\/\/gooddealersmeds.com\/fi\/"},{"@type":"ListItem","position":2,"name":"Tuotteet","item":"https:\/\/gooddealersmeds.com\/fi\/tuotteet\/"},{"@type":"ListItem","position":3,"name":"Osta LSD-tabletteja verkosta"}]},{"@type":"WebSite","@id":"https:\/\/gooddealersmeds.com\/fi\/#website","url":"https:\/\/gooddealersmeds.com\/fi\/","name":"Good Dealers Meds","description":"All our best","publisher":{"@id":"https:\/\/gooddealersmeds.com\/fi\/#organization"},"potentialAction":[{"@type":"SearchAction","target":{"@type":"EntryPoint","urlTemplate":"https:\/\/gooddealersmeds.com\/fi\/?s={search_term_string}"},"query-input":{"@type":"PropertyValueSpecification","valueRequired":true,"valueName":"search_term_string"}}],"inLanguage":"en-US"},{"@type":"Organization","@id":"https:\/\/gooddealersmeds.com\/fi\/#organization","name":"Good Dealers Meds","url":"https:\/\/gooddealersmeds.com\/fi\/","logo":{"@type":"ImageObject","inLanguage":"en-US","@id":"https:\/\/gooddealersmeds.com\/fi\/#\/schema\/logo\/image\/","url":"https:\/\/gooddealersmeds.com\/fi\/wp-content\/uploads\/sites\/6\/2022\/03\/gooddealersmeds__logo__20220317T222800Z.00.png","contentUrl":"https:\/\/gooddealersmeds.com\/fi\/wp-content\/uploads\/sites\/6\/2022\/03\/gooddealersmeds__logo__20220317T222800Z.00.png","width":500,"height":325,"caption":"Good Dealers Meds"},"image":{"@id":"https:\/\/gooddealersmeds.com\/fi\/#\/schema\/logo\/image\/"}}]}},"_links":{"self":[{"href":"https:\/\/gooddealersmeds.com\/fi\/wp-json\/wp\/v2\/product\/1744","targetHints":{"allow":["GET"]}}],"collection":[{"href":"https:\/\/gooddealersmeds.com\/fi\/wp-json\/wp\/v2\/product"}],"about":[{"href":"https:\/\/gooddealersmeds.com\/fi\/wp-json\/wp\/v2\/types\/product"}],"replies":[{"embeddable":true,"href":"https:\/\/gooddealersmeds.com\/fi\/wp-json\/wp\/v2\/comments?post=1744"}],"wp:featuredmedia":[{"embeddable":true,"href":"https:\/\/gooddealersmeds.com\/fi\/wp-json\/wp\/v2\/media\/1748"}],"wp:attachment":[{"href":"https:\/\/gooddealersmeds.com\/fi\/wp-json\/wp\/v2\/media?parent=1744"}],"wp:term":[{"taxonomy":"product_brand","embeddable":true,"href":"https:\/\/gooddealersmeds.com\/fi\/wp-json\/wp\/v2\/product_brand?post=1744"},{"taxonomy":"product_cat","embeddable":true,"href":"https:\/\/gooddealersmeds.com\/fi\/wp-json\/wp\/v2\/product_cat?post=1744"},{"taxonomy":"product_tag","embeddable":true,"href":"https:\/\/gooddealersmeds.com\/fi\/wp-json\/wp\/v2\/product_tag?post=1744"}],"curies":[{"name":"wp","href":"https:\/\/api.w.org\/{rel}","templated":true}]}}