{"id":1728,"date":"2022-03-19T02:16:28","date_gmt":"2022-03-19T02:16:28","guid":{"rendered":"https:\/\/gooddealersmeds.com\/fi\/?post_type=product&#038;p=1728"},"modified":"2023-01-22T21:09:34","modified_gmt":"2023-01-22T21:09:34","slug":"fentanyyli-laastarit","status":"publish","type":"product","link":"https:\/\/gooddealersmeds.com\/fi\/product\/fentanyyli-laastarit\/","title":{"rendered":"Osta fentanyylilaastareita verkosta"},"content":{"rendered":"<h2>Mist\u00e4 ostaa Fentanyylilaastareita &#8211; tilaa fentanyylilaastareita edulliseen hintaan luotettavalta toimittajalta<\/h2>\n<p>Osta fentanyylilaastareita verkosta (tunnetaan my\u00f6s nimell\u00e4 fentaniili) on vahva <a href=\"https:\/\/fi.wikipedia.org\/wiki\/Fentanyyli\">synteettinen opioidikipul\u00e4\u00e4ke<\/a>, jonka vaikutusaika on lyhyt. Se on voimakas opioidireseptoreiden agonisti. Fentanyylin arvioidaan olevan 50\u2013100 kertaa tehokkaampi kuin morfiini.<\/p>\n<p>Fentanyyli kuuluu l\u00e4\u00e4keryhm\u00e4\u00e4n, jota kutsutaan opioideiksi. <a href=\"https:\/\/gooddealersmeds.com\/fi\/product\/fentanyl-patches\/\">Fentanyyli\u00e4<\/a> k\u00e4ytet\u00e4\u00e4n jatkuvan kroonisen (pitk\u00e4aikaisen) vaikean kivun hoitoon niille, jotka tarvitsevat jatkuvaa kivunlievityst\u00e4 ja ovat k\u00e4yt\u00e4t parhaillaan muita opioidil\u00e4\u00e4kkeit\u00e4 (huumausaineita).<\/p>\n<p>Fentanyylilaastarin sis\u00e4lt\u00e4m\u00e4 opioidikipul\u00e4\u00e4ke p\u00e4\u00e4see kehoon v\u00e4hitellen. Voi kest\u00e4\u00e4 jopa kaksi p\u00e4iv\u00e4\u00e4, ennen kuin ensimm\u00e4isell\u00e4 fentanyylilaastareillasi on ilmeinen vaikutus, mutta my\u00f6hemm\u00e4t laastarit s\u00e4ilytt\u00e4v\u00e4t t\u00e4m\u00e4n vaikutuksen. T\u00e4m\u00e4 tarkoittaa, ett\u00e4 voit jatkaa kivunlievityst\u00e4 niin kauan kuin muistat vaihtaa laastarin kolmen p\u00e4iv\u00e4n v\u00e4lein. Vaihda laastari samaan aikaan joka p\u00e4iv\u00e4.<\/p>\n<p><strong>Mik\u00e4 on fentanyylilaastarit ja miten se toimii?<\/strong><\/p>\n<p>Opioidit (kuten fentanyylilaastarit) helpottavat harvoin t\u00e4ydellist\u00e4 kipua. L\u00e4\u00e4k\u00e4risi, sairaanhoitaja tai paikallinen apteekki m\u00e4\u00e4ritt\u00e4\u00e4 parhaan tavan hallita kipuasi ja muuttaa annosta, jotta saat kivun lievityst\u00e4 suurimman osan ajasta. He pyrkiv\u00e4t my\u00f6s pit\u00e4m\u00e4\u00e4n kielteiset vaikutukset mahdollisimman v\u00e4h\u00e4isin\u00e4, Osta fentanyylilaastareita verkosta<\/p>\n<p>Jos n\u00e4m\u00e4 haittavaikutukset jatkuvat yli muutaman p\u00e4iv\u00e4n, l\u00e4\u00e4k\u00e4risi voi m\u00e4\u00e4r\u00e4t\u00e4 lis\u00e4l\u00e4\u00e4kkeit\u00e4, kuten sairausl\u00e4\u00e4kkeit\u00e4. Ummetus on yleinen sivuvaikutus, joka ei h\u00e4vi\u00e4 muutaman p\u00e4iv\u00e4n kuluttua. Ummetuksen poistamiseksi saatat joutua kokeilemaan laksatiivia tai lis\u00e4\u00e4m\u00e4\u00e4n kuidun ja veden m\u00e4\u00e4r\u00e4\u00e4 ruokavaliossasi.<\/p>\n<p><strong>Tehosteet<\/strong><\/p>\n<p>Pahoinvointi, oksentelu, ummetus, huimaus, huimaus, uneliaisuus tai p\u00e4\u00e4ns\u00e4rky ovat kaikki mahdollisia sivuvaikutuksia. Levityskohdassa voi my\u00f6s esiinty\u00e4 liev\u00e4\u00e4 ep\u00e4mukavuutta, kutinaa tai punoitusta. Jotkut n\u00e4ist\u00e4 haittavaikutuksista voivat h\u00e4vit\u00e4 t\u00e4m\u00e4n l\u00e4\u00e4kkeen k\u00e4yt\u00f6n j\u00e4lkeen. Kerro heti l\u00e4\u00e4k\u00e4rillesi tai apteekkiin, jos jokin n\u00e4ist\u00e4 haittavaikutuksista jatkuu tai pahenee.<\/p>\n<p>Voit ostaa fentanyylilaastareita verkosta myym\u00e4l\u00e4st\u00e4mme ilman resepti\u00e4.<\/p>\n","protected":false},"excerpt":{"rendered":"<p>Fentanyyli, my\u00f6s speltti fentaniili, on opioidi, jota k\u00e4ytet\u00e4\u00e4n kipul\u00e4\u00e4kkeen\u00e4 ja yhdess\u00e4 muiden anestesial\u00e4\u00e4kkeiden kanssa. Fentanyyli\u00e4 k\u00e4ytet\u00e4\u00e4n my\u00f6s virkistyshuumeena, usein sekoitettuna heroiiniin tai kokaiiniin. Se alkaa nopeasti ja sen vaikutukset kest\u00e4v\u00e4t yleens\u00e4 alle kaksi tuntia. Osta fentanyylia verkosta, osta fentanyylilaastareita verkosta<\/p>\n<p>&nbsp;<\/p>\n<p><strong>5 laastaria laatikkoa kohden<\/strong><\/p>\n","protected":false},"featured_media":1734,"comment_status":"open","ping_status":"closed","template":"","meta":{"inline_featured_image":false},"product_brand":[],"product_cat":[347],"product_tag":[97,297,298],"class_list":{"0":"post-1728","1":"product","2":"type-product","3":"status-publish","4":"has-post-thumbnail","6":"product_cat-opioidi-kipulke","7":"product_tag-buy-fentanyl-online","8":"product_tag-buy-fentanyl-patches","9":"product_tag-buy-fentanyl-patches-online","11":"first","12":"instock","13":"featured","14":"shipping-taxable","15":"purchasable","16":"product-type-variable","17":"has-default-attributes"},"yoast_head":"<!-- This site is optimized with the Yoast SEO Premium plugin v20.6 (Yoast SEO v27.5) - https:\/\/yoast.com\/product\/yoast-seo-premium-wordpress\/ -->\n<title>Osta fentanyylilaastareita verkosta | fentanyyli | Good Dealers Meds<\/title>\n<meta name=\"description\" content=\"Osta fentanyylilaastareita verkosta ilman resepti\u00e4. Fentanyyli on opioidi, jota k\u00e4ytet\u00e4\u00e4n kipul\u00e4\u00e4kkeen\u00e4 anestesiassa tai jatkuvassa kroonisessa kivussa.\" \/>\n<meta name=\"robots\" content=\"index, follow, max-snippet:-1, max-image-preview:large, max-video-preview:-1\" \/>\n<link rel=\"canonical\" href=\"https:\/\/gooddealersmeds.com\/fi\/product\/fentanyyli-laastarit\/\" \/>\n<meta property=\"og:locale\" content=\"en_US\" \/>\n<meta property=\"og:type\" content=\"article\" \/>\n<meta property=\"og:title\" content=\"Osta fentanyylilaastareita verkosta\" \/>\n<meta property=\"og:description\" content=\"Osta fentanyylilaastareita verkosta ilman resepti\u00e4. Fentanyyli on opioidi, jota k\u00e4ytet\u00e4\u00e4n kipul\u00e4\u00e4kkeen\u00e4 anestesiassa tai jatkuvassa kroonisessa kivussa.\" \/>\n<meta property=\"og:url\" content=\"https:\/\/gooddealersmeds.com\/fi\/product\/fentanyyli-laastarit\/\" \/>\n<meta property=\"og:site_name\" content=\"Good Dealers Meds\" \/>\n<meta property=\"article:modified_time\" content=\"2023-01-22T21:09:34+00:00\" \/>\n<meta property=\"og:image\" content=\"https:\/\/gooddealersmeds.com\/fi\/wp-content\/uploads\/sites\/6\/2022\/03\/Fentanyl-Patch-75mcg-e1573043473107-500x500-1.jpg\" \/>\n\t<meta property=\"og:image:width\" content=\"500\" \/>\n\t<meta property=\"og:image:height\" content=\"500\" \/>\n\t<meta property=\"og:image:type\" content=\"image\/jpeg\" \/>\n<meta name=\"twitter:card\" content=\"summary_large_image\" \/>\n<meta name=\"twitter:label1\" content=\"Est. reading time\" \/>\n\t<meta name=\"twitter:data1\" content=\"2 minutes\" \/>\n<script type=\"application\/ld+json\" class=\"yoast-schema-graph\">{\"@context\":\"https:\\\/\\\/schema.org\",\"@graph\":[{\"@type\":\"WebPage\",\"@id\":\"https:\\\/\\\/gooddealersmeds.com\\\/fi\\\/product\\\/fentanyyli-laastarit\\\/\",\"url\":\"https:\\\/\\\/gooddealersmeds.com\\\/fi\\\/product\\\/fentanyyli-laastarit\\\/\",\"name\":\"Osta fentanyylilaastareita verkosta | fentanyyli | Good Dealers Meds\",\"isPartOf\":{\"@id\":\"https:\\\/\\\/gooddealersmeds.com\\\/fi\\\/#website\"},\"primaryImageOfPage\":{\"@id\":\"https:\\\/\\\/gooddealersmeds.com\\\/fi\\\/product\\\/fentanyyli-laastarit\\\/#primaryimage\"},\"image\":{\"@id\":\"https:\\\/\\\/gooddealersmeds.com\\\/fi\\\/product\\\/fentanyyli-laastarit\\\/#primaryimage\"},\"thumbnailUrl\":\"https:\\\/\\\/gooddealersmeds.com\\\/fi\\\/wp-content\\\/uploads\\\/sites\\\/6\\\/2022\\\/03\\\/Fentanyl-Patch-75mcg-e1573043473107-500x500-1.jpg\",\"datePublished\":\"2022-03-19T02:16:28+00:00\",\"dateModified\":\"2023-01-22T21:09:34+00:00\",\"description\":\"Osta fentanyylilaastareita verkosta ilman resepti\u00e4. Fentanyyli on opioidi, jota k\u00e4ytet\u00e4\u00e4n kipul\u00e4\u00e4kkeen\u00e4 anestesiassa tai jatkuvassa kroonisessa kivussa.\",\"breadcrumb\":{\"@id\":\"https:\\\/\\\/gooddealersmeds.com\\\/fi\\\/product\\\/fentanyyli-laastarit\\\/#breadcrumb\"},\"inLanguage\":\"en-US\",\"potentialAction\":[{\"@type\":\"ReadAction\",\"target\":[\"https:\\\/\\\/gooddealersmeds.com\\\/fi\\\/product\\\/fentanyyli-laastarit\\\/\"]}]},{\"@type\":\"ImageObject\",\"inLanguage\":\"en-US\",\"@id\":\"https:\\\/\\\/gooddealersmeds.com\\\/fi\\\/product\\\/fentanyyli-laastarit\\\/#primaryimage\",\"url\":\"https:\\\/\\\/gooddealersmeds.com\\\/fi\\\/wp-content\\\/uploads\\\/sites\\\/6\\\/2022\\\/03\\\/Fentanyl-Patch-75mcg-e1573043473107-500x500-1.jpg\",\"contentUrl\":\"https:\\\/\\\/gooddealersmeds.com\\\/fi\\\/wp-content\\\/uploads\\\/sites\\\/6\\\/2022\\\/03\\\/Fentanyl-Patch-75mcg-e1573043473107-500x500-1.jpg\",\"width\":500,\"height\":500,\"caption\":\"Buy Fentanyl Online\"},{\"@type\":\"BreadcrumbList\",\"@id\":\"https:\\\/\\\/gooddealersmeds.com\\\/fi\\\/product\\\/fentanyyli-laastarit\\\/#breadcrumb\",\"itemListElement\":[{\"@type\":\"ListItem\",\"position\":1,\"name\":\"Home\",\"item\":\"https:\\\/\\\/gooddealersmeds.com\\\/fi\\\/\"},{\"@type\":\"ListItem\",\"position\":2,\"name\":\"Tuotteet\",\"item\":\"https:\\\/\\\/gooddealersmeds.com\\\/fi\\\/tuotteet\\\/\"},{\"@type\":\"ListItem\",\"position\":3,\"name\":\"Osta fentanyylilaastareita verkosta\"}]},{\"@type\":\"WebSite\",\"@id\":\"https:\\\/\\\/gooddealersmeds.com\\\/fi\\\/#website\",\"url\":\"https:\\\/\\\/gooddealersmeds.com\\\/fi\\\/\",\"name\":\"Good Dealers Meds\",\"description\":\"All our best\",\"publisher\":{\"@id\":\"https:\\\/\\\/gooddealersmeds.com\\\/fi\\\/#organization\"},\"potentialAction\":[{\"@type\":\"SearchAction\",\"target\":{\"@type\":\"EntryPoint\",\"urlTemplate\":\"https:\\\/\\\/gooddealersmeds.com\\\/fi\\\/?s={search_term_string}\"},\"query-input\":{\"@type\":\"PropertyValueSpecification\",\"valueRequired\":true,\"valueName\":\"search_term_string\"}}],\"inLanguage\":\"en-US\"},{\"@type\":\"Organization\",\"@id\":\"https:\\\/\\\/gooddealersmeds.com\\\/fi\\\/#organization\",\"name\":\"Good Dealers Meds\",\"url\":\"https:\\\/\\\/gooddealersmeds.com\\\/fi\\\/\",\"logo\":{\"@type\":\"ImageObject\",\"inLanguage\":\"en-US\",\"@id\":\"https:\\\/\\\/gooddealersmeds.com\\\/fi\\\/#\\\/schema\\\/logo\\\/image\\\/\",\"url\":\"https:\\\/\\\/gooddealersmeds.com\\\/fi\\\/wp-content\\\/uploads\\\/sites\\\/6\\\/2022\\\/03\\\/gooddealersmeds__logo__20220317T222800Z.00.png\",\"contentUrl\":\"https:\\\/\\\/gooddealersmeds.com\\\/fi\\\/wp-content\\\/uploads\\\/sites\\\/6\\\/2022\\\/03\\\/gooddealersmeds__logo__20220317T222800Z.00.png\",\"width\":500,\"height\":325,\"caption\":\"Good Dealers Meds\"},\"image\":{\"@id\":\"https:\\\/\\\/gooddealersmeds.com\\\/fi\\\/#\\\/schema\\\/logo\\\/image\\\/\"}}]}<\/script>\n<!-- \/ Yoast SEO Premium plugin. -->","yoast_head_json":{"title":"Osta fentanyylilaastareita verkosta | fentanyyli | Good Dealers Meds","description":"Osta fentanyylilaastareita verkosta ilman resepti\u00e4. Fentanyyli on opioidi, jota k\u00e4ytet\u00e4\u00e4n kipul\u00e4\u00e4kkeen\u00e4 anestesiassa tai jatkuvassa kroonisessa kivussa.","robots":{"index":"index","follow":"follow","max-snippet":"max-snippet:-1","max-image-preview":"max-image-preview:large","max-video-preview":"max-video-preview:-1"},"canonical":"https:\/\/gooddealersmeds.com\/fi\/product\/fentanyyli-laastarit\/","og_locale":"en_US","og_type":"article","og_title":"Osta fentanyylilaastareita verkosta","og_description":"Osta fentanyylilaastareita verkosta ilman resepti\u00e4. Fentanyyli on opioidi, jota k\u00e4ytet\u00e4\u00e4n kipul\u00e4\u00e4kkeen\u00e4 anestesiassa tai jatkuvassa kroonisessa kivussa.","og_url":"https:\/\/gooddealersmeds.com\/fi\/product\/fentanyyli-laastarit\/","og_site_name":"Good Dealers Meds","article_modified_time":"2023-01-22T21:09:34+00:00","og_image":[{"width":500,"height":500,"url":"https:\/\/gooddealersmeds.com\/fi\/wp-content\/uploads\/sites\/6\/2022\/03\/Fentanyl-Patch-75mcg-e1573043473107-500x500-1.jpg","type":"image\/jpeg"}],"twitter_card":"summary_large_image","twitter_misc":{"Est. reading time":"2 minutes"},"schema":{"@context":"https:\/\/schema.org","@graph":[{"@type":"WebPage","@id":"https:\/\/gooddealersmeds.com\/fi\/product\/fentanyyli-laastarit\/","url":"https:\/\/gooddealersmeds.com\/fi\/product\/fentanyyli-laastarit\/","name":"Osta fentanyylilaastareita verkosta | fentanyyli | Good Dealers Meds","isPartOf":{"@id":"https:\/\/gooddealersmeds.com\/fi\/#website"},"primaryImageOfPage":{"@id":"https:\/\/gooddealersmeds.com\/fi\/product\/fentanyyli-laastarit\/#primaryimage"},"image":{"@id":"https:\/\/gooddealersmeds.com\/fi\/product\/fentanyyli-laastarit\/#primaryimage"},"thumbnailUrl":"https:\/\/gooddealersmeds.com\/fi\/wp-content\/uploads\/sites\/6\/2022\/03\/Fentanyl-Patch-75mcg-e1573043473107-500x500-1.jpg","datePublished":"2022-03-19T02:16:28+00:00","dateModified":"2023-01-22T21:09:34+00:00","description":"Osta fentanyylilaastareita verkosta ilman resepti\u00e4. Fentanyyli on opioidi, jota k\u00e4ytet\u00e4\u00e4n kipul\u00e4\u00e4kkeen\u00e4 anestesiassa tai jatkuvassa kroonisessa kivussa.","breadcrumb":{"@id":"https:\/\/gooddealersmeds.com\/fi\/product\/fentanyyli-laastarit\/#breadcrumb"},"inLanguage":"en-US","potentialAction":[{"@type":"ReadAction","target":["https:\/\/gooddealersmeds.com\/fi\/product\/fentanyyli-laastarit\/"]}]},{"@type":"ImageObject","inLanguage":"en-US","@id":"https:\/\/gooddealersmeds.com\/fi\/product\/fentanyyli-laastarit\/#primaryimage","url":"https:\/\/gooddealersmeds.com\/fi\/wp-content\/uploads\/sites\/6\/2022\/03\/Fentanyl-Patch-75mcg-e1573043473107-500x500-1.jpg","contentUrl":"https:\/\/gooddealersmeds.com\/fi\/wp-content\/uploads\/sites\/6\/2022\/03\/Fentanyl-Patch-75mcg-e1573043473107-500x500-1.jpg","width":500,"height":500,"caption":"Buy Fentanyl Online"},{"@type":"BreadcrumbList","@id":"https:\/\/gooddealersmeds.com\/fi\/product\/fentanyyli-laastarit\/#breadcrumb","itemListElement":[{"@type":"ListItem","position":1,"name":"Home","item":"https:\/\/gooddealersmeds.com\/fi\/"},{"@type":"ListItem","position":2,"name":"Tuotteet","item":"https:\/\/gooddealersmeds.com\/fi\/tuotteet\/"},{"@type":"ListItem","position":3,"name":"Osta fentanyylilaastareita verkosta"}]},{"@type":"WebSite","@id":"https:\/\/gooddealersmeds.com\/fi\/#website","url":"https:\/\/gooddealersmeds.com\/fi\/","name":"Good Dealers Meds","description":"All our best","publisher":{"@id":"https:\/\/gooddealersmeds.com\/fi\/#organization"},"potentialAction":[{"@type":"SearchAction","target":{"@type":"EntryPoint","urlTemplate":"https:\/\/gooddealersmeds.com\/fi\/?s={search_term_string}"},"query-input":{"@type":"PropertyValueSpecification","valueRequired":true,"valueName":"search_term_string"}}],"inLanguage":"en-US"},{"@type":"Organization","@id":"https:\/\/gooddealersmeds.com\/fi\/#organization","name":"Good Dealers Meds","url":"https:\/\/gooddealersmeds.com\/fi\/","logo":{"@type":"ImageObject","inLanguage":"en-US","@id":"https:\/\/gooddealersmeds.com\/fi\/#\/schema\/logo\/image\/","url":"https:\/\/gooddealersmeds.com\/fi\/wp-content\/uploads\/sites\/6\/2022\/03\/gooddealersmeds__logo__20220317T222800Z.00.png","contentUrl":"https:\/\/gooddealersmeds.com\/fi\/wp-content\/uploads\/sites\/6\/2022\/03\/gooddealersmeds__logo__20220317T222800Z.00.png","width":500,"height":325,"caption":"Good Dealers Meds"},"image":{"@id":"https:\/\/gooddealersmeds.com\/fi\/#\/schema\/logo\/image\/"}}]}},"_links":{"self":[{"href":"https:\/\/gooddealersmeds.com\/fi\/wp-json\/wp\/v2\/product\/1728","targetHints":{"allow":["GET"]}}],"collection":[{"href":"https:\/\/gooddealersmeds.com\/fi\/wp-json\/wp\/v2\/product"}],"about":[{"href":"https:\/\/gooddealersmeds.com\/fi\/wp-json\/wp\/v2\/types\/product"}],"replies":[{"embeddable":true,"href":"https:\/\/gooddealersmeds.com\/fi\/wp-json\/wp\/v2\/comments?post=1728"}],"wp:featuredmedia":[{"embeddable":true,"href":"https:\/\/gooddealersmeds.com\/fi\/wp-json\/wp\/v2\/media\/1734"}],"wp:attachment":[{"href":"https:\/\/gooddealersmeds.com\/fi\/wp-json\/wp\/v2\/media?parent=1728"}],"wp:term":[{"taxonomy":"product_brand","embeddable":true,"href":"https:\/\/gooddealersmeds.com\/fi\/wp-json\/wp\/v2\/product_brand?post=1728"},{"taxonomy":"product_cat","embeddable":true,"href":"https:\/\/gooddealersmeds.com\/fi\/wp-json\/wp\/v2\/product_cat?post=1728"},{"taxonomy":"product_tag","embeddable":true,"href":"https:\/\/gooddealersmeds.com\/fi\/wp-json\/wp\/v2\/product_tag?post=1728"}],"curies":[{"name":"wp","href":"https:\/\/api.w.org\/{rel}","templated":true}]}}