{"id":1718,"date":"2022-03-19T01:50:33","date_gmt":"2022-03-19T01:50:33","guid":{"rendered":"https:\/\/gooddealersmeds.com\/fi\/?post_type=product&#038;p=1718"},"modified":"2023-01-22T21:20:48","modified_gmt":"2023-01-22T21:20:48","slug":"osta-morfiini-sulfaatti-verkosta","status":"publish","type":"product","link":"https:\/\/gooddealersmeds.com\/fi\/product\/osta-morfiini-sulfaatti-verkosta\/","title":{"rendered":"Osta morfiinisulfaattia verkosta"},"content":{"rendered":"<h2>Morfiinisulfaatin ostaminen verkossa huippuluokan puolelta<\/h2>\n<p>Osta morfiinisulfaattia verkosta. <a href=\"https:\/\/gooddealersmeds.com\/fi\/product\/osta-morfiini-sulfaatti-verkosta\/\">Morfiini<\/a> on voimakas kipul\u00e4\u00e4ke. Sit\u00e4 k\u00e4ytet\u00e4\u00e4n kovan kivun hoitoon. T\u00e4t\u00e4 l\u00e4\u00e4kett\u00e4 k\u00e4ytet\u00e4\u00e4n vaikean kroonisen kivun (kuten sy\u00f6v\u00e4n aiheuttaman) hoitoon. Morfiini kuuluu opioidikipul\u00e4\u00e4kkeiden luokkaan. Se muuttaa sit\u00e4, miten kehosi havaitsee ja reagoi kipuun vaikuttamalla aivoihin. T\u00e4m\u00e4n l\u00e4\u00e4kkeen suurempia vahvuuksia (90 ja 120 milligrammaa kapselia kohti) tulee k\u00e4ytt\u00e4\u00e4 vain, jos olet k\u00e4ytt\u00e4nyt s\u00e4\u00e4nn\u00f6llisesti kohtalaisia \u200b\u200btai suuria annoksia opioidikipul\u00e4\u00e4kett\u00e4.<\/p>\n<p>&#8220;\u00c4l\u00e4 koskaan pureskele, murskaa, tai liuottaa t\u00e4m\u00e4 l\u00e4\u00e4ke tai kapselien sis\u00e4lt\u00f6. \u00c4l\u00e4 my\u00f6sk\u00e4\u00e4n k\u00e4yt\u00e4 alkoholia tai muita alkoholia sis\u00e4lt\u00e4vi\u00e4 tuotteita t\u00e4m\u00e4n l\u00e4\u00e4kkeen k\u00e4yt\u00f6n aikana. Morfiinisulfaatin ottaminen yhdess\u00e4 alkoholin tai murskatun, pureskelun tai liuenneen tyyppisen pitkitetysti vapauttavan morfiinin kanssa voi aiheuttaa tappava yliannostus.&#8221;<\/p>\n<p>Ennen kuin aloitat morfiinin k\u00e4yt\u00f6n ja joka kerta, kun saat t\u00e4ytt\u00f6\u00e4, lue apteekkihenkil\u00f6kuntasi laatima l\u00e4\u00e4kitysopas. Ota yhteytt\u00e4 l\u00e4\u00e4k\u00e4riisi tai apteekkiin, jos sinulla on kysytt\u00e4v\u00e4\u00e4, Osta morfiinisulfaattia verkosta<\/p>\n<p><strong>Vaikutukset, joita saat k\u00e4ytt\u00e4m\u00e4ll\u00e4 morfiinisulfaattia<\/strong><\/p>\n<p>Morfiini toimii est\u00e4m\u00e4ll\u00e4 kipusignaaleja p\u00e4\u00e4sem\u00e4st\u00e4 aivoihin hermojen kautta. Morfiinin yleisimm\u00e4t haittavaikutukset ovat ummetus, pahoinvointi ja v\u00e4symys. Morfiiniriippuvuus on ajateltavissa, mutta se on harvinaista, jos k\u00e4yt\u00e4t sit\u00e4 kivun hallintaan ja l\u00e4\u00e4k\u00e4risi arvioi l\u00e4\u00e4kityst\u00e4si s\u00e4\u00e4nn\u00f6llisesti.<\/p>\n<p>Morfiinia voivat ottaa kaiken ik\u00e4iset lapset ja aikuiset. Vauvoille, pienille lapsille ja vanhemmille ihmisille on kuitenkin todenn\u00e4k\u00f6isemp\u00e4\u00e4 saada sivuvaikutuksia. Kerro l\u00e4\u00e4k\u00e4rillesi ennen l\u00e4\u00e4kkeen aloittamista, jos:<\/p>\n<ul>\n<li>on koskaan ollut allerginen reaktio morfiinille tai muille l\u00e4\u00e4kkeille<\/li>\n<li>jos sinulla on hengitysvaikeuksia tai keuhkosairaus<\/li>\n<li>Onko sinulla alkoholiriippuvuus<\/li>\n<li>sinulla on sairaus, joka aiheuttaa kohtauksia tai kohtauksia<\/li>\n<li>sinulla on p\u00e4\u00e4vamma<\/li>\n<li>sinulla on alhainen kilpirauhasen taso<\/li>\n<li>Onko sinulla lis\u00e4munuaisten vajaatoimintaa<\/li>\n<li>sinulla on munuais- tai maksaongelmia<\/li>\n<li>sinulla on laajentunut eturauhanen<\/li>\n<li>sinulla on alhainen verenpaine<\/li>\n<\/ul>\n<h3>T\u00e4\u00e4lt\u00e4 voit Osta morfiinisulfaattia verkosta, joka on yksi parhaista vapauttaa itsesi.<\/h3>\n<p>Korromme tuotteiden erinomaisuutta ja varmistamme, ett\u00e4 l\u00e4\u00e4kkeemme ovat kohtuuhintaisia. Kun teet ostoksia L\u00e4\u00e4ke- ja kemikaalikaupassa, yksityisyytesi on aina turvattu. Voit ostaa morfiinisulfaattia helposti verkosta verkkokaupastamme.<\/p>\n","protected":false},"excerpt":{"rendered":"<p>Morfiinia k\u00e4ytet\u00e4\u00e4n lievitt\u00e4m\u00e4\u00e4n voimakasta kipua. Se kuuluu l\u00e4\u00e4keryhm\u00e4\u00e4n, joka tunnetaan nimell\u00e4 opioidikipul\u00e4\u00e4kkeet. Se toimii aivoissa ja muuttaa sit\u00e4, miten kehosi tuntuu ja reagoi kipuun.<\/p>\n","protected":false},"featured_media":1727,"comment_status":"open","ping_status":"closed","template":"","meta":{"inline_featured_image":false},"product_brand":[],"product_cat":[347],"product_tag":[],"class_list":{"0":"post-1718","1":"product","2":"type-product","3":"status-publish","4":"has-post-thumbnail","6":"product_cat-opioidi-kipulke","7":"pa_milliliters-100-ml","8":"pa_milliliters-250-ml","9":"pa_milliliters-50-ml","10":"pa_milliliters-500-ml","12":"first","13":"instock","14":"featured","15":"shipping-taxable","16":"purchasable","17":"product-type-variable","18":"has-default-attributes"},"yoast_head":"<!-- This site is optimized with the Yoast SEO Premium plugin v20.6 (Yoast SEO v27.4) - https:\/\/yoast.com\/product\/yoast-seo-premium-wordpress\/ -->\n<title>Osta morfiinisulfaattia verkosta | Morfiini myynniss\u00e4 Good Dealers Meds<\/title>\n<meta name=\"description\" content=\"Osta morfiinisulfaattia verkosta -pullo 50 mg\/ml 20 ml Bell Medical Services -palvelusta parhaaseen hintaan. Sit\u00e4 k\u00e4ytet\u00e4\u00e4n lievitt\u00e4m\u00e4\u00e4n kohtalaista tai vaikeaa kipua.\" \/>\n<meta name=\"robots\" content=\"index, follow, max-snippet:-1, max-image-preview:large, max-video-preview:-1\" \/>\n<link rel=\"canonical\" href=\"https:\/\/gooddealersmeds.com\/fi\/product\/osta-morfiini-sulfaatti-verkosta\/\" \/>\n<meta property=\"og:locale\" content=\"en_US\" \/>\n<meta property=\"og:type\" content=\"article\" \/>\n<meta property=\"og:title\" content=\"Osta morfiinisulfaattia verkosta\" \/>\n<meta property=\"og:description\" content=\"Osta morfiinisulfaattia verkosta -pullo 50 mg\/ml 20 ml Bell Medical Services -palvelusta parhaaseen hintaan. Sit\u00e4 k\u00e4ytet\u00e4\u00e4n lievitt\u00e4m\u00e4\u00e4n kohtalaista tai vaikeaa kipua.\" \/>\n<meta property=\"og:url\" content=\"https:\/\/gooddealersmeds.com\/fi\/product\/osta-morfiini-sulfaatti-verkosta\/\" \/>\n<meta property=\"og:site_name\" content=\"Good Dealers Meds\" \/>\n<meta property=\"article:modified_time\" content=\"2023-01-22T21:20:48+00:00\" \/>\n<meta property=\"og:image\" content=\"https:\/\/gooddealersmeds.com\/fi\/wp-content\/uploads\/sites\/6\/2022\/03\/Morphine.jpeg\" \/>\n\t<meta property=\"og:image:width\" content=\"800\" \/>\n\t<meta property=\"og:image:height\" content=\"800\" \/>\n\t<meta property=\"og:image:type\" content=\"image\/jpeg\" \/>\n<meta name=\"twitter:card\" content=\"summary_large_image\" \/>\n<meta name=\"twitter:label1\" content=\"Est. reading time\" \/>\n\t<meta name=\"twitter:data1\" content=\"2 minutes\" \/>\n<script type=\"application\/ld+json\" class=\"yoast-schema-graph\">{\"@context\":\"https:\\\/\\\/schema.org\",\"@graph\":[{\"@type\":\"WebPage\",\"@id\":\"https:\\\/\\\/gooddealersmeds.com\\\/fi\\\/product\\\/osta-morfiini-sulfaatti-verkosta\\\/\",\"url\":\"https:\\\/\\\/gooddealersmeds.com\\\/fi\\\/product\\\/osta-morfiini-sulfaatti-verkosta\\\/\",\"name\":\"Osta morfiinisulfaattia verkosta | Morfiini myynniss\u00e4 Good Dealers Meds\",\"isPartOf\":{\"@id\":\"https:\\\/\\\/gooddealersmeds.com\\\/fi\\\/#website\"},\"primaryImageOfPage\":{\"@id\":\"https:\\\/\\\/gooddealersmeds.com\\\/fi\\\/product\\\/osta-morfiini-sulfaatti-verkosta\\\/#primaryimage\"},\"image\":{\"@id\":\"https:\\\/\\\/gooddealersmeds.com\\\/fi\\\/product\\\/osta-morfiini-sulfaatti-verkosta\\\/#primaryimage\"},\"thumbnailUrl\":\"https:\\\/\\\/gooddealersmeds.com\\\/fi\\\/wp-content\\\/uploads\\\/sites\\\/6\\\/2022\\\/03\\\/Morphine.jpeg\",\"datePublished\":\"2022-03-19T01:50:33+00:00\",\"dateModified\":\"2023-01-22T21:20:48+00:00\",\"description\":\"Osta morfiinisulfaattia verkosta -pullo 50 mg\\\/ml 20 ml Bell Medical Services -palvelusta parhaaseen hintaan. Sit\u00e4 k\u00e4ytet\u00e4\u00e4n lievitt\u00e4m\u00e4\u00e4n kohtalaista tai vaikeaa kipua.\",\"breadcrumb\":{\"@id\":\"https:\\\/\\\/gooddealersmeds.com\\\/fi\\\/product\\\/osta-morfiini-sulfaatti-verkosta\\\/#breadcrumb\"},\"inLanguage\":\"en-US\",\"potentialAction\":[{\"@type\":\"ReadAction\",\"target\":[\"https:\\\/\\\/gooddealersmeds.com\\\/fi\\\/product\\\/osta-morfiini-sulfaatti-verkosta\\\/\"]}]},{\"@type\":\"ImageObject\",\"inLanguage\":\"en-US\",\"@id\":\"https:\\\/\\\/gooddealersmeds.com\\\/fi\\\/product\\\/osta-morfiini-sulfaatti-verkosta\\\/#primaryimage\",\"url\":\"https:\\\/\\\/gooddealersmeds.com\\\/fi\\\/wp-content\\\/uploads\\\/sites\\\/6\\\/2022\\\/03\\\/Morphine.jpeg\",\"contentUrl\":\"https:\\\/\\\/gooddealersmeds.com\\\/fi\\\/wp-content\\\/uploads\\\/sites\\\/6\\\/2022\\\/03\\\/Morphine.jpeg\",\"width\":800,\"height\":800,\"caption\":\"Buy Morphine Sulfate Online\"},{\"@type\":\"BreadcrumbList\",\"@id\":\"https:\\\/\\\/gooddealersmeds.com\\\/fi\\\/product\\\/osta-morfiini-sulfaatti-verkosta\\\/#breadcrumb\",\"itemListElement\":[{\"@type\":\"ListItem\",\"position\":1,\"name\":\"Home\",\"item\":\"https:\\\/\\\/gooddealersmeds.com\\\/fi\\\/\"},{\"@type\":\"ListItem\",\"position\":2,\"name\":\"Tuotteet\",\"item\":\"https:\\\/\\\/gooddealersmeds.com\\\/fi\\\/tuotteet\\\/\"},{\"@type\":\"ListItem\",\"position\":3,\"name\":\"Osta morfiinisulfaattia verkosta\"}]},{\"@type\":\"WebSite\",\"@id\":\"https:\\\/\\\/gooddealersmeds.com\\\/fi\\\/#website\",\"url\":\"https:\\\/\\\/gooddealersmeds.com\\\/fi\\\/\",\"name\":\"Good Dealers Meds\",\"description\":\"All our best\",\"publisher\":{\"@id\":\"https:\\\/\\\/gooddealersmeds.com\\\/fi\\\/#organization\"},\"potentialAction\":[{\"@type\":\"SearchAction\",\"target\":{\"@type\":\"EntryPoint\",\"urlTemplate\":\"https:\\\/\\\/gooddealersmeds.com\\\/fi\\\/?s={search_term_string}\"},\"query-input\":{\"@type\":\"PropertyValueSpecification\",\"valueRequired\":true,\"valueName\":\"search_term_string\"}}],\"inLanguage\":\"en-US\"},{\"@type\":\"Organization\",\"@id\":\"https:\\\/\\\/gooddealersmeds.com\\\/fi\\\/#organization\",\"name\":\"Good Dealers Meds\",\"url\":\"https:\\\/\\\/gooddealersmeds.com\\\/fi\\\/\",\"logo\":{\"@type\":\"ImageObject\",\"inLanguage\":\"en-US\",\"@id\":\"https:\\\/\\\/gooddealersmeds.com\\\/fi\\\/#\\\/schema\\\/logo\\\/image\\\/\",\"url\":\"https:\\\/\\\/gooddealersmeds.com\\\/fi\\\/wp-content\\\/uploads\\\/sites\\\/6\\\/2022\\\/03\\\/gooddealersmeds__logo__20220317T222800Z.00.png\",\"contentUrl\":\"https:\\\/\\\/gooddealersmeds.com\\\/fi\\\/wp-content\\\/uploads\\\/sites\\\/6\\\/2022\\\/03\\\/gooddealersmeds__logo__20220317T222800Z.00.png\",\"width\":500,\"height\":325,\"caption\":\"Good Dealers Meds\"},\"image\":{\"@id\":\"https:\\\/\\\/gooddealersmeds.com\\\/fi\\\/#\\\/schema\\\/logo\\\/image\\\/\"}}]}<\/script>\n<!-- \/ Yoast SEO Premium plugin. -->","yoast_head_json":{"title":"Osta morfiinisulfaattia verkosta | Morfiini myynniss\u00e4 Good Dealers Meds","description":"Osta morfiinisulfaattia verkosta -pullo 50 mg\/ml 20 ml Bell Medical Services -palvelusta parhaaseen hintaan. Sit\u00e4 k\u00e4ytet\u00e4\u00e4n lievitt\u00e4m\u00e4\u00e4n kohtalaista tai vaikeaa kipua.","robots":{"index":"index","follow":"follow","max-snippet":"max-snippet:-1","max-image-preview":"max-image-preview:large","max-video-preview":"max-video-preview:-1"},"canonical":"https:\/\/gooddealersmeds.com\/fi\/product\/osta-morfiini-sulfaatti-verkosta\/","og_locale":"en_US","og_type":"article","og_title":"Osta morfiinisulfaattia verkosta","og_description":"Osta morfiinisulfaattia verkosta -pullo 50 mg\/ml 20 ml Bell Medical Services -palvelusta parhaaseen hintaan. Sit\u00e4 k\u00e4ytet\u00e4\u00e4n lievitt\u00e4m\u00e4\u00e4n kohtalaista tai vaikeaa kipua.","og_url":"https:\/\/gooddealersmeds.com\/fi\/product\/osta-morfiini-sulfaatti-verkosta\/","og_site_name":"Good Dealers Meds","article_modified_time":"2023-01-22T21:20:48+00:00","og_image":[{"width":800,"height":800,"url":"https:\/\/gooddealersmeds.com\/fi\/wp-content\/uploads\/sites\/6\/2022\/03\/Morphine.jpeg","type":"image\/jpeg"}],"twitter_card":"summary_large_image","twitter_misc":{"Est. reading time":"2 minutes"},"schema":{"@context":"https:\/\/schema.org","@graph":[{"@type":"WebPage","@id":"https:\/\/gooddealersmeds.com\/fi\/product\/osta-morfiini-sulfaatti-verkosta\/","url":"https:\/\/gooddealersmeds.com\/fi\/product\/osta-morfiini-sulfaatti-verkosta\/","name":"Osta morfiinisulfaattia verkosta | Morfiini myynniss\u00e4 Good Dealers Meds","isPartOf":{"@id":"https:\/\/gooddealersmeds.com\/fi\/#website"},"primaryImageOfPage":{"@id":"https:\/\/gooddealersmeds.com\/fi\/product\/osta-morfiini-sulfaatti-verkosta\/#primaryimage"},"image":{"@id":"https:\/\/gooddealersmeds.com\/fi\/product\/osta-morfiini-sulfaatti-verkosta\/#primaryimage"},"thumbnailUrl":"https:\/\/gooddealersmeds.com\/fi\/wp-content\/uploads\/sites\/6\/2022\/03\/Morphine.jpeg","datePublished":"2022-03-19T01:50:33+00:00","dateModified":"2023-01-22T21:20:48+00:00","description":"Osta morfiinisulfaattia verkosta -pullo 50 mg\/ml 20 ml Bell Medical Services -palvelusta parhaaseen hintaan. Sit\u00e4 k\u00e4ytet\u00e4\u00e4n lievitt\u00e4m\u00e4\u00e4n kohtalaista tai vaikeaa kipua.","breadcrumb":{"@id":"https:\/\/gooddealersmeds.com\/fi\/product\/osta-morfiini-sulfaatti-verkosta\/#breadcrumb"},"inLanguage":"en-US","potentialAction":[{"@type":"ReadAction","target":["https:\/\/gooddealersmeds.com\/fi\/product\/osta-morfiini-sulfaatti-verkosta\/"]}]},{"@type":"ImageObject","inLanguage":"en-US","@id":"https:\/\/gooddealersmeds.com\/fi\/product\/osta-morfiini-sulfaatti-verkosta\/#primaryimage","url":"https:\/\/gooddealersmeds.com\/fi\/wp-content\/uploads\/sites\/6\/2022\/03\/Morphine.jpeg","contentUrl":"https:\/\/gooddealersmeds.com\/fi\/wp-content\/uploads\/sites\/6\/2022\/03\/Morphine.jpeg","width":800,"height":800,"caption":"Buy Morphine Sulfate Online"},{"@type":"BreadcrumbList","@id":"https:\/\/gooddealersmeds.com\/fi\/product\/osta-morfiini-sulfaatti-verkosta\/#breadcrumb","itemListElement":[{"@type":"ListItem","position":1,"name":"Home","item":"https:\/\/gooddealersmeds.com\/fi\/"},{"@type":"ListItem","position":2,"name":"Tuotteet","item":"https:\/\/gooddealersmeds.com\/fi\/tuotteet\/"},{"@type":"ListItem","position":3,"name":"Osta morfiinisulfaattia verkosta"}]},{"@type":"WebSite","@id":"https:\/\/gooddealersmeds.com\/fi\/#website","url":"https:\/\/gooddealersmeds.com\/fi\/","name":"Good Dealers Meds","description":"All our best","publisher":{"@id":"https:\/\/gooddealersmeds.com\/fi\/#organization"},"potentialAction":[{"@type":"SearchAction","target":{"@type":"EntryPoint","urlTemplate":"https:\/\/gooddealersmeds.com\/fi\/?s={search_term_string}"},"query-input":{"@type":"PropertyValueSpecification","valueRequired":true,"valueName":"search_term_string"}}],"inLanguage":"en-US"},{"@type":"Organization","@id":"https:\/\/gooddealersmeds.com\/fi\/#organization","name":"Good Dealers Meds","url":"https:\/\/gooddealersmeds.com\/fi\/","logo":{"@type":"ImageObject","inLanguage":"en-US","@id":"https:\/\/gooddealersmeds.com\/fi\/#\/schema\/logo\/image\/","url":"https:\/\/gooddealersmeds.com\/fi\/wp-content\/uploads\/sites\/6\/2022\/03\/gooddealersmeds__logo__20220317T222800Z.00.png","contentUrl":"https:\/\/gooddealersmeds.com\/fi\/wp-content\/uploads\/sites\/6\/2022\/03\/gooddealersmeds__logo__20220317T222800Z.00.png","width":500,"height":325,"caption":"Good Dealers Meds"},"image":{"@id":"https:\/\/gooddealersmeds.com\/fi\/#\/schema\/logo\/image\/"}}]}},"_links":{"self":[{"href":"https:\/\/gooddealersmeds.com\/fi\/wp-json\/wp\/v2\/product\/1718","targetHints":{"allow":["GET"]}}],"collection":[{"href":"https:\/\/gooddealersmeds.com\/fi\/wp-json\/wp\/v2\/product"}],"about":[{"href":"https:\/\/gooddealersmeds.com\/fi\/wp-json\/wp\/v2\/types\/product"}],"replies":[{"embeddable":true,"href":"https:\/\/gooddealersmeds.com\/fi\/wp-json\/wp\/v2\/comments?post=1718"}],"wp:featuredmedia":[{"embeddable":true,"href":"https:\/\/gooddealersmeds.com\/fi\/wp-json\/wp\/v2\/media\/1727"}],"wp:attachment":[{"href":"https:\/\/gooddealersmeds.com\/fi\/wp-json\/wp\/v2\/media?parent=1718"}],"wp:term":[{"taxonomy":"product_brand","embeddable":true,"href":"https:\/\/gooddealersmeds.com\/fi\/wp-json\/wp\/v2\/product_brand?post=1718"},{"taxonomy":"product_cat","embeddable":true,"href":"https:\/\/gooddealersmeds.com\/fi\/wp-json\/wp\/v2\/product_cat?post=1718"},{"taxonomy":"product_tag","embeddable":true,"href":"https:\/\/gooddealersmeds.com\/fi\/wp-json\/wp\/v2\/product_tag?post=1718"}],"curies":[{"name":"wp","href":"https:\/\/api.w.org\/{rel}","templated":true}]}}