{"id":1715,"date":"2022-03-19T01:50:06","date_gmt":"2022-03-19T01:50:06","guid":{"rendered":"https:\/\/gooddealersmeds.com\/fi\/?post_type=product&#038;p=1715"},"modified":"2023-01-22T21:38:01","modified_gmt":"2023-01-22T21:38:01","slug":"osta-fentanyyli-injektiot-verkosta","status":"publish","type":"product","link":"https:\/\/gooddealersmeds.com\/fi\/product\/osta-fentanyyli-injektiot-verkosta\/","title":{"rendered":"Osta fentanyyliruiskeet verkosta"},"content":{"rendered":"<h2>Hanki fentanyyliruiske verkossa tilaamalla verkkosivustoltamme.<\/h2>\n<p>Fentanyyli-injektioita k\u00e4ytet\u00e4\u00e4n \u00e4\u00e4rimm\u00e4isen kivun hoitoon leikkauksen aikana ja sen j\u00e4lkeen. Sit\u00e4 voidaan my\u00f6s ottaa yhdess\u00e4 muiden l\u00e4\u00e4kkeiden kanssa juuri ennen leikkausta tai sen aikana anestesia-aineen (tunnotusaineen) tehokkuuden lis\u00e4\u00e4miseksi. Osta fentanyyli-injektio verkosta<\/p>\n<p>Fentanyyli kuuluu huumausainekipul\u00e4\u00e4keiksi (kipul\u00e4\u00e4keiksi) kutsuttuun l\u00e4\u00e4keryhm\u00e4\u00e4n. Fentanyyli on voimakas opioidikipul\u00e4\u00e4ke. Se v\u00e4hent\u00e4\u00e4 kipua vaikuttamalla aivoihin tai keskushermostoon (CNS). Keskushermosto on my\u00f6s vastuussa useista sen haittavaikutuksista, mukaan lukien uneliaisuus ja huimaus. fentanyyliruiske myyt\u00e4v\u00e4n\u00e4 &#8211; Fentanyyli-injektion hy\u00f6tyj\u00e4 on arvioitava vaaroihin n\u00e4hden, kun p\u00e4\u00e4tet\u00e4\u00e4n, k\u00e4ytet\u00e4\u00e4nk\u00f6 sit\u00e4. T\u00e4m\u00e4n p\u00e4\u00e4t\u00e4t sin\u00e4 ja l\u00e4\u00e4k\u00e4risi.<\/p>\n<p>Fentanyyli\u00e4 voidaan k\u00e4ytt\u00e4\u00e4 vaikean kivun hoitoon. Sit\u00e4 annetaan, kun muut kipul\u00e4\u00e4kkeet ovat tehottomia tai siet\u00e4m\u00e4tt\u00f6mi\u00e4. Se toimii est\u00e4m\u00e4ll\u00e4 aivojen kivun vastaanottoa. Se kuuluu opioidil\u00e4\u00e4kkeiden ryhm\u00e4\u00e4n.<\/p>\n<p><strong>\u00a0Mik\u00e4 on fentanyyliinjektio ja miten sit\u00e4 k\u00e4ytet\u00e4\u00e4n?<\/strong><\/p>\n<p>T\u00e4t\u00e4 l\u00e4\u00e4kett\u00e4 voidaan k\u00e4ytt\u00e4\u00e4 my\u00f6s muihin tarkoituksiin. \u00c4l\u00e4 koskaan ota enemp\u00e4\u00e4 l\u00e4\u00e4kett\u00e4 kuin on suositeltavaa. ( Osta fentanyyli-injektio verkosta ) Jos sinulla on hengitysvaikeuksia tai tunnet olosi ep\u00e4tavallisen heikoksi tai uneliaiseksi, soita heti h\u00e4t\u00e4apuun. Fentanyyli-injektio voi olla haitallista sinulle, jos olet koskaan kokenut allergisia reaktioita fentanyylille tai muille l\u00e4\u00e4kkeille tai jos sinulla on hengitysongelmia, kuten astma tai jokin keuhkosairaus. Sinun tulee v\u00e4ltt\u00e4\u00e4 fentanyyli\u00e4, jos yrit\u00e4t tulla raskaaksi tai jos olet raskaana tai imet\u00e4t. Se on liittynyt useisiin lapsesi ongelmiin raskauden alkuvaiheessa. On mahdollista, ett\u00e4 jos k\u00e4yt\u00e4t fentanyyli\u00e4 raskauden loppupuolella, syntym\u00e4tt\u00f6m\u00e4lle lapsellesi kehittyy fentanyyliriippuvuus tai vieroitusoireet. On kuitenkin t\u00e4rke\u00e4\u00e4 hallita raskauteen liittyv\u00e4\u00e4 kipua. Fentanyyli voi olla paras ratkaisu tietyille raskaana oleville naisille, joilla on vaikeaa ep\u00e4mukavuutta. L\u00e4\u00e4k\u00e4risi on paras henkil\u00f6, joka opastaa sinua tekem\u00e4\u00e4n parhaan valinnan sinulle ja syntym\u00e4tt\u00f6m\u00e4lle lapsellesi.<\/p>\n<h3><strong>Osta fentanyyli-injektio verkosta &#8211; <\/strong><strong>fentanyyliinjektio myynniss\u00e4 Good Dealers Meds<\/strong><\/h3>\n<p>Vaikka uskot, ett\u00e4 suositeltu annos ei riit\u00e4 hoitoon kipua, <a href=\"https:\/\/gooddealersmeds.com\/fi\/product\/buy-fentanyl-injections-online\/\">tilaa fentanyyli-injektio verkosta<\/a>, on t\u00e4rke\u00e4\u00e4 noudattaa ohjeita tarkasti. Jos uskot tarvitsevasi toisen annoksen, ota ensin yhteytt\u00e4 l\u00e4\u00e4k\u00e4riisi. Liiallinen fentanyyli voi olla vaarallista. Yliannostuksen aiheuttava m\u00e4\u00e4r\u00e4 vaihtelee henkil\u00f6itt\u00e4in. Kuten muutkin opioidit, fentanyyli-injektiot voivat aiheuttaa riippuvuutta, jos niist\u00e4 ei huolehdita.<\/p>\n","protected":false},"excerpt":{"rendered":"<p>Fentanyylisitraatti-injektio, USP on steriili, ei-pyrogeeninen, s\u00e4il\u00f6nt\u00e4aineeton vesiliuos suonensis\u00e4iseen tai<br \/>\nlihaksensis\u00e4inen injektio<\/p>\n","protected":false},"featured_media":1725,"comment_status":"open","ping_status":"closed","template":"","meta":{"inline_featured_image":false},"product_brand":[],"product_cat":[347],"product_tag":[285,284,294,97,105,287,291,288,296,293,295,286,290,289,107,109,110,106,104,108,292],"class_list":{"0":"post-1715","1":"product","2":"type-product","3":"status-publish","4":"has-post-thumbnail","6":"product_cat-opioidi-kipulke","7":"product_tag-buy-fentanyl-injections","8":"product_tag-buy-fentanyl-injections-online-buy-injections","9":"product_tag-buy-fentanyl-injections-online-usa","10":"product_tag-buy-fentanyl-online","11":"product_tag-canada","12":"product_tag-fentanyyli-injektiot-myynniss","13":"product_tag-fentanyyli-injektiot-myynniss-usa","14":"product_tag-injektiot-myytvn","15":"product_tag-is-fentanyl-injections-legal-in-canada","16":"product_tag-is-fentanyl-injections-legal-in-usa","17":"product_tag-miten-tilaa-fentanyyli-injektiot","18":"product_tag-mist-ostaa-fentanyyli-injektiot","19":"product_tag-mist-ostaa-fentanyyli-injektiot-verkosta","20":"product_tag-osta-injektiot-verkossa","21":"product_tag-ostaa","22":"product_tag-toimittajia","23":"product_tag-turvallinen-toimitus","24":"product_tag-uk","25":"product_tag-usa","26":"product_tag-verkossa","27":"product_tag-voit-viel-saada-fentanyyli-injektioita","28":"pa_milliliters-100-ml","29":"pa_milliliters-250-ml","30":"pa_milliliters-50-ml","31":"pa_milliliters-500-ml","33":"first","34":"instock","35":"featured","36":"shipping-taxable","37":"purchasable","38":"product-type-variable","39":"has-default-attributes"},"yoast_head":"<!-- This site is optimized with the Yoast SEO Premium plugin v20.6 (Yoast SEO v27.3) - https:\/\/yoast.com\/product\/yoast-seo-premium-wordpress\/ -->\n<title>Osta fentanyyli-injektio verkosta | tilaa fentanyyliruiske Good Dealers Meds<\/title>\n<meta name=\"description\" content=\"Osta fentanyyli-injektio verkosta, USP on steriili, ei-pyrogeeninen, s\u00e4il\u00f6nt\u00e4aineeton vesiliuos suonensis\u00e4iseen tai lihaksensis\u00e4iseen injektioon\" \/>\n<meta name=\"robots\" content=\"index, follow, max-snippet:-1, max-image-preview:large, max-video-preview:-1\" \/>\n<link rel=\"canonical\" href=\"https:\/\/gooddealersmeds.com\/fi\/product\/osta-fentanyyli-injektiot-verkosta\/\" \/>\n<meta property=\"og:locale\" content=\"en_US\" \/>\n<meta property=\"og:type\" content=\"article\" \/>\n<meta property=\"og:title\" content=\"Osta fentanyyliruiskeet verkosta\" \/>\n<meta property=\"og:description\" content=\"Osta fentanyyli-injektio verkosta, USP on steriili, ei-pyrogeeninen, s\u00e4il\u00f6nt\u00e4aineeton vesiliuos suonensis\u00e4iseen tai lihaksensis\u00e4iseen injektioon\" \/>\n<meta property=\"og:url\" content=\"https:\/\/gooddealersmeds.com\/fi\/product\/osta-fentanyyli-injektiot-verkosta\/\" \/>\n<meta property=\"og:site_name\" content=\"Good Dealers Meds\" \/>\n<meta property=\"article:modified_time\" content=\"2023-01-22T21:38:01+00:00\" \/>\n<meta property=\"og:image\" content=\"https:\/\/gooddealersmeds.com\/fi\/wp-content\/uploads\/sites\/6\/2022\/03\/buy-fentanyl-injections-online.jpg\" \/>\n\t<meta property=\"og:image:width\" content=\"600\" \/>\n\t<meta property=\"og:image:height\" content=\"600\" \/>\n\t<meta property=\"og:image:type\" content=\"image\/jpeg\" \/>\n<meta name=\"twitter:card\" content=\"summary_large_image\" \/>\n<meta name=\"twitter:label1\" content=\"Est. reading time\" \/>\n\t<meta name=\"twitter:data1\" content=\"2 minutes\" \/>\n<script type=\"application\/ld+json\" class=\"yoast-schema-graph\">{\"@context\":\"https:\\\/\\\/schema.org\",\"@graph\":[{\"@type\":\"WebPage\",\"@id\":\"https:\\\/\\\/gooddealersmeds.com\\\/fi\\\/product\\\/osta-fentanyyli-injektiot-verkosta\\\/\",\"url\":\"https:\\\/\\\/gooddealersmeds.com\\\/fi\\\/product\\\/osta-fentanyyli-injektiot-verkosta\\\/\",\"name\":\"Osta fentanyyli-injektio verkosta | tilaa fentanyyliruiske Good Dealers Meds\",\"isPartOf\":{\"@id\":\"https:\\\/\\\/gooddealersmeds.com\\\/fi\\\/#website\"},\"primaryImageOfPage\":{\"@id\":\"https:\\\/\\\/gooddealersmeds.com\\\/fi\\\/product\\\/osta-fentanyyli-injektiot-verkosta\\\/#primaryimage\"},\"image\":{\"@id\":\"https:\\\/\\\/gooddealersmeds.com\\\/fi\\\/product\\\/osta-fentanyyli-injektiot-verkosta\\\/#primaryimage\"},\"thumbnailUrl\":\"https:\\\/\\\/gooddealersmeds.com\\\/fi\\\/wp-content\\\/uploads\\\/sites\\\/6\\\/2022\\\/03\\\/buy-fentanyl-injections-online.jpg\",\"datePublished\":\"2022-03-19T01:50:06+00:00\",\"dateModified\":\"2023-01-22T21:38:01+00:00\",\"description\":\"Osta fentanyyli-injektio verkosta, USP on steriili, ei-pyrogeeninen, s\u00e4il\u00f6nt\u00e4aineeton vesiliuos suonensis\u00e4iseen tai lihaksensis\u00e4iseen injektioon\",\"breadcrumb\":{\"@id\":\"https:\\\/\\\/gooddealersmeds.com\\\/fi\\\/product\\\/osta-fentanyyli-injektiot-verkosta\\\/#breadcrumb\"},\"inLanguage\":\"en-US\",\"potentialAction\":[{\"@type\":\"ReadAction\",\"target\":[\"https:\\\/\\\/gooddealersmeds.com\\\/fi\\\/product\\\/osta-fentanyyli-injektiot-verkosta\\\/\"]}]},{\"@type\":\"ImageObject\",\"inLanguage\":\"en-US\",\"@id\":\"https:\\\/\\\/gooddealersmeds.com\\\/fi\\\/product\\\/osta-fentanyyli-injektiot-verkosta\\\/#primaryimage\",\"url\":\"https:\\\/\\\/gooddealersmeds.com\\\/fi\\\/wp-content\\\/uploads\\\/sites\\\/6\\\/2022\\\/03\\\/buy-fentanyl-injections-online.jpg\",\"contentUrl\":\"https:\\\/\\\/gooddealersmeds.com\\\/fi\\\/wp-content\\\/uploads\\\/sites\\\/6\\\/2022\\\/03\\\/buy-fentanyl-injections-online.jpg\",\"width\":600,\"height\":600,\"caption\":\"Buy fentanyl Injections Online\"},{\"@type\":\"BreadcrumbList\",\"@id\":\"https:\\\/\\\/gooddealersmeds.com\\\/fi\\\/product\\\/osta-fentanyyli-injektiot-verkosta\\\/#breadcrumb\",\"itemListElement\":[{\"@type\":\"ListItem\",\"position\":1,\"name\":\"Home\",\"item\":\"https:\\\/\\\/gooddealersmeds.com\\\/fi\\\/\"},{\"@type\":\"ListItem\",\"position\":2,\"name\":\"Tuotteet\",\"item\":\"https:\\\/\\\/gooddealersmeds.com\\\/fi\\\/tuotteet\\\/\"},{\"@type\":\"ListItem\",\"position\":3,\"name\":\"Osta fentanyyliruiskeet verkosta\"}]},{\"@type\":\"WebSite\",\"@id\":\"https:\\\/\\\/gooddealersmeds.com\\\/fi\\\/#website\",\"url\":\"https:\\\/\\\/gooddealersmeds.com\\\/fi\\\/\",\"name\":\"Good Dealers Meds\",\"description\":\"All our best\",\"publisher\":{\"@id\":\"https:\\\/\\\/gooddealersmeds.com\\\/fi\\\/#organization\"},\"potentialAction\":[{\"@type\":\"SearchAction\",\"target\":{\"@type\":\"EntryPoint\",\"urlTemplate\":\"https:\\\/\\\/gooddealersmeds.com\\\/fi\\\/?s={search_term_string}\"},\"query-input\":{\"@type\":\"PropertyValueSpecification\",\"valueRequired\":true,\"valueName\":\"search_term_string\"}}],\"inLanguage\":\"en-US\"},{\"@type\":\"Organization\",\"@id\":\"https:\\\/\\\/gooddealersmeds.com\\\/fi\\\/#organization\",\"name\":\"Good Dealers Meds\",\"url\":\"https:\\\/\\\/gooddealersmeds.com\\\/fi\\\/\",\"logo\":{\"@type\":\"ImageObject\",\"inLanguage\":\"en-US\",\"@id\":\"https:\\\/\\\/gooddealersmeds.com\\\/fi\\\/#\\\/schema\\\/logo\\\/image\\\/\",\"url\":\"https:\\\/\\\/gooddealersmeds.com\\\/fi\\\/wp-content\\\/uploads\\\/sites\\\/6\\\/2022\\\/03\\\/gooddealersmeds__logo__20220317T222800Z.00.png\",\"contentUrl\":\"https:\\\/\\\/gooddealersmeds.com\\\/fi\\\/wp-content\\\/uploads\\\/sites\\\/6\\\/2022\\\/03\\\/gooddealersmeds__logo__20220317T222800Z.00.png\",\"width\":500,\"height\":325,\"caption\":\"Good Dealers Meds\"},\"image\":{\"@id\":\"https:\\\/\\\/gooddealersmeds.com\\\/fi\\\/#\\\/schema\\\/logo\\\/image\\\/\"}}]}<\/script>\n<!-- \/ Yoast SEO Premium plugin. -->","yoast_head_json":{"title":"Osta fentanyyli-injektio verkosta | tilaa fentanyyliruiske Good Dealers Meds","description":"Osta fentanyyli-injektio verkosta, USP on steriili, ei-pyrogeeninen, s\u00e4il\u00f6nt\u00e4aineeton vesiliuos suonensis\u00e4iseen tai lihaksensis\u00e4iseen injektioon","robots":{"index":"index","follow":"follow","max-snippet":"max-snippet:-1","max-image-preview":"max-image-preview:large","max-video-preview":"max-video-preview:-1"},"canonical":"https:\/\/gooddealersmeds.com\/fi\/product\/osta-fentanyyli-injektiot-verkosta\/","og_locale":"en_US","og_type":"article","og_title":"Osta fentanyyliruiskeet verkosta","og_description":"Osta fentanyyli-injektio verkosta, USP on steriili, ei-pyrogeeninen, s\u00e4il\u00f6nt\u00e4aineeton vesiliuos suonensis\u00e4iseen tai lihaksensis\u00e4iseen injektioon","og_url":"https:\/\/gooddealersmeds.com\/fi\/product\/osta-fentanyyli-injektiot-verkosta\/","og_site_name":"Good Dealers Meds","article_modified_time":"2023-01-22T21:38:01+00:00","og_image":[{"width":600,"height":600,"url":"https:\/\/gooddealersmeds.com\/fi\/wp-content\/uploads\/sites\/6\/2022\/03\/buy-fentanyl-injections-online.jpg","type":"image\/jpeg"}],"twitter_card":"summary_large_image","twitter_misc":{"Est. reading time":"2 minutes"},"schema":{"@context":"https:\/\/schema.org","@graph":[{"@type":"WebPage","@id":"https:\/\/gooddealersmeds.com\/fi\/product\/osta-fentanyyli-injektiot-verkosta\/","url":"https:\/\/gooddealersmeds.com\/fi\/product\/osta-fentanyyli-injektiot-verkosta\/","name":"Osta fentanyyli-injektio verkosta | tilaa fentanyyliruiske Good Dealers Meds","isPartOf":{"@id":"https:\/\/gooddealersmeds.com\/fi\/#website"},"primaryImageOfPage":{"@id":"https:\/\/gooddealersmeds.com\/fi\/product\/osta-fentanyyli-injektiot-verkosta\/#primaryimage"},"image":{"@id":"https:\/\/gooddealersmeds.com\/fi\/product\/osta-fentanyyli-injektiot-verkosta\/#primaryimage"},"thumbnailUrl":"https:\/\/gooddealersmeds.com\/fi\/wp-content\/uploads\/sites\/6\/2022\/03\/buy-fentanyl-injections-online.jpg","datePublished":"2022-03-19T01:50:06+00:00","dateModified":"2023-01-22T21:38:01+00:00","description":"Osta fentanyyli-injektio verkosta, USP on steriili, ei-pyrogeeninen, s\u00e4il\u00f6nt\u00e4aineeton vesiliuos suonensis\u00e4iseen tai lihaksensis\u00e4iseen injektioon","breadcrumb":{"@id":"https:\/\/gooddealersmeds.com\/fi\/product\/osta-fentanyyli-injektiot-verkosta\/#breadcrumb"},"inLanguage":"en-US","potentialAction":[{"@type":"ReadAction","target":["https:\/\/gooddealersmeds.com\/fi\/product\/osta-fentanyyli-injektiot-verkosta\/"]}]},{"@type":"ImageObject","inLanguage":"en-US","@id":"https:\/\/gooddealersmeds.com\/fi\/product\/osta-fentanyyli-injektiot-verkosta\/#primaryimage","url":"https:\/\/gooddealersmeds.com\/fi\/wp-content\/uploads\/sites\/6\/2022\/03\/buy-fentanyl-injections-online.jpg","contentUrl":"https:\/\/gooddealersmeds.com\/fi\/wp-content\/uploads\/sites\/6\/2022\/03\/buy-fentanyl-injections-online.jpg","width":600,"height":600,"caption":"Buy fentanyl Injections Online"},{"@type":"BreadcrumbList","@id":"https:\/\/gooddealersmeds.com\/fi\/product\/osta-fentanyyli-injektiot-verkosta\/#breadcrumb","itemListElement":[{"@type":"ListItem","position":1,"name":"Home","item":"https:\/\/gooddealersmeds.com\/fi\/"},{"@type":"ListItem","position":2,"name":"Tuotteet","item":"https:\/\/gooddealersmeds.com\/fi\/tuotteet\/"},{"@type":"ListItem","position":3,"name":"Osta fentanyyliruiskeet verkosta"}]},{"@type":"WebSite","@id":"https:\/\/gooddealersmeds.com\/fi\/#website","url":"https:\/\/gooddealersmeds.com\/fi\/","name":"Good Dealers Meds","description":"All our best","publisher":{"@id":"https:\/\/gooddealersmeds.com\/fi\/#organization"},"potentialAction":[{"@type":"SearchAction","target":{"@type":"EntryPoint","urlTemplate":"https:\/\/gooddealersmeds.com\/fi\/?s={search_term_string}"},"query-input":{"@type":"PropertyValueSpecification","valueRequired":true,"valueName":"search_term_string"}}],"inLanguage":"en-US"},{"@type":"Organization","@id":"https:\/\/gooddealersmeds.com\/fi\/#organization","name":"Good Dealers Meds","url":"https:\/\/gooddealersmeds.com\/fi\/","logo":{"@type":"ImageObject","inLanguage":"en-US","@id":"https:\/\/gooddealersmeds.com\/fi\/#\/schema\/logo\/image\/","url":"https:\/\/gooddealersmeds.com\/fi\/wp-content\/uploads\/sites\/6\/2022\/03\/gooddealersmeds__logo__20220317T222800Z.00.png","contentUrl":"https:\/\/gooddealersmeds.com\/fi\/wp-content\/uploads\/sites\/6\/2022\/03\/gooddealersmeds__logo__20220317T222800Z.00.png","width":500,"height":325,"caption":"Good Dealers Meds"},"image":{"@id":"https:\/\/gooddealersmeds.com\/fi\/#\/schema\/logo\/image\/"}}]}},"_links":{"self":[{"href":"https:\/\/gooddealersmeds.com\/fi\/wp-json\/wp\/v2\/product\/1715","targetHints":{"allow":["GET"]}}],"collection":[{"href":"https:\/\/gooddealersmeds.com\/fi\/wp-json\/wp\/v2\/product"}],"about":[{"href":"https:\/\/gooddealersmeds.com\/fi\/wp-json\/wp\/v2\/types\/product"}],"replies":[{"embeddable":true,"href":"https:\/\/gooddealersmeds.com\/fi\/wp-json\/wp\/v2\/comments?post=1715"}],"wp:featuredmedia":[{"embeddable":true,"href":"https:\/\/gooddealersmeds.com\/fi\/wp-json\/wp\/v2\/media\/1725"}],"wp:attachment":[{"href":"https:\/\/gooddealersmeds.com\/fi\/wp-json\/wp\/v2\/media?parent=1715"}],"wp:term":[{"taxonomy":"product_brand","embeddable":true,"href":"https:\/\/gooddealersmeds.com\/fi\/wp-json\/wp\/v2\/product_brand?post=1715"},{"taxonomy":"product_cat","embeddable":true,"href":"https:\/\/gooddealersmeds.com\/fi\/wp-json\/wp\/v2\/product_cat?post=1715"},{"taxonomy":"product_tag","embeddable":true,"href":"https:\/\/gooddealersmeds.com\/fi\/wp-json\/wp\/v2\/product_tag?post=1715"}],"curies":[{"name":"wp","href":"https:\/\/api.w.org\/{rel}","templated":true}]}}