{"id":1701,"date":"2022-03-19T01:31:58","date_gmt":"2022-03-19T01:31:58","guid":{"rendered":"https:\/\/gooddealersmeds.com\/fi\/?post_type=product&#038;p=1701"},"modified":"2023-01-22T21:45:43","modified_gmt":"2023-01-22T21:45:43","slug":"osta-ketamiini-neste-verkosta","status":"publish","type":"product","link":"https:\/\/gooddealersmeds.com\/fi\/product\/osta-ketamiini-neste-verkosta\/","title":{"rendered":"Osta ketamiininestett\u00e4 verkosta"},"content":{"rendered":"<h2>Mist\u00e4 saada ketamiininestett\u00e4 luotettavalta toimittajalta<\/h2>\n<p>Osta ketamiininestett\u00e4 verkosta ilman vaivaa ja ilman piilokuluja teollisuuskemikaalista verkosta. Ketamiini on ainutlaatuinen l\u00e4\u00e4ke, ja ihmiset ovat s\u00e4ik\u00e4ht\u00e4neet, loukkaantuneet, ry\u00f6stetty tai hapuilleet, koska he eiv\u00e4t olleet tietoisia ketamiinin &#8220;dissosiatiivisista&#8221; ominaisuuksista.<\/p>\n<p>Ketamiini voi aiheuttaa ep\u00e4todellisuuden tunteita sek\u00e4 visuaalisia ja aistillisia tuntemuksia. v\u00e4\u00e4ristym\u00e4t, v\u00e4\u00e4ristynyt tunne omasta kehosta, tilap\u00e4isesti omituiset ajatukset ja uskomukset sek\u00e4 innostus tai surina.<\/p>\n<p>Vaikka ketamiini kest\u00e4\u00e4 vain 15-40 minuuttia, se erottaa tajunnan kehosta, jolloin se ei pysty tunne tai hallitse kehoasi varmasti. K\u00e4vely, juokseminen tai edes liikkuminen voi olla mahdotonta, mik\u00e4 voi olla haitallista, jos joudut yht\u00e4kki\u00e4 vaaralliseen tilanteeseen.<\/p>\n<p>Dissosiatiiviset l\u00e4\u00e4kkeet voivat aiheuttaa n\u00e4\u00f6n, v\u00e4rin, \u00e4\u00e4nen, itsens\u00e4 ja ymp\u00e4rist\u00f6n v\u00e4\u00e4ristymist\u00e4. Ketamiini on kirkas neste tai luonnonvalkoinen jauhe suonensis\u00e4iseen injektioon tai nen\u00e4sumutteeseen, Osta ketamiininestett\u00e4 verkosta<\/p>\n<p>Miksi ketamiinia k\u00e4ytet\u00e4\u00e4n l\u00e4\u00e4ketieteellisesti? Ketamiini voi lievitt\u00e4\u00e4 kipua ja aiheuttaa lyhytaikaista muistin menetyst\u00e4 (esimerkiksi l\u00e4\u00e4ketieteellisen toimenpiteen amnesiaa).<\/p>\n<p><strong>Tilaa Ketamiininestett\u00e4 t\u00e4\u00e4lt\u00e4 ja toimita se kotiovellesi<\/strong><\/p>\n<ul>\n<li><a href=\"https:\/\/gooddealersmeds.com\/fi\/product\/buy -ketamine-liquid-online\/\">Ketamiini<\/a> est\u00e4\u00e4 N-metyyli-D-aspartaatti (<a href=\"https:\/\/fi.wikipedia.org\/wiki\/Ketamiini\">NMDA<\/a>) -kohdan, ja se v\u00e4hent\u00e4\u00e4 nopeasti masennuksen oireita ja akuutteja itsemurha-ajatuksia.<\/li>\n<li>Leikkauksessa sit\u00e4 k\u00e4ytet\u00e4\u00e4n induktio- ja yll\u00e4pitoaineena sedaatiossa ja yleisanestesiassa.<\/li>\n<li>Sit\u00e4 on k\u00e4ytetty my\u00f6s kivunhallintaan palovammoissa, taistelukentt\u00e4vammoissa ja lapsilla, jotka eiv\u00e4t voi k\u00e4ytt\u00e4\u00e4 muita anestesia-aineita. sivuvaikutusten tai allergioiden vuoksi.<\/li>\n<\/ul>\n<p>Koska suuria haittavaikutuksia, kuten syd\u00e4men rytmih\u00e4iri\u00f6it\u00e4, saattaa esiinty\u00e4, on k\u00e4ytett\u00e4v\u00e4 amiodaronia tai droksidopaa. T\u00e4m\u00e4 ei ole tyhjent\u00e4v\u00e4 luettelo kaikista mahdollisista vuorovaikutuksista. Kysy l\u00e4\u00e4k\u00e4rilt\u00e4si, voiko ketamiini h\u00e4irit\u00e4 muita k\u00e4ytt\u00e4mi\u00e4si l\u00e4\u00e4kkeit\u00e4. Ennen kuin aloitat tai lopetat, keskustele terveydenhuollon tarjoajasi kanssa.<\/p>\n<p>Osta Ketamiininestett\u00e4 verkosta osoitteesta <a href=\"https:\/\/gooddealersmeds.com\/fi\">gooddealersmeds.com\/fi<\/a>. Parhaat tarjoukset! Saatavana eritt\u00e4in puhdasta ketamiinijauhetta ja nestett\u00e4 injektiota varten. Resepti\u00e4 ei vaadita. Huomaamaton pakkaus. Ilmainen toimitus maailmanlaajuisesti.<\/p>\n","protected":false},"excerpt":{"rendered":"<p>MYYT\u00c4V\u00c4N NESTEM\u00c4INEN KETAMIINI on anestesia, ketamiini on itse asiassa erityinen anestesia, joka tunnetaan dissosiatiivisena anestesiana.<\/p>\n","protected":false},"featured_media":1866,"comment_status":"open","ping_status":"closed","template":"","meta":{"inline_featured_image":false},"product_brand":[],"product_cat":[347],"product_tag":[264,265,266,268,269,270,267,272,271,278,274,273,275,276,277,279,280,281,282,283],"class_list":{"0":"post-1701","1":"product","2":"type-product","3":"status-publish","4":"has-post-thumbnail","6":"product_cat-opioidi-kipulke","7":"product_tag-gymnopilus-aeruginosus","8":"product_tag-gymnopilus-luteofolius","9":"product_tag-gymnopilus-luteoviridis","10":"product_tag-gymnopilus-purpuratus","11":"product_tag-gymnopilus-viridans","12":"product_tag-inocybe-aeruginascens","13":"product_tag-gymnopilus-keltainen","14":"product_tag-mycena-syanorrhiza","15":"product_tag-nauru-kuntosali","16":"product_tag-hyllypaju","17":"product_tag-panaeolus-cyanescens","18":"product_tag-panaeolus-vy","19":"product_tag-pholiotina-cyanopus","20":"product_tag-pholiotina-smithii","21":"product_tag-pluteus-nigroviridis","22":"product_tag-pluteus-villosus","23":"product_tag-psilocybe-allenii","24":"product_tag-psilocybe-azurescens","25":"product_tag-psilocybe-mexicana","26":"product_tag-psilocybe-subaeruginosa","27":"pa_milliliters-100-ml","28":"pa_milliliters-250-ml","29":"pa_milliliters-50-ml","30":"pa_milliliters-500-ml","32":"first","33":"instock","34":"featured","35":"shipping-taxable","36":"purchasable","37":"product-type-variable","38":"has-default-attributes"},"yoast_head":"<!-- This site is optimized with the Yoast SEO Premium plugin v20.6 (Yoast SEO v27.3) - https:\/\/yoast.com\/product\/yoast-seo-premium-wordpress\/ -->\n<title>Osta ketamiininestett\u00e4 verkosta | Ketamiini Myyt\u00e4v\u00e4n\u00e4 | GoodDealersMeds<\/title>\n<meta name=\"description\" content=\"Osta ketamiininestett\u00e4 verkosta; itse asiassa erityinen anestesia, joka tunnetaan dissosiatiivisena anestesiana, mik\u00e4 johtaa osittaiseen tuntoherkkyyden menetykseen.\" \/>\n<meta name=\"robots\" content=\"index, follow, max-snippet:-1, max-image-preview:large, max-video-preview:-1\" \/>\n<link rel=\"canonical\" href=\"https:\/\/gooddealersmeds.com\/fi\/product\/osta-ketamiini-neste-verkosta\/\" \/>\n<meta property=\"og:locale\" content=\"en_US\" \/>\n<meta property=\"og:type\" content=\"article\" \/>\n<meta property=\"og:title\" content=\"Osta ketamiininestett\u00e4 verkosta\" \/>\n<meta property=\"og:description\" content=\"Osta ketamiininestett\u00e4 verkosta; itse asiassa erityinen anestesia, joka tunnetaan dissosiatiivisena anestesiana, mik\u00e4 johtaa osittaiseen tuntoherkkyyden menetykseen.\" \/>\n<meta property=\"og:url\" content=\"https:\/\/gooddealersmeds.com\/fi\/product\/osta-ketamiini-neste-verkosta\/\" \/>\n<meta property=\"og:site_name\" content=\"Good Dealers Meds\" \/>\n<meta property=\"article:modified_time\" content=\"2023-01-22T21:45:43+00:00\" \/>\n<meta property=\"og:image\" content=\"https:\/\/gooddealersmeds.com\/fi\/wp-content\/uploads\/sites\/6\/2022\/03\/page_1_thumb_large.jpg\" \/>\n\t<meta property=\"og:image:width\" content=\"480\" \/>\n\t<meta property=\"og:image:height\" content=\"360\" \/>\n\t<meta property=\"og:image:type\" content=\"image\/jpeg\" \/>\n<meta name=\"twitter:card\" content=\"summary_large_image\" \/>\n<meta name=\"twitter:label1\" content=\"Est. reading time\" \/>\n\t<meta name=\"twitter:data1\" content=\"2 minutes\" \/>\n<script type=\"application\/ld+json\" class=\"yoast-schema-graph\">{\"@context\":\"https:\\\/\\\/schema.org\",\"@graph\":[{\"@type\":\"WebPage\",\"@id\":\"https:\\\/\\\/gooddealersmeds.com\\\/fi\\\/product\\\/osta-ketamiini-neste-verkosta\\\/\",\"url\":\"https:\\\/\\\/gooddealersmeds.com\\\/fi\\\/product\\\/osta-ketamiini-neste-verkosta\\\/\",\"name\":\"Osta ketamiininestett\u00e4 verkosta | Ketamiini Myyt\u00e4v\u00e4n\u00e4 | GoodDealersMeds\",\"isPartOf\":{\"@id\":\"https:\\\/\\\/gooddealersmeds.com\\\/fi\\\/#website\"},\"primaryImageOfPage\":{\"@id\":\"https:\\\/\\\/gooddealersmeds.com\\\/fi\\\/product\\\/osta-ketamiini-neste-verkosta\\\/#primaryimage\"},\"image\":{\"@id\":\"https:\\\/\\\/gooddealersmeds.com\\\/fi\\\/product\\\/osta-ketamiini-neste-verkosta\\\/#primaryimage\"},\"thumbnailUrl\":\"https:\\\/\\\/gooddealersmeds.com\\\/fi\\\/wp-content\\\/uploads\\\/sites\\\/6\\\/2022\\\/03\\\/page_1_thumb_large.jpg\",\"datePublished\":\"2022-03-19T01:31:58+00:00\",\"dateModified\":\"2023-01-22T21:45:43+00:00\",\"description\":\"Osta ketamiininestett\u00e4 verkosta; itse asiassa erityinen anestesia, joka tunnetaan dissosiatiivisena anestesiana, mik\u00e4 johtaa osittaiseen tuntoherkkyyden menetykseen.\",\"breadcrumb\":{\"@id\":\"https:\\\/\\\/gooddealersmeds.com\\\/fi\\\/product\\\/osta-ketamiini-neste-verkosta\\\/#breadcrumb\"},\"inLanguage\":\"en-US\",\"potentialAction\":[{\"@type\":\"ReadAction\",\"target\":[\"https:\\\/\\\/gooddealersmeds.com\\\/fi\\\/product\\\/osta-ketamiini-neste-verkosta\\\/\"]}]},{\"@type\":\"ImageObject\",\"inLanguage\":\"en-US\",\"@id\":\"https:\\\/\\\/gooddealersmeds.com\\\/fi\\\/product\\\/osta-ketamiini-neste-verkosta\\\/#primaryimage\",\"url\":\"https:\\\/\\\/gooddealersmeds.com\\\/fi\\\/wp-content\\\/uploads\\\/sites\\\/6\\\/2022\\\/03\\\/page_1_thumb_large.jpg\",\"contentUrl\":\"https:\\\/\\\/gooddealersmeds.com\\\/fi\\\/wp-content\\\/uploads\\\/sites\\\/6\\\/2022\\\/03\\\/page_1_thumb_large.jpg\",\"width\":480,\"height\":360,\"caption\":\"Buy Ketamine Liquid Online\"},{\"@type\":\"BreadcrumbList\",\"@id\":\"https:\\\/\\\/gooddealersmeds.com\\\/fi\\\/product\\\/osta-ketamiini-neste-verkosta\\\/#breadcrumb\",\"itemListElement\":[{\"@type\":\"ListItem\",\"position\":1,\"name\":\"Home\",\"item\":\"https:\\\/\\\/gooddealersmeds.com\\\/fi\\\/\"},{\"@type\":\"ListItem\",\"position\":2,\"name\":\"Tuotteet\",\"item\":\"https:\\\/\\\/gooddealersmeds.com\\\/fi\\\/tuotteet\\\/\"},{\"@type\":\"ListItem\",\"position\":3,\"name\":\"Osta ketamiininestett\u00e4 verkosta\"}]},{\"@type\":\"WebSite\",\"@id\":\"https:\\\/\\\/gooddealersmeds.com\\\/fi\\\/#website\",\"url\":\"https:\\\/\\\/gooddealersmeds.com\\\/fi\\\/\",\"name\":\"Good Dealers Meds\",\"description\":\"All our best\",\"publisher\":{\"@id\":\"https:\\\/\\\/gooddealersmeds.com\\\/fi\\\/#organization\"},\"potentialAction\":[{\"@type\":\"SearchAction\",\"target\":{\"@type\":\"EntryPoint\",\"urlTemplate\":\"https:\\\/\\\/gooddealersmeds.com\\\/fi\\\/?s={search_term_string}\"},\"query-input\":{\"@type\":\"PropertyValueSpecification\",\"valueRequired\":true,\"valueName\":\"search_term_string\"}}],\"inLanguage\":\"en-US\"},{\"@type\":\"Organization\",\"@id\":\"https:\\\/\\\/gooddealersmeds.com\\\/fi\\\/#organization\",\"name\":\"Good Dealers Meds\",\"url\":\"https:\\\/\\\/gooddealersmeds.com\\\/fi\\\/\",\"logo\":{\"@type\":\"ImageObject\",\"inLanguage\":\"en-US\",\"@id\":\"https:\\\/\\\/gooddealersmeds.com\\\/fi\\\/#\\\/schema\\\/logo\\\/image\\\/\",\"url\":\"https:\\\/\\\/gooddealersmeds.com\\\/fi\\\/wp-content\\\/uploads\\\/sites\\\/6\\\/2022\\\/03\\\/gooddealersmeds__logo__20220317T222800Z.00.png\",\"contentUrl\":\"https:\\\/\\\/gooddealersmeds.com\\\/fi\\\/wp-content\\\/uploads\\\/sites\\\/6\\\/2022\\\/03\\\/gooddealersmeds__logo__20220317T222800Z.00.png\",\"width\":500,\"height\":325,\"caption\":\"Good Dealers Meds\"},\"image\":{\"@id\":\"https:\\\/\\\/gooddealersmeds.com\\\/fi\\\/#\\\/schema\\\/logo\\\/image\\\/\"}}]}<\/script>\n<!-- \/ Yoast SEO Premium plugin. -->","yoast_head_json":{"title":"Osta ketamiininestett\u00e4 verkosta | Ketamiini Myyt\u00e4v\u00e4n\u00e4 | GoodDealersMeds","description":"Osta ketamiininestett\u00e4 verkosta; itse asiassa erityinen anestesia, joka tunnetaan dissosiatiivisena anestesiana, mik\u00e4 johtaa osittaiseen tuntoherkkyyden menetykseen.","robots":{"index":"index","follow":"follow","max-snippet":"max-snippet:-1","max-image-preview":"max-image-preview:large","max-video-preview":"max-video-preview:-1"},"canonical":"https:\/\/gooddealersmeds.com\/fi\/product\/osta-ketamiini-neste-verkosta\/","og_locale":"en_US","og_type":"article","og_title":"Osta ketamiininestett\u00e4 verkosta","og_description":"Osta ketamiininestett\u00e4 verkosta; itse asiassa erityinen anestesia, joka tunnetaan dissosiatiivisena anestesiana, mik\u00e4 johtaa osittaiseen tuntoherkkyyden menetykseen.","og_url":"https:\/\/gooddealersmeds.com\/fi\/product\/osta-ketamiini-neste-verkosta\/","og_site_name":"Good Dealers Meds","article_modified_time":"2023-01-22T21:45:43+00:00","og_image":[{"width":480,"height":360,"url":"https:\/\/gooddealersmeds.com\/fi\/wp-content\/uploads\/sites\/6\/2022\/03\/page_1_thumb_large.jpg","type":"image\/jpeg"}],"twitter_card":"summary_large_image","twitter_misc":{"Est. reading time":"2 minutes"},"schema":{"@context":"https:\/\/schema.org","@graph":[{"@type":"WebPage","@id":"https:\/\/gooddealersmeds.com\/fi\/product\/osta-ketamiini-neste-verkosta\/","url":"https:\/\/gooddealersmeds.com\/fi\/product\/osta-ketamiini-neste-verkosta\/","name":"Osta ketamiininestett\u00e4 verkosta | Ketamiini Myyt\u00e4v\u00e4n\u00e4 | GoodDealersMeds","isPartOf":{"@id":"https:\/\/gooddealersmeds.com\/fi\/#website"},"primaryImageOfPage":{"@id":"https:\/\/gooddealersmeds.com\/fi\/product\/osta-ketamiini-neste-verkosta\/#primaryimage"},"image":{"@id":"https:\/\/gooddealersmeds.com\/fi\/product\/osta-ketamiini-neste-verkosta\/#primaryimage"},"thumbnailUrl":"https:\/\/gooddealersmeds.com\/fi\/wp-content\/uploads\/sites\/6\/2022\/03\/page_1_thumb_large.jpg","datePublished":"2022-03-19T01:31:58+00:00","dateModified":"2023-01-22T21:45:43+00:00","description":"Osta ketamiininestett\u00e4 verkosta; itse asiassa erityinen anestesia, joka tunnetaan dissosiatiivisena anestesiana, mik\u00e4 johtaa osittaiseen tuntoherkkyyden menetykseen.","breadcrumb":{"@id":"https:\/\/gooddealersmeds.com\/fi\/product\/osta-ketamiini-neste-verkosta\/#breadcrumb"},"inLanguage":"en-US","potentialAction":[{"@type":"ReadAction","target":["https:\/\/gooddealersmeds.com\/fi\/product\/osta-ketamiini-neste-verkosta\/"]}]},{"@type":"ImageObject","inLanguage":"en-US","@id":"https:\/\/gooddealersmeds.com\/fi\/product\/osta-ketamiini-neste-verkosta\/#primaryimage","url":"https:\/\/gooddealersmeds.com\/fi\/wp-content\/uploads\/sites\/6\/2022\/03\/page_1_thumb_large.jpg","contentUrl":"https:\/\/gooddealersmeds.com\/fi\/wp-content\/uploads\/sites\/6\/2022\/03\/page_1_thumb_large.jpg","width":480,"height":360,"caption":"Buy Ketamine Liquid Online"},{"@type":"BreadcrumbList","@id":"https:\/\/gooddealersmeds.com\/fi\/product\/osta-ketamiini-neste-verkosta\/#breadcrumb","itemListElement":[{"@type":"ListItem","position":1,"name":"Home","item":"https:\/\/gooddealersmeds.com\/fi\/"},{"@type":"ListItem","position":2,"name":"Tuotteet","item":"https:\/\/gooddealersmeds.com\/fi\/tuotteet\/"},{"@type":"ListItem","position":3,"name":"Osta ketamiininestett\u00e4 verkosta"}]},{"@type":"WebSite","@id":"https:\/\/gooddealersmeds.com\/fi\/#website","url":"https:\/\/gooddealersmeds.com\/fi\/","name":"Good Dealers Meds","description":"All our best","publisher":{"@id":"https:\/\/gooddealersmeds.com\/fi\/#organization"},"potentialAction":[{"@type":"SearchAction","target":{"@type":"EntryPoint","urlTemplate":"https:\/\/gooddealersmeds.com\/fi\/?s={search_term_string}"},"query-input":{"@type":"PropertyValueSpecification","valueRequired":true,"valueName":"search_term_string"}}],"inLanguage":"en-US"},{"@type":"Organization","@id":"https:\/\/gooddealersmeds.com\/fi\/#organization","name":"Good Dealers Meds","url":"https:\/\/gooddealersmeds.com\/fi\/","logo":{"@type":"ImageObject","inLanguage":"en-US","@id":"https:\/\/gooddealersmeds.com\/fi\/#\/schema\/logo\/image\/","url":"https:\/\/gooddealersmeds.com\/fi\/wp-content\/uploads\/sites\/6\/2022\/03\/gooddealersmeds__logo__20220317T222800Z.00.png","contentUrl":"https:\/\/gooddealersmeds.com\/fi\/wp-content\/uploads\/sites\/6\/2022\/03\/gooddealersmeds__logo__20220317T222800Z.00.png","width":500,"height":325,"caption":"Good Dealers Meds"},"image":{"@id":"https:\/\/gooddealersmeds.com\/fi\/#\/schema\/logo\/image\/"}}]}},"_links":{"self":[{"href":"https:\/\/gooddealersmeds.com\/fi\/wp-json\/wp\/v2\/product\/1701","targetHints":{"allow":["GET"]}}],"collection":[{"href":"https:\/\/gooddealersmeds.com\/fi\/wp-json\/wp\/v2\/product"}],"about":[{"href":"https:\/\/gooddealersmeds.com\/fi\/wp-json\/wp\/v2\/types\/product"}],"replies":[{"embeddable":true,"href":"https:\/\/gooddealersmeds.com\/fi\/wp-json\/wp\/v2\/comments?post=1701"}],"wp:featuredmedia":[{"embeddable":true,"href":"https:\/\/gooddealersmeds.com\/fi\/wp-json\/wp\/v2\/media\/1866"}],"wp:attachment":[{"href":"https:\/\/gooddealersmeds.com\/fi\/wp-json\/wp\/v2\/media?parent=1701"}],"wp:term":[{"taxonomy":"product_brand","embeddable":true,"href":"https:\/\/gooddealersmeds.com\/fi\/wp-json\/wp\/v2\/product_brand?post=1701"},{"taxonomy":"product_cat","embeddable":true,"href":"https:\/\/gooddealersmeds.com\/fi\/wp-json\/wp\/v2\/product_cat?post=1701"},{"taxonomy":"product_tag","embeddable":true,"href":"https:\/\/gooddealersmeds.com\/fi\/wp-json\/wp\/v2\/product_tag?post=1701"}],"curies":[{"name":"wp","href":"https:\/\/api.w.org\/{rel}","templated":true}]}}