{"id":1689,"date":"2022-03-19T01:19:42","date_gmt":"2022-03-19T01:19:42","guid":{"rendered":"https:\/\/gooddealersmeds.com\/fi\/?post_type=product&#038;p=1689"},"modified":"2023-01-22T21:56:04","modified_gmt":"2023-01-22T21:56:04","slug":"osta-kokaiini-verkosta","status":"publish","type":"product","link":"https:\/\/gooddealersmeds.com\/fi\/product\/osta-kokaiini-verkosta\/","title":{"rendered":"Osta kokaiinia verkosta"},"content":{"rendered":"<h2>Kokaiini myyt\u00e4v\u00e4n\u00e4 verkossa Good Dealers Meds<\/h2>\n<p>Asiakkaat kaikkialta Euroopasta voivat Osta kokaiinia verkosta sivustoltamme reseptill\u00e4 tai ilman resepti\u00e4. Kokaiini on valkoista jauhetta. Se on keskushermostoa stimuloiva aine, joka vapauttaa suuria m\u00e4\u00e4ri\u00e4 dopamiinia. Aivot &#8220;palkitsevat&#8221; meid\u00e4t el\u00e4m\u00e4\u00e4 parantavaan k\u00e4ytt\u00e4ytymiseen sitoutumisesta vapauttamalla tulvan nautinnollisia neurokemikaaleja.<\/p>\n<p>Kokaiini on valkoista jauhetta, jolla on katkera, turruttava maku. Sit\u00e4 on kolmessa p\u00e4\u00e4muodossa: kokaiinihydrokloridi, freebase ja crack. Se voidaan nuuskita nen\u00e4\u00e4 pitkin tai sekoittaa veteen ja pist\u00e4\u00e4 neulalla. Sit\u00e4 voidaan my\u00f6s pist\u00e4\u00e4, hieroa ikeniin tai lis\u00e4t\u00e4 ruokaan ja juomiin. Kokaiinista voidaan tehd\u00e4 my\u00f6s pieni\u00e4 valkoisia kivi\u00e4, joita kutsutaan crackiksi. Crackia savustetaan pieness\u00e4 lasipiippussa.<\/p>\n<p><strong>Kokaiinivaikutukset &#8211; Tilaa meilt\u00e4 eritt\u00e4in puhdasta kokaiinia?<\/strong><\/p>\n<p>Se nopeuttaa koko kehoasi. Saatat tuntea olosi t\u00e4ynn\u00e4 energiaa, onnellista ja innostunutta. Mutta sitten mieliala voi muuttua. ( Osta kokaiinia verkosta ) Voit tulla vihaiseksi, hermostuneeksi ja pelk\u00e4\u00e4m\u00e4\u00e4n, ett\u00e4 joku yritt\u00e4\u00e4 saada sinut. Kokaiini lis\u00e4\u00e4 syd\u00e4men sykett\u00e4, hengityst\u00e4 ja verenpainetta. Yl\u00f6svaihe on nopea, johtaa euforiaan ja voiman ja \u00e4lyllisen voiman tunteeseen. Kokaiini voi j\u00e4ljitell\u00e4 lis\u00e4\u00e4ntynytt\u00e4 valppautta, est\u00e4\u00e4 v\u00e4symyksen ja fyysisen shokin tunteen. Saatat tehd\u00e4 asioita, joissa ei ole j\u00e4rke\u00e4. Kun sen &#8220;korkeus&#8221; on loppunut, voit &#8220;t\u00f6rm\u00e4t\u00e4&#8221; ja tuntea olosi v\u00e4syneeksi ja surulliseksi p\u00e4ivi\u00e4. Sinulla on my\u00f6s voimakas halu ottaa l\u00e4\u00e4ke uudelleen yritt\u00e4\u00e4ksesi olosi paremmaksi.<\/p>\n<p>Se on voimakkaasti riippuvuutta aiheuttava pirist\u00e4v\u00e4 huume, joka on valmistettu Etel\u00e4-Amerikasta kotoisin olevan kokakasvin lehdist\u00e4. Vaikka terveydenhuollon tarjoajat voivat k\u00e4ytt\u00e4\u00e4 sit\u00e4 kelvollisiin l\u00e4\u00e4ketieteellisiin tarkoituksiin, kuten paikallispuudutukseen joissakin leikkauksissa, kokaiini on laiton huume. Sen k\u00e4yt\u00f6n hallinta on helppo menett\u00e4\u00e4 ja siit\u00e4 tulee riippuvainen. Sitten, vaikka saisit hoitoa, voi olla vaikeaa pysy\u00e4 poissa l\u00e4\u00e4kkeest\u00e4. Ihmiset, jotka ovat lopettaneet kokaiinin k\u00e4yt\u00f6n, voivat edelleen tuntea voimakasta himoa huumeeseen, joskus jopa vuosia my\u00f6hemmin.<\/p>\n<h3>Osta kokaiinia verkosta laadukkaasti ja puhtaasti<\/h3>\n<p>Voit ostaa kokaiinia verkosta <a href=\"https:\/\/gooddealersmeds.com\/fi\/products\/\">myym\u00e4l\u00e4<\/a> turvallisella toimituksella kaikkialle Eurooppaan.<\/p>\n<p>&nbsp;<\/p>\n","protected":false},"excerpt":{"rendered":"<p>Osta kokaiinia verkosta nyt kaupastamme, se on pirist\u00e4v\u00e4 huume, joka uutetaan Erythroxylon coca Lam -lajin lehdist\u00e4, joka on Etel\u00e4-Amerikan Andien alueella viljelt\u00e4v\u00e4 kokakasvilaji. Sit\u00e4 voidaan kuluttaa jauhemaisena kokaiinimuodossa, joka yleens\u00e4 kuorsataan tai ruiskeena. Sit\u00e4 voidaan k\u00e4ytt\u00e4\u00e4 my\u00f6s crack-kokaiinin muodossa, joka on yleens\u00e4 savustettu, ja tahnamuodossa, jota my\u00f6s savustetaan.<\/p>\n","protected":false},"featured_media":1700,"comment_status":"open","ping_status":"closed","template":"","meta":{"inline_featured_image":false},"product_brand":[],"product_cat":[343],"product_tag":[244,245,246,247,250,251,252,253,254,255,259,589,260,592,261,590,241,258,242,256,167,249,257,243,262,591,263],"class_list":{"0":"post-1689","1":"product","2":"type-product","3":"status-publish","4":"has-post-thumbnail","6":"product_cat-muut","7":"product_tag-buy-dmt-online","8":"product_tag-buy-lysergic-acid-diethylamide","9":"product_tag-buy-malabar-magic-mushrooms","10":"product_tag-buy-mazatapec-magic-mushroom","11":"product_tag-buy-psilocybe-azurenscens-online","12":"product_tag-buy-psilocybe-mckennaii-online","13":"product_tag-buy-psilocybe-mexicana-online","14":"product_tag-buy-psilocybe-stuntzil-online","15":"product_tag-buy-psilocybe-tempensis-online","16":"product_tag-buy-psilocybe-weilii-online","17":"product_tag-cherry-lime-gummy-bears","18":"product_tag-cocaine-for-sale","19":"product_tag-cookies-and-cream-chocolate","20":"product_tag-how-to-buy-cocaine-discreetly","21":"product_tag-mastermind-tumma-suklaapatukat","22":"product_tag-mist-osta-kokaiinia","23":"product_tag-osta-albino-p-e-sieni","24":"product_tag-osta-variety-pack-verkosta","25":"product_tag-osta-marja-hapan-thti","26":"product_tag-osta-meri-suola-tumma-suklaa","27":"product_tag-osta-met-kristalli-metamfetamiini-verkosta","28":"product_tag-osta-panaeolus-cyanescens-online","29":"product_tag-osta-transkei-magic-sieni","30":"product_tag-osta-kokaiini-verkosta","31":"product_tag-penis-kateus-taika-sieni","32":"product_tag-puhdasta-kokaiinia-tilaa-verkosta","33":"product_tag-top-lsd-myynniss","34":"pa_grams-1-kg-1000-g","35":"pa_grams-10-g","36":"pa_grams-100-g","37":"pa_grams-20-g","38":"pa_grams-200-g","39":"pa_grams-35-g","40":"pa_grams-50-g","41":"pa_grams-500-g","43":"first","44":"instock","45":"featured","46":"shipping-taxable","47":"purchasable","48":"product-type-variable","49":"has-default-attributes"},"yoast_head":"<!-- This site is optimized with the Yoast SEO Premium plugin v20.6 (Yoast SEO v27.3) - https:\/\/yoast.com\/product\/yoast-seo-premium-wordpress\/ -->\n<title>Osta kokaiinia verkosta | kokaiinia myyt\u00e4v\u00e4n\u00e4 | Good Dealers Meds<\/title>\n<meta name=\"description\" content=\"Osta kokaiinia verkosta kaupastamme nyt, se on pirist\u00e4v\u00e4 huume, joka on uutettu Erythroxylon coca Lamin, kokakasvin lajin, lehdist\u00e4.\" \/>\n<meta name=\"robots\" content=\"index, follow, max-snippet:-1, max-image-preview:large, max-video-preview:-1\" \/>\n<link rel=\"canonical\" href=\"https:\/\/gooddealersmeds.com\/fi\/product\/osta-kokaiini-verkosta\/\" \/>\n<meta property=\"og:locale\" content=\"en_US\" \/>\n<meta property=\"og:type\" content=\"article\" \/>\n<meta property=\"og:title\" content=\"Osta kokaiinia verkosta\" \/>\n<meta property=\"og:description\" content=\"Osta kokaiinia verkosta kaupastamme nyt, se on pirist\u00e4v\u00e4 huume, joka on uutettu Erythroxylon coca Lamin, kokakasvin lajin, lehdist\u00e4.\" \/>\n<meta property=\"og:url\" content=\"https:\/\/gooddealersmeds.com\/fi\/product\/osta-kokaiini-verkosta\/\" \/>\n<meta property=\"og:site_name\" content=\"Good Dealers Meds\" \/>\n<meta property=\"article:modified_time\" content=\"2023-01-22T21:56:04+00:00\" \/>\n<meta property=\"og:image\" content=\"https:\/\/gooddealersmeds.com\/fi\/wp-content\/uploads\/sites\/6\/2022\/03\/8097e257-2271-4a0c-9aeb-1705fa7333e8.jpg\" \/>\n\t<meta property=\"og:image:width\" content=\"687\" \/>\n\t<meta property=\"og:image:height\" content=\"687\" \/>\n\t<meta property=\"og:image:type\" content=\"image\/jpeg\" \/>\n<meta name=\"twitter:card\" content=\"summary_large_image\" \/>\n<meta name=\"twitter:label1\" content=\"Est. reading time\" \/>\n\t<meta name=\"twitter:data1\" content=\"2 minutes\" \/>\n<script type=\"application\/ld+json\" class=\"yoast-schema-graph\">{\"@context\":\"https:\\\/\\\/schema.org\",\"@graph\":[{\"@type\":\"WebPage\",\"@id\":\"https:\\\/\\\/gooddealersmeds.com\\\/fi\\\/product\\\/osta-kokaiini-verkosta\\\/\",\"url\":\"https:\\\/\\\/gooddealersmeds.com\\\/fi\\\/product\\\/osta-kokaiini-verkosta\\\/\",\"name\":\"Osta kokaiinia verkosta | kokaiinia myyt\u00e4v\u00e4n\u00e4 | Good Dealers Meds\",\"isPartOf\":{\"@id\":\"https:\\\/\\\/gooddealersmeds.com\\\/fi\\\/#website\"},\"primaryImageOfPage\":{\"@id\":\"https:\\\/\\\/gooddealersmeds.com\\\/fi\\\/product\\\/osta-kokaiini-verkosta\\\/#primaryimage\"},\"image\":{\"@id\":\"https:\\\/\\\/gooddealersmeds.com\\\/fi\\\/product\\\/osta-kokaiini-verkosta\\\/#primaryimage\"},\"thumbnailUrl\":\"https:\\\/\\\/gooddealersmeds.com\\\/fi\\\/wp-content\\\/uploads\\\/sites\\\/6\\\/2022\\\/03\\\/8097e257-2271-4a0c-9aeb-1705fa7333e8.jpg\",\"datePublished\":\"2022-03-19T01:19:42+00:00\",\"dateModified\":\"2023-01-22T21:56:04+00:00\",\"description\":\"Osta kokaiinia verkosta kaupastamme nyt, se on pirist\u00e4v\u00e4 huume, joka on uutettu Erythroxylon coca Lamin, kokakasvin lajin, lehdist\u00e4.\",\"breadcrumb\":{\"@id\":\"https:\\\/\\\/gooddealersmeds.com\\\/fi\\\/product\\\/osta-kokaiini-verkosta\\\/#breadcrumb\"},\"inLanguage\":\"en-US\",\"potentialAction\":[{\"@type\":\"ReadAction\",\"target\":[\"https:\\\/\\\/gooddealersmeds.com\\\/fi\\\/product\\\/osta-kokaiini-verkosta\\\/\"]}]},{\"@type\":\"ImageObject\",\"inLanguage\":\"en-US\",\"@id\":\"https:\\\/\\\/gooddealersmeds.com\\\/fi\\\/product\\\/osta-kokaiini-verkosta\\\/#primaryimage\",\"url\":\"https:\\\/\\\/gooddealersmeds.com\\\/fi\\\/wp-content\\\/uploads\\\/sites\\\/6\\\/2022\\\/03\\\/8097e257-2271-4a0c-9aeb-1705fa7333e8.jpg\",\"contentUrl\":\"https:\\\/\\\/gooddealersmeds.com\\\/fi\\\/wp-content\\\/uploads\\\/sites\\\/6\\\/2022\\\/03\\\/8097e257-2271-4a0c-9aeb-1705fa7333e8.jpg\",\"width\":687,\"height\":687,\"caption\":\"Buy Cocaine Online\"},{\"@type\":\"BreadcrumbList\",\"@id\":\"https:\\\/\\\/gooddealersmeds.com\\\/fi\\\/product\\\/osta-kokaiini-verkosta\\\/#breadcrumb\",\"itemListElement\":[{\"@type\":\"ListItem\",\"position\":1,\"name\":\"Home\",\"item\":\"https:\\\/\\\/gooddealersmeds.com\\\/fi\\\/\"},{\"@type\":\"ListItem\",\"position\":2,\"name\":\"Tuotteet\",\"item\":\"https:\\\/\\\/gooddealersmeds.com\\\/fi\\\/tuotteet\\\/\"},{\"@type\":\"ListItem\",\"position\":3,\"name\":\"Osta kokaiinia verkosta\"}]},{\"@type\":\"WebSite\",\"@id\":\"https:\\\/\\\/gooddealersmeds.com\\\/fi\\\/#website\",\"url\":\"https:\\\/\\\/gooddealersmeds.com\\\/fi\\\/\",\"name\":\"Good Dealers Meds\",\"description\":\"All our best\",\"publisher\":{\"@id\":\"https:\\\/\\\/gooddealersmeds.com\\\/fi\\\/#organization\"},\"potentialAction\":[{\"@type\":\"SearchAction\",\"target\":{\"@type\":\"EntryPoint\",\"urlTemplate\":\"https:\\\/\\\/gooddealersmeds.com\\\/fi\\\/?s={search_term_string}\"},\"query-input\":{\"@type\":\"PropertyValueSpecification\",\"valueRequired\":true,\"valueName\":\"search_term_string\"}}],\"inLanguage\":\"en-US\"},{\"@type\":\"Organization\",\"@id\":\"https:\\\/\\\/gooddealersmeds.com\\\/fi\\\/#organization\",\"name\":\"Good Dealers Meds\",\"url\":\"https:\\\/\\\/gooddealersmeds.com\\\/fi\\\/\",\"logo\":{\"@type\":\"ImageObject\",\"inLanguage\":\"en-US\",\"@id\":\"https:\\\/\\\/gooddealersmeds.com\\\/fi\\\/#\\\/schema\\\/logo\\\/image\\\/\",\"url\":\"https:\\\/\\\/gooddealersmeds.com\\\/fi\\\/wp-content\\\/uploads\\\/sites\\\/6\\\/2022\\\/03\\\/gooddealersmeds__logo__20220317T222800Z.00.png\",\"contentUrl\":\"https:\\\/\\\/gooddealersmeds.com\\\/fi\\\/wp-content\\\/uploads\\\/sites\\\/6\\\/2022\\\/03\\\/gooddealersmeds__logo__20220317T222800Z.00.png\",\"width\":500,\"height\":325,\"caption\":\"Good Dealers Meds\"},\"image\":{\"@id\":\"https:\\\/\\\/gooddealersmeds.com\\\/fi\\\/#\\\/schema\\\/logo\\\/image\\\/\"}}]}<\/script>\n<!-- \/ Yoast SEO Premium plugin. -->","yoast_head_json":{"title":"Osta kokaiinia verkosta | kokaiinia myyt\u00e4v\u00e4n\u00e4 | Good Dealers Meds","description":"Osta kokaiinia verkosta kaupastamme nyt, se on pirist\u00e4v\u00e4 huume, joka on uutettu Erythroxylon coca Lamin, kokakasvin lajin, lehdist\u00e4.","robots":{"index":"index","follow":"follow","max-snippet":"max-snippet:-1","max-image-preview":"max-image-preview:large","max-video-preview":"max-video-preview:-1"},"canonical":"https:\/\/gooddealersmeds.com\/fi\/product\/osta-kokaiini-verkosta\/","og_locale":"en_US","og_type":"article","og_title":"Osta kokaiinia verkosta","og_description":"Osta kokaiinia verkosta kaupastamme nyt, se on pirist\u00e4v\u00e4 huume, joka on uutettu Erythroxylon coca Lamin, kokakasvin lajin, lehdist\u00e4.","og_url":"https:\/\/gooddealersmeds.com\/fi\/product\/osta-kokaiini-verkosta\/","og_site_name":"Good Dealers Meds","article_modified_time":"2023-01-22T21:56:04+00:00","og_image":[{"width":687,"height":687,"url":"https:\/\/gooddealersmeds.com\/fi\/wp-content\/uploads\/sites\/6\/2022\/03\/8097e257-2271-4a0c-9aeb-1705fa7333e8.jpg","type":"image\/jpeg"}],"twitter_card":"summary_large_image","twitter_misc":{"Est. reading time":"2 minutes"},"schema":{"@context":"https:\/\/schema.org","@graph":[{"@type":"WebPage","@id":"https:\/\/gooddealersmeds.com\/fi\/product\/osta-kokaiini-verkosta\/","url":"https:\/\/gooddealersmeds.com\/fi\/product\/osta-kokaiini-verkosta\/","name":"Osta kokaiinia verkosta | kokaiinia myyt\u00e4v\u00e4n\u00e4 | Good Dealers Meds","isPartOf":{"@id":"https:\/\/gooddealersmeds.com\/fi\/#website"},"primaryImageOfPage":{"@id":"https:\/\/gooddealersmeds.com\/fi\/product\/osta-kokaiini-verkosta\/#primaryimage"},"image":{"@id":"https:\/\/gooddealersmeds.com\/fi\/product\/osta-kokaiini-verkosta\/#primaryimage"},"thumbnailUrl":"https:\/\/gooddealersmeds.com\/fi\/wp-content\/uploads\/sites\/6\/2022\/03\/8097e257-2271-4a0c-9aeb-1705fa7333e8.jpg","datePublished":"2022-03-19T01:19:42+00:00","dateModified":"2023-01-22T21:56:04+00:00","description":"Osta kokaiinia verkosta kaupastamme nyt, se on pirist\u00e4v\u00e4 huume, joka on uutettu Erythroxylon coca Lamin, kokakasvin lajin, lehdist\u00e4.","breadcrumb":{"@id":"https:\/\/gooddealersmeds.com\/fi\/product\/osta-kokaiini-verkosta\/#breadcrumb"},"inLanguage":"en-US","potentialAction":[{"@type":"ReadAction","target":["https:\/\/gooddealersmeds.com\/fi\/product\/osta-kokaiini-verkosta\/"]}]},{"@type":"ImageObject","inLanguage":"en-US","@id":"https:\/\/gooddealersmeds.com\/fi\/product\/osta-kokaiini-verkosta\/#primaryimage","url":"https:\/\/gooddealersmeds.com\/fi\/wp-content\/uploads\/sites\/6\/2022\/03\/8097e257-2271-4a0c-9aeb-1705fa7333e8.jpg","contentUrl":"https:\/\/gooddealersmeds.com\/fi\/wp-content\/uploads\/sites\/6\/2022\/03\/8097e257-2271-4a0c-9aeb-1705fa7333e8.jpg","width":687,"height":687,"caption":"Buy Cocaine Online"},{"@type":"BreadcrumbList","@id":"https:\/\/gooddealersmeds.com\/fi\/product\/osta-kokaiini-verkosta\/#breadcrumb","itemListElement":[{"@type":"ListItem","position":1,"name":"Home","item":"https:\/\/gooddealersmeds.com\/fi\/"},{"@type":"ListItem","position":2,"name":"Tuotteet","item":"https:\/\/gooddealersmeds.com\/fi\/tuotteet\/"},{"@type":"ListItem","position":3,"name":"Osta kokaiinia verkosta"}]},{"@type":"WebSite","@id":"https:\/\/gooddealersmeds.com\/fi\/#website","url":"https:\/\/gooddealersmeds.com\/fi\/","name":"Good Dealers Meds","description":"All our best","publisher":{"@id":"https:\/\/gooddealersmeds.com\/fi\/#organization"},"potentialAction":[{"@type":"SearchAction","target":{"@type":"EntryPoint","urlTemplate":"https:\/\/gooddealersmeds.com\/fi\/?s={search_term_string}"},"query-input":{"@type":"PropertyValueSpecification","valueRequired":true,"valueName":"search_term_string"}}],"inLanguage":"en-US"},{"@type":"Organization","@id":"https:\/\/gooddealersmeds.com\/fi\/#organization","name":"Good Dealers Meds","url":"https:\/\/gooddealersmeds.com\/fi\/","logo":{"@type":"ImageObject","inLanguage":"en-US","@id":"https:\/\/gooddealersmeds.com\/fi\/#\/schema\/logo\/image\/","url":"https:\/\/gooddealersmeds.com\/fi\/wp-content\/uploads\/sites\/6\/2022\/03\/gooddealersmeds__logo__20220317T222800Z.00.png","contentUrl":"https:\/\/gooddealersmeds.com\/fi\/wp-content\/uploads\/sites\/6\/2022\/03\/gooddealersmeds__logo__20220317T222800Z.00.png","width":500,"height":325,"caption":"Good Dealers Meds"},"image":{"@id":"https:\/\/gooddealersmeds.com\/fi\/#\/schema\/logo\/image\/"}}]}},"_links":{"self":[{"href":"https:\/\/gooddealersmeds.com\/fi\/wp-json\/wp\/v2\/product\/1689","targetHints":{"allow":["GET"]}}],"collection":[{"href":"https:\/\/gooddealersmeds.com\/fi\/wp-json\/wp\/v2\/product"}],"about":[{"href":"https:\/\/gooddealersmeds.com\/fi\/wp-json\/wp\/v2\/types\/product"}],"replies":[{"embeddable":true,"href":"https:\/\/gooddealersmeds.com\/fi\/wp-json\/wp\/v2\/comments?post=1689"}],"wp:featuredmedia":[{"embeddable":true,"href":"https:\/\/gooddealersmeds.com\/fi\/wp-json\/wp\/v2\/media\/1700"}],"wp:attachment":[{"href":"https:\/\/gooddealersmeds.com\/fi\/wp-json\/wp\/v2\/media?parent=1689"}],"wp:term":[{"taxonomy":"product_brand","embeddable":true,"href":"https:\/\/gooddealersmeds.com\/fi\/wp-json\/wp\/v2\/product_brand?post=1689"},{"taxonomy":"product_cat","embeddable":true,"href":"https:\/\/gooddealersmeds.com\/fi\/wp-json\/wp\/v2\/product_cat?post=1689"},{"taxonomy":"product_tag","embeddable":true,"href":"https:\/\/gooddealersmeds.com\/fi\/wp-json\/wp\/v2\/product_tag?post=1689"}],"curies":[{"name":"wp","href":"https:\/\/api.w.org\/{rel}","templated":true}]}}