{"id":1678,"date":"2022-03-19T01:13:31","date_gmt":"2022-03-19T01:13:31","guid":{"rendered":"https:\/\/gooddealersmeds.com\/fi\/?post_type=product&#038;p=1678"},"modified":"2023-01-22T22:14:36","modified_gmt":"2023-01-22T22:14:36","slug":"osta-dmt-crystal-online","status":"publish","type":"product","link":"https:\/\/gooddealersmeds.com\/fi\/product\/osta-dmt-crystal-online\/","title":{"rendered":"Osta DMT-kristalli verkossa"},"content":{"rendered":"<h2>Laadukas DMT-kristalli myyt\u00e4v\u00e4n\u00e4 verkossa Good Dealers Meds<\/h2>\n<p>Osta DMT-kristalli verkossa myym\u00e4l\u00e4st\u00e4mme. DMT on psykedeelinen ja hallusinogeeninen yhdiste, joka on johdettu Ayahuasca-kasvista. DMT on luonnossa esiintyv\u00e4 kemikaali, jota l\u00f6ytyy useista el\u00e4imist\u00e4 ja kasveista.<\/p>\n<p>Sit\u00e4 on havaittu esiintyv\u00e4n luonnollisesti my\u00f6s ihmisill\u00e4. DMT tulee p\u00e4\u00e4asiassa Etel\u00e4-Amerikasta, erityisesti Amazonin sademetsist\u00e4. K\u00e4ytettyn\u00e4 DMT:n tiedet\u00e4\u00e4n aiheuttavan erilaisia \u200b\u200bvisuaalisia ja hallusinogeenisia vaikutuksia. Sen on my\u00f6s tiedetty tarjoavan kaikki muiden psykedeelisten aineiden mielenterveyshy\u00f6dyt.<\/p>\n<p>Osta DMT-kiteit\u00e4 verkosta eritt\u00e4in edulliseen hintaan. Meill\u00e4 on vain DMT-kiteit\u00e4 laboratoriok\u00e4ytt\u00f6\u00f6n, koska ne ovat noin 98,98 % puhtaita. T\u00e4m\u00e4 osoittaa, ett\u00e4 se on eritt\u00e4in vahva ja kulutettuna voi vahingoittaa henkil\u00f6\u00e4, Osta DMT-kristalli verkossa<\/p>\n<p><strong>Tilaa DMT-kristalli meilt\u00e4 \u2013 osaa k\u00e4ytt\u00e4\u00e4 DMT-kidett\u00e4<\/strong><\/p>\n<p>DMT-kiteet myynniss\u00e4 Euroopassa. T\u00e4m\u00e4 on DMT:t\u00e4 kidemuodossa. DMT-kristalli on lyhenne sanoista <a href=\"https:\/\/fi.wikipedia.org\/wiki\/Dimetyylitryptamiini\">N, N-dimetyylitryptamiini<\/a>. Se on vahva psykedeelinen l\u00e4\u00e4ke, jolla on serotonergisi\u00e4 vaikutuksia ihmisen aivoihin ja joka voi tarjota nopean ja intensiivisen psykedeelisen kokemuksen, joka tunnetaan nimell\u00e4 &#8220;DMT-matka&#8221;. DMT-kokemuksia leimaavat tyypillisesti visuaaliset hallusinaatiot, joihin usein liittyy voimakkaita kokonaisuuksia, ja niihin liittyy usein syvemp\u00e4\u00e4 merkityst\u00e4. T\u00e4t\u00e4 syv\u00e4llist\u00e4 kokemusta kutsutaan usein &#8220;DMT-l\u00e4pimurrokseksi&#8221;. DMT:t\u00e4 sen kidemuodossa voidaan polttaa, nuuskaa tai ruiskuttaa virkistysl\u00e4\u00e4kkeen\u00e4.<\/p>\n<p>DMT:t\u00e4 ei yleens\u00e4 ole tarkoitettu suun kautta, paitsi silloin, kun se on yhdistetty monoamiinioksidaasin est\u00e4j\u00e4\u00e4n. On olemassa useita absorptiostrategioita; esimerkiksi l\u00e4\u00e4kkeen h\u00f6yryst\u00e4minen, infuusio tai insuffalointi loisi uraauurtavia unelmia lyhyeksi ajaksi.<\/p>\n<p>DMT:t\u00e4 voidaan k\u00e4ytt\u00e4\u00e4 teen\u00e4 (ayahuasca), mutta yleisin tapa kuluttaa DMT:t\u00e4 on tupakoida. \/h\u00f6yryst\u00e4 se. Savustettuna\/h\u00f6yrystettyn\u00e4 se alkaa nopeasti ja vaikutukset ovat voimakkaita ja lyhytaikaisia.<\/p>\n<p>Haittojen v\u00e4hent\u00e4miseksi aineita ei kannata yhdist\u00e4\u00e4. Aineiden yhdistelm\u00e4 ei v\u00e4ltt\u00e4m\u00e4tt\u00e4 tuota samanlaista vaikutusten sekoittumista. Ja se on pohjimmiltaan uusi l\u00e4\u00e4ke sin\u00e4ns\u00e4.<\/p>\n<p>Voit ostaa <a href=\"https:\/\/gooddealersmeds.com\/fi\/product\/osta-dmt-crystal-online\/\">DMT-kidett\u00e4<\/a> verkosta myym\u00e4l\u00e4st\u00e4mme.<\/p>\n","protected":false},"excerpt":{"rendered":"<p>N,N-dimetyylitryptamiini on kemiallinen aine, jota esiintyy monissa kasveissa ja el\u00e4imiss\u00e4 ja joka on sek\u00e4 tryptamiinin johdannainen ett\u00e4 rakenteellinen analogi. Sit\u00e4 voidaan k\u00e4ytt\u00e4\u00e4 psykedeelisen\u00e4 huumeena, ja eri kulttuurit ovat historiallisesti valmistaneet sit\u00e4 rituaalitarkoituksiin entheogeenina<\/p>\n","protected":false},"featured_media":2018,"comment_status":"open","ping_status":"closed","template":"","meta":{"inline_featured_image":false},"product_brand":[],"product_cat":[345],"product_tag":[],"class_list":{"0":"post-1678","1":"product","2":"type-product","3":"status-publish","4":"has-post-thumbnail","6":"product_cat-psykedeeliset-huumeet","7":"pa_grams-1-kg-1000-g","8":"pa_grams-10-g","9":"pa_grams-100-g","10":"pa_grams-20-g","11":"pa_grams-200-g","12":"pa_grams-35-g","13":"pa_grams-50-g","14":"pa_grams-500-g","16":"first","17":"instock","18":"featured","19":"shipping-taxable","20":"purchasable","21":"product-type-variable","22":"has-default-attributes"},"yoast_head":"<!-- This site is optimized with the Yoast SEO Premium plugin v20.6 (Yoast SEO v27.3) - https:\/\/yoast.com\/product\/yoast-seo-premium-wordpress\/ -->\n<title>Osta DMT-kristalli verkossa | Tilaa DMT kristalli | Good Dealers Meds<\/title>\n<meta name=\"description\" content=\"Osta DMT-kristalli verkossa: DMT on hallusinogeeninen ja psykedeelinen huume, joka muuttaa yksil\u00f6n k\u00e4sityst\u00e4 ymp\u00e4r\u00f6iv\u00e4st\u00e4 maailmasta.\" \/>\n<meta name=\"robots\" content=\"index, follow, max-snippet:-1, max-image-preview:large, max-video-preview:-1\" \/>\n<link rel=\"canonical\" href=\"https:\/\/gooddealersmeds.com\/fi\/product\/osta-dmt-crystal-online\/\" \/>\n<meta property=\"og:locale\" content=\"en_US\" \/>\n<meta property=\"og:type\" content=\"article\" \/>\n<meta property=\"og:title\" content=\"Osta DMT-kristalli verkossa\" \/>\n<meta property=\"og:description\" content=\"Osta DMT-kristalli verkossa: DMT on hallusinogeeninen ja psykedeelinen huume, joka muuttaa yksil\u00f6n k\u00e4sityst\u00e4 ymp\u00e4r\u00f6iv\u00e4st\u00e4 maailmasta.\" \/>\n<meta property=\"og:url\" content=\"https:\/\/gooddealersmeds.com\/fi\/product\/osta-dmt-crystal-online\/\" \/>\n<meta property=\"og:site_name\" content=\"Good Dealers Meds\" \/>\n<meta property=\"article:modified_time\" content=\"2023-01-22T22:14:36+00:00\" \/>\n<meta property=\"og:image\" content=\"https:\/\/gooddealersmeds.com\/fi\/wp-content\/uploads\/sites\/6\/2022\/03\/wcafo2x8fv051-scaled.webp\" \/>\n\t<meta property=\"og:image:width\" content=\"2560\" \/>\n\t<meta property=\"og:image:height\" content=\"1920\" \/>\n\t<meta property=\"og:image:type\" content=\"image\/webp\" \/>\n<meta name=\"twitter:card\" content=\"summary_large_image\" \/>\n<meta name=\"twitter:label1\" content=\"Est. reading time\" \/>\n\t<meta name=\"twitter:data1\" content=\"2 minutes\" \/>\n<script type=\"application\/ld+json\" class=\"yoast-schema-graph\">{\"@context\":\"https:\\\/\\\/schema.org\",\"@graph\":[{\"@type\":\"WebPage\",\"@id\":\"https:\\\/\\\/gooddealersmeds.com\\\/fi\\\/product\\\/osta-dmt-crystal-online\\\/\",\"url\":\"https:\\\/\\\/gooddealersmeds.com\\\/fi\\\/product\\\/osta-dmt-crystal-online\\\/\",\"name\":\"Osta DMT-kristalli verkossa | Tilaa DMT kristalli | Good Dealers Meds\",\"isPartOf\":{\"@id\":\"https:\\\/\\\/gooddealersmeds.com\\\/fi\\\/#website\"},\"primaryImageOfPage\":{\"@id\":\"https:\\\/\\\/gooddealersmeds.com\\\/fi\\\/product\\\/osta-dmt-crystal-online\\\/#primaryimage\"},\"image\":{\"@id\":\"https:\\\/\\\/gooddealersmeds.com\\\/fi\\\/product\\\/osta-dmt-crystal-online\\\/#primaryimage\"},\"thumbnailUrl\":\"https:\\\/\\\/gooddealersmeds.com\\\/fi\\\/wp-content\\\/uploads\\\/sites\\\/6\\\/2022\\\/03\\\/wcafo2x8fv051-scaled.webp\",\"datePublished\":\"2022-03-19T01:13:31+00:00\",\"dateModified\":\"2023-01-22T22:14:36+00:00\",\"description\":\"Osta DMT-kristalli verkossa: DMT on hallusinogeeninen ja psykedeelinen huume, joka muuttaa yksil\u00f6n k\u00e4sityst\u00e4 ymp\u00e4r\u00f6iv\u00e4st\u00e4 maailmasta.\",\"breadcrumb\":{\"@id\":\"https:\\\/\\\/gooddealersmeds.com\\\/fi\\\/product\\\/osta-dmt-crystal-online\\\/#breadcrumb\"},\"inLanguage\":\"en-US\",\"potentialAction\":[{\"@type\":\"ReadAction\",\"target\":[\"https:\\\/\\\/gooddealersmeds.com\\\/fi\\\/product\\\/osta-dmt-crystal-online\\\/\"]}]},{\"@type\":\"ImageObject\",\"inLanguage\":\"en-US\",\"@id\":\"https:\\\/\\\/gooddealersmeds.com\\\/fi\\\/product\\\/osta-dmt-crystal-online\\\/#primaryimage\",\"url\":\"https:\\\/\\\/gooddealersmeds.com\\\/fi\\\/wp-content\\\/uploads\\\/sites\\\/6\\\/2022\\\/03\\\/wcafo2x8fv051-scaled.webp\",\"contentUrl\":\"https:\\\/\\\/gooddealersmeds.com\\\/fi\\\/wp-content\\\/uploads\\\/sites\\\/6\\\/2022\\\/03\\\/wcafo2x8fv051-scaled.webp\",\"width\":2560,\"height\":1920,\"caption\":\"Buy DMT Crystal Online\"},{\"@type\":\"BreadcrumbList\",\"@id\":\"https:\\\/\\\/gooddealersmeds.com\\\/fi\\\/product\\\/osta-dmt-crystal-online\\\/#breadcrumb\",\"itemListElement\":[{\"@type\":\"ListItem\",\"position\":1,\"name\":\"Home\",\"item\":\"https:\\\/\\\/gooddealersmeds.com\\\/fi\\\/\"},{\"@type\":\"ListItem\",\"position\":2,\"name\":\"Tuotteet\",\"item\":\"https:\\\/\\\/gooddealersmeds.com\\\/fi\\\/tuotteet\\\/\"},{\"@type\":\"ListItem\",\"position\":3,\"name\":\"Osta DMT-kristalli verkossa\"}]},{\"@type\":\"WebSite\",\"@id\":\"https:\\\/\\\/gooddealersmeds.com\\\/fi\\\/#website\",\"url\":\"https:\\\/\\\/gooddealersmeds.com\\\/fi\\\/\",\"name\":\"Good Dealers Meds\",\"description\":\"All our best\",\"publisher\":{\"@id\":\"https:\\\/\\\/gooddealersmeds.com\\\/fi\\\/#organization\"},\"potentialAction\":[{\"@type\":\"SearchAction\",\"target\":{\"@type\":\"EntryPoint\",\"urlTemplate\":\"https:\\\/\\\/gooddealersmeds.com\\\/fi\\\/?s={search_term_string}\"},\"query-input\":{\"@type\":\"PropertyValueSpecification\",\"valueRequired\":true,\"valueName\":\"search_term_string\"}}],\"inLanguage\":\"en-US\"},{\"@type\":\"Organization\",\"@id\":\"https:\\\/\\\/gooddealersmeds.com\\\/fi\\\/#organization\",\"name\":\"Good Dealers Meds\",\"url\":\"https:\\\/\\\/gooddealersmeds.com\\\/fi\\\/\",\"logo\":{\"@type\":\"ImageObject\",\"inLanguage\":\"en-US\",\"@id\":\"https:\\\/\\\/gooddealersmeds.com\\\/fi\\\/#\\\/schema\\\/logo\\\/image\\\/\",\"url\":\"https:\\\/\\\/gooddealersmeds.com\\\/fi\\\/wp-content\\\/uploads\\\/sites\\\/6\\\/2022\\\/03\\\/gooddealersmeds__logo__20220317T222800Z.00.png\",\"contentUrl\":\"https:\\\/\\\/gooddealersmeds.com\\\/fi\\\/wp-content\\\/uploads\\\/sites\\\/6\\\/2022\\\/03\\\/gooddealersmeds__logo__20220317T222800Z.00.png\",\"width\":500,\"height\":325,\"caption\":\"Good Dealers Meds\"},\"image\":{\"@id\":\"https:\\\/\\\/gooddealersmeds.com\\\/fi\\\/#\\\/schema\\\/logo\\\/image\\\/\"}}]}<\/script>\n<!-- \/ Yoast SEO Premium plugin. -->","yoast_head_json":{"title":"Osta DMT-kristalli verkossa | Tilaa DMT kristalli | Good Dealers Meds","description":"Osta DMT-kristalli verkossa: DMT on hallusinogeeninen ja psykedeelinen huume, joka muuttaa yksil\u00f6n k\u00e4sityst\u00e4 ymp\u00e4r\u00f6iv\u00e4st\u00e4 maailmasta.","robots":{"index":"index","follow":"follow","max-snippet":"max-snippet:-1","max-image-preview":"max-image-preview:large","max-video-preview":"max-video-preview:-1"},"canonical":"https:\/\/gooddealersmeds.com\/fi\/product\/osta-dmt-crystal-online\/","og_locale":"en_US","og_type":"article","og_title":"Osta DMT-kristalli verkossa","og_description":"Osta DMT-kristalli verkossa: DMT on hallusinogeeninen ja psykedeelinen huume, joka muuttaa yksil\u00f6n k\u00e4sityst\u00e4 ymp\u00e4r\u00f6iv\u00e4st\u00e4 maailmasta.","og_url":"https:\/\/gooddealersmeds.com\/fi\/product\/osta-dmt-crystal-online\/","og_site_name":"Good Dealers Meds","article_modified_time":"2023-01-22T22:14:36+00:00","og_image":[{"width":2560,"height":1920,"url":"https:\/\/gooddealersmeds.com\/fi\/wp-content\/uploads\/sites\/6\/2022\/03\/wcafo2x8fv051-scaled.webp","type":"image\/webp"}],"twitter_card":"summary_large_image","twitter_misc":{"Est. reading time":"2 minutes"},"schema":{"@context":"https:\/\/schema.org","@graph":[{"@type":"WebPage","@id":"https:\/\/gooddealersmeds.com\/fi\/product\/osta-dmt-crystal-online\/","url":"https:\/\/gooddealersmeds.com\/fi\/product\/osta-dmt-crystal-online\/","name":"Osta DMT-kristalli verkossa | Tilaa DMT kristalli | Good Dealers Meds","isPartOf":{"@id":"https:\/\/gooddealersmeds.com\/fi\/#website"},"primaryImageOfPage":{"@id":"https:\/\/gooddealersmeds.com\/fi\/product\/osta-dmt-crystal-online\/#primaryimage"},"image":{"@id":"https:\/\/gooddealersmeds.com\/fi\/product\/osta-dmt-crystal-online\/#primaryimage"},"thumbnailUrl":"https:\/\/gooddealersmeds.com\/fi\/wp-content\/uploads\/sites\/6\/2022\/03\/wcafo2x8fv051-scaled.webp","datePublished":"2022-03-19T01:13:31+00:00","dateModified":"2023-01-22T22:14:36+00:00","description":"Osta DMT-kristalli verkossa: DMT on hallusinogeeninen ja psykedeelinen huume, joka muuttaa yksil\u00f6n k\u00e4sityst\u00e4 ymp\u00e4r\u00f6iv\u00e4st\u00e4 maailmasta.","breadcrumb":{"@id":"https:\/\/gooddealersmeds.com\/fi\/product\/osta-dmt-crystal-online\/#breadcrumb"},"inLanguage":"en-US","potentialAction":[{"@type":"ReadAction","target":["https:\/\/gooddealersmeds.com\/fi\/product\/osta-dmt-crystal-online\/"]}]},{"@type":"ImageObject","inLanguage":"en-US","@id":"https:\/\/gooddealersmeds.com\/fi\/product\/osta-dmt-crystal-online\/#primaryimage","url":"https:\/\/gooddealersmeds.com\/fi\/wp-content\/uploads\/sites\/6\/2022\/03\/wcafo2x8fv051-scaled.webp","contentUrl":"https:\/\/gooddealersmeds.com\/fi\/wp-content\/uploads\/sites\/6\/2022\/03\/wcafo2x8fv051-scaled.webp","width":2560,"height":1920,"caption":"Buy DMT Crystal Online"},{"@type":"BreadcrumbList","@id":"https:\/\/gooddealersmeds.com\/fi\/product\/osta-dmt-crystal-online\/#breadcrumb","itemListElement":[{"@type":"ListItem","position":1,"name":"Home","item":"https:\/\/gooddealersmeds.com\/fi\/"},{"@type":"ListItem","position":2,"name":"Tuotteet","item":"https:\/\/gooddealersmeds.com\/fi\/tuotteet\/"},{"@type":"ListItem","position":3,"name":"Osta DMT-kristalli verkossa"}]},{"@type":"WebSite","@id":"https:\/\/gooddealersmeds.com\/fi\/#website","url":"https:\/\/gooddealersmeds.com\/fi\/","name":"Good Dealers Meds","description":"All our best","publisher":{"@id":"https:\/\/gooddealersmeds.com\/fi\/#organization"},"potentialAction":[{"@type":"SearchAction","target":{"@type":"EntryPoint","urlTemplate":"https:\/\/gooddealersmeds.com\/fi\/?s={search_term_string}"},"query-input":{"@type":"PropertyValueSpecification","valueRequired":true,"valueName":"search_term_string"}}],"inLanguage":"en-US"},{"@type":"Organization","@id":"https:\/\/gooddealersmeds.com\/fi\/#organization","name":"Good Dealers Meds","url":"https:\/\/gooddealersmeds.com\/fi\/","logo":{"@type":"ImageObject","inLanguage":"en-US","@id":"https:\/\/gooddealersmeds.com\/fi\/#\/schema\/logo\/image\/","url":"https:\/\/gooddealersmeds.com\/fi\/wp-content\/uploads\/sites\/6\/2022\/03\/gooddealersmeds__logo__20220317T222800Z.00.png","contentUrl":"https:\/\/gooddealersmeds.com\/fi\/wp-content\/uploads\/sites\/6\/2022\/03\/gooddealersmeds__logo__20220317T222800Z.00.png","width":500,"height":325,"caption":"Good Dealers Meds"},"image":{"@id":"https:\/\/gooddealersmeds.com\/fi\/#\/schema\/logo\/image\/"}}]}},"_links":{"self":[{"href":"https:\/\/gooddealersmeds.com\/fi\/wp-json\/wp\/v2\/product\/1678","targetHints":{"allow":["GET"]}}],"collection":[{"href":"https:\/\/gooddealersmeds.com\/fi\/wp-json\/wp\/v2\/product"}],"about":[{"href":"https:\/\/gooddealersmeds.com\/fi\/wp-json\/wp\/v2\/types\/product"}],"replies":[{"embeddable":true,"href":"https:\/\/gooddealersmeds.com\/fi\/wp-json\/wp\/v2\/comments?post=1678"}],"wp:featuredmedia":[{"embeddable":true,"href":"https:\/\/gooddealersmeds.com\/fi\/wp-json\/wp\/v2\/media\/2018"}],"wp:attachment":[{"href":"https:\/\/gooddealersmeds.com\/fi\/wp-json\/wp\/v2\/media?parent=1678"}],"wp:term":[{"taxonomy":"product_brand","embeddable":true,"href":"https:\/\/gooddealersmeds.com\/fi\/wp-json\/wp\/v2\/product_brand?post=1678"},{"taxonomy":"product_cat","embeddable":true,"href":"https:\/\/gooddealersmeds.com\/fi\/wp-json\/wp\/v2\/product_cat?post=1678"},{"taxonomy":"product_tag","embeddable":true,"href":"https:\/\/gooddealersmeds.com\/fi\/wp-json\/wp\/v2\/product_tag?post=1678"}],"curies":[{"name":"wp","href":"https:\/\/api.w.org\/{rel}","templated":true}]}}