{"id":1667,"date":"2022-03-19T01:05:58","date_gmt":"2022-03-19T01:05:58","guid":{"rendered":"https:\/\/gooddealersmeds.com\/fi\/?post_type=product&#038;p=1667"},"modified":"2023-01-22T22:50:06","modified_gmt":"2023-01-22T22:50:06","slug":"osta-valkoinen-heroiini-100-puhdas-online","status":"publish","type":"product","link":"https:\/\/gooddealersmeds.com\/fi\/product\/osta-valkoinen-heroiini-100-puhdas-online\/","title":{"rendered":"Osta 100 % puhdasta valkoista heroiinia verkosta"},"content":{"rendered":"<h2>Osta 100 % puhdasta valkoheroiinia verkosta<\/h2>\n<p>Osta valkoista heroiinia 100 % Chees verkosta <a href=\"https:\/\/gooddealersmeds.com\/fi\/products\/\"><span style=\"color: #333333\">verkkokauppa<\/span><\/a>. Heroiini on valkoista tai ruskeaa jauhetta tai mustaa, tahmeaa tahmaa. Se on\u00a0<span style=\"color: #333333\"><a id=\"anch_43\" style=\"color: #333333\" href=\"https:\/\/medlineplus.gov\/opioidmisuseandaddiction.html\">opioidil\u00e4\u00e4ke<\/a> <\/span>\u00a0valmistettu morfiinista, aasialaisen unikon siemenpalossa olevasta luonnollisesta aineesta. Se voidaan sekoittaa veteen ja pist\u00e4\u00e4 neulalla. Heroiinia voidaan my\u00f6s polttaa tai nuuskaista nen\u00e4\u00e4n. Kaikki n\u00e4m\u00e4 tavat ottaa heroiinia l\u00e4hett\u00e4v\u00e4t sen aivoihin hyvin nopeasti. T\u00e4m\u00e4 tekee siit\u00e4 eritt\u00e4in riippuvuutta aiheuttavaa. Osta valkoista heroiinia verkosta.<\/p>\n<p>Psyykkisi\u00e4 seurauksia voivat olla voimakas euforian tunne, seksuaalinen j\u00e4nnitys, yhteyden menetys todellisuuteen tai raivo. Fyysisi\u00e4 oireita voivat olla nopea syke, hikoilu ja suuret parvet. Osta kokaiinia verkosta.<\/p>\n<p>L\u00e4het\u00e4mme kaikki tuotteet suoraan varastoltamme huomaamattoman toimituspalvelun kautta. Turvallisuussyist\u00e4 saat parasta kokaiiniamme l\u00e4\u00e4ke-\/ruokapakkauksissa tai purkkeissa. Riippuu painosta ja pakkausmateriaalien saatavuudesta.<\/p>\n<p>Koska valkoinen jauhemainen heroiini liukenee helposti veteen, useimmat heroiinin k\u00e4ytt\u00e4j\u00e4t ampuvat l\u00e4\u00e4kkeen. Jotkut ihmiset haistelevat sit\u00e4. Sit\u00e4 ei yleens\u00e4 savusteta, koska se palaa paljon korkeammassa l\u00e4mp\u00f6tilassa kuin muut heroiinin muodot.<\/p>\n<p>Valkoinen heroiinijauhe haisee joskus etikalta ja maistuu katkeralta. Hieno valkoinen jauhe voidaan helposti sekoittaa kokaiiniin.<\/p>\n<p>&nbsp;<\/p>\n<pre>Osta 100 % puhdasta valkoista heroiinia verkosta \u2013 osta valkoista heroiinia, osta 100 % puhdasta valkoista heroiinia, osta Valkoinen heroiini 100% verkossa, Mist\u00e4 ostaa valkoista heroiinia 100% puhdasta, valkoinen heroiini 100% puhdasta myyt\u00e4v\u00e4n\u00e4, valkoinen heroiini 100% puhdasta myyt\u00e4v\u00e4n\u00e4, ostaa valkoista heroiinia verkosta, mist\u00e4 ostaa valkoista heroiinia 100% puhdasta verkosta, valkoinen heroiini 100% puhdasta myyt\u00e4v\u00e4n\u00e4 Yhdysvalloissa, USA, Kanada, Yhdistynyt kuningaskunta, osta, online, toimittajat, turvallinen toimitus, voit silti saada 100 % puhdasta valkoista heroiinia, onko valkoinen heroiini 100 % puhdasta laillista Yhdysvalloissa, osta 100 % puhdasta valkoista heroiinia verkosta usa, kuinka tilata 100 % puhdasta valkoista heroiinia , onko valkoinen heroiini 100 % puhdasta laillista Kanadassa<\/pre>\n","protected":false},"excerpt":{"rendered":"<p>T\u00e4n\u00e4 p\u00e4iv\u00e4n\u00e4 100 % puhtaan White Heroinin ostamisesta verkosta on tullut eritt\u00e4in vaikeaa. Mutta t\u00e4\u00e4lt\u00e4 Buy Heroin Online -sivustolta l\u00f6yd\u00e4t monenlaisia \u200b\u200bheroiinityyppej\u00e4, jotka ovat myynniss\u00e4 tukkutilauksille ilmaisella toimituksella.<\/p>\n","protected":false},"featured_media":1677,"comment_status":"open","ping_status":"closed","template":"","meta":{"inline_featured_image":false},"product_brand":[],"product_cat":[343],"product_tag":[232,227,226,225,235,230,105,236,231,228,229,237,234,107,109,110,106,104,108,233],"class_list":{"0":"post-1667","1":"product","2":"type-product","3":"status-publish","4":"has-post-thumbnail","6":"product_cat-muut","7":"product_tag-valkoinen-heroiini-100-puhdas-myynniss-usa","8":"product_tag-buy-white-heroin-100-online","9":"product_tag-buy-white-heroin-100-pure","10":"product_tag-buy-white-heroin-100-pure-online-buy-white-heroin","11":"product_tag-buy-white-heroin-100-pure-online-usa","12":"product_tag-buy-white-heroin-online","13":"product_tag-canada","14":"product_tag-miten-tilaa-valkoinen-heroiini-100-puhdas","15":"product_tag-mist-ostaa-valkoinen-heroiini-100-puhdas-online","16":"product_tag-mist-ostaa-valkoinen-heroiini-100-puhdas","17":"product_tag-valkoinen-heroiini-100-puhdas-myynniss","18":"product_tag-on-valkoinen-heroiini-100-puhdas-laillinen-kanadassa","19":"product_tag-is-white-heroin-100-pure-legal-usa","20":"product_tag-ostaa","21":"product_tag-toimittajia","22":"product_tag-turvallinen-toimitus","23":"product_tag-uk","24":"product_tag-usa","25":"product_tag-verkossa","26":"product_tag-voit-viel-saada-valkoista-heroiinia-100-puhdasta","27":"pa_grams-1-kg-1000-g","28":"pa_grams-10-g","29":"pa_grams-100-g","30":"pa_grams-20-g","31":"pa_grams-200-g","32":"pa_grams-35-g","33":"pa_grams-50-g","34":"pa_grams-500-g","36":"first","37":"instock","38":"featured","39":"shipping-taxable","40":"purchasable","41":"product-type-variable","42":"has-default-attributes"},"yoast_head":"<!-- This site is optimized with the Yoast SEO Premium plugin v20.6 (Yoast SEO v27.3) - https:\/\/yoast.com\/product\/yoast-seo-premium-wordpress\/ -->\n<title>Osta valkoista heroiinia verkosta (100 % puhdasta) | Heroiini myyt\u00e4v\u00e4n\u00e4<\/title>\n<meta name=\"description\" content=\"Nyky\u00e4\u00e4n 100 % puhtaan valkoisen heroiinin tilaaminen verkosta on tullut eritt\u00e4in vaikeaksi. Mutta t\u00e4\u00e4lt\u00e4 Osta valkoista heroiinia verkosta l\u00f6yd\u00e4t monenlaisia heroiinityyppej\u00e4.\" \/>\n<meta name=\"robots\" content=\"index, follow, max-snippet:-1, max-image-preview:large, max-video-preview:-1\" \/>\n<link rel=\"canonical\" href=\"https:\/\/gooddealersmeds.com\/fi\/product\/osta-valkoinen-heroiini-100-puhdas-online\/\" \/>\n<meta property=\"og:locale\" content=\"en_US\" \/>\n<meta property=\"og:type\" content=\"article\" \/>\n<meta property=\"og:title\" content=\"Osta 100 % puhdasta valkoista heroiinia verkosta\" \/>\n<meta property=\"og:description\" content=\"Nyky\u00e4\u00e4n 100 % puhtaan valkoisen heroiinin tilaaminen verkosta on tullut eritt\u00e4in vaikeaksi. Mutta t\u00e4\u00e4lt\u00e4 Osta valkoista heroiinia verkosta l\u00f6yd\u00e4t monenlaisia heroiinityyppej\u00e4.\" \/>\n<meta property=\"og:url\" content=\"https:\/\/gooddealersmeds.com\/fi\/product\/osta-valkoinen-heroiini-100-puhdas-online\/\" \/>\n<meta property=\"og:site_name\" content=\"Good Dealers Meds\" \/>\n<meta property=\"article:modified_time\" content=\"2023-01-22T22:50:06+00:00\" \/>\n<meta property=\"og:image\" content=\"https:\/\/gooddealersmeds.com\/fi\/wp-content\/uploads\/sites\/6\/2022\/03\/Buy-White-Heroin-100-pure-online.jpg\" \/>\n\t<meta property=\"og:image:width\" content=\"600\" \/>\n\t<meta property=\"og:image:height\" content=\"600\" \/>\n\t<meta property=\"og:image:type\" content=\"image\/jpeg\" \/>\n<meta name=\"twitter:card\" content=\"summary_large_image\" \/>\n<meta name=\"twitter:label1\" content=\"Est. reading time\" \/>\n\t<meta name=\"twitter:data1\" content=\"1 minute\" \/>\n<script type=\"application\/ld+json\" class=\"yoast-schema-graph\">{\"@context\":\"https:\\\/\\\/schema.org\",\"@graph\":[{\"@type\":\"WebPage\",\"@id\":\"https:\\\/\\\/gooddealersmeds.com\\\/fi\\\/product\\\/osta-valkoinen-heroiini-100-puhdas-online\\\/\",\"url\":\"https:\\\/\\\/gooddealersmeds.com\\\/fi\\\/product\\\/osta-valkoinen-heroiini-100-puhdas-online\\\/\",\"name\":\"Osta valkoista heroiinia verkosta (100 % puhdasta) | Heroiini myyt\u00e4v\u00e4n\u00e4\",\"isPartOf\":{\"@id\":\"https:\\\/\\\/gooddealersmeds.com\\\/fi\\\/#website\"},\"primaryImageOfPage\":{\"@id\":\"https:\\\/\\\/gooddealersmeds.com\\\/fi\\\/product\\\/osta-valkoinen-heroiini-100-puhdas-online\\\/#primaryimage\"},\"image\":{\"@id\":\"https:\\\/\\\/gooddealersmeds.com\\\/fi\\\/product\\\/osta-valkoinen-heroiini-100-puhdas-online\\\/#primaryimage\"},\"thumbnailUrl\":\"https:\\\/\\\/gooddealersmeds.com\\\/fi\\\/wp-content\\\/uploads\\\/sites\\\/6\\\/2022\\\/03\\\/Buy-White-Heroin-100-pure-online.jpg\",\"datePublished\":\"2022-03-19T01:05:58+00:00\",\"dateModified\":\"2023-01-22T22:50:06+00:00\",\"description\":\"Nyky\u00e4\u00e4n 100 % puhtaan valkoisen heroiinin tilaaminen verkosta on tullut eritt\u00e4in vaikeaksi. Mutta t\u00e4\u00e4lt\u00e4 Osta valkoista heroiinia verkosta l\u00f6yd\u00e4t monenlaisia heroiinityyppej\u00e4.\",\"breadcrumb\":{\"@id\":\"https:\\\/\\\/gooddealersmeds.com\\\/fi\\\/product\\\/osta-valkoinen-heroiini-100-puhdas-online\\\/#breadcrumb\"},\"inLanguage\":\"en-US\",\"potentialAction\":[{\"@type\":\"ReadAction\",\"target\":[\"https:\\\/\\\/gooddealersmeds.com\\\/fi\\\/product\\\/osta-valkoinen-heroiini-100-puhdas-online\\\/\"]}]},{\"@type\":\"ImageObject\",\"inLanguage\":\"en-US\",\"@id\":\"https:\\\/\\\/gooddealersmeds.com\\\/fi\\\/product\\\/osta-valkoinen-heroiini-100-puhdas-online\\\/#primaryimage\",\"url\":\"https:\\\/\\\/gooddealersmeds.com\\\/fi\\\/wp-content\\\/uploads\\\/sites\\\/6\\\/2022\\\/03\\\/Buy-White-Heroin-100-pure-online.jpg\",\"contentUrl\":\"https:\\\/\\\/gooddealersmeds.com\\\/fi\\\/wp-content\\\/uploads\\\/sites\\\/6\\\/2022\\\/03\\\/Buy-White-Heroin-100-pure-online.jpg\",\"width\":600,\"height\":600,\"caption\":\"Buy White Heroin Online\"},{\"@type\":\"BreadcrumbList\",\"@id\":\"https:\\\/\\\/gooddealersmeds.com\\\/fi\\\/product\\\/osta-valkoinen-heroiini-100-puhdas-online\\\/#breadcrumb\",\"itemListElement\":[{\"@type\":\"ListItem\",\"position\":1,\"name\":\"Home\",\"item\":\"https:\\\/\\\/gooddealersmeds.com\\\/fi\\\/\"},{\"@type\":\"ListItem\",\"position\":2,\"name\":\"Tuotteet\",\"item\":\"https:\\\/\\\/gooddealersmeds.com\\\/fi\\\/tuotteet\\\/\"},{\"@type\":\"ListItem\",\"position\":3,\"name\":\"Osta 100 % puhdasta valkoista heroiinia verkosta\"}]},{\"@type\":\"WebSite\",\"@id\":\"https:\\\/\\\/gooddealersmeds.com\\\/fi\\\/#website\",\"url\":\"https:\\\/\\\/gooddealersmeds.com\\\/fi\\\/\",\"name\":\"Good Dealers Meds\",\"description\":\"All our best\",\"publisher\":{\"@id\":\"https:\\\/\\\/gooddealersmeds.com\\\/fi\\\/#organization\"},\"potentialAction\":[{\"@type\":\"SearchAction\",\"target\":{\"@type\":\"EntryPoint\",\"urlTemplate\":\"https:\\\/\\\/gooddealersmeds.com\\\/fi\\\/?s={search_term_string}\"},\"query-input\":{\"@type\":\"PropertyValueSpecification\",\"valueRequired\":true,\"valueName\":\"search_term_string\"}}],\"inLanguage\":\"en-US\"},{\"@type\":\"Organization\",\"@id\":\"https:\\\/\\\/gooddealersmeds.com\\\/fi\\\/#organization\",\"name\":\"Good Dealers Meds\",\"url\":\"https:\\\/\\\/gooddealersmeds.com\\\/fi\\\/\",\"logo\":{\"@type\":\"ImageObject\",\"inLanguage\":\"en-US\",\"@id\":\"https:\\\/\\\/gooddealersmeds.com\\\/fi\\\/#\\\/schema\\\/logo\\\/image\\\/\",\"url\":\"https:\\\/\\\/gooddealersmeds.com\\\/fi\\\/wp-content\\\/uploads\\\/sites\\\/6\\\/2022\\\/03\\\/gooddealersmeds__logo__20220317T222800Z.00.png\",\"contentUrl\":\"https:\\\/\\\/gooddealersmeds.com\\\/fi\\\/wp-content\\\/uploads\\\/sites\\\/6\\\/2022\\\/03\\\/gooddealersmeds__logo__20220317T222800Z.00.png\",\"width\":500,\"height\":325,\"caption\":\"Good Dealers Meds\"},\"image\":{\"@id\":\"https:\\\/\\\/gooddealersmeds.com\\\/fi\\\/#\\\/schema\\\/logo\\\/image\\\/\"}}]}<\/script>\n<!-- \/ Yoast SEO Premium plugin. -->","yoast_head_json":{"title":"Osta valkoista heroiinia verkosta (100 % puhdasta) | Heroiini myyt\u00e4v\u00e4n\u00e4","description":"Nyky\u00e4\u00e4n 100 % puhtaan valkoisen heroiinin tilaaminen verkosta on tullut eritt\u00e4in vaikeaksi. Mutta t\u00e4\u00e4lt\u00e4 Osta valkoista heroiinia verkosta l\u00f6yd\u00e4t monenlaisia heroiinityyppej\u00e4.","robots":{"index":"index","follow":"follow","max-snippet":"max-snippet:-1","max-image-preview":"max-image-preview:large","max-video-preview":"max-video-preview:-1"},"canonical":"https:\/\/gooddealersmeds.com\/fi\/product\/osta-valkoinen-heroiini-100-puhdas-online\/","og_locale":"en_US","og_type":"article","og_title":"Osta 100 % puhdasta valkoista heroiinia verkosta","og_description":"Nyky\u00e4\u00e4n 100 % puhtaan valkoisen heroiinin tilaaminen verkosta on tullut eritt\u00e4in vaikeaksi. Mutta t\u00e4\u00e4lt\u00e4 Osta valkoista heroiinia verkosta l\u00f6yd\u00e4t monenlaisia heroiinityyppej\u00e4.","og_url":"https:\/\/gooddealersmeds.com\/fi\/product\/osta-valkoinen-heroiini-100-puhdas-online\/","og_site_name":"Good Dealers Meds","article_modified_time":"2023-01-22T22:50:06+00:00","og_image":[{"width":600,"height":600,"url":"https:\/\/gooddealersmeds.com\/fi\/wp-content\/uploads\/sites\/6\/2022\/03\/Buy-White-Heroin-100-pure-online.jpg","type":"image\/jpeg"}],"twitter_card":"summary_large_image","twitter_misc":{"Est. reading time":"1 minute"},"schema":{"@context":"https:\/\/schema.org","@graph":[{"@type":"WebPage","@id":"https:\/\/gooddealersmeds.com\/fi\/product\/osta-valkoinen-heroiini-100-puhdas-online\/","url":"https:\/\/gooddealersmeds.com\/fi\/product\/osta-valkoinen-heroiini-100-puhdas-online\/","name":"Osta valkoista heroiinia verkosta (100 % puhdasta) | Heroiini myyt\u00e4v\u00e4n\u00e4","isPartOf":{"@id":"https:\/\/gooddealersmeds.com\/fi\/#website"},"primaryImageOfPage":{"@id":"https:\/\/gooddealersmeds.com\/fi\/product\/osta-valkoinen-heroiini-100-puhdas-online\/#primaryimage"},"image":{"@id":"https:\/\/gooddealersmeds.com\/fi\/product\/osta-valkoinen-heroiini-100-puhdas-online\/#primaryimage"},"thumbnailUrl":"https:\/\/gooddealersmeds.com\/fi\/wp-content\/uploads\/sites\/6\/2022\/03\/Buy-White-Heroin-100-pure-online.jpg","datePublished":"2022-03-19T01:05:58+00:00","dateModified":"2023-01-22T22:50:06+00:00","description":"Nyky\u00e4\u00e4n 100 % puhtaan valkoisen heroiinin tilaaminen verkosta on tullut eritt\u00e4in vaikeaksi. Mutta t\u00e4\u00e4lt\u00e4 Osta valkoista heroiinia verkosta l\u00f6yd\u00e4t monenlaisia heroiinityyppej\u00e4.","breadcrumb":{"@id":"https:\/\/gooddealersmeds.com\/fi\/product\/osta-valkoinen-heroiini-100-puhdas-online\/#breadcrumb"},"inLanguage":"en-US","potentialAction":[{"@type":"ReadAction","target":["https:\/\/gooddealersmeds.com\/fi\/product\/osta-valkoinen-heroiini-100-puhdas-online\/"]}]},{"@type":"ImageObject","inLanguage":"en-US","@id":"https:\/\/gooddealersmeds.com\/fi\/product\/osta-valkoinen-heroiini-100-puhdas-online\/#primaryimage","url":"https:\/\/gooddealersmeds.com\/fi\/wp-content\/uploads\/sites\/6\/2022\/03\/Buy-White-Heroin-100-pure-online.jpg","contentUrl":"https:\/\/gooddealersmeds.com\/fi\/wp-content\/uploads\/sites\/6\/2022\/03\/Buy-White-Heroin-100-pure-online.jpg","width":600,"height":600,"caption":"Buy White Heroin Online"},{"@type":"BreadcrumbList","@id":"https:\/\/gooddealersmeds.com\/fi\/product\/osta-valkoinen-heroiini-100-puhdas-online\/#breadcrumb","itemListElement":[{"@type":"ListItem","position":1,"name":"Home","item":"https:\/\/gooddealersmeds.com\/fi\/"},{"@type":"ListItem","position":2,"name":"Tuotteet","item":"https:\/\/gooddealersmeds.com\/fi\/tuotteet\/"},{"@type":"ListItem","position":3,"name":"Osta 100 % puhdasta valkoista heroiinia verkosta"}]},{"@type":"WebSite","@id":"https:\/\/gooddealersmeds.com\/fi\/#website","url":"https:\/\/gooddealersmeds.com\/fi\/","name":"Good Dealers Meds","description":"All our best","publisher":{"@id":"https:\/\/gooddealersmeds.com\/fi\/#organization"},"potentialAction":[{"@type":"SearchAction","target":{"@type":"EntryPoint","urlTemplate":"https:\/\/gooddealersmeds.com\/fi\/?s={search_term_string}"},"query-input":{"@type":"PropertyValueSpecification","valueRequired":true,"valueName":"search_term_string"}}],"inLanguage":"en-US"},{"@type":"Organization","@id":"https:\/\/gooddealersmeds.com\/fi\/#organization","name":"Good Dealers Meds","url":"https:\/\/gooddealersmeds.com\/fi\/","logo":{"@type":"ImageObject","inLanguage":"en-US","@id":"https:\/\/gooddealersmeds.com\/fi\/#\/schema\/logo\/image\/","url":"https:\/\/gooddealersmeds.com\/fi\/wp-content\/uploads\/sites\/6\/2022\/03\/gooddealersmeds__logo__20220317T222800Z.00.png","contentUrl":"https:\/\/gooddealersmeds.com\/fi\/wp-content\/uploads\/sites\/6\/2022\/03\/gooddealersmeds__logo__20220317T222800Z.00.png","width":500,"height":325,"caption":"Good Dealers Meds"},"image":{"@id":"https:\/\/gooddealersmeds.com\/fi\/#\/schema\/logo\/image\/"}}]}},"_links":{"self":[{"href":"https:\/\/gooddealersmeds.com\/fi\/wp-json\/wp\/v2\/product\/1667","targetHints":{"allow":["GET"]}}],"collection":[{"href":"https:\/\/gooddealersmeds.com\/fi\/wp-json\/wp\/v2\/product"}],"about":[{"href":"https:\/\/gooddealersmeds.com\/fi\/wp-json\/wp\/v2\/types\/product"}],"replies":[{"embeddable":true,"href":"https:\/\/gooddealersmeds.com\/fi\/wp-json\/wp\/v2\/comments?post=1667"}],"wp:featuredmedia":[{"embeddable":true,"href":"https:\/\/gooddealersmeds.com\/fi\/wp-json\/wp\/v2\/media\/1677"}],"wp:attachment":[{"href":"https:\/\/gooddealersmeds.com\/fi\/wp-json\/wp\/v2\/media?parent=1667"}],"wp:term":[{"taxonomy":"product_brand","embeddable":true,"href":"https:\/\/gooddealersmeds.com\/fi\/wp-json\/wp\/v2\/product_brand?post=1667"},{"taxonomy":"product_cat","embeddable":true,"href":"https:\/\/gooddealersmeds.com\/fi\/wp-json\/wp\/v2\/product_cat?post=1667"},{"taxonomy":"product_tag","embeddable":true,"href":"https:\/\/gooddealersmeds.com\/fi\/wp-json\/wp\/v2\/product_tag?post=1667"}],"curies":[{"name":"wp","href":"https:\/\/api.w.org\/{rel}","templated":true}]}}