{"id":1657,"date":"2022-03-19T00:58:27","date_gmt":"2022-03-19T00:58:27","guid":{"rendered":"https:\/\/gooddealersmeds.com\/fi\/?post_type=product&#038;p=1657"},"modified":"2023-01-22T23:04:30","modified_gmt":"2023-01-22T23:04:30","slug":"tilaa-jauhettu-kokaiini-verkossa-98-8-puhdas","status":"publish","type":"product","link":"https:\/\/gooddealersmeds.com\/fi\/product\/tilaa-jauhettu-kokaiini-verkossa-98-8-puhdas\/","title":{"rendered":"Tilaa 98,8 % puhdasta jauhettua kokaiinia verkosta"},"content":{"rendered":"<h2>Osta kokaiinijauhetta verkosta<\/h2>\n<p>Osta puhdasta kokaiinijauhetta verkosta parhaalla laadulla <a href=\"https:\/\/gooddealersmeds.com\/fi\/products\/\"><span style=\"color: #333333\">verkkokauppa<\/span><\/a>. Kokaiinijauhe on kokaiinin yleisin muoto. T\u00e4st\u00e4 syyst\u00e4 se tunnetaan my\u00f6s katuhuumeena. T\u00e4m\u00e4 jauhe on valmistettu Coca-kasveista, joita tavataan enimm\u00e4kseen ja yleisesti etel\u00e4isiss\u00e4 maissa.<\/p>\n<p>Se on voimakas piriste, jota k\u00e4ytet\u00e4\u00e4n monien sairauksien hoidossa vaikuttamalla suoraan keskusaivoihin. T\u00e4m\u00e4 stimulantti tehostaa tiettyj\u00e4 kemikaaleja aivoissa suorittamaan joitain haluttuja toimia ihmisen elinj\u00e4rjestelm\u00e4ss\u00e4. Useiden ominaisuuksien vuoksi sit\u00e4 k\u00e4ytet\u00e4\u00e4n enimm\u00e4kseen kokaiinin muodossa koko maailmassa.<\/p>\n<p>Kokaiinijauhe vs. <a href=\"https:\/\/fi.wikipedia.org\/wiki\/Kokaiini\">kokaiinin<\/a> toinen muoto<\/p>\n<p><strong>Kokaiinijauheen k\u00e4ytt\u00f6tapa<\/strong><\/p>\n<p>Kokaiinijauhe ei ole hy\u00f6dyllist\u00e4 vain ihmiskeholle. Mutta se on my\u00f6s v\u00e4hemm\u00e4n haitallinen ihmisten terveydelle, mik\u00e4 on sen menestyksen avaintekij\u00e4. Sit\u00e4 k\u00e4ytet\u00e4\u00e4n usein sekoittamalla muihin aihiol\u00e4\u00e4kkeisiin, kuten fentanyyliin, talkkijauheeseen jne. Mutta se voi olla haitallista ihmisten terveydelle, kun sit\u00e4 k\u00e4ytet\u00e4\u00e4n sekoittamalla fentanyyliin valvomattomana.<\/p>\n<p>Se kannattaa siis tarkistaa k\u00e4ytett\u00e4ess\u00e4 niin voimakas esil\u00e4\u00e4ke. On monia tapoja, joilla ihmiset k\u00e4ytt\u00e4v\u00e4t t\u00e4t\u00e4 jauhemaista kuorsausta, tupakointia savukkeen muodossa tai ruiskuttamalla suoraan suoneen. Sen k\u00e4ytt\u00f6tapa riippuu ihmisen fyysisest\u00e4 ja henkisest\u00e4 tilasta.<\/p>\n<p>Jotkut ihmiset k\u00e4yttiv\u00e4t t\u00e4t\u00e4 jauhetta my\u00f6s virvoitusjuomaan sekoitettuna, mutta sen ottaminen on eritt\u00e4in vaarallista.<\/p>\n<p><strong>Kokaiinijauheen l\u00e4\u00e4ketieteellinen k\u00e4ytt\u00f6<\/strong><\/p>\n<p>Kokaiinijauhe lis\u00e4\u00e4 my\u00f6s ihmisen aivojen reagointikyky\u00e4 lis\u00e4\u00e4m\u00e4ll\u00e4 siin\u00e4 olevien kemikaalien m\u00e4\u00e4r\u00e4\u00e4. L\u00e4\u00e4k\u00e4rit m\u00e4\u00e4r\u00e4\u00e4v\u00e4t t\u00e4t\u00e4 l\u00e4\u00e4kett\u00e4, kun he ovat tekemisiss\u00e4 ihmisten kanssa, jotka k\u00e4rsiv\u00e4t laiskuudesta liikkeiss\u00e4\u00e4n ja toimissaan. Kokaiinihydrokloridia myyt\u00e4v\u00e4n\u00e4<\/p>\n<p>L\u00e4\u00e4k\u00e4rit k\u00e4ytt\u00e4v\u00e4t sit\u00e4 my\u00f6s monissa kirurgisissa leikkauksissa kivun tunteen v\u00e4hent\u00e4miseen. Sen lyhyt k\u00e4ytt\u00f6aika on eritt\u00e4in hy\u00f6dyllinen ihmisille, koska se tarjoaa ihmismielelle onnen ja energian tunteen. N\u00e4iden ominaisuuksien ansiosta se on suosittu kaikenlaisten ihmisten keskuudessa t\u00e4ss\u00e4 maailmassa.<\/p>\n<p>Kokaiinijauhe on kaikkien saatavilla ja helposti saatavilla online-markkinoilla. Verkkokaupassamme on my\u00f6s t\u00e4t\u00e4 ainutlaatuista jauhetta eritt\u00e4in edulliseen hintaan. Lis\u00e4ksi tarjoamme tuotteen nopeimman toimituksen kotiovellesi.<\/p>\n<p>&nbsp;<\/p>\n<p>&nbsp;<\/p>\n<pre><strong>Tilaa verkosta jauhettua kokaiinia, jonka puhtaus on 98,8 %. - osta jauhettua kokaiinia, osta jauhettua kokaiinia verkosta, osta jauhettua kokaiinia verkosta, mist\u00e4 ostaa jauhettua kokaiinia verkosta 98,8% puhdasta, jauhettua kokaiinia verkossa 98,8% puhdasta myyt\u00e4v\u00e4n\u00e4, jauhettua kokaiinia verkossa 98,8% puhdasta myyt\u00e4v\u00e4n\u00e4, osta jauhettua kokaiinia verkosta , mist\u00e4 ostaa jauhettua kokaiinia verkosta, jauhettua kokaiinia verkossa 98,8 % puhdasta myyt\u00e4v\u00e4n\u00e4 Yhdysvalloissa , USA, Kanada, Iso-Britannia, osta, verkossa, toimittajat, turvallinen toimitus, Voit silti saada jauhettua kokaiinia verkosta 98,8 % puhdasta, Onko jauhemaista kokaiinia verkossa 98,8 % puhdasta laillista Yhdysvalloissa, osta jauhemaista kokaiinia verkosta 98,8 % puhdasta netist\u00e4 usa, kuinka tilata jauhettua kokaiinia verkosta 98,8 % puhdasta, Onko jauhemaista kokaiinia verkossa 98,8 % puhdasta laillista Kanadassa<\/strong><\/pre>\n","protected":false},"excerpt":{"rendered":"<p>Osta jauhettua kokaiinia verkosta. Osta kokaiinia, kokaiinia, krak-kokaiinia. Puhdas valkoinen jauhe leikkaamaton ja leikattu saatavilla varastossa Pakkaus ja toimitus ovat eritt\u00e4in erillisi\u00e4 ja ohittavat kaikki mukautetut tai lainvalvontaviranomaiset. osta kokaiinia verkosta, kokaiinia myyt\u00e4v\u00e4n\u00e4, laillista kokaiinia, osta kokaiinia verkosta luottokortilla, jauhemaista kokaiinia myyt\u00e4v\u00e4n\u00e4.<\/p>\n","protected":false},"featured_media":1666,"comment_status":"open","ping_status":"closed","template":"","meta":{"inline_featured_image":false},"product_brand":[],"product_cat":[343],"product_tag":[692,699,685,689,694,695,687,697,701,684,105,686,698,691,688,217,690,693,212,214,696,107,109,110,108,700],"class_list":{"0":"post-1657","1":"product","2":"type-product","3":"status-publish","4":"has-post-thumbnail","6":"product_cat-muut","7":"product_tag-692","8":"product_tag-8-puhdasta","9":"product_tag-8-puhdasta-jauhettua-kokaiinia-myytavana","10":"product_tag-8-puhdasta-jauhettua-kokaiinia-verkosta","11":"product_tag-8-puhdasta-laillista-kanadassa","12":"product_tag-8-puhdasta-laillista-yhdysvalloissa","13":"product_tag-8-puhdasta-myytavana-yhdysvalloissa","14":"product_tag-8-puhdasta-netista-usa","15":"product_tag-8-puhtaana","16":"product_tag-684","17":"product_tag-canada","18":"product_tag-jauhettua-kokaiinia-verkossa","19":"product_tag-joka-on-98","20":"product_tag-joka-on-puhdasta-98","21":"product_tag-kuinka-tilata-98","22":"product_tag-mist-ostaa-jauhettua-kokaiinia-verkosta","23":"product_tag-mista-ostaa-netista-jauhettua-kokaiinia","24":"product_tag-onko-jauhemainen-kokaiini-verkossa-98","25":"product_tag-order-powdered-cocaine-online-98-8-pure-buy-powdered-cocaine","26":"product_tag-osta-jauhettua-kokaiinia-verkosta","27":"product_tag-osta-jauhettua-kokaiinia-verkosta-98","28":"product_tag-ostaa","29":"product_tag-toimittajia","30":"product_tag-turvallinen-toimitus","31":"product_tag-verkossa","32":"product_tag-voit-edelleen-saada-netista-jauhettua-kokaiinia-98","33":"pa_grams-1-kg-1000-g","34":"pa_grams-10-g","35":"pa_grams-100-g","36":"pa_grams-20-g","37":"pa_grams-200-g","38":"pa_grams-35-g","39":"pa_grams-50-g","40":"pa_grams-500-g","42":"first","43":"instock","44":"featured","45":"shipping-taxable","46":"purchasable","47":"product-type-variable","48":"has-default-attributes"},"yoast_head":"<!-- This site is optimized with the Yoast SEO Premium plugin v20.6 (Yoast SEO v27.3) - https:\/\/yoast.com\/product\/yoast-seo-premium-wordpress\/ -->\n<title>Osta kokaiinijauhetta verkosta | Kokaiinia myyt\u00e4v\u00e4n\u00e4 | Tilaa Coke<\/title>\n<meta name=\"description\" content=\"Osta puhdasta kokaiinijauhetta verkosta parhaalla laadulla. Olemme luotettavin ja huomaamattomin halvan crack-kokaiinin toimittaja verkossa.\" \/>\n<meta name=\"robots\" content=\"index, follow, max-snippet:-1, max-image-preview:large, max-video-preview:-1\" \/>\n<link rel=\"canonical\" href=\"https:\/\/gooddealersmeds.com\/fi\/product\/tilaa-jauhettu-kokaiini-verkossa-98-8-puhdas\/\" \/>\n<meta property=\"og:locale\" content=\"en_US\" \/>\n<meta property=\"og:type\" content=\"article\" \/>\n<meta property=\"og:title\" content=\"Tilaa 98,8 % puhdasta jauhettua kokaiinia verkosta\" \/>\n<meta property=\"og:description\" content=\"Osta puhdasta kokaiinijauhetta verkosta parhaalla laadulla. Olemme luotettavin ja huomaamattomin halvan crack-kokaiinin toimittaja verkossa.\" \/>\n<meta property=\"og:url\" content=\"https:\/\/gooddealersmeds.com\/fi\/product\/tilaa-jauhettu-kokaiini-verkossa-98-8-puhdas\/\" \/>\n<meta property=\"og:site_name\" content=\"Good Dealers Meds\" \/>\n<meta property=\"article:modified_time\" content=\"2023-01-22T23:04:30+00:00\" \/>\n<meta property=\"og:image\" content=\"https:\/\/gooddealersmeds.com\/fi\/wp-content\/uploads\/sites\/6\/2022\/03\/coc.jpg\" \/>\n\t<meta property=\"og:image:width\" content=\"600\" \/>\n\t<meta property=\"og:image:height\" content=\"600\" \/>\n\t<meta property=\"og:image:type\" content=\"image\/jpeg\" \/>\n<meta name=\"twitter:card\" content=\"summary_large_image\" \/>\n<meta name=\"twitter:label1\" content=\"Est. reading time\" \/>\n\t<meta name=\"twitter:data1\" content=\"2 minutes\" \/>\n<script type=\"application\/ld+json\" class=\"yoast-schema-graph\">{\"@context\":\"https:\\\/\\\/schema.org\",\"@graph\":[{\"@type\":\"WebPage\",\"@id\":\"https:\\\/\\\/gooddealersmeds.com\\\/fi\\\/product\\\/tilaa-jauhettu-kokaiini-verkossa-98-8-puhdas\\\/\",\"url\":\"https:\\\/\\\/gooddealersmeds.com\\\/fi\\\/product\\\/tilaa-jauhettu-kokaiini-verkossa-98-8-puhdas\\\/\",\"name\":\"Osta kokaiinijauhetta verkosta | Kokaiinia myyt\u00e4v\u00e4n\u00e4 | Tilaa Coke\",\"isPartOf\":{\"@id\":\"https:\\\/\\\/gooddealersmeds.com\\\/fi\\\/#website\"},\"primaryImageOfPage\":{\"@id\":\"https:\\\/\\\/gooddealersmeds.com\\\/fi\\\/product\\\/tilaa-jauhettu-kokaiini-verkossa-98-8-puhdas\\\/#primaryimage\"},\"image\":{\"@id\":\"https:\\\/\\\/gooddealersmeds.com\\\/fi\\\/product\\\/tilaa-jauhettu-kokaiini-verkossa-98-8-puhdas\\\/#primaryimage\"},\"thumbnailUrl\":\"https:\\\/\\\/gooddealersmeds.com\\\/fi\\\/wp-content\\\/uploads\\\/sites\\\/6\\\/2022\\\/03\\\/coc.jpg\",\"datePublished\":\"2022-03-19T00:58:27+00:00\",\"dateModified\":\"2023-01-22T23:04:30+00:00\",\"description\":\"Osta puhdasta kokaiinijauhetta verkosta parhaalla laadulla. Olemme luotettavin ja huomaamattomin halvan crack-kokaiinin toimittaja verkossa.\",\"breadcrumb\":{\"@id\":\"https:\\\/\\\/gooddealersmeds.com\\\/fi\\\/product\\\/tilaa-jauhettu-kokaiini-verkossa-98-8-puhdas\\\/#breadcrumb\"},\"inLanguage\":\"en-US\",\"potentialAction\":[{\"@type\":\"ReadAction\",\"target\":[\"https:\\\/\\\/gooddealersmeds.com\\\/fi\\\/product\\\/tilaa-jauhettu-kokaiini-verkossa-98-8-puhdas\\\/\"]}]},{\"@type\":\"ImageObject\",\"inLanguage\":\"en-US\",\"@id\":\"https:\\\/\\\/gooddealersmeds.com\\\/fi\\\/product\\\/tilaa-jauhettu-kokaiini-verkossa-98-8-puhdas\\\/#primaryimage\",\"url\":\"https:\\\/\\\/gooddealersmeds.com\\\/fi\\\/wp-content\\\/uploads\\\/sites\\\/6\\\/2022\\\/03\\\/coc.jpg\",\"contentUrl\":\"https:\\\/\\\/gooddealersmeds.com\\\/fi\\\/wp-content\\\/uploads\\\/sites\\\/6\\\/2022\\\/03\\\/coc.jpg\",\"width\":600,\"height\":600,\"caption\":\"Buy Cocaine Powder Online\"},{\"@type\":\"BreadcrumbList\",\"@id\":\"https:\\\/\\\/gooddealersmeds.com\\\/fi\\\/product\\\/tilaa-jauhettu-kokaiini-verkossa-98-8-puhdas\\\/#breadcrumb\",\"itemListElement\":[{\"@type\":\"ListItem\",\"position\":1,\"name\":\"Home\",\"item\":\"https:\\\/\\\/gooddealersmeds.com\\\/fi\\\/\"},{\"@type\":\"ListItem\",\"position\":2,\"name\":\"Tuotteet\",\"item\":\"https:\\\/\\\/gooddealersmeds.com\\\/fi\\\/tuotteet\\\/\"},{\"@type\":\"ListItem\",\"position\":3,\"name\":\"Tilaa 98,8 % puhdasta jauhettua kokaiinia verkosta\"}]},{\"@type\":\"WebSite\",\"@id\":\"https:\\\/\\\/gooddealersmeds.com\\\/fi\\\/#website\",\"url\":\"https:\\\/\\\/gooddealersmeds.com\\\/fi\\\/\",\"name\":\"Good Dealers Meds\",\"description\":\"All our best\",\"publisher\":{\"@id\":\"https:\\\/\\\/gooddealersmeds.com\\\/fi\\\/#organization\"},\"potentialAction\":[{\"@type\":\"SearchAction\",\"target\":{\"@type\":\"EntryPoint\",\"urlTemplate\":\"https:\\\/\\\/gooddealersmeds.com\\\/fi\\\/?s={search_term_string}\"},\"query-input\":{\"@type\":\"PropertyValueSpecification\",\"valueRequired\":true,\"valueName\":\"search_term_string\"}}],\"inLanguage\":\"en-US\"},{\"@type\":\"Organization\",\"@id\":\"https:\\\/\\\/gooddealersmeds.com\\\/fi\\\/#organization\",\"name\":\"Good Dealers Meds\",\"url\":\"https:\\\/\\\/gooddealersmeds.com\\\/fi\\\/\",\"logo\":{\"@type\":\"ImageObject\",\"inLanguage\":\"en-US\",\"@id\":\"https:\\\/\\\/gooddealersmeds.com\\\/fi\\\/#\\\/schema\\\/logo\\\/image\\\/\",\"url\":\"https:\\\/\\\/gooddealersmeds.com\\\/fi\\\/wp-content\\\/uploads\\\/sites\\\/6\\\/2022\\\/03\\\/gooddealersmeds__logo__20220317T222800Z.00.png\",\"contentUrl\":\"https:\\\/\\\/gooddealersmeds.com\\\/fi\\\/wp-content\\\/uploads\\\/sites\\\/6\\\/2022\\\/03\\\/gooddealersmeds__logo__20220317T222800Z.00.png\",\"width\":500,\"height\":325,\"caption\":\"Good Dealers Meds\"},\"image\":{\"@id\":\"https:\\\/\\\/gooddealersmeds.com\\\/fi\\\/#\\\/schema\\\/logo\\\/image\\\/\"}}]}<\/script>\n<!-- \/ Yoast SEO Premium plugin. -->","yoast_head_json":{"title":"Osta kokaiinijauhetta verkosta | Kokaiinia myyt\u00e4v\u00e4n\u00e4 | Tilaa Coke","description":"Osta puhdasta kokaiinijauhetta verkosta parhaalla laadulla. Olemme luotettavin ja huomaamattomin halvan crack-kokaiinin toimittaja verkossa.","robots":{"index":"index","follow":"follow","max-snippet":"max-snippet:-1","max-image-preview":"max-image-preview:large","max-video-preview":"max-video-preview:-1"},"canonical":"https:\/\/gooddealersmeds.com\/fi\/product\/tilaa-jauhettu-kokaiini-verkossa-98-8-puhdas\/","og_locale":"en_US","og_type":"article","og_title":"Tilaa 98,8 % puhdasta jauhettua kokaiinia verkosta","og_description":"Osta puhdasta kokaiinijauhetta verkosta parhaalla laadulla. Olemme luotettavin ja huomaamattomin halvan crack-kokaiinin toimittaja verkossa.","og_url":"https:\/\/gooddealersmeds.com\/fi\/product\/tilaa-jauhettu-kokaiini-verkossa-98-8-puhdas\/","og_site_name":"Good Dealers Meds","article_modified_time":"2023-01-22T23:04:30+00:00","og_image":[{"width":600,"height":600,"url":"https:\/\/gooddealersmeds.com\/fi\/wp-content\/uploads\/sites\/6\/2022\/03\/coc.jpg","type":"image\/jpeg"}],"twitter_card":"summary_large_image","twitter_misc":{"Est. reading time":"2 minutes"},"schema":{"@context":"https:\/\/schema.org","@graph":[{"@type":"WebPage","@id":"https:\/\/gooddealersmeds.com\/fi\/product\/tilaa-jauhettu-kokaiini-verkossa-98-8-puhdas\/","url":"https:\/\/gooddealersmeds.com\/fi\/product\/tilaa-jauhettu-kokaiini-verkossa-98-8-puhdas\/","name":"Osta kokaiinijauhetta verkosta | Kokaiinia myyt\u00e4v\u00e4n\u00e4 | Tilaa Coke","isPartOf":{"@id":"https:\/\/gooddealersmeds.com\/fi\/#website"},"primaryImageOfPage":{"@id":"https:\/\/gooddealersmeds.com\/fi\/product\/tilaa-jauhettu-kokaiini-verkossa-98-8-puhdas\/#primaryimage"},"image":{"@id":"https:\/\/gooddealersmeds.com\/fi\/product\/tilaa-jauhettu-kokaiini-verkossa-98-8-puhdas\/#primaryimage"},"thumbnailUrl":"https:\/\/gooddealersmeds.com\/fi\/wp-content\/uploads\/sites\/6\/2022\/03\/coc.jpg","datePublished":"2022-03-19T00:58:27+00:00","dateModified":"2023-01-22T23:04:30+00:00","description":"Osta puhdasta kokaiinijauhetta verkosta parhaalla laadulla. Olemme luotettavin ja huomaamattomin halvan crack-kokaiinin toimittaja verkossa.","breadcrumb":{"@id":"https:\/\/gooddealersmeds.com\/fi\/product\/tilaa-jauhettu-kokaiini-verkossa-98-8-puhdas\/#breadcrumb"},"inLanguage":"en-US","potentialAction":[{"@type":"ReadAction","target":["https:\/\/gooddealersmeds.com\/fi\/product\/tilaa-jauhettu-kokaiini-verkossa-98-8-puhdas\/"]}]},{"@type":"ImageObject","inLanguage":"en-US","@id":"https:\/\/gooddealersmeds.com\/fi\/product\/tilaa-jauhettu-kokaiini-verkossa-98-8-puhdas\/#primaryimage","url":"https:\/\/gooddealersmeds.com\/fi\/wp-content\/uploads\/sites\/6\/2022\/03\/coc.jpg","contentUrl":"https:\/\/gooddealersmeds.com\/fi\/wp-content\/uploads\/sites\/6\/2022\/03\/coc.jpg","width":600,"height":600,"caption":"Buy Cocaine Powder Online"},{"@type":"BreadcrumbList","@id":"https:\/\/gooddealersmeds.com\/fi\/product\/tilaa-jauhettu-kokaiini-verkossa-98-8-puhdas\/#breadcrumb","itemListElement":[{"@type":"ListItem","position":1,"name":"Home","item":"https:\/\/gooddealersmeds.com\/fi\/"},{"@type":"ListItem","position":2,"name":"Tuotteet","item":"https:\/\/gooddealersmeds.com\/fi\/tuotteet\/"},{"@type":"ListItem","position":3,"name":"Tilaa 98,8 % puhdasta jauhettua kokaiinia verkosta"}]},{"@type":"WebSite","@id":"https:\/\/gooddealersmeds.com\/fi\/#website","url":"https:\/\/gooddealersmeds.com\/fi\/","name":"Good Dealers Meds","description":"All our best","publisher":{"@id":"https:\/\/gooddealersmeds.com\/fi\/#organization"},"potentialAction":[{"@type":"SearchAction","target":{"@type":"EntryPoint","urlTemplate":"https:\/\/gooddealersmeds.com\/fi\/?s={search_term_string}"},"query-input":{"@type":"PropertyValueSpecification","valueRequired":true,"valueName":"search_term_string"}}],"inLanguage":"en-US"},{"@type":"Organization","@id":"https:\/\/gooddealersmeds.com\/fi\/#organization","name":"Good Dealers Meds","url":"https:\/\/gooddealersmeds.com\/fi\/","logo":{"@type":"ImageObject","inLanguage":"en-US","@id":"https:\/\/gooddealersmeds.com\/fi\/#\/schema\/logo\/image\/","url":"https:\/\/gooddealersmeds.com\/fi\/wp-content\/uploads\/sites\/6\/2022\/03\/gooddealersmeds__logo__20220317T222800Z.00.png","contentUrl":"https:\/\/gooddealersmeds.com\/fi\/wp-content\/uploads\/sites\/6\/2022\/03\/gooddealersmeds__logo__20220317T222800Z.00.png","width":500,"height":325,"caption":"Good Dealers Meds"},"image":{"@id":"https:\/\/gooddealersmeds.com\/fi\/#\/schema\/logo\/image\/"}}]}},"_links":{"self":[{"href":"https:\/\/gooddealersmeds.com\/fi\/wp-json\/wp\/v2\/product\/1657","targetHints":{"allow":["GET"]}}],"collection":[{"href":"https:\/\/gooddealersmeds.com\/fi\/wp-json\/wp\/v2\/product"}],"about":[{"href":"https:\/\/gooddealersmeds.com\/fi\/wp-json\/wp\/v2\/types\/product"}],"replies":[{"embeddable":true,"href":"https:\/\/gooddealersmeds.com\/fi\/wp-json\/wp\/v2\/comments?post=1657"}],"wp:featuredmedia":[{"embeddable":true,"href":"https:\/\/gooddealersmeds.com\/fi\/wp-json\/wp\/v2\/media\/1666"}],"wp:attachment":[{"href":"https:\/\/gooddealersmeds.com\/fi\/wp-json\/wp\/v2\/media?parent=1657"}],"wp:term":[{"taxonomy":"product_brand","embeddable":true,"href":"https:\/\/gooddealersmeds.com\/fi\/wp-json\/wp\/v2\/product_brand?post=1657"},{"taxonomy":"product_cat","embeddable":true,"href":"https:\/\/gooddealersmeds.com\/fi\/wp-json\/wp\/v2\/product_cat?post=1657"},{"taxonomy":"product_tag","embeddable":true,"href":"https:\/\/gooddealersmeds.com\/fi\/wp-json\/wp\/v2\/product_tag?post=1657"}],"curies":[{"name":"wp","href":"https:\/\/api.w.org\/{rel}","templated":true}]}}