{"id":1639,"date":"2022-03-19T00:39:57","date_gmt":"2022-03-19T00:39:57","guid":{"rendered":"https:\/\/gooddealersmeds.com\/fi\/?post_type=product&#038;p=1639"},"modified":"2022-10-03T18:14:49","modified_gmt":"2022-10-03T18:14:49","slug":"osta-fentanyyli-jauhe-verkosta","status":"publish","type":"product","link":"https:\/\/gooddealersmeds.com\/fi\/product\/osta-fentanyyli-jauhe-verkosta\/","title":{"rendered":"Osta fentanyylijauhetta verkosta"},"content":{"rendered":"<h1><b>Osta fentanyylijauhetta verkosta<br \/> <\/b><\/h1>\n<p><strong><em>Osta fentanyylijauhetta verkosta<\/em><\/strong>; Fentanyyli on opioidina tunnetun aihiol\u00e4\u00e4keperheen j\u00e4sen. T\u00e4t\u00e4 jauhetta k\u00e4ytet\u00e4\u00e4n monien sairauksien hoidossa. Sit\u00e4 l\u00f6ytyy sek\u00e4 pillerein\u00e4 ett\u00e4 jauheena. Fentanyylijauhe on kipul\u00e4\u00e4ke, jota k\u00e4ytet\u00e4\u00e4n kivun lievitt\u00e4miseen.<\/p>\n<p>Fentanyyli\u00e4 k\u00e4ytet\u00e4\u00e4n my\u00f6s v\u00e4hent\u00e4m\u00e4\u00e4n tai poistamaan kaikenlaista kipua, eli my\u00f6s kroonista kipua. Se syntetisoitiin ensimm\u00e4isen kerran 1960-luvulla ja tuli markkinoille l\u00e4\u00e4kkeen\u00e4. Sitten sit\u00e4 k\u00e4ytettiin v\u00e4h\u00e4isiin tarkoituksiin. Mutta viime vuosina sit\u00e4 ei ole k\u00e4ytetty vain l\u00e4\u00e4kkeen\u00e4, vaan my\u00f6s l\u00e4\u00e4kkeen\u00e4 joissakin tapauksissa.<\/p>\n<p>Fentanyylijauhetta verrataan usein kuuluisimpaan esil\u00e4\u00e4kkeeseen, joka tunnetaan nimell\u00e4 morfiini. Se on eritt\u00e4in potentiaalinen aihiol\u00e4\u00e4ke, jota k\u00e4ytet\u00e4\u00e4n ja tuotetaan viel\u00e4 l\u00e4\u00e4ketieteen alalla.<\/p>\n<p>Fentanyylijauhe on l\u00e4hes 50-100 kertaa vahvempi aihiol\u00e4\u00e4ke kuin morfiini. T\u00e4m\u00e4 on t\u00e4rkein syy sen menestykseen ja k\u00e4ytt\u00f6\u00f6n niin laajassa mittakaavassa.<\/p>\n<p>Fentanyylijauhe vaikuttaa suoraan aivoihin ja muuttaa kivun tunteen t\u00e4ysin. Se poistaa kivun pysyv\u00e4sti tai osittain kehosta riippuen kivun tilasta. Korkean tehonsa ansiosta sit\u00e4 k\u00e4ytet\u00e4\u00e4n yleisesti kaikentyyppisten kipujen hoitoon alkuper\u00e4isest\u00e4 krooniseen kipuun.<\/p>\n<p>N\u00e4m\u00e4 ovat joitakin ominaisuuksia, joiden vuoksi monet l\u00e4\u00e4k\u00e4rit k\u00e4ytt\u00e4v\u00e4t t\u00e4t\u00e4 aihiol\u00e4\u00e4kett\u00e4 hoidoissaan. Monissa kirurgisissa leikkauksissa k\u00e4ytett\u00e4viss\u00e4 l\u00e4\u00e4kkeiss\u00e4 on jonkin verran t\u00e4t\u00e4 aihiol\u00e4\u00e4kett\u00e4 v\u00e4hent\u00e4m\u00e4\u00e4n leikkauksen aiheuttamaa kipua.<\/p>\n<p>Fentanyylijauhe ei ole vain l\u00e4\u00e4k\u00e4reiden suosiossa, vaan my\u00f6s tanssibaareihin tulevien ihmisten keskuudessa. klubeja. Ihmiset k\u00e4ytt\u00e4v\u00e4t t\u00e4t\u00e4 aihiol\u00e4\u00e4kett\u00e4 rentoutuakseen, kun he v\u00e4syv\u00e4t ty\u00f6h\u00f6ns\u00e4 ja haluavat nauttia el\u00e4m\u00e4st\u00e4.<\/p>\n<p>T\u00e4m\u00e4n aihiol\u00e4\u00e4keaineen valmistuksessa k\u00e4ytetyill\u00e4 ainesosilla on my\u00f6s ominaisuuksia, jotka ovat hy\u00f6dyllisi\u00e4 kunnollisen unen saamisessa. T\u00e4st\u00e4 syyst\u00e4 siit\u00e4 on tullut eritt\u00e4in suosittu ihmisten keskuudessa, jotka kohtaavat ongelmia, kuten masennusta.<\/p>\n<p>Fentanyylijauhetta on helposti saatavilla verkkomarkkinoilta. My\u00f6s <span style=\"color: #333333\"><a style=\"color: #333333\" href=\"https:\/\/gooddealersmeds.com\/fi\/\">verkkokauppamme<\/a><\/span> toimii t\u00e4m\u00e4n esil\u00e4\u00e4kkeen kanssa sek\u00e4 pillerein\u00e4 ett\u00e4 jauheena. Myym\u00e4l\u00e4mme tarjoaa my\u00f6s tuotteen toimituksen hyvin lyhyess\u00e4 ajassa kotiovellesi.<\/p>\n<p>&nbsp;<\/p>\n<p>&nbsp;<\/p>\n<pre><strong>Osta Fentanyylijauhetta Online - osta jauhetta, osta fentanyylijauhetta, osta fentanyylia verkosta, mist\u00e4 ostaa fentanyylijauhetta, myyt\u00e4v\u00e4n\u00e4 fentanyylijauhetta, myyt\u00e4v\u00e4n\u00e4 jauhetta, osta jauhetta verkosta, mist\u00e4 ostaa fentanyylijauhetta verkossa, Fentanyylijauhetta myyt\u00e4v\u00e4n\u00e4 Yhdysvalloissa, USA:ssa, Kanadassa, Iso-Britannia, osta, verkossa, toimittajat, turvallinen toimitus, Voit silti saada Fentanyylijauhetta , Onko Fentanyylijauhe laillista Yhdysvalloissa, osta Fentanyylijauhe verkosta usa, kuinka tilaat Fentanyylijauhetta , Onko Fentanyylijauhe laillista Kanadassa<\/strong><\/pre>\n","protected":false},"excerpt":{"rendered":"<p>Fentanyyli hoitaa vaikeaa, jatkuvaa kipua, jota ei voida hallita muilla l\u00e4\u00e4kkeill\u00e4. T\u00e4m\u00e4 l\u00e4\u00e4ke on huumausaine kipul\u00e4\u00e4ke.<br \/> Osta huippulaatuista fentanyyli\u00e4 verkosta t\u00e4n\u00e4\u00e4n eritt\u00e4in alhaisilla palkinnoilla yritykselt\u00e4 Tarjoamme erillisen toimituksen ja rahat takaisin -takuun.<\/p>\n<p>Tuotteen hinta on: grammaa kohden<\/p>\n","protected":false},"featured_media":1648,"comment_status":"open","ping_status":"closed","template":"","meta":{"inline_featured_image":false},"product_brand":[],"product_cat":[347],"product_tag":[97,199,198,208,105,201,205,210,207,202,209,200,204,203,107,109,110,106,104,108,206],"class_list":{"0":"post-1639","1":"product","2":"type-product","3":"status-publish","4":"has-post-thumbnail","6":"product_cat-opioidi-kipulke","7":"product_tag-buy-fentanyl-online","8":"product_tag-buy-fentanyl-powder","9":"product_tag-buy-fentanyl-powder-online-buy-powder","10":"product_tag-buy-fentanyl-powder-online-usa","11":"product_tag-canada","12":"product_tag-fentanyylijauhetta-myynniss","13":"product_tag-fentanyylijauhe-myynniss-usa","14":"product_tag-is-fentanyl-powder-legal-in-canada","15":"product_tag-is-fentanyl-powder-legal-in-usa","16":"product_tag-jauhe-myyntiin","17":"product_tag-miten-tilaa-fentanyyli-jauhe","18":"product_tag-mist-ostaa-fentanyylijauhetta","19":"product_tag-mist-ostaa-fentanyyli-jauhetta-verkosta","20":"product_tag-osta-jauhe-netist","21":"product_tag-ostaa","22":"product_tag-toimittajia","23":"product_tag-turvallinen-toimitus","24":"product_tag-uk","25":"product_tag-usa","26":"product_tag-verkossa","27":"product_tag-voit-viel-saada-fentanyylijauhetta","28":"pa_grams-1-kg-1000-g","29":"pa_grams-10-g","30":"pa_grams-100-g","31":"pa_grams-20-g","32":"pa_grams-200-g","33":"pa_grams-35-g","34":"pa_grams-50-g","35":"pa_grams-500-g","37":"first","38":"instock","39":"featured","40":"shipping-taxable","41":"purchasable","42":"product-type-variable","43":"has-default-attributes"},"yoast_head":"<!-- This site is optimized with the Yoast SEO Premium plugin v20.6 (Yoast SEO v27.3) - https:\/\/yoast.com\/product\/yoast-seo-premium-wordpress\/ -->\n<title>Osta fentanyylijauhetta verkosta | Hyvien j\u00e4lleenmyyjien l\u00e4\u00e4kkeet<\/title>\n<meta name=\"description\" content=\"Fentanyylijauhetta k\u00e4ytet\u00e4\u00e4n laajalti \u00e4\u00e4rimm\u00e4isen\u00e4 l\u00e4\u00e4kkeen\u00e4. Osta Fentanyl Powder verkosta ilman resepti\u00e4 parhailla hinnoilla Good Dealers Medsilt\u00e4.\" \/>\n<meta name=\"robots\" content=\"index, follow, max-snippet:-1, max-image-preview:large, max-video-preview:-1\" \/>\n<link rel=\"canonical\" href=\"https:\/\/gooddealersmeds.com\/fi\/product\/osta-fentanyyli-jauhe-verkosta\/\" \/>\n<meta property=\"og:locale\" content=\"en_US\" \/>\n<meta property=\"og:type\" content=\"article\" \/>\n<meta property=\"og:title\" content=\"Osta fentanyylijauhetta verkosta\" \/>\n<meta property=\"og:description\" content=\"Fentanyylijauhetta k\u00e4ytet\u00e4\u00e4n laajalti \u00e4\u00e4rimm\u00e4isen\u00e4 l\u00e4\u00e4kkeen\u00e4. Osta Fentanyl Powder verkosta ilman resepti\u00e4 parhailla hinnoilla Good Dealers Medsilt\u00e4.\" \/>\n<meta property=\"og:url\" content=\"https:\/\/gooddealersmeds.com\/fi\/product\/osta-fentanyyli-jauhe-verkosta\/\" \/>\n<meta property=\"og:site_name\" content=\"Good Dealers Meds\" \/>\n<meta property=\"article:modified_time\" content=\"2022-10-03T18:14:49+00:00\" \/>\n<meta property=\"og:image\" content=\"https:\/\/gooddealersmeds.com\/fi\/wp-content\/uploads\/sites\/6\/2022\/03\/buy-metizolam-powder-online.jpg\" \/>\n\t<meta property=\"og:image:width\" content=\"600\" \/>\n\t<meta property=\"og:image:height\" content=\"600\" \/>\n\t<meta property=\"og:image:type\" content=\"image\/jpeg\" \/>\n<meta name=\"twitter:card\" content=\"summary_large_image\" \/>\n<meta name=\"twitter:label1\" content=\"Est. reading time\" \/>\n\t<meta name=\"twitter:data1\" content=\"2 minutes\" \/>\n<script type=\"application\/ld+json\" class=\"yoast-schema-graph\">{\"@context\":\"https:\\\/\\\/schema.org\",\"@graph\":[{\"@type\":\"WebPage\",\"@id\":\"https:\\\/\\\/gooddealersmeds.com\\\/fi\\\/product\\\/osta-fentanyyli-jauhe-verkosta\\\/\",\"url\":\"https:\\\/\\\/gooddealersmeds.com\\\/fi\\\/product\\\/osta-fentanyyli-jauhe-verkosta\\\/\",\"name\":\"Osta fentanyylijauhetta verkosta | Hyvien j\u00e4lleenmyyjien l\u00e4\u00e4kkeet\",\"isPartOf\":{\"@id\":\"https:\\\/\\\/gooddealersmeds.com\\\/fi\\\/#website\"},\"primaryImageOfPage\":{\"@id\":\"https:\\\/\\\/gooddealersmeds.com\\\/fi\\\/product\\\/osta-fentanyyli-jauhe-verkosta\\\/#primaryimage\"},\"image\":{\"@id\":\"https:\\\/\\\/gooddealersmeds.com\\\/fi\\\/product\\\/osta-fentanyyli-jauhe-verkosta\\\/#primaryimage\"},\"thumbnailUrl\":\"https:\\\/\\\/gooddealersmeds.com\\\/fi\\\/wp-content\\\/uploads\\\/sites\\\/6\\\/2022\\\/03\\\/buy-metizolam-powder-online.jpg\",\"datePublished\":\"2022-03-19T00:39:57+00:00\",\"dateModified\":\"2022-10-03T18:14:49+00:00\",\"description\":\"Fentanyylijauhetta k\u00e4ytet\u00e4\u00e4n laajalti \u00e4\u00e4rimm\u00e4isen\u00e4 l\u00e4\u00e4kkeen\u00e4. Osta Fentanyl Powder verkosta ilman resepti\u00e4 parhailla hinnoilla Good Dealers Medsilt\u00e4.\",\"breadcrumb\":{\"@id\":\"https:\\\/\\\/gooddealersmeds.com\\\/fi\\\/product\\\/osta-fentanyyli-jauhe-verkosta\\\/#breadcrumb\"},\"inLanguage\":\"en-US\",\"potentialAction\":[{\"@type\":\"ReadAction\",\"target\":[\"https:\\\/\\\/gooddealersmeds.com\\\/fi\\\/product\\\/osta-fentanyyli-jauhe-verkosta\\\/\"]}]},{\"@type\":\"ImageObject\",\"inLanguage\":\"en-US\",\"@id\":\"https:\\\/\\\/gooddealersmeds.com\\\/fi\\\/product\\\/osta-fentanyyli-jauhe-verkosta\\\/#primaryimage\",\"url\":\"https:\\\/\\\/gooddealersmeds.com\\\/fi\\\/wp-content\\\/uploads\\\/sites\\\/6\\\/2022\\\/03\\\/buy-metizolam-powder-online.jpg\",\"contentUrl\":\"https:\\\/\\\/gooddealersmeds.com\\\/fi\\\/wp-content\\\/uploads\\\/sites\\\/6\\\/2022\\\/03\\\/buy-metizolam-powder-online.jpg\",\"width\":600,\"height\":600,\"caption\":\"Buy Fentanyl Powder Online\"},{\"@type\":\"BreadcrumbList\",\"@id\":\"https:\\\/\\\/gooddealersmeds.com\\\/fi\\\/product\\\/osta-fentanyyli-jauhe-verkosta\\\/#breadcrumb\",\"itemListElement\":[{\"@type\":\"ListItem\",\"position\":1,\"name\":\"Home\",\"item\":\"https:\\\/\\\/gooddealersmeds.com\\\/fi\\\/\"},{\"@type\":\"ListItem\",\"position\":2,\"name\":\"Tuotteet\",\"item\":\"https:\\\/\\\/gooddealersmeds.com\\\/fi\\\/tuotteet\\\/\"},{\"@type\":\"ListItem\",\"position\":3,\"name\":\"Osta fentanyylijauhetta verkosta\"}]},{\"@type\":\"WebSite\",\"@id\":\"https:\\\/\\\/gooddealersmeds.com\\\/fi\\\/#website\",\"url\":\"https:\\\/\\\/gooddealersmeds.com\\\/fi\\\/\",\"name\":\"Good Dealers Meds\",\"description\":\"All our best\",\"publisher\":{\"@id\":\"https:\\\/\\\/gooddealersmeds.com\\\/fi\\\/#organization\"},\"potentialAction\":[{\"@type\":\"SearchAction\",\"target\":{\"@type\":\"EntryPoint\",\"urlTemplate\":\"https:\\\/\\\/gooddealersmeds.com\\\/fi\\\/?s={search_term_string}\"},\"query-input\":{\"@type\":\"PropertyValueSpecification\",\"valueRequired\":true,\"valueName\":\"search_term_string\"}}],\"inLanguage\":\"en-US\"},{\"@type\":\"Organization\",\"@id\":\"https:\\\/\\\/gooddealersmeds.com\\\/fi\\\/#organization\",\"name\":\"Good Dealers Meds\",\"url\":\"https:\\\/\\\/gooddealersmeds.com\\\/fi\\\/\",\"logo\":{\"@type\":\"ImageObject\",\"inLanguage\":\"en-US\",\"@id\":\"https:\\\/\\\/gooddealersmeds.com\\\/fi\\\/#\\\/schema\\\/logo\\\/image\\\/\",\"url\":\"https:\\\/\\\/gooddealersmeds.com\\\/fi\\\/wp-content\\\/uploads\\\/sites\\\/6\\\/2022\\\/03\\\/gooddealersmeds__logo__20220317T222800Z.00.png\",\"contentUrl\":\"https:\\\/\\\/gooddealersmeds.com\\\/fi\\\/wp-content\\\/uploads\\\/sites\\\/6\\\/2022\\\/03\\\/gooddealersmeds__logo__20220317T222800Z.00.png\",\"width\":500,\"height\":325,\"caption\":\"Good Dealers Meds\"},\"image\":{\"@id\":\"https:\\\/\\\/gooddealersmeds.com\\\/fi\\\/#\\\/schema\\\/logo\\\/image\\\/\"}}]}<\/script>\n<!-- \/ Yoast SEO Premium plugin. -->","yoast_head_json":{"title":"Osta fentanyylijauhetta verkosta | Hyvien j\u00e4lleenmyyjien l\u00e4\u00e4kkeet","description":"Fentanyylijauhetta k\u00e4ytet\u00e4\u00e4n laajalti \u00e4\u00e4rimm\u00e4isen\u00e4 l\u00e4\u00e4kkeen\u00e4. Osta Fentanyl Powder verkosta ilman resepti\u00e4 parhailla hinnoilla Good Dealers Medsilt\u00e4.","robots":{"index":"index","follow":"follow","max-snippet":"max-snippet:-1","max-image-preview":"max-image-preview:large","max-video-preview":"max-video-preview:-1"},"canonical":"https:\/\/gooddealersmeds.com\/fi\/product\/osta-fentanyyli-jauhe-verkosta\/","og_locale":"en_US","og_type":"article","og_title":"Osta fentanyylijauhetta verkosta","og_description":"Fentanyylijauhetta k\u00e4ytet\u00e4\u00e4n laajalti \u00e4\u00e4rimm\u00e4isen\u00e4 l\u00e4\u00e4kkeen\u00e4. Osta Fentanyl Powder verkosta ilman resepti\u00e4 parhailla hinnoilla Good Dealers Medsilt\u00e4.","og_url":"https:\/\/gooddealersmeds.com\/fi\/product\/osta-fentanyyli-jauhe-verkosta\/","og_site_name":"Good Dealers Meds","article_modified_time":"2022-10-03T18:14:49+00:00","og_image":[{"width":600,"height":600,"url":"https:\/\/gooddealersmeds.com\/fi\/wp-content\/uploads\/sites\/6\/2022\/03\/buy-metizolam-powder-online.jpg","type":"image\/jpeg"}],"twitter_card":"summary_large_image","twitter_misc":{"Est. reading time":"2 minutes"},"schema":{"@context":"https:\/\/schema.org","@graph":[{"@type":"WebPage","@id":"https:\/\/gooddealersmeds.com\/fi\/product\/osta-fentanyyli-jauhe-verkosta\/","url":"https:\/\/gooddealersmeds.com\/fi\/product\/osta-fentanyyli-jauhe-verkosta\/","name":"Osta fentanyylijauhetta verkosta | Hyvien j\u00e4lleenmyyjien l\u00e4\u00e4kkeet","isPartOf":{"@id":"https:\/\/gooddealersmeds.com\/fi\/#website"},"primaryImageOfPage":{"@id":"https:\/\/gooddealersmeds.com\/fi\/product\/osta-fentanyyli-jauhe-verkosta\/#primaryimage"},"image":{"@id":"https:\/\/gooddealersmeds.com\/fi\/product\/osta-fentanyyli-jauhe-verkosta\/#primaryimage"},"thumbnailUrl":"https:\/\/gooddealersmeds.com\/fi\/wp-content\/uploads\/sites\/6\/2022\/03\/buy-metizolam-powder-online.jpg","datePublished":"2022-03-19T00:39:57+00:00","dateModified":"2022-10-03T18:14:49+00:00","description":"Fentanyylijauhetta k\u00e4ytet\u00e4\u00e4n laajalti \u00e4\u00e4rimm\u00e4isen\u00e4 l\u00e4\u00e4kkeen\u00e4. Osta Fentanyl Powder verkosta ilman resepti\u00e4 parhailla hinnoilla Good Dealers Medsilt\u00e4.","breadcrumb":{"@id":"https:\/\/gooddealersmeds.com\/fi\/product\/osta-fentanyyli-jauhe-verkosta\/#breadcrumb"},"inLanguage":"en-US","potentialAction":[{"@type":"ReadAction","target":["https:\/\/gooddealersmeds.com\/fi\/product\/osta-fentanyyli-jauhe-verkosta\/"]}]},{"@type":"ImageObject","inLanguage":"en-US","@id":"https:\/\/gooddealersmeds.com\/fi\/product\/osta-fentanyyli-jauhe-verkosta\/#primaryimage","url":"https:\/\/gooddealersmeds.com\/fi\/wp-content\/uploads\/sites\/6\/2022\/03\/buy-metizolam-powder-online.jpg","contentUrl":"https:\/\/gooddealersmeds.com\/fi\/wp-content\/uploads\/sites\/6\/2022\/03\/buy-metizolam-powder-online.jpg","width":600,"height":600,"caption":"Buy Fentanyl Powder Online"},{"@type":"BreadcrumbList","@id":"https:\/\/gooddealersmeds.com\/fi\/product\/osta-fentanyyli-jauhe-verkosta\/#breadcrumb","itemListElement":[{"@type":"ListItem","position":1,"name":"Home","item":"https:\/\/gooddealersmeds.com\/fi\/"},{"@type":"ListItem","position":2,"name":"Tuotteet","item":"https:\/\/gooddealersmeds.com\/fi\/tuotteet\/"},{"@type":"ListItem","position":3,"name":"Osta fentanyylijauhetta verkosta"}]},{"@type":"WebSite","@id":"https:\/\/gooddealersmeds.com\/fi\/#website","url":"https:\/\/gooddealersmeds.com\/fi\/","name":"Good Dealers Meds","description":"All our best","publisher":{"@id":"https:\/\/gooddealersmeds.com\/fi\/#organization"},"potentialAction":[{"@type":"SearchAction","target":{"@type":"EntryPoint","urlTemplate":"https:\/\/gooddealersmeds.com\/fi\/?s={search_term_string}"},"query-input":{"@type":"PropertyValueSpecification","valueRequired":true,"valueName":"search_term_string"}}],"inLanguage":"en-US"},{"@type":"Organization","@id":"https:\/\/gooddealersmeds.com\/fi\/#organization","name":"Good Dealers Meds","url":"https:\/\/gooddealersmeds.com\/fi\/","logo":{"@type":"ImageObject","inLanguage":"en-US","@id":"https:\/\/gooddealersmeds.com\/fi\/#\/schema\/logo\/image\/","url":"https:\/\/gooddealersmeds.com\/fi\/wp-content\/uploads\/sites\/6\/2022\/03\/gooddealersmeds__logo__20220317T222800Z.00.png","contentUrl":"https:\/\/gooddealersmeds.com\/fi\/wp-content\/uploads\/sites\/6\/2022\/03\/gooddealersmeds__logo__20220317T222800Z.00.png","width":500,"height":325,"caption":"Good Dealers Meds"},"image":{"@id":"https:\/\/gooddealersmeds.com\/fi\/#\/schema\/logo\/image\/"}}]}},"_links":{"self":[{"href":"https:\/\/gooddealersmeds.com\/fi\/wp-json\/wp\/v2\/product\/1639","targetHints":{"allow":["GET"]}}],"collection":[{"href":"https:\/\/gooddealersmeds.com\/fi\/wp-json\/wp\/v2\/product"}],"about":[{"href":"https:\/\/gooddealersmeds.com\/fi\/wp-json\/wp\/v2\/types\/product"}],"replies":[{"embeddable":true,"href":"https:\/\/gooddealersmeds.com\/fi\/wp-json\/wp\/v2\/comments?post=1639"}],"wp:featuredmedia":[{"embeddable":true,"href":"https:\/\/gooddealersmeds.com\/fi\/wp-json\/wp\/v2\/media\/1648"}],"wp:attachment":[{"href":"https:\/\/gooddealersmeds.com\/fi\/wp-json\/wp\/v2\/media?parent=1639"}],"wp:term":[{"taxonomy":"product_brand","embeddable":true,"href":"https:\/\/gooddealersmeds.com\/fi\/wp-json\/wp\/v2\/product_brand?post=1639"},{"taxonomy":"product_cat","embeddable":true,"href":"https:\/\/gooddealersmeds.com\/fi\/wp-json\/wp\/v2\/product_cat?post=1639"},{"taxonomy":"product_tag","embeddable":true,"href":"https:\/\/gooddealersmeds.com\/fi\/wp-json\/wp\/v2\/product_tag?post=1639"}],"curies":[{"name":"wp","href":"https:\/\/api.w.org\/{rel}","templated":true}]}}