{"id":1627,"date":"2022-03-19T00:28:52","date_gmt":"2022-03-19T00:28:52","guid":{"rendered":"https:\/\/gooddealersmeds.com\/fi\/?post_type=product&#038;p=1627"},"modified":"2022-10-03T18:14:57","modified_gmt":"2022-10-03T18:14:57","slug":"osta-pure-mdma-crystals-online","status":"publish","type":"product","link":"https:\/\/gooddealersmeds.com\/fi\/product\/osta-pure-mdma-crystals-online\/","title":{"rendered":"Osta puhtaita MDMA-kiteit\u00e4 verkosta"},"content":{"rendered":"<p>Osta Pure Mdma Crystals verkossa myym\u00e4l\u00e4st\u00e4mme. <a href=\"https:\/\/gooddealersmeds.com\/fi\/product\/buy-pure-mdma-crystals-online\/\">MDMA<\/a> on pirist\u00e4v\u00e4 l\u00e4\u00e4ke, jolla on euforisia ja liev\u00e4sti hallusinogeenisia ominaisuuksia. MDMA:ta on kahdessa muodossa, pillerein\u00e4 ja jauheina\/kitein\u00e4, ja se voidaan ottaa suun kautta tai nuskaamalla.<\/p>\n<p>Aine 3, 4-metyleenidioksimetamfetamiini on amfetamiinijohdannainen, joka on saavuttanut merkitt\u00e4v\u00e4\u00e4 suosiota viime vuosina ja on tullut virkistysk\u00e4ytt\u00f6\u00f6n. monille nuorille ja nuorille aikuisille valittu l\u00e4\u00e4ke. MDMA:ta k\u00e4ytt\u00e4v\u00e4t henkil\u00f6t kuvaavat euforian tunnetta, eston menetyst\u00e4, l\u00e4heisyyden ja\/tai empatian tunnetta ja lis\u00e4\u00e4ntynytt\u00e4 aistillisuutta. &#8220;Molly&#8221;, MDMA:n, ekstaasissa k\u00e4ytetyn kemikaalin, jauhe- tai kidemuoto on ollut suosittu huume.<\/p>\n<p>Annostus riippuu useista tekij\u00f6ist\u00e4, kuten toleranssista, sukupuolesta ja siit\u00e4, miten se otetaan (joko nen\u00e4n kautta). tai suullisesti). T\u00e4m\u00e4 on vain ohjeellinen.<\/p>\n<p>Suositeltu annos = 50 mg + painosi kiloina<\/p>\n<p>MDMA:n k\u00e4yt\u00f6n seurauksena mahdollisesti ilmenevi\u00e4 vaikutuksia ovat seuraavat:<\/p>\n<ul>\n<li>Lis\u00e4\u00e4ntynyt elinvoima\/tietoisuus<\/li>\n<li>Euforia<\/li>\n<li>Lis\u00e4stynyt empatia tai &#8220;rakastumisen&#8221; tunne<\/li>\n<li>Musiikin arvostuksen lis\u00e4\u00e4ntyminen<\/li>\n<li>Luonteeltaan lievi\u00e4 hallusinaatioita<\/li>\n<li>L\u00e4mp\u00f6tilan nousu<\/li>\n<li>Leuan puristaminen, hampaiden narskuttelu sek\u00e4 kielen ja poskien pureskelu (nuristelu)<\/li>\n<li>Pahoinvointi\/oksentelu<\/li>\n<li>kyvytt\u00f6myys saada orgasmia\/erektioh\u00e4iri\u00f6t<\/li>\n<\/ul>\n<p>Tilauksemme on t\u00e4ysin yksityinen ja turvallinen. Lis\u00e4ksi k\u00e4sittelemme tilauksiamme asiakkaan yksityisyytt\u00e4si kunnioittaen. Toiseksi teemme kovasti t\u00f6it\u00e4 pit\u00e4\u00e4ksemme toimitussi mahdollisimman huomaamattomana. K\u00e4yt\u00e4mme VIP-toimitukseen hyv\u00e4maineista varustamoa.<\/p>\n<p>Lis\u00e4ksi voimme vakuuttaa pakettisi varmistaaksemme sen turvallisuuden kuljetuksen aikana laivalta kotiovellesi. Lopuksi pid\u00e4mme kaikki tietosi turvassa emmek\u00e4 koskaan luovuta tai paljasta niit\u00e4 ilman lupaasi.<\/p>\n<p>Asiakkaat ymp\u00e4ri maailmaa voivat ostaa puhtaita MDMA-kiteit\u00e4 verkosta joko reseptill\u00e4 tai ilman resepti\u00e4 <a href=\"https:\/\/gooddealersmeds.com\/fi\/products\/\">myym\u00e4l\u00e4<\/a>.<\/p>\n","protected":false},"excerpt":{"rendered":"<p>Ecstasy\/Molly Crystals myyt\u00e4v\u00e4n\u00e4 (osta Ecstasy\/Molly Crystals verkosta). Osta puhtaita MDMA-kiteit\u00e4 verkosta, metylonikiteit\u00e4 verkosta, osta metylonia verkosta, osta ekstaasikiteit\u00e4 verkosta, osta Molly-kiteit\u00e4 verkosta<\/p>\n","protected":false},"featured_media":1637,"comment_status":"open","ping_status":"closed","template":"","meta":{"inline_featured_image":false},"product_brand":[],"product_cat":[343],"product_tag":[185,191,187,186,196,188,192,189,197,195,107,190,193,194],"class_list":{"0":"post-1627","1":"product","2":"type-product","3":"status-publish","4":"has-post-thumbnail","6":"product_cat-muut","7":"product_tag-buy-pure-mdma-crystals-online-buy-pure-mdma-crystals","8":"product_tag-buy-pure-mdma-crystals-online-near-me","9":"product_tag-buy-pure-mdma-crystals-online-usa","10":"product_tag-buy-pure-mdma-crystals-usa","11":"product_tag-miten-tilaa-puhtaita-mdma-kiteit","12":"product_tag-mist-ostaa-puhtaita-mdma-kiteit","13":"product_tag-mist-ostaa-pure-mdma-crystals-online","14":"product_tag-puhdas-mdma-kiteet-myynniss","15":"product_tag-is-pure-mdma-crystals-legal-in-canada","16":"product_tag-is-pure-mdma-crystals-legal-in-usa","17":"product_tag-ostaa","18":"product_tag-puhdas-mdma-kiteet-myynniss-lhellni","19":"product_tag-puhdas-mdma-kristalli-myynniss-usa","20":"product_tag-voit-viel-saada-puhtaita-mdma-kiteit","21":"pa_grams-1-kg-1000-g","22":"pa_grams-100-g","23":"pa_grams-20-g","24":"pa_grams-200-g","25":"pa_grams-250-g","26":"pa_grams-35-g","27":"pa_grams-50-g","28":"pa_grams-500-g","30":"first","31":"instock","32":"featured","33":"shipping-taxable","34":"purchasable","35":"product-type-variable","36":"has-default-attributes"},"yoast_head":"<!-- This site is optimized with the Yoast SEO Premium plugin v20.6 (Yoast SEO v27.4) - https:\/\/yoast.com\/product\/yoast-seo-premium-wordpress\/ -->\n<title>Osta Pure MDMA Crystals verkosta | MDMA myyt\u00e4v\u00e4n\u00e4Good Dealers Meds<\/title>\n<meta name=\"description\" content=\"Osta puhtaita MDMA-kiteit\u00e4 verkosta. Myymme Pure MDMA:ta halvemmilla tarjouksilla, joita voi ostaa massana Good Dealers Medsilt\u00e4 ja pysy\u00e4 nimett\u00f6m\u00e4n\u00e4.\" \/>\n<meta name=\"robots\" content=\"index, follow, max-snippet:-1, max-image-preview:large, max-video-preview:-1\" \/>\n<link rel=\"canonical\" href=\"https:\/\/gooddealersmeds.com\/fi\/product\/osta-pure-mdma-crystals-online\/\" \/>\n<meta property=\"og:locale\" content=\"en_US\" \/>\n<meta property=\"og:type\" content=\"article\" \/>\n<meta property=\"og:title\" content=\"Osta puhtaita MDMA-kiteit\u00e4 verkosta\" \/>\n<meta property=\"og:description\" content=\"Osta puhtaita MDMA-kiteit\u00e4 verkosta. Myymme Pure MDMA:ta halvemmilla tarjouksilla, joita voi ostaa massana Good Dealers Medsilt\u00e4 ja pysy\u00e4 nimett\u00f6m\u00e4n\u00e4.\" \/>\n<meta property=\"og:url\" content=\"https:\/\/gooddealersmeds.com\/fi\/product\/osta-pure-mdma-crystals-online\/\" \/>\n<meta property=\"og:site_name\" content=\"Good Dealers Meds\" \/>\n<meta property=\"article:modified_time\" content=\"2022-10-03T18:14:57+00:00\" \/>\n<meta property=\"og:image\" content=\"https:\/\/gooddealersmeds.com\/fi\/wp-content\/uploads\/sites\/6\/2022\/03\/Buy-pure-MDMA-Crystals-online.jpg\" \/>\n\t<meta property=\"og:image:width\" content=\"600\" \/>\n\t<meta property=\"og:image:height\" content=\"600\" \/>\n\t<meta property=\"og:image:type\" content=\"image\/jpeg\" \/>\n<meta name=\"twitter:card\" content=\"summary_large_image\" \/>\n<meta name=\"twitter:label1\" content=\"Est. reading time\" \/>\n\t<meta name=\"twitter:data1\" content=\"1 minute\" \/>\n<script type=\"application\/ld+json\" class=\"yoast-schema-graph\">{\"@context\":\"https:\\\/\\\/schema.org\",\"@graph\":[{\"@type\":\"WebPage\",\"@id\":\"https:\\\/\\\/gooddealersmeds.com\\\/fi\\\/product\\\/osta-pure-mdma-crystals-online\\\/\",\"url\":\"https:\\\/\\\/gooddealersmeds.com\\\/fi\\\/product\\\/osta-pure-mdma-crystals-online\\\/\",\"name\":\"Osta Pure MDMA Crystals verkosta | MDMA myyt\u00e4v\u00e4n\u00e4Good Dealers Meds\",\"isPartOf\":{\"@id\":\"https:\\\/\\\/gooddealersmeds.com\\\/fi\\\/#website\"},\"primaryImageOfPage\":{\"@id\":\"https:\\\/\\\/gooddealersmeds.com\\\/fi\\\/product\\\/osta-pure-mdma-crystals-online\\\/#primaryimage\"},\"image\":{\"@id\":\"https:\\\/\\\/gooddealersmeds.com\\\/fi\\\/product\\\/osta-pure-mdma-crystals-online\\\/#primaryimage\"},\"thumbnailUrl\":\"https:\\\/\\\/gooddealersmeds.com\\\/fi\\\/wp-content\\\/uploads\\\/sites\\\/6\\\/2022\\\/03\\\/Buy-pure-MDMA-Crystals-online.jpg\",\"datePublished\":\"2022-03-19T00:28:52+00:00\",\"dateModified\":\"2022-10-03T18:14:57+00:00\",\"description\":\"Osta puhtaita MDMA-kiteit\u00e4 verkosta. Myymme Pure MDMA:ta halvemmilla tarjouksilla, joita voi ostaa massana Good Dealers Medsilt\u00e4 ja pysy\u00e4 nimett\u00f6m\u00e4n\u00e4.\",\"breadcrumb\":{\"@id\":\"https:\\\/\\\/gooddealersmeds.com\\\/fi\\\/product\\\/osta-pure-mdma-crystals-online\\\/#breadcrumb\"},\"inLanguage\":\"en-US\",\"potentialAction\":[{\"@type\":\"ReadAction\",\"target\":[\"https:\\\/\\\/gooddealersmeds.com\\\/fi\\\/product\\\/osta-pure-mdma-crystals-online\\\/\"]}]},{\"@type\":\"ImageObject\",\"inLanguage\":\"en-US\",\"@id\":\"https:\\\/\\\/gooddealersmeds.com\\\/fi\\\/product\\\/osta-pure-mdma-crystals-online\\\/#primaryimage\",\"url\":\"https:\\\/\\\/gooddealersmeds.com\\\/fi\\\/wp-content\\\/uploads\\\/sites\\\/6\\\/2022\\\/03\\\/Buy-pure-MDMA-Crystals-online.jpg\",\"contentUrl\":\"https:\\\/\\\/gooddealersmeds.com\\\/fi\\\/wp-content\\\/uploads\\\/sites\\\/6\\\/2022\\\/03\\\/Buy-pure-MDMA-Crystals-online.jpg\",\"width\":600,\"height\":600,\"caption\":\"Buy MDMA Powder Online\"},{\"@type\":\"BreadcrumbList\",\"@id\":\"https:\\\/\\\/gooddealersmeds.com\\\/fi\\\/product\\\/osta-pure-mdma-crystals-online\\\/#breadcrumb\",\"itemListElement\":[{\"@type\":\"ListItem\",\"position\":1,\"name\":\"Home\",\"item\":\"https:\\\/\\\/gooddealersmeds.com\\\/fi\\\/\"},{\"@type\":\"ListItem\",\"position\":2,\"name\":\"Tuotteet\",\"item\":\"https:\\\/\\\/gooddealersmeds.com\\\/fi\\\/tuotteet\\\/\"},{\"@type\":\"ListItem\",\"position\":3,\"name\":\"Osta puhtaita MDMA-kiteit\u00e4 verkosta\"}]},{\"@type\":\"WebSite\",\"@id\":\"https:\\\/\\\/gooddealersmeds.com\\\/fi\\\/#website\",\"url\":\"https:\\\/\\\/gooddealersmeds.com\\\/fi\\\/\",\"name\":\"Good Dealers Meds\",\"description\":\"All our best\",\"publisher\":{\"@id\":\"https:\\\/\\\/gooddealersmeds.com\\\/fi\\\/#organization\"},\"potentialAction\":[{\"@type\":\"SearchAction\",\"target\":{\"@type\":\"EntryPoint\",\"urlTemplate\":\"https:\\\/\\\/gooddealersmeds.com\\\/fi\\\/?s={search_term_string}\"},\"query-input\":{\"@type\":\"PropertyValueSpecification\",\"valueRequired\":true,\"valueName\":\"search_term_string\"}}],\"inLanguage\":\"en-US\"},{\"@type\":\"Organization\",\"@id\":\"https:\\\/\\\/gooddealersmeds.com\\\/fi\\\/#organization\",\"name\":\"Good Dealers Meds\",\"url\":\"https:\\\/\\\/gooddealersmeds.com\\\/fi\\\/\",\"logo\":{\"@type\":\"ImageObject\",\"inLanguage\":\"en-US\",\"@id\":\"https:\\\/\\\/gooddealersmeds.com\\\/fi\\\/#\\\/schema\\\/logo\\\/image\\\/\",\"url\":\"https:\\\/\\\/gooddealersmeds.com\\\/fi\\\/wp-content\\\/uploads\\\/sites\\\/6\\\/2022\\\/03\\\/gooddealersmeds__logo__20220317T222800Z.00.png\",\"contentUrl\":\"https:\\\/\\\/gooddealersmeds.com\\\/fi\\\/wp-content\\\/uploads\\\/sites\\\/6\\\/2022\\\/03\\\/gooddealersmeds__logo__20220317T222800Z.00.png\",\"width\":500,\"height\":325,\"caption\":\"Good Dealers Meds\"},\"image\":{\"@id\":\"https:\\\/\\\/gooddealersmeds.com\\\/fi\\\/#\\\/schema\\\/logo\\\/image\\\/\"}}]}<\/script>\n<!-- \/ Yoast SEO Premium plugin. -->","yoast_head_json":{"title":"Osta Pure MDMA Crystals verkosta | MDMA myyt\u00e4v\u00e4n\u00e4Good Dealers Meds","description":"Osta puhtaita MDMA-kiteit\u00e4 verkosta. Myymme Pure MDMA:ta halvemmilla tarjouksilla, joita voi ostaa massana Good Dealers Medsilt\u00e4 ja pysy\u00e4 nimett\u00f6m\u00e4n\u00e4.","robots":{"index":"index","follow":"follow","max-snippet":"max-snippet:-1","max-image-preview":"max-image-preview:large","max-video-preview":"max-video-preview:-1"},"canonical":"https:\/\/gooddealersmeds.com\/fi\/product\/osta-pure-mdma-crystals-online\/","og_locale":"en_US","og_type":"article","og_title":"Osta puhtaita MDMA-kiteit\u00e4 verkosta","og_description":"Osta puhtaita MDMA-kiteit\u00e4 verkosta. Myymme Pure MDMA:ta halvemmilla tarjouksilla, joita voi ostaa massana Good Dealers Medsilt\u00e4 ja pysy\u00e4 nimett\u00f6m\u00e4n\u00e4.","og_url":"https:\/\/gooddealersmeds.com\/fi\/product\/osta-pure-mdma-crystals-online\/","og_site_name":"Good Dealers Meds","article_modified_time":"2022-10-03T18:14:57+00:00","og_image":[{"width":600,"height":600,"url":"https:\/\/gooddealersmeds.com\/fi\/wp-content\/uploads\/sites\/6\/2022\/03\/Buy-pure-MDMA-Crystals-online.jpg","type":"image\/jpeg"}],"twitter_card":"summary_large_image","twitter_misc":{"Est. reading time":"1 minute"},"schema":{"@context":"https:\/\/schema.org","@graph":[{"@type":"WebPage","@id":"https:\/\/gooddealersmeds.com\/fi\/product\/osta-pure-mdma-crystals-online\/","url":"https:\/\/gooddealersmeds.com\/fi\/product\/osta-pure-mdma-crystals-online\/","name":"Osta Pure MDMA Crystals verkosta | MDMA myyt\u00e4v\u00e4n\u00e4Good Dealers Meds","isPartOf":{"@id":"https:\/\/gooddealersmeds.com\/fi\/#website"},"primaryImageOfPage":{"@id":"https:\/\/gooddealersmeds.com\/fi\/product\/osta-pure-mdma-crystals-online\/#primaryimage"},"image":{"@id":"https:\/\/gooddealersmeds.com\/fi\/product\/osta-pure-mdma-crystals-online\/#primaryimage"},"thumbnailUrl":"https:\/\/gooddealersmeds.com\/fi\/wp-content\/uploads\/sites\/6\/2022\/03\/Buy-pure-MDMA-Crystals-online.jpg","datePublished":"2022-03-19T00:28:52+00:00","dateModified":"2022-10-03T18:14:57+00:00","description":"Osta puhtaita MDMA-kiteit\u00e4 verkosta. Myymme Pure MDMA:ta halvemmilla tarjouksilla, joita voi ostaa massana Good Dealers Medsilt\u00e4 ja pysy\u00e4 nimett\u00f6m\u00e4n\u00e4.","breadcrumb":{"@id":"https:\/\/gooddealersmeds.com\/fi\/product\/osta-pure-mdma-crystals-online\/#breadcrumb"},"inLanguage":"en-US","potentialAction":[{"@type":"ReadAction","target":["https:\/\/gooddealersmeds.com\/fi\/product\/osta-pure-mdma-crystals-online\/"]}]},{"@type":"ImageObject","inLanguage":"en-US","@id":"https:\/\/gooddealersmeds.com\/fi\/product\/osta-pure-mdma-crystals-online\/#primaryimage","url":"https:\/\/gooddealersmeds.com\/fi\/wp-content\/uploads\/sites\/6\/2022\/03\/Buy-pure-MDMA-Crystals-online.jpg","contentUrl":"https:\/\/gooddealersmeds.com\/fi\/wp-content\/uploads\/sites\/6\/2022\/03\/Buy-pure-MDMA-Crystals-online.jpg","width":600,"height":600,"caption":"Buy MDMA Powder Online"},{"@type":"BreadcrumbList","@id":"https:\/\/gooddealersmeds.com\/fi\/product\/osta-pure-mdma-crystals-online\/#breadcrumb","itemListElement":[{"@type":"ListItem","position":1,"name":"Home","item":"https:\/\/gooddealersmeds.com\/fi\/"},{"@type":"ListItem","position":2,"name":"Tuotteet","item":"https:\/\/gooddealersmeds.com\/fi\/tuotteet\/"},{"@type":"ListItem","position":3,"name":"Osta puhtaita MDMA-kiteit\u00e4 verkosta"}]},{"@type":"WebSite","@id":"https:\/\/gooddealersmeds.com\/fi\/#website","url":"https:\/\/gooddealersmeds.com\/fi\/","name":"Good Dealers Meds","description":"All our best","publisher":{"@id":"https:\/\/gooddealersmeds.com\/fi\/#organization"},"potentialAction":[{"@type":"SearchAction","target":{"@type":"EntryPoint","urlTemplate":"https:\/\/gooddealersmeds.com\/fi\/?s={search_term_string}"},"query-input":{"@type":"PropertyValueSpecification","valueRequired":true,"valueName":"search_term_string"}}],"inLanguage":"en-US"},{"@type":"Organization","@id":"https:\/\/gooddealersmeds.com\/fi\/#organization","name":"Good Dealers Meds","url":"https:\/\/gooddealersmeds.com\/fi\/","logo":{"@type":"ImageObject","inLanguage":"en-US","@id":"https:\/\/gooddealersmeds.com\/fi\/#\/schema\/logo\/image\/","url":"https:\/\/gooddealersmeds.com\/fi\/wp-content\/uploads\/sites\/6\/2022\/03\/gooddealersmeds__logo__20220317T222800Z.00.png","contentUrl":"https:\/\/gooddealersmeds.com\/fi\/wp-content\/uploads\/sites\/6\/2022\/03\/gooddealersmeds__logo__20220317T222800Z.00.png","width":500,"height":325,"caption":"Good Dealers Meds"},"image":{"@id":"https:\/\/gooddealersmeds.com\/fi\/#\/schema\/logo\/image\/"}}]}},"_links":{"self":[{"href":"https:\/\/gooddealersmeds.com\/fi\/wp-json\/wp\/v2\/product\/1627","targetHints":{"allow":["GET"]}}],"collection":[{"href":"https:\/\/gooddealersmeds.com\/fi\/wp-json\/wp\/v2\/product"}],"about":[{"href":"https:\/\/gooddealersmeds.com\/fi\/wp-json\/wp\/v2\/types\/product"}],"replies":[{"embeddable":true,"href":"https:\/\/gooddealersmeds.com\/fi\/wp-json\/wp\/v2\/comments?post=1627"}],"wp:featuredmedia":[{"embeddable":true,"href":"https:\/\/gooddealersmeds.com\/fi\/wp-json\/wp\/v2\/media\/1637"}],"wp:attachment":[{"href":"https:\/\/gooddealersmeds.com\/fi\/wp-json\/wp\/v2\/media?parent=1627"}],"wp:term":[{"taxonomy":"product_brand","embeddable":true,"href":"https:\/\/gooddealersmeds.com\/fi\/wp-json\/wp\/v2\/product_brand?post=1627"},{"taxonomy":"product_cat","embeddable":true,"href":"https:\/\/gooddealersmeds.com\/fi\/wp-json\/wp\/v2\/product_cat?post=1627"},{"taxonomy":"product_tag","embeddable":true,"href":"https:\/\/gooddealersmeds.com\/fi\/wp-json\/wp\/v2\/product_tag?post=1627"}],"curies":[{"name":"wp","href":"https:\/\/api.w.org\/{rel}","templated":true}]}}