{"id":1615,"date":"2022-03-19T00:11:34","date_gmt":"2022-03-19T00:11:34","guid":{"rendered":"https:\/\/gooddealersmeds.com\/fi\/?post_type=product&#038;p=1615"},"modified":"2022-10-03T18:15:04","modified_gmt":"2022-10-03T18:15:04","slug":"osta-kristalli-met-metamfetamiini-verkosta","status":"publish","type":"product","link":"https:\/\/gooddealersmeds.com\/fi\/product\/osta-kristalli-met-metamfetamiini-verkosta\/","title":{"rendered":"Osta Crystal Meth (metamfetamiini) verkosta"},"content":{"rendered":"<p>J\u00e4\u00e4 (kristallimet) on metamfetamiini, joka kuuluu amfetamiiniperheeseen. Se on voimakas, eritt\u00e4in riippuvuutta aiheuttava stimulantti, joka vaikuttaa keskushermostoon. Osta Crystal M\u0435th Online on huonosti liikenn\u00f6ity ja vanha, koska se on tarkoitettu virkistysk\u00e4ytt\u00f6\u00f6n.<\/p>\n<p>Metamfetamiini kuuluu fenetyyliamiiniperheeseen, aineet, jotka voivat olla stimulaattoreita tai entsinogeeneja. Crystal Meth on keskushermostoa stimuloiva aine, joka aiheuttaa kohonnutta verenpainetta ja takykardiaa sek\u00e4 lis\u00e4\u00e4 luottamusta, sosiaalisuutta ja energiaa. Metamfetamiinilla on satunnaista terapeuttista k\u00e4ytt\u00f6\u00e4 narkolepsian ja tarkkaavaisuush\u00e4iri\u00f6n (ADHD) hoidossa.<\/p>\n<p>Tunnetaan my\u00f6s nimell\u00e4 metamfetamiini, liitu, j\u00e4\u00e4 ja kristalli, monien muiden termien ohella se on valkoisen muodon. , hajuton, karvasmakuinen kiteinen jauhe, joka liukenee helposti veteen tai alkoholiin. kehitettiin 1900-luvun alussa alkuper\u00e4isest\u00e4 kemikaalistaan, amfetamiinista, ja sit\u00e4 k\u00e4ytettiin alun perin nen\u00e4n tukkoisuutta lievitt\u00e4viss\u00e4 l\u00e4\u00e4kkeiss\u00e4 ja keuhkoputken inhalaattoreissa.<\/p>\n<p>T\u00e4m\u00e4 suhteellisen yleinen huume on pysynyt suosittu huumek\u00e4ytt\u00e4jien keskuudessa, koska se toimii nopeasti ja tuottaa voimakas euforinen tunne. Koska se valmistetaan helposti kotilaboratorioissa, tuotetta on jatkuvasti ja helposti saatavilla riippuvuudesta k\u00e4rsiville.<\/p>\n<p>Amfetamiinin tapaan kristallimetamiini lis\u00e4\u00e4 aktiivisuutta ja puheliasuutta, v\u00e4hent\u00e4\u00e4 ruokahalua ja ihastuttavaa hyvinvointia tai euforiaa. Kristallimetalli eroaa kuitenkin amfetamiinista siin\u00e4, ett\u00e4 vertailukelpoisilla annoksilla aivoihin p\u00e4\u00e4see paljon enemm\u00e4n ainetta, mik\u00e4 tekee siit\u00e4 tehokkaamman piristeen. Sill\u00e4 on my\u00f6s pitk\u00e4aikaisempia ja vakavampia vaikutuksia keskushermostoon. N\u00e4m\u00e4 ominaisuudet tekev\u00e4t siit\u00e4 l\u00e4\u00e4kkeen, jolla on huomattava potentiaali laajalle levinneelle v\u00e4\u00e4rink\u00e4yt\u00f6lle.<\/p>\n<p>Crystal Meth voidaan polttaa, nuuskia, niell\u00e4 tai pist\u00e4\u00e4. Sit\u00e4 k\u00e4ytet\u00e4\u00e4n usein juhlissa, koska se lis\u00e4\u00e4 hereill\u00e4oloa ja antaa sinun pysy\u00e4 vire\u00e4n\u00e4 normaalia pidemp\u00e4\u00e4n.<\/p>\n<p>Ihmisten voimakas kiire, jonka ihmiset saavat metamaattisen aineen k\u00e4yt\u00f6st\u00e4, saa monet j\u00e4\u00e4m\u00e4\u00e4n koukkuun alusta alkaen. Kun sit\u00e4 k\u00e4ytet\u00e4\u00e4n, dopamiini-niminen kemikaali t\u00e4ytt\u00e4\u00e4 aivojen osat, jotka s\u00e4\u00e4telev\u00e4t nautinnon tunteita. K\u00e4ytt\u00e4j\u00e4t ovat my\u00f6s itsevarmoja ja energisi\u00e4.<\/p>\n<p>Voit tilata Crystal Meth -tuotteen verkosta <a href=\"https:\/\/gooddealersmeds.com\/fi\/products\/\">myym\u00e4l\u00e4st\u00e4mme<\/a> ja toimitus on turvallinen. Euroopassa.<\/p>\n","protected":false},"excerpt":{"rendered":"<p>Paras lasitilausliike. Voit ostaa <strong>kristallimetallia<\/strong> verkosta nyt ja toimittaa sen sinulle seuraavana p\u00e4iv\u00e4n\u00e4. Uusin tai uusin kidemetamfetamiinin muoto on l\u00e4hes 100-prosenttisesti puhdas. Se on hajuton ja voidaan polttaa lasiputkissa.<\/p>\n<p>Toimitamme eritt\u00e4in puhtaita tuotteita eritt\u00e4in hyv\u00e4ll\u00e4 ja huomaamattomalla toimitusj\u00e4rjestelm\u00e4ll\u00e4. 12 vuoden kokemus tutkimuskemikaalien toimittamisesta; Keskitymme turvallisuuteen.<\/p>\n<p>Olemme luotettavia, nopea toimitus ja korkealaatuisia tuotteita vain edulliseen hintaan.<\/p>\n","protected":false},"featured_media":1626,"comment_status":"open","ping_status":"closed","template":"","meta":{"inline_featured_image":false},"product_brand":[],"product_cat":[343],"product_tag":[166,172,183,184,182,174,170,181,173,171,169,165,164,167,107,177,168,179,176,178,175,180,108],"class_list":{"0":"post-1615","1":"product","2":"type-product","3":"status-publish","4":"has-post-thumbnail","6":"product_cat-muut","7":"product_tag-buy-meth-crystal","8":"product_tag-buy-research-chemicals-online-buy-crystal-meth","9":"product_tag-crystal","10":"product_tag-jauhe","11":"product_tag-metamfetamiini","12":"product_tag-metamfetamiini-myynniss-verkossa","13":"product_tag-myytvn-oleva-metamfetamiini","14":"product_tag-meth","15":"product_tag-mist-ostaa-kristalli-meth","16":"product_tag-mist-ostaa-metamfetamiini","17":"product_tag-order-methamphetamine-online","18":"product_tag-osta-met-kristalli-verkosta","19":"product_tag-osta-met-kristalli-metamfetamiini-verkosta-halpaa","20":"product_tag-osta-met-kristalli-metamfetamiini-verkosta","21":"product_tag-ostaa","22":"product_tag-osta-kristalli-metamfetamiini","23":"product_tag-ostaa-metamfetamiinia","24":"product_tag-purchase","25":"product_tag-tilaa-crystal-meth-verkosta","26":"product_tag-tilaus-kristalli-metamfetamiini","27":"product_tag-tilaus-met","28":"product_tag-turvallinen","29":"product_tag-verkossa","30":"pa_grams-1-kg-1000-g","31":"pa_grams-100-g","32":"pa_grams-20-g","33":"pa_grams-200-g","34":"pa_grams-250-g","35":"pa_grams-35-g","36":"pa_grams-50-g","37":"pa_grams-500-g","39":"first","40":"instock","41":"featured","42":"shipping-taxable","43":"purchasable","44":"product-type-variable","45":"has-default-attributes"},"yoast_head":"<!-- This site is optimized with the Yoast SEO Premium plugin v20.6 (Yoast SEO v27.4) - https:\/\/yoast.com\/product\/yoast-seo-premium-wordpress\/ -->\n<title>Osta Crystal Meth verkosta (metamfetamiini) | Hyvien j\u00e4lleenmyyjien l\u00e4\u00e4kkeet<\/title>\n<meta name=\"description\" content=\"Osta Crystal Meth -metamfetamiini verkossa Good Dealers Medsilt\u00e4. Toimitamme turvallisen toimituksen Yhdysvaltoihin, Kanadaan ja muualle maailmaan.\" \/>\n<meta name=\"robots\" content=\"index, follow, max-snippet:-1, max-image-preview:large, max-video-preview:-1\" \/>\n<link rel=\"canonical\" href=\"https:\/\/gooddealersmeds.com\/fi\/product\/osta-kristalli-met-metamfetamiini-verkosta\/\" \/>\n<meta property=\"og:locale\" content=\"en_US\" \/>\n<meta property=\"og:type\" content=\"article\" \/>\n<meta property=\"og:title\" content=\"Osta Crystal Meth (metamfetamiini) verkosta\" \/>\n<meta property=\"og:description\" content=\"Osta Crystal Meth -metamfetamiini verkossa Good Dealers Medsilt\u00e4. Toimitamme turvallisen toimituksen Yhdysvaltoihin, Kanadaan ja muualle maailmaan.\" \/>\n<meta property=\"og:url\" content=\"https:\/\/gooddealersmeds.com\/fi\/product\/osta-kristalli-met-metamfetamiini-verkosta\/\" \/>\n<meta property=\"og:site_name\" content=\"Good Dealers Meds\" \/>\n<meta property=\"article:modified_time\" content=\"2022-10-03T18:15:04+00:00\" \/>\n<meta property=\"og:image\" content=\"https:\/\/gooddealersmeds.com\/fi\/wp-content\/uploads\/sites\/6\/2022\/03\/Buy-Crystal-Meth-Online.jpg\" \/>\n\t<meta property=\"og:image:width\" content=\"600\" \/>\n\t<meta property=\"og:image:height\" content=\"600\" \/>\n\t<meta property=\"og:image:type\" content=\"image\/jpeg\" \/>\n<meta name=\"twitter:card\" content=\"summary_large_image\" \/>\n<meta name=\"twitter:label1\" content=\"Est. reading time\" \/>\n\t<meta name=\"twitter:data1\" content=\"2 minutes\" \/>\n<script type=\"application\/ld+json\" class=\"yoast-schema-graph\">{\"@context\":\"https:\\\/\\\/schema.org\",\"@graph\":[{\"@type\":\"WebPage\",\"@id\":\"https:\\\/\\\/gooddealersmeds.com\\\/fi\\\/product\\\/osta-kristalli-met-metamfetamiini-verkosta\\\/\",\"url\":\"https:\\\/\\\/gooddealersmeds.com\\\/fi\\\/product\\\/osta-kristalli-met-metamfetamiini-verkosta\\\/\",\"name\":\"Osta Crystal Meth verkosta (metamfetamiini) | Hyvien j\u00e4lleenmyyjien l\u00e4\u00e4kkeet\",\"isPartOf\":{\"@id\":\"https:\\\/\\\/gooddealersmeds.com\\\/fi\\\/#website\"},\"primaryImageOfPage\":{\"@id\":\"https:\\\/\\\/gooddealersmeds.com\\\/fi\\\/product\\\/osta-kristalli-met-metamfetamiini-verkosta\\\/#primaryimage\"},\"image\":{\"@id\":\"https:\\\/\\\/gooddealersmeds.com\\\/fi\\\/product\\\/osta-kristalli-met-metamfetamiini-verkosta\\\/#primaryimage\"},\"thumbnailUrl\":\"https:\\\/\\\/gooddealersmeds.com\\\/fi\\\/wp-content\\\/uploads\\\/sites\\\/6\\\/2022\\\/03\\\/Buy-Crystal-Meth-Online.jpg\",\"datePublished\":\"2022-03-19T00:11:34+00:00\",\"dateModified\":\"2022-10-03T18:15:04+00:00\",\"description\":\"Osta Crystal Meth -metamfetamiini verkossa Good Dealers Medsilt\u00e4. Toimitamme turvallisen toimituksen Yhdysvaltoihin, Kanadaan ja muualle maailmaan.\",\"breadcrumb\":{\"@id\":\"https:\\\/\\\/gooddealersmeds.com\\\/fi\\\/product\\\/osta-kristalli-met-metamfetamiini-verkosta\\\/#breadcrumb\"},\"inLanguage\":\"en-US\",\"potentialAction\":[{\"@type\":\"ReadAction\",\"target\":[\"https:\\\/\\\/gooddealersmeds.com\\\/fi\\\/product\\\/osta-kristalli-met-metamfetamiini-verkosta\\\/\"]}]},{\"@type\":\"ImageObject\",\"inLanguage\":\"en-US\",\"@id\":\"https:\\\/\\\/gooddealersmeds.com\\\/fi\\\/product\\\/osta-kristalli-met-metamfetamiini-verkosta\\\/#primaryimage\",\"url\":\"https:\\\/\\\/gooddealersmeds.com\\\/fi\\\/wp-content\\\/uploads\\\/sites\\\/6\\\/2022\\\/03\\\/Buy-Crystal-Meth-Online.jpg\",\"contentUrl\":\"https:\\\/\\\/gooddealersmeds.com\\\/fi\\\/wp-content\\\/uploads\\\/sites\\\/6\\\/2022\\\/03\\\/Buy-Crystal-Meth-Online.jpg\",\"width\":600,\"height\":600,\"caption\":\"Buy Crystal Meth Online\"},{\"@type\":\"BreadcrumbList\",\"@id\":\"https:\\\/\\\/gooddealersmeds.com\\\/fi\\\/product\\\/osta-kristalli-met-metamfetamiini-verkosta\\\/#breadcrumb\",\"itemListElement\":[{\"@type\":\"ListItem\",\"position\":1,\"name\":\"Home\",\"item\":\"https:\\\/\\\/gooddealersmeds.com\\\/fi\\\/\"},{\"@type\":\"ListItem\",\"position\":2,\"name\":\"Tuotteet\",\"item\":\"https:\\\/\\\/gooddealersmeds.com\\\/fi\\\/tuotteet\\\/\"},{\"@type\":\"ListItem\",\"position\":3,\"name\":\"Osta Crystal Meth (metamfetamiini) verkosta\"}]},{\"@type\":\"WebSite\",\"@id\":\"https:\\\/\\\/gooddealersmeds.com\\\/fi\\\/#website\",\"url\":\"https:\\\/\\\/gooddealersmeds.com\\\/fi\\\/\",\"name\":\"Good Dealers Meds\",\"description\":\"All our best\",\"publisher\":{\"@id\":\"https:\\\/\\\/gooddealersmeds.com\\\/fi\\\/#organization\"},\"potentialAction\":[{\"@type\":\"SearchAction\",\"target\":{\"@type\":\"EntryPoint\",\"urlTemplate\":\"https:\\\/\\\/gooddealersmeds.com\\\/fi\\\/?s={search_term_string}\"},\"query-input\":{\"@type\":\"PropertyValueSpecification\",\"valueRequired\":true,\"valueName\":\"search_term_string\"}}],\"inLanguage\":\"en-US\"},{\"@type\":\"Organization\",\"@id\":\"https:\\\/\\\/gooddealersmeds.com\\\/fi\\\/#organization\",\"name\":\"Good Dealers Meds\",\"url\":\"https:\\\/\\\/gooddealersmeds.com\\\/fi\\\/\",\"logo\":{\"@type\":\"ImageObject\",\"inLanguage\":\"en-US\",\"@id\":\"https:\\\/\\\/gooddealersmeds.com\\\/fi\\\/#\\\/schema\\\/logo\\\/image\\\/\",\"url\":\"https:\\\/\\\/gooddealersmeds.com\\\/fi\\\/wp-content\\\/uploads\\\/sites\\\/6\\\/2022\\\/03\\\/gooddealersmeds__logo__20220317T222800Z.00.png\",\"contentUrl\":\"https:\\\/\\\/gooddealersmeds.com\\\/fi\\\/wp-content\\\/uploads\\\/sites\\\/6\\\/2022\\\/03\\\/gooddealersmeds__logo__20220317T222800Z.00.png\",\"width\":500,\"height\":325,\"caption\":\"Good Dealers Meds\"},\"image\":{\"@id\":\"https:\\\/\\\/gooddealersmeds.com\\\/fi\\\/#\\\/schema\\\/logo\\\/image\\\/\"}}]}<\/script>\n<!-- \/ Yoast SEO Premium plugin. -->","yoast_head_json":{"title":"Osta Crystal Meth verkosta (metamfetamiini) | Hyvien j\u00e4lleenmyyjien l\u00e4\u00e4kkeet","description":"Osta Crystal Meth -metamfetamiini verkossa Good Dealers Medsilt\u00e4. Toimitamme turvallisen toimituksen Yhdysvaltoihin, Kanadaan ja muualle maailmaan.","robots":{"index":"index","follow":"follow","max-snippet":"max-snippet:-1","max-image-preview":"max-image-preview:large","max-video-preview":"max-video-preview:-1"},"canonical":"https:\/\/gooddealersmeds.com\/fi\/product\/osta-kristalli-met-metamfetamiini-verkosta\/","og_locale":"en_US","og_type":"article","og_title":"Osta Crystal Meth (metamfetamiini) verkosta","og_description":"Osta Crystal Meth -metamfetamiini verkossa Good Dealers Medsilt\u00e4. Toimitamme turvallisen toimituksen Yhdysvaltoihin, Kanadaan ja muualle maailmaan.","og_url":"https:\/\/gooddealersmeds.com\/fi\/product\/osta-kristalli-met-metamfetamiini-verkosta\/","og_site_name":"Good Dealers Meds","article_modified_time":"2022-10-03T18:15:04+00:00","og_image":[{"width":600,"height":600,"url":"https:\/\/gooddealersmeds.com\/fi\/wp-content\/uploads\/sites\/6\/2022\/03\/Buy-Crystal-Meth-Online.jpg","type":"image\/jpeg"}],"twitter_card":"summary_large_image","twitter_misc":{"Est. reading time":"2 minutes"},"schema":{"@context":"https:\/\/schema.org","@graph":[{"@type":"WebPage","@id":"https:\/\/gooddealersmeds.com\/fi\/product\/osta-kristalli-met-metamfetamiini-verkosta\/","url":"https:\/\/gooddealersmeds.com\/fi\/product\/osta-kristalli-met-metamfetamiini-verkosta\/","name":"Osta Crystal Meth verkosta (metamfetamiini) | Hyvien j\u00e4lleenmyyjien l\u00e4\u00e4kkeet","isPartOf":{"@id":"https:\/\/gooddealersmeds.com\/fi\/#website"},"primaryImageOfPage":{"@id":"https:\/\/gooddealersmeds.com\/fi\/product\/osta-kristalli-met-metamfetamiini-verkosta\/#primaryimage"},"image":{"@id":"https:\/\/gooddealersmeds.com\/fi\/product\/osta-kristalli-met-metamfetamiini-verkosta\/#primaryimage"},"thumbnailUrl":"https:\/\/gooddealersmeds.com\/fi\/wp-content\/uploads\/sites\/6\/2022\/03\/Buy-Crystal-Meth-Online.jpg","datePublished":"2022-03-19T00:11:34+00:00","dateModified":"2022-10-03T18:15:04+00:00","description":"Osta Crystal Meth -metamfetamiini verkossa Good Dealers Medsilt\u00e4. Toimitamme turvallisen toimituksen Yhdysvaltoihin, Kanadaan ja muualle maailmaan.","breadcrumb":{"@id":"https:\/\/gooddealersmeds.com\/fi\/product\/osta-kristalli-met-metamfetamiini-verkosta\/#breadcrumb"},"inLanguage":"en-US","potentialAction":[{"@type":"ReadAction","target":["https:\/\/gooddealersmeds.com\/fi\/product\/osta-kristalli-met-metamfetamiini-verkosta\/"]}]},{"@type":"ImageObject","inLanguage":"en-US","@id":"https:\/\/gooddealersmeds.com\/fi\/product\/osta-kristalli-met-metamfetamiini-verkosta\/#primaryimage","url":"https:\/\/gooddealersmeds.com\/fi\/wp-content\/uploads\/sites\/6\/2022\/03\/Buy-Crystal-Meth-Online.jpg","contentUrl":"https:\/\/gooddealersmeds.com\/fi\/wp-content\/uploads\/sites\/6\/2022\/03\/Buy-Crystal-Meth-Online.jpg","width":600,"height":600,"caption":"Buy Crystal Meth Online"},{"@type":"BreadcrumbList","@id":"https:\/\/gooddealersmeds.com\/fi\/product\/osta-kristalli-met-metamfetamiini-verkosta\/#breadcrumb","itemListElement":[{"@type":"ListItem","position":1,"name":"Home","item":"https:\/\/gooddealersmeds.com\/fi\/"},{"@type":"ListItem","position":2,"name":"Tuotteet","item":"https:\/\/gooddealersmeds.com\/fi\/tuotteet\/"},{"@type":"ListItem","position":3,"name":"Osta Crystal Meth (metamfetamiini) verkosta"}]},{"@type":"WebSite","@id":"https:\/\/gooddealersmeds.com\/fi\/#website","url":"https:\/\/gooddealersmeds.com\/fi\/","name":"Good Dealers Meds","description":"All our best","publisher":{"@id":"https:\/\/gooddealersmeds.com\/fi\/#organization"},"potentialAction":[{"@type":"SearchAction","target":{"@type":"EntryPoint","urlTemplate":"https:\/\/gooddealersmeds.com\/fi\/?s={search_term_string}"},"query-input":{"@type":"PropertyValueSpecification","valueRequired":true,"valueName":"search_term_string"}}],"inLanguage":"en-US"},{"@type":"Organization","@id":"https:\/\/gooddealersmeds.com\/fi\/#organization","name":"Good Dealers Meds","url":"https:\/\/gooddealersmeds.com\/fi\/","logo":{"@type":"ImageObject","inLanguage":"en-US","@id":"https:\/\/gooddealersmeds.com\/fi\/#\/schema\/logo\/image\/","url":"https:\/\/gooddealersmeds.com\/fi\/wp-content\/uploads\/sites\/6\/2022\/03\/gooddealersmeds__logo__20220317T222800Z.00.png","contentUrl":"https:\/\/gooddealersmeds.com\/fi\/wp-content\/uploads\/sites\/6\/2022\/03\/gooddealersmeds__logo__20220317T222800Z.00.png","width":500,"height":325,"caption":"Good Dealers Meds"},"image":{"@id":"https:\/\/gooddealersmeds.com\/fi\/#\/schema\/logo\/image\/"}}]}},"_links":{"self":[{"href":"https:\/\/gooddealersmeds.com\/fi\/wp-json\/wp\/v2\/product\/1615","targetHints":{"allow":["GET"]}}],"collection":[{"href":"https:\/\/gooddealersmeds.com\/fi\/wp-json\/wp\/v2\/product"}],"about":[{"href":"https:\/\/gooddealersmeds.com\/fi\/wp-json\/wp\/v2\/types\/product"}],"replies":[{"embeddable":true,"href":"https:\/\/gooddealersmeds.com\/fi\/wp-json\/wp\/v2\/comments?post=1615"}],"wp:featuredmedia":[{"embeddable":true,"href":"https:\/\/gooddealersmeds.com\/fi\/wp-json\/wp\/v2\/media\/1626"}],"wp:attachment":[{"href":"https:\/\/gooddealersmeds.com\/fi\/wp-json\/wp\/v2\/media?parent=1615"}],"wp:term":[{"taxonomy":"product_brand","embeddable":true,"href":"https:\/\/gooddealersmeds.com\/fi\/wp-json\/wp\/v2\/product_brand?post=1615"},{"taxonomy":"product_cat","embeddable":true,"href":"https:\/\/gooddealersmeds.com\/fi\/wp-json\/wp\/v2\/product_cat?post=1615"},{"taxonomy":"product_tag","embeddable":true,"href":"https:\/\/gooddealersmeds.com\/fi\/wp-json\/wp\/v2\/product_tag?post=1615"}],"curies":[{"name":"wp","href":"https:\/\/api.w.org\/{rel}","templated":true}]}}